{"id":568,"date":"2024-04-21T13:16:11","date_gmt":"2024-04-21T11:16:11","guid":{"rendered":"https:\/\/www.artisanlocal.ch\/c\/vous-avez-besoin-dun-specialiste-pour-linstallation-de-votre-carrelage-a-lausanne\/"},"modified":"2025-08-26T19:29:24","modified_gmt":"2025-08-26T17:29:24","slug":"vous-avez-besoin-dun-specialiste-pour-linstallation-de-votre-carrelage-a-lausanne","status":"publish","type":"page","link":"https:\/\/www.artisanlocal.ch\/c\/vous-avez-besoin-dun-specialiste-pour-linstallation-de-votre-carrelage-a-lausanne\/","title":{"rendered":"Entreprise de carrelage \u00e0 Lausanne"},"content":{"rendered":"<p>Pour recevoir des devis sur la pose de carreaux, contactez-nous. Artisanlocal offre des prestations d&rsquo;installation de carreaux dans le but de r\u00e9pondre \u00e0 toutes vos demandes d&rsquo;installation de carreaux classiques, de carrelage de dosseret pour cuisine, de carreaux dans votre salle de bain ou sur votre plancher ! Nous nous d\u00e9pla\u00e7ons aussi dans les localit\u00e9s proches de Lausanne.<\/p>\n\r\n<div class=\"company-partners\">\r\n    <h3>Nos soci\u00e9t\u00e9s<\/h3>\r\n    <ul>\r\n                    <li>\r\n                <p class=\"company-partners__name\">\r\n                    <a href=\"https:\/\/www.artisanlocal.ch\/c\/vous-avez-besoin-dun-specialiste-pour-linstallation-de-votre-carrelage-a-lausanne\/?geo=Est\" target=\"_blank\" class=\"has-accent-color\" title=\"Voir les coordonn\u00e9es de notre partenaire\">Carrelage-Challenge S\u00e0rl<\/a>\r\n                <\/p>\r\n                <p class=\"company-partners__address\">1007 Lausanne<\/p>\r\n            <\/li>\r\n                    <li>\r\n                <p class=\"company-partners__name\">\r\n                    <a href=\"https:\/\/www.artisanlocal.ch\/c\/vous-avez-besoin-dun-specialiste-pour-linstallation-de-votre-carrelage-a-lausanne\/?geo=Sud\" target=\"_blank\" class=\"has-accent-color\" title=\"Voir les coordonn\u00e9es de notre partenaire\">Cornaton Carrelage Sarl<\/a>\r\n                <\/p>\r\n                <p class=\"company-partners__address\">1026 Denges<\/p>\r\n            <\/li>\r\n                    <li>\r\n                <p class=\"company-partners__name\">\r\n                    <a href=\"https:\/\/www.artisanlocal.ch\/c\/vous-avez-besoin-dun-specialiste-pour-linstallation-de-votre-carrelage-a-lausanne\/?geo=Nord\" target=\"_blank\" class=\"has-accent-color\" title=\"Voir les coordonn\u00e9es de notre partenaire\">DAENZER CARRELAGES<\/a>\r\n                <\/p>\r\n                <p class=\"company-partners__address\">1023 Crissier<\/p>\r\n            <\/li>\r\n            <\/ul>\r\n<\/div>\n<h2>Pourquoi choisir notre soci\u00e9t\u00e9 ?<\/h2>\n<p>Pour tout projet d&rsquo;installation de carreaux \u00e0 Lausanne, faites confiance \u00e0 Artisanlocal, choisissez-nous parce que :<\/p>\n<ul>\n<li>nous offrons des tarifs attractifs,<\/li>\n<li>nos carrelages sont de qualit\u00e9s,<\/li>\n<li>notre soci\u00e9t\u00e9 est localis\u00e9e \u00e0 Lausanne, et intervient en urgence \u00e0 votre domicile,<\/li>\n<li>nos recommandations sont personnalis\u00e9es \u00e0 votre projet, par exemple : pour choisir votre carrelage,<\/li>\n<li>nous offrons des estimations gratuites,<\/li>\n<li>nous avons une \u00e9quipe exp\u00e9riment\u00e9e,<\/li>\n<li>une soci\u00e9t\u00e9 de confiance : nous intervenons dans des grandes entreprises et des cabinets d&rsquo;architectes pour poser du parquet, de la fa\u00efence, du carrelage ou des autres rev\u00eatements pour les sols.<\/li>\n<\/ul>\n<h2>Prenez contact avec nous d\u00e8s maintenant pour obtenir votre devis <\/h2>\n<p>N&rsquo;h\u00e9sitez pas \u00e0 nous contacter si vous d\u00e9sirez obtenir une estimation gratuite, nous vous r\u00e9pondrons rapidement pour estimer le prix de l&rsquo;installation de vos carreaux.<\/p>\n<h2>Nos prestations<\/h2>\n<p>Nos techniciens qui op\u00e8rent \u00e0 Lausanne fournissent aux Lausannois et aux entreprises locales, les services suivants :<\/p>\n<ul>\n<li>Les poses de carrelage, fa\u00efence, parquet, et autres mod\u00e8les de carrelages,<\/li>\n<li>une aide pour bien choisir votre carrelage,<\/li>\n<li>l\u2019installation du carrelage,<\/li>\n<li>la pose de joint pour vos carreaux,<\/li>\n<li>la pose de carrelage sur les murs et les sols,<\/li>\n<li>la pose de carrelage ext\u00e9rieur et int\u00e9rieur,<\/li>\n<li>l\u2019enl\u00e8vement du carrelage actuel,<\/li>\n<li>l&rsquo;enl\u00e8vement du plancher flottant,<\/li>\n<li>l&rsquo;installation de carrelage pour votre terrasse.<\/li>\n<\/ul>\n<h2>Comment choisir le carrelage id\u00e9al ?<\/h2>\n<h3>Songer \u00e0 l&#8217;emplacement o\u00f9 le carrelage sera install\u00e9<\/h3>\n<p>\u00c9tudiez bien le lieu et le rythme pendant laquelle le carrelage sera soumis \u00e0 l&rsquo;usure, sera-t-il dans un endroit avec un fort passage ? D&rsquo;ailleurs, marchera-t-on sur le carrelage en chaussures ou en chaussettes? Est-il pr\u00e9vu qu&rsquo;il soit confront\u00e9 \u00e0 des environnements humides? Prenez aussi compte des diff\u00e9rentes surfaces qu&rsquo;il va recouvrir, comme : les murs, les sols, les plans de travail, etc.<\/p>\n<h3>Estimez le volume de carrelage requis<\/h3>\n<p>Afin de d\u00e9finir la quantit\u00e9 de carreaux pour votre espace, multipliez sa longueur par sa largeur et ajoutez \u00e0 peu pr\u00e8s 5 % pour disposer d&rsquo;une marge de s\u00e9curit\u00e9. Nous vous recommandons de conserver en stock des carreaux afin de r\u00e9parer d&rsquo;\u00e9ventuels dommages.<\/p>\n<h3>Choisissez le mat\u00e9riau<\/h3>\n<p>Les carreaux sont cr\u00e9\u00e9s avec diff\u00e9rentes sortes de mat\u00e9riaux qui impact : le montant de l&rsquo;entretien, l&rsquo;apparence et la long\u00e9vit\u00e9. D&rsquo;autre part, la texture et les finitions devraient par ailleurs \u00eatre prises en consid\u00e9ration afin de trouver le meilleur carrelage pour votre habitation.<\/p>\n<h3>Maintenance<\/h3>\n<p>Il faut prendre en compte le niveau d&rsquo;entretien lors du choix de votre carrelage, par exemple : le scellement du carrelage avec un joint clair occasionne un nettoyage qui prend plus de temps, en effet, il accumule vite la salet\u00e9, le rendent plus complexe \u00e0 laver que d&rsquo;autres coloris.<\/p>\n<h2>Contacter notre entreprise Artisanlocal pour obtenir un rendez-vous<\/h2>\n<p>Nos sp\u00e9cialistes de l&rsquo;installation de carrelage \u00e0 Lausanne comprennent que la s\u00e9lection des carreaux peut-\u00eatre complexe, c&rsquo;est la raison pour laquelle notre \u00e9quipe est disponible du lundi au samedi pour vous fournir des conseils.<\/p>\n<h2>FAQ<\/h2>\n<h3>Quel est le fonctionnement de votre soci\u00e9t\u00e9 ?<\/h3>\n<ol>\n<li>Prise de rendez-vous par t\u00e9l\u00e9phone ou par email.<\/li>\n<li>Par la suite, nous planifions un rendez-vous avec vous.<\/li>\n<li>Nous nous d\u00e9pla\u00e7ons \u00e0 votre foyer pour calculer le total de carreaux \u00e0 installer.<\/li>\n<li>Commencement de votre projet.<\/li>\n<\/ol>\n<h3>Op\u00e9rez-vous dans les localit\u00e9s \u00e0 proximit\u00e9 de Lausanne ?<\/h3>\n<p>Oui, nous nous d\u00e9pla\u00e7ons \u00e0 Lausanne, cependant, notre \u00e9quipe op\u00e8re dans les localit\u00e9s aux environs, comme:<\/p>\nPully, Les Monts-de-Pully, La Croix (Lutry), Belmont-sur-Lausanne, La Conversion, Paudex, Lutry, Jouxtens-M\u00e9zery, Prilly, Renens VD, Crissier, Romanel-sur-Lausanne, Cheseaux-sur-Lausanne, Le Mont-sur-Lausanne, Bretigny-sur-Morrens, Cugy VD, Morrens VD, Froideville, Epalinges.\n<\/p>\n<h3>Quels sont les types de carrelages les plus populaires que vous posez\u202f?<\/h3>\n<p>Voici les carrelages les plus appr\u00e9ci\u00e9s que nous installons:<\/p>\n<ul>\n<li>Les carreaux mosa\u00efques : classique, les carreaux mosa\u00efques apportent une allure unique \u00e0 votre int\u00e9rieur.<\/li>\n<li>Les carreaux int\u00e9rieur blancs de m\u00e9tro : retro, nous les recommandons pour votre r\u00e9novation de salle de bain ou de votre cuisine.<\/li>\n<li>Les carrelages de marbre : ils ajoutent un style pr\u00e9cieux \u00e0 n&rsquo;importe quelle partie de votre maison.<\/li>\n<li>Les carrelages de c\u00e9ramique : ils sont \u00e9conomiques, simples \u00e0 entretenir et ils trouvables dans de nombreux variantes.<\/li>\n<li>Les carrelages ciments : traditionnel, il permet d&rsquo;all\u00e9ger la d\u00e9co de votre int\u00e9rieur.<\/li>\n<li>Les carrelages en porcelaine : comparable aux surfaces naturelles, il est r\u00e9sistant aux chocs, changement de climat.<\/li>\n<\/ul>\n","protected":false},"excerpt":{"rendered":"<p>Pour recevoir des devis sur la pose de carreaux, contactez-nous. Artisanlocal offre des prestations d&rsquo;installation de carreaux dans le but de r\u00e9pondre \u00e0 toutes vos demandes d&rsquo;installation de carreaux classiques, de carrelage de dosseret pour cuisine, de carreaux dans votre salle de bain ou sur votre plancher ! Nous nous d\u00e9pla\u00e7ons aussi dans les localit\u00e9s [&hellip;]<\/p>\n","protected":false},"author":4,"featured_media":2804,"parent":0,"menu_order":0,"comment_status":"closed","ping_status":"closed","template":"","meta":{"footnotes":""},"profession":[119],"location":[31],"canton":[113],"class_list":["post-568","page","type-page","status-publish","has-post-thumbnail","hentry","profession-carreleur","location-lausanne","canton-vd"],"yoast_head":"<!-- This site is optimized with the Yoast SEO Premium plugin v25.7.1 (Yoast SEO v27.4) - https:\/\/yoast.com\/product\/yoast-seo-premium-wordpress\/ -->\n<title>Entreprise de carrelage \u00e0 Lausanne - Artisanlocal<\/title>\n<meta name=\"robots\" content=\"index, follow, max-snippet:-1, max-image-preview:large, max-video-preview:-1\" \/>\n<link rel=\"canonical\" href=\"https:\/\/www.artisanlocal.ch\/c\/vous-avez-besoin-dun-specialiste-pour-linstallation-de-votre-carrelage-a-lausanne\/\" \/>\n<meta property=\"og:locale\" content=\"fr_FR\" \/>\n<meta property=\"og:type\" content=\"article\" \/>\n<meta property=\"og:title\" content=\"Entreprise de carrelage \u00e0 Lausanne\" \/>\n<meta property=\"og:description\" content=\"Pour recevoir des devis sur la pose de carreaux, contactez-nous. Artisanlocal offre des prestations d&rsquo;installation de carreaux dans le but de r\u00e9pondre \u00e0 toutes vos demandes d&rsquo;installation de carreaux classiques, de carrelage de dosseret pour cuisine, de carreaux dans votre salle de bain ou sur votre plancher ! Nous nous d\u00e9pla\u00e7ons aussi dans les localit\u00e9s [&hellip;]\" \/>\n<meta property=\"og:url\" content=\"https:\/\/www.artisanlocal.ch\/c\/vous-avez-besoin-dun-specialiste-pour-linstallation-de-votre-carrelage-a-lausanne\/\" \/>\n<meta property=\"og:site_name\" content=\"Artisanlocal\" \/>\n<meta property=\"article:modified_time\" content=\"2025-08-26T17:29:24+00:00\" \/>\n<meta property=\"og:image\" content=\"https:\/\/www.artisanlocal.ch\/c\/wp-content\/uploads\/2024\/11\/carreleur.jpg\" \/>\n\t<meta property=\"og:image:width\" content=\"1920\" \/>\n\t<meta property=\"og:image:height\" content=\"300\" \/>\n\t<meta property=\"og:image:type\" content=\"image\/jpeg\" \/>\n<meta name=\"twitter:card\" content=\"summary_large_image\" \/>\n<meta name=\"twitter:label1\" content=\"Dur\u00e9e de lecture estim\u00e9e\" \/>\n\t<meta name=\"twitter:data1\" content=\"4 minutes\" \/>\n<script type=\"application\/ld+json\" class=\"yoast-schema-graph\">{\"@context\":\"https:\\\/\\\/schema.org\",\"@graph\":[{\"@type\":\"WebPage\",\"@id\":\"https:\\\/\\\/www.artisanlocal.ch\\\/c\\\/vous-avez-besoin-dun-specialiste-pour-linstallation-de-votre-carrelage-a-lausanne\\\/\",\"url\":\"https:\\\/\\\/www.artisanlocal.ch\\\/c\\\/vous-avez-besoin-dun-specialiste-pour-linstallation-de-votre-carrelage-a-lausanne\\\/\",\"name\":\"Entreprise de carrelage \u00e0 Lausanne - Artisanlocal\",\"isPartOf\":{\"@id\":\"https:\\\/\\\/www.artisanlocal.ch\\\/c\\\/#website\"},\"primaryImageOfPage\":{\"@id\":\"https:\\\/\\\/www.artisanlocal.ch\\\/c\\\/vous-avez-besoin-dun-specialiste-pour-linstallation-de-votre-carrelage-a-lausanne\\\/#primaryimage\"},\"image\":{\"@id\":\"https:\\\/\\\/www.artisanlocal.ch\\\/c\\\/vous-avez-besoin-dun-specialiste-pour-linstallation-de-votre-carrelage-a-lausanne\\\/#primaryimage\"},\"thumbnailUrl\":\"https:\\\/\\\/www.artisanlocal.ch\\\/c\\\/wp-content\\\/uploads\\\/2024\\\/11\\\/carreleur.jpg\",\"datePublished\":\"2024-04-21T11:16:11+00:00\",\"dateModified\":\"2025-08-26T17:29:24+00:00\",\"breadcrumb\":{\"@id\":\"https:\\\/\\\/www.artisanlocal.ch\\\/c\\\/vous-avez-besoin-dun-specialiste-pour-linstallation-de-votre-carrelage-a-lausanne\\\/#breadcrumb\"},\"inLanguage\":\"fr-FR\",\"potentialAction\":[{\"@type\":\"ReadAction\",\"target\":[\"https:\\\/\\\/www.artisanlocal.ch\\\/c\\\/vous-avez-besoin-dun-specialiste-pour-linstallation-de-votre-carrelage-a-lausanne\\\/\"]}]},{\"@type\":\"ImageObject\",\"inLanguage\":\"fr-FR\",\"@id\":\"https:\\\/\\\/www.artisanlocal.ch\\\/c\\\/vous-avez-besoin-dun-specialiste-pour-linstallation-de-votre-carrelage-a-lausanne\\\/#primaryimage\",\"url\":\"https:\\\/\\\/www.artisanlocal.ch\\\/c\\\/wp-content\\\/uploads\\\/2024\\\/11\\\/carreleur.jpg\",\"contentUrl\":\"https:\\\/\\\/www.artisanlocal.ch\\\/c\\\/wp-content\\\/uploads\\\/2024\\\/11\\\/carreleur.jpg\",\"width\":1920,\"height\":300},{\"@type\":\"BreadcrumbList\",\"@id\":\"https:\\\/\\\/www.artisanlocal.ch\\\/c\\\/vous-avez-besoin-dun-specialiste-pour-linstallation-de-votre-carrelage-a-lausanne\\\/#breadcrumb\",\"itemListElement\":[{\"@type\":\"ListItem\",\"position\":1,\"name\":\"Accueil\",\"item\":\"https:\\\/\\\/www.artisanlocal.ch\\\/c\\\/\"},{\"@type\":\"ListItem\",\"position\":2,\"name\":\"Entreprise de carrelage \u00e0 Lausanne\"}]},{\"@type\":\"WebSite\",\"@id\":\"https:\\\/\\\/www.artisanlocal.ch\\\/c\\\/#website\",\"url\":\"https:\\\/\\\/www.artisanlocal.ch\\\/c\\\/\",\"name\":\"Artisanlocal\",\"description\":\"\",\"publisher\":{\"@id\":\"https:\\\/\\\/www.artisanlocal.ch\\\/c\\\/#organization\"},\"potentialAction\":[{\"@type\":\"SearchAction\",\"target\":{\"@type\":\"EntryPoint\",\"urlTemplate\":\"https:\\\/\\\/www.artisanlocal.ch\\\/c\\\/?s={search_term_string}\"},\"query-input\":{\"@type\":\"PropertyValueSpecification\",\"valueRequired\":true,\"valueName\":\"search_term_string\"}}],\"inLanguage\":\"fr-FR\"},{\"@type\":\"Organization\",\"@id\":\"https:\\\/\\\/www.artisanlocal.ch\\\/c\\\/#organization\",\"name\":\"Artisanlocal\",\"url\":\"https:\\\/\\\/www.artisanlocal.ch\\\/c\\\/\",\"logo\":{\"@type\":\"ImageObject\",\"inLanguage\":\"fr-FR\",\"@id\":\"https:\\\/\\\/www.artisanlocal.ch\\\/c\\\/#\\\/schema\\\/logo\\\/image\\\/\",\"url\":\"https:\\\/\\\/www.artisanlocal.ch\\\/c\\\/wp-content\\\/uploads\\\/2024\\\/02\\\/logo-artisanlocal-h.svg\",\"contentUrl\":\"https:\\\/\\\/www.artisanlocal.ch\\\/c\\\/wp-content\\\/uploads\\\/2024\\\/02\\\/logo-artisanlocal-h.svg\",\"caption\":\"Artisanlocal\"},\"image\":{\"@id\":\"https:\\\/\\\/www.artisanlocal.ch\\\/c\\\/#\\\/schema\\\/logo\\\/image\\\/\"}}]}<\/script>\n<!-- \/ Yoast SEO Premium plugin. -->","yoast_head_json":{"title":"Entreprise de carrelage \u00e0 Lausanne - Artisanlocal","robots":{"index":"index","follow":"follow","max-snippet":"max-snippet:-1","max-image-preview":"max-image-preview:large","max-video-preview":"max-video-preview:-1"},"canonical":"https:\/\/www.artisanlocal.ch\/c\/vous-avez-besoin-dun-specialiste-pour-linstallation-de-votre-carrelage-a-lausanne\/","og_locale":"fr_FR","og_type":"article","og_title":"Entreprise de carrelage \u00e0 Lausanne","og_description":"Pour recevoir des devis sur la pose de carreaux, contactez-nous. Artisanlocal offre des prestations d&rsquo;installation de carreaux dans le but de r\u00e9pondre \u00e0 toutes vos demandes d&rsquo;installation de carreaux classiques, de carrelage de dosseret pour cuisine, de carreaux dans votre salle de bain ou sur votre plancher ! Nous nous d\u00e9pla\u00e7ons aussi dans les localit\u00e9s [&hellip;]","og_url":"https:\/\/www.artisanlocal.ch\/c\/vous-avez-besoin-dun-specialiste-pour-linstallation-de-votre-carrelage-a-lausanne\/","og_site_name":"Artisanlocal","article_modified_time":"2025-08-26T17:29:24+00:00","og_image":[{"width":1920,"height":300,"url":"https:\/\/www.artisanlocal.ch\/c\/wp-content\/uploads\/2024\/11\/carreleur.jpg","type":"image\/jpeg"}],"twitter_card":"summary_large_image","twitter_misc":{"Dur\u00e9e de lecture estim\u00e9e":"4 minutes"},"schema":{"@context":"https:\/\/schema.org","@graph":[{"@type":"WebPage","@id":"https:\/\/www.artisanlocal.ch\/c\/vous-avez-besoin-dun-specialiste-pour-linstallation-de-votre-carrelage-a-lausanne\/","url":"https:\/\/www.artisanlocal.ch\/c\/vous-avez-besoin-dun-specialiste-pour-linstallation-de-votre-carrelage-a-lausanne\/","name":"Entreprise de carrelage \u00e0 Lausanne - Artisanlocal","isPartOf":{"@id":"https:\/\/www.artisanlocal.ch\/c\/#website"},"primaryImageOfPage":{"@id":"https:\/\/www.artisanlocal.ch\/c\/vous-avez-besoin-dun-specialiste-pour-linstallation-de-votre-carrelage-a-lausanne\/#primaryimage"},"image":{"@id":"https:\/\/www.artisanlocal.ch\/c\/vous-avez-besoin-dun-specialiste-pour-linstallation-de-votre-carrelage-a-lausanne\/#primaryimage"},"thumbnailUrl":"https:\/\/www.artisanlocal.ch\/c\/wp-content\/uploads\/2024\/11\/carreleur.jpg","datePublished":"2024-04-21T11:16:11+00:00","dateModified":"2025-08-26T17:29:24+00:00","breadcrumb":{"@id":"https:\/\/www.artisanlocal.ch\/c\/vous-avez-besoin-dun-specialiste-pour-linstallation-de-votre-carrelage-a-lausanne\/#breadcrumb"},"inLanguage":"fr-FR","potentialAction":[{"@type":"ReadAction","target":["https:\/\/www.artisanlocal.ch\/c\/vous-avez-besoin-dun-specialiste-pour-linstallation-de-votre-carrelage-a-lausanne\/"]}]},{"@type":"ImageObject","inLanguage":"fr-FR","@id":"https:\/\/www.artisanlocal.ch\/c\/vous-avez-besoin-dun-specialiste-pour-linstallation-de-votre-carrelage-a-lausanne\/#primaryimage","url":"https:\/\/www.artisanlocal.ch\/c\/wp-content\/uploads\/2024\/11\/carreleur.jpg","contentUrl":"https:\/\/www.artisanlocal.ch\/c\/wp-content\/uploads\/2024\/11\/carreleur.jpg","width":1920,"height":300},{"@type":"BreadcrumbList","@id":"https:\/\/www.artisanlocal.ch\/c\/vous-avez-besoin-dun-specialiste-pour-linstallation-de-votre-carrelage-a-lausanne\/#breadcrumb","itemListElement":[{"@type":"ListItem","position":1,"name":"Accueil","item":"https:\/\/www.artisanlocal.ch\/c\/"},{"@type":"ListItem","position":2,"name":"Entreprise de carrelage \u00e0 Lausanne"}]},{"@type":"WebSite","@id":"https:\/\/www.artisanlocal.ch\/c\/#website","url":"https:\/\/www.artisanlocal.ch\/c\/","name":"Artisanlocal","description":"","publisher":{"@id":"https:\/\/www.artisanlocal.ch\/c\/#organization"},"potentialAction":[{"@type":"SearchAction","target":{"@type":"EntryPoint","urlTemplate":"https:\/\/www.artisanlocal.ch\/c\/?s={search_term_string}"},"query-input":{"@type":"PropertyValueSpecification","valueRequired":true,"valueName":"search_term_string"}}],"inLanguage":"fr-FR"},{"@type":"Organization","@id":"https:\/\/www.artisanlocal.ch\/c\/#organization","name":"Artisanlocal","url":"https:\/\/www.artisanlocal.ch\/c\/","logo":{"@type":"ImageObject","inLanguage":"fr-FR","@id":"https:\/\/www.artisanlocal.ch\/c\/#\/schema\/logo\/image\/","url":"https:\/\/www.artisanlocal.ch\/c\/wp-content\/uploads\/2024\/02\/logo-artisanlocal-h.svg","contentUrl":"https:\/\/www.artisanlocal.ch\/c\/wp-content\/uploads\/2024\/02\/logo-artisanlocal-h.svg","caption":"Artisanlocal"},"image":{"@id":"https:\/\/www.artisanlocal.ch\/c\/#\/schema\/logo\/image\/"}}]}},"_links":{"self":[{"href":"https:\/\/www.artisanlocal.ch\/c\/wp-json\/wp\/v2\/pages\/568","targetHints":{"allow":["GET"]}}],"collection":[{"href":"https:\/\/www.artisanlocal.ch\/c\/wp-json\/wp\/v2\/pages"}],"about":[{"href":"https:\/\/www.artisanlocal.ch\/c\/wp-json\/wp\/v2\/types\/page"}],"author":[{"embeddable":true,"href":"https:\/\/www.artisanlocal.ch\/c\/wp-json\/wp\/v2\/users\/4"}],"replies":[{"embeddable":true,"href":"https:\/\/www.artisanlocal.ch\/c\/wp-json\/wp\/v2\/comments?post=568"}],"version-history":[{"count":0,"href":"https:\/\/www.artisanlocal.ch\/c\/wp-json\/wp\/v2\/pages\/568\/revisions"}],"wp:featuredmedia":[{"embeddable":true,"href":"https:\/\/www.artisanlocal.ch\/c\/wp-json\/wp\/v2\/media\/2804"}],"wp:attachment":[{"href":"https:\/\/www.artisanlocal.ch\/c\/wp-json\/wp\/v2\/media?parent=568"}],"wp:term":[{"taxonomy":"profession","embeddable":true,"href":"https:\/\/www.artisanlocal.ch\/c\/wp-json\/wp\/v2\/profession?post=568"},{"taxonomy":"location","embeddable":true,"href":"https:\/\/www.artisanlocal.ch\/c\/wp-json\/wp\/v2\/location?post=568"},{"taxonomy":"canton","embeddable":true,"href":"https:\/\/www.artisanlocal.ch\/c\/wp-json\/wp\/v2\/canton?post=568"}],"curies":[{"name":"wp","href":"https:\/\/api.w.org\/{rel}","templated":true}]}}