{"id":572,"date":"2024-04-22T16:21:48","date_gmt":"2024-04-22T14:21:48","guid":{"rendered":"https:\/\/www.artisanlocal.ch\/c\/societe-specialisee-dans-la-pose-de-carrelage-a-orbe\/"},"modified":"2025-08-26T19:28:32","modified_gmt":"2025-08-26T17:28:32","slug":"societe-specialisee-dans-la-pose-de-carrelage-a-orbe","status":"publish","type":"page","link":"https:\/\/www.artisanlocal.ch\/c\/societe-specialisee-dans-la-pose-de-carrelage-a-orbe\/","title":{"rendered":"Entreprise de carrelage \u00e0 Orbe"},"content":{"rendered":"<p>Besoin d&rsquo;un nouveau carrelage \u00e0 Orbe ? Artisanlocal propose des services de pose de carreaux pour r\u00e9pondre \u00e0 tous vos besoins de pose de carrelage classique, de dosseret de cuisine, de carreaux \u00e0 l&rsquo;int\u00e9rieur de votre salle d&rsquo;eau ou sur votre plancher.<br \/>\n\r\n<div class=\"box\">\r\n    <h2 class=\"text-dark\">Nous cherchons un <em class=\"text-primary\">Carreleur<\/em> dans la r\u00e9gion de <em class=\"text-primary\">Orbe<\/em>  en exclusivit\u00e9, afin de proposer vos services \u00e0 nos clients propri\u00e9taires.<\/h2>\r\n    <p>Une opportunit\u00e9 unique pour booster votre activit\u00e9 \u00e0 <strong>Orbe<\/strong> et aux alentours dans votre domaine (Carreleur).<\/p>\r\n    <p>Nous travaillons en exclusivit\u00e9 avec qu'une soci\u00e9t\u00e9 par m\u00e9tier et par r\u00e9gion. <br>Votre entreprise est pr\u00e9sente sur tous les documents immobiliers. Afin d'\u00eatre mieux vu sur le net, vous \u00eates \u00e9galement visible sur nos deux sites et sur les pages de r\u00e9f\u00e9rencement de votre r\u00e9gion.<\/p>\r\n    <a href=\"\/contact\" class=\"wp-block-button__link has-accent-background-color has-text-align-center wp-element-button\">R\u00e9server<\/a>\r\n<\/div><\/p>\n<h2>Pourquoi choisir notre soci\u00e9t\u00e9 ?<\/h2>\n<ul>\n<li>Nous proposons des services avec un bon rapport qualit\u00e9-prix,<\/li>\n<li>nous posons du carrelage haut de gamme,<\/li>\n<li>notre soci\u00e9t\u00e9 est situ\u00e9e \u00e0 Orbe, et se d\u00e9place rapidement \u00e0 votre domicile,<\/li>\n<li>nos recommandations sont individualis\u00e9es \u00e0 votre projet, par exemple : pour s\u00e9lectionner vos carreaux,<\/li>\n<li>nos devis sont gratuits,<\/li>\n<li>notre \u00e9quipe est exp\u00e9riment\u00e9e,<\/li>\n<li>un partenaire s\u00fbr et fiable : nous collaborons avec de grands groupes et des cabinets d&rsquo;architectes pour des poses de parquet, carrelage, fa\u00efence, et autres rev\u00eatements.<\/li>\n<\/ul>\n<h2>Obtenez votre devis gratuit<\/h2>\n<p>N&rsquo;h\u00e9sitez pas \u00e0 nous contacter si vous d\u00e9sirez obtenir une estimation gratuite, nous vous r\u00e9pondrons d\u00e8s que possible pour \u00e9valuer le co\u00fbt de la pose de vos carreaux.<\/p>\n<h2>Nos services<\/h2>\n<ul>\n<li>Installation de parquet, carrelage, fa\u00efence, et autres types de carreaux,<\/li>\n<li>recommandations pour vous aider \u00e0 choisir votre carrelage,<\/li>\n<li>installation et scellement du carrelage,<\/li>\n<li>installation de carreaux sur les sols\/murs,<\/li>\n<li>installation de carreaux pour les zones int\u00e9rieures et ext\u00e9rieures de votre habitation,<\/li>\n<li>le retrait du carrelage actuel,<\/li>\n<li>le d\u00e9montage de votre parquet flottant,<\/li>\n<li>la pose des carreaux sur votre terrasse.<\/li>\n<\/ul>\n<h2>Comment s\u00e9lectionner le carrelage adapt\u00e9 \u00e0 vos besoins ?<\/h2>\n<h3>Songer au lieu o\u00f9 le carrelage sera pos\u00e9<\/h3>\n<p>Gardez \u00e0 l&rsquo;esprit le lieu o\u00f9 le carrelage va \u00eatre plac\u00e9 et aussi s&rsquo;il se trouve dans un passage fr\u00e9quent\u00e9 \u202f? De plus, marchera-t-on sur le carrelage en chaussettes ou en chaussures ? Va-t-il \u00eatre expos\u00e9 \u00e0 l&rsquo;humidit\u00e9\u202f? Tenez aussi compte des diverses surfaces qu&rsquo;il va rev\u00eatir, par exemple : les murs, les sols, les plans de travail, etc.<\/p>\n<h3>Calculez la quantit\u00e9 de carreaux exig\u00e9e<\/h3>\n<p>Pour \u00e9valuer le nombre de carreaux en m\u00b2 n\u00e9cessaires pour votre projet, r\u00e9alisez la multiplication : largeur par sa longueur et ajoutez environ 5 % pour garder une marge de protection. Nous pr\u00e9conisons de garder des carreaux suppl\u00e9mentaires en cas de dommages ult\u00e9rieurs.<\/p>\n<h3>Choisissez le bon mat\u00e9riau<\/h3>\n<p>Le mat\u00e9riau du carrelage a un effet sur : le montant de l&rsquo;entretien, l&rsquo;apparence et la durabilit\u00e9. Par ailleurs, les finitions et la texture devraient par ailleurs \u00eatre prises en compte pour trouver le meilleur carrelage pour votre projet.<\/p>\n<h3>Nettoyage<\/h3>\n<p>Il faut prendre en compte le niveau d&rsquo;entretien avant de choisir votre carrelage, exemple : le nettoyage des carreaux avec un joint clair prend plus de temps du fait de leur tendance \u00e0 cumuler la salet\u00e9, ce qui les rend plus complexes \u00e0 laver par rapport aux autres couleurs.<\/p>\n<h2>Obtenez un rendez-vous rapidement<\/h2>\n<p>Nos installateurs de carreaux \u00e0 Orbe ont conscience de la complexit\u00e9 de votre projet, c&rsquo;est pourquoi nous sommes joignables du lundi au samedi afin de r\u00e9pondre \u00e0 vos questions.<\/p>\n<h2>FAQ<\/h2>\n<h3>De quelle mani\u00e8re fonctionne votre soci\u00e9t\u00e9 ?<\/h3>\n<ol>\n<li>Vous devez prendre contact avec nous par email ou t\u00e9l\u00e9phone.<\/li>\n<li>Nous programmons ensemble le rendez-vous en fonction de vos disponibilit\u00e9s.<\/li>\n<li>Visite \u00e0 votre logement pour d\u00e9terminer le travail \u00e0 faire.<\/li>\n<li>D\u00e9marrage de votre projet.<\/li>\n<\/ol>\n<h3>Votre soci\u00e9t\u00e9 intervient \u00e0 Orbe et dans les localit\u00e9s aux alentours ?<\/h3>\n<p>Oui, nous intervenons \u00e0 Orbe, mais aussi dans les communes aux alentours, \u00e9galement :<\/p>\nLa Praz, Arnex-sur-Orbe, Croy, Romainm\u00f4tier, Premier, Vaulion, Juriens, Bretonni\u00e8res, Vallorbe, Ballaigues, Agiez, Bofflens, Montcherand, L'Abergement, Sergey, La Russille, Les Cl\u00e9es, Lignerolle, Valeyres-sous-Rances, Bavois, Chavornay, Corcelles-sur-Chavornay, Rances, Baulmes.\n<h3>Quels sont les types de carreaux les plus populaires ?<\/h3>\n<ul>\n<li>Les carrelages mosa\u00efques.<\/li>\n<li>Les carreaux int\u00e9rieurs blancs de m\u00e9tro.<\/li>\n<li>Les carrelages de marbre.<\/li>\n<li>Les carrelages en c\u00e9ramique.<\/li>\n<li>Le carrelage ciment.<\/li>\n<li>Les carrelages porcelaine.<\/li>\n<\/ul>\n","protected":false},"excerpt":{"rendered":"<p>Besoin d&rsquo;un nouveau carrelage \u00e0 Orbe ? Artisanlocal propose des services de pose de carreaux pour r\u00e9pondre \u00e0 tous vos besoins de pose de carrelage classique, de dosseret de cuisine, de carreaux \u00e0 l&rsquo;int\u00e9rieur de votre salle d&rsquo;eau ou sur votre plancher. Pourquoi choisir notre soci\u00e9t\u00e9 ? Nous proposons des services avec un bon rapport [&hellip;]<\/p>\n","protected":false},"author":4,"featured_media":2804,"parent":0,"menu_order":0,"comment_status":"closed","ping_status":"closed","template":"","meta":{"footnotes":""},"profession":[119],"location":[16],"canton":[113],"class_list":["post-572","page","type-page","status-publish","has-post-thumbnail","hentry","profession-carreleur","location-orbe","canton-vd"],"yoast_head":"<!-- This site is optimized with the Yoast SEO Premium plugin v25.7.1 (Yoast SEO v27.6) - https:\/\/yoast.com\/product\/yoast-seo-premium-wordpress\/ -->\n<title>Entreprise de carrelage \u00e0 Orbe - Artisanlocal<\/title>\n<meta name=\"robots\" content=\"index, follow, max-snippet:-1, max-image-preview:large, max-video-preview:-1\" \/>\n<link rel=\"canonical\" href=\"https:\/\/www.artisanlocal.ch\/c\/societe-specialisee-dans-la-pose-de-carrelage-a-orbe\/\" \/>\n<meta property=\"og:locale\" content=\"fr_FR\" \/>\n<meta property=\"og:type\" content=\"article\" \/>\n<meta property=\"og:title\" content=\"Entreprise de carrelage \u00e0 Orbe\" \/>\n<meta property=\"og:description\" content=\"Besoin d&rsquo;un nouveau carrelage \u00e0 Orbe ? Artisanlocal propose des services de pose de carreaux pour r\u00e9pondre \u00e0 tous vos besoins de pose de carrelage classique, de dosseret de cuisine, de carreaux \u00e0 l&rsquo;int\u00e9rieur de votre salle d&rsquo;eau ou sur votre plancher. Pourquoi choisir notre soci\u00e9t\u00e9 ? Nous proposons des services avec un bon rapport [&hellip;]\" \/>\n<meta property=\"og:url\" content=\"https:\/\/www.artisanlocal.ch\/c\/societe-specialisee-dans-la-pose-de-carrelage-a-orbe\/\" \/>\n<meta property=\"og:site_name\" content=\"Artisanlocal\" \/>\n<meta property=\"article:modified_time\" content=\"2025-08-26T17:28:32+00:00\" \/>\n<meta property=\"og:image\" content=\"https:\/\/www.artisanlocal.ch\/c\/wp-content\/uploads\/2024\/11\/carreleur.jpg\" \/>\n\t<meta property=\"og:image:width\" content=\"1920\" \/>\n\t<meta property=\"og:image:height\" content=\"300\" \/>\n\t<meta property=\"og:image:type\" content=\"image\/jpeg\" \/>\n<meta name=\"twitter:card\" content=\"summary_large_image\" \/>\n<meta name=\"twitter:label1\" content=\"Dur\u00e9e de lecture estim\u00e9e\" \/>\n\t<meta name=\"twitter:data1\" content=\"4 minutes\" \/>\n<script type=\"application\/ld+json\" class=\"yoast-schema-graph\">{\"@context\":\"https:\\\/\\\/schema.org\",\"@graph\":[{\"@type\":\"WebPage\",\"@id\":\"https:\\\/\\\/www.artisanlocal.ch\\\/c\\\/societe-specialisee-dans-la-pose-de-carrelage-a-orbe\\\/\",\"url\":\"https:\\\/\\\/www.artisanlocal.ch\\\/c\\\/societe-specialisee-dans-la-pose-de-carrelage-a-orbe\\\/\",\"name\":\"Entreprise de carrelage \u00e0 Orbe - Artisanlocal\",\"isPartOf\":{\"@id\":\"https:\\\/\\\/www.artisanlocal.ch\\\/c\\\/#website\"},\"primaryImageOfPage\":{\"@id\":\"https:\\\/\\\/www.artisanlocal.ch\\\/c\\\/societe-specialisee-dans-la-pose-de-carrelage-a-orbe\\\/#primaryimage\"},\"image\":{\"@id\":\"https:\\\/\\\/www.artisanlocal.ch\\\/c\\\/societe-specialisee-dans-la-pose-de-carrelage-a-orbe\\\/#primaryimage\"},\"thumbnailUrl\":\"https:\\\/\\\/www.artisanlocal.ch\\\/c\\\/wp-content\\\/uploads\\\/2024\\\/11\\\/carreleur.jpg\",\"datePublished\":\"2024-04-22T14:21:48+00:00\",\"dateModified\":\"2025-08-26T17:28:32+00:00\",\"breadcrumb\":{\"@id\":\"https:\\\/\\\/www.artisanlocal.ch\\\/c\\\/societe-specialisee-dans-la-pose-de-carrelage-a-orbe\\\/#breadcrumb\"},\"inLanguage\":\"fr-FR\",\"potentialAction\":[{\"@type\":\"ReadAction\",\"target\":[\"https:\\\/\\\/www.artisanlocal.ch\\\/c\\\/societe-specialisee-dans-la-pose-de-carrelage-a-orbe\\\/\"]}]},{\"@type\":\"ImageObject\",\"inLanguage\":\"fr-FR\",\"@id\":\"https:\\\/\\\/www.artisanlocal.ch\\\/c\\\/societe-specialisee-dans-la-pose-de-carrelage-a-orbe\\\/#primaryimage\",\"url\":\"https:\\\/\\\/www.artisanlocal.ch\\\/c\\\/wp-content\\\/uploads\\\/2024\\\/11\\\/carreleur.jpg\",\"contentUrl\":\"https:\\\/\\\/www.artisanlocal.ch\\\/c\\\/wp-content\\\/uploads\\\/2024\\\/11\\\/carreleur.jpg\",\"width\":1920,\"height\":300},{\"@type\":\"BreadcrumbList\",\"@id\":\"https:\\\/\\\/www.artisanlocal.ch\\\/c\\\/societe-specialisee-dans-la-pose-de-carrelage-a-orbe\\\/#breadcrumb\",\"itemListElement\":[{\"@type\":\"ListItem\",\"position\":1,\"name\":\"Accueil\",\"item\":\"https:\\\/\\\/www.artisanlocal.ch\\\/c\\\/\"},{\"@type\":\"ListItem\",\"position\":2,\"name\":\"Entreprise de carrelage \u00e0 Orbe\"}]},{\"@type\":\"WebSite\",\"@id\":\"https:\\\/\\\/www.artisanlocal.ch\\\/c\\\/#website\",\"url\":\"https:\\\/\\\/www.artisanlocal.ch\\\/c\\\/\",\"name\":\"Artisanlocal\",\"description\":\"\",\"publisher\":{\"@id\":\"https:\\\/\\\/www.artisanlocal.ch\\\/c\\\/#organization\"},\"potentialAction\":[{\"@type\":\"SearchAction\",\"target\":{\"@type\":\"EntryPoint\",\"urlTemplate\":\"https:\\\/\\\/www.artisanlocal.ch\\\/c\\\/?s={search_term_string}\"},\"query-input\":{\"@type\":\"PropertyValueSpecification\",\"valueRequired\":true,\"valueName\":\"search_term_string\"}}],\"inLanguage\":\"fr-FR\"},{\"@type\":\"Organization\",\"@id\":\"https:\\\/\\\/www.artisanlocal.ch\\\/c\\\/#organization\",\"name\":\"Artisanlocal\",\"url\":\"https:\\\/\\\/www.artisanlocal.ch\\\/c\\\/\",\"logo\":{\"@type\":\"ImageObject\",\"inLanguage\":\"fr-FR\",\"@id\":\"https:\\\/\\\/www.artisanlocal.ch\\\/c\\\/#\\\/schema\\\/logo\\\/image\\\/\",\"url\":\"https:\\\/\\\/www.artisanlocal.ch\\\/c\\\/wp-content\\\/uploads\\\/2024\\\/02\\\/logo-artisanlocal-h.svg\",\"contentUrl\":\"https:\\\/\\\/www.artisanlocal.ch\\\/c\\\/wp-content\\\/uploads\\\/2024\\\/02\\\/logo-artisanlocal-h.svg\",\"caption\":\"Artisanlocal\"},\"image\":{\"@id\":\"https:\\\/\\\/www.artisanlocal.ch\\\/c\\\/#\\\/schema\\\/logo\\\/image\\\/\"}}]}<\/script>\n<!-- \/ Yoast SEO Premium plugin. -->","yoast_head_json":{"title":"Entreprise de carrelage \u00e0 Orbe - Artisanlocal","robots":{"index":"index","follow":"follow","max-snippet":"max-snippet:-1","max-image-preview":"max-image-preview:large","max-video-preview":"max-video-preview:-1"},"canonical":"https:\/\/www.artisanlocal.ch\/c\/societe-specialisee-dans-la-pose-de-carrelage-a-orbe\/","og_locale":"fr_FR","og_type":"article","og_title":"Entreprise de carrelage \u00e0 Orbe","og_description":"Besoin d&rsquo;un nouveau carrelage \u00e0 Orbe ? Artisanlocal propose des services de pose de carreaux pour r\u00e9pondre \u00e0 tous vos besoins de pose de carrelage classique, de dosseret de cuisine, de carreaux \u00e0 l&rsquo;int\u00e9rieur de votre salle d&rsquo;eau ou sur votre plancher. Pourquoi choisir notre soci\u00e9t\u00e9 ? Nous proposons des services avec un bon rapport [&hellip;]","og_url":"https:\/\/www.artisanlocal.ch\/c\/societe-specialisee-dans-la-pose-de-carrelage-a-orbe\/","og_site_name":"Artisanlocal","article_modified_time":"2025-08-26T17:28:32+00:00","og_image":[{"width":1920,"height":300,"url":"https:\/\/www.artisanlocal.ch\/c\/wp-content\/uploads\/2024\/11\/carreleur.jpg","type":"image\/jpeg"}],"twitter_card":"summary_large_image","twitter_misc":{"Dur\u00e9e de lecture estim\u00e9e":"4 minutes"},"schema":{"@context":"https:\/\/schema.org","@graph":[{"@type":"WebPage","@id":"https:\/\/www.artisanlocal.ch\/c\/societe-specialisee-dans-la-pose-de-carrelage-a-orbe\/","url":"https:\/\/www.artisanlocal.ch\/c\/societe-specialisee-dans-la-pose-de-carrelage-a-orbe\/","name":"Entreprise de carrelage \u00e0 Orbe - Artisanlocal","isPartOf":{"@id":"https:\/\/www.artisanlocal.ch\/c\/#website"},"primaryImageOfPage":{"@id":"https:\/\/www.artisanlocal.ch\/c\/societe-specialisee-dans-la-pose-de-carrelage-a-orbe\/#primaryimage"},"image":{"@id":"https:\/\/www.artisanlocal.ch\/c\/societe-specialisee-dans-la-pose-de-carrelage-a-orbe\/#primaryimage"},"thumbnailUrl":"https:\/\/www.artisanlocal.ch\/c\/wp-content\/uploads\/2024\/11\/carreleur.jpg","datePublished":"2024-04-22T14:21:48+00:00","dateModified":"2025-08-26T17:28:32+00:00","breadcrumb":{"@id":"https:\/\/www.artisanlocal.ch\/c\/societe-specialisee-dans-la-pose-de-carrelage-a-orbe\/#breadcrumb"},"inLanguage":"fr-FR","potentialAction":[{"@type":"ReadAction","target":["https:\/\/www.artisanlocal.ch\/c\/societe-specialisee-dans-la-pose-de-carrelage-a-orbe\/"]}]},{"@type":"ImageObject","inLanguage":"fr-FR","@id":"https:\/\/www.artisanlocal.ch\/c\/societe-specialisee-dans-la-pose-de-carrelage-a-orbe\/#primaryimage","url":"https:\/\/www.artisanlocal.ch\/c\/wp-content\/uploads\/2024\/11\/carreleur.jpg","contentUrl":"https:\/\/www.artisanlocal.ch\/c\/wp-content\/uploads\/2024\/11\/carreleur.jpg","width":1920,"height":300},{"@type":"BreadcrumbList","@id":"https:\/\/www.artisanlocal.ch\/c\/societe-specialisee-dans-la-pose-de-carrelage-a-orbe\/#breadcrumb","itemListElement":[{"@type":"ListItem","position":1,"name":"Accueil","item":"https:\/\/www.artisanlocal.ch\/c\/"},{"@type":"ListItem","position":2,"name":"Entreprise de carrelage \u00e0 Orbe"}]},{"@type":"WebSite","@id":"https:\/\/www.artisanlocal.ch\/c\/#website","url":"https:\/\/www.artisanlocal.ch\/c\/","name":"Artisanlocal","description":"","publisher":{"@id":"https:\/\/www.artisanlocal.ch\/c\/#organization"},"potentialAction":[{"@type":"SearchAction","target":{"@type":"EntryPoint","urlTemplate":"https:\/\/www.artisanlocal.ch\/c\/?s={search_term_string}"},"query-input":{"@type":"PropertyValueSpecification","valueRequired":true,"valueName":"search_term_string"}}],"inLanguage":"fr-FR"},{"@type":"Organization","@id":"https:\/\/www.artisanlocal.ch\/c\/#organization","name":"Artisanlocal","url":"https:\/\/www.artisanlocal.ch\/c\/","logo":{"@type":"ImageObject","inLanguage":"fr-FR","@id":"https:\/\/www.artisanlocal.ch\/c\/#\/schema\/logo\/image\/","url":"https:\/\/www.artisanlocal.ch\/c\/wp-content\/uploads\/2024\/02\/logo-artisanlocal-h.svg","contentUrl":"https:\/\/www.artisanlocal.ch\/c\/wp-content\/uploads\/2024\/02\/logo-artisanlocal-h.svg","caption":"Artisanlocal"},"image":{"@id":"https:\/\/www.artisanlocal.ch\/c\/#\/schema\/logo\/image\/"}}]}},"_links":{"self":[{"href":"https:\/\/www.artisanlocal.ch\/c\/wp-json\/wp\/v2\/pages\/572","targetHints":{"allow":["GET"]}}],"collection":[{"href":"https:\/\/www.artisanlocal.ch\/c\/wp-json\/wp\/v2\/pages"}],"about":[{"href":"https:\/\/www.artisanlocal.ch\/c\/wp-json\/wp\/v2\/types\/page"}],"author":[{"embeddable":true,"href":"https:\/\/www.artisanlocal.ch\/c\/wp-json\/wp\/v2\/users\/4"}],"replies":[{"embeddable":true,"href":"https:\/\/www.artisanlocal.ch\/c\/wp-json\/wp\/v2\/comments?post=572"}],"version-history":[{"count":0,"href":"https:\/\/www.artisanlocal.ch\/c\/wp-json\/wp\/v2\/pages\/572\/revisions"}],"wp:featuredmedia":[{"embeddable":true,"href":"https:\/\/www.artisanlocal.ch\/c\/wp-json\/wp\/v2\/media\/2804"}],"wp:attachment":[{"href":"https:\/\/www.artisanlocal.ch\/c\/wp-json\/wp\/v2\/media?parent=572"}],"wp:term":[{"taxonomy":"profession","embeddable":true,"href":"https:\/\/www.artisanlocal.ch\/c\/wp-json\/wp\/v2\/profession?post=572"},{"taxonomy":"location","embeddable":true,"href":"https:\/\/www.artisanlocal.ch\/c\/wp-json\/wp\/v2\/location?post=572"},{"taxonomy":"canton","embeddable":true,"href":"https:\/\/www.artisanlocal.ch\/c\/wp-json\/wp\/v2\/canton?post=572"}],"curies":[{"name":"wp","href":"https:\/\/api.w.org\/{rel}","templated":true}]}}