{"id":573,"date":"2024-04-22T12:32:49","date_gmt":"2024-04-22T10:32:49","guid":{"rendered":"https:\/\/www.artisanlocal.ch\/c\/besoin-dun-expert-de-la-pose-de-carrelage-a-oron-la-ville\/"},"modified":"2025-08-26T19:28:39","modified_gmt":"2025-08-26T17:28:39","slug":"besoin-dun-expert-de-la-pose-de-carrelage-a-oron-la-ville","status":"publish","type":"page","link":"https:\/\/www.artisanlocal.ch\/c\/besoin-dun-expert-de-la-pose-de-carrelage-a-oron-la-ville\/","title":{"rendered":"Besoin d&rsquo;un expert de la pose de carrelage \u00e0 Oron-la-Ville ?"},"content":{"rendered":"<p>Pour recevoir des devis sur l&rsquo;installation de carrelage, n&rsquo;h\u00e9sitez pas \u00e0 nous contacter. Artisanlocal propose des services d&rsquo;installation de carreaux pour r\u00e9pondre \u00e0 tous vos besoins d&rsquo;installation de carreaux classiques, de carreaux de dosseret, de carrelage dans votre salle de bain ou de carrelage sur votre plancher ! Nous proposons aussi nos services dans les localit\u00e9s voisines de Oron-la-Ville.<\/p>\n\r\n<div class=\"box\">\r\n            <div class=\"company-info\">\r\n            <img decoding=\"async\" class=\"company-info__logo\" src=\"https:\/\/www.artisanlocal.ch\/media\/cache\/thumb\/images\/companies\/67d98ce9a3224142328805.png\" alt=\"Logo\">\r\n            <h2 class=\"company-info__name\">Facchino David<\/h2>\r\n            <p class=\"company-info__business\">Entreprise de carrelage - Pierres naturelles - R\u00e9novation<\/p>\r\n        <\/div>\r\n        <div class=\"company-contact\">\r\n            <p class=\"company-info__address\">Route de Bourg-Dessous 12<\/p>\r\n                            <div class=\"links\">\r\n                                            <a class=\"btn has-accent-background-color js-phoneNumber\" href=\"tel:0793022390\" title=\"Appelez\" data-id=\"6744\" data-type=\"11\">079 302 23 90<\/a>\r\n                                                        <\/div>\r\n                    <\/div>\r\n    \r\n            \r\n<form action=\"https:\/\/www.artisanlocal.ch\/c\/wp-admin\/admin-ajax.php\" method=\"post\" class=\"form-contact\" id=\"artisan_form_contact_company_inline\">\r\n    <div><input type=\"hidden\" name=\"action\" value=\"company_contact\"><\/div>\r\n    <div><input type=\"hidden\" name=\"nonce\" value=\"32d8b14c12\"><\/div>\r\n    <div><input type=\"hidden\" name=\"company_id\" value=\"6744\"><\/div>\r\n    <div><input type=\"hidden\" name=\"form_id\" value=\"artisan_form_contact_company_inline\"><\/div>\r\n    <div class=\"gglcptch gglcptch_v3 gglcptch_custom\"><input type=\"hidden\" id=\"g-recaptcha-response\" name=\"g-recaptcha-response\" \/><br \/><div class=\"gglcptch_error_text\">La p\u00e9riode de v\u00e9rification reCAPTCHA a expir\u00e9. Veuillez recharger la page.<\/div><\/div>    <div class=\"form-content\">\r\n        <div class=\"form-group\">\r\n            <label for=\"contact_firstName\" class=\"required\">Pr\u00e9nom<\/label>\r\n            <input type=\"text\" name=\"firstName\" class=\"form-control\" required>\r\n        <\/div>\r\n        <div class=\"form-group\">\r\n            <label for=\"contact_lastName\" class=\"required\">Nom<\/label>\r\n            <input type=\"text\" name=\"lastName\" class=\"form-control\" required>\r\n        <\/div>\r\n        <div class=\"form-group\">\r\n            <label for=\"contact_email\" class=\"required\">Email<\/label>\r\n            <input type=\"email\" name=\"email\" class=\"form-control\" required>\r\n        <\/div>\r\n        <div class=\"form-group\">\r\n            <label for=\"contact_phone\" class=\"required\">Num\u00e9ro de t\u00e9l\u00e9phone<\/label>\r\n            <input type=\"tel\" name=\"phone\" class=\"form-control\" placeholder=\"0787117165\" pattern=\"^[0-9]{10}$\" required>\r\n        <\/div>\r\n        <div class=\"form-group\">\r\n            <label for=\"contact_postalCode\" class=\"required\">Code postal et localit\u00e9<\/label>\r\n            <input type=\"text\" name=\"postalCode\" class=\"form-control\" required>\r\n        <\/div>\r\n        <div class=\"form-group\">\r\n            <label for=\"contact_address\" class=\"required\">Adresse<\/label>\r\n            <input type=\"text\" name=\"address\" class=\"form-control\" required>\r\n        <\/div>\r\n        <div class=\"full-width topic\">\r\n            <p class=\"required\">Je souhaite \u00eatre contact\u00e9 pour :<\/p>\r\n            <div class=\"form-check\">\r\n                <input type=\"radio\" name=\"topic\" value=\"D\u00e9pannage\" class=\"form-control\" required>\r\n                <label for=\"d\u00e9pannage\">D\u00e9pannage<\/label>\r\n            <\/div>\r\n            <div class=\"form-check\">\r\n                <input type=\"radio\" name=\"topic\" value=\"Entretien\" class=\"form-control\" required>\r\n                <label for=\"entretien\">Entretien<\/label>\r\n            <\/div>\r\n            <div class=\"form-check\">\r\n                <input type=\"radio\" name=\"topic\" value=\"R\u00e9novation\" class=\"form-control\" required>\r\n                <label for=\"r\u00e9novation\">R\u00e9novation<\/label>\r\n            <\/div>\r\n            <div class=\"form-check\">\r\n                <input type=\"radio\" name=\"topic\" value=\"Autre\" class=\"form-control\" required>\r\n                <label for=\"autre\">Autre<\/label>\r\n            <\/div>\r\n        <\/div>\r\n        <div class=\"form-group full-width\">\r\n            <label for=\"contact_message\">Message<\/label>\r\n            <textarea name=\"message\" rows=\"3\" class=\"form-control\"><\/textarea>\r\n        <\/div>\r\n    <\/div>\r\n    <div class=\"form-actions\">\r\n        <button class=\"wp-block-button__link has-accent-background-color\">Contacter<\/button>\r\n    <\/div>\r\n<\/form>\r\n<div class=\"form-feedback\"><\/div>    <\/div>\n<h2>Pourquoi choisir notre entreprise ?<\/h2>\n<p>Artisanlocal vous aide dans la pose de carreaux \u00e0 Oron-la-Ville, contactez-nous parce que :<\/p>\n<ul>\n<li>nos prix sont comp\u00e9titifs,<\/li>\n<li>nous utilisons du carrelage de qualit\u00e9,<\/li>\n<li>notre entreprise est localis\u00e9e \u00e0 Oron-la-Ville et permet \u00e0 nos techniciens d\u2019intervenir en urgence chez vous,<\/li>\n<li>nos recommandations sont personnalis\u00e9es \u00e0 votre projet, par exemple : pour choisir vos carreaux,<\/li>\n<li>nos devis sont fournis gratuitement,<\/li>\n<li>nous avons une \u00e9quipe exp\u00e9riment\u00e9e,<\/li>\n<li>un partenaire s\u00fbr et fiable : nous r\u00e9alisons des interventions dans des grandes entreprises et des architectes pour poser du parquet, de la fa\u00efence, du carrelage ou des autres rev\u00eatements pour les sols.<\/li>\n<\/ul>\n<h2>Obtenez votre devis gratuit pour la pose de carrelage en prenant contact avec nous maintenant<\/h2>\n<p>N&rsquo;h\u00e9sitez pas \u00e0 nous contacter si vous d\u00e9sirez obtenir une estimation gratuite, nous r\u00e9pondrons d\u00e8s que possible pour \u00e9valuer le prix de l&rsquo;installation de votre carrelage.<\/p>\n<h2>Nos solutions<\/h2>\n<p>Nos professionnels de l&rsquo;installation de carrelage \u00e0 Oron-la-Ville proposent aux particuliers et aux professionnels, les solutions, suivantes :<\/p>\n<ul>\n<li>La mise en place de plusieurs types carreaux tels que le parquet, le carrelage classique et la fa\u00efence,<\/li>\n<li>une aide pour bien choisir vos carreaux,<\/li>\n<li>la pose de carrelage,<\/li>\n<li>l&rsquo;application de joint pour vos carreaux,<\/li>\n<li>l&rsquo;application de carreaux sur les sols\/murs,<\/li>\n<li>l&rsquo;installation de carrelage int\u00e9rieur et ext\u00e9rieur,<\/li>\n<li>le retrait de vos carreaux existants,<\/li>\n<li>l&rsquo;enl\u00e8vement du plancher flottant,<\/li>\n<li>la pose des carreaux sur votre terrasse.<\/li>\n<\/ul>\n<h2>Comment choisir le meilleur carrelage pour votre espace ?<\/h2>\n<h3>Bien d\u00e9terminer la zone de la pose<\/h3>\n<p>\u00c9tudiez bien l&rsquo;endroit et le rythme \u00e0 laquelle le carreau sera expos\u00e9 \u00e0 un vieillissement pr\u00e9matur\u00e9, sera-t-il dans un espace avec un fort passage ? De plus, marchera-t-on dessus en chaussettes ou en chaussures ? Va-t-il \u00eatre confront\u00e9 \u00e0 des environnements humides? Pensez aussi aux espaces qu&rsquo;il recouvrira, tel que les sols, les plans de travail, les murs, etc.<\/p>\n<h3>D\u00e9terminez la quantit\u00e9 de carreaux<\/h3>\n<p>Pour d\u00e9finir la quantit\u00e9 de carreaux pour votre espace, multipliez sa longueur par sa largeur et rajoutez dans les 5 % pour avoir une marge de s\u00e9curit\u00e9. Nous pr\u00e9conisons de conserver des carreaux en plus en cas de dommages ult\u00e9rieurs.<\/p>\n<h3>S\u00e9lectionnez le bon mat\u00e9riau<\/h3>\n<p>Les carreaux sont fabriqu\u00e9s avec diff\u00e9rentes sortes de mat\u00e9riaux qui impact : l\u2019apparence, la durabilit\u00e9 et le co\u00fbt de l&rsquo;entretien. Par ailleurs, les finitions et la texture doivent par ailleurs \u00eatre prises en consid\u00e9ration afin de trouver des carreaux qui sont \u00e0 vos gouts.<\/p>\n<h3>Maintenance<\/h3>\n<p>Nous vous sugg\u00e9rons de prendre en consid\u00e9ration le niveau de difficult\u00e9 d&rsquo;entretien, entre autres : le scellement des carreaux avec un joint de couleur clair exige un entretien qui prend plus de temps, en effet, il agglom\u00e8re vite la salet\u00e9, le rendent plus compliqu\u00e9 \u00e0 entretenir que d&rsquo;autres coloris.<\/p>\n<h2>Contactez-nous pour obtenir un rendez-vous<\/h2>\n<p>Notre soci\u00e9t\u00e9 compos\u00e9e d&rsquo;experts dans l&rsquo;installation de carrelages \u00e0 Oron-la-Ville savent que la s\u00e9lection des carreaux peut-\u00eatre compliqu\u00e9e, c&rsquo;est pourquoi nous sommes joignables du lundi au samedi afin de r\u00e9pondre \u00e0 vos interrogations.<\/p>\n<h2>Questions-r\u00e9ponses<\/h2>\n<h3>Quel est le fonctionnement de votre entreprise ?<\/h3>\n<ol>\n<li>Vous devez prendre contact avec nous par email ou t\u00e9l\u00e9phone.<\/li>\n<li>Nous planifions ensemble le rendez-vous en fonction de votre agenda.<\/li>\n<li>Notre \u00e9quipe se d\u00e9place \u00e0 votre foyer pour d\u00e9finir le total de carreaux \u00e0 poser.<\/li>\n<li>Nous mettons en route votre projet.<\/li>\n<\/ol>\n<h3>Votre soci\u00e9t\u00e9 intervient \u00e0 Oron-la-Ville et dans les communes aux environs ?<\/h3>\n<p>Oui, nous intervenons \u00e0 Oron-la-Ville, n\u00e9anmoins, notre \u00e9quipe op\u00e8re dans les villes aux environs, \u00e9galement:<\/p>\nPeney-le-Jorat, Forel (Lavaux), Mollie-Margot, Savigny, Ferlens VD, Servion, Essertes, Les Cullayes, Montpreveyres, Corcelles-le-Jorat, M\u00e9zi\u00e8res VD, Carrouge VD, Vulliens, Ropraz, Les Tavernes, Les Thioleyres, Pal\u00e9zieux, Pal\u00e9zieux-Village, Oron-le-Ch\u00e2tel, Chapelle (Gl\u00e2ne), Bussigny-sur-Oron, Chesalles-sur-Oron, Ch\u00e2tillens, Vuibroye, Le Cr\u00eat-pr\u00e8s-Semsales, Ecoteaux, Maracon.\n<\/p>\n<h3>Vous installez quels mod\u00e8les de carreaux le plus souvent\u202f?<\/h3>\n<p>Nous posons les carrelages populaires, suivants:<\/p>\n<ul>\n<li>Les carreaux mosa\u00efques : v\u00e9ritable succ\u00e8s, ils ajoutent un style incomparable \u00e0 votre int\u00e9rieur.<\/li>\n<li>Les carrelages int\u00e9rieur blancs de m\u00e9tro : retro, nous les recommandons pour votre r\u00e9novation de salle de bain ou de votre cuisine.<\/li>\n<li>Les carreaux de marbre : ils sont plus chers, mais ils permettent d\u2019ajouter une apparence de luxe \u00e0 votre foyer.<\/li>\n<li>Les carreaux en c\u00e9ramique : peu cher, le carreau en c\u00e9ramique a de multiples avantages (facile \u00e0 nettoyer, et disponibles dans de multiples teintes).<\/li>\n<li>Les carrelages en ciments : traditionnel, il permet d&rsquo;all\u00e9ger la d\u00e9co de votre int\u00e9rieur.<\/li>\n<li>Les carrelages de porcelaine : similaire aux surfaces naturelles, il est r\u00e9sistant aux chocs, changement de temp\u00e9rature.<\/li>\n<\/ul>\n","protected":false},"excerpt":{"rendered":"<p>Pour recevoir des devis sur l&rsquo;installation de carrelage, n&rsquo;h\u00e9sitez pas \u00e0 nous contacter. Artisanlocal propose des services d&rsquo;installation de carreaux pour r\u00e9pondre \u00e0 tous vos besoins d&rsquo;installation de carreaux classiques, de carreaux de dosseret, de carrelage dans votre salle de bain ou de carrelage sur votre plancher ! Nous proposons aussi nos services dans les [&hellip;]<\/p>\n","protected":false},"author":4,"featured_media":2804,"parent":0,"menu_order":0,"comment_status":"closed","ping_status":"closed","template":"","meta":{"footnotes":""},"profession":[119],"location":[78],"canton":[113],"class_list":["post-573","page","type-page","status-publish","has-post-thumbnail","hentry","profession-carreleur","location-oron-la-ville","canton-vd"],"yoast_head":"<!-- This site is optimized with the Yoast SEO Premium plugin v25.7.1 (Yoast SEO v27.4) - https:\/\/yoast.com\/product\/yoast-seo-premium-wordpress\/ -->\n<title>Besoin d&#039;un expert de la pose de carrelage \u00e0 Oron-la-Ville ? - Artisanlocal<\/title>\n<meta name=\"robots\" content=\"index, follow, max-snippet:-1, max-image-preview:large, max-video-preview:-1\" \/>\n<link rel=\"canonical\" href=\"https:\/\/www.artisanlocal.ch\/c\/besoin-dun-expert-de-la-pose-de-carrelage-a-oron-la-ville\/\" \/>\n<meta property=\"og:locale\" content=\"fr_FR\" \/>\n<meta property=\"og:type\" content=\"article\" \/>\n<meta property=\"og:title\" content=\"Besoin d&#039;un expert de la pose de carrelage \u00e0 Oron-la-Ville ?\" \/>\n<meta property=\"og:description\" content=\"Pour recevoir des devis sur l&rsquo;installation de carrelage, n&rsquo;h\u00e9sitez pas \u00e0 nous contacter. Artisanlocal propose des services d&rsquo;installation de carreaux pour r\u00e9pondre \u00e0 tous vos besoins d&rsquo;installation de carreaux classiques, de carreaux de dosseret, de carrelage dans votre salle de bain ou de carrelage sur votre plancher ! Nous proposons aussi nos services dans les [&hellip;]\" \/>\n<meta property=\"og:url\" content=\"https:\/\/www.artisanlocal.ch\/c\/besoin-dun-expert-de-la-pose-de-carrelage-a-oron-la-ville\/\" \/>\n<meta property=\"og:site_name\" content=\"Artisanlocal\" \/>\n<meta property=\"article:modified_time\" content=\"2025-08-26T17:28:39+00:00\" \/>\n<meta property=\"og:image\" content=\"https:\/\/www.artisanlocal.ch\/c\/wp-content\/uploads\/2024\/11\/carreleur.jpg\" \/>\n\t<meta property=\"og:image:width\" content=\"1920\" \/>\n\t<meta property=\"og:image:height\" content=\"300\" \/>\n\t<meta property=\"og:image:type\" content=\"image\/jpeg\" \/>\n<meta name=\"twitter:card\" content=\"summary_large_image\" \/>\n<meta name=\"twitter:label1\" content=\"Dur\u00e9e de lecture estim\u00e9e\" \/>\n\t<meta name=\"twitter:data1\" content=\"4 minutes\" \/>\n<script type=\"application\/ld+json\" class=\"yoast-schema-graph\">{\"@context\":\"https:\\\/\\\/schema.org\",\"@graph\":[{\"@type\":\"WebPage\",\"@id\":\"https:\\\/\\\/www.artisanlocal.ch\\\/c\\\/besoin-dun-expert-de-la-pose-de-carrelage-a-oron-la-ville\\\/\",\"url\":\"https:\\\/\\\/www.artisanlocal.ch\\\/c\\\/besoin-dun-expert-de-la-pose-de-carrelage-a-oron-la-ville\\\/\",\"name\":\"Besoin d'un expert de la pose de carrelage \u00e0 Oron-la-Ville ? - Artisanlocal\",\"isPartOf\":{\"@id\":\"https:\\\/\\\/www.artisanlocal.ch\\\/c\\\/#website\"},\"primaryImageOfPage\":{\"@id\":\"https:\\\/\\\/www.artisanlocal.ch\\\/c\\\/besoin-dun-expert-de-la-pose-de-carrelage-a-oron-la-ville\\\/#primaryimage\"},\"image\":{\"@id\":\"https:\\\/\\\/www.artisanlocal.ch\\\/c\\\/besoin-dun-expert-de-la-pose-de-carrelage-a-oron-la-ville\\\/#primaryimage\"},\"thumbnailUrl\":\"https:\\\/\\\/www.artisanlocal.ch\\\/c\\\/wp-content\\\/uploads\\\/2024\\\/11\\\/carreleur.jpg\",\"datePublished\":\"2024-04-22T10:32:49+00:00\",\"dateModified\":\"2025-08-26T17:28:39+00:00\",\"breadcrumb\":{\"@id\":\"https:\\\/\\\/www.artisanlocal.ch\\\/c\\\/besoin-dun-expert-de-la-pose-de-carrelage-a-oron-la-ville\\\/#breadcrumb\"},\"inLanguage\":\"fr-FR\",\"potentialAction\":[{\"@type\":\"ReadAction\",\"target\":[\"https:\\\/\\\/www.artisanlocal.ch\\\/c\\\/besoin-dun-expert-de-la-pose-de-carrelage-a-oron-la-ville\\\/\"]}]},{\"@type\":\"ImageObject\",\"inLanguage\":\"fr-FR\",\"@id\":\"https:\\\/\\\/www.artisanlocal.ch\\\/c\\\/besoin-dun-expert-de-la-pose-de-carrelage-a-oron-la-ville\\\/#primaryimage\",\"url\":\"https:\\\/\\\/www.artisanlocal.ch\\\/c\\\/wp-content\\\/uploads\\\/2024\\\/11\\\/carreleur.jpg\",\"contentUrl\":\"https:\\\/\\\/www.artisanlocal.ch\\\/c\\\/wp-content\\\/uploads\\\/2024\\\/11\\\/carreleur.jpg\",\"width\":1920,\"height\":300},{\"@type\":\"BreadcrumbList\",\"@id\":\"https:\\\/\\\/www.artisanlocal.ch\\\/c\\\/besoin-dun-expert-de-la-pose-de-carrelage-a-oron-la-ville\\\/#breadcrumb\",\"itemListElement\":[{\"@type\":\"ListItem\",\"position\":1,\"name\":\"Accueil\",\"item\":\"https:\\\/\\\/www.artisanlocal.ch\\\/c\\\/\"},{\"@type\":\"ListItem\",\"position\":2,\"name\":\"Besoin d&rsquo;un expert de la pose de carrelage \u00e0 Oron-la-Ville ?\"}]},{\"@type\":\"WebSite\",\"@id\":\"https:\\\/\\\/www.artisanlocal.ch\\\/c\\\/#website\",\"url\":\"https:\\\/\\\/www.artisanlocal.ch\\\/c\\\/\",\"name\":\"Artisanlocal\",\"description\":\"\",\"publisher\":{\"@id\":\"https:\\\/\\\/www.artisanlocal.ch\\\/c\\\/#organization\"},\"potentialAction\":[{\"@type\":\"SearchAction\",\"target\":{\"@type\":\"EntryPoint\",\"urlTemplate\":\"https:\\\/\\\/www.artisanlocal.ch\\\/c\\\/?s={search_term_string}\"},\"query-input\":{\"@type\":\"PropertyValueSpecification\",\"valueRequired\":true,\"valueName\":\"search_term_string\"}}],\"inLanguage\":\"fr-FR\"},{\"@type\":\"Organization\",\"@id\":\"https:\\\/\\\/www.artisanlocal.ch\\\/c\\\/#organization\",\"name\":\"Artisanlocal\",\"url\":\"https:\\\/\\\/www.artisanlocal.ch\\\/c\\\/\",\"logo\":{\"@type\":\"ImageObject\",\"inLanguage\":\"fr-FR\",\"@id\":\"https:\\\/\\\/www.artisanlocal.ch\\\/c\\\/#\\\/schema\\\/logo\\\/image\\\/\",\"url\":\"https:\\\/\\\/www.artisanlocal.ch\\\/c\\\/wp-content\\\/uploads\\\/2024\\\/02\\\/logo-artisanlocal-h.svg\",\"contentUrl\":\"https:\\\/\\\/www.artisanlocal.ch\\\/c\\\/wp-content\\\/uploads\\\/2024\\\/02\\\/logo-artisanlocal-h.svg\",\"caption\":\"Artisanlocal\"},\"image\":{\"@id\":\"https:\\\/\\\/www.artisanlocal.ch\\\/c\\\/#\\\/schema\\\/logo\\\/image\\\/\"}}]}<\/script>\n<!-- \/ Yoast SEO Premium plugin. -->","yoast_head_json":{"title":"Besoin d'un expert de la pose de carrelage \u00e0 Oron-la-Ville ? - Artisanlocal","robots":{"index":"index","follow":"follow","max-snippet":"max-snippet:-1","max-image-preview":"max-image-preview:large","max-video-preview":"max-video-preview:-1"},"canonical":"https:\/\/www.artisanlocal.ch\/c\/besoin-dun-expert-de-la-pose-de-carrelage-a-oron-la-ville\/","og_locale":"fr_FR","og_type":"article","og_title":"Besoin d'un expert de la pose de carrelage \u00e0 Oron-la-Ville ?","og_description":"Pour recevoir des devis sur l&rsquo;installation de carrelage, n&rsquo;h\u00e9sitez pas \u00e0 nous contacter. Artisanlocal propose des services d&rsquo;installation de carreaux pour r\u00e9pondre \u00e0 tous vos besoins d&rsquo;installation de carreaux classiques, de carreaux de dosseret, de carrelage dans votre salle de bain ou de carrelage sur votre plancher ! Nous proposons aussi nos services dans les [&hellip;]","og_url":"https:\/\/www.artisanlocal.ch\/c\/besoin-dun-expert-de-la-pose-de-carrelage-a-oron-la-ville\/","og_site_name":"Artisanlocal","article_modified_time":"2025-08-26T17:28:39+00:00","og_image":[{"width":1920,"height":300,"url":"https:\/\/www.artisanlocal.ch\/c\/wp-content\/uploads\/2024\/11\/carreleur.jpg","type":"image\/jpeg"}],"twitter_card":"summary_large_image","twitter_misc":{"Dur\u00e9e de lecture estim\u00e9e":"4 minutes"},"schema":{"@context":"https:\/\/schema.org","@graph":[{"@type":"WebPage","@id":"https:\/\/www.artisanlocal.ch\/c\/besoin-dun-expert-de-la-pose-de-carrelage-a-oron-la-ville\/","url":"https:\/\/www.artisanlocal.ch\/c\/besoin-dun-expert-de-la-pose-de-carrelage-a-oron-la-ville\/","name":"Besoin d'un expert de la pose de carrelage \u00e0 Oron-la-Ville ? - Artisanlocal","isPartOf":{"@id":"https:\/\/www.artisanlocal.ch\/c\/#website"},"primaryImageOfPage":{"@id":"https:\/\/www.artisanlocal.ch\/c\/besoin-dun-expert-de-la-pose-de-carrelage-a-oron-la-ville\/#primaryimage"},"image":{"@id":"https:\/\/www.artisanlocal.ch\/c\/besoin-dun-expert-de-la-pose-de-carrelage-a-oron-la-ville\/#primaryimage"},"thumbnailUrl":"https:\/\/www.artisanlocal.ch\/c\/wp-content\/uploads\/2024\/11\/carreleur.jpg","datePublished":"2024-04-22T10:32:49+00:00","dateModified":"2025-08-26T17:28:39+00:00","breadcrumb":{"@id":"https:\/\/www.artisanlocal.ch\/c\/besoin-dun-expert-de-la-pose-de-carrelage-a-oron-la-ville\/#breadcrumb"},"inLanguage":"fr-FR","potentialAction":[{"@type":"ReadAction","target":["https:\/\/www.artisanlocal.ch\/c\/besoin-dun-expert-de-la-pose-de-carrelage-a-oron-la-ville\/"]}]},{"@type":"ImageObject","inLanguage":"fr-FR","@id":"https:\/\/www.artisanlocal.ch\/c\/besoin-dun-expert-de-la-pose-de-carrelage-a-oron-la-ville\/#primaryimage","url":"https:\/\/www.artisanlocal.ch\/c\/wp-content\/uploads\/2024\/11\/carreleur.jpg","contentUrl":"https:\/\/www.artisanlocal.ch\/c\/wp-content\/uploads\/2024\/11\/carreleur.jpg","width":1920,"height":300},{"@type":"BreadcrumbList","@id":"https:\/\/www.artisanlocal.ch\/c\/besoin-dun-expert-de-la-pose-de-carrelage-a-oron-la-ville\/#breadcrumb","itemListElement":[{"@type":"ListItem","position":1,"name":"Accueil","item":"https:\/\/www.artisanlocal.ch\/c\/"},{"@type":"ListItem","position":2,"name":"Besoin d&rsquo;un expert de la pose de carrelage \u00e0 Oron-la-Ville ?"}]},{"@type":"WebSite","@id":"https:\/\/www.artisanlocal.ch\/c\/#website","url":"https:\/\/www.artisanlocal.ch\/c\/","name":"Artisanlocal","description":"","publisher":{"@id":"https:\/\/www.artisanlocal.ch\/c\/#organization"},"potentialAction":[{"@type":"SearchAction","target":{"@type":"EntryPoint","urlTemplate":"https:\/\/www.artisanlocal.ch\/c\/?s={search_term_string}"},"query-input":{"@type":"PropertyValueSpecification","valueRequired":true,"valueName":"search_term_string"}}],"inLanguage":"fr-FR"},{"@type":"Organization","@id":"https:\/\/www.artisanlocal.ch\/c\/#organization","name":"Artisanlocal","url":"https:\/\/www.artisanlocal.ch\/c\/","logo":{"@type":"ImageObject","inLanguage":"fr-FR","@id":"https:\/\/www.artisanlocal.ch\/c\/#\/schema\/logo\/image\/","url":"https:\/\/www.artisanlocal.ch\/c\/wp-content\/uploads\/2024\/02\/logo-artisanlocal-h.svg","contentUrl":"https:\/\/www.artisanlocal.ch\/c\/wp-content\/uploads\/2024\/02\/logo-artisanlocal-h.svg","caption":"Artisanlocal"},"image":{"@id":"https:\/\/www.artisanlocal.ch\/c\/#\/schema\/logo\/image\/"}}]}},"_links":{"self":[{"href":"https:\/\/www.artisanlocal.ch\/c\/wp-json\/wp\/v2\/pages\/573","targetHints":{"allow":["GET"]}}],"collection":[{"href":"https:\/\/www.artisanlocal.ch\/c\/wp-json\/wp\/v2\/pages"}],"about":[{"href":"https:\/\/www.artisanlocal.ch\/c\/wp-json\/wp\/v2\/types\/page"}],"author":[{"embeddable":true,"href":"https:\/\/www.artisanlocal.ch\/c\/wp-json\/wp\/v2\/users\/4"}],"replies":[{"embeddable":true,"href":"https:\/\/www.artisanlocal.ch\/c\/wp-json\/wp\/v2\/comments?post=573"}],"version-history":[{"count":0,"href":"https:\/\/www.artisanlocal.ch\/c\/wp-json\/wp\/v2\/pages\/573\/revisions"}],"wp:featuredmedia":[{"embeddable":true,"href":"https:\/\/www.artisanlocal.ch\/c\/wp-json\/wp\/v2\/media\/2804"}],"wp:attachment":[{"href":"https:\/\/www.artisanlocal.ch\/c\/wp-json\/wp\/v2\/media?parent=573"}],"wp:term":[{"taxonomy":"profession","embeddable":true,"href":"https:\/\/www.artisanlocal.ch\/c\/wp-json\/wp\/v2\/profession?post=573"},{"taxonomy":"location","embeddable":true,"href":"https:\/\/www.artisanlocal.ch\/c\/wp-json\/wp\/v2\/location?post=573"},{"taxonomy":"canton","embeddable":true,"href":"https:\/\/www.artisanlocal.ch\/c\/wp-json\/wp\/v2\/canton?post=573"}],"curies":[{"name":"wp","href":"https:\/\/api.w.org\/{rel}","templated":true}]}}