{"id":576,"date":"2024-04-22T17:07:48","date_gmt":"2024-04-22T15:07:48","guid":{"rendered":"https:\/\/www.artisanlocal.ch\/c\/entreprise-de-carreaux-a-yverdon\/"},"modified":"2025-08-26T19:28:31","modified_gmt":"2025-08-26T17:28:31","slug":"entreprise-de-carreaux-a-yverdon","status":"publish","type":"page","link":"https:\/\/www.artisanlocal.ch\/c\/entreprise-de-carreaux-a-yverdon\/","title":{"rendered":"Entreprise de carrelage \u00e0 Yverdon-les-Bains"},"content":{"rendered":"<p>Besoin d&rsquo;une entreprise de carrelage \u00e0 Yverdon-les-Bains ? Artisanlocal propose des services d&rsquo;installation de carrelage pour r\u00e9pondre \u00e0 tous vos besoins de pose de carrelage : classique, de dosseret, pour votre salle de bain ou sur votre sol.<br \/>\n\r\n<div class=\"box\">\r\n    <h2 class=\"text-dark\">Nous cherchons un <em class=\"text-primary\">Carreleur<\/em> dans la r\u00e9gion de <em class=\"text-primary\">Yverdon-les-Bains<\/em>  en exclusivit\u00e9, afin de proposer vos services \u00e0 nos clients propri\u00e9taires.<\/h2>\r\n    <p>Une opportunit\u00e9 unique pour booster votre activit\u00e9 \u00e0 <strong>Yverdon-les-Bains<\/strong> et aux alentours dans votre domaine (Carreleur).<\/p>\r\n    <p>Nous travaillons en exclusivit\u00e9 avec qu'une soci\u00e9t\u00e9 par m\u00e9tier et par r\u00e9gion. <br>Votre entreprise est pr\u00e9sente sur tous les documents immobiliers. Afin d'\u00eatre mieux vu sur le net, vous \u00eates \u00e9galement visible sur nos deux sites et sur les pages de r\u00e9f\u00e9rencement de votre r\u00e9gion.<\/p>\r\n    <a href=\"\/contact\" class=\"wp-block-button__link has-accent-background-color has-text-align-center wp-element-button\">R\u00e9server<\/a>\r\n<\/div><\/p>\n<h2>Quelle est la plus-value qu&rsquo;offre Artisanlocal.ch ?<\/h2>\n<ul>\n<li>Nos prix sont attractifs,<\/li>\n<li>notre carrelage est de haute qualit\u00e9,<\/li>\n<li>notre entreprise est \u00e9tablie \u00e0 Yverdon-les-Bains et permet \u00e0 notre \u00e9quipe d&rsquo;intervenir rapidement chez vous,<\/li>\n<li>nos recommandations sont individualis\u00e9es \u00e0 votre projet,<\/li>\n<li>nos estimations sont gratuites,<\/li>\n<li>nous avons une \u00e9quipe exp\u00e9riment\u00e9e,<\/li>\n<li>une soci\u00e9t\u00e9 de confiance : nous intervenons dans des grandes entreprises et des architectes pour r\u00e9aliser l&rsquo;installation de parquet, fa\u00efence, carrelage, et de rev\u00eatements vari\u00e9s.<\/li>\n<\/ul>\n<h2>Recevez une estimation gratuite maintenant<\/h2>\n<p>N&rsquo;h\u00e9sitez pas \u00e0 nous contacter si vous d\u00e9sirez obtenir une estimation gratuite, nous vous r\u00e9pondrons d\u00e8s que possible pour estimer le prix de la pose de votre futur carrelage.<\/p>\n<h2>Nos solutions<\/h2>\n<ul>\n<li>Poses de parquet, carrelage, fa\u00efence, et autres mod\u00e8les de carreaux,<\/li>\n<li>Aide pour bien choisir votre carrelage,<\/li>\n<li>Installation et\u00a0fixation de votre carrelage,<\/li>\n<li>Installation de carrelage sur les murs et les sols,<\/li>\n<li>Installation de carrelage int\u00e9rieur et ext\u00e9rieur,<\/li>\n<li>le retrait de votre carrelage existants,<\/li>\n<li>le retrait du parquet flottant,<\/li>\n<li>Installation de carrelage pour votre terrasse.<\/li>\n<\/ul>\n<h2>Comment choisir le carrelage qui vous convient ?<\/h2>\n<h3>Songer \u00e0 l&rsquo;endroit o\u00f9 le carrelage sera pos\u00e9<\/h3>\n<p>Avant d&rsquo;installer votre carrelage, vous devez \u00e9tudier l&#8217;emplacement et le trafic que le carreau va subir. Par ailleurs, les gens porteront-ils des chaussures ou des chaussettes en marchant dessus\u202f? Est-il pr\u00e9vu qu&rsquo;il soit soumis \u00e0 des conditions humides\u202f? Prenez aussi compte des multiples surfaces qu&rsquo;il va recouvrir, par exemple : les murs, les sols, les plans de travail, etc.<\/p>\n<h3>\u00c9valuez la quantit\u00e9 de carreaux requise<\/h3>\n<p>Pour d\u00e9terminer le volume en m\u00b2 de carrelages n\u00e9cessaires pour votre projet, effectuez la multiplication : longueur par sa largeur et rajoutez environ 5 % pour conserver une marge de s\u00e9curit\u00e9. Nous sugg\u00e9rons de garder des carreaux en plus en cas de dommages ult\u00e9rieurs.<\/p>\n<h3>S\u00e9lectionnez le bon mat\u00e9riau<\/h3>\n<p>Les mat\u00e9riaux ont un effet sur : le montant de l&rsquo;entretien, l&rsquo;apparence et la durabilit\u00e9. D&rsquo;autre part, il faut tenir compte de la texture et des finitions pour s\u00e9lectionner les meilleurs carreaux potentiel.<\/p>\n<h3>Maintenance<\/h3>\n<p>Vous devez aussi prendre en compte la complexit\u00e9 d&rsquo;entretien au moment de s\u00e9lectionner vos carreaux, exemple : le nettoyage des carreaux avec des joints clairs est plus long en raison de leur tendance \u00e0 accumuler la crasse, ce qui les rend plus compliqu\u00e9s \u00e0 d\u00e9crasser par rapport aux autres colorations.<\/p>\n<h2>Obtenez un rendez-vous d\u00e8s maintenant<\/h2>\n<p>Notre \u00e9quipe constitu\u00e9e d&rsquo;experts dans l&rsquo;installation de carreaux \u00e0 Yverdon-les-Bains savent que la s\u00e9lection de votre carrelage peut \u00eatre compliqu\u00e9e, c&rsquo;est pourquoi notre \u00e9quipe est joignable du lundi au samedi pour vous donner des conseils.<\/p>\n<h2>Questions-r\u00e9ponses<\/h2>\n<h3>Quel est le fonctionnement de votre soci\u00e9t\u00e9 ?<\/h3>\n<ol>\n<li>Prise de rendez-vous par email ou par t\u00e9l\u00e9phone.<\/li>\n<li>Nous planifions ensemble le rendez-vous en fonction de votre agenda.<\/li>\n<li>Nous nous d\u00e9pla\u00e7ons \u00e0 votre logement pour d\u00e9finir le nombre de carreaux \u00e0 poser.<\/li>\n<li>Nous lan\u00e7ons l&rsquo;installation des carrelages \u00e0 votre logement.<\/li>\n<\/ol>\n<h3>Votre soci\u00e9t\u00e9 intervient \u00e0 Yverdon-les-Bains et dans les villes aux alentours ?<\/h3>\n<p>Oui, nous intervenons \u00e0 Yverdon-les-Bains, mais aussi dans les villes aux alentours, comme :<\/p>\nOppens, Cheseaux-Nor\u00e9az, Cuarny, Villars-Epeney, Pomy, Cronay, Bioley-Magnoux, Donneloye, Gossens, M\u00e9zery-pr\u00e8s-Donneloye, Prahins, Ursins, Valeyres-sous-Ursins, Orzens, D\u00e9moret, Molondin, Epautheyres, Essertines-sur-Yverdon, Belmont-sur-Yverdon, Gressy, Suchy, Ependes VD, Essert-Pittet, Chamblon, Treycovagnes, Susc\u00e9vaz, Mathod, Valeyres-sous-Montagny, Montagny-pr\u00e8s-Yverdon, Champvent, Essert-sous-Champvent, Villars-sous-Champvent, Yvonand, Rovray, Chavannes-le-Ch\u00eane, Ch\u00eane-P\u00e2quier.\n<h3>Quels sont les styles de carrelages les plus populaires que vous posez\u202f?<\/h3>\n<ul>\n<li>Les carreaux mosa\u00efques.<\/li>\n<li>Les carreaux int\u00e9rieurs blancs de m\u00e9tro.<\/li>\n<li>Les carreaux de marbre.<\/li>\n<li>Les carrelages en c\u00e9ramique.<\/li>\n<li>Les carrelages ciments.<\/li>\n<li>Les carrelages porcelaine.<\/li>\n<\/ul>\n","protected":false},"excerpt":{"rendered":"<p>Besoin d&rsquo;une entreprise de carrelage \u00e0 Yverdon-les-Bains ? Artisanlocal propose des services d&rsquo;installation de carrelage pour r\u00e9pondre \u00e0 tous vos besoins de pose de carrelage : classique, de dosseret, pour votre salle de bain ou sur votre sol. Quelle est la plus-value qu&rsquo;offre Artisanlocal.ch ? Nos prix sont attractifs, notre carrelage est de haute qualit\u00e9, [&hellip;]<\/p>\n","protected":false},"author":4,"featured_media":2804,"parent":0,"menu_order":0,"comment_status":"closed","ping_status":"closed","template":"","meta":{"footnotes":""},"profession":[119],"location":[33],"canton":[113],"class_list":["post-576","page","type-page","status-publish","has-post-thumbnail","hentry","profession-carreleur","location-yverdon-les-bains","canton-vd"],"yoast_head":"<!-- This site is optimized with the Yoast SEO Premium plugin v25.7.1 (Yoast SEO v27.4) - https:\/\/yoast.com\/product\/yoast-seo-premium-wordpress\/ -->\n<title>Entreprise de carrelage \u00e0 Yverdon-les-Bains - Artisanlocal<\/title>\n<meta name=\"robots\" content=\"index, follow, max-snippet:-1, max-image-preview:large, max-video-preview:-1\" \/>\n<link rel=\"canonical\" href=\"https:\/\/www.artisanlocal.ch\/c\/entreprise-de-carreaux-a-yverdon\/\" \/>\n<meta property=\"og:locale\" content=\"fr_FR\" \/>\n<meta property=\"og:type\" content=\"article\" \/>\n<meta property=\"og:title\" content=\"Entreprise de carrelage \u00e0 Yverdon-les-Bains\" \/>\n<meta property=\"og:description\" content=\"Besoin d&rsquo;une entreprise de carrelage \u00e0 Yverdon-les-Bains ? Artisanlocal propose des services d&rsquo;installation de carrelage pour r\u00e9pondre \u00e0 tous vos besoins de pose de carrelage : classique, de dosseret, pour votre salle de bain ou sur votre sol. Quelle est la plus-value qu&rsquo;offre Artisanlocal.ch ? Nos prix sont attractifs, notre carrelage est de haute qualit\u00e9, [&hellip;]\" \/>\n<meta property=\"og:url\" content=\"https:\/\/www.artisanlocal.ch\/c\/entreprise-de-carreaux-a-yverdon\/\" \/>\n<meta property=\"og:site_name\" content=\"Artisanlocal\" \/>\n<meta property=\"article:modified_time\" content=\"2025-08-26T17:28:31+00:00\" \/>\n<meta property=\"og:image\" content=\"https:\/\/www.artisanlocal.ch\/c\/wp-content\/uploads\/2024\/11\/carreleur.jpg\" \/>\n\t<meta property=\"og:image:width\" content=\"1920\" \/>\n\t<meta property=\"og:image:height\" content=\"300\" \/>\n\t<meta property=\"og:image:type\" content=\"image\/jpeg\" \/>\n<meta name=\"twitter:card\" content=\"summary_large_image\" \/>\n<meta name=\"twitter:label1\" content=\"Dur\u00e9e de lecture estim\u00e9e\" \/>\n\t<meta name=\"twitter:data1\" content=\"4 minutes\" \/>\n<script type=\"application\/ld+json\" class=\"yoast-schema-graph\">{\"@context\":\"https:\\\/\\\/schema.org\",\"@graph\":[{\"@type\":\"WebPage\",\"@id\":\"https:\\\/\\\/www.artisanlocal.ch\\\/c\\\/entreprise-de-carreaux-a-yverdon\\\/\",\"url\":\"https:\\\/\\\/www.artisanlocal.ch\\\/c\\\/entreprise-de-carreaux-a-yverdon\\\/\",\"name\":\"Entreprise de carrelage \u00e0 Yverdon-les-Bains - Artisanlocal\",\"isPartOf\":{\"@id\":\"https:\\\/\\\/www.artisanlocal.ch\\\/c\\\/#website\"},\"primaryImageOfPage\":{\"@id\":\"https:\\\/\\\/www.artisanlocal.ch\\\/c\\\/entreprise-de-carreaux-a-yverdon\\\/#primaryimage\"},\"image\":{\"@id\":\"https:\\\/\\\/www.artisanlocal.ch\\\/c\\\/entreprise-de-carreaux-a-yverdon\\\/#primaryimage\"},\"thumbnailUrl\":\"https:\\\/\\\/www.artisanlocal.ch\\\/c\\\/wp-content\\\/uploads\\\/2024\\\/11\\\/carreleur.jpg\",\"datePublished\":\"2024-04-22T15:07:48+00:00\",\"dateModified\":\"2025-08-26T17:28:31+00:00\",\"breadcrumb\":{\"@id\":\"https:\\\/\\\/www.artisanlocal.ch\\\/c\\\/entreprise-de-carreaux-a-yverdon\\\/#breadcrumb\"},\"inLanguage\":\"fr-FR\",\"potentialAction\":[{\"@type\":\"ReadAction\",\"target\":[\"https:\\\/\\\/www.artisanlocal.ch\\\/c\\\/entreprise-de-carreaux-a-yverdon\\\/\"]}]},{\"@type\":\"ImageObject\",\"inLanguage\":\"fr-FR\",\"@id\":\"https:\\\/\\\/www.artisanlocal.ch\\\/c\\\/entreprise-de-carreaux-a-yverdon\\\/#primaryimage\",\"url\":\"https:\\\/\\\/www.artisanlocal.ch\\\/c\\\/wp-content\\\/uploads\\\/2024\\\/11\\\/carreleur.jpg\",\"contentUrl\":\"https:\\\/\\\/www.artisanlocal.ch\\\/c\\\/wp-content\\\/uploads\\\/2024\\\/11\\\/carreleur.jpg\",\"width\":1920,\"height\":300},{\"@type\":\"BreadcrumbList\",\"@id\":\"https:\\\/\\\/www.artisanlocal.ch\\\/c\\\/entreprise-de-carreaux-a-yverdon\\\/#breadcrumb\",\"itemListElement\":[{\"@type\":\"ListItem\",\"position\":1,\"name\":\"Accueil\",\"item\":\"https:\\\/\\\/www.artisanlocal.ch\\\/c\\\/\"},{\"@type\":\"ListItem\",\"position\":2,\"name\":\"Entreprise de carrelage \u00e0 Yverdon\"}]},{\"@type\":\"WebSite\",\"@id\":\"https:\\\/\\\/www.artisanlocal.ch\\\/c\\\/#website\",\"url\":\"https:\\\/\\\/www.artisanlocal.ch\\\/c\\\/\",\"name\":\"Artisanlocal\",\"description\":\"\",\"publisher\":{\"@id\":\"https:\\\/\\\/www.artisanlocal.ch\\\/c\\\/#organization\"},\"potentialAction\":[{\"@type\":\"SearchAction\",\"target\":{\"@type\":\"EntryPoint\",\"urlTemplate\":\"https:\\\/\\\/www.artisanlocal.ch\\\/c\\\/?s={search_term_string}\"},\"query-input\":{\"@type\":\"PropertyValueSpecification\",\"valueRequired\":true,\"valueName\":\"search_term_string\"}}],\"inLanguage\":\"fr-FR\"},{\"@type\":\"Organization\",\"@id\":\"https:\\\/\\\/www.artisanlocal.ch\\\/c\\\/#organization\",\"name\":\"Artisanlocal\",\"url\":\"https:\\\/\\\/www.artisanlocal.ch\\\/c\\\/\",\"logo\":{\"@type\":\"ImageObject\",\"inLanguage\":\"fr-FR\",\"@id\":\"https:\\\/\\\/www.artisanlocal.ch\\\/c\\\/#\\\/schema\\\/logo\\\/image\\\/\",\"url\":\"https:\\\/\\\/www.artisanlocal.ch\\\/c\\\/wp-content\\\/uploads\\\/2024\\\/02\\\/logo-artisanlocal-h.svg\",\"contentUrl\":\"https:\\\/\\\/www.artisanlocal.ch\\\/c\\\/wp-content\\\/uploads\\\/2024\\\/02\\\/logo-artisanlocal-h.svg\",\"caption\":\"Artisanlocal\"},\"image\":{\"@id\":\"https:\\\/\\\/www.artisanlocal.ch\\\/c\\\/#\\\/schema\\\/logo\\\/image\\\/\"}}]}<\/script>\n<!-- \/ Yoast SEO Premium plugin. -->","yoast_head_json":{"title":"Entreprise de carrelage \u00e0 Yverdon-les-Bains - Artisanlocal","robots":{"index":"index","follow":"follow","max-snippet":"max-snippet:-1","max-image-preview":"max-image-preview:large","max-video-preview":"max-video-preview:-1"},"canonical":"https:\/\/www.artisanlocal.ch\/c\/entreprise-de-carreaux-a-yverdon\/","og_locale":"fr_FR","og_type":"article","og_title":"Entreprise de carrelage \u00e0 Yverdon-les-Bains","og_description":"Besoin d&rsquo;une entreprise de carrelage \u00e0 Yverdon-les-Bains ? Artisanlocal propose des services d&rsquo;installation de carrelage pour r\u00e9pondre \u00e0 tous vos besoins de pose de carrelage : classique, de dosseret, pour votre salle de bain ou sur votre sol. Quelle est la plus-value qu&rsquo;offre Artisanlocal.ch ? Nos prix sont attractifs, notre carrelage est de haute qualit\u00e9, [&hellip;]","og_url":"https:\/\/www.artisanlocal.ch\/c\/entreprise-de-carreaux-a-yverdon\/","og_site_name":"Artisanlocal","article_modified_time":"2025-08-26T17:28:31+00:00","og_image":[{"width":1920,"height":300,"url":"https:\/\/www.artisanlocal.ch\/c\/wp-content\/uploads\/2024\/11\/carreleur.jpg","type":"image\/jpeg"}],"twitter_card":"summary_large_image","twitter_misc":{"Dur\u00e9e de lecture estim\u00e9e":"4 minutes"},"schema":{"@context":"https:\/\/schema.org","@graph":[{"@type":"WebPage","@id":"https:\/\/www.artisanlocal.ch\/c\/entreprise-de-carreaux-a-yverdon\/","url":"https:\/\/www.artisanlocal.ch\/c\/entreprise-de-carreaux-a-yverdon\/","name":"Entreprise de carrelage \u00e0 Yverdon-les-Bains - Artisanlocal","isPartOf":{"@id":"https:\/\/www.artisanlocal.ch\/c\/#website"},"primaryImageOfPage":{"@id":"https:\/\/www.artisanlocal.ch\/c\/entreprise-de-carreaux-a-yverdon\/#primaryimage"},"image":{"@id":"https:\/\/www.artisanlocal.ch\/c\/entreprise-de-carreaux-a-yverdon\/#primaryimage"},"thumbnailUrl":"https:\/\/www.artisanlocal.ch\/c\/wp-content\/uploads\/2024\/11\/carreleur.jpg","datePublished":"2024-04-22T15:07:48+00:00","dateModified":"2025-08-26T17:28:31+00:00","breadcrumb":{"@id":"https:\/\/www.artisanlocal.ch\/c\/entreprise-de-carreaux-a-yverdon\/#breadcrumb"},"inLanguage":"fr-FR","potentialAction":[{"@type":"ReadAction","target":["https:\/\/www.artisanlocal.ch\/c\/entreprise-de-carreaux-a-yverdon\/"]}]},{"@type":"ImageObject","inLanguage":"fr-FR","@id":"https:\/\/www.artisanlocal.ch\/c\/entreprise-de-carreaux-a-yverdon\/#primaryimage","url":"https:\/\/www.artisanlocal.ch\/c\/wp-content\/uploads\/2024\/11\/carreleur.jpg","contentUrl":"https:\/\/www.artisanlocal.ch\/c\/wp-content\/uploads\/2024\/11\/carreleur.jpg","width":1920,"height":300},{"@type":"BreadcrumbList","@id":"https:\/\/www.artisanlocal.ch\/c\/entreprise-de-carreaux-a-yverdon\/#breadcrumb","itemListElement":[{"@type":"ListItem","position":1,"name":"Accueil","item":"https:\/\/www.artisanlocal.ch\/c\/"},{"@type":"ListItem","position":2,"name":"Entreprise de carrelage \u00e0 Yverdon"}]},{"@type":"WebSite","@id":"https:\/\/www.artisanlocal.ch\/c\/#website","url":"https:\/\/www.artisanlocal.ch\/c\/","name":"Artisanlocal","description":"","publisher":{"@id":"https:\/\/www.artisanlocal.ch\/c\/#organization"},"potentialAction":[{"@type":"SearchAction","target":{"@type":"EntryPoint","urlTemplate":"https:\/\/www.artisanlocal.ch\/c\/?s={search_term_string}"},"query-input":{"@type":"PropertyValueSpecification","valueRequired":true,"valueName":"search_term_string"}}],"inLanguage":"fr-FR"},{"@type":"Organization","@id":"https:\/\/www.artisanlocal.ch\/c\/#organization","name":"Artisanlocal","url":"https:\/\/www.artisanlocal.ch\/c\/","logo":{"@type":"ImageObject","inLanguage":"fr-FR","@id":"https:\/\/www.artisanlocal.ch\/c\/#\/schema\/logo\/image\/","url":"https:\/\/www.artisanlocal.ch\/c\/wp-content\/uploads\/2024\/02\/logo-artisanlocal-h.svg","contentUrl":"https:\/\/www.artisanlocal.ch\/c\/wp-content\/uploads\/2024\/02\/logo-artisanlocal-h.svg","caption":"Artisanlocal"},"image":{"@id":"https:\/\/www.artisanlocal.ch\/c\/#\/schema\/logo\/image\/"}}]}},"_links":{"self":[{"href":"https:\/\/www.artisanlocal.ch\/c\/wp-json\/wp\/v2\/pages\/576","targetHints":{"allow":["GET"]}}],"collection":[{"href":"https:\/\/www.artisanlocal.ch\/c\/wp-json\/wp\/v2\/pages"}],"about":[{"href":"https:\/\/www.artisanlocal.ch\/c\/wp-json\/wp\/v2\/types\/page"}],"author":[{"embeddable":true,"href":"https:\/\/www.artisanlocal.ch\/c\/wp-json\/wp\/v2\/users\/4"}],"replies":[{"embeddable":true,"href":"https:\/\/www.artisanlocal.ch\/c\/wp-json\/wp\/v2\/comments?post=576"}],"version-history":[{"count":0,"href":"https:\/\/www.artisanlocal.ch\/c\/wp-json\/wp\/v2\/pages\/576\/revisions"}],"wp:featuredmedia":[{"embeddable":true,"href":"https:\/\/www.artisanlocal.ch\/c\/wp-json\/wp\/v2\/media\/2804"}],"wp:attachment":[{"href":"https:\/\/www.artisanlocal.ch\/c\/wp-json\/wp\/v2\/media?parent=576"}],"wp:term":[{"taxonomy":"profession","embeddable":true,"href":"https:\/\/www.artisanlocal.ch\/c\/wp-json\/wp\/v2\/profession?post=576"},{"taxonomy":"location","embeddable":true,"href":"https:\/\/www.artisanlocal.ch\/c\/wp-json\/wp\/v2\/location?post=576"},{"taxonomy":"canton","embeddable":true,"href":"https:\/\/www.artisanlocal.ch\/c\/wp-json\/wp\/v2\/canton?post=576"}],"curies":[{"name":"wp","href":"https:\/\/api.w.org\/{rel}","templated":true}]}}