{"id":579,"date":"2024-04-21T12:47:17","date_gmt":"2024-04-21T10:47:17","guid":{"rendered":"https:\/\/www.artisanlocal.ch\/c\/entreprise-de-carreaux-a-st-maurice\/"},"modified":"2025-10-29T12:49:36","modified_gmt":"2025-10-29T11:49:36","slug":"entreprise-de-carreaux-a-st-maurice","status":"publish","type":"page","link":"https:\/\/www.artisanlocal.ch\/c\/entreprise-de-carreaux-a-st-maurice\/","title":{"rendered":"Entreprise de carrelage \u00e0 St-Maurice"},"content":{"rendered":"<p>Besoin d&rsquo;une entreprise de carrelage \u00e0 St-Maurice ? Artisanlocal installe tous types de carrelages \u00e0 St-Maurice et dans les villes proches.<\/p>\n\r\n<div class=\"box\">\r\n            <div class=\"company-info\">\r\n            <img decoding=\"async\" class=\"company-info__logo\" src=\"https:\/\/www.artisanlocal.ch\/media\/cache\/thumb\/images\/companies\/6475b55b8c1ed990799728.png\" alt=\"Logo\">\r\n            <h2 class=\"company-info__name\">Rouiller Carrelage S\u00e0rl<\/h2>\r\n            <p class=\"company-info__business\">Entreprise de Carrelage - R\u00e9novation - Pierres naturelles - Rev\u00eatements de Sols<\/p>\r\n        <\/div>\r\n        <div class=\"company-contact\">\r\n            <p class=\"company-info__address\">Grand Rue 56B<\/p>\r\n                            <div class=\"links\">\r\n                                            <a class=\"btn has-accent-background-color js-phoneNumber\" href=\"tel:0797695203\" title=\"Appelez\" data-id=\"6649\" data-type=\"11\">079 769 52 03<\/a>\r\n                                                                <a class=\"btn has-accent-background-color\" href=\"https:\/\/rouillercarrelage.ch\/\" target=\"_blank\" title=\"Voir le site internet\" data-id=\"6649\" data-type=\"20\">Site internet<\/a>\r\n                                    <\/div>\r\n                    <\/div>\r\n    \r\n            \r\n<form action=\"https:\/\/www.artisanlocal.ch\/c\/wp-admin\/admin-ajax.php\" method=\"post\" class=\"form-contact\" id=\"artisan_form_contact_company_inline\">\r\n    <div><input type=\"hidden\" name=\"action\" value=\"company_contact\"><\/div>\r\n    <div><input type=\"hidden\" name=\"nonce\" value=\"e60ea15821\"><\/div>\r\n    <div><input type=\"hidden\" name=\"company_id\" value=\"6649\"><\/div>\r\n    <div><input type=\"hidden\" name=\"form_id\" value=\"artisan_form_contact_company_inline\"><\/div>\r\n    <div class=\"gglcptch gglcptch_v3 gglcptch_custom\"><input type=\"hidden\" id=\"g-recaptcha-response\" name=\"g-recaptcha-response\" \/><br \/><div class=\"gglcptch_error_text\">La p\u00e9riode de v\u00e9rification reCAPTCHA a expir\u00e9. Veuillez recharger la page.<\/div><\/div>    <div class=\"form-content\">\r\n        <div class=\"form-group\">\r\n            <label for=\"contact_firstName\" class=\"required\">Pr\u00e9nom<\/label>\r\n            <input type=\"text\" name=\"firstName\" class=\"form-control\" required>\r\n        <\/div>\r\n        <div class=\"form-group\">\r\n            <label for=\"contact_lastName\" class=\"required\">Nom<\/label>\r\n            <input type=\"text\" name=\"lastName\" class=\"form-control\" required>\r\n        <\/div>\r\n        <div class=\"form-group\">\r\n            <label for=\"contact_email\" class=\"required\">Email<\/label>\r\n            <input type=\"email\" name=\"email\" class=\"form-control\" required>\r\n        <\/div>\r\n        <div class=\"form-group\">\r\n            <label for=\"contact_phone\" class=\"required\">Num\u00e9ro de t\u00e9l\u00e9phone<\/label>\r\n            <input type=\"tel\" name=\"phone\" class=\"form-control\" placeholder=\"0787117165\" pattern=\"^[0-9]{10}$\" required>\r\n        <\/div>\r\n        <div class=\"form-group\">\r\n            <label for=\"contact_postalCode\" class=\"required\">Code postal et localit\u00e9<\/label>\r\n            <input type=\"text\" name=\"postalCode\" class=\"form-control\" required>\r\n        <\/div>\r\n        <div class=\"form-group\">\r\n            <label for=\"contact_address\" class=\"required\">Adresse<\/label>\r\n            <input type=\"text\" name=\"address\" class=\"form-control\" required>\r\n        <\/div>\r\n        <div class=\"full-width topic\">\r\n            <p class=\"required\">Je souhaite \u00eatre contact\u00e9 pour :<\/p>\r\n            <div class=\"form-check\">\r\n                <input type=\"radio\" name=\"topic\" value=\"D\u00e9pannage\" class=\"form-control\" required>\r\n                <label for=\"d\u00e9pannage\">D\u00e9pannage<\/label>\r\n            <\/div>\r\n            <div class=\"form-check\">\r\n                <input type=\"radio\" name=\"topic\" value=\"Entretien\" class=\"form-control\" required>\r\n                <label for=\"entretien\">Entretien<\/label>\r\n            <\/div>\r\n            <div class=\"form-check\">\r\n                <input type=\"radio\" name=\"topic\" value=\"R\u00e9novation\" class=\"form-control\" required>\r\n                <label for=\"r\u00e9novation\">R\u00e9novation<\/label>\r\n            <\/div>\r\n            <div class=\"form-check\">\r\n                <input type=\"radio\" name=\"topic\" value=\"Autre\" class=\"form-control\" required>\r\n                <label for=\"autre\">Autre<\/label>\r\n            <\/div>\r\n        <\/div>\r\n        <div class=\"form-group full-width\">\r\n            <label for=\"contact_message\">Message<\/label>\r\n            <textarea name=\"message\" rows=\"3\" class=\"form-control\"><\/textarea>\r\n        <\/div>\r\n    <\/div>\r\n    <div class=\"form-actions\">\r\n        <button class=\"wp-block-button__link has-accent-background-color\">Contacter<\/button>\r\n    <\/div>\r\n<\/form>\r\n<div class=\"form-feedback\"><\/div>    <\/div>\n<h2>Pourquoi choisir notre entreprise ?<\/h2>\n<ul>\n<li>Des prix comp\u00e9titifs,<\/li>\n<li>nous utilisons du carrelage de qualit\u00e9,<\/li>\n<li>notre entreprise est situ\u00e9e \u00e0 St-Maurice, et se d\u00e9place rapidement \u00e0 votre domicile,<\/li>\n<li>nos conseils sont personnalis\u00e9s,<\/li>\n<li>nos devis sont gratuits,<\/li>\n<li>nos techniciens sont exp\u00e9riment\u00e9s,<\/li>\n<li>une entreprise de confiance : nous collaborons avec des grandes entreprises et des architectes.<\/li>\n<\/ul>\n<h2>Recevez un devis gratuit<\/h2>\n<p>N&rsquo;h\u00e9sitez pas \u00e0 nous contacter si vous avez besoin d&rsquo;un devis gratuit, nous vous r\u00e9pondrons rapidement pour \u00e9valuer le co\u00fbt de votre projet.<\/p>\n<h2>Nos prestations<\/h2>\n<ul>\n<li>Installation : parquet, carrelage, fa\u00efence, et autres mod\u00e8les de carrelages,<\/li>\n<li>Conseil personnalis\u00e9 pour choisir votre carrelage,<\/li>\n<li>Installation du carrelage : murs et sols,<\/li>\n<li>Scellement du carrelage,<\/li>\n<li>Enl\u00e8vement de votre carrelage et\u00a0parquet flottant,<\/li>\n<li>Installation de carrelage en int\u00e9rieur et ext\u00e9rieur.<\/li>\n<\/ul>\n<h2>Comment choisir le meilleur carrelage pour votre projet ?<\/h2>\n<h3>Anticipez le lieu o\u00f9 le carrelage sera install\u00e9<\/h3>\n<p>Prenez en compte l&rsquo;endroit o\u00f9 le carrelage va \u00eatre install\u00e9 et aussi s&rsquo;il se trouve dans un passage visit\u00e9\u202f? Par ailleurs, les gens porteront-ils des chaussures ou des chaussettes en marchant sur le carrelage\u202f? Va-t-il \u00eatre soumis \u00e0 des conditions humides\u202f? Prenez aussi compte des diff\u00e9rentes surfaces qu&rsquo;il va rev\u00eatir, comme : les murs, les sols ou les plans de travail.<\/p>\n<h3>\u00c9valuez le volume de carrelage \u00e0 installer<\/h3>\n<p>Pour \u00e9valuer le volume de carrelages en m\u00b2 n\u00e9cessaires pour votre espace, effectuez la multiplication : longueur par sa largeur et rajoutez environ 5 % pour garder une marge de s\u00e9curit\u00e9. Nous sugg\u00e9rons de conserver des carreaux en plus en cas de dommages.<\/p>\n<h3>S\u00e9lectionnez le bon mat\u00e9riau<\/h3>\n<p>Le mat\u00e9riau impact : le prix, l&rsquo;entretien, l&rsquo;apparence et la long\u00e9vit\u00e9. De plus, il est indispensable de prendre en compte les finitions et la texture pour choisir le bon mat\u00e9riau.<\/p>\n<h3>Nettoyez<\/h3>\n<p>Nous vous sugg\u00e9rons de prendre en consid\u00e9ration le nettoyage, par exemple : l&rsquo;entretien du carrelage avec un joint clair est plus compliqu\u00e9 \u00e0 cause de leur tendance \u00e0 accumuler la poussi\u00e8re, ce qui les rend plus longs \u00e0 d\u00e9crasser par rapport aux autres couleurs.<\/p>\n<h2>Contactez-nous pour obtenir un rendez-vous<\/h2>\n<p>Nos carreleurs \u00e0 St-Maurice ont conscience de la difficult\u00e9 de votre objectif, c&rsquo;est pourquoi notre \u00e9quipe est joignable du lundi au samedi pour vous donner des conseils.<\/p>\n<h2>FAQ<\/h2>\n<h3>De quelle mani\u00e8re fonctionne votre entreprise ?<\/h3>\n<ol>\n<li>Prise de rendez-vous par t\u00e9l\u00e9phone ou par email.<\/li>\n<li>Ensuite, nous fixons un rendez-vous avec vous.<\/li>\n<li>Notre \u00e9quipe se d\u00e9place \u00e0 votre domicile pour calculer le volume de carrelage \u00e0 installer.<\/li>\n<li>D\u00e9but de votre projet.<\/li>\n<\/ol>\n<h3>Votre entreprise intervient \u00e0 St-Maurice et dans les villes \u00e0 proximit\u00e9 ?<\/h3>\n<p>Oui, notre \u00e9quipe intervient \u00e0 St-Maurice, mais aussi dans les villes \u00e0 proximit\u00e9, telles que :<\/p>\nCollombey, Massongex, Monthey, Cho\u00ebx, Les Giettes, Troistorrents, Champoussin, Les Crosets, Val-d'Illiez, Champ\u00e9ry, Morgins, Mex VS, V\u00e9rossaz, Morcles, Muraz (Collombey), Vionnaz, Miex, Vouvry, Bouveret, Les Evouettes, St-Gingolph, Torgon, Evionnaz, Collonges, Vernayaz, Dor\u00e9naz, Les Granges (Salvan), Salvan, Le Tr\u00e9tien, Les Mar\u00e9cottes, Finhaut, Le Ch\u00e2telard VS.\n<h3>Vous installez quels mod\u00e8les de carrelages le plus souvent\u202f?<\/h3>\n<ul>\n<li>Les carreaux mosa\u00efques.<\/li>\n<li>Les carrelages int\u00e9rieurs blancs de m\u00e9tro.<\/li>\n<li>Les carreaux de marbre.<\/li>\n<li>Les carreaux de c\u00e9ramique.<\/li>\n<li>Les carrelages en ciments.<\/li>\n<li>Les carrelages en porcelaine.<\/li>\n<\/ul>\n","protected":false},"excerpt":{"rendered":"<p>Besoin d&rsquo;une entreprise de carrelage \u00e0 St-Maurice ? Artisanlocal installe tous types de carrelages \u00e0 St-Maurice et dans les villes proches. Pourquoi choisir notre entreprise ? Des prix comp\u00e9titifs, nous utilisons du carrelage de qualit\u00e9, notre entreprise est situ\u00e9e \u00e0 St-Maurice, et se d\u00e9place rapidement \u00e0 votre domicile, nos conseils sont personnalis\u00e9s, nos devis sont [&hellip;]<\/p>\n","protected":false},"author":4,"featured_media":2804,"parent":0,"menu_order":0,"comment_status":"closed","ping_status":"closed","template":"","meta":{"footnotes":""},"profession":[119],"location":[7],"canton":[110],"class_list":["post-579","page","type-page","status-publish","has-post-thumbnail","hentry","profession-carreleur","location-st-maurice","canton-vs"],"yoast_head":"<!-- This site is optimized with the Yoast SEO Premium plugin v25.7.1 (Yoast SEO v27.4) - https:\/\/yoast.com\/product\/yoast-seo-premium-wordpress\/ -->\n<title>Entreprise de carrelage \u00e0 St-Maurice - Artisanlocal<\/title>\n<meta name=\"robots\" content=\"index, follow, max-snippet:-1, max-image-preview:large, max-video-preview:-1\" \/>\n<link rel=\"canonical\" href=\"https:\/\/www.artisanlocal.ch\/c\/entreprise-de-carreaux-a-st-maurice\/\" \/>\n<meta property=\"og:locale\" content=\"fr_FR\" \/>\n<meta property=\"og:type\" content=\"article\" \/>\n<meta property=\"og:title\" content=\"Entreprise de carrelage \u00e0 St-Maurice\" \/>\n<meta property=\"og:description\" content=\"Besoin d&rsquo;une entreprise de carrelage \u00e0 St-Maurice ? Artisanlocal installe tous types de carrelages \u00e0 St-Maurice et dans les villes proches. Pourquoi choisir notre entreprise ? Des prix comp\u00e9titifs, nous utilisons du carrelage de qualit\u00e9, notre entreprise est situ\u00e9e \u00e0 St-Maurice, et se d\u00e9place rapidement \u00e0 votre domicile, nos conseils sont personnalis\u00e9s, nos devis sont [&hellip;]\" \/>\n<meta property=\"og:url\" content=\"https:\/\/www.artisanlocal.ch\/c\/entreprise-de-carreaux-a-st-maurice\/\" \/>\n<meta property=\"og:site_name\" content=\"Artisanlocal\" \/>\n<meta property=\"article:modified_time\" content=\"2025-10-29T11:49:36+00:00\" \/>\n<meta property=\"og:image\" content=\"https:\/\/www.artisanlocal.ch\/c\/wp-content\/uploads\/2024\/11\/carreleur.jpg\" \/>\n\t<meta property=\"og:image:width\" content=\"1920\" \/>\n\t<meta property=\"og:image:height\" content=\"300\" \/>\n\t<meta property=\"og:image:type\" content=\"image\/jpeg\" \/>\n<meta name=\"twitter:card\" content=\"summary_large_image\" \/>\n<meta name=\"twitter:label1\" content=\"Dur\u00e9e de lecture estim\u00e9e\" \/>\n\t<meta name=\"twitter:data1\" content=\"3 minutes\" \/>\n<script type=\"application\/ld+json\" class=\"yoast-schema-graph\">{\"@context\":\"https:\\\/\\\/schema.org\",\"@graph\":[{\"@type\":\"WebPage\",\"@id\":\"https:\\\/\\\/www.artisanlocal.ch\\\/c\\\/entreprise-de-carreaux-a-st-maurice\\\/\",\"url\":\"https:\\\/\\\/www.artisanlocal.ch\\\/c\\\/entreprise-de-carreaux-a-st-maurice\\\/\",\"name\":\"Entreprise de carrelage \u00e0 St-Maurice - Artisanlocal\",\"isPartOf\":{\"@id\":\"https:\\\/\\\/www.artisanlocal.ch\\\/c\\\/#website\"},\"primaryImageOfPage\":{\"@id\":\"https:\\\/\\\/www.artisanlocal.ch\\\/c\\\/entreprise-de-carreaux-a-st-maurice\\\/#primaryimage\"},\"image\":{\"@id\":\"https:\\\/\\\/www.artisanlocal.ch\\\/c\\\/entreprise-de-carreaux-a-st-maurice\\\/#primaryimage\"},\"thumbnailUrl\":\"https:\\\/\\\/www.artisanlocal.ch\\\/c\\\/wp-content\\\/uploads\\\/2024\\\/11\\\/carreleur.jpg\",\"datePublished\":\"2024-04-21T10:47:17+00:00\",\"dateModified\":\"2025-10-29T11:49:36+00:00\",\"breadcrumb\":{\"@id\":\"https:\\\/\\\/www.artisanlocal.ch\\\/c\\\/entreprise-de-carreaux-a-st-maurice\\\/#breadcrumb\"},\"inLanguage\":\"fr-FR\",\"potentialAction\":[{\"@type\":\"ReadAction\",\"target\":[\"https:\\\/\\\/www.artisanlocal.ch\\\/c\\\/entreprise-de-carreaux-a-st-maurice\\\/\"]}]},{\"@type\":\"ImageObject\",\"inLanguage\":\"fr-FR\",\"@id\":\"https:\\\/\\\/www.artisanlocal.ch\\\/c\\\/entreprise-de-carreaux-a-st-maurice\\\/#primaryimage\",\"url\":\"https:\\\/\\\/www.artisanlocal.ch\\\/c\\\/wp-content\\\/uploads\\\/2024\\\/11\\\/carreleur.jpg\",\"contentUrl\":\"https:\\\/\\\/www.artisanlocal.ch\\\/c\\\/wp-content\\\/uploads\\\/2024\\\/11\\\/carreleur.jpg\",\"width\":1920,\"height\":300},{\"@type\":\"BreadcrumbList\",\"@id\":\"https:\\\/\\\/www.artisanlocal.ch\\\/c\\\/entreprise-de-carreaux-a-st-maurice\\\/#breadcrumb\",\"itemListElement\":[{\"@type\":\"ListItem\",\"position\":1,\"name\":\"Accueil\",\"item\":\"https:\\\/\\\/www.artisanlocal.ch\\\/c\\\/\"},{\"@type\":\"ListItem\",\"position\":2,\"name\":\"Entreprise de carrelage \u00e0 St-Maurice\"}]},{\"@type\":\"WebSite\",\"@id\":\"https:\\\/\\\/www.artisanlocal.ch\\\/c\\\/#website\",\"url\":\"https:\\\/\\\/www.artisanlocal.ch\\\/c\\\/\",\"name\":\"Artisanlocal\",\"description\":\"\",\"publisher\":{\"@id\":\"https:\\\/\\\/www.artisanlocal.ch\\\/c\\\/#organization\"},\"potentialAction\":[{\"@type\":\"SearchAction\",\"target\":{\"@type\":\"EntryPoint\",\"urlTemplate\":\"https:\\\/\\\/www.artisanlocal.ch\\\/c\\\/?s={search_term_string}\"},\"query-input\":{\"@type\":\"PropertyValueSpecification\",\"valueRequired\":true,\"valueName\":\"search_term_string\"}}],\"inLanguage\":\"fr-FR\"},{\"@type\":\"Organization\",\"@id\":\"https:\\\/\\\/www.artisanlocal.ch\\\/c\\\/#organization\",\"name\":\"Artisanlocal\",\"url\":\"https:\\\/\\\/www.artisanlocal.ch\\\/c\\\/\",\"logo\":{\"@type\":\"ImageObject\",\"inLanguage\":\"fr-FR\",\"@id\":\"https:\\\/\\\/www.artisanlocal.ch\\\/c\\\/#\\\/schema\\\/logo\\\/image\\\/\",\"url\":\"https:\\\/\\\/www.artisanlocal.ch\\\/c\\\/wp-content\\\/uploads\\\/2024\\\/02\\\/logo-artisanlocal-h.svg\",\"contentUrl\":\"https:\\\/\\\/www.artisanlocal.ch\\\/c\\\/wp-content\\\/uploads\\\/2024\\\/02\\\/logo-artisanlocal-h.svg\",\"caption\":\"Artisanlocal\"},\"image\":{\"@id\":\"https:\\\/\\\/www.artisanlocal.ch\\\/c\\\/#\\\/schema\\\/logo\\\/image\\\/\"}}]}<\/script>\n<!-- \/ Yoast SEO Premium plugin. -->","yoast_head_json":{"title":"Entreprise de carrelage \u00e0 St-Maurice - Artisanlocal","robots":{"index":"index","follow":"follow","max-snippet":"max-snippet:-1","max-image-preview":"max-image-preview:large","max-video-preview":"max-video-preview:-1"},"canonical":"https:\/\/www.artisanlocal.ch\/c\/entreprise-de-carreaux-a-st-maurice\/","og_locale":"fr_FR","og_type":"article","og_title":"Entreprise de carrelage \u00e0 St-Maurice","og_description":"Besoin d&rsquo;une entreprise de carrelage \u00e0 St-Maurice ? Artisanlocal installe tous types de carrelages \u00e0 St-Maurice et dans les villes proches. Pourquoi choisir notre entreprise ? Des prix comp\u00e9titifs, nous utilisons du carrelage de qualit\u00e9, notre entreprise est situ\u00e9e \u00e0 St-Maurice, et se d\u00e9place rapidement \u00e0 votre domicile, nos conseils sont personnalis\u00e9s, nos devis sont [&hellip;]","og_url":"https:\/\/www.artisanlocal.ch\/c\/entreprise-de-carreaux-a-st-maurice\/","og_site_name":"Artisanlocal","article_modified_time":"2025-10-29T11:49:36+00:00","og_image":[{"width":1920,"height":300,"url":"https:\/\/www.artisanlocal.ch\/c\/wp-content\/uploads\/2024\/11\/carreleur.jpg","type":"image\/jpeg"}],"twitter_card":"summary_large_image","twitter_misc":{"Dur\u00e9e de lecture estim\u00e9e":"3 minutes"},"schema":{"@context":"https:\/\/schema.org","@graph":[{"@type":"WebPage","@id":"https:\/\/www.artisanlocal.ch\/c\/entreprise-de-carreaux-a-st-maurice\/","url":"https:\/\/www.artisanlocal.ch\/c\/entreprise-de-carreaux-a-st-maurice\/","name":"Entreprise de carrelage \u00e0 St-Maurice - Artisanlocal","isPartOf":{"@id":"https:\/\/www.artisanlocal.ch\/c\/#website"},"primaryImageOfPage":{"@id":"https:\/\/www.artisanlocal.ch\/c\/entreprise-de-carreaux-a-st-maurice\/#primaryimage"},"image":{"@id":"https:\/\/www.artisanlocal.ch\/c\/entreprise-de-carreaux-a-st-maurice\/#primaryimage"},"thumbnailUrl":"https:\/\/www.artisanlocal.ch\/c\/wp-content\/uploads\/2024\/11\/carreleur.jpg","datePublished":"2024-04-21T10:47:17+00:00","dateModified":"2025-10-29T11:49:36+00:00","breadcrumb":{"@id":"https:\/\/www.artisanlocal.ch\/c\/entreprise-de-carreaux-a-st-maurice\/#breadcrumb"},"inLanguage":"fr-FR","potentialAction":[{"@type":"ReadAction","target":["https:\/\/www.artisanlocal.ch\/c\/entreprise-de-carreaux-a-st-maurice\/"]}]},{"@type":"ImageObject","inLanguage":"fr-FR","@id":"https:\/\/www.artisanlocal.ch\/c\/entreprise-de-carreaux-a-st-maurice\/#primaryimage","url":"https:\/\/www.artisanlocal.ch\/c\/wp-content\/uploads\/2024\/11\/carreleur.jpg","contentUrl":"https:\/\/www.artisanlocal.ch\/c\/wp-content\/uploads\/2024\/11\/carreleur.jpg","width":1920,"height":300},{"@type":"BreadcrumbList","@id":"https:\/\/www.artisanlocal.ch\/c\/entreprise-de-carreaux-a-st-maurice\/#breadcrumb","itemListElement":[{"@type":"ListItem","position":1,"name":"Accueil","item":"https:\/\/www.artisanlocal.ch\/c\/"},{"@type":"ListItem","position":2,"name":"Entreprise de carrelage \u00e0 St-Maurice"}]},{"@type":"WebSite","@id":"https:\/\/www.artisanlocal.ch\/c\/#website","url":"https:\/\/www.artisanlocal.ch\/c\/","name":"Artisanlocal","description":"","publisher":{"@id":"https:\/\/www.artisanlocal.ch\/c\/#organization"},"potentialAction":[{"@type":"SearchAction","target":{"@type":"EntryPoint","urlTemplate":"https:\/\/www.artisanlocal.ch\/c\/?s={search_term_string}"},"query-input":{"@type":"PropertyValueSpecification","valueRequired":true,"valueName":"search_term_string"}}],"inLanguage":"fr-FR"},{"@type":"Organization","@id":"https:\/\/www.artisanlocal.ch\/c\/#organization","name":"Artisanlocal","url":"https:\/\/www.artisanlocal.ch\/c\/","logo":{"@type":"ImageObject","inLanguage":"fr-FR","@id":"https:\/\/www.artisanlocal.ch\/c\/#\/schema\/logo\/image\/","url":"https:\/\/www.artisanlocal.ch\/c\/wp-content\/uploads\/2024\/02\/logo-artisanlocal-h.svg","contentUrl":"https:\/\/www.artisanlocal.ch\/c\/wp-content\/uploads\/2024\/02\/logo-artisanlocal-h.svg","caption":"Artisanlocal"},"image":{"@id":"https:\/\/www.artisanlocal.ch\/c\/#\/schema\/logo\/image\/"}}]}},"_links":{"self":[{"href":"https:\/\/www.artisanlocal.ch\/c\/wp-json\/wp\/v2\/pages\/579","targetHints":{"allow":["GET"]}}],"collection":[{"href":"https:\/\/www.artisanlocal.ch\/c\/wp-json\/wp\/v2\/pages"}],"about":[{"href":"https:\/\/www.artisanlocal.ch\/c\/wp-json\/wp\/v2\/types\/page"}],"author":[{"embeddable":true,"href":"https:\/\/www.artisanlocal.ch\/c\/wp-json\/wp\/v2\/users\/4"}],"replies":[{"embeddable":true,"href":"https:\/\/www.artisanlocal.ch\/c\/wp-json\/wp\/v2\/comments?post=579"}],"version-history":[{"count":0,"href":"https:\/\/www.artisanlocal.ch\/c\/wp-json\/wp\/v2\/pages\/579\/revisions"}],"wp:featuredmedia":[{"embeddable":true,"href":"https:\/\/www.artisanlocal.ch\/c\/wp-json\/wp\/v2\/media\/2804"}],"wp:attachment":[{"href":"https:\/\/www.artisanlocal.ch\/c\/wp-json\/wp\/v2\/media?parent=579"}],"wp:term":[{"taxonomy":"profession","embeddable":true,"href":"https:\/\/www.artisanlocal.ch\/c\/wp-json\/wp\/v2\/profession?post=579"},{"taxonomy":"location","embeddable":true,"href":"https:\/\/www.artisanlocal.ch\/c\/wp-json\/wp\/v2\/location?post=579"},{"taxonomy":"canton","embeddable":true,"href":"https:\/\/www.artisanlocal.ch\/c\/wp-json\/wp\/v2\/canton?post=579"}],"curies":[{"name":"wp","href":"https:\/\/api.w.org\/{rel}","templated":true}]}}