{"id":580,"date":"2024-04-22T11:38:00","date_gmt":"2024-04-22T09:38:00","guid":{"rendered":"https:\/\/www.artisanlocal.ch\/c\/vous-avez-besoin-dun-specialiste-de-la-pose-de-carrelage-a-conthey\/"},"modified":"2025-08-26T19:28:41","modified_gmt":"2025-08-26T17:28:41","slug":"vous-avez-besoin-dun-specialiste-de-la-pose-de-carrelage-a-conthey","status":"publish","type":"page","link":"https:\/\/www.artisanlocal.ch\/c\/vous-avez-besoin-dun-specialiste-de-la-pose-de-carrelage-a-conthey\/","title":{"rendered":"Vous avez besoin d&rsquo;un sp\u00e9cialiste de la pose de carrelage \u00e0 Conthey ?"},"content":{"rendered":"<p>Besoin d&rsquo;obtenir des devis en ligne, contactez-nous. Artisanlocal offre des services d&rsquo;installation de carrelage dans le but de r\u00e9pondre \u00e0 toutes vos demandes de pose de carrelage classique, de carreaux de dosseret, de carrelage \u00e0 l&rsquo;int\u00e9rieur de votre salle d&rsquo;eau ou sur votre sol ! Nous proposons aussi nos prestations dans les localit\u00e9s voisines de Conthey.<\/p>\n\r\n<div class=\"box\">\r\n            <div class=\"company-info\">\r\n            <img decoding=\"async\" class=\"company-info__logo\" src=\"https:\/\/www.artisanlocal.ch\/media\/cache\/thumb\/images\/companies\/65152f708394f575735553.png\" alt=\"Logo\">\r\n            <h2 class=\"company-info__name\">Caetano Carrelages-R\u00e9novations S\u00e0rl<\/h2>\r\n            <p class=\"company-info__business\">Entreprise de Carrelage - R\u00e9novation - Ma\u00e7onnerie - Isolation - Peinture<\/p>\r\n        <\/div>\r\n        <div class=\"company-contact\">\r\n            <p class=\"company-info__address\">Rue des Grands Pr\u00e9s 29<\/p>\r\n                            <div class=\"links\">\r\n                                            <a class=\"btn has-accent-background-color js-phoneNumber\" href=\"tel:0792876052\" title=\"Appelez\" data-id=\"1067\" data-type=\"11\">079 287 60 52<\/a>\r\n                                                                <a class=\"btn has-accent-background-color\" href=\"https:\/\/www.caetano-carrelage-valais.ch\/\" target=\"_blank\" title=\"Voir le site internet\" data-id=\"1067\" data-type=\"20\">Site internet<\/a>\r\n                                    <\/div>\r\n                    <\/div>\r\n    \r\n            \r\n<form action=\"https:\/\/www.artisanlocal.ch\/c\/wp-admin\/admin-ajax.php\" method=\"post\" class=\"form-contact\" id=\"artisan_form_contact_company_inline\">\r\n    <div><input type=\"hidden\" name=\"action\" value=\"company_contact\"><\/div>\r\n    <div><input type=\"hidden\" name=\"nonce\" value=\"09754e6304\"><\/div>\r\n    <div><input type=\"hidden\" name=\"company_id\" value=\"1067\"><\/div>\r\n    <div><input type=\"hidden\" name=\"form_id\" value=\"artisan_form_contact_company_inline\"><\/div>\r\n    <div class=\"gglcptch gglcptch_v3 gglcptch_custom\"><input type=\"hidden\" id=\"g-recaptcha-response\" name=\"g-recaptcha-response\" \/><br \/><div class=\"gglcptch_error_text\">La p\u00e9riode de v\u00e9rification reCAPTCHA a expir\u00e9. Veuillez recharger la page.<\/div><\/div>    <div class=\"form-content\">\r\n        <div class=\"form-group\">\r\n            <label for=\"contact_firstName\" class=\"required\">Pr\u00e9nom<\/label>\r\n            <input type=\"text\" name=\"firstName\" class=\"form-control\" required>\r\n        <\/div>\r\n        <div class=\"form-group\">\r\n            <label for=\"contact_lastName\" class=\"required\">Nom<\/label>\r\n            <input type=\"text\" name=\"lastName\" class=\"form-control\" required>\r\n        <\/div>\r\n        <div class=\"form-group\">\r\n            <label for=\"contact_email\" class=\"required\">Email<\/label>\r\n            <input type=\"email\" name=\"email\" class=\"form-control\" required>\r\n        <\/div>\r\n        <div class=\"form-group\">\r\n            <label for=\"contact_phone\" class=\"required\">Num\u00e9ro de t\u00e9l\u00e9phone<\/label>\r\n            <input type=\"tel\" name=\"phone\" class=\"form-control\" placeholder=\"0787117165\" pattern=\"^[0-9]{10}$\" required>\r\n        <\/div>\r\n        <div class=\"form-group\">\r\n            <label for=\"contact_postalCode\" class=\"required\">Code postal et localit\u00e9<\/label>\r\n            <input type=\"text\" name=\"postalCode\" class=\"form-control\" required>\r\n        <\/div>\r\n        <div class=\"form-group\">\r\n            <label for=\"contact_address\" class=\"required\">Adresse<\/label>\r\n            <input type=\"text\" name=\"address\" class=\"form-control\" required>\r\n        <\/div>\r\n        <div class=\"full-width topic\">\r\n            <p class=\"required\">Je souhaite \u00eatre contact\u00e9 pour :<\/p>\r\n            <div class=\"form-check\">\r\n                <input type=\"radio\" name=\"topic\" value=\"D\u00e9pannage\" class=\"form-control\" required>\r\n                <label for=\"d\u00e9pannage\">D\u00e9pannage<\/label>\r\n            <\/div>\r\n            <div class=\"form-check\">\r\n                <input type=\"radio\" name=\"topic\" value=\"Entretien\" class=\"form-control\" required>\r\n                <label for=\"entretien\">Entretien<\/label>\r\n            <\/div>\r\n            <div class=\"form-check\">\r\n                <input type=\"radio\" name=\"topic\" value=\"R\u00e9novation\" class=\"form-control\" required>\r\n                <label for=\"r\u00e9novation\">R\u00e9novation<\/label>\r\n            <\/div>\r\n            <div class=\"form-check\">\r\n                <input type=\"radio\" name=\"topic\" value=\"Autre\" class=\"form-control\" required>\r\n                <label for=\"autre\">Autre<\/label>\r\n            <\/div>\r\n        <\/div>\r\n        <div class=\"form-group full-width\">\r\n            <label for=\"contact_message\">Message<\/label>\r\n            <textarea name=\"message\" rows=\"3\" class=\"form-control\"><\/textarea>\r\n        <\/div>\r\n    <\/div>\r\n    <div class=\"form-actions\">\r\n        <button class=\"wp-block-button__link has-accent-background-color\">Contacter<\/button>\r\n    <\/div>\r\n<\/form>\r\n<div class=\"form-feedback\"><\/div>    <\/div>\n<h2>Quelle est la plus-value qu&rsquo;offre notre soci\u00e9t\u00e9 ?<\/h2>\n<p>Artisanlocal vous accompagne dans votre projet de carreaux \u00e0 Conthey, choisissez notre entreprise, car :<\/p>\n<ul>\n<li>nous offrons des tarifs attractifs,<\/li>\n<li>nos carreaux sont de qualit\u00e9s premium,<\/li>\n<li>notre entreprise est localis\u00e9e \u00e0 Conthey et permet \u00e0 nos techniciens d\u2019intervenir en urgence chez vous,<\/li>\n<li>nous vous conseillons pour acheter le carrelage le plus adapt\u00e9 \u00e0 votre habitation,<\/li>\n<li>nous offrons des estimations gratuites,<\/li>\n<li>notre \u00e9quipe est exp\u00e9riment\u00e9e,<\/li>\n<li>un partenaire s\u00fbr et fiable : nous collaborons avec de grands groupes et architectes pour des installations de parquet, carrelage, fa\u00efence, et autres poses de carreaux.<\/li>\n<\/ul>\n<h2>Obtenez votre devis gratuit pour la pose de carrelage en nous contactant d\u00e8s maintenant<\/h2>\n<p>N&rsquo;h\u00e9sitez pas \u00e0 nous contacter si vous voulez obtenir une estimation gratuite, nous vous r\u00e9pondrons d\u00e8s que possible pour \u00e9valuer le co\u00fbt de la pose de vos carreaux.<\/p>\n<h2>Nos services<\/h2>\n<p>Nos techniciens qui interviennent \u00e0 Conthey proposent aux professionnels et aux particuliers, les prestations, suivantes :<\/p>\n<ul>\n<li>Les poses de parquet, carrelage, fa\u00efence, et autres mod\u00e8les de carrelages,<\/li>\n<li>une assistance pour vous aider \u00e0 choisir vos carreaux,<\/li>\n<li>l&rsquo;installation de vos carreaux,<\/li>\n<li>l&rsquo;application de joint pour carrelage,<\/li>\n<li>l&rsquo;application du carrelage sur les murs et les sols,<\/li>\n<li>l&rsquo;installation de carrelage int\u00e9rieur et ext\u00e9rieur,<\/li>\n<li>l\u2019enl\u00e8vement du carrelage existant,<\/li>\n<li>le d\u00e9crochage du plancher flottant,<\/li>\n<li>l\u2019installation du carrelage sur votre terrasse.<\/li>\n<\/ul>\n<h2>Comment trouver votre carrelage id\u00e9al ?<\/h2>\n<h3>Bien d\u00e9finir la zone d&rsquo;installation<\/h3>\n<p>\u00c9tudiez bien l&#8217;emplacement et le rythme pendant laquelle le carrelage sera expos\u00e9 \u00e0 un vieillissement pr\u00e9matur\u00e9, sera-t-il dans un endroit \u00e0 fort passage ? De plus, les gens porteront-ils des chaussures ou des chaussettes en marchant sur les carreaux? Sera-t-il confront\u00e9 \u00e0 l&rsquo;humidit\u00e9? R\u00e9fl\u00e9chissez par ailleurs aux espaces qu&rsquo;il recouvrira, tel que les sols, les plans de travail, les murs, etc.<\/p>\n<h3>D\u00e9terminez le volume de carrelage requis<\/h3>\n<p>Pour d\u00e9terminer le volume de carrelage pour votre projet, multipliez sa longueur par sa largeur et rajoutez dans les 5 % pour obtenir une marge de s\u00e9curit\u00e9. Nous vous sugg\u00e9rons de garder en stock des carreaux de mani\u00e8re \u00e0 rattraper de possibles d\u00e9g\u00e2ts.<\/p>\n<h3>S\u00e9lectionnez le mat\u00e9riau<\/h3>\n<p>Les carreaux sont cr\u00e9\u00e9s avec plusieurs sortes de mat\u00e9riaux qui impact : l\u2019apparence, la long\u00e9vit\u00e9 et le co\u00fbt de l&rsquo;entretien. D&rsquo;autre part, les finitions et la texture doivent par ailleurs \u00eatre prises en compte pour trouver des carreaux qui sont \u00e0 vos gouts.<\/p>\n<h3>Maintenance<\/h3>\n<p>Il faut prendre en consid\u00e9ration le niveau d&rsquo;entretien lors du choix de votre carrelage, notamment : le scellement du carrelage avec un joint de couleur clair occasionne un entretien qui prend plus de temps, en effet, il agglom\u00e8re \u00e0 toute vitesse la poussi\u00e8re, le rendent plus difficile \u00e0 laver que d&rsquo;autres couleurs.<\/p>\n<h2>Contacter notre entreprise Artisanlocal pour prendre un rendez-vous<\/h2>\n<p>Nos experts de l&rsquo;installation de carreaux \u00e0 Conthey savent que le choix de votre carrelage peut-\u00eatre compliqu\u00e9e, c&rsquo;est pourquoi nous sommes joignables du lundi au samedi afin de r\u00e9pondre \u00e0 vos interrogations.<\/p>\n<h2>Questions-r\u00e9ponses<\/h2>\n<h3>De quelle mani\u00e8re fonctionne votre soci\u00e9t\u00e9 ?<\/h3>\n<ol>\n<li>Prise de contact par email ou par t\u00e9l\u00e9phone.<\/li>\n<li>Par la suite, nous planifions un rendez-vous avec vous.<\/li>\n<li>Nous nous d\u00e9pla\u00e7ons \u00e0 votre foyer pour calculer le nombre de carreaux \u00e0 installer.<\/li>\n<li>Commencement de votre projet.<\/li>\n<\/ol>\n<h3>Intervenez-vous dans les localit\u00e9s alentours \u00e0 Conthey ?<\/h3>\n<p>Oui, nous intervenons \u00e0 Conthey, n\u00e9anmoins, notre \u00e9quipe intervient dans les villes aux environs, comme:<\/p>\nSion, Chamoson, Grugnay (Chamoson), Les V\u00e9rines (Chamoson), N\u00e9miaz (Chamoson), St-Pierre-de-Clages, Ardon, St-L\u00e9onard, Uvrier, Vernami\u00e8ge, Pont-de-la-Morge (Sion), V\u00e9troz, Savi\u00e8se, Bramois, Mase, Eison (St-Martin), Liez (St-Martin), St-Martin VS, Suen (St-Martin), Trogne (St-Martin), Champlan (Grimisuat), Grimisuat, Nax, Arbaz, St-S\u00e9verin, Aven, Daillon, Erde, Vex, Euseigne, Evol\u00e8ne, Lanna, La Tour VS, Les Haud\u00e8res, La Forclaz VS, La Sage, Villa (Evol\u00e8ne), Arolla, H\u00e9r\u00e9mence, Les Collons, Thyon, Arvillard (Salins), Mis\u00e9riez (Salins), Pravidondaz (Salins), Salins, Turin (Salins), Cr\u00eate-\u00e0-l'Oeil (Les Agettes), La Vernaz (Les Agettes), Les Agettes, Les Mayens-de-Sion, Cl\u00e8bes (Nendaz), Veysonnaz, Aproz (Nendaz), Baar (Nendaz), Basse-Nendaz, Beuson (Nendaz), Bieudron (Nendaz), Brignon (Nendaz), Cond\u00e9mines (Nendaz), Fey (Nendaz), Saclentse, Haute-Nendaz, Siviez (Nendaz), Sornard (Nendaz).\n<\/p>\n<h3>Vous installez quels mod\u00e8les de carrelages le plus souvent\u202f?<\/h3>\n<p>Voici les carreaux les plus recherch\u00e9s que nous installons:<\/p>\n<ul>\n<li>Les carreaux mosa\u00efques : v\u00e9ritable succ\u00e8s, ils ajoutent un style incomparable \u00e0 votre foyer.<\/li>\n<li>Les carrelages de m\u00e9tro blancs : embl\u00e9matiques, nous les recommandons pour votre r\u00e9novation de salle de bain ou de votre cuisine.<\/li>\n<li>Les carrelages de marbre : ils ajoutent un style soign\u00e9 \u00e0 n&rsquo;importe quelle pi\u00e8ce de votre maison.<\/li>\n<li>Les carreaux de c\u00e9ramique : ils sont \u00e9conomiques, simples \u00e0 entretenir et ils existent dans plusieurs variantes.<\/li>\n<li>Le carrelage ciment : ils sont pris\u00e9s et ils attirent le regard, ils sont fr\u00e9quemment pr\u00e9sents dans les galeries marchandes et r\u00e9sidences.<\/li>\n<li>Les carrelages en porcelaine : ils reproduisent les surfaces naturelles (bois, brique ou pierre) et il n&rsquo;exige peu d\u2019entretien.<\/li>\n<\/ul>\n","protected":false},"excerpt":{"rendered":"<p>Besoin d&rsquo;obtenir des devis en ligne, contactez-nous. Artisanlocal offre des services d&rsquo;installation de carrelage dans le but de r\u00e9pondre \u00e0 toutes vos demandes de pose de carrelage classique, de carreaux de dosseret, de carrelage \u00e0 l&rsquo;int\u00e9rieur de votre salle d&rsquo;eau ou sur votre sol ! Nous proposons aussi nos prestations dans les localit\u00e9s voisines de [&hellip;]<\/p>\n","protected":false},"author":4,"featured_media":2804,"parent":0,"menu_order":0,"comment_status":"closed","ping_status":"closed","template":"","meta":{"footnotes":""},"profession":[119],"location":[26],"canton":[110],"class_list":["post-580","page","type-page","status-publish","has-post-thumbnail","hentry","profession-carreleur","location-conthey","canton-vs"],"yoast_head":"<!-- This site is optimized with the Yoast SEO Premium plugin v25.7.1 (Yoast SEO v27.4) - https:\/\/yoast.com\/product\/yoast-seo-premium-wordpress\/ -->\n<title>Vous avez besoin d&#039;un sp\u00e9cialiste de la pose de carrelage \u00e0 Conthey ? - Artisanlocal<\/title>\n<meta name=\"robots\" content=\"index, follow, max-snippet:-1, max-image-preview:large, max-video-preview:-1\" \/>\n<link rel=\"canonical\" href=\"https:\/\/www.artisanlocal.ch\/c\/vous-avez-besoin-dun-specialiste-de-la-pose-de-carrelage-a-conthey\/\" \/>\n<meta property=\"og:locale\" content=\"fr_FR\" \/>\n<meta property=\"og:type\" content=\"article\" \/>\n<meta property=\"og:title\" content=\"Vous avez besoin d&#039;un sp\u00e9cialiste de la pose de carrelage \u00e0 Conthey ?\" \/>\n<meta property=\"og:description\" content=\"Besoin d&rsquo;obtenir des devis en ligne, contactez-nous. Artisanlocal offre des services d&rsquo;installation de carrelage dans le but de r\u00e9pondre \u00e0 toutes vos demandes de pose de carrelage classique, de carreaux de dosseret, de carrelage \u00e0 l&rsquo;int\u00e9rieur de votre salle d&rsquo;eau ou sur votre sol ! Nous proposons aussi nos prestations dans les localit\u00e9s voisines de [&hellip;]\" \/>\n<meta property=\"og:url\" content=\"https:\/\/www.artisanlocal.ch\/c\/vous-avez-besoin-dun-specialiste-de-la-pose-de-carrelage-a-conthey\/\" \/>\n<meta property=\"og:site_name\" content=\"Artisanlocal\" \/>\n<meta property=\"article:modified_time\" content=\"2025-08-26T17:28:41+00:00\" \/>\n<meta property=\"og:image\" content=\"https:\/\/www.artisanlocal.ch\/c\/wp-content\/uploads\/2024\/11\/carreleur.jpg\" \/>\n\t<meta property=\"og:image:width\" content=\"1920\" \/>\n\t<meta property=\"og:image:height\" content=\"300\" \/>\n\t<meta property=\"og:image:type\" content=\"image\/jpeg\" \/>\n<meta name=\"twitter:card\" content=\"summary_large_image\" \/>\n<meta name=\"twitter:label1\" content=\"Dur\u00e9e de lecture estim\u00e9e\" \/>\n\t<meta name=\"twitter:data1\" content=\"4 minutes\" \/>\n<script type=\"application\/ld+json\" class=\"yoast-schema-graph\">{\"@context\":\"https:\\\/\\\/schema.org\",\"@graph\":[{\"@type\":\"WebPage\",\"@id\":\"https:\\\/\\\/www.artisanlocal.ch\\\/c\\\/vous-avez-besoin-dun-specialiste-de-la-pose-de-carrelage-a-conthey\\\/\",\"url\":\"https:\\\/\\\/www.artisanlocal.ch\\\/c\\\/vous-avez-besoin-dun-specialiste-de-la-pose-de-carrelage-a-conthey\\\/\",\"name\":\"Vous avez besoin d'un sp\u00e9cialiste de la pose de carrelage \u00e0 Conthey ? - Artisanlocal\",\"isPartOf\":{\"@id\":\"https:\\\/\\\/www.artisanlocal.ch\\\/c\\\/#website\"},\"primaryImageOfPage\":{\"@id\":\"https:\\\/\\\/www.artisanlocal.ch\\\/c\\\/vous-avez-besoin-dun-specialiste-de-la-pose-de-carrelage-a-conthey\\\/#primaryimage\"},\"image\":{\"@id\":\"https:\\\/\\\/www.artisanlocal.ch\\\/c\\\/vous-avez-besoin-dun-specialiste-de-la-pose-de-carrelage-a-conthey\\\/#primaryimage\"},\"thumbnailUrl\":\"https:\\\/\\\/www.artisanlocal.ch\\\/c\\\/wp-content\\\/uploads\\\/2024\\\/11\\\/carreleur.jpg\",\"datePublished\":\"2024-04-22T09:38:00+00:00\",\"dateModified\":\"2025-08-26T17:28:41+00:00\",\"breadcrumb\":{\"@id\":\"https:\\\/\\\/www.artisanlocal.ch\\\/c\\\/vous-avez-besoin-dun-specialiste-de-la-pose-de-carrelage-a-conthey\\\/#breadcrumb\"},\"inLanguage\":\"fr-FR\",\"potentialAction\":[{\"@type\":\"ReadAction\",\"target\":[\"https:\\\/\\\/www.artisanlocal.ch\\\/c\\\/vous-avez-besoin-dun-specialiste-de-la-pose-de-carrelage-a-conthey\\\/\"]}]},{\"@type\":\"ImageObject\",\"inLanguage\":\"fr-FR\",\"@id\":\"https:\\\/\\\/www.artisanlocal.ch\\\/c\\\/vous-avez-besoin-dun-specialiste-de-la-pose-de-carrelage-a-conthey\\\/#primaryimage\",\"url\":\"https:\\\/\\\/www.artisanlocal.ch\\\/c\\\/wp-content\\\/uploads\\\/2024\\\/11\\\/carreleur.jpg\",\"contentUrl\":\"https:\\\/\\\/www.artisanlocal.ch\\\/c\\\/wp-content\\\/uploads\\\/2024\\\/11\\\/carreleur.jpg\",\"width\":1920,\"height\":300},{\"@type\":\"BreadcrumbList\",\"@id\":\"https:\\\/\\\/www.artisanlocal.ch\\\/c\\\/vous-avez-besoin-dun-specialiste-de-la-pose-de-carrelage-a-conthey\\\/#breadcrumb\",\"itemListElement\":[{\"@type\":\"ListItem\",\"position\":1,\"name\":\"Accueil\",\"item\":\"https:\\\/\\\/www.artisanlocal.ch\\\/c\\\/\"},{\"@type\":\"ListItem\",\"position\":2,\"name\":\"Vous avez besoin d&rsquo;un sp\u00e9cialiste de la pose de carrelage \u00e0 Conthey ?\"}]},{\"@type\":\"WebSite\",\"@id\":\"https:\\\/\\\/www.artisanlocal.ch\\\/c\\\/#website\",\"url\":\"https:\\\/\\\/www.artisanlocal.ch\\\/c\\\/\",\"name\":\"Artisanlocal\",\"description\":\"\",\"publisher\":{\"@id\":\"https:\\\/\\\/www.artisanlocal.ch\\\/c\\\/#organization\"},\"potentialAction\":[{\"@type\":\"SearchAction\",\"target\":{\"@type\":\"EntryPoint\",\"urlTemplate\":\"https:\\\/\\\/www.artisanlocal.ch\\\/c\\\/?s={search_term_string}\"},\"query-input\":{\"@type\":\"PropertyValueSpecification\",\"valueRequired\":true,\"valueName\":\"search_term_string\"}}],\"inLanguage\":\"fr-FR\"},{\"@type\":\"Organization\",\"@id\":\"https:\\\/\\\/www.artisanlocal.ch\\\/c\\\/#organization\",\"name\":\"Artisanlocal\",\"url\":\"https:\\\/\\\/www.artisanlocal.ch\\\/c\\\/\",\"logo\":{\"@type\":\"ImageObject\",\"inLanguage\":\"fr-FR\",\"@id\":\"https:\\\/\\\/www.artisanlocal.ch\\\/c\\\/#\\\/schema\\\/logo\\\/image\\\/\",\"url\":\"https:\\\/\\\/www.artisanlocal.ch\\\/c\\\/wp-content\\\/uploads\\\/2024\\\/02\\\/logo-artisanlocal-h.svg\",\"contentUrl\":\"https:\\\/\\\/www.artisanlocal.ch\\\/c\\\/wp-content\\\/uploads\\\/2024\\\/02\\\/logo-artisanlocal-h.svg\",\"caption\":\"Artisanlocal\"},\"image\":{\"@id\":\"https:\\\/\\\/www.artisanlocal.ch\\\/c\\\/#\\\/schema\\\/logo\\\/image\\\/\"}}]}<\/script>\n<!-- \/ Yoast SEO Premium plugin. -->","yoast_head_json":{"title":"Vous avez besoin d'un sp\u00e9cialiste de la pose de carrelage \u00e0 Conthey ? - Artisanlocal","robots":{"index":"index","follow":"follow","max-snippet":"max-snippet:-1","max-image-preview":"max-image-preview:large","max-video-preview":"max-video-preview:-1"},"canonical":"https:\/\/www.artisanlocal.ch\/c\/vous-avez-besoin-dun-specialiste-de-la-pose-de-carrelage-a-conthey\/","og_locale":"fr_FR","og_type":"article","og_title":"Vous avez besoin d'un sp\u00e9cialiste de la pose de carrelage \u00e0 Conthey ?","og_description":"Besoin d&rsquo;obtenir des devis en ligne, contactez-nous. Artisanlocal offre des services d&rsquo;installation de carrelage dans le but de r\u00e9pondre \u00e0 toutes vos demandes de pose de carrelage classique, de carreaux de dosseret, de carrelage \u00e0 l&rsquo;int\u00e9rieur de votre salle d&rsquo;eau ou sur votre sol ! Nous proposons aussi nos prestations dans les localit\u00e9s voisines de [&hellip;]","og_url":"https:\/\/www.artisanlocal.ch\/c\/vous-avez-besoin-dun-specialiste-de-la-pose-de-carrelage-a-conthey\/","og_site_name":"Artisanlocal","article_modified_time":"2025-08-26T17:28:41+00:00","og_image":[{"width":1920,"height":300,"url":"https:\/\/www.artisanlocal.ch\/c\/wp-content\/uploads\/2024\/11\/carreleur.jpg","type":"image\/jpeg"}],"twitter_card":"summary_large_image","twitter_misc":{"Dur\u00e9e de lecture estim\u00e9e":"4 minutes"},"schema":{"@context":"https:\/\/schema.org","@graph":[{"@type":"WebPage","@id":"https:\/\/www.artisanlocal.ch\/c\/vous-avez-besoin-dun-specialiste-de-la-pose-de-carrelage-a-conthey\/","url":"https:\/\/www.artisanlocal.ch\/c\/vous-avez-besoin-dun-specialiste-de-la-pose-de-carrelage-a-conthey\/","name":"Vous avez besoin d'un sp\u00e9cialiste de la pose de carrelage \u00e0 Conthey ? - Artisanlocal","isPartOf":{"@id":"https:\/\/www.artisanlocal.ch\/c\/#website"},"primaryImageOfPage":{"@id":"https:\/\/www.artisanlocal.ch\/c\/vous-avez-besoin-dun-specialiste-de-la-pose-de-carrelage-a-conthey\/#primaryimage"},"image":{"@id":"https:\/\/www.artisanlocal.ch\/c\/vous-avez-besoin-dun-specialiste-de-la-pose-de-carrelage-a-conthey\/#primaryimage"},"thumbnailUrl":"https:\/\/www.artisanlocal.ch\/c\/wp-content\/uploads\/2024\/11\/carreleur.jpg","datePublished":"2024-04-22T09:38:00+00:00","dateModified":"2025-08-26T17:28:41+00:00","breadcrumb":{"@id":"https:\/\/www.artisanlocal.ch\/c\/vous-avez-besoin-dun-specialiste-de-la-pose-de-carrelage-a-conthey\/#breadcrumb"},"inLanguage":"fr-FR","potentialAction":[{"@type":"ReadAction","target":["https:\/\/www.artisanlocal.ch\/c\/vous-avez-besoin-dun-specialiste-de-la-pose-de-carrelage-a-conthey\/"]}]},{"@type":"ImageObject","inLanguage":"fr-FR","@id":"https:\/\/www.artisanlocal.ch\/c\/vous-avez-besoin-dun-specialiste-de-la-pose-de-carrelage-a-conthey\/#primaryimage","url":"https:\/\/www.artisanlocal.ch\/c\/wp-content\/uploads\/2024\/11\/carreleur.jpg","contentUrl":"https:\/\/www.artisanlocal.ch\/c\/wp-content\/uploads\/2024\/11\/carreleur.jpg","width":1920,"height":300},{"@type":"BreadcrumbList","@id":"https:\/\/www.artisanlocal.ch\/c\/vous-avez-besoin-dun-specialiste-de-la-pose-de-carrelage-a-conthey\/#breadcrumb","itemListElement":[{"@type":"ListItem","position":1,"name":"Accueil","item":"https:\/\/www.artisanlocal.ch\/c\/"},{"@type":"ListItem","position":2,"name":"Vous avez besoin d&rsquo;un sp\u00e9cialiste de la pose de carrelage \u00e0 Conthey ?"}]},{"@type":"WebSite","@id":"https:\/\/www.artisanlocal.ch\/c\/#website","url":"https:\/\/www.artisanlocal.ch\/c\/","name":"Artisanlocal","description":"","publisher":{"@id":"https:\/\/www.artisanlocal.ch\/c\/#organization"},"potentialAction":[{"@type":"SearchAction","target":{"@type":"EntryPoint","urlTemplate":"https:\/\/www.artisanlocal.ch\/c\/?s={search_term_string}"},"query-input":{"@type":"PropertyValueSpecification","valueRequired":true,"valueName":"search_term_string"}}],"inLanguage":"fr-FR"},{"@type":"Organization","@id":"https:\/\/www.artisanlocal.ch\/c\/#organization","name":"Artisanlocal","url":"https:\/\/www.artisanlocal.ch\/c\/","logo":{"@type":"ImageObject","inLanguage":"fr-FR","@id":"https:\/\/www.artisanlocal.ch\/c\/#\/schema\/logo\/image\/","url":"https:\/\/www.artisanlocal.ch\/c\/wp-content\/uploads\/2024\/02\/logo-artisanlocal-h.svg","contentUrl":"https:\/\/www.artisanlocal.ch\/c\/wp-content\/uploads\/2024\/02\/logo-artisanlocal-h.svg","caption":"Artisanlocal"},"image":{"@id":"https:\/\/www.artisanlocal.ch\/c\/#\/schema\/logo\/image\/"}}]}},"_links":{"self":[{"href":"https:\/\/www.artisanlocal.ch\/c\/wp-json\/wp\/v2\/pages\/580","targetHints":{"allow":["GET"]}}],"collection":[{"href":"https:\/\/www.artisanlocal.ch\/c\/wp-json\/wp\/v2\/pages"}],"about":[{"href":"https:\/\/www.artisanlocal.ch\/c\/wp-json\/wp\/v2\/types\/page"}],"author":[{"embeddable":true,"href":"https:\/\/www.artisanlocal.ch\/c\/wp-json\/wp\/v2\/users\/4"}],"replies":[{"embeddable":true,"href":"https:\/\/www.artisanlocal.ch\/c\/wp-json\/wp\/v2\/comments?post=580"}],"version-history":[{"count":0,"href":"https:\/\/www.artisanlocal.ch\/c\/wp-json\/wp\/v2\/pages\/580\/revisions"}],"wp:featuredmedia":[{"embeddable":true,"href":"https:\/\/www.artisanlocal.ch\/c\/wp-json\/wp\/v2\/media\/2804"}],"wp:attachment":[{"href":"https:\/\/www.artisanlocal.ch\/c\/wp-json\/wp\/v2\/media?parent=580"}],"wp:term":[{"taxonomy":"profession","embeddable":true,"href":"https:\/\/www.artisanlocal.ch\/c\/wp-json\/wp\/v2\/profession?post=580"},{"taxonomy":"location","embeddable":true,"href":"https:\/\/www.artisanlocal.ch\/c\/wp-json\/wp\/v2\/location?post=580"},{"taxonomy":"canton","embeddable":true,"href":"https:\/\/www.artisanlocal.ch\/c\/wp-json\/wp\/v2\/canton?post=580"}],"curies":[{"name":"wp","href":"https:\/\/api.w.org\/{rel}","templated":true}]}}