{"id":582,"date":"2024-04-22T17:02:34","date_gmt":"2024-04-22T15:02:34","guid":{"rendered":"https:\/\/www.artisanlocal.ch\/c\/societe-specialisee-dans-la-pose-de-carrelage-dans-le-canton-de-geneve\/"},"modified":"2025-11-06T12:37:35","modified_gmt":"2025-11-06T11:37:35","slug":"societe-specialisee-dans-la-pose-de-carrelage-dans-le-canton-de-geneve","status":"publish","type":"page","link":"https:\/\/www.artisanlocal.ch\/c\/societe-specialisee-dans-la-pose-de-carrelage-dans-le-canton-de-geneve\/","title":{"rendered":"Entreprise de carrelage dans le canton de Gen\u00e8ve"},"content":{"rendered":"<p>Besoin d&rsquo;obtenir des devis en ligne, contactez-nous. Notre entreprise Artisanlocal offre une gamme de services pour l&rsquo;installation de carrelage classique, de carreaux de dosseret, de carreaux \u00e0 l&rsquo;int\u00e9rieur de votre salle de bain ou sur votre sol ! Nous intervenons aussi dans les municipalit\u00e9s proches du canton de Gen\u00e8ve.<\/p>\n<h2>Pour quelle raison choisir notre entreprise ?<\/h2>\n<p>Pour tout projet de pose de carrelage dans le canton de Gen\u00e8ve, faites confiance \u00e0 Artisanlocal, contactez-nous parce que :<\/p>\n<ul>\n<li>nous proposons des prix comp\u00e9titifs,<\/li>\n<li>nous posons du carrelage haut de gamme,<\/li>\n<li>notre entreprise est localis\u00e9e dans le canton de Gen\u00e8ve, et se d\u00e9place en urgence \u00e0 votre logement,<\/li>\n<li>nous vous conseillons pour acheter le carrelage le plus appropri\u00e9 \u00e0 votre int\u00e9rieur et votre ext\u00e9rieur,<\/li>\n<li>nos devis sont fournis gratuitement,<\/li>\n<li>nos carreleurs sont exp\u00e9riment\u00e9s,<\/li>\n<li>un partenaire s\u00fbr et fiable : nous intervenons dans des grandes entreprises et des cabinets d&rsquo;architectes pour r\u00e9aliser l&rsquo;installation de carrelage, de fa\u00efence, de parquet, et de rev\u00eatements vari\u00e9s.<\/li>\n<\/ul>\n<h2>Recevez une estimation pour l&rsquo;installation de carrelage en prenant contact avec nous maintenant<\/h2>\n<p>Contactez-nous pour obtenir un devis, nous prendrons contact avec vous d\u00e8s que possible pour calculer le prix de votre projet.<\/p>\n<h2>Nos services<\/h2>\n<p>Nos techniciens qui interviennent dans le canton de Gen\u00e8ve proposent aux particuliers et aux professionnels, les prestations, comme :<\/p>\n<ul>\n<li>L&rsquo;installation de diff\u00e9rents carreaux tels que le parquet, le carrelage classique et la fa\u00efence,<\/li>\n<li>une aide pour bien choisir vos carreaux,<\/li>\n<li>l&rsquo;installation du carrelage,<\/li>\n<li>la r\u00e9alisation du scellement pour votre carrelage,<\/li>\n<li>l\u2019installation du carrelage sur les murs et sols,<\/li>\n<li>l&rsquo;installation de carreaux pour les zones ext\u00e9rieures et int\u00e9rieures de votre propri\u00e9t\u00e9,<\/li>\n<li>la suppression du carrelage actuel,<\/li>\n<li>le d\u00e9montage de votre plancher flottant,<\/li>\n<li>l\u2019installation des carreaux sur votre terrasse.<\/li>\n<\/ul>\n<h2>Comment choisir le meilleur carrelage pour votre espace ?<\/h2>\n<h3>Bien d\u00e9terminer la zone d&rsquo;installation<\/h3>\n<p>Consid\u00e9rez l&#8217;emplacement o\u00f9 le carrelage va \u00eatre install\u00e9 et aussi s&rsquo;il se trouve dans un chemin visit\u00e9? De plus, marchera-t-on sur les carreaux en chaussettes ou en chaussures ? Va-t-il \u00eatre expos\u00e9 \u00e0 l&rsquo;humidit\u00e9? Pensez par ailleurs aux espaces qu&rsquo;il couvrira, tel que les sols, les plans de travail, les murs, etc.<\/p>\n<h3>\u00c9valuez le volume de carrelage n\u00e9cessaire<\/h3>\n<p>Afin de d\u00e9terminer la quantit\u00e9 de carreaux pour votre espace, multipliez sa largeur par sa longueur et rajoutez \u00e0 peu pr\u00e8s 5 % pour avoir une marge de s\u00e9curit\u00e9. Nous recommandons de conserver des carreaux en plus en cas de dommages ult\u00e9rieurs.<\/p>\n<h3>Choisissez le bon mat\u00e9riau<\/h3>\n<p>Les carreaux sont \u00e9labor\u00e9s avec plusieurs sortes de mat\u00e9riaux qui ont un effet sur : le co\u00fbt de l&rsquo;entretien, la teinte et la durabilit\u00e9. Par ailleurs, Il est important de prendre en compte les finitions et la texture pour choisir les meilleurs carreaux possible.<\/p>\n<h3>Entretien<\/h3>\n<p>Nous vous conseillons de prendre en consid\u00e9ration la difficult\u00e9 de nettoyage, exemple : l&rsquo;entretien du carrelage avec des joints clairs prend plus de temps en raison de leur tendance \u00e0 cumuler la salet\u00e9, ce qui les rend plus compliqu\u00e9s \u00e0 nettoyer par rapport aux autres colorations.<\/p>\n<h2>Prenez un rendez-vous d\u00e8s aujourd&rsquo;hui<\/h2>\n<p>Nos sp\u00e9cialistes de l&rsquo;installation de carrelage dans le canton de Gen\u00e8ve ont notion de la complexit\u00e9 de votre projet, c&rsquo;est pourquoi nous sommes joignables du lundi au samedi afin de r\u00e9pondre \u00e0 vos questions.<\/p>\n<h2>Questions-r\u00e9ponses<\/h2>\n<h3>Comment marche votre soci\u00e9t\u00e9 ?<\/h3>\n<ol>\n<li>Prise de contact par email ou par t\u00e9l\u00e9phone.<\/li>\n<li>Nous programmons ensemble le rendez-vous en fonction de vos disponibilit\u00e9s.<\/li>\n<li>Visite \u00e0 votre logement pour d\u00e9terminer le travail \u00e0 effectuer.<\/li>\n<li>Lancement de votre projet.<\/li>\n<\/ol>\n<h3>Votre soci\u00e9t\u00e9 op\u00e8re dans le canton de Gen\u00e8ve et dans les villes \u00e0 proximit\u00e9 ?<\/h3>\n<p>Oui, nous intervenons dans le canton de Gen\u00e8ve, et notre \u00e9quipe intervient aussi dans les communes aux environs, tels que:<\/p>\nGen\u00e8ve, Grand-Lancy, Petit-Lancy, Onex, A\u00efre, V\u00e9senaz, Cologny, Ch\u00eane-Bougeries, Ch\u00eane-Bourg, Th\u00f4nex, Carouge GE, Les Acacias, Plan-les-Ouates, Conches, Confignon, Bernex, Vessy, Cartigny, Avully, Puplinge, Presinge, Choulex, Collonge-Bellerive, Corsier GE, Ani\u00e8res, Hermance, Gy, Meinier, Vandoeuvres, Jussy, Veyrier, Troinex, La Croix-de-Rozon, Perly, Chancy, Athenaz (Avusy), Soral, Laconnex, Aire-la-Ville, Vernier, Cointrin, Meyrin, Le Grand-Saconnex, Ch\u00e2telaine, Le Lignon, Les Avanchets, Collex, Satigny, Russin, Dardagny, La Plaine, Chamb\u00e9sy.\n<\/p>\n<h3>Vous posez quels types de carrelages le plus g\u00e9n\u00e9ralement\u202f?<\/h3>\n<p>Nous posons les carreaux pris\u00e9s, comme:<\/p>\n<ul>\n<li>Les carrelages mosa\u00efques : v\u00e9ritable succ\u00e8s, ils rajoutent un style original \u00e0 votre int\u00e9rieur.<\/li>\n<li>Les carrelages int\u00e9rieur blancs de m\u00e9tro : retro, nous les recommandons pour votre r\u00e9novation de salle de bain ou de votre cuisine.<\/li>\n<li>Les carreaux de marbre : ils ajoutent un style pr\u00e9cieux \u00e0 n&rsquo;importe quelle partie de votre maison.<\/li>\n<li>Les carreaux de c\u00e9ramique : ils sont \u00e9conomiques, faciles \u00e0 entretenir et ils existent dans plusieurs variantes.<\/li>\n<li>Les carreaux ciments : ils sont populaires et ils attirent le regard, ils sont fr\u00e9quemment pr\u00e9sents dans les centres commerciaux et maisons.<\/li>\n<li>Les carrelages de porcelaine : similaire aux surfaces naturelles, il est r\u00e9sistant aux coups, changement de temp\u00e9rature.<\/li>\n<\/ul>\n","protected":false},"excerpt":{"rendered":"<p>Besoin d&rsquo;obtenir des devis en ligne, contactez-nous. Notre entreprise Artisanlocal offre une gamme de services pour l&rsquo;installation de carrelage classique, de carreaux de dosseret, de carreaux \u00e0 l&rsquo;int\u00e9rieur de votre salle de bain ou sur votre sol ! Nous intervenons aussi dans les municipalit\u00e9s proches du canton de Gen\u00e8ve. Pour quelle raison choisir notre entreprise [&hellip;]<\/p>\n","protected":false},"author":4,"featured_media":2804,"parent":0,"menu_order":0,"comment_status":"closed","ping_status":"closed","template":"wp-custom-template-page-canton","meta":{"footnotes":""},"profession":[119],"location":[],"canton":[112],"class_list":["post-582","page","type-page","status-publish","has-post-thumbnail","hentry","profession-carreleur","canton-ge"],"yoast_head":"<!-- This site is optimized with the Yoast SEO Premium plugin v25.7.1 (Yoast SEO v27.4) - https:\/\/yoast.com\/product\/yoast-seo-premium-wordpress\/ -->\n<title>Entreprise de carrelage dans le canton de Gen\u00e8ve - Artisanlocal<\/title>\n<meta name=\"robots\" content=\"index, follow, max-snippet:-1, max-image-preview:large, max-video-preview:-1\" \/>\n<link rel=\"canonical\" href=\"https:\/\/www.artisanlocal.ch\/c\/societe-specialisee-dans-la-pose-de-carrelage-dans-le-canton-de-geneve\/\" \/>\n<meta property=\"og:locale\" content=\"fr_FR\" \/>\n<meta property=\"og:type\" content=\"article\" \/>\n<meta property=\"og:title\" content=\"Entreprise de carrelage dans le canton de Gen\u00e8ve\" \/>\n<meta property=\"og:description\" content=\"Besoin d&rsquo;obtenir des devis en ligne, contactez-nous. Notre entreprise Artisanlocal offre une gamme de services pour l&rsquo;installation de carrelage classique, de carreaux de dosseret, de carreaux \u00e0 l&rsquo;int\u00e9rieur de votre salle de bain ou sur votre sol ! Nous intervenons aussi dans les municipalit\u00e9s proches du canton de Gen\u00e8ve. Pour quelle raison choisir notre entreprise [&hellip;]\" \/>\n<meta property=\"og:url\" content=\"https:\/\/www.artisanlocal.ch\/c\/societe-specialisee-dans-la-pose-de-carrelage-dans-le-canton-de-geneve\/\" \/>\n<meta property=\"og:site_name\" content=\"Artisanlocal\" \/>\n<meta property=\"article:modified_time\" content=\"2025-11-06T11:37:35+00:00\" \/>\n<meta property=\"og:image\" content=\"https:\/\/www.artisanlocal.ch\/c\/wp-content\/uploads\/2024\/11\/carreleur.jpg\" \/>\n\t<meta property=\"og:image:width\" content=\"1920\" \/>\n\t<meta property=\"og:image:height\" content=\"300\" \/>\n\t<meta property=\"og:image:type\" content=\"image\/jpeg\" \/>\n<meta name=\"twitter:card\" content=\"summary_large_image\" \/>\n<meta name=\"twitter:label1\" content=\"Dur\u00e9e de lecture estim\u00e9e\" \/>\n\t<meta name=\"twitter:data1\" content=\"4 minutes\" \/>\n<script type=\"application\/ld+json\" class=\"yoast-schema-graph\">{\"@context\":\"https:\\\/\\\/schema.org\",\"@graph\":[{\"@type\":\"WebPage\",\"@id\":\"https:\\\/\\\/www.artisanlocal.ch\\\/c\\\/societe-specialisee-dans-la-pose-de-carrelage-dans-le-canton-de-geneve\\\/\",\"url\":\"https:\\\/\\\/www.artisanlocal.ch\\\/c\\\/societe-specialisee-dans-la-pose-de-carrelage-dans-le-canton-de-geneve\\\/\",\"name\":\"Entreprise de carrelage dans le canton de Gen\u00e8ve - Artisanlocal\",\"isPartOf\":{\"@id\":\"https:\\\/\\\/www.artisanlocal.ch\\\/c\\\/#website\"},\"primaryImageOfPage\":{\"@id\":\"https:\\\/\\\/www.artisanlocal.ch\\\/c\\\/societe-specialisee-dans-la-pose-de-carrelage-dans-le-canton-de-geneve\\\/#primaryimage\"},\"image\":{\"@id\":\"https:\\\/\\\/www.artisanlocal.ch\\\/c\\\/societe-specialisee-dans-la-pose-de-carrelage-dans-le-canton-de-geneve\\\/#primaryimage\"},\"thumbnailUrl\":\"https:\\\/\\\/www.artisanlocal.ch\\\/c\\\/wp-content\\\/uploads\\\/2024\\\/11\\\/carreleur.jpg\",\"datePublished\":\"2024-04-22T15:02:34+00:00\",\"dateModified\":\"2025-11-06T11:37:35+00:00\",\"breadcrumb\":{\"@id\":\"https:\\\/\\\/www.artisanlocal.ch\\\/c\\\/societe-specialisee-dans-la-pose-de-carrelage-dans-le-canton-de-geneve\\\/#breadcrumb\"},\"inLanguage\":\"fr-FR\",\"potentialAction\":[{\"@type\":\"ReadAction\",\"target\":[\"https:\\\/\\\/www.artisanlocal.ch\\\/c\\\/societe-specialisee-dans-la-pose-de-carrelage-dans-le-canton-de-geneve\\\/\"]}]},{\"@type\":\"ImageObject\",\"inLanguage\":\"fr-FR\",\"@id\":\"https:\\\/\\\/www.artisanlocal.ch\\\/c\\\/societe-specialisee-dans-la-pose-de-carrelage-dans-le-canton-de-geneve\\\/#primaryimage\",\"url\":\"https:\\\/\\\/www.artisanlocal.ch\\\/c\\\/wp-content\\\/uploads\\\/2024\\\/11\\\/carreleur.jpg\",\"contentUrl\":\"https:\\\/\\\/www.artisanlocal.ch\\\/c\\\/wp-content\\\/uploads\\\/2024\\\/11\\\/carreleur.jpg\",\"width\":1920,\"height\":300},{\"@type\":\"BreadcrumbList\",\"@id\":\"https:\\\/\\\/www.artisanlocal.ch\\\/c\\\/societe-specialisee-dans-la-pose-de-carrelage-dans-le-canton-de-geneve\\\/#breadcrumb\",\"itemListElement\":[{\"@type\":\"ListItem\",\"position\":1,\"name\":\"Accueil\",\"item\":\"https:\\\/\\\/www.artisanlocal.ch\\\/c\\\/\"},{\"@type\":\"ListItem\",\"position\":2,\"name\":\"Entreprise de carrelage dans le canton de Gen\u00e8ve\"}]},{\"@type\":\"WebSite\",\"@id\":\"https:\\\/\\\/www.artisanlocal.ch\\\/c\\\/#website\",\"url\":\"https:\\\/\\\/www.artisanlocal.ch\\\/c\\\/\",\"name\":\"Artisanlocal\",\"description\":\"\",\"publisher\":{\"@id\":\"https:\\\/\\\/www.artisanlocal.ch\\\/c\\\/#organization\"},\"potentialAction\":[{\"@type\":\"SearchAction\",\"target\":{\"@type\":\"EntryPoint\",\"urlTemplate\":\"https:\\\/\\\/www.artisanlocal.ch\\\/c\\\/?s={search_term_string}\"},\"query-input\":{\"@type\":\"PropertyValueSpecification\",\"valueRequired\":true,\"valueName\":\"search_term_string\"}}],\"inLanguage\":\"fr-FR\"},{\"@type\":\"Organization\",\"@id\":\"https:\\\/\\\/www.artisanlocal.ch\\\/c\\\/#organization\",\"name\":\"Artisanlocal\",\"url\":\"https:\\\/\\\/www.artisanlocal.ch\\\/c\\\/\",\"logo\":{\"@type\":\"ImageObject\",\"inLanguage\":\"fr-FR\",\"@id\":\"https:\\\/\\\/www.artisanlocal.ch\\\/c\\\/#\\\/schema\\\/logo\\\/image\\\/\",\"url\":\"https:\\\/\\\/www.artisanlocal.ch\\\/c\\\/wp-content\\\/uploads\\\/2024\\\/02\\\/logo-artisanlocal-h.svg\",\"contentUrl\":\"https:\\\/\\\/www.artisanlocal.ch\\\/c\\\/wp-content\\\/uploads\\\/2024\\\/02\\\/logo-artisanlocal-h.svg\",\"caption\":\"Artisanlocal\"},\"image\":{\"@id\":\"https:\\\/\\\/www.artisanlocal.ch\\\/c\\\/#\\\/schema\\\/logo\\\/image\\\/\"}}]}<\/script>\n<!-- \/ Yoast SEO Premium plugin. -->","yoast_head_json":{"title":"Entreprise de carrelage dans le canton de Gen\u00e8ve - Artisanlocal","robots":{"index":"index","follow":"follow","max-snippet":"max-snippet:-1","max-image-preview":"max-image-preview:large","max-video-preview":"max-video-preview:-1"},"canonical":"https:\/\/www.artisanlocal.ch\/c\/societe-specialisee-dans-la-pose-de-carrelage-dans-le-canton-de-geneve\/","og_locale":"fr_FR","og_type":"article","og_title":"Entreprise de carrelage dans le canton de Gen\u00e8ve","og_description":"Besoin d&rsquo;obtenir des devis en ligne, contactez-nous. Notre entreprise Artisanlocal offre une gamme de services pour l&rsquo;installation de carrelage classique, de carreaux de dosseret, de carreaux \u00e0 l&rsquo;int\u00e9rieur de votre salle de bain ou sur votre sol ! Nous intervenons aussi dans les municipalit\u00e9s proches du canton de Gen\u00e8ve. Pour quelle raison choisir notre entreprise [&hellip;]","og_url":"https:\/\/www.artisanlocal.ch\/c\/societe-specialisee-dans-la-pose-de-carrelage-dans-le-canton-de-geneve\/","og_site_name":"Artisanlocal","article_modified_time":"2025-11-06T11:37:35+00:00","og_image":[{"width":1920,"height":300,"url":"https:\/\/www.artisanlocal.ch\/c\/wp-content\/uploads\/2024\/11\/carreleur.jpg","type":"image\/jpeg"}],"twitter_card":"summary_large_image","twitter_misc":{"Dur\u00e9e de lecture estim\u00e9e":"4 minutes"},"schema":{"@context":"https:\/\/schema.org","@graph":[{"@type":"WebPage","@id":"https:\/\/www.artisanlocal.ch\/c\/societe-specialisee-dans-la-pose-de-carrelage-dans-le-canton-de-geneve\/","url":"https:\/\/www.artisanlocal.ch\/c\/societe-specialisee-dans-la-pose-de-carrelage-dans-le-canton-de-geneve\/","name":"Entreprise de carrelage dans le canton de Gen\u00e8ve - Artisanlocal","isPartOf":{"@id":"https:\/\/www.artisanlocal.ch\/c\/#website"},"primaryImageOfPage":{"@id":"https:\/\/www.artisanlocal.ch\/c\/societe-specialisee-dans-la-pose-de-carrelage-dans-le-canton-de-geneve\/#primaryimage"},"image":{"@id":"https:\/\/www.artisanlocal.ch\/c\/societe-specialisee-dans-la-pose-de-carrelage-dans-le-canton-de-geneve\/#primaryimage"},"thumbnailUrl":"https:\/\/www.artisanlocal.ch\/c\/wp-content\/uploads\/2024\/11\/carreleur.jpg","datePublished":"2024-04-22T15:02:34+00:00","dateModified":"2025-11-06T11:37:35+00:00","breadcrumb":{"@id":"https:\/\/www.artisanlocal.ch\/c\/societe-specialisee-dans-la-pose-de-carrelage-dans-le-canton-de-geneve\/#breadcrumb"},"inLanguage":"fr-FR","potentialAction":[{"@type":"ReadAction","target":["https:\/\/www.artisanlocal.ch\/c\/societe-specialisee-dans-la-pose-de-carrelage-dans-le-canton-de-geneve\/"]}]},{"@type":"ImageObject","inLanguage":"fr-FR","@id":"https:\/\/www.artisanlocal.ch\/c\/societe-specialisee-dans-la-pose-de-carrelage-dans-le-canton-de-geneve\/#primaryimage","url":"https:\/\/www.artisanlocal.ch\/c\/wp-content\/uploads\/2024\/11\/carreleur.jpg","contentUrl":"https:\/\/www.artisanlocal.ch\/c\/wp-content\/uploads\/2024\/11\/carreleur.jpg","width":1920,"height":300},{"@type":"BreadcrumbList","@id":"https:\/\/www.artisanlocal.ch\/c\/societe-specialisee-dans-la-pose-de-carrelage-dans-le-canton-de-geneve\/#breadcrumb","itemListElement":[{"@type":"ListItem","position":1,"name":"Accueil","item":"https:\/\/www.artisanlocal.ch\/c\/"},{"@type":"ListItem","position":2,"name":"Entreprise de carrelage dans le canton de Gen\u00e8ve"}]},{"@type":"WebSite","@id":"https:\/\/www.artisanlocal.ch\/c\/#website","url":"https:\/\/www.artisanlocal.ch\/c\/","name":"Artisanlocal","description":"","publisher":{"@id":"https:\/\/www.artisanlocal.ch\/c\/#organization"},"potentialAction":[{"@type":"SearchAction","target":{"@type":"EntryPoint","urlTemplate":"https:\/\/www.artisanlocal.ch\/c\/?s={search_term_string}"},"query-input":{"@type":"PropertyValueSpecification","valueRequired":true,"valueName":"search_term_string"}}],"inLanguage":"fr-FR"},{"@type":"Organization","@id":"https:\/\/www.artisanlocal.ch\/c\/#organization","name":"Artisanlocal","url":"https:\/\/www.artisanlocal.ch\/c\/","logo":{"@type":"ImageObject","inLanguage":"fr-FR","@id":"https:\/\/www.artisanlocal.ch\/c\/#\/schema\/logo\/image\/","url":"https:\/\/www.artisanlocal.ch\/c\/wp-content\/uploads\/2024\/02\/logo-artisanlocal-h.svg","contentUrl":"https:\/\/www.artisanlocal.ch\/c\/wp-content\/uploads\/2024\/02\/logo-artisanlocal-h.svg","caption":"Artisanlocal"},"image":{"@id":"https:\/\/www.artisanlocal.ch\/c\/#\/schema\/logo\/image\/"}}]}},"_links":{"self":[{"href":"https:\/\/www.artisanlocal.ch\/c\/wp-json\/wp\/v2\/pages\/582","targetHints":{"allow":["GET"]}}],"collection":[{"href":"https:\/\/www.artisanlocal.ch\/c\/wp-json\/wp\/v2\/pages"}],"about":[{"href":"https:\/\/www.artisanlocal.ch\/c\/wp-json\/wp\/v2\/types\/page"}],"author":[{"embeddable":true,"href":"https:\/\/www.artisanlocal.ch\/c\/wp-json\/wp\/v2\/users\/4"}],"replies":[{"embeddable":true,"href":"https:\/\/www.artisanlocal.ch\/c\/wp-json\/wp\/v2\/comments?post=582"}],"version-history":[{"count":0,"href":"https:\/\/www.artisanlocal.ch\/c\/wp-json\/wp\/v2\/pages\/582\/revisions"}],"wp:featuredmedia":[{"embeddable":true,"href":"https:\/\/www.artisanlocal.ch\/c\/wp-json\/wp\/v2\/media\/2804"}],"wp:attachment":[{"href":"https:\/\/www.artisanlocal.ch\/c\/wp-json\/wp\/v2\/media?parent=582"}],"wp:term":[{"taxonomy":"profession","embeddable":true,"href":"https:\/\/www.artisanlocal.ch\/c\/wp-json\/wp\/v2\/profession?post=582"},{"taxonomy":"location","embeddable":true,"href":"https:\/\/www.artisanlocal.ch\/c\/wp-json\/wp\/v2\/location?post=582"},{"taxonomy":"canton","embeddable":true,"href":"https:\/\/www.artisanlocal.ch\/c\/wp-json\/wp\/v2\/canton?post=582"}],"curies":[{"name":"wp","href":"https:\/\/api.w.org\/{rel}","templated":true}]}}