{"id":583,"date":"2024-04-22T13:08:39","date_gmt":"2024-04-22T11:08:39","guid":{"rendered":"https:\/\/www.artisanlocal.ch\/c\/vous-avez-besoin-dun-specialiste-pour-linstallation-de-votre-carrelage-a-la-chaux-de-fonds\/"},"modified":"2025-08-26T19:28:37","modified_gmt":"2025-08-26T17:28:37","slug":"vous-avez-besoin-dun-specialiste-pour-linstallation-de-votre-carrelage-a-la-chaux-de-fonds","status":"publish","type":"page","link":"https:\/\/www.artisanlocal.ch\/c\/vous-avez-besoin-dun-specialiste-pour-linstallation-de-votre-carrelage-a-la-chaux-de-fonds\/","title":{"rendered":"Carreleur \u00e0 La Chaux-de-Fonds"},"content":{"rendered":"<p>Vous habitez \u00e0 La Chaux-de-Fonds et vous avez besoin d&rsquo;un nouveau carrelage ? Artisanlocal, vous propose la pose de carrelage : classique, de dosseret, pour votre cuisine, salle de bain ou pour votre sol !<br \/>\n\r\n<div class=\"box\">\r\n            <div class=\"company-info\">\r\n            <img decoding=\"async\" class=\"company-info__logo\" src=\"https:\/\/www.artisanlocal.ch\/media\/cache\/thumb\/images\/companies\/6322f1bced3b1759292738.png\" alt=\"Logo\">\r\n            <h2 class=\"company-info__name\">Pascal Z\u00fcrcher<\/h2>\r\n            <p class=\"company-info__business\">Entreprise de Carrelage - R\u00e9novation - Ma\u00e7onnerie<\/p>\r\n        <\/div>\r\n        <div class=\"company-contact\">\r\n            <p class=\"company-info__address\">Champ-Nauger 7<\/p>\r\n                            <div class=\"links\">\r\n                                            <a class=\"btn has-accent-background-color js-phoneNumber\" href=\"tel:0796583337\" title=\"Appelez\" data-id=\"6498\" data-type=\"11\">079 658 33 37<\/a>\r\n                                                        <\/div>\r\n                    <\/div>\r\n    \r\n            \r\n<form action=\"https:\/\/www.artisanlocal.ch\/c\/wp-admin\/admin-ajax.php\" method=\"post\" class=\"form-contact\" id=\"artisan_form_contact_company_inline\">\r\n    <div><input type=\"hidden\" name=\"action\" value=\"company_contact\"><\/div>\r\n    <div><input type=\"hidden\" name=\"nonce\" value=\"1dbf28e6f0\"><\/div>\r\n    <div><input type=\"hidden\" name=\"company_id\" value=\"6498\"><\/div>\r\n    <div><input type=\"hidden\" name=\"form_id\" value=\"artisan_form_contact_company_inline\"><\/div>\r\n    <div class=\"gglcptch gglcptch_v3 gglcptch_custom\"><input type=\"hidden\" id=\"g-recaptcha-response\" name=\"g-recaptcha-response\" \/><br \/><div class=\"gglcptch_error_text\">La p\u00e9riode de v\u00e9rification reCAPTCHA a expir\u00e9. Veuillez recharger la page.<\/div><\/div>    <div class=\"form-content\">\r\n        <div class=\"form-group\">\r\n            <label for=\"contact_firstName\" class=\"required\">Pr\u00e9nom<\/label>\r\n            <input type=\"text\" name=\"firstName\" class=\"form-control\" required>\r\n        <\/div>\r\n        <div class=\"form-group\">\r\n            <label for=\"contact_lastName\" class=\"required\">Nom<\/label>\r\n            <input type=\"text\" name=\"lastName\" class=\"form-control\" required>\r\n        <\/div>\r\n        <div class=\"form-group\">\r\n            <label for=\"contact_email\" class=\"required\">Email<\/label>\r\n            <input type=\"email\" name=\"email\" class=\"form-control\" required>\r\n        <\/div>\r\n        <div class=\"form-group\">\r\n            <label for=\"contact_phone\" class=\"required\">Num\u00e9ro de t\u00e9l\u00e9phone<\/label>\r\n            <input type=\"tel\" name=\"phone\" class=\"form-control\" placeholder=\"0787117165\" pattern=\"^[0-9]{10}$\" required>\r\n        <\/div>\r\n        <div class=\"form-group\">\r\n            <label for=\"contact_postalCode\" class=\"required\">Code postal et localit\u00e9<\/label>\r\n            <input type=\"text\" name=\"postalCode\" class=\"form-control\" required>\r\n        <\/div>\r\n        <div class=\"form-group\">\r\n            <label for=\"contact_address\" class=\"required\">Adresse<\/label>\r\n            <input type=\"text\" name=\"address\" class=\"form-control\" required>\r\n        <\/div>\r\n        <div class=\"full-width topic\">\r\n            <p class=\"required\">Je souhaite \u00eatre contact\u00e9 pour :<\/p>\r\n            <div class=\"form-check\">\r\n                <input type=\"radio\" name=\"topic\" value=\"D\u00e9pannage\" class=\"form-control\" required>\r\n                <label for=\"d\u00e9pannage\">D\u00e9pannage<\/label>\r\n            <\/div>\r\n            <div class=\"form-check\">\r\n                <input type=\"radio\" name=\"topic\" value=\"Entretien\" class=\"form-control\" required>\r\n                <label for=\"entretien\">Entretien<\/label>\r\n            <\/div>\r\n            <div class=\"form-check\">\r\n                <input type=\"radio\" name=\"topic\" value=\"R\u00e9novation\" class=\"form-control\" required>\r\n                <label for=\"r\u00e9novation\">R\u00e9novation<\/label>\r\n            <\/div>\r\n            <div class=\"form-check\">\r\n                <input type=\"radio\" name=\"topic\" value=\"Autre\" class=\"form-control\" required>\r\n                <label for=\"autre\">Autre<\/label>\r\n            <\/div>\r\n        <\/div>\r\n        <div class=\"form-group full-width\">\r\n            <label for=\"contact_message\">Message<\/label>\r\n            <textarea name=\"message\" rows=\"3\" class=\"form-control\"><\/textarea>\r\n        <\/div>\r\n    <\/div>\r\n    <div class=\"form-actions\">\r\n        <button class=\"wp-block-button__link has-accent-background-color\">Contacter<\/button>\r\n    <\/div>\r\n<\/form>\r\n<div class=\"form-feedback\"><\/div>    <\/div><\/p>\n<h2>Quelle est la plus-value qu&rsquo;offre notre entreprise ?<\/h2>\n<ul>\n<li>Nous proposons des prix comp\u00e9titifs,<\/li>\n<li>Nos carrelages sont de hautes qualit\u00e9s,<\/li>\n<li>Nous sommes implant\u00e9s \u00e0 La Chaux-de-Fonds, et nous intervenons en urgence \u00e0 votre domicile,<\/li>\n<li>nos conseils sont personnalis\u00e9s, par exemple : pour s\u00e9lectionner le bon carrelage,<\/li>\n<li>nos devis sont gratuits,<\/li>\n<li>nos techniciens sont exp\u00e9riment\u00e9s,<\/li>\n<li>une soci\u00e9t\u00e9 de confiance : nous coop\u00e9rons avec des entreprises importantes et des cabinets d&rsquo;architectes pour des poses de carrelage, fa\u00efence, parquet, et autres rev\u00eatements.<\/li>\n<\/ul>\n<h2>Contactez-nous d\u00e8s maintenant pour obtenir votre devis gratuit<\/h2>\n<p>N&rsquo;h\u00e9sitez pas \u00e0 nous contacter si vous souhaitez obtenir un devis gratuit, nous r\u00e9pondrons d\u00e8s que possible pour \u00e9valuer le co\u00fbt de l&rsquo;installation de votre carrelage.<\/p>\n<h2>Nos prestations<\/h2>\n<p>Nos techniciens qui interviennent \u00e0 La Chaux-de-Fonds fournissent aux Chaux-de-Fonnier et aux entreprises locales, les prestations suivantes :<\/p>\n<ul>\n<li>L&rsquo;installation de parquet, carrelage, fa\u00efence, et autres types de carrelages,<\/li>\n<li>des conseils pour vous aider \u00e0 choisir vos carreaux,<\/li>\n<li>l&rsquo;installation de carrelage,<\/li>\n<li>la r\u00e9alisation du scellement pour votre carrelage,<\/li>\n<li>l&rsquo;application du carrelage sur les sols et les parois,<\/li>\n<li>l&rsquo;installation du carrelage pour les zones int\u00e9rieures et ext\u00e9rieures de votre propri\u00e9t\u00e9,<\/li>\n<li>le retrait de votre carrelage existant,<\/li>\n<li>l&rsquo;enl\u00e8vement du parquet flottant,<\/li>\n<li>la pose de carrelage pour votre terrasse.<\/li>\n<\/ul>\n<h2>Comment s\u00e9lectionner le meilleur carrelage pour votre espace ?<\/h2>\n<h3>Songer au lieu o\u00f9 le carrelage sera pos\u00e9<\/h3>\n<p>\u00c9tudiez bien le lieu et la fr\u00e9quence pendant laquelle le carreau sera expos\u00e9 \u00e0 un vieillissement pr\u00e9matur\u00e9, sera-t-il dans un endroit \u00e0 fort passage ? Marchera-t-on dessus en chaussures ou en chaussettes\u202f? Sera-t-il expos\u00e9 \u00e0 l&rsquo;humidit\u00e9\u202f? R\u00e9fl\u00e9chissez \u00e9galement aux espaces qu&rsquo;il recouvrira (les murs, les plans de travail ou les sols).<\/p>\n<h3>D\u00e9terminez le volume de carrelage requis<\/h3>\n<p>Pour d\u00e9terminer le volume en m\u00b2 de carrelages n\u00e9cessaires pour votre habitation, multipliez sa largeur par sa longueur et ajoutez \u00e0 peu pr\u00e8s 5 % pour disposer d&rsquo;une marge de s\u00e9curit\u00e9. Nous vous conseillons de garder en stock du carrelage afin de rattraper d&rsquo;\u00e9ventuels d\u00e9g\u00e2ts.<\/p>\n<h3>Choisissez le bon mat\u00e9riau<\/h3>\n<p>Il y a plusieurs types de mat\u00e9riaux \u00e0 partir desquels le carrelage est cr\u00e9\u00e9, le type de mat\u00e9riaux a un effet sur : l\u2019apparence, la long\u00e9vit\u00e9, le co\u00fbt et l&rsquo;entretien. Par ailleurs, la texture et les finitions doivent par ailleurs \u00eatre prises en consid\u00e9ration pour trouver le meilleur carrelage pour votre projet.<\/p>\n<h3>Entretien<\/h3>\n<p>Nous vous recommandons de prendre en consid\u00e9ration le niveau de difficult\u00e9 d&rsquo;entretien. Un autre point important, le scellement du carrelage avec un joint de couleur clair n\u00e9cessite un nettoyage plus long, en effet, il accumule facilement la salet\u00e9, le rendent plus difficile \u00e0 entretenir que d&rsquo;autres teintes.<\/p>\n<h2>Prendre un rendez-vous maintenant<\/h2>\n<p>Notre soci\u00e9t\u00e9 \u00e0 La Chaux-de-Fonds a connaissance des difficult\u00e9s rencontr\u00e9s lors de l&rsquo;installation, c&rsquo;est la raison pour laquelle notre \u00e9quipe est joignable du lundi au samedi pour vous donner des conseils.<\/p>\n<h2>Questions-r\u00e9ponses<\/h2>\n<h3>Quel est le fonctionnement de votre soci\u00e9t\u00e9 ?<\/h3>\n<ol>\n<li>Prise de contact par t\u00e9l\u00e9phone ou par email.<\/li>\n<li>Planification du rendez-vous.<\/li>\n<li>Notre \u00e9quipe se d\u00e9place \u00e0 votre foyer pour calculer le total de carrelages \u00e0 poser.<\/li>\n<li>Nous installons votre carrelage \u00e0 votre domicile.<\/li>\n<\/ol>\n<h3>Votre entreprise intervient \u00e0 La Chaux-de-Fonds et dans les villes aux environs ?<\/h3>\n<p>Oui, nous nous d\u00e9pla\u00e7ons \u00e0 La Chaux-de-Fonds, mais aussi dans les communes aux alentours, comme :<\/p>\nMontmollin, Montezillon, Valangin, Boudevilliers, Fontaines NE, Fontainemelon, La Vue-des-Alpes, Cernier, Ch\u00e9zard-St-Martin, Les Vieux-Pr\u00e9s, Dombresson, Villiers, Le P\u00e2quier NE, Engollon, Fenin, Saules, Vilars NE, Savagnier, Chaumont, Les Geneveys-sur-Coffrane, Coffrane, Les Hauts-Geneveys, La Sagne NE, Le Cr\u00eat-du-Locle, Les Planchettes, La Cibourg, Les Emibois, Le Cerneux-Veusil, Les Pommerats, Goumois, Montfavergier.\n<h3>Quels sont les styles de carrelages les plus r\u00e9pandus\u202f?<\/h3>\n<ul>\n<li>Les mosa\u00efques.<\/li>\n<li>Les blancs de m\u00e9tro.<\/li>\n<li>En marbre.<\/li>\n<li>En c\u00e9ramique.<\/li>\n<li>En ciment.<\/li>\n<li>En porcelaine.<\/li>\n<\/ul>\n","protected":false},"excerpt":{"rendered":"<p>Vous habitez \u00e0 La Chaux-de-Fonds et vous avez besoin d&rsquo;un nouveau carrelage ? Artisanlocal, vous propose la pose de carrelage : classique, de dosseret, pour votre cuisine, salle de bain ou pour votre sol ! Quelle est la plus-value qu&rsquo;offre notre entreprise ? Nous proposons des prix comp\u00e9titifs, Nos carrelages sont de hautes qualit\u00e9s, Nous [&hellip;]<\/p>\n","protected":false},"author":4,"featured_media":2804,"parent":0,"menu_order":0,"comment_status":"closed","ping_status":"closed","template":"","meta":{"footnotes":""},"profession":[119],"location":[18],"canton":[114],"class_list":["post-583","page","type-page","status-publish","has-post-thumbnail","hentry","profession-carreleur","location-la-chaux-de-fonds","canton-ne"],"yoast_head":"<!-- This site is optimized with the Yoast SEO Premium plugin v25.7.1 (Yoast SEO v27.3) - https:\/\/yoast.com\/product\/yoast-seo-premium-wordpress\/ -->\n<title>Carreleur \u00e0 La Chaux-de-Fonds - Artisanlocal<\/title>\n<meta name=\"robots\" content=\"index, follow, max-snippet:-1, max-image-preview:large, max-video-preview:-1\" \/>\n<link rel=\"canonical\" href=\"https:\/\/www.artisanlocal.ch\/c\/vous-avez-besoin-dun-specialiste-pour-linstallation-de-votre-carrelage-a-la-chaux-de-fonds\/\" \/>\n<meta property=\"og:locale\" content=\"fr_FR\" \/>\n<meta property=\"og:type\" content=\"article\" \/>\n<meta property=\"og:title\" content=\"Carreleur \u00e0 La Chaux-de-Fonds\" \/>\n<meta property=\"og:description\" content=\"Vous habitez \u00e0 La Chaux-de-Fonds et vous avez besoin d&rsquo;un nouveau carrelage ? Artisanlocal, vous propose la pose de carrelage : classique, de dosseret, pour votre cuisine, salle de bain ou pour votre sol ! Quelle est la plus-value qu&rsquo;offre notre entreprise ? Nous proposons des prix comp\u00e9titifs, Nos carrelages sont de hautes qualit\u00e9s, Nous [&hellip;]\" \/>\n<meta property=\"og:url\" content=\"https:\/\/www.artisanlocal.ch\/c\/vous-avez-besoin-dun-specialiste-pour-linstallation-de-votre-carrelage-a-la-chaux-de-fonds\/\" \/>\n<meta property=\"og:site_name\" content=\"Artisanlocal\" \/>\n<meta property=\"article:modified_time\" content=\"2025-08-26T17:28:37+00:00\" \/>\n<meta property=\"og:image\" content=\"https:\/\/www.artisanlocal.ch\/c\/wp-content\/uploads\/2024\/11\/carreleur.jpg\" \/>\n\t<meta property=\"og:image:width\" content=\"1920\" \/>\n\t<meta property=\"og:image:height\" content=\"300\" \/>\n\t<meta property=\"og:image:type\" content=\"image\/jpeg\" \/>\n<meta name=\"twitter:card\" content=\"summary_large_image\" \/>\n<meta name=\"twitter:label1\" content=\"Dur\u00e9e de lecture estim\u00e9e\" \/>\n\t<meta name=\"twitter:data1\" content=\"4 minutes\" \/>\n<script type=\"application\/ld+json\" class=\"yoast-schema-graph\">{\"@context\":\"https:\\\/\\\/schema.org\",\"@graph\":[{\"@type\":\"WebPage\",\"@id\":\"https:\\\/\\\/www.artisanlocal.ch\\\/c\\\/vous-avez-besoin-dun-specialiste-pour-linstallation-de-votre-carrelage-a-la-chaux-de-fonds\\\/\",\"url\":\"https:\\\/\\\/www.artisanlocal.ch\\\/c\\\/vous-avez-besoin-dun-specialiste-pour-linstallation-de-votre-carrelage-a-la-chaux-de-fonds\\\/\",\"name\":\"Carreleur \u00e0 La Chaux-de-Fonds - Artisanlocal\",\"isPartOf\":{\"@id\":\"https:\\\/\\\/www.artisanlocal.ch\\\/c\\\/#website\"},\"primaryImageOfPage\":{\"@id\":\"https:\\\/\\\/www.artisanlocal.ch\\\/c\\\/vous-avez-besoin-dun-specialiste-pour-linstallation-de-votre-carrelage-a-la-chaux-de-fonds\\\/#primaryimage\"},\"image\":{\"@id\":\"https:\\\/\\\/www.artisanlocal.ch\\\/c\\\/vous-avez-besoin-dun-specialiste-pour-linstallation-de-votre-carrelage-a-la-chaux-de-fonds\\\/#primaryimage\"},\"thumbnailUrl\":\"https:\\\/\\\/www.artisanlocal.ch\\\/c\\\/wp-content\\\/uploads\\\/2024\\\/11\\\/carreleur.jpg\",\"datePublished\":\"2024-04-22T11:08:39+00:00\",\"dateModified\":\"2025-08-26T17:28:37+00:00\",\"breadcrumb\":{\"@id\":\"https:\\\/\\\/www.artisanlocal.ch\\\/c\\\/vous-avez-besoin-dun-specialiste-pour-linstallation-de-votre-carrelage-a-la-chaux-de-fonds\\\/#breadcrumb\"},\"inLanguage\":\"fr-FR\",\"potentialAction\":[{\"@type\":\"ReadAction\",\"target\":[\"https:\\\/\\\/www.artisanlocal.ch\\\/c\\\/vous-avez-besoin-dun-specialiste-pour-linstallation-de-votre-carrelage-a-la-chaux-de-fonds\\\/\"]}]},{\"@type\":\"ImageObject\",\"inLanguage\":\"fr-FR\",\"@id\":\"https:\\\/\\\/www.artisanlocal.ch\\\/c\\\/vous-avez-besoin-dun-specialiste-pour-linstallation-de-votre-carrelage-a-la-chaux-de-fonds\\\/#primaryimage\",\"url\":\"https:\\\/\\\/www.artisanlocal.ch\\\/c\\\/wp-content\\\/uploads\\\/2024\\\/11\\\/carreleur.jpg\",\"contentUrl\":\"https:\\\/\\\/www.artisanlocal.ch\\\/c\\\/wp-content\\\/uploads\\\/2024\\\/11\\\/carreleur.jpg\",\"width\":1920,\"height\":300},{\"@type\":\"BreadcrumbList\",\"@id\":\"https:\\\/\\\/www.artisanlocal.ch\\\/c\\\/vous-avez-besoin-dun-specialiste-pour-linstallation-de-votre-carrelage-a-la-chaux-de-fonds\\\/#breadcrumb\",\"itemListElement\":[{\"@type\":\"ListItem\",\"position\":1,\"name\":\"Accueil\",\"item\":\"https:\\\/\\\/www.artisanlocal.ch\\\/c\\\/\"},{\"@type\":\"ListItem\",\"position\":2,\"name\":\"Carreleur \u00e0 La Chaux-de-Fonds\"}]},{\"@type\":\"WebSite\",\"@id\":\"https:\\\/\\\/www.artisanlocal.ch\\\/c\\\/#website\",\"url\":\"https:\\\/\\\/www.artisanlocal.ch\\\/c\\\/\",\"name\":\"Artisanlocal\",\"description\":\"\",\"publisher\":{\"@id\":\"https:\\\/\\\/www.artisanlocal.ch\\\/c\\\/#organization\"},\"potentialAction\":[{\"@type\":\"SearchAction\",\"target\":{\"@type\":\"EntryPoint\",\"urlTemplate\":\"https:\\\/\\\/www.artisanlocal.ch\\\/c\\\/?s={search_term_string}\"},\"query-input\":{\"@type\":\"PropertyValueSpecification\",\"valueRequired\":true,\"valueName\":\"search_term_string\"}}],\"inLanguage\":\"fr-FR\"},{\"@type\":\"Organization\",\"@id\":\"https:\\\/\\\/www.artisanlocal.ch\\\/c\\\/#organization\",\"name\":\"Artisanlocal\",\"url\":\"https:\\\/\\\/www.artisanlocal.ch\\\/c\\\/\",\"logo\":{\"@type\":\"ImageObject\",\"inLanguage\":\"fr-FR\",\"@id\":\"https:\\\/\\\/www.artisanlocal.ch\\\/c\\\/#\\\/schema\\\/logo\\\/image\\\/\",\"url\":\"https:\\\/\\\/www.artisanlocal.ch\\\/c\\\/wp-content\\\/uploads\\\/2024\\\/02\\\/logo-artisanlocal-h.svg\",\"contentUrl\":\"https:\\\/\\\/www.artisanlocal.ch\\\/c\\\/wp-content\\\/uploads\\\/2024\\\/02\\\/logo-artisanlocal-h.svg\",\"caption\":\"Artisanlocal\"},\"image\":{\"@id\":\"https:\\\/\\\/www.artisanlocal.ch\\\/c\\\/#\\\/schema\\\/logo\\\/image\\\/\"}}]}<\/script>\n<!-- \/ Yoast SEO Premium plugin. -->","yoast_head_json":{"title":"Carreleur \u00e0 La Chaux-de-Fonds - Artisanlocal","robots":{"index":"index","follow":"follow","max-snippet":"max-snippet:-1","max-image-preview":"max-image-preview:large","max-video-preview":"max-video-preview:-1"},"canonical":"https:\/\/www.artisanlocal.ch\/c\/vous-avez-besoin-dun-specialiste-pour-linstallation-de-votre-carrelage-a-la-chaux-de-fonds\/","og_locale":"fr_FR","og_type":"article","og_title":"Carreleur \u00e0 La Chaux-de-Fonds","og_description":"Vous habitez \u00e0 La Chaux-de-Fonds et vous avez besoin d&rsquo;un nouveau carrelage ? Artisanlocal, vous propose la pose de carrelage : classique, de dosseret, pour votre cuisine, salle de bain ou pour votre sol ! Quelle est la plus-value qu&rsquo;offre notre entreprise ? Nous proposons des prix comp\u00e9titifs, Nos carrelages sont de hautes qualit\u00e9s, Nous [&hellip;]","og_url":"https:\/\/www.artisanlocal.ch\/c\/vous-avez-besoin-dun-specialiste-pour-linstallation-de-votre-carrelage-a-la-chaux-de-fonds\/","og_site_name":"Artisanlocal","article_modified_time":"2025-08-26T17:28:37+00:00","og_image":[{"width":1920,"height":300,"url":"https:\/\/www.artisanlocal.ch\/c\/wp-content\/uploads\/2024\/11\/carreleur.jpg","type":"image\/jpeg"}],"twitter_card":"summary_large_image","twitter_misc":{"Dur\u00e9e de lecture estim\u00e9e":"4 minutes"},"schema":{"@context":"https:\/\/schema.org","@graph":[{"@type":"WebPage","@id":"https:\/\/www.artisanlocal.ch\/c\/vous-avez-besoin-dun-specialiste-pour-linstallation-de-votre-carrelage-a-la-chaux-de-fonds\/","url":"https:\/\/www.artisanlocal.ch\/c\/vous-avez-besoin-dun-specialiste-pour-linstallation-de-votre-carrelage-a-la-chaux-de-fonds\/","name":"Carreleur \u00e0 La Chaux-de-Fonds - Artisanlocal","isPartOf":{"@id":"https:\/\/www.artisanlocal.ch\/c\/#website"},"primaryImageOfPage":{"@id":"https:\/\/www.artisanlocal.ch\/c\/vous-avez-besoin-dun-specialiste-pour-linstallation-de-votre-carrelage-a-la-chaux-de-fonds\/#primaryimage"},"image":{"@id":"https:\/\/www.artisanlocal.ch\/c\/vous-avez-besoin-dun-specialiste-pour-linstallation-de-votre-carrelage-a-la-chaux-de-fonds\/#primaryimage"},"thumbnailUrl":"https:\/\/www.artisanlocal.ch\/c\/wp-content\/uploads\/2024\/11\/carreleur.jpg","datePublished":"2024-04-22T11:08:39+00:00","dateModified":"2025-08-26T17:28:37+00:00","breadcrumb":{"@id":"https:\/\/www.artisanlocal.ch\/c\/vous-avez-besoin-dun-specialiste-pour-linstallation-de-votre-carrelage-a-la-chaux-de-fonds\/#breadcrumb"},"inLanguage":"fr-FR","potentialAction":[{"@type":"ReadAction","target":["https:\/\/www.artisanlocal.ch\/c\/vous-avez-besoin-dun-specialiste-pour-linstallation-de-votre-carrelage-a-la-chaux-de-fonds\/"]}]},{"@type":"ImageObject","inLanguage":"fr-FR","@id":"https:\/\/www.artisanlocal.ch\/c\/vous-avez-besoin-dun-specialiste-pour-linstallation-de-votre-carrelage-a-la-chaux-de-fonds\/#primaryimage","url":"https:\/\/www.artisanlocal.ch\/c\/wp-content\/uploads\/2024\/11\/carreleur.jpg","contentUrl":"https:\/\/www.artisanlocal.ch\/c\/wp-content\/uploads\/2024\/11\/carreleur.jpg","width":1920,"height":300},{"@type":"BreadcrumbList","@id":"https:\/\/www.artisanlocal.ch\/c\/vous-avez-besoin-dun-specialiste-pour-linstallation-de-votre-carrelage-a-la-chaux-de-fonds\/#breadcrumb","itemListElement":[{"@type":"ListItem","position":1,"name":"Accueil","item":"https:\/\/www.artisanlocal.ch\/c\/"},{"@type":"ListItem","position":2,"name":"Carreleur \u00e0 La Chaux-de-Fonds"}]},{"@type":"WebSite","@id":"https:\/\/www.artisanlocal.ch\/c\/#website","url":"https:\/\/www.artisanlocal.ch\/c\/","name":"Artisanlocal","description":"","publisher":{"@id":"https:\/\/www.artisanlocal.ch\/c\/#organization"},"potentialAction":[{"@type":"SearchAction","target":{"@type":"EntryPoint","urlTemplate":"https:\/\/www.artisanlocal.ch\/c\/?s={search_term_string}"},"query-input":{"@type":"PropertyValueSpecification","valueRequired":true,"valueName":"search_term_string"}}],"inLanguage":"fr-FR"},{"@type":"Organization","@id":"https:\/\/www.artisanlocal.ch\/c\/#organization","name":"Artisanlocal","url":"https:\/\/www.artisanlocal.ch\/c\/","logo":{"@type":"ImageObject","inLanguage":"fr-FR","@id":"https:\/\/www.artisanlocal.ch\/c\/#\/schema\/logo\/image\/","url":"https:\/\/www.artisanlocal.ch\/c\/wp-content\/uploads\/2024\/02\/logo-artisanlocal-h.svg","contentUrl":"https:\/\/www.artisanlocal.ch\/c\/wp-content\/uploads\/2024\/02\/logo-artisanlocal-h.svg","caption":"Artisanlocal"},"image":{"@id":"https:\/\/www.artisanlocal.ch\/c\/#\/schema\/logo\/image\/"}}]}},"_links":{"self":[{"href":"https:\/\/www.artisanlocal.ch\/c\/wp-json\/wp\/v2\/pages\/583","targetHints":{"allow":["GET"]}}],"collection":[{"href":"https:\/\/www.artisanlocal.ch\/c\/wp-json\/wp\/v2\/pages"}],"about":[{"href":"https:\/\/www.artisanlocal.ch\/c\/wp-json\/wp\/v2\/types\/page"}],"author":[{"embeddable":true,"href":"https:\/\/www.artisanlocal.ch\/c\/wp-json\/wp\/v2\/users\/4"}],"replies":[{"embeddable":true,"href":"https:\/\/www.artisanlocal.ch\/c\/wp-json\/wp\/v2\/comments?post=583"}],"version-history":[{"count":0,"href":"https:\/\/www.artisanlocal.ch\/c\/wp-json\/wp\/v2\/pages\/583\/revisions"}],"wp:featuredmedia":[{"embeddable":true,"href":"https:\/\/www.artisanlocal.ch\/c\/wp-json\/wp\/v2\/media\/2804"}],"wp:attachment":[{"href":"https:\/\/www.artisanlocal.ch\/c\/wp-json\/wp\/v2\/media?parent=583"}],"wp:term":[{"taxonomy":"profession","embeddable":true,"href":"https:\/\/www.artisanlocal.ch\/c\/wp-json\/wp\/v2\/profession?post=583"},{"taxonomy":"location","embeddable":true,"href":"https:\/\/www.artisanlocal.ch\/c\/wp-json\/wp\/v2\/location?post=583"},{"taxonomy":"canton","embeddable":true,"href":"https:\/\/www.artisanlocal.ch\/c\/wp-json\/wp\/v2\/canton?post=583"}],"curies":[{"name":"wp","href":"https:\/\/api.w.org\/{rel}","templated":true}]}}