{"id":589,"date":"2024-04-22T05:20:27","date_gmt":"2024-04-22T03:20:27","guid":{"rendered":"https:\/\/www.artisanlocal.ch\/c\/vous-avez-besoin-dun-specialiste-de-la-pose-de-carrelage-a-sion\/"},"modified":"2025-08-26T19:29:03","modified_gmt":"2025-08-26T17:29:03","slug":"vous-avez-besoin-dun-specialiste-de-la-pose-de-carrelage-a-sion","status":"publish","type":"page","link":"https:\/\/www.artisanlocal.ch\/c\/vous-avez-besoin-dun-specialiste-de-la-pose-de-carrelage-a-sion\/","title":{"rendered":"Entreprise de carrelage \u00e0 Sion"},"content":{"rendered":"<p>Besoin d&rsquo;un carreleur \u00e0 Sion ? Artisanlocal installe du carrelage classique, de dosseret, pour salle d&rsquo;eau ou pour sol.<br \/>\n\r\n<div class=\"box\">\r\n            <div class=\"company-info\">\r\n            <img decoding=\"async\" class=\"company-info__logo\" src=\"https:\/\/www.artisanlocal.ch\/media\/cache\/thumb\/images\/companies\/65152f708394f575735553.png\" alt=\"Logo\">\r\n            <h2 class=\"company-info__name\">Caetano Carrelages-R\u00e9novations S\u00e0rl<\/h2>\r\n            <p class=\"company-info__business\">Entreprise de Carrelage - R\u00e9novation - Ma\u00e7onnerie - Isolation - Peinture<\/p>\r\n        <\/div>\r\n        <div class=\"company-contact\">\r\n            <p class=\"company-info__address\">Rue des Grands Pr\u00e9s 29<\/p>\r\n                            <div class=\"links\">\r\n                                            <a class=\"btn has-accent-background-color js-phoneNumber\" href=\"tel:0792876052\" title=\"Appelez\" data-id=\"1067\" data-type=\"11\">079 287 60 52<\/a>\r\n                                                                <a class=\"btn has-accent-background-color\" href=\"https:\/\/www.caetano-carrelage-valais.ch\/\" target=\"_blank\" title=\"Voir le site internet\" data-id=\"1067\" data-type=\"20\">Site internet<\/a>\r\n                                    <\/div>\r\n                    <\/div>\r\n    \r\n            \r\n<form action=\"https:\/\/www.artisanlocal.ch\/c\/wp-admin\/admin-ajax.php\" method=\"post\" class=\"form-contact\" id=\"artisan_form_contact_company_inline\">\r\n    <div><input type=\"hidden\" name=\"action\" value=\"company_contact\"><\/div>\r\n    <div><input type=\"hidden\" name=\"nonce\" value=\"e60ea15821\"><\/div>\r\n    <div><input type=\"hidden\" name=\"company_id\" value=\"1067\"><\/div>\r\n    <div><input type=\"hidden\" name=\"form_id\" value=\"artisan_form_contact_company_inline\"><\/div>\r\n    <div class=\"gglcptch gglcptch_v3 gglcptch_custom\"><input type=\"hidden\" id=\"g-recaptcha-response\" name=\"g-recaptcha-response\" \/><br \/><div class=\"gglcptch_error_text\">La p\u00e9riode de v\u00e9rification reCAPTCHA a expir\u00e9. Veuillez recharger la page.<\/div><\/div>    <div class=\"form-content\">\r\n        <div class=\"form-group\">\r\n            <label for=\"contact_firstName\" class=\"required\">Pr\u00e9nom<\/label>\r\n            <input type=\"text\" name=\"firstName\" class=\"form-control\" required>\r\n        <\/div>\r\n        <div class=\"form-group\">\r\n            <label for=\"contact_lastName\" class=\"required\">Nom<\/label>\r\n            <input type=\"text\" name=\"lastName\" class=\"form-control\" required>\r\n        <\/div>\r\n        <div class=\"form-group\">\r\n            <label for=\"contact_email\" class=\"required\">Email<\/label>\r\n            <input type=\"email\" name=\"email\" class=\"form-control\" required>\r\n        <\/div>\r\n        <div class=\"form-group\">\r\n            <label for=\"contact_phone\" class=\"required\">Num\u00e9ro de t\u00e9l\u00e9phone<\/label>\r\n            <input type=\"tel\" name=\"phone\" class=\"form-control\" placeholder=\"0787117165\" pattern=\"^[0-9]{10}$\" required>\r\n        <\/div>\r\n        <div class=\"form-group\">\r\n            <label for=\"contact_postalCode\" class=\"required\">Code postal et localit\u00e9<\/label>\r\n            <input type=\"text\" name=\"postalCode\" class=\"form-control\" required>\r\n        <\/div>\r\n        <div class=\"form-group\">\r\n            <label for=\"contact_address\" class=\"required\">Adresse<\/label>\r\n            <input type=\"text\" name=\"address\" class=\"form-control\" required>\r\n        <\/div>\r\n        <div class=\"full-width topic\">\r\n            <p class=\"required\">Je souhaite \u00eatre contact\u00e9 pour :<\/p>\r\n            <div class=\"form-check\">\r\n                <input type=\"radio\" name=\"topic\" value=\"D\u00e9pannage\" class=\"form-control\" required>\r\n                <label for=\"d\u00e9pannage\">D\u00e9pannage<\/label>\r\n            <\/div>\r\n            <div class=\"form-check\">\r\n                <input type=\"radio\" name=\"topic\" value=\"Entretien\" class=\"form-control\" required>\r\n                <label for=\"entretien\">Entretien<\/label>\r\n            <\/div>\r\n            <div class=\"form-check\">\r\n                <input type=\"radio\" name=\"topic\" value=\"R\u00e9novation\" class=\"form-control\" required>\r\n                <label for=\"r\u00e9novation\">R\u00e9novation<\/label>\r\n            <\/div>\r\n            <div class=\"form-check\">\r\n                <input type=\"radio\" name=\"topic\" value=\"Autre\" class=\"form-control\" required>\r\n                <label for=\"autre\">Autre<\/label>\r\n            <\/div>\r\n        <\/div>\r\n        <div class=\"form-group full-width\">\r\n            <label for=\"contact_message\">Message<\/label>\r\n            <textarea name=\"message\" rows=\"3\" class=\"form-control\"><\/textarea>\r\n        <\/div>\r\n    <\/div>\r\n    <div class=\"form-actions\">\r\n        <button class=\"wp-block-button__link has-accent-background-color\">Contacter<\/button>\r\n    <\/div>\r\n<\/form>\r\n<div class=\"form-feedback\"><\/div>    <\/div><\/p>\n<h2>Quels sont les avantages qu&rsquo;offre notre soci\u00e9t\u00e9 ?<\/h2>\n<ul>\n<li>Nos tarifs sont comp\u00e9titifs,<\/li>\n<li>nos carrelages sont de qualit\u00e9s,<\/li>\n<li>notre entreprise est install\u00e9e \u00e0 Sion et permet \u00e0 notre \u00e9quipe d\u2019intervenir rapidement \u00e0 votre domicile,<\/li>\n<li>nous vous conseillons pour choisir le meilleur carrelage,<\/li>\n<li>nos devis sont gratuits,<\/li>\n<li>nous avons une \u00e9quipe exp\u00e9riment\u00e9e,<\/li>\n<li>un partenaire s\u00fbr et fiable : nous travaillons avec de grands groupes et architectes pour des poses de parquet, carrelage, fa\u00efence, et autres rev\u00eatements.<\/li>\n<\/ul>\n<h2>Contactez-nous d\u00e8s maintenant pour recevoir votre devis<\/h2>\n<p>N&rsquo;h\u00e9sitez pas \u00e0 nous contacter si vous d\u00e9sirez obtenir une estimation gratuite, nous r\u00e9pondrons rapidement pour estimer le prix de la pose de votre carrelage.<\/p>\n<h2>Nos solutions<\/h2>\n<ul>\n<li>Installation de parquet, carrelage, fa\u00efence, et autres types de carrelages,<\/li>\n<li>des conseils personnalis\u00e9s pour vous aider \u00e0 choisir votre carrelage,<\/li>\n<li>l&rsquo;installation de vos carreaux,<\/li>\n<li>le scellement de votre carrelage,<\/li>\n<li>la pose de carrelage sur les murs et les sols,<\/li>\n<li>l&rsquo;installation de carrelage dans les zones ext\u00e9rieures et int\u00e9rieures,<\/li>\n<li>l&rsquo;enl\u00e8vement de votre carrelage,<\/li>\n<li>l&rsquo;enl\u00e8vement de votre parquet flottant,<\/li>\n<li>l&rsquo;installation de carrelage sur votre terrasse.<\/li>\n<\/ul>\n<h2>Comment choisir le carrelage adapt\u00e9 \u00e0 vos besoins ?<\/h2>\n<h3>Songer au lieu o\u00f9 le carrelage sera install\u00e9<\/h3>\n<p>\u00c9tudiez l&rsquo;endroit et le rythme \u00e0 laquelle le carreau sera soumis \u00e0 l&rsquo;usure, sera-t-il dans un endroit \u00e0 fort passage ? Marchera-t-on sur le carrelage en chaussettes ou en chaussures ? Sera-t-il confront\u00e9 \u00e0 l&rsquo;humidit\u00e9\u202f? R\u00e9fl\u00e9chissez par ailleurs aux espaces qu&rsquo;il recouvrira, tel que les murs, les plans de travail de cuisine ou les sols.<\/p>\n<h3>Calculez le volume de carreaux<\/h3>\n<p>Pour d\u00e9terminer le volume en m\u00b2 de carrelage pour votre projet, faites la multiplication : largeur par sa longueur et rajoutez approximativement 5 % pour conserver une marge de protection. Nous pr\u00e9conisons de conserver des carreaux suppl\u00e9mentaires en cas de futurs dommages.<\/p>\n<h3>Choisissez le mat\u00e9riau<\/h3>\n<p>Les mat\u00e9riaux impactent : l\u2019apparence, la durabilit\u00e9 et le co\u00fbt de l&rsquo;entretien. D&rsquo;autre part, il faut tenir compte de la texture et des finitions pour s\u00e9lectionner les meilleurs carreaux possible.<\/p>\n<h3>Maintenance<\/h3>\n<p>Nous vous conseillons de prendre en compte la complexit\u00e9 d&rsquo;entretien, par exemple : l&rsquo;entretien du carrelage avec un joint clair est plus compliqu\u00e9 \u00e0 cause de leur tendance \u00e0 cumuler la crasse, ce qui les rend plus compliqu\u00e9s \u00e0 nettoyer par rapport aux autres colorations.<\/p>\n<h2>Contactez-nous pour obtenir un rendez-vous<\/h2>\n<p>Notre soci\u00e9t\u00e9 compos\u00e9e de carreleurs a conscience de la complexit\u00e9 de votre objectif, c&rsquo;est pourquoi nous sommes joignables du lundi au samedi de mani\u00e8re \u00e0 r\u00e9pondre \u00e0 vos probl\u00e9matiques.<\/p>\n<h2>Questions-r\u00e9ponses<\/h2>\n<h3>Quel est le fonctionnement de votre soci\u00e9t\u00e9 ?<\/h3>\n<ol>\n<li>Prise de rendez-vous par email ou par t\u00e9l\u00e9phone.<\/li>\n<li>Par la suite, nous fixons un rendez-vous avec vous.<\/li>\n<li>Visite \u00e0 votre domicile pour d\u00e9terminer le travail \u00e0 effectuer.<\/li>\n<li>Nous lan\u00e7ons votre projet.<\/li>\n<\/ol>\n<h3>Intervenez-vous dans les communes proches de Sion ?<\/h3>\n<p>Oui, nous intervenons \u00e0 Sion, mais aussi dans les communes aux alentours, telles que :<\/p>\nChamoson, Grugnay (Chamoson), Les V\u00e9rines (Chamoson), N\u00e9miaz (Chamoson), St-Pierre-de-Clages, Ardon, St-L\u00e9onard, Uvrier, Vernami\u00e8ge, Pont-de-la-Morge (Sion), V\u00e9troz, Conthey, Savi\u00e8se, Bramois, Mase, Eison (St-Martin), Liez (St-Martin), St-Martin VS, Suen (St-Martin), Trogne (St-Martin), Champlan (Grimisuat), Grimisuat, Nax, Arbaz, St-S\u00e9verin, Aven, Daillon, Erde, Vex, Euseigne, Evol\u00e8ne, Lanna, La Tour VS, Les Haud\u00e8res, La Forclaz VS, La Sage, Villa (Evol\u00e8ne), Arolla, H\u00e9r\u00e9mence, Les Collons, Thyon, Arvillard (Salins), Mis\u00e9riez (Salins), Pravidondaz (Salins), Salins, Turin (Salins), Cr\u00eate-\u00e0-l'Oeil (Les Agettes), La Vernaz (Les Agettes), Les Agettes, Les Mayens-de-Sion, Cl\u00e8bes (Nendaz), Veysonnaz, Aproz (Nendaz), Baar (Nendaz), Basse-Nendaz, Beuson (Nendaz), Bieudron (Nendaz), Brignon (Nendaz), Cond\u00e9mines (Nendaz), Fey (Nendaz), Saclentse, Haute-Nendaz, Siviez (Nendaz), Sornard (Nendaz).\n<h3>Vous posez quels mod\u00e8les de carreaux le plus souvent ?<\/h3>\n<ul>\n<li>Les carreaux mosa\u00efques.<\/li>\n<li>Les carreaux int\u00e9rieurs blancs de m\u00e9tro.<\/li>\n<li>Les carrelages de marbre.<\/li>\n<li>Les carrelages de c\u00e9ramique.<\/li>\n<li>Les carrelages en ciments.<\/li>\n<li>Les carreaux porcelaine.<\/li>\n<\/ul>\n","protected":false},"excerpt":{"rendered":"<p>Besoin d&rsquo;un carreleur \u00e0 Sion ? Artisanlocal installe du carrelage classique, de dosseret, pour salle d&rsquo;eau ou pour sol. Quels sont les avantages qu&rsquo;offre notre soci\u00e9t\u00e9 ? Nos tarifs sont comp\u00e9titifs, nos carrelages sont de qualit\u00e9s, notre entreprise est install\u00e9e \u00e0 Sion et permet \u00e0 notre \u00e9quipe d\u2019intervenir rapidement \u00e0 votre domicile, nous vous conseillons [&hellip;]<\/p>\n","protected":false},"author":4,"featured_media":2804,"parent":0,"menu_order":0,"comment_status":"closed","ping_status":"closed","template":"","meta":{"footnotes":""},"profession":[119],"location":[105],"canton":[110],"class_list":["post-589","page","type-page","status-publish","has-post-thumbnail","hentry","profession-carreleur","location-sion","canton-vs"],"yoast_head":"<!-- This site is optimized with the Yoast SEO Premium plugin v25.7.1 (Yoast SEO v27.4) - https:\/\/yoast.com\/product\/yoast-seo-premium-wordpress\/ -->\n<title>Entreprise de carrelage \u00e0 Sion - Artisanlocal<\/title>\n<meta name=\"robots\" content=\"index, follow, max-snippet:-1, max-image-preview:large, max-video-preview:-1\" \/>\n<link rel=\"canonical\" href=\"https:\/\/www.artisanlocal.ch\/c\/vous-avez-besoin-dun-specialiste-de-la-pose-de-carrelage-a-sion\/\" \/>\n<meta property=\"og:locale\" content=\"fr_FR\" \/>\n<meta property=\"og:type\" content=\"article\" \/>\n<meta property=\"og:title\" content=\"Entreprise de carrelage \u00e0 Sion\" \/>\n<meta property=\"og:description\" content=\"Besoin d&rsquo;un carreleur \u00e0 Sion ? Artisanlocal installe du carrelage classique, de dosseret, pour salle d&rsquo;eau ou pour sol. Quels sont les avantages qu&rsquo;offre notre soci\u00e9t\u00e9 ? Nos tarifs sont comp\u00e9titifs, nos carrelages sont de qualit\u00e9s, notre entreprise est install\u00e9e \u00e0 Sion et permet \u00e0 notre \u00e9quipe d\u2019intervenir rapidement \u00e0 votre domicile, nous vous conseillons [&hellip;]\" \/>\n<meta property=\"og:url\" content=\"https:\/\/www.artisanlocal.ch\/c\/vous-avez-besoin-dun-specialiste-de-la-pose-de-carrelage-a-sion\/\" \/>\n<meta property=\"og:site_name\" content=\"Artisanlocal\" \/>\n<meta property=\"article:modified_time\" content=\"2025-08-26T17:29:03+00:00\" \/>\n<meta property=\"og:image\" content=\"https:\/\/www.artisanlocal.ch\/c\/wp-content\/uploads\/2024\/11\/carreleur.jpg\" \/>\n\t<meta property=\"og:image:width\" content=\"1920\" \/>\n\t<meta property=\"og:image:height\" content=\"300\" \/>\n\t<meta property=\"og:image:type\" content=\"image\/jpeg\" \/>\n<meta name=\"twitter:card\" content=\"summary_large_image\" \/>\n<meta name=\"twitter:label1\" content=\"Dur\u00e9e de lecture estim\u00e9e\" \/>\n\t<meta name=\"twitter:data1\" content=\"3 minutes\" \/>\n<script type=\"application\/ld+json\" class=\"yoast-schema-graph\">{\"@context\":\"https:\\\/\\\/schema.org\",\"@graph\":[{\"@type\":\"WebPage\",\"@id\":\"https:\\\/\\\/www.artisanlocal.ch\\\/c\\\/vous-avez-besoin-dun-specialiste-de-la-pose-de-carrelage-a-sion\\\/\",\"url\":\"https:\\\/\\\/www.artisanlocal.ch\\\/c\\\/vous-avez-besoin-dun-specialiste-de-la-pose-de-carrelage-a-sion\\\/\",\"name\":\"Entreprise de carrelage \u00e0 Sion - Artisanlocal\",\"isPartOf\":{\"@id\":\"https:\\\/\\\/www.artisanlocal.ch\\\/c\\\/#website\"},\"primaryImageOfPage\":{\"@id\":\"https:\\\/\\\/www.artisanlocal.ch\\\/c\\\/vous-avez-besoin-dun-specialiste-de-la-pose-de-carrelage-a-sion\\\/#primaryimage\"},\"image\":{\"@id\":\"https:\\\/\\\/www.artisanlocal.ch\\\/c\\\/vous-avez-besoin-dun-specialiste-de-la-pose-de-carrelage-a-sion\\\/#primaryimage\"},\"thumbnailUrl\":\"https:\\\/\\\/www.artisanlocal.ch\\\/c\\\/wp-content\\\/uploads\\\/2024\\\/11\\\/carreleur.jpg\",\"datePublished\":\"2024-04-22T03:20:27+00:00\",\"dateModified\":\"2025-08-26T17:29:03+00:00\",\"breadcrumb\":{\"@id\":\"https:\\\/\\\/www.artisanlocal.ch\\\/c\\\/vous-avez-besoin-dun-specialiste-de-la-pose-de-carrelage-a-sion\\\/#breadcrumb\"},\"inLanguage\":\"fr-FR\",\"potentialAction\":[{\"@type\":\"ReadAction\",\"target\":[\"https:\\\/\\\/www.artisanlocal.ch\\\/c\\\/vous-avez-besoin-dun-specialiste-de-la-pose-de-carrelage-a-sion\\\/\"]}]},{\"@type\":\"ImageObject\",\"inLanguage\":\"fr-FR\",\"@id\":\"https:\\\/\\\/www.artisanlocal.ch\\\/c\\\/vous-avez-besoin-dun-specialiste-de-la-pose-de-carrelage-a-sion\\\/#primaryimage\",\"url\":\"https:\\\/\\\/www.artisanlocal.ch\\\/c\\\/wp-content\\\/uploads\\\/2024\\\/11\\\/carreleur.jpg\",\"contentUrl\":\"https:\\\/\\\/www.artisanlocal.ch\\\/c\\\/wp-content\\\/uploads\\\/2024\\\/11\\\/carreleur.jpg\",\"width\":1920,\"height\":300},{\"@type\":\"BreadcrumbList\",\"@id\":\"https:\\\/\\\/www.artisanlocal.ch\\\/c\\\/vous-avez-besoin-dun-specialiste-de-la-pose-de-carrelage-a-sion\\\/#breadcrumb\",\"itemListElement\":[{\"@type\":\"ListItem\",\"position\":1,\"name\":\"Accueil\",\"item\":\"https:\\\/\\\/www.artisanlocal.ch\\\/c\\\/\"},{\"@type\":\"ListItem\",\"position\":2,\"name\":\"Entreprise de carrelage \u00e0 Sion\"}]},{\"@type\":\"WebSite\",\"@id\":\"https:\\\/\\\/www.artisanlocal.ch\\\/c\\\/#website\",\"url\":\"https:\\\/\\\/www.artisanlocal.ch\\\/c\\\/\",\"name\":\"Artisanlocal\",\"description\":\"\",\"publisher\":{\"@id\":\"https:\\\/\\\/www.artisanlocal.ch\\\/c\\\/#organization\"},\"potentialAction\":[{\"@type\":\"SearchAction\",\"target\":{\"@type\":\"EntryPoint\",\"urlTemplate\":\"https:\\\/\\\/www.artisanlocal.ch\\\/c\\\/?s={search_term_string}\"},\"query-input\":{\"@type\":\"PropertyValueSpecification\",\"valueRequired\":true,\"valueName\":\"search_term_string\"}}],\"inLanguage\":\"fr-FR\"},{\"@type\":\"Organization\",\"@id\":\"https:\\\/\\\/www.artisanlocal.ch\\\/c\\\/#organization\",\"name\":\"Artisanlocal\",\"url\":\"https:\\\/\\\/www.artisanlocal.ch\\\/c\\\/\",\"logo\":{\"@type\":\"ImageObject\",\"inLanguage\":\"fr-FR\",\"@id\":\"https:\\\/\\\/www.artisanlocal.ch\\\/c\\\/#\\\/schema\\\/logo\\\/image\\\/\",\"url\":\"https:\\\/\\\/www.artisanlocal.ch\\\/c\\\/wp-content\\\/uploads\\\/2024\\\/02\\\/logo-artisanlocal-h.svg\",\"contentUrl\":\"https:\\\/\\\/www.artisanlocal.ch\\\/c\\\/wp-content\\\/uploads\\\/2024\\\/02\\\/logo-artisanlocal-h.svg\",\"caption\":\"Artisanlocal\"},\"image\":{\"@id\":\"https:\\\/\\\/www.artisanlocal.ch\\\/c\\\/#\\\/schema\\\/logo\\\/image\\\/\"}}]}<\/script>\n<!-- \/ Yoast SEO Premium plugin. -->","yoast_head_json":{"title":"Entreprise de carrelage \u00e0 Sion - Artisanlocal","robots":{"index":"index","follow":"follow","max-snippet":"max-snippet:-1","max-image-preview":"max-image-preview:large","max-video-preview":"max-video-preview:-1"},"canonical":"https:\/\/www.artisanlocal.ch\/c\/vous-avez-besoin-dun-specialiste-de-la-pose-de-carrelage-a-sion\/","og_locale":"fr_FR","og_type":"article","og_title":"Entreprise de carrelage \u00e0 Sion","og_description":"Besoin d&rsquo;un carreleur \u00e0 Sion ? Artisanlocal installe du carrelage classique, de dosseret, pour salle d&rsquo;eau ou pour sol. Quels sont les avantages qu&rsquo;offre notre soci\u00e9t\u00e9 ? Nos tarifs sont comp\u00e9titifs, nos carrelages sont de qualit\u00e9s, notre entreprise est install\u00e9e \u00e0 Sion et permet \u00e0 notre \u00e9quipe d\u2019intervenir rapidement \u00e0 votre domicile, nous vous conseillons [&hellip;]","og_url":"https:\/\/www.artisanlocal.ch\/c\/vous-avez-besoin-dun-specialiste-de-la-pose-de-carrelage-a-sion\/","og_site_name":"Artisanlocal","article_modified_time":"2025-08-26T17:29:03+00:00","og_image":[{"width":1920,"height":300,"url":"https:\/\/www.artisanlocal.ch\/c\/wp-content\/uploads\/2024\/11\/carreleur.jpg","type":"image\/jpeg"}],"twitter_card":"summary_large_image","twitter_misc":{"Dur\u00e9e de lecture estim\u00e9e":"3 minutes"},"schema":{"@context":"https:\/\/schema.org","@graph":[{"@type":"WebPage","@id":"https:\/\/www.artisanlocal.ch\/c\/vous-avez-besoin-dun-specialiste-de-la-pose-de-carrelage-a-sion\/","url":"https:\/\/www.artisanlocal.ch\/c\/vous-avez-besoin-dun-specialiste-de-la-pose-de-carrelage-a-sion\/","name":"Entreprise de carrelage \u00e0 Sion - Artisanlocal","isPartOf":{"@id":"https:\/\/www.artisanlocal.ch\/c\/#website"},"primaryImageOfPage":{"@id":"https:\/\/www.artisanlocal.ch\/c\/vous-avez-besoin-dun-specialiste-de-la-pose-de-carrelage-a-sion\/#primaryimage"},"image":{"@id":"https:\/\/www.artisanlocal.ch\/c\/vous-avez-besoin-dun-specialiste-de-la-pose-de-carrelage-a-sion\/#primaryimage"},"thumbnailUrl":"https:\/\/www.artisanlocal.ch\/c\/wp-content\/uploads\/2024\/11\/carreleur.jpg","datePublished":"2024-04-22T03:20:27+00:00","dateModified":"2025-08-26T17:29:03+00:00","breadcrumb":{"@id":"https:\/\/www.artisanlocal.ch\/c\/vous-avez-besoin-dun-specialiste-de-la-pose-de-carrelage-a-sion\/#breadcrumb"},"inLanguage":"fr-FR","potentialAction":[{"@type":"ReadAction","target":["https:\/\/www.artisanlocal.ch\/c\/vous-avez-besoin-dun-specialiste-de-la-pose-de-carrelage-a-sion\/"]}]},{"@type":"ImageObject","inLanguage":"fr-FR","@id":"https:\/\/www.artisanlocal.ch\/c\/vous-avez-besoin-dun-specialiste-de-la-pose-de-carrelage-a-sion\/#primaryimage","url":"https:\/\/www.artisanlocal.ch\/c\/wp-content\/uploads\/2024\/11\/carreleur.jpg","contentUrl":"https:\/\/www.artisanlocal.ch\/c\/wp-content\/uploads\/2024\/11\/carreleur.jpg","width":1920,"height":300},{"@type":"BreadcrumbList","@id":"https:\/\/www.artisanlocal.ch\/c\/vous-avez-besoin-dun-specialiste-de-la-pose-de-carrelage-a-sion\/#breadcrumb","itemListElement":[{"@type":"ListItem","position":1,"name":"Accueil","item":"https:\/\/www.artisanlocal.ch\/c\/"},{"@type":"ListItem","position":2,"name":"Entreprise de carrelage \u00e0 Sion"}]},{"@type":"WebSite","@id":"https:\/\/www.artisanlocal.ch\/c\/#website","url":"https:\/\/www.artisanlocal.ch\/c\/","name":"Artisanlocal","description":"","publisher":{"@id":"https:\/\/www.artisanlocal.ch\/c\/#organization"},"potentialAction":[{"@type":"SearchAction","target":{"@type":"EntryPoint","urlTemplate":"https:\/\/www.artisanlocal.ch\/c\/?s={search_term_string}"},"query-input":{"@type":"PropertyValueSpecification","valueRequired":true,"valueName":"search_term_string"}}],"inLanguage":"fr-FR"},{"@type":"Organization","@id":"https:\/\/www.artisanlocal.ch\/c\/#organization","name":"Artisanlocal","url":"https:\/\/www.artisanlocal.ch\/c\/","logo":{"@type":"ImageObject","inLanguage":"fr-FR","@id":"https:\/\/www.artisanlocal.ch\/c\/#\/schema\/logo\/image\/","url":"https:\/\/www.artisanlocal.ch\/c\/wp-content\/uploads\/2024\/02\/logo-artisanlocal-h.svg","contentUrl":"https:\/\/www.artisanlocal.ch\/c\/wp-content\/uploads\/2024\/02\/logo-artisanlocal-h.svg","caption":"Artisanlocal"},"image":{"@id":"https:\/\/www.artisanlocal.ch\/c\/#\/schema\/logo\/image\/"}}]}},"_links":{"self":[{"href":"https:\/\/www.artisanlocal.ch\/c\/wp-json\/wp\/v2\/pages\/589","targetHints":{"allow":["GET"]}}],"collection":[{"href":"https:\/\/www.artisanlocal.ch\/c\/wp-json\/wp\/v2\/pages"}],"about":[{"href":"https:\/\/www.artisanlocal.ch\/c\/wp-json\/wp\/v2\/types\/page"}],"author":[{"embeddable":true,"href":"https:\/\/www.artisanlocal.ch\/c\/wp-json\/wp\/v2\/users\/4"}],"replies":[{"embeddable":true,"href":"https:\/\/www.artisanlocal.ch\/c\/wp-json\/wp\/v2\/comments?post=589"}],"version-history":[{"count":0,"href":"https:\/\/www.artisanlocal.ch\/c\/wp-json\/wp\/v2\/pages\/589\/revisions"}],"wp:featuredmedia":[{"embeddable":true,"href":"https:\/\/www.artisanlocal.ch\/c\/wp-json\/wp\/v2\/media\/2804"}],"wp:attachment":[{"href":"https:\/\/www.artisanlocal.ch\/c\/wp-json\/wp\/v2\/media?parent=589"}],"wp:term":[{"taxonomy":"profession","embeddable":true,"href":"https:\/\/www.artisanlocal.ch\/c\/wp-json\/wp\/v2\/profession?post=589"},{"taxonomy":"location","embeddable":true,"href":"https:\/\/www.artisanlocal.ch\/c\/wp-json\/wp\/v2\/location?post=589"},{"taxonomy":"canton","embeddable":true,"href":"https:\/\/www.artisanlocal.ch\/c\/wp-json\/wp\/v2\/canton?post=589"}],"curies":[{"name":"wp","href":"https:\/\/api.w.org\/{rel}","templated":true}]}}