{"id":590,"date":"2024-04-22T04:44:58","date_gmt":"2024-04-22T02:44:58","guid":{"rendered":"https:\/\/www.artisanlocal.ch\/c\/besoin-dun-specialiste-pour-linstallation-de-votre-carrelage-a-meyrin\/"},"modified":"2025-10-30T11:04:11","modified_gmt":"2025-10-30T10:04:11","slug":"besoin-dun-specialiste-pour-linstallation-de-votre-carrelage-a-meyrin","status":"publish","type":"page","link":"https:\/\/www.artisanlocal.ch\/c\/besoin-dun-specialiste-pour-linstallation-de-votre-carrelage-a-meyrin\/","title":{"rendered":"Entreprise de carrelage \u00e0 Meyrin"},"content":{"rendered":"<p>Besoin d&rsquo;une entreprise de carrelage \u00e0 Meyrin ? Artisanlocal installe votre carrelage \u00e0 Meyrin et dans les villes \u00e0 proximit\u00e9.<br \/>\n\r\n<div class=\"box\">\r\n    <h2 class=\"text-dark\">Nous cherchons un <em class=\"text-primary\">Carreleur<\/em> dans la r\u00e9gion de <em class=\"text-primary\">Meyrin<\/em>  en exclusivit\u00e9, afin de proposer vos services \u00e0 nos clients propri\u00e9taires.<\/h2>\r\n    <p>Une opportunit\u00e9 unique pour booster votre activit\u00e9 \u00e0 <strong>Meyrin<\/strong> et aux alentours dans votre domaine (Carreleur).<\/p>\r\n    <p>Nous travaillons en exclusivit\u00e9 avec qu'une soci\u00e9t\u00e9 par m\u00e9tier et par r\u00e9gion. <br>Votre entreprise est pr\u00e9sente sur tous les documents immobiliers. Afin d'\u00eatre mieux vu sur le net, vous \u00eates \u00e9galement visible sur nos deux sites et sur les pages de r\u00e9f\u00e9rencement de votre r\u00e9gion.<\/p>\r\n    <a href=\"\/contact\" class=\"wp-block-button__link has-accent-background-color has-text-align-center wp-element-button\">R\u00e9server<\/a>\r\n<\/div><\/p>\n<h2>Pourquoi travailler avec Artisanlocal.ch ?<\/h2>\n<ul>\n<li>Des tarifs sont comp\u00e9titifs,<\/li>\n<li>Utilisation de carrelage de qualit\u00e9 sup\u00e9rieure,<\/li>\n<li>Entreprise implant\u00e9e au c\u0153ur de Meyrin, pour intervenir rapidement chez vous,<\/li>\n<li>Des conseils individualis\u00e9s,<\/li>\n<li>Des devis gratuits,<\/li>\n<li>\u00c9quipe exp\u00e9riment\u00e9e,<\/li>\n<li>un partenaire s\u00fbr et fiable : nous r\u00e9alisons des interventions dans des grands groupes et des architectes pour r\u00e9aliser l&rsquo;installation de parquet, fa\u00efence, carrelage, et de rev\u00eatements vari\u00e9s.<\/li>\n<\/ul>\n<h2>Nos services<\/h2>\n<p>Nos artisans posent du carrelage \u00e0 Meyrin, et r\u00e9alisent :<\/p>\n<ul>\n<li>L&rsquo;installation de : parquet, carrelage, fa\u00efence, et autres mod\u00e8les de carrelages,<\/li>\n<li>l&rsquo;assistance pour vous aider \u00e0 choisir votre carrelage,<\/li>\n<li>la r\u00e9alisation du scellement pour votre carrelage,<\/li>\n<li>l&rsquo;application de carreaux sur les sols\/murs,<\/li>\n<li>l&rsquo;installation de carrelage sur les zones ext\u00e9rieures et int\u00e9rieures,<\/li>\n<li>l\u2019enl\u00e8vement du carrelage existant,<\/li>\n<li>le d\u00e9montage de votre parquet flottant.<\/li>\n<\/ul>\n<h2>Comment choisir le meilleur carrelage ?<\/h2>\n<h3>Bien d\u00e9terminer la zone d&rsquo;installation<\/h3>\n<p>\u00c9tudiez bien l&rsquo;endroit et le rythme pendant laquelle le carrelage sera expos\u00e9 \u00e0 l&rsquo;usure, sera-t-il dans une zone avec un important passage ? De plus, marchera-t-on dessus ? Sera-t-il en contact avec l&rsquo;humidit\u00e9\u202f? Pensez aussi aux espaces qu&rsquo;il couvrira, tel que les murs, les plans de travail de cuisine ou les sols.<\/p>\n<h3>Estimez le volume de carrelage<\/h3>\n<p>Pour d\u00e9terminer le volume en m\u00b2 de carrelage n\u00e9cessaire pour votre espace, r\u00e9alisez la multiplication : longueur par sa largeur et rajoutez \u00e0 peu pr\u00e8s 5 % pour conserver une marge de s\u00e9curit\u00e9. Nous recommandons de conserver du carrelage suppl\u00e9mentaire en cas de d\u00e9g\u00e2t.<\/p>\n<h3>Choisir le bon mat\u00e9riau<\/h3>\n<p>Le mat\u00e9riau a un impact sur : le prix, le niveau d&rsquo;entretien, la teinte et la durabilit\u00e9. Par ailleurs, la texture et les finitions devraient par ailleurs \u00eatre prises en compte pour trouver les meilleurs carreaux.<\/p>\n<h3>Entretien<\/h3>\n<p>Nous vous recommandons de prendre en compte la difficult\u00e9 d&rsquo;entretien, par exemple : le scellement du carrelage avec un joint clair exige un entretien plus long, parce qu&rsquo;il agglom\u00e8re vite la poussi\u00e8re, le rendent plus complexe \u00e0 nettoyer que d&rsquo;autres coloris.<\/p>\n<h2>Contacter notre entreprise Artisanlocal pour prendre un rendez-vous<\/h2>\n<p>Nos carreleurs \u00e0 Meyrin savent que choisir son carrelage peut \u00eatre compliqu\u00e9e, c&rsquo;est la raison pour laquelle notre \u00e9quipe est joignable du lundi au samedi pour vous donner des conseils personnalis\u00e9s.<\/p>\n<h2>FAQ<\/h2>\n<h3>Quel est le fonctionnement de votre soci\u00e9t\u00e9 ?<\/h3>\n<ol>\n<li>Prise de rendez-vous par email ou par t\u00e9l\u00e9phone.<\/li>\n<li>Planification du rendez-vous.<\/li>\n<li>Visite \u00e0 votre domicile pour d\u00e9terminer le volume de carrelage et la faisabilit\u00e9 de votre projet.<\/li>\n<li>Installation de votre carrelage.<\/li>\n<\/ol>\n<h3>Votre entreprise intervient \u00e0 Meyrin et dans les villes aux environs ?<\/h3>\n<p>Oui, nous intervenons \u00e0 Meyrin, mais aussi dans les villes aux environs, comme :<\/p>\nGen\u00e8ve, Vernier, Cointrin, Le Grand-Saconnex, Ch\u00e2telaine, Le Lignon, Les Avanchets, Collex, Satigny, Russin, Dardagny, La Plaine, Chamb\u00e9sy.\n<h3>Quels sont les mod\u00e8les de carrelages le plus populaires ?<\/h3>\n<ul>\n<li>Les mosa\u00efques.<\/li>\n<li>Les blancs.<\/li>\n<li>En marbre.<\/li>\n<li>En c\u00e9ramique.<\/li>\n<li>En ciments.<\/li>\n<li>En porcelaine.<\/li>\n<\/ul>\n","protected":false},"excerpt":{"rendered":"<p>Besoin d&rsquo;une entreprise de carrelage \u00e0 Meyrin ? Artisanlocal installe votre carrelage \u00e0 Meyrin et dans les villes \u00e0 proximit\u00e9. Pourquoi travailler avec Artisanlocal.ch ? Des tarifs sont comp\u00e9titifs, Utilisation de carrelage de qualit\u00e9 sup\u00e9rieure, Entreprise implant\u00e9e au c\u0153ur de Meyrin, pour intervenir rapidement chez vous, Des conseils individualis\u00e9s, Des devis gratuits, \u00c9quipe exp\u00e9riment\u00e9e, un [&hellip;]<\/p>\n","protected":false},"author":4,"featured_media":2804,"parent":0,"menu_order":0,"comment_status":"closed","ping_status":"closed","template":"","meta":{"footnotes":""},"profession":[119],"location":[50],"canton":[112],"class_list":["post-590","page","type-page","status-publish","has-post-thumbnail","hentry","profession-carreleur","location-meyrin","canton-ge"],"yoast_head":"<!-- This site is optimized with the Yoast SEO Premium plugin v25.7.1 (Yoast SEO v27.4) - https:\/\/yoast.com\/product\/yoast-seo-premium-wordpress\/ -->\n<title>Entreprise de carrelage \u00e0 Meyrin - Artisanlocal<\/title>\n<meta name=\"robots\" content=\"index, follow, max-snippet:-1, max-image-preview:large, max-video-preview:-1\" \/>\n<link rel=\"canonical\" href=\"https:\/\/www.artisanlocal.ch\/c\/besoin-dun-specialiste-pour-linstallation-de-votre-carrelage-a-meyrin\/\" \/>\n<meta property=\"og:locale\" content=\"fr_FR\" \/>\n<meta property=\"og:type\" content=\"article\" \/>\n<meta property=\"og:title\" content=\"Entreprise de carrelage \u00e0 Meyrin\" \/>\n<meta property=\"og:description\" content=\"Besoin d&rsquo;une entreprise de carrelage \u00e0 Meyrin ? Artisanlocal installe votre carrelage \u00e0 Meyrin et dans les villes \u00e0 proximit\u00e9. Pourquoi travailler avec Artisanlocal.ch ? Des tarifs sont comp\u00e9titifs, Utilisation de carrelage de qualit\u00e9 sup\u00e9rieure, Entreprise implant\u00e9e au c\u0153ur de Meyrin, pour intervenir rapidement chez vous, Des conseils individualis\u00e9s, Des devis gratuits, \u00c9quipe exp\u00e9riment\u00e9e, un [&hellip;]\" \/>\n<meta property=\"og:url\" content=\"https:\/\/www.artisanlocal.ch\/c\/besoin-dun-specialiste-pour-linstallation-de-votre-carrelage-a-meyrin\/\" \/>\n<meta property=\"og:site_name\" content=\"Artisanlocal\" \/>\n<meta property=\"article:modified_time\" content=\"2025-10-30T10:04:11+00:00\" \/>\n<meta property=\"og:image\" content=\"https:\/\/www.artisanlocal.ch\/c\/wp-content\/uploads\/2024\/11\/carreleur.jpg\" \/>\n\t<meta property=\"og:image:width\" content=\"1920\" \/>\n\t<meta property=\"og:image:height\" content=\"300\" \/>\n\t<meta property=\"og:image:type\" content=\"image\/jpeg\" \/>\n<meta name=\"twitter:card\" content=\"summary_large_image\" \/>\n<meta name=\"twitter:label1\" content=\"Dur\u00e9e de lecture estim\u00e9e\" \/>\n\t<meta name=\"twitter:data1\" content=\"3 minutes\" \/>\n<script type=\"application\/ld+json\" class=\"yoast-schema-graph\">{\"@context\":\"https:\\\/\\\/schema.org\",\"@graph\":[{\"@type\":\"WebPage\",\"@id\":\"https:\\\/\\\/www.artisanlocal.ch\\\/c\\\/besoin-dun-specialiste-pour-linstallation-de-votre-carrelage-a-meyrin\\\/\",\"url\":\"https:\\\/\\\/www.artisanlocal.ch\\\/c\\\/besoin-dun-specialiste-pour-linstallation-de-votre-carrelage-a-meyrin\\\/\",\"name\":\"Entreprise de carrelage \u00e0 Meyrin - Artisanlocal\",\"isPartOf\":{\"@id\":\"https:\\\/\\\/www.artisanlocal.ch\\\/c\\\/#website\"},\"primaryImageOfPage\":{\"@id\":\"https:\\\/\\\/www.artisanlocal.ch\\\/c\\\/besoin-dun-specialiste-pour-linstallation-de-votre-carrelage-a-meyrin\\\/#primaryimage\"},\"image\":{\"@id\":\"https:\\\/\\\/www.artisanlocal.ch\\\/c\\\/besoin-dun-specialiste-pour-linstallation-de-votre-carrelage-a-meyrin\\\/#primaryimage\"},\"thumbnailUrl\":\"https:\\\/\\\/www.artisanlocal.ch\\\/c\\\/wp-content\\\/uploads\\\/2024\\\/11\\\/carreleur.jpg\",\"datePublished\":\"2024-04-22T02:44:58+00:00\",\"dateModified\":\"2025-10-30T10:04:11+00:00\",\"breadcrumb\":{\"@id\":\"https:\\\/\\\/www.artisanlocal.ch\\\/c\\\/besoin-dun-specialiste-pour-linstallation-de-votre-carrelage-a-meyrin\\\/#breadcrumb\"},\"inLanguage\":\"fr-FR\",\"potentialAction\":[{\"@type\":\"ReadAction\",\"target\":[\"https:\\\/\\\/www.artisanlocal.ch\\\/c\\\/besoin-dun-specialiste-pour-linstallation-de-votre-carrelage-a-meyrin\\\/\"]}]},{\"@type\":\"ImageObject\",\"inLanguage\":\"fr-FR\",\"@id\":\"https:\\\/\\\/www.artisanlocal.ch\\\/c\\\/besoin-dun-specialiste-pour-linstallation-de-votre-carrelage-a-meyrin\\\/#primaryimage\",\"url\":\"https:\\\/\\\/www.artisanlocal.ch\\\/c\\\/wp-content\\\/uploads\\\/2024\\\/11\\\/carreleur.jpg\",\"contentUrl\":\"https:\\\/\\\/www.artisanlocal.ch\\\/c\\\/wp-content\\\/uploads\\\/2024\\\/11\\\/carreleur.jpg\",\"width\":1920,\"height\":300},{\"@type\":\"BreadcrumbList\",\"@id\":\"https:\\\/\\\/www.artisanlocal.ch\\\/c\\\/besoin-dun-specialiste-pour-linstallation-de-votre-carrelage-a-meyrin\\\/#breadcrumb\",\"itemListElement\":[{\"@type\":\"ListItem\",\"position\":1,\"name\":\"Accueil\",\"item\":\"https:\\\/\\\/www.artisanlocal.ch\\\/c\\\/\"},{\"@type\":\"ListItem\",\"position\":2,\"name\":\"Entreprise de carrelage \u00e0 Meyrin\"}]},{\"@type\":\"WebSite\",\"@id\":\"https:\\\/\\\/www.artisanlocal.ch\\\/c\\\/#website\",\"url\":\"https:\\\/\\\/www.artisanlocal.ch\\\/c\\\/\",\"name\":\"Artisanlocal\",\"description\":\"\",\"publisher\":{\"@id\":\"https:\\\/\\\/www.artisanlocal.ch\\\/c\\\/#organization\"},\"potentialAction\":[{\"@type\":\"SearchAction\",\"target\":{\"@type\":\"EntryPoint\",\"urlTemplate\":\"https:\\\/\\\/www.artisanlocal.ch\\\/c\\\/?s={search_term_string}\"},\"query-input\":{\"@type\":\"PropertyValueSpecification\",\"valueRequired\":true,\"valueName\":\"search_term_string\"}}],\"inLanguage\":\"fr-FR\"},{\"@type\":\"Organization\",\"@id\":\"https:\\\/\\\/www.artisanlocal.ch\\\/c\\\/#organization\",\"name\":\"Artisanlocal\",\"url\":\"https:\\\/\\\/www.artisanlocal.ch\\\/c\\\/\",\"logo\":{\"@type\":\"ImageObject\",\"inLanguage\":\"fr-FR\",\"@id\":\"https:\\\/\\\/www.artisanlocal.ch\\\/c\\\/#\\\/schema\\\/logo\\\/image\\\/\",\"url\":\"https:\\\/\\\/www.artisanlocal.ch\\\/c\\\/wp-content\\\/uploads\\\/2024\\\/02\\\/logo-artisanlocal-h.svg\",\"contentUrl\":\"https:\\\/\\\/www.artisanlocal.ch\\\/c\\\/wp-content\\\/uploads\\\/2024\\\/02\\\/logo-artisanlocal-h.svg\",\"caption\":\"Artisanlocal\"},\"image\":{\"@id\":\"https:\\\/\\\/www.artisanlocal.ch\\\/c\\\/#\\\/schema\\\/logo\\\/image\\\/\"}}]}<\/script>\n<!-- \/ Yoast SEO Premium plugin. -->","yoast_head_json":{"title":"Entreprise de carrelage \u00e0 Meyrin - Artisanlocal","robots":{"index":"index","follow":"follow","max-snippet":"max-snippet:-1","max-image-preview":"max-image-preview:large","max-video-preview":"max-video-preview:-1"},"canonical":"https:\/\/www.artisanlocal.ch\/c\/besoin-dun-specialiste-pour-linstallation-de-votre-carrelage-a-meyrin\/","og_locale":"fr_FR","og_type":"article","og_title":"Entreprise de carrelage \u00e0 Meyrin","og_description":"Besoin d&rsquo;une entreprise de carrelage \u00e0 Meyrin ? Artisanlocal installe votre carrelage \u00e0 Meyrin et dans les villes \u00e0 proximit\u00e9. Pourquoi travailler avec Artisanlocal.ch ? Des tarifs sont comp\u00e9titifs, Utilisation de carrelage de qualit\u00e9 sup\u00e9rieure, Entreprise implant\u00e9e au c\u0153ur de Meyrin, pour intervenir rapidement chez vous, Des conseils individualis\u00e9s, Des devis gratuits, \u00c9quipe exp\u00e9riment\u00e9e, un [&hellip;]","og_url":"https:\/\/www.artisanlocal.ch\/c\/besoin-dun-specialiste-pour-linstallation-de-votre-carrelage-a-meyrin\/","og_site_name":"Artisanlocal","article_modified_time":"2025-10-30T10:04:11+00:00","og_image":[{"width":1920,"height":300,"url":"https:\/\/www.artisanlocal.ch\/c\/wp-content\/uploads\/2024\/11\/carreleur.jpg","type":"image\/jpeg"}],"twitter_card":"summary_large_image","twitter_misc":{"Dur\u00e9e de lecture estim\u00e9e":"3 minutes"},"schema":{"@context":"https:\/\/schema.org","@graph":[{"@type":"WebPage","@id":"https:\/\/www.artisanlocal.ch\/c\/besoin-dun-specialiste-pour-linstallation-de-votre-carrelage-a-meyrin\/","url":"https:\/\/www.artisanlocal.ch\/c\/besoin-dun-specialiste-pour-linstallation-de-votre-carrelage-a-meyrin\/","name":"Entreprise de carrelage \u00e0 Meyrin - Artisanlocal","isPartOf":{"@id":"https:\/\/www.artisanlocal.ch\/c\/#website"},"primaryImageOfPage":{"@id":"https:\/\/www.artisanlocal.ch\/c\/besoin-dun-specialiste-pour-linstallation-de-votre-carrelage-a-meyrin\/#primaryimage"},"image":{"@id":"https:\/\/www.artisanlocal.ch\/c\/besoin-dun-specialiste-pour-linstallation-de-votre-carrelage-a-meyrin\/#primaryimage"},"thumbnailUrl":"https:\/\/www.artisanlocal.ch\/c\/wp-content\/uploads\/2024\/11\/carreleur.jpg","datePublished":"2024-04-22T02:44:58+00:00","dateModified":"2025-10-30T10:04:11+00:00","breadcrumb":{"@id":"https:\/\/www.artisanlocal.ch\/c\/besoin-dun-specialiste-pour-linstallation-de-votre-carrelage-a-meyrin\/#breadcrumb"},"inLanguage":"fr-FR","potentialAction":[{"@type":"ReadAction","target":["https:\/\/www.artisanlocal.ch\/c\/besoin-dun-specialiste-pour-linstallation-de-votre-carrelage-a-meyrin\/"]}]},{"@type":"ImageObject","inLanguage":"fr-FR","@id":"https:\/\/www.artisanlocal.ch\/c\/besoin-dun-specialiste-pour-linstallation-de-votre-carrelage-a-meyrin\/#primaryimage","url":"https:\/\/www.artisanlocal.ch\/c\/wp-content\/uploads\/2024\/11\/carreleur.jpg","contentUrl":"https:\/\/www.artisanlocal.ch\/c\/wp-content\/uploads\/2024\/11\/carreleur.jpg","width":1920,"height":300},{"@type":"BreadcrumbList","@id":"https:\/\/www.artisanlocal.ch\/c\/besoin-dun-specialiste-pour-linstallation-de-votre-carrelage-a-meyrin\/#breadcrumb","itemListElement":[{"@type":"ListItem","position":1,"name":"Accueil","item":"https:\/\/www.artisanlocal.ch\/c\/"},{"@type":"ListItem","position":2,"name":"Entreprise de carrelage \u00e0 Meyrin"}]},{"@type":"WebSite","@id":"https:\/\/www.artisanlocal.ch\/c\/#website","url":"https:\/\/www.artisanlocal.ch\/c\/","name":"Artisanlocal","description":"","publisher":{"@id":"https:\/\/www.artisanlocal.ch\/c\/#organization"},"potentialAction":[{"@type":"SearchAction","target":{"@type":"EntryPoint","urlTemplate":"https:\/\/www.artisanlocal.ch\/c\/?s={search_term_string}"},"query-input":{"@type":"PropertyValueSpecification","valueRequired":true,"valueName":"search_term_string"}}],"inLanguage":"fr-FR"},{"@type":"Organization","@id":"https:\/\/www.artisanlocal.ch\/c\/#organization","name":"Artisanlocal","url":"https:\/\/www.artisanlocal.ch\/c\/","logo":{"@type":"ImageObject","inLanguage":"fr-FR","@id":"https:\/\/www.artisanlocal.ch\/c\/#\/schema\/logo\/image\/","url":"https:\/\/www.artisanlocal.ch\/c\/wp-content\/uploads\/2024\/02\/logo-artisanlocal-h.svg","contentUrl":"https:\/\/www.artisanlocal.ch\/c\/wp-content\/uploads\/2024\/02\/logo-artisanlocal-h.svg","caption":"Artisanlocal"},"image":{"@id":"https:\/\/www.artisanlocal.ch\/c\/#\/schema\/logo\/image\/"}}]}},"_links":{"self":[{"href":"https:\/\/www.artisanlocal.ch\/c\/wp-json\/wp\/v2\/pages\/590","targetHints":{"allow":["GET"]}}],"collection":[{"href":"https:\/\/www.artisanlocal.ch\/c\/wp-json\/wp\/v2\/pages"}],"about":[{"href":"https:\/\/www.artisanlocal.ch\/c\/wp-json\/wp\/v2\/types\/page"}],"author":[{"embeddable":true,"href":"https:\/\/www.artisanlocal.ch\/c\/wp-json\/wp\/v2\/users\/4"}],"replies":[{"embeddable":true,"href":"https:\/\/www.artisanlocal.ch\/c\/wp-json\/wp\/v2\/comments?post=590"}],"version-history":[{"count":0,"href":"https:\/\/www.artisanlocal.ch\/c\/wp-json\/wp\/v2\/pages\/590\/revisions"}],"wp:featuredmedia":[{"embeddable":true,"href":"https:\/\/www.artisanlocal.ch\/c\/wp-json\/wp\/v2\/media\/2804"}],"wp:attachment":[{"href":"https:\/\/www.artisanlocal.ch\/c\/wp-json\/wp\/v2\/media?parent=590"}],"wp:term":[{"taxonomy":"profession","embeddable":true,"href":"https:\/\/www.artisanlocal.ch\/c\/wp-json\/wp\/v2\/profession?post=590"},{"taxonomy":"location","embeddable":true,"href":"https:\/\/www.artisanlocal.ch\/c\/wp-json\/wp\/v2\/location?post=590"},{"taxonomy":"canton","embeddable":true,"href":"https:\/\/www.artisanlocal.ch\/c\/wp-json\/wp\/v2\/canton?post=590"}],"curies":[{"name":"wp","href":"https:\/\/api.w.org\/{rel}","templated":true}]}}