{"id":592,"date":"2024-04-21T23:50:49","date_gmt":"2024-04-21T21:50:49","guid":{"rendered":"https:\/\/www.artisanlocal.ch\/c\/vous-avez-besoin-dun-specialiste-pour-linstallation-de-votre-carrelage-a-villeneuve\/"},"modified":"2025-08-26T19:29:13","modified_gmt":"2025-08-26T17:29:13","slug":"vous-avez-besoin-dun-specialiste-pour-linstallation-de-votre-carrelage-a-villeneuve","status":"publish","type":"page","link":"https:\/\/www.artisanlocal.ch\/c\/vous-avez-besoin-dun-specialiste-pour-linstallation-de-votre-carrelage-a-villeneuve\/","title":{"rendered":"Vous avez besoin d&rsquo;un sp\u00e9cialiste pour l&rsquo;installation de votre carrelage \u00e0 Villeneuve VD ?"},"content":{"rendered":"<p>Pour recevoir des devis en ligne, contactez-nous. Artisanlocal propose des prestations d&rsquo;installation de carreaux dans le but de r\u00e9pondre \u00e0 tous vos besoins d&rsquo;installation de carrelage classique, de carreaux de dosseret, de carrelage \u00e0 l&rsquo;int\u00e9rieur de votre salle d&rsquo;eau ou sur votre plancher ! Nous nous d\u00e9pla\u00e7ons aussi dans les localit\u00e9s \u00e0 proximit\u00e9 de Villeneuve VD.<\/p>\n\r\n<div class=\"box\">\r\n    <h2 class=\"text-dark\">Nous cherchons un <em class=\"text-primary\">Carreleur<\/em> dans la r\u00e9gion de <em class=\"text-primary\">Villeneuve VD<\/em>  en exclusivit\u00e9, afin de proposer vos services \u00e0 nos clients propri\u00e9taires.<\/h2>\r\n    <p>Une opportunit\u00e9 unique pour booster votre activit\u00e9 \u00e0 <strong>Villeneuve VD<\/strong> et aux alentours dans votre domaine (Carreleur).<\/p>\r\n    <p>Nous travaillons en exclusivit\u00e9 avec qu'une soci\u00e9t\u00e9 par m\u00e9tier et par r\u00e9gion. <br>Votre entreprise est pr\u00e9sente sur tous les documents immobiliers. Afin d'\u00eatre mieux vu sur le net, vous \u00eates \u00e9galement visible sur nos deux sites et sur les pages de r\u00e9f\u00e9rencement de votre r\u00e9gion.<\/p>\r\n    <a href=\"\/contact\" class=\"wp-block-button__link has-accent-background-color has-text-align-center wp-element-button\">R\u00e9server<\/a>\r\n<\/div>\n<h2>Quels sont les avantages qu&rsquo;offre notre entreprise ?<\/h2>\n<p>Artisanlocal vous aide dans la pose de carrelage \u00e0 Villeneuve VD, choisissez-nous parce que :<\/p>\n<ul>\n<li>nos tarif sont concurrentiels,<\/li>\n<li>nos carrelages sont de qualit\u00e9s premium,<\/li>\n<li>notre entreprise est situ\u00e9e \u00e0 Villeneuve VD, et intervient en urgence \u00e0 votre domicile,<\/li>\n<li>nos recommandations sont personnalis\u00e9es \u00e0 votre projet, par exemple : pour s\u00e9lectionner vos carreaux,<\/li>\n<li>nous offrons des devis gratuit,<\/li>\n<li>nous avons une \u00e9quipe exp\u00e9riment\u00e9e,<\/li>\n<li>une soci\u00e9t\u00e9 de confiance : nous coop\u00e9rons avec de grands groupes et des cabinets d&rsquo;architectes pour des installations de carrelage, fa\u00efence, parquet, et autres poses de carreaux.<\/li>\n<\/ul>\n<h2>Recevez une estimation pour l&rsquo;installation de carrelage en prenant contact avec nous maintenant<\/h2>\n<p>Sollicitez notre \u00e9quipe pour obtenir une estimation, nous prendrons contact avec vous d\u00e8s que possible pour \u00e9valuer le co\u00fbt de votre projet.<\/p>\n<h2>Nos prestations<\/h2>\n<p>Nos professionnels de l&rsquo;installation de carrelage \u00e0 Villeneuve VD fournissent aux Villeneuvois et aux entreprises locales, les services suivants :<\/p>\n<ul>\n<li>L&rsquo;installation de plusieurs types carreaux tels que le carrelage classique, la fa\u00efence et le parquet,<\/li>\n<li>une assistance pour vous aider \u00e0 choisir vos carreaux,<\/li>\n<li>la pose de vos carreaux,<\/li>\n<li>l&rsquo;application de joint pour carrelage,<\/li>\n<li>l&rsquo;application du carrelage sur les sols et les parois,<\/li>\n<li>la pose de carrelage int\u00e9rieur et ext\u00e9rieur,<\/li>\n<li>l\u2019enl\u00e8vement du carrelage en place,<\/li>\n<li>le d\u00e9montage de votre parquet flottant,<\/li>\n<li>la pose de carrelage pour votre espace ext\u00e9rieur.<\/li>\n<\/ul>\n<h2>Comment choisir votre carrelage id\u00e9al ?<\/h2>\n<h3>Songer \u00e0 l&#8217;emplacement o\u00f9 le carrelage sera install\u00e9<\/h3>\n<p>\u00c9tudiez bien l&#8217;emplacement et le rythme pendant laquelle le carreau sera soumis \u00e0 un vieillissement pr\u00e9matur\u00e9, sera-t-il dans une zone avec un fort passage pi\u00e9tonnier? D&rsquo;autre part, marchera-t-on sur le carrelage en chaussures ou en chaussettes? Sera-t-il confront\u00e9 aux climats humides? Pensez par ailleurs aux espaces qu&rsquo;il couvrira, tel que les sols, les plans de travail, les murs, etc.<\/p>\n<h3>Chiffrez la quantit\u00e9 de carreaux requise<\/h3>\n<p>Afin de d\u00e9finir la quantit\u00e9 de carreaux pour votre espace, multipliez sa largeur par sa longueur et rajoutez \u00e0 peu pr\u00e8s 5 % pour garder une marge de s\u00e9curit\u00e9. Nous vous recommandons de conserver en stock des carreaux de sorte \u00e0 rattraper de possibles d\u00e9g\u00e2ts.<\/p>\n<h3>S\u00e9lectionnez le mat\u00e9riau<\/h3>\n<p>Les carreaux sont \u00e9labor\u00e9s avec diff\u00e9rentes cat\u00e9gories de mat\u00e9riaux qui impact : l\u2019apparence, la durabilit\u00e9 et le prix de l&rsquo;entretien. Par ailleurs, Il est n\u00e9cessaire de prendre en compte les finitions et la texture pour s\u00e9lectionner les meilleurs carreaux possible.<\/p>\n<h3>Maintenance<\/h3>\n<p>Il faut prendre en compte la complexit\u00e9 d&rsquo;entretien au moment de s\u00e9lectionner votre carrelage, par exemple : le scellement des carreaux avec un joint de couleur clair r\u00e9clame un nettoyage plus long, parce qu&rsquo;il agglom\u00e8re rapidement la salet\u00e9, le rendent plus compliqu\u00e9 \u00e0 entretenir que d&rsquo;autres couleurs.<\/p>\n<h2>Contactez-nous pour obtenir un rendez-vous<\/h2>\n<p>Notre entreprise form\u00e9e d&rsquo;experts dans la pose de carreaux \u00e0 Villeneuve VD savent que le choix des carreaux peut-\u00eatre compliqu\u00e9e, c&rsquo;est pourquoi notre \u00e9quipe est joignable du lundi au samedi pour vous fournir des conseils.<\/p>\n<h2>Questions-r\u00e9ponses<\/h2>\n<h3>Quel est le fonctionnement de votre soci\u00e9t\u00e9 ?<\/h3>\n<ol>\n<li>Prise de rendez-vous par t\u00e9l\u00e9phone ou par email.<\/li>\n<li>Nous planifions ensemble le rendez-vous en fonction de votre agenda.<\/li>\n<li>Visite \u00e0 votre domicile pour d\u00e9finir le travail \u00e0 r\u00e9aliser.<\/li>\n<li>Lancement de votre projet.<\/li>\n<\/ol>\n<h3>Intervenez-vous dans les villes \u00e0 proximit\u00e9 de Villeneuve VD ?<\/h3>\n<p>Oui, nous nous d\u00e9pla\u00e7ons \u00e0 Villeneuve VD, mais aussi dans les localit\u00e9s \u00e0 proximit\u00e9, \u00e9galement:<\/p>\nLa Tine, Rossini\u00e8re, Flendruz, Rougemont, Ch\u00e2teau-d'Oex, L'Etivaz, La L\u00e9cherette, Les Moulins, Noville, Chessel, Rennaz, Roche VD, Yvorne, Leysin, Corbeyrier, Aigle, La Comballaz, Les Mosses, Le S\u00e9pey, Vers-l'Eglise, Les Diablerets, La Forclaz VD, Ollon VD, Panex, St-Triphon, Bex, Fenalet-sur-Bex, Freni\u00e8res-sur-Bex, Les Plans-sur-Bex, Gryon, Les Posses-sur-Bex, Arveyes, Hu\u00e9moz, Villars-sur-Ollon, Chesi\u00e8res, Lavey-les-Bains, Lavey-Village.\n<\/p>\n<h3>Quels sont les styles de carrelages les plus populaires que vous installez\u202f?<\/h3>\n<p>Voici les carreaux les plus appr\u00e9ci\u00e9s que nous posons:<\/p>\n<ul>\n<li>Les carrelages mosa\u00efques : v\u00e9ritable best-seller, ils ajoutent un style incomparable \u00e0 votre foyer.<\/li>\n<li>Les carreaux int\u00e9rieur blancs de m\u00e9tro : retro, il ajoute une touche lumineuse \u00e0 votre salle de bain ou votre cuisine.<\/li>\n<li>Les carrelages de marbre : ils ajoutent un style pr\u00e9cieux \u00e0 n&rsquo;importe quelle pi\u00e8ce de votre r\u00e9sidence.<\/li>\n<li>Les carreaux de c\u00e9ramique : peu on\u00e9reux, le carreau en c\u00e9ramique a d&rsquo;innombrable avantages (facile \u00e0 entretenir, et disponibles dans plusieurs coloris).<\/li>\n<li>Les carrelages en ciments : classique, il permet d&rsquo;adoucir la d\u00e9coration de votre int\u00e9rieur.<\/li>\n<li>Les carrelages en porcelaine : ils reproduisent les apparences (brique, pierre ou bois) et il ne n\u00e9cessite peu d\u2019entretien.<\/li>\n<\/ul>\n","protected":false},"excerpt":{"rendered":"<p>Pour recevoir des devis en ligne, contactez-nous. Artisanlocal propose des prestations d&rsquo;installation de carreaux dans le but de r\u00e9pondre \u00e0 tous vos besoins d&rsquo;installation de carrelage classique, de carreaux de dosseret, de carrelage \u00e0 l&rsquo;int\u00e9rieur de votre salle d&rsquo;eau ou sur votre plancher ! Nous nous d\u00e9pla\u00e7ons aussi dans les localit\u00e9s \u00e0 proximit\u00e9 de Villeneuve [&hellip;]<\/p>\n","protected":false},"author":4,"featured_media":2804,"parent":0,"menu_order":0,"comment_status":"closed","ping_status":"closed","template":"","meta":{"footnotes":""},"profession":[119],"location":[6],"canton":[113],"class_list":["post-592","page","type-page","status-publish","has-post-thumbnail","hentry","profession-carreleur","location-villeneuve-vd","canton-vd"],"yoast_head":"<!-- This site is optimized with the Yoast SEO Premium plugin v25.7.1 (Yoast SEO v27.4) - https:\/\/yoast.com\/product\/yoast-seo-premium-wordpress\/ -->\n<title>Vous avez besoin d&#039;un sp\u00e9cialiste pour l&#039;installation de votre carrelage \u00e0 Villeneuve VD ? - Artisanlocal<\/title>\n<meta name=\"robots\" content=\"index, follow, max-snippet:-1, max-image-preview:large, max-video-preview:-1\" \/>\n<link rel=\"canonical\" href=\"https:\/\/www.artisanlocal.ch\/c\/vous-avez-besoin-dun-specialiste-pour-linstallation-de-votre-carrelage-a-villeneuve\/\" \/>\n<meta property=\"og:locale\" content=\"fr_FR\" \/>\n<meta property=\"og:type\" content=\"article\" \/>\n<meta property=\"og:title\" content=\"Vous avez besoin d&#039;un sp\u00e9cialiste pour l&#039;installation de votre carrelage \u00e0 Villeneuve VD ?\" \/>\n<meta property=\"og:description\" content=\"Pour recevoir des devis en ligne, contactez-nous. Artisanlocal propose des prestations d&rsquo;installation de carreaux dans le but de r\u00e9pondre \u00e0 tous vos besoins d&rsquo;installation de carrelage classique, de carreaux de dosseret, de carrelage \u00e0 l&rsquo;int\u00e9rieur de votre salle d&rsquo;eau ou sur votre plancher ! Nous nous d\u00e9pla\u00e7ons aussi dans les localit\u00e9s \u00e0 proximit\u00e9 de Villeneuve [&hellip;]\" \/>\n<meta property=\"og:url\" content=\"https:\/\/www.artisanlocal.ch\/c\/vous-avez-besoin-dun-specialiste-pour-linstallation-de-votre-carrelage-a-villeneuve\/\" \/>\n<meta property=\"og:site_name\" content=\"Artisanlocal\" \/>\n<meta property=\"article:modified_time\" content=\"2025-08-26T17:29:13+00:00\" \/>\n<meta property=\"og:image\" content=\"https:\/\/www.artisanlocal.ch\/c\/wp-content\/uploads\/2024\/11\/carreleur.jpg\" \/>\n\t<meta property=\"og:image:width\" content=\"1920\" \/>\n\t<meta property=\"og:image:height\" content=\"300\" \/>\n\t<meta property=\"og:image:type\" content=\"image\/jpeg\" \/>\n<meta name=\"twitter:card\" content=\"summary_large_image\" \/>\n<meta name=\"twitter:label1\" content=\"Dur\u00e9e de lecture estim\u00e9e\" \/>\n\t<meta name=\"twitter:data1\" content=\"4 minutes\" \/>\n<script type=\"application\/ld+json\" class=\"yoast-schema-graph\">{\"@context\":\"https:\\\/\\\/schema.org\",\"@graph\":[{\"@type\":\"WebPage\",\"@id\":\"https:\\\/\\\/www.artisanlocal.ch\\\/c\\\/vous-avez-besoin-dun-specialiste-pour-linstallation-de-votre-carrelage-a-villeneuve\\\/\",\"url\":\"https:\\\/\\\/www.artisanlocal.ch\\\/c\\\/vous-avez-besoin-dun-specialiste-pour-linstallation-de-votre-carrelage-a-villeneuve\\\/\",\"name\":\"Vous avez besoin d'un sp\u00e9cialiste pour l'installation de votre carrelage \u00e0 Villeneuve VD ? - Artisanlocal\",\"isPartOf\":{\"@id\":\"https:\\\/\\\/www.artisanlocal.ch\\\/c\\\/#website\"},\"primaryImageOfPage\":{\"@id\":\"https:\\\/\\\/www.artisanlocal.ch\\\/c\\\/vous-avez-besoin-dun-specialiste-pour-linstallation-de-votre-carrelage-a-villeneuve\\\/#primaryimage\"},\"image\":{\"@id\":\"https:\\\/\\\/www.artisanlocal.ch\\\/c\\\/vous-avez-besoin-dun-specialiste-pour-linstallation-de-votre-carrelage-a-villeneuve\\\/#primaryimage\"},\"thumbnailUrl\":\"https:\\\/\\\/www.artisanlocal.ch\\\/c\\\/wp-content\\\/uploads\\\/2024\\\/11\\\/carreleur.jpg\",\"datePublished\":\"2024-04-21T21:50:49+00:00\",\"dateModified\":\"2025-08-26T17:29:13+00:00\",\"breadcrumb\":{\"@id\":\"https:\\\/\\\/www.artisanlocal.ch\\\/c\\\/vous-avez-besoin-dun-specialiste-pour-linstallation-de-votre-carrelage-a-villeneuve\\\/#breadcrumb\"},\"inLanguage\":\"fr-FR\",\"potentialAction\":[{\"@type\":\"ReadAction\",\"target\":[\"https:\\\/\\\/www.artisanlocal.ch\\\/c\\\/vous-avez-besoin-dun-specialiste-pour-linstallation-de-votre-carrelage-a-villeneuve\\\/\"]}]},{\"@type\":\"ImageObject\",\"inLanguage\":\"fr-FR\",\"@id\":\"https:\\\/\\\/www.artisanlocal.ch\\\/c\\\/vous-avez-besoin-dun-specialiste-pour-linstallation-de-votre-carrelage-a-villeneuve\\\/#primaryimage\",\"url\":\"https:\\\/\\\/www.artisanlocal.ch\\\/c\\\/wp-content\\\/uploads\\\/2024\\\/11\\\/carreleur.jpg\",\"contentUrl\":\"https:\\\/\\\/www.artisanlocal.ch\\\/c\\\/wp-content\\\/uploads\\\/2024\\\/11\\\/carreleur.jpg\",\"width\":1920,\"height\":300},{\"@type\":\"BreadcrumbList\",\"@id\":\"https:\\\/\\\/www.artisanlocal.ch\\\/c\\\/vous-avez-besoin-dun-specialiste-pour-linstallation-de-votre-carrelage-a-villeneuve\\\/#breadcrumb\",\"itemListElement\":[{\"@type\":\"ListItem\",\"position\":1,\"name\":\"Accueil\",\"item\":\"https:\\\/\\\/www.artisanlocal.ch\\\/c\\\/\"},{\"@type\":\"ListItem\",\"position\":2,\"name\":\"Vous avez besoin d&rsquo;un sp\u00e9cialiste pour l&rsquo;installation de votre carrelage \u00e0 Villeneuve ?\"}]},{\"@type\":\"WebSite\",\"@id\":\"https:\\\/\\\/www.artisanlocal.ch\\\/c\\\/#website\",\"url\":\"https:\\\/\\\/www.artisanlocal.ch\\\/c\\\/\",\"name\":\"Artisanlocal\",\"description\":\"\",\"publisher\":{\"@id\":\"https:\\\/\\\/www.artisanlocal.ch\\\/c\\\/#organization\"},\"potentialAction\":[{\"@type\":\"SearchAction\",\"target\":{\"@type\":\"EntryPoint\",\"urlTemplate\":\"https:\\\/\\\/www.artisanlocal.ch\\\/c\\\/?s={search_term_string}\"},\"query-input\":{\"@type\":\"PropertyValueSpecification\",\"valueRequired\":true,\"valueName\":\"search_term_string\"}}],\"inLanguage\":\"fr-FR\"},{\"@type\":\"Organization\",\"@id\":\"https:\\\/\\\/www.artisanlocal.ch\\\/c\\\/#organization\",\"name\":\"Artisanlocal\",\"url\":\"https:\\\/\\\/www.artisanlocal.ch\\\/c\\\/\",\"logo\":{\"@type\":\"ImageObject\",\"inLanguage\":\"fr-FR\",\"@id\":\"https:\\\/\\\/www.artisanlocal.ch\\\/c\\\/#\\\/schema\\\/logo\\\/image\\\/\",\"url\":\"https:\\\/\\\/www.artisanlocal.ch\\\/c\\\/wp-content\\\/uploads\\\/2024\\\/02\\\/logo-artisanlocal-h.svg\",\"contentUrl\":\"https:\\\/\\\/www.artisanlocal.ch\\\/c\\\/wp-content\\\/uploads\\\/2024\\\/02\\\/logo-artisanlocal-h.svg\",\"caption\":\"Artisanlocal\"},\"image\":{\"@id\":\"https:\\\/\\\/www.artisanlocal.ch\\\/c\\\/#\\\/schema\\\/logo\\\/image\\\/\"}}]}<\/script>\n<!-- \/ Yoast SEO Premium plugin. -->","yoast_head_json":{"title":"Vous avez besoin d'un sp\u00e9cialiste pour l'installation de votre carrelage \u00e0 Villeneuve VD ? - Artisanlocal","robots":{"index":"index","follow":"follow","max-snippet":"max-snippet:-1","max-image-preview":"max-image-preview:large","max-video-preview":"max-video-preview:-1"},"canonical":"https:\/\/www.artisanlocal.ch\/c\/vous-avez-besoin-dun-specialiste-pour-linstallation-de-votre-carrelage-a-villeneuve\/","og_locale":"fr_FR","og_type":"article","og_title":"Vous avez besoin d'un sp\u00e9cialiste pour l'installation de votre carrelage \u00e0 Villeneuve VD ?","og_description":"Pour recevoir des devis en ligne, contactez-nous. Artisanlocal propose des prestations d&rsquo;installation de carreaux dans le but de r\u00e9pondre \u00e0 tous vos besoins d&rsquo;installation de carrelage classique, de carreaux de dosseret, de carrelage \u00e0 l&rsquo;int\u00e9rieur de votre salle d&rsquo;eau ou sur votre plancher ! Nous nous d\u00e9pla\u00e7ons aussi dans les localit\u00e9s \u00e0 proximit\u00e9 de Villeneuve [&hellip;]","og_url":"https:\/\/www.artisanlocal.ch\/c\/vous-avez-besoin-dun-specialiste-pour-linstallation-de-votre-carrelage-a-villeneuve\/","og_site_name":"Artisanlocal","article_modified_time":"2025-08-26T17:29:13+00:00","og_image":[{"width":1920,"height":300,"url":"https:\/\/www.artisanlocal.ch\/c\/wp-content\/uploads\/2024\/11\/carreleur.jpg","type":"image\/jpeg"}],"twitter_card":"summary_large_image","twitter_misc":{"Dur\u00e9e de lecture estim\u00e9e":"4 minutes"},"schema":{"@context":"https:\/\/schema.org","@graph":[{"@type":"WebPage","@id":"https:\/\/www.artisanlocal.ch\/c\/vous-avez-besoin-dun-specialiste-pour-linstallation-de-votre-carrelage-a-villeneuve\/","url":"https:\/\/www.artisanlocal.ch\/c\/vous-avez-besoin-dun-specialiste-pour-linstallation-de-votre-carrelage-a-villeneuve\/","name":"Vous avez besoin d'un sp\u00e9cialiste pour l'installation de votre carrelage \u00e0 Villeneuve VD ? - Artisanlocal","isPartOf":{"@id":"https:\/\/www.artisanlocal.ch\/c\/#website"},"primaryImageOfPage":{"@id":"https:\/\/www.artisanlocal.ch\/c\/vous-avez-besoin-dun-specialiste-pour-linstallation-de-votre-carrelage-a-villeneuve\/#primaryimage"},"image":{"@id":"https:\/\/www.artisanlocal.ch\/c\/vous-avez-besoin-dun-specialiste-pour-linstallation-de-votre-carrelage-a-villeneuve\/#primaryimage"},"thumbnailUrl":"https:\/\/www.artisanlocal.ch\/c\/wp-content\/uploads\/2024\/11\/carreleur.jpg","datePublished":"2024-04-21T21:50:49+00:00","dateModified":"2025-08-26T17:29:13+00:00","breadcrumb":{"@id":"https:\/\/www.artisanlocal.ch\/c\/vous-avez-besoin-dun-specialiste-pour-linstallation-de-votre-carrelage-a-villeneuve\/#breadcrumb"},"inLanguage":"fr-FR","potentialAction":[{"@type":"ReadAction","target":["https:\/\/www.artisanlocal.ch\/c\/vous-avez-besoin-dun-specialiste-pour-linstallation-de-votre-carrelage-a-villeneuve\/"]}]},{"@type":"ImageObject","inLanguage":"fr-FR","@id":"https:\/\/www.artisanlocal.ch\/c\/vous-avez-besoin-dun-specialiste-pour-linstallation-de-votre-carrelage-a-villeneuve\/#primaryimage","url":"https:\/\/www.artisanlocal.ch\/c\/wp-content\/uploads\/2024\/11\/carreleur.jpg","contentUrl":"https:\/\/www.artisanlocal.ch\/c\/wp-content\/uploads\/2024\/11\/carreleur.jpg","width":1920,"height":300},{"@type":"BreadcrumbList","@id":"https:\/\/www.artisanlocal.ch\/c\/vous-avez-besoin-dun-specialiste-pour-linstallation-de-votre-carrelage-a-villeneuve\/#breadcrumb","itemListElement":[{"@type":"ListItem","position":1,"name":"Accueil","item":"https:\/\/www.artisanlocal.ch\/c\/"},{"@type":"ListItem","position":2,"name":"Vous avez besoin d&rsquo;un sp\u00e9cialiste pour l&rsquo;installation de votre carrelage \u00e0 Villeneuve ?"}]},{"@type":"WebSite","@id":"https:\/\/www.artisanlocal.ch\/c\/#website","url":"https:\/\/www.artisanlocal.ch\/c\/","name":"Artisanlocal","description":"","publisher":{"@id":"https:\/\/www.artisanlocal.ch\/c\/#organization"},"potentialAction":[{"@type":"SearchAction","target":{"@type":"EntryPoint","urlTemplate":"https:\/\/www.artisanlocal.ch\/c\/?s={search_term_string}"},"query-input":{"@type":"PropertyValueSpecification","valueRequired":true,"valueName":"search_term_string"}}],"inLanguage":"fr-FR"},{"@type":"Organization","@id":"https:\/\/www.artisanlocal.ch\/c\/#organization","name":"Artisanlocal","url":"https:\/\/www.artisanlocal.ch\/c\/","logo":{"@type":"ImageObject","inLanguage":"fr-FR","@id":"https:\/\/www.artisanlocal.ch\/c\/#\/schema\/logo\/image\/","url":"https:\/\/www.artisanlocal.ch\/c\/wp-content\/uploads\/2024\/02\/logo-artisanlocal-h.svg","contentUrl":"https:\/\/www.artisanlocal.ch\/c\/wp-content\/uploads\/2024\/02\/logo-artisanlocal-h.svg","caption":"Artisanlocal"},"image":{"@id":"https:\/\/www.artisanlocal.ch\/c\/#\/schema\/logo\/image\/"}}]}},"_links":{"self":[{"href":"https:\/\/www.artisanlocal.ch\/c\/wp-json\/wp\/v2\/pages\/592","targetHints":{"allow":["GET"]}}],"collection":[{"href":"https:\/\/www.artisanlocal.ch\/c\/wp-json\/wp\/v2\/pages"}],"about":[{"href":"https:\/\/www.artisanlocal.ch\/c\/wp-json\/wp\/v2\/types\/page"}],"author":[{"embeddable":true,"href":"https:\/\/www.artisanlocal.ch\/c\/wp-json\/wp\/v2\/users\/4"}],"replies":[{"embeddable":true,"href":"https:\/\/www.artisanlocal.ch\/c\/wp-json\/wp\/v2\/comments?post=592"}],"version-history":[{"count":0,"href":"https:\/\/www.artisanlocal.ch\/c\/wp-json\/wp\/v2\/pages\/592\/revisions"}],"wp:featuredmedia":[{"embeddable":true,"href":"https:\/\/www.artisanlocal.ch\/c\/wp-json\/wp\/v2\/media\/2804"}],"wp:attachment":[{"href":"https:\/\/www.artisanlocal.ch\/c\/wp-json\/wp\/v2\/media?parent=592"}],"wp:term":[{"taxonomy":"profession","embeddable":true,"href":"https:\/\/www.artisanlocal.ch\/c\/wp-json\/wp\/v2\/profession?post=592"},{"taxonomy":"location","embeddable":true,"href":"https:\/\/www.artisanlocal.ch\/c\/wp-json\/wp\/v2\/location?post=592"},{"taxonomy":"canton","embeddable":true,"href":"https:\/\/www.artisanlocal.ch\/c\/wp-json\/wp\/v2\/canton?post=592"}],"curies":[{"name":"wp","href":"https:\/\/api.w.org\/{rel}","templated":true}]}}