{"id":593,"date":"2024-04-22T05:22:35","date_gmt":"2024-04-22T03:22:35","guid":{"rendered":"https:\/\/www.artisanlocal.ch\/c\/besoin-dun-specialiste-de-la-pose-de-carrelage-a-apples\/"},"modified":"2025-11-21T15:14:21","modified_gmt":"2025-11-21T14:14:21","slug":"besoin-dun-specialiste-de-la-pose-de-carrelage-a-apples","status":"publish","type":"page","link":"https:\/\/www.artisanlocal.ch\/c\/besoin-dun-specialiste-de-la-pose-de-carrelage-a-apples\/","title":{"rendered":"Carreleur \u00e0 Apples"},"content":{"rendered":"<p>Besoin d&rsquo;un carreleur \u00e0 Apples ? Artisanlocal votre expert de la pose de carrelage \u00e0 Apples et dans les villes \u00e0 proximit\u00e9 de Apples.<br \/>\n\r\n<div class=\"box\">\r\n            <div class=\"company-info\">\r\n            <img decoding=\"async\" class=\"company-info__logo\" src=\"https:\/\/www.artisanlocal.ch\/media\/cache\/thumb\/images\/companies\/692d64a0b4dc8306928127.png\" alt=\"Logo\">\r\n            <h2 class=\"company-info__name\">Berseth Nicolas<\/h2>\r\n            <p class=\"company-info__business\">Entreprise de carrelage - R\u00e9novation<\/p>\r\n        <\/div>\r\n        <div class=\"company-contact\">\r\n            <p class=\"company-info__address\">Route du Ch\u00eane 21<\/p>\r\n                            <div class=\"links\">\r\n                                            <a class=\"btn has-accent-background-color js-phoneNumber\" href=\"tel:0762438675\" title=\"Appelez\" data-id=\"28830\" data-type=\"11\">076 243 86 75<\/a>\r\n                                                                <a class=\"btn has-accent-background-color\" href=\"https:\/\/n.berseth-carrelage.ch\/\" target=\"_blank\" title=\"Voir le site internet\" data-id=\"28830\" data-type=\"20\">Site internet<\/a>\r\n                                    <\/div>\r\n                    <\/div>\r\n    \r\n            \r\n<form action=\"https:\/\/www.artisanlocal.ch\/c\/wp-admin\/admin-ajax.php\" method=\"post\" class=\"form-contact\" id=\"artisan_form_contact_company_inline\">\r\n    <div><input type=\"hidden\" name=\"action\" value=\"company_contact\"><\/div>\r\n    <div><input type=\"hidden\" name=\"nonce\" value=\"8f9b7fcae5\"><\/div>\r\n    <div><input type=\"hidden\" name=\"company_id\" value=\"28830\"><\/div>\r\n    <div><input type=\"hidden\" name=\"form_id\" value=\"artisan_form_contact_company_inline\"><\/div>\r\n    <div class=\"gglcptch gglcptch_v3 gglcptch_custom\"><input type=\"hidden\" id=\"g-recaptcha-response\" name=\"g-recaptcha-response\" \/><br \/><div class=\"gglcptch_error_text\">La p\u00e9riode de v\u00e9rification reCAPTCHA a expir\u00e9. Veuillez recharger la page.<\/div><\/div>    <div class=\"form-content\">\r\n        <div class=\"form-group\">\r\n            <label for=\"contact_firstName\" class=\"required\">Pr\u00e9nom<\/label>\r\n            <input type=\"text\" name=\"firstName\" class=\"form-control\" required>\r\n        <\/div>\r\n        <div class=\"form-group\">\r\n            <label for=\"contact_lastName\" class=\"required\">Nom<\/label>\r\n            <input type=\"text\" name=\"lastName\" class=\"form-control\" required>\r\n        <\/div>\r\n        <div class=\"form-group\">\r\n            <label for=\"contact_email\" class=\"required\">Email<\/label>\r\n            <input type=\"email\" name=\"email\" class=\"form-control\" required>\r\n        <\/div>\r\n        <div class=\"form-group\">\r\n            <label for=\"contact_phone\" class=\"required\">Num\u00e9ro de t\u00e9l\u00e9phone<\/label>\r\n            <input type=\"tel\" name=\"phone\" class=\"form-control\" placeholder=\"0787117165\" pattern=\"^[0-9]{10}$\" required>\r\n        <\/div>\r\n        <div class=\"form-group\">\r\n            <label for=\"contact_postalCode\" class=\"required\">Code postal et localit\u00e9<\/label>\r\n            <input type=\"text\" name=\"postalCode\" class=\"form-control\" required>\r\n        <\/div>\r\n        <div class=\"form-group\">\r\n            <label for=\"contact_address\" class=\"required\">Adresse<\/label>\r\n            <input type=\"text\" name=\"address\" class=\"form-control\" required>\r\n        <\/div>\r\n        <div class=\"full-width topic\">\r\n            <p class=\"required\">Je souhaite \u00eatre contact\u00e9 pour :<\/p>\r\n            <div class=\"form-check\">\r\n                <input type=\"radio\" name=\"topic\" value=\"D\u00e9pannage\" class=\"form-control\" required>\r\n                <label for=\"d\u00e9pannage\">D\u00e9pannage<\/label>\r\n            <\/div>\r\n            <div class=\"form-check\">\r\n                <input type=\"radio\" name=\"topic\" value=\"Entretien\" class=\"form-control\" required>\r\n                <label for=\"entretien\">Entretien<\/label>\r\n            <\/div>\r\n            <div class=\"form-check\">\r\n                <input type=\"radio\" name=\"topic\" value=\"R\u00e9novation\" class=\"form-control\" required>\r\n                <label for=\"r\u00e9novation\">R\u00e9novation<\/label>\r\n            <\/div>\r\n            <div class=\"form-check\">\r\n                <input type=\"radio\" name=\"topic\" value=\"Autre\" class=\"form-control\" required>\r\n                <label for=\"autre\">Autre<\/label>\r\n            <\/div>\r\n        <\/div>\r\n        <div class=\"form-group full-width\">\r\n            <label for=\"contact_message\">Message<\/label>\r\n            <textarea name=\"message\" rows=\"3\" class=\"form-control\"><\/textarea>\r\n        <\/div>\r\n    <\/div>\r\n    <div class=\"form-actions\">\r\n        <button class=\"wp-block-button__link has-accent-background-color\">Contacter<\/button>\r\n    <\/div>\r\n<\/form>\r\n<div class=\"form-feedback\"><\/div>    <\/div><\/p>\n<h2>Pourquoi choisir notre soci\u00e9t\u00e9 ?<\/h2>\n<ul>\n<li>Des prix comp\u00e9titifs,<\/li>\n<li>nous installons du carrelage haut de gamme,<\/li>\n<li>nous respectons les d\u00e9lais et votre budget,<\/li>\n<li>nos recommandations sont personnalis\u00e9es \u00e0 votre projet,<\/li>\n<li>nos devis sont gratuits,<\/li>\n<li>nos techniciens ont de l&rsquo;exp\u00e9rience.<\/li>\n<\/ul>\n<h2>Recevez votre devis gratuit<\/h2>\n<p>N&rsquo;h\u00e9sitez pas \u00e0 nous contacter si vous d\u00e9sirez obtenir un devis gratuit, nous r\u00e9pondrons rapidement pour \u00e9valuer le prix de votre projet.<\/p>\n<h2>Nos services<\/h2>\n<ul>\n<li>Pose de : carrelage, parquet, carrelage, fa\u00efence, et autres types de carreaux,<\/li>\n<li>conseils personnalis\u00e9s pour vous aider \u00e0 choisir votre carrelage,<\/li>\n<li>pose des joints,<\/li>\n<li>pose de carrelage sur les murs et les sols,<\/li>\n<li>pose de carrelage dans les zones ext\u00e9rieures et int\u00e9rieures,<\/li>\n<li>Enl\u00e8vement du carrelage et du plancher flottant.<\/li>\n<\/ul>\n<h2>Comment choisir le meilleur carrelage ?<\/h2>\n<h3>R\u00e9fl\u00e9chir au lieu o\u00f9 le carrelage sera plac\u00e9<\/h3>\n<p>\u00c9tudiez bien le lieu et la fr\u00e9quence \u00e0 laquelle le carrelage sera expos\u00e9 \u00e0 un vieillissement pr\u00e9matur\u00e9, sera-t-il dans une zone avec un important passage ? D&rsquo;ailleurs, les gens porteront-ils des chaussettes ou des chaussures en marchant sur le carrelage\u202f? Sera-t-il expos\u00e9 aux environnements humides\u202f? Tenez aussi compte des multiples surfaces qu&rsquo;il va recouvrir, comme : les sols, les plans de travail ou les murs.<\/p>\n<h3>Estimez le volume de carrelage<\/h3>\n<p>Pour d\u00e9terminer le volume en m\u00b2 de carrelage pour votre projet, multipliez sa longueur par sa largeur et rajoutez environ 5 % pour avoir une marge de s\u00e9curit\u00e9. Nous vous sugg\u00e9rons de garder en stock des carreaux de mani\u00e8re \u00e0 rattraper d&rsquo;\u00e9ventuels d\u00e9g\u00e2ts.<\/p>\n<h3>Choisissez le mat\u00e9riau<\/h3>\n<p>Il est important de bien choisir les mat\u00e9riaux de votre carrelage, car cela impactent : le prix, l&rsquo;entretien, la teinte et la durabilit\u00e9.<\/p>\n<h3>Nettoyage<\/h3>\n<p>Nous vous sugg\u00e9rons de prendre en compte la complexit\u00e9 d&rsquo;entretien, entre autres : le scellement du carrelage avec un joint clair r\u00e9clame un nettoyage qui prend plus de temps, en effet, il accumule rapidement la poussi\u00e8re, le rendent plus compliqu\u00e9 \u00e0 laver que d&rsquo;autres teintes.<\/p>\n<h2>Contactez-nous pour obtenir un rendez-vous<\/h2>\n<p>Nos carreleurs \u00e0 Apples connaissent les difficult\u00e9s que vous pouvez rencontrer lors de votre projet, c&rsquo;est pourquoi nous sommes disponibles du lundi au samedi afin de r\u00e9pondre \u00e0 vos probl\u00e9matiques.<\/p>\n<h2>Questions-r\u00e9ponses<\/h2>\n<h3>Comment fonctionne votre soci\u00e9t\u00e9 ?<\/h3>\n<ol>\n<li>Prise de contact par t\u00e9l\u00e9phone ou par email.<\/li>\n<li>Planification de votre rendez-vous en fonction de vos disponibilit\u00e9s.<\/li>\n<li>Nous nous d\u00e9pla\u00e7ons \u00e0 votre logement pour d\u00e9terminer le volume de carrelage \u00e0 installer.<\/li>\n<li>D\u00e9but de votre projet.<\/li>\n<\/ol>\n<h3>Votre soci\u00e9t\u00e9 intervient \u00e0 Apples et dans les localit\u00e9s aux environs ?<\/h3>\n<p>Oui, nous nous d\u00e9pla\u00e7ons \u00e0 Apples, cependant, notre \u00e9quipe op\u00e8re dans les localit\u00e9s aux alentours, comme :<\/p>\nBallens, Bi\u00e8re, Mollens VD, Berolle, Etoy, Buchillon, Allaman, Perroy, Villars-sous-Yens, Yens, Aubonne, Bougy-Villars, F\u00e9chy, Pizy, Montherod, Lavigny, St-Livres, Saubraz.\n<h3>Quels sont les styles de carrelages les plus populaires que vous installez\u202f?<\/h3>\n<ul>\n<li>Les carrelages mosa\u00efques.<\/li>\n<li>Les carreaux int\u00e9rieurs blancs de m\u00e9tro.<\/li>\n<li>Les carreaux de marbre.<\/li>\n<li>Les carrelages en c\u00e9ramique.<\/li>\n<li>Les carrelages en ciments.<\/li>\n<li>Les carrelages en porcelaine.<\/li>\n<\/ul>\n","protected":false},"excerpt":{"rendered":"<p>Besoin d&rsquo;un carreleur \u00e0 Apples ? Artisanlocal votre expert de la pose de carrelage \u00e0 Apples et dans les villes \u00e0 proximit\u00e9 de Apples. Pourquoi choisir notre soci\u00e9t\u00e9 ? Des prix comp\u00e9titifs, nous installons du carrelage haut de gamme, nous respectons les d\u00e9lais et votre budget, nos recommandations sont personnalis\u00e9es \u00e0 votre projet, nos devis [&hellip;]<\/p>\n","protected":false},"author":4,"featured_media":2804,"parent":0,"menu_order":0,"comment_status":"closed","ping_status":"closed","template":"","meta":{"footnotes":""},"profession":[119],"location":[82],"canton":[113],"class_list":["post-593","page","type-page","status-publish","has-post-thumbnail","hentry","profession-carreleur","location-apples","canton-vd"],"yoast_head":"<!-- This site is optimized with the Yoast SEO Premium plugin v25.7.1 (Yoast SEO v27.6) - https:\/\/yoast.com\/product\/yoast-seo-premium-wordpress\/ -->\n<title>Carreleur \u00e0 Apples - Artisanlocal<\/title>\n<meta name=\"robots\" content=\"index, follow, max-snippet:-1, max-image-preview:large, max-video-preview:-1\" \/>\n<link rel=\"canonical\" href=\"https:\/\/www.artisanlocal.ch\/c\/besoin-dun-specialiste-de-la-pose-de-carrelage-a-apples\/\" \/>\n<meta property=\"og:locale\" content=\"fr_FR\" \/>\n<meta property=\"og:type\" content=\"article\" \/>\n<meta property=\"og:title\" content=\"Carreleur \u00e0 Apples\" \/>\n<meta property=\"og:description\" content=\"Besoin d&rsquo;un carreleur \u00e0 Apples ? Artisanlocal votre expert de la pose de carrelage \u00e0 Apples et dans les villes \u00e0 proximit\u00e9 de Apples. Pourquoi choisir notre soci\u00e9t\u00e9 ? Des prix comp\u00e9titifs, nous installons du carrelage haut de gamme, nous respectons les d\u00e9lais et votre budget, nos recommandations sont personnalis\u00e9es \u00e0 votre projet, nos devis [&hellip;]\" \/>\n<meta property=\"og:url\" content=\"https:\/\/www.artisanlocal.ch\/c\/besoin-dun-specialiste-de-la-pose-de-carrelage-a-apples\/\" \/>\n<meta property=\"og:site_name\" content=\"Artisanlocal\" \/>\n<meta property=\"article:modified_time\" content=\"2025-11-21T14:14:21+00:00\" \/>\n<meta property=\"og:image\" content=\"https:\/\/www.artisanlocal.ch\/c\/wp-content\/uploads\/2024\/11\/carreleur.jpg\" \/>\n\t<meta property=\"og:image:width\" content=\"1920\" \/>\n\t<meta property=\"og:image:height\" content=\"300\" \/>\n\t<meta property=\"og:image:type\" content=\"image\/jpeg\" \/>\n<meta name=\"twitter:card\" content=\"summary_large_image\" \/>\n<meta name=\"twitter:label1\" content=\"Dur\u00e9e de lecture estim\u00e9e\" \/>\n\t<meta name=\"twitter:data1\" content=\"3 minutes\" \/>\n<script type=\"application\/ld+json\" class=\"yoast-schema-graph\">{\"@context\":\"https:\\\/\\\/schema.org\",\"@graph\":[{\"@type\":\"WebPage\",\"@id\":\"https:\\\/\\\/www.artisanlocal.ch\\\/c\\\/besoin-dun-specialiste-de-la-pose-de-carrelage-a-apples\\\/\",\"url\":\"https:\\\/\\\/www.artisanlocal.ch\\\/c\\\/besoin-dun-specialiste-de-la-pose-de-carrelage-a-apples\\\/\",\"name\":\"Carreleur \u00e0 Apples - Artisanlocal\",\"isPartOf\":{\"@id\":\"https:\\\/\\\/www.artisanlocal.ch\\\/c\\\/#website\"},\"primaryImageOfPage\":{\"@id\":\"https:\\\/\\\/www.artisanlocal.ch\\\/c\\\/besoin-dun-specialiste-de-la-pose-de-carrelage-a-apples\\\/#primaryimage\"},\"image\":{\"@id\":\"https:\\\/\\\/www.artisanlocal.ch\\\/c\\\/besoin-dun-specialiste-de-la-pose-de-carrelage-a-apples\\\/#primaryimage\"},\"thumbnailUrl\":\"https:\\\/\\\/www.artisanlocal.ch\\\/c\\\/wp-content\\\/uploads\\\/2024\\\/11\\\/carreleur.jpg\",\"datePublished\":\"2024-04-22T03:22:35+00:00\",\"dateModified\":\"2025-11-21T14:14:21+00:00\",\"breadcrumb\":{\"@id\":\"https:\\\/\\\/www.artisanlocal.ch\\\/c\\\/besoin-dun-specialiste-de-la-pose-de-carrelage-a-apples\\\/#breadcrumb\"},\"inLanguage\":\"fr-FR\",\"potentialAction\":[{\"@type\":\"ReadAction\",\"target\":[\"https:\\\/\\\/www.artisanlocal.ch\\\/c\\\/besoin-dun-specialiste-de-la-pose-de-carrelage-a-apples\\\/\"]}]},{\"@type\":\"ImageObject\",\"inLanguage\":\"fr-FR\",\"@id\":\"https:\\\/\\\/www.artisanlocal.ch\\\/c\\\/besoin-dun-specialiste-de-la-pose-de-carrelage-a-apples\\\/#primaryimage\",\"url\":\"https:\\\/\\\/www.artisanlocal.ch\\\/c\\\/wp-content\\\/uploads\\\/2024\\\/11\\\/carreleur.jpg\",\"contentUrl\":\"https:\\\/\\\/www.artisanlocal.ch\\\/c\\\/wp-content\\\/uploads\\\/2024\\\/11\\\/carreleur.jpg\",\"width\":1920,\"height\":300},{\"@type\":\"BreadcrumbList\",\"@id\":\"https:\\\/\\\/www.artisanlocal.ch\\\/c\\\/besoin-dun-specialiste-de-la-pose-de-carrelage-a-apples\\\/#breadcrumb\",\"itemListElement\":[{\"@type\":\"ListItem\",\"position\":1,\"name\":\"Accueil\",\"item\":\"https:\\\/\\\/www.artisanlocal.ch\\\/c\\\/\"},{\"@type\":\"ListItem\",\"position\":2,\"name\":\"Carreleur \u00e0 Apples\"}]},{\"@type\":\"WebSite\",\"@id\":\"https:\\\/\\\/www.artisanlocal.ch\\\/c\\\/#website\",\"url\":\"https:\\\/\\\/www.artisanlocal.ch\\\/c\\\/\",\"name\":\"Artisanlocal\",\"description\":\"\",\"publisher\":{\"@id\":\"https:\\\/\\\/www.artisanlocal.ch\\\/c\\\/#organization\"},\"potentialAction\":[{\"@type\":\"SearchAction\",\"target\":{\"@type\":\"EntryPoint\",\"urlTemplate\":\"https:\\\/\\\/www.artisanlocal.ch\\\/c\\\/?s={search_term_string}\"},\"query-input\":{\"@type\":\"PropertyValueSpecification\",\"valueRequired\":true,\"valueName\":\"search_term_string\"}}],\"inLanguage\":\"fr-FR\"},{\"@type\":\"Organization\",\"@id\":\"https:\\\/\\\/www.artisanlocal.ch\\\/c\\\/#organization\",\"name\":\"Artisanlocal\",\"url\":\"https:\\\/\\\/www.artisanlocal.ch\\\/c\\\/\",\"logo\":{\"@type\":\"ImageObject\",\"inLanguage\":\"fr-FR\",\"@id\":\"https:\\\/\\\/www.artisanlocal.ch\\\/c\\\/#\\\/schema\\\/logo\\\/image\\\/\",\"url\":\"https:\\\/\\\/www.artisanlocal.ch\\\/c\\\/wp-content\\\/uploads\\\/2024\\\/02\\\/logo-artisanlocal-h.svg\",\"contentUrl\":\"https:\\\/\\\/www.artisanlocal.ch\\\/c\\\/wp-content\\\/uploads\\\/2024\\\/02\\\/logo-artisanlocal-h.svg\",\"caption\":\"Artisanlocal\"},\"image\":{\"@id\":\"https:\\\/\\\/www.artisanlocal.ch\\\/c\\\/#\\\/schema\\\/logo\\\/image\\\/\"}}]}<\/script>\n<!-- \/ Yoast SEO Premium plugin. -->","yoast_head_json":{"title":"Carreleur \u00e0 Apples - Artisanlocal","robots":{"index":"index","follow":"follow","max-snippet":"max-snippet:-1","max-image-preview":"max-image-preview:large","max-video-preview":"max-video-preview:-1"},"canonical":"https:\/\/www.artisanlocal.ch\/c\/besoin-dun-specialiste-de-la-pose-de-carrelage-a-apples\/","og_locale":"fr_FR","og_type":"article","og_title":"Carreleur \u00e0 Apples","og_description":"Besoin d&rsquo;un carreleur \u00e0 Apples ? Artisanlocal votre expert de la pose de carrelage \u00e0 Apples et dans les villes \u00e0 proximit\u00e9 de Apples. Pourquoi choisir notre soci\u00e9t\u00e9 ? Des prix comp\u00e9titifs, nous installons du carrelage haut de gamme, nous respectons les d\u00e9lais et votre budget, nos recommandations sont personnalis\u00e9es \u00e0 votre projet, nos devis [&hellip;]","og_url":"https:\/\/www.artisanlocal.ch\/c\/besoin-dun-specialiste-de-la-pose-de-carrelage-a-apples\/","og_site_name":"Artisanlocal","article_modified_time":"2025-11-21T14:14:21+00:00","og_image":[{"width":1920,"height":300,"url":"https:\/\/www.artisanlocal.ch\/c\/wp-content\/uploads\/2024\/11\/carreleur.jpg","type":"image\/jpeg"}],"twitter_card":"summary_large_image","twitter_misc":{"Dur\u00e9e de lecture estim\u00e9e":"3 minutes"},"schema":{"@context":"https:\/\/schema.org","@graph":[{"@type":"WebPage","@id":"https:\/\/www.artisanlocal.ch\/c\/besoin-dun-specialiste-de-la-pose-de-carrelage-a-apples\/","url":"https:\/\/www.artisanlocal.ch\/c\/besoin-dun-specialiste-de-la-pose-de-carrelage-a-apples\/","name":"Carreleur \u00e0 Apples - Artisanlocal","isPartOf":{"@id":"https:\/\/www.artisanlocal.ch\/c\/#website"},"primaryImageOfPage":{"@id":"https:\/\/www.artisanlocal.ch\/c\/besoin-dun-specialiste-de-la-pose-de-carrelage-a-apples\/#primaryimage"},"image":{"@id":"https:\/\/www.artisanlocal.ch\/c\/besoin-dun-specialiste-de-la-pose-de-carrelage-a-apples\/#primaryimage"},"thumbnailUrl":"https:\/\/www.artisanlocal.ch\/c\/wp-content\/uploads\/2024\/11\/carreleur.jpg","datePublished":"2024-04-22T03:22:35+00:00","dateModified":"2025-11-21T14:14:21+00:00","breadcrumb":{"@id":"https:\/\/www.artisanlocal.ch\/c\/besoin-dun-specialiste-de-la-pose-de-carrelage-a-apples\/#breadcrumb"},"inLanguage":"fr-FR","potentialAction":[{"@type":"ReadAction","target":["https:\/\/www.artisanlocal.ch\/c\/besoin-dun-specialiste-de-la-pose-de-carrelage-a-apples\/"]}]},{"@type":"ImageObject","inLanguage":"fr-FR","@id":"https:\/\/www.artisanlocal.ch\/c\/besoin-dun-specialiste-de-la-pose-de-carrelage-a-apples\/#primaryimage","url":"https:\/\/www.artisanlocal.ch\/c\/wp-content\/uploads\/2024\/11\/carreleur.jpg","contentUrl":"https:\/\/www.artisanlocal.ch\/c\/wp-content\/uploads\/2024\/11\/carreleur.jpg","width":1920,"height":300},{"@type":"BreadcrumbList","@id":"https:\/\/www.artisanlocal.ch\/c\/besoin-dun-specialiste-de-la-pose-de-carrelage-a-apples\/#breadcrumb","itemListElement":[{"@type":"ListItem","position":1,"name":"Accueil","item":"https:\/\/www.artisanlocal.ch\/c\/"},{"@type":"ListItem","position":2,"name":"Carreleur \u00e0 Apples"}]},{"@type":"WebSite","@id":"https:\/\/www.artisanlocal.ch\/c\/#website","url":"https:\/\/www.artisanlocal.ch\/c\/","name":"Artisanlocal","description":"","publisher":{"@id":"https:\/\/www.artisanlocal.ch\/c\/#organization"},"potentialAction":[{"@type":"SearchAction","target":{"@type":"EntryPoint","urlTemplate":"https:\/\/www.artisanlocal.ch\/c\/?s={search_term_string}"},"query-input":{"@type":"PropertyValueSpecification","valueRequired":true,"valueName":"search_term_string"}}],"inLanguage":"fr-FR"},{"@type":"Organization","@id":"https:\/\/www.artisanlocal.ch\/c\/#organization","name":"Artisanlocal","url":"https:\/\/www.artisanlocal.ch\/c\/","logo":{"@type":"ImageObject","inLanguage":"fr-FR","@id":"https:\/\/www.artisanlocal.ch\/c\/#\/schema\/logo\/image\/","url":"https:\/\/www.artisanlocal.ch\/c\/wp-content\/uploads\/2024\/02\/logo-artisanlocal-h.svg","contentUrl":"https:\/\/www.artisanlocal.ch\/c\/wp-content\/uploads\/2024\/02\/logo-artisanlocal-h.svg","caption":"Artisanlocal"},"image":{"@id":"https:\/\/www.artisanlocal.ch\/c\/#\/schema\/logo\/image\/"}}]}},"_links":{"self":[{"href":"https:\/\/www.artisanlocal.ch\/c\/wp-json\/wp\/v2\/pages\/593","targetHints":{"allow":["GET"]}}],"collection":[{"href":"https:\/\/www.artisanlocal.ch\/c\/wp-json\/wp\/v2\/pages"}],"about":[{"href":"https:\/\/www.artisanlocal.ch\/c\/wp-json\/wp\/v2\/types\/page"}],"author":[{"embeddable":true,"href":"https:\/\/www.artisanlocal.ch\/c\/wp-json\/wp\/v2\/users\/4"}],"replies":[{"embeddable":true,"href":"https:\/\/www.artisanlocal.ch\/c\/wp-json\/wp\/v2\/comments?post=593"}],"version-history":[{"count":0,"href":"https:\/\/www.artisanlocal.ch\/c\/wp-json\/wp\/v2\/pages\/593\/revisions"}],"wp:featuredmedia":[{"embeddable":true,"href":"https:\/\/www.artisanlocal.ch\/c\/wp-json\/wp\/v2\/media\/2804"}],"wp:attachment":[{"href":"https:\/\/www.artisanlocal.ch\/c\/wp-json\/wp\/v2\/media?parent=593"}],"wp:term":[{"taxonomy":"profession","embeddable":true,"href":"https:\/\/www.artisanlocal.ch\/c\/wp-json\/wp\/v2\/profession?post=593"},{"taxonomy":"location","embeddable":true,"href":"https:\/\/www.artisanlocal.ch\/c\/wp-json\/wp\/v2\/location?post=593"},{"taxonomy":"canton","embeddable":true,"href":"https:\/\/www.artisanlocal.ch\/c\/wp-json\/wp\/v2\/canton?post=593"}],"curies":[{"name":"wp","href":"https:\/\/api.w.org\/{rel}","templated":true}]}}