{"id":594,"date":"2024-04-22T12:47:34","date_gmt":"2024-04-22T10:47:34","guid":{"rendered":"https:\/\/www.artisanlocal.ch\/c\/societe-specialisee-dans-la-pose-de-carreaux-a-penthalaz\/"},"modified":"2025-08-26T19:28:38","modified_gmt":"2025-08-26T17:28:38","slug":"societe-specialisee-dans-la-pose-de-carreaux-a-penthalaz","status":"publish","type":"page","link":"https:\/\/www.artisanlocal.ch\/c\/societe-specialisee-dans-la-pose-de-carreaux-a-penthalaz\/","title":{"rendered":"Soci\u00e9t\u00e9 sp\u00e9cialis\u00e9e dans la pose de carreaux \u00e0 Penthalaz ?"},"content":{"rendered":"<p>Besoin d&rsquo;obtenir des estimations en ligne, contactez-nous. Artisanlocal offre des prestations de pose de carreaux dans le but de r\u00e9pondre \u00e0 tous vos besoins d&rsquo;installation de carreaux classiques, de carrelage de dosseret pour cuisine, de carrelage \u00e0 l&rsquo;int\u00e9rieur de votre salle de bain ou sur votre sol ! Nous intervenons aussi dans les villes proches de Penthalaz.<\/p>\n\r\n<div class=\"box\">\r\n    <h2 class=\"text-dark\">Nous cherchons un <em class=\"text-primary\">Carreleur<\/em> dans la r\u00e9gion de <em class=\"text-primary\">Penthalaz<\/em>  en exclusivit\u00e9, afin de proposer vos services \u00e0 nos clients propri\u00e9taires.<\/h2>\r\n    <p>Une opportunit\u00e9 unique pour booster votre activit\u00e9 \u00e0 <strong>Penthalaz<\/strong> et aux alentours dans votre domaine (Carreleur).<\/p>\r\n    <p>Nous travaillons en exclusivit\u00e9 avec qu'une soci\u00e9t\u00e9 par m\u00e9tier et par r\u00e9gion. <br>Votre entreprise est pr\u00e9sente sur tous les documents immobiliers. Afin d'\u00eatre mieux vu sur le net, vous \u00eates \u00e9galement visible sur nos deux sites et sur les pages de r\u00e9f\u00e9rencement de votre r\u00e9gion.<\/p>\r\n    <a href=\"\/contact\" class=\"wp-block-button__link has-accent-background-color has-text-align-center wp-element-button\">R\u00e9server<\/a>\r\n<\/div>\n<h2>Quelle est la plus-value qu&rsquo;offre notre soci\u00e9t\u00e9 ?<\/h2>\n<p>Pour tout projet d&rsquo;installation de carreaux \u00e0 Penthalaz, comptez sur Artisanlocal, choisissez notre \u00e9quipe, car :<\/p>\n<ul>\n<li>nous proposons un bon rapport qualit\u00e9-prix,<\/li>\n<li>nous utilisons du carrelage de qualit\u00e9,<\/li>\n<li>notre soci\u00e9t\u00e9 est localis\u00e9e \u00e0 Penthalaz, et se d\u00e9place en urgence \u00e0 votre domicile,<\/li>\n<li>nos recommandations sont individualis\u00e9es \u00e0 votre projet, par exemple : pour s\u00e9lectionner votre carrelage,<\/li>\n<li>nous offrons des devis gratuit,<\/li>\n<li>nos techniciens sont exp\u00e9riment\u00e9s,<\/li>\n<li>une soci\u00e9t\u00e9 de confiance : nous collaborons avec de grands groupes et des entreprises d&rsquo;architectures pour des installations de parquet, carrelage, fa\u00efence, et autres rev\u00eatements.<\/li>\n<\/ul>\n<h2>Prenez contact avec nous d\u00e8s aujourd&rsquo;hui pour obtenir votre devis <\/h2>\n<p>Sollicitez notre \u00e9quipe pour recevoir un devis, nous prendrons contact avec vous rapidement pour d\u00e9terminer le prix de votre projet.<\/p>\n<h2>Nos services<\/h2>\n<p>Nos artisans de la pose de carrelage qui interviennent \u00e0 Penthalaz proposent aux particuliers et aux professionnels, les solutions, comme :<\/p>\n<ul>\n<li>La pose de diff\u00e9rents carreaux tels que le parquet, le carrelage traditionnel et la fa\u00efence,<\/li>\n<li>une aide pour bien choisir vos carreaux,<\/li>\n<li>l&rsquo;installation du carrelage,<\/li>\n<li>la fixation de votre carrelage,<\/li>\n<li>la pose de carrelage sur les sols et les parois,<\/li>\n<li>l&rsquo;installation de carreaux pour les zones ext\u00e9rieures et int\u00e9rieures de votre maison,<\/li>\n<li>l\u2019enl\u00e8vement du carrelage existant,<\/li>\n<li>le d\u00e9montage de votre parquet flottant,<\/li>\n<li>la pose du carrelage sur votre terrasse.<\/li>\n<\/ul>\n<h2>Comment s\u00e9lectionner votre carrelage id\u00e9al ?<\/h2>\n<h3>Bien d\u00e9terminer la zone d&rsquo;installation<\/h3>\n<p>\u00c9tudiez bien l&rsquo;endroit et le rythme \u00e0 laquelle le carrelage sera expos\u00e9 \u00e0 un vieillissement pr\u00e9matur\u00e9, sera-t-il dans un endroit \u00e0 fort passage pi\u00e9tonnier? D&rsquo;autre part, les gens porteront-ils des chaussures ou des chaussettes en marchant sur le carrelage? Va-t-il \u00eatre confront\u00e9 \u00e0 des atmosph\u00e8res humides? Tenez aussi compte des multiples surfaces qu&rsquo;il va couvrir, comme : les murs, les sols, les plans de travail, etc.<\/p>\n<h3>D\u00e9terminez la quantit\u00e9 de carreaux<\/h3>\n<p>Pour calculer le nombre de carrelages requis pour votre espace, r\u00e9alisez la multiplication : largeur par sa longueur et ajoutez \u00e0 peu pr\u00e8s 5 % pour conserver une marge de protection. Nous vous recommandons de conserver en r\u00e9serve des carreaux de mani\u00e8re \u00e0 rattraper de possibles dommages.<\/p>\n<h3>Choisissez le bon mat\u00e9riau<\/h3>\n<p>Il y a divers mat\u00e9riaux gr\u00e2ce auxquels le carrelage est fabriqu\u00e9, le mat\u00e9riau a un impact sur : l\u2019apparence, la durabilit\u00e9 et le co\u00fbt de l&rsquo;entretien. De plus, les finitions et la texture doivent par ailleurs \u00eatre prises en consid\u00e9ration afin de trouver le meilleur carrelage pour votre projet.<\/p>\n<h3>Maintenance<\/h3>\n<p>Nous vous sugg\u00e9rons de prendre en compte la difficult\u00e9 de nettoyage, par exemple : l&rsquo;entretien du carrelage avec un joint clair est plus compliqu\u00e9 en raison de leur tendance \u00e0 accumuler la crasse, ce qui les rend plus compliqu\u00e9s \u00e0 nettoyer par rapport aux autres coloris.<\/p>\n<h2>Contactez-nous pour obtenir un rendez-vous<\/h2>\n<p>Notre entreprise constitu\u00e9e d&rsquo;experts dans la pose de carrelages \u00e0 Penthalaz comprennent que la s\u00e9lection des carreaux peut-\u00eatre complexe, c&rsquo;est pourquoi nous sommes disponibles du lundi au samedi de fa\u00e7on \u00e0 r\u00e9pondre \u00e0 vos probl\u00e9matiques.<\/p>\n<h2>FAQ<\/h2>\n<h3>Quel est le fonctionnement de votre entreprise ?<\/h3>\n<ol>\n<li>Prise de rendez-vous par t\u00e9l\u00e9phone ou par email.<\/li>\n<li>Par la suite, nous fixons un rendez-vous avec vous.<\/li>\n<li>Visite \u00e0 votre logement pour d\u00e9limiter le travail \u00e0 faire.<\/li>\n<li>Nous mettons en route votre projet.<\/li>\n<\/ol>\n<h3>Intervenez-vous dans les localit\u00e9s \u00e0 proximit\u00e9 de Penthalaz ?<\/h3>\n<p>Oui, nous nous d\u00e9pla\u00e7ons \u00e0 Penthalaz, n\u00e9anmoins, notre \u00e9quipe op\u00e8re dans les communes aux alentours, tels que:<\/p>\nMex VD, Boussens, Bournens, Sullens, Bettens, Cottens VD, Grancy, Gollion, S\u00e9very, Pampigny, Montricher, Chavannes-le-Veyron, Cuarnens, L'Isle, La Coudre, Villars-Bozon, Mauraz, Moiry VD, Mont-la-Ville, Vufflens-la-Ville, Penthaz, Allens, Cossonay-Ville, Dizy, Senarclens, Daillens, Lussery-Villars, La Chaux (Cossonay), Ecl\u00e9pens, Ferreyres, La Sarraz, Chevilly, Orny, Pompaples.\n<\/p>\n<h3>Vous installez quels types de carrelages le plus fr\u00e9quemment\u202f?<\/h3>\n<p>Nous posons les carreaux appr\u00e9ci\u00e9s, comme:<\/p>\n<ul>\n<li>Les carreaux mosa\u00efques : v\u00e9ritable best-seller, ils rajoutent un style original \u00e0 votre foyer.<\/li>\n<li>Les carreaux de m\u00e9tro blancs : embl\u00e9matiques, nous les recommandons pour votre r\u00e9novation de salle de bain ou de votre cuisine.<\/li>\n<li>Les carrelages de marbre : ils sont plus co\u00fbteux, mais ils permettent d&rsquo;apporter une apparence luxe \u00e0 votre int\u00e9rieur.<\/li>\n<li>Les carrelages en c\u00e9ramique : ils sont \u00e9conomiques, faciles \u00e0 nettoyer et ils trouvables dans de nombreux d\u00e9clinaisons.<\/li>\n<li>Les carrelages ciments : classique, il permet d&rsquo;adoucir la d\u00e9coration de votre int\u00e9rieur.<\/li>\n<li>Les carrelages porcelaine : similaire aux surfaces naturelles, il est r\u00e9sistant aux chocs, changement de temp\u00e9rature.<\/li>\n<\/ul>\n","protected":false},"excerpt":{"rendered":"<p>Besoin d&rsquo;obtenir des estimations en ligne, contactez-nous. Artisanlocal offre des prestations de pose de carreaux dans le but de r\u00e9pondre \u00e0 tous vos besoins d&rsquo;installation de carreaux classiques, de carrelage de dosseret pour cuisine, de carrelage \u00e0 l&rsquo;int\u00e9rieur de votre salle de bain ou sur votre sol ! Nous intervenons aussi dans les villes proches [&hellip;]<\/p>\n","protected":false},"author":4,"featured_media":2804,"parent":0,"menu_order":0,"comment_status":"closed","ping_status":"closed","template":"","meta":{"footnotes":""},"profession":[119],"location":[99],"canton":[113],"class_list":["post-594","page","type-page","status-publish","has-post-thumbnail","hentry","profession-carreleur","location-penthalaz","canton-vd"],"yoast_head":"<!-- This site is optimized with the Yoast SEO Premium plugin v25.7.1 (Yoast SEO v27.3) - https:\/\/yoast.com\/product\/yoast-seo-premium-wordpress\/ -->\n<title>Soci\u00e9t\u00e9 sp\u00e9cialis\u00e9e dans la pose de carreaux \u00e0 Penthalaz ? - Artisanlocal<\/title>\n<meta name=\"robots\" content=\"index, follow, max-snippet:-1, max-image-preview:large, max-video-preview:-1\" \/>\n<link rel=\"canonical\" href=\"https:\/\/www.artisanlocal.ch\/c\/societe-specialisee-dans-la-pose-de-carreaux-a-penthalaz\/\" \/>\n<meta property=\"og:locale\" content=\"fr_FR\" \/>\n<meta property=\"og:type\" content=\"article\" \/>\n<meta property=\"og:title\" content=\"Soci\u00e9t\u00e9 sp\u00e9cialis\u00e9e dans la pose de carreaux \u00e0 Penthalaz ?\" \/>\n<meta property=\"og:description\" content=\"Besoin d&rsquo;obtenir des estimations en ligne, contactez-nous. Artisanlocal offre des prestations de pose de carreaux dans le but de r\u00e9pondre \u00e0 tous vos besoins d&rsquo;installation de carreaux classiques, de carrelage de dosseret pour cuisine, de carrelage \u00e0 l&rsquo;int\u00e9rieur de votre salle de bain ou sur votre sol ! Nous intervenons aussi dans les villes proches [&hellip;]\" \/>\n<meta property=\"og:url\" content=\"https:\/\/www.artisanlocal.ch\/c\/societe-specialisee-dans-la-pose-de-carreaux-a-penthalaz\/\" \/>\n<meta property=\"og:site_name\" content=\"Artisanlocal\" \/>\n<meta property=\"article:modified_time\" content=\"2025-08-26T17:28:38+00:00\" \/>\n<meta property=\"og:image\" content=\"https:\/\/www.artisanlocal.ch\/c\/wp-content\/uploads\/2024\/11\/carreleur.jpg\" \/>\n\t<meta property=\"og:image:width\" content=\"1920\" \/>\n\t<meta property=\"og:image:height\" content=\"300\" \/>\n\t<meta property=\"og:image:type\" content=\"image\/jpeg\" \/>\n<meta name=\"twitter:card\" content=\"summary_large_image\" \/>\n<meta name=\"twitter:label1\" content=\"Dur\u00e9e de lecture estim\u00e9e\" \/>\n\t<meta name=\"twitter:data1\" content=\"4 minutes\" \/>\n<script type=\"application\/ld+json\" class=\"yoast-schema-graph\">{\"@context\":\"https:\\\/\\\/schema.org\",\"@graph\":[{\"@type\":\"WebPage\",\"@id\":\"https:\\\/\\\/www.artisanlocal.ch\\\/c\\\/societe-specialisee-dans-la-pose-de-carreaux-a-penthalaz\\\/\",\"url\":\"https:\\\/\\\/www.artisanlocal.ch\\\/c\\\/societe-specialisee-dans-la-pose-de-carreaux-a-penthalaz\\\/\",\"name\":\"Soci\u00e9t\u00e9 sp\u00e9cialis\u00e9e dans la pose de carreaux \u00e0 Penthalaz ? - Artisanlocal\",\"isPartOf\":{\"@id\":\"https:\\\/\\\/www.artisanlocal.ch\\\/c\\\/#website\"},\"primaryImageOfPage\":{\"@id\":\"https:\\\/\\\/www.artisanlocal.ch\\\/c\\\/societe-specialisee-dans-la-pose-de-carreaux-a-penthalaz\\\/#primaryimage\"},\"image\":{\"@id\":\"https:\\\/\\\/www.artisanlocal.ch\\\/c\\\/societe-specialisee-dans-la-pose-de-carreaux-a-penthalaz\\\/#primaryimage\"},\"thumbnailUrl\":\"https:\\\/\\\/www.artisanlocal.ch\\\/c\\\/wp-content\\\/uploads\\\/2024\\\/11\\\/carreleur.jpg\",\"datePublished\":\"2024-04-22T10:47:34+00:00\",\"dateModified\":\"2025-08-26T17:28:38+00:00\",\"breadcrumb\":{\"@id\":\"https:\\\/\\\/www.artisanlocal.ch\\\/c\\\/societe-specialisee-dans-la-pose-de-carreaux-a-penthalaz\\\/#breadcrumb\"},\"inLanguage\":\"fr-FR\",\"potentialAction\":[{\"@type\":\"ReadAction\",\"target\":[\"https:\\\/\\\/www.artisanlocal.ch\\\/c\\\/societe-specialisee-dans-la-pose-de-carreaux-a-penthalaz\\\/\"]}]},{\"@type\":\"ImageObject\",\"inLanguage\":\"fr-FR\",\"@id\":\"https:\\\/\\\/www.artisanlocal.ch\\\/c\\\/societe-specialisee-dans-la-pose-de-carreaux-a-penthalaz\\\/#primaryimage\",\"url\":\"https:\\\/\\\/www.artisanlocal.ch\\\/c\\\/wp-content\\\/uploads\\\/2024\\\/11\\\/carreleur.jpg\",\"contentUrl\":\"https:\\\/\\\/www.artisanlocal.ch\\\/c\\\/wp-content\\\/uploads\\\/2024\\\/11\\\/carreleur.jpg\",\"width\":1920,\"height\":300},{\"@type\":\"BreadcrumbList\",\"@id\":\"https:\\\/\\\/www.artisanlocal.ch\\\/c\\\/societe-specialisee-dans-la-pose-de-carreaux-a-penthalaz\\\/#breadcrumb\",\"itemListElement\":[{\"@type\":\"ListItem\",\"position\":1,\"name\":\"Accueil\",\"item\":\"https:\\\/\\\/www.artisanlocal.ch\\\/c\\\/\"},{\"@type\":\"ListItem\",\"position\":2,\"name\":\"Soci\u00e9t\u00e9 sp\u00e9cialis\u00e9e dans la pose de carreaux \u00e0 Penthalaz ?\"}]},{\"@type\":\"WebSite\",\"@id\":\"https:\\\/\\\/www.artisanlocal.ch\\\/c\\\/#website\",\"url\":\"https:\\\/\\\/www.artisanlocal.ch\\\/c\\\/\",\"name\":\"Artisanlocal\",\"description\":\"\",\"publisher\":{\"@id\":\"https:\\\/\\\/www.artisanlocal.ch\\\/c\\\/#organization\"},\"potentialAction\":[{\"@type\":\"SearchAction\",\"target\":{\"@type\":\"EntryPoint\",\"urlTemplate\":\"https:\\\/\\\/www.artisanlocal.ch\\\/c\\\/?s={search_term_string}\"},\"query-input\":{\"@type\":\"PropertyValueSpecification\",\"valueRequired\":true,\"valueName\":\"search_term_string\"}}],\"inLanguage\":\"fr-FR\"},{\"@type\":\"Organization\",\"@id\":\"https:\\\/\\\/www.artisanlocal.ch\\\/c\\\/#organization\",\"name\":\"Artisanlocal\",\"url\":\"https:\\\/\\\/www.artisanlocal.ch\\\/c\\\/\",\"logo\":{\"@type\":\"ImageObject\",\"inLanguage\":\"fr-FR\",\"@id\":\"https:\\\/\\\/www.artisanlocal.ch\\\/c\\\/#\\\/schema\\\/logo\\\/image\\\/\",\"url\":\"https:\\\/\\\/www.artisanlocal.ch\\\/c\\\/wp-content\\\/uploads\\\/2024\\\/02\\\/logo-artisanlocal-h.svg\",\"contentUrl\":\"https:\\\/\\\/www.artisanlocal.ch\\\/c\\\/wp-content\\\/uploads\\\/2024\\\/02\\\/logo-artisanlocal-h.svg\",\"caption\":\"Artisanlocal\"},\"image\":{\"@id\":\"https:\\\/\\\/www.artisanlocal.ch\\\/c\\\/#\\\/schema\\\/logo\\\/image\\\/\"}}]}<\/script>\n<!-- \/ Yoast SEO Premium plugin. -->","yoast_head_json":{"title":"Soci\u00e9t\u00e9 sp\u00e9cialis\u00e9e dans la pose de carreaux \u00e0 Penthalaz ? - Artisanlocal","robots":{"index":"index","follow":"follow","max-snippet":"max-snippet:-1","max-image-preview":"max-image-preview:large","max-video-preview":"max-video-preview:-1"},"canonical":"https:\/\/www.artisanlocal.ch\/c\/societe-specialisee-dans-la-pose-de-carreaux-a-penthalaz\/","og_locale":"fr_FR","og_type":"article","og_title":"Soci\u00e9t\u00e9 sp\u00e9cialis\u00e9e dans la pose de carreaux \u00e0 Penthalaz ?","og_description":"Besoin d&rsquo;obtenir des estimations en ligne, contactez-nous. Artisanlocal offre des prestations de pose de carreaux dans le but de r\u00e9pondre \u00e0 tous vos besoins d&rsquo;installation de carreaux classiques, de carrelage de dosseret pour cuisine, de carrelage \u00e0 l&rsquo;int\u00e9rieur de votre salle de bain ou sur votre sol ! Nous intervenons aussi dans les villes proches [&hellip;]","og_url":"https:\/\/www.artisanlocal.ch\/c\/societe-specialisee-dans-la-pose-de-carreaux-a-penthalaz\/","og_site_name":"Artisanlocal","article_modified_time":"2025-08-26T17:28:38+00:00","og_image":[{"width":1920,"height":300,"url":"https:\/\/www.artisanlocal.ch\/c\/wp-content\/uploads\/2024\/11\/carreleur.jpg","type":"image\/jpeg"}],"twitter_card":"summary_large_image","twitter_misc":{"Dur\u00e9e de lecture estim\u00e9e":"4 minutes"},"schema":{"@context":"https:\/\/schema.org","@graph":[{"@type":"WebPage","@id":"https:\/\/www.artisanlocal.ch\/c\/societe-specialisee-dans-la-pose-de-carreaux-a-penthalaz\/","url":"https:\/\/www.artisanlocal.ch\/c\/societe-specialisee-dans-la-pose-de-carreaux-a-penthalaz\/","name":"Soci\u00e9t\u00e9 sp\u00e9cialis\u00e9e dans la pose de carreaux \u00e0 Penthalaz ? - Artisanlocal","isPartOf":{"@id":"https:\/\/www.artisanlocal.ch\/c\/#website"},"primaryImageOfPage":{"@id":"https:\/\/www.artisanlocal.ch\/c\/societe-specialisee-dans-la-pose-de-carreaux-a-penthalaz\/#primaryimage"},"image":{"@id":"https:\/\/www.artisanlocal.ch\/c\/societe-specialisee-dans-la-pose-de-carreaux-a-penthalaz\/#primaryimage"},"thumbnailUrl":"https:\/\/www.artisanlocal.ch\/c\/wp-content\/uploads\/2024\/11\/carreleur.jpg","datePublished":"2024-04-22T10:47:34+00:00","dateModified":"2025-08-26T17:28:38+00:00","breadcrumb":{"@id":"https:\/\/www.artisanlocal.ch\/c\/societe-specialisee-dans-la-pose-de-carreaux-a-penthalaz\/#breadcrumb"},"inLanguage":"fr-FR","potentialAction":[{"@type":"ReadAction","target":["https:\/\/www.artisanlocal.ch\/c\/societe-specialisee-dans-la-pose-de-carreaux-a-penthalaz\/"]}]},{"@type":"ImageObject","inLanguage":"fr-FR","@id":"https:\/\/www.artisanlocal.ch\/c\/societe-specialisee-dans-la-pose-de-carreaux-a-penthalaz\/#primaryimage","url":"https:\/\/www.artisanlocal.ch\/c\/wp-content\/uploads\/2024\/11\/carreleur.jpg","contentUrl":"https:\/\/www.artisanlocal.ch\/c\/wp-content\/uploads\/2024\/11\/carreleur.jpg","width":1920,"height":300},{"@type":"BreadcrumbList","@id":"https:\/\/www.artisanlocal.ch\/c\/societe-specialisee-dans-la-pose-de-carreaux-a-penthalaz\/#breadcrumb","itemListElement":[{"@type":"ListItem","position":1,"name":"Accueil","item":"https:\/\/www.artisanlocal.ch\/c\/"},{"@type":"ListItem","position":2,"name":"Soci\u00e9t\u00e9 sp\u00e9cialis\u00e9e dans la pose de carreaux \u00e0 Penthalaz ?"}]},{"@type":"WebSite","@id":"https:\/\/www.artisanlocal.ch\/c\/#website","url":"https:\/\/www.artisanlocal.ch\/c\/","name":"Artisanlocal","description":"","publisher":{"@id":"https:\/\/www.artisanlocal.ch\/c\/#organization"},"potentialAction":[{"@type":"SearchAction","target":{"@type":"EntryPoint","urlTemplate":"https:\/\/www.artisanlocal.ch\/c\/?s={search_term_string}"},"query-input":{"@type":"PropertyValueSpecification","valueRequired":true,"valueName":"search_term_string"}}],"inLanguage":"fr-FR"},{"@type":"Organization","@id":"https:\/\/www.artisanlocal.ch\/c\/#organization","name":"Artisanlocal","url":"https:\/\/www.artisanlocal.ch\/c\/","logo":{"@type":"ImageObject","inLanguage":"fr-FR","@id":"https:\/\/www.artisanlocal.ch\/c\/#\/schema\/logo\/image\/","url":"https:\/\/www.artisanlocal.ch\/c\/wp-content\/uploads\/2024\/02\/logo-artisanlocal-h.svg","contentUrl":"https:\/\/www.artisanlocal.ch\/c\/wp-content\/uploads\/2024\/02\/logo-artisanlocal-h.svg","caption":"Artisanlocal"},"image":{"@id":"https:\/\/www.artisanlocal.ch\/c\/#\/schema\/logo\/image\/"}}]}},"_links":{"self":[{"href":"https:\/\/www.artisanlocal.ch\/c\/wp-json\/wp\/v2\/pages\/594","targetHints":{"allow":["GET"]}}],"collection":[{"href":"https:\/\/www.artisanlocal.ch\/c\/wp-json\/wp\/v2\/pages"}],"about":[{"href":"https:\/\/www.artisanlocal.ch\/c\/wp-json\/wp\/v2\/types\/page"}],"author":[{"embeddable":true,"href":"https:\/\/www.artisanlocal.ch\/c\/wp-json\/wp\/v2\/users\/4"}],"replies":[{"embeddable":true,"href":"https:\/\/www.artisanlocal.ch\/c\/wp-json\/wp\/v2\/comments?post=594"}],"version-history":[{"count":0,"href":"https:\/\/www.artisanlocal.ch\/c\/wp-json\/wp\/v2\/pages\/594\/revisions"}],"wp:featuredmedia":[{"embeddable":true,"href":"https:\/\/www.artisanlocal.ch\/c\/wp-json\/wp\/v2\/media\/2804"}],"wp:attachment":[{"href":"https:\/\/www.artisanlocal.ch\/c\/wp-json\/wp\/v2\/media?parent=594"}],"wp:term":[{"taxonomy":"profession","embeddable":true,"href":"https:\/\/www.artisanlocal.ch\/c\/wp-json\/wp\/v2\/profession?post=594"},{"taxonomy":"location","embeddable":true,"href":"https:\/\/www.artisanlocal.ch\/c\/wp-json\/wp\/v2\/location?post=594"},{"taxonomy":"canton","embeddable":true,"href":"https:\/\/www.artisanlocal.ch\/c\/wp-json\/wp\/v2\/canton?post=594"}],"curies":[{"name":"wp","href":"https:\/\/api.w.org\/{rel}","templated":true}]}}