{"id":599,"date":"2024-04-22T11:11:52","date_gmt":"2024-04-22T09:11:52","guid":{"rendered":"https:\/\/www.artisanlocal.ch\/c\/besoin-dun-specialiste-de-la-pose-de-carrelage-a-bussigny-pres-lausanne\/"},"modified":"2025-08-26T19:28:45","modified_gmt":"2025-08-26T17:28:45","slug":"besoin-dun-specialiste-de-la-pose-de-carrelage-a-bussigny-pres-lausanne","status":"publish","type":"page","link":"https:\/\/www.artisanlocal.ch\/c\/besoin-dun-specialiste-de-la-pose-de-carrelage-a-bussigny-pres-lausanne\/","title":{"rendered":"Besoin d&rsquo;un sp\u00e9cialiste de la pose de carrelage \u00e0 Bussigny ?"},"content":{"rendered":"<p>Pour recevoir des devis sur l&rsquo;installation de carreaux, n&rsquo;h\u00e9sitez pas \u00e0 nous contacter. Artisanlocal offre des prestations d&rsquo;installation de carrelage dans le but de r\u00e9pondre \u00e0 tous vos besoins d&rsquo;installation de carreaux classiques, de carreaux de dosseret, de carrelage \u00e0 l&rsquo;int\u00e9rieur de votre salle de bain ou sur votre sol ! Nous proposons \u00e0 notre client\u00e8le nos services dans les communes \u00e0 proximit\u00e9 de Bussigny.<\/p>\n\r\n<div class=\"box\">\r\n            <div class=\"company-info\">\r\n            <img decoding=\"async\" class=\"company-info__logo\" src=\"https:\/\/www.artisanlocal.ch\/media\/cache\/thumb\/images\/companies\/695e562070fed465264629.png\" alt=\"Logo\">\r\n            <h2 class=\"company-info__name\">GV Carrelage S\u00e0rl<\/h2>\r\n            <p class=\"company-info__business\">Entreprise de carrelage - R\u00e9novation<\/p>\r\n        <\/div>\r\n        <div class=\"company-contact\">\r\n            <p class=\"company-info__address\">Chemin de la Roche 14<\/p>\r\n                            <div class=\"links\">\r\n                                            <a class=\"btn has-accent-background-color js-phoneNumber\" href=\"tel:0782156366\" title=\"Appelez\" data-id=\"38849\" data-type=\"11\">078 215 63 66<\/a>\r\n                                                        <\/div>\r\n                    <\/div>\r\n    \r\n            \r\n<form action=\"https:\/\/www.artisanlocal.ch\/c\/wp-admin\/admin-ajax.php\" method=\"post\" class=\"form-contact\" id=\"artisan_form_contact_company_inline\">\r\n    <div><input type=\"hidden\" name=\"action\" value=\"company_contact\"><\/div>\r\n    <div><input type=\"hidden\" name=\"nonce\" value=\"8f9b7fcae5\"><\/div>\r\n    <div><input type=\"hidden\" name=\"company_id\" value=\"38849\"><\/div>\r\n    <div><input type=\"hidden\" name=\"form_id\" value=\"artisan_form_contact_company_inline\"><\/div>\r\n    <div class=\"gglcptch gglcptch_v3 gglcptch_custom\"><input type=\"hidden\" id=\"g-recaptcha-response\" name=\"g-recaptcha-response\" \/><br \/><div class=\"gglcptch_error_text\">La p\u00e9riode de v\u00e9rification reCAPTCHA a expir\u00e9. Veuillez recharger la page.<\/div><\/div>    <div class=\"form-content\">\r\n        <div class=\"form-group\">\r\n            <label for=\"contact_firstName\" class=\"required\">Pr\u00e9nom<\/label>\r\n            <input type=\"text\" name=\"firstName\" class=\"form-control\" required>\r\n        <\/div>\r\n        <div class=\"form-group\">\r\n            <label for=\"contact_lastName\" class=\"required\">Nom<\/label>\r\n            <input type=\"text\" name=\"lastName\" class=\"form-control\" required>\r\n        <\/div>\r\n        <div class=\"form-group\">\r\n            <label for=\"contact_email\" class=\"required\">Email<\/label>\r\n            <input type=\"email\" name=\"email\" class=\"form-control\" required>\r\n        <\/div>\r\n        <div class=\"form-group\">\r\n            <label for=\"contact_phone\" class=\"required\">Num\u00e9ro de t\u00e9l\u00e9phone<\/label>\r\n            <input type=\"tel\" name=\"phone\" class=\"form-control\" placeholder=\"0787117165\" pattern=\"^[0-9]{10}$\" required>\r\n        <\/div>\r\n        <div class=\"form-group\">\r\n            <label for=\"contact_postalCode\" class=\"required\">Code postal et localit\u00e9<\/label>\r\n            <input type=\"text\" name=\"postalCode\" class=\"form-control\" required>\r\n        <\/div>\r\n        <div class=\"form-group\">\r\n            <label for=\"contact_address\" class=\"required\">Adresse<\/label>\r\n            <input type=\"text\" name=\"address\" class=\"form-control\" required>\r\n        <\/div>\r\n        <div class=\"full-width topic\">\r\n            <p class=\"required\">Je souhaite \u00eatre contact\u00e9 pour :<\/p>\r\n            <div class=\"form-check\">\r\n                <input type=\"radio\" name=\"topic\" value=\"D\u00e9pannage\" class=\"form-control\" required>\r\n                <label for=\"d\u00e9pannage\">D\u00e9pannage<\/label>\r\n            <\/div>\r\n            <div class=\"form-check\">\r\n                <input type=\"radio\" name=\"topic\" value=\"Entretien\" class=\"form-control\" required>\r\n                <label for=\"entretien\">Entretien<\/label>\r\n            <\/div>\r\n            <div class=\"form-check\">\r\n                <input type=\"radio\" name=\"topic\" value=\"R\u00e9novation\" class=\"form-control\" required>\r\n                <label for=\"r\u00e9novation\">R\u00e9novation<\/label>\r\n            <\/div>\r\n            <div class=\"form-check\">\r\n                <input type=\"radio\" name=\"topic\" value=\"Autre\" class=\"form-control\" required>\r\n                <label for=\"autre\">Autre<\/label>\r\n            <\/div>\r\n        <\/div>\r\n        <div class=\"form-group full-width\">\r\n            <label for=\"contact_message\">Message<\/label>\r\n            <textarea name=\"message\" rows=\"3\" class=\"form-control\"><\/textarea>\r\n        <\/div>\r\n    <\/div>\r\n    <div class=\"form-actions\">\r\n        <button class=\"wp-block-button__link has-accent-background-color\">Contacter<\/button>\r\n    <\/div>\r\n<\/form>\r\n<div class=\"form-feedback\"><\/div>    <\/div>\n<h2>Pour quelle raison choisir notre soci\u00e9t\u00e9 ?<\/h2>\n<p>Pour votre projet de pose de carreaux \u00e0 Bussigny, faites confiance \u00e0 Artisanlocal, choisissez notre soci\u00e9t\u00e9, car :<\/p>\n<ul>\n<li>nous offrons un bon rapport qualit\u00e9-prix,<\/li>\n<li>nos carreaux sont de qualit\u00e9s premium,<\/li>\n<li>notre soci\u00e9t\u00e9 est implant\u00e9e \u00e0 Bussigny, et intervient en urgence \u00e0 votre domicile,<\/li>\n<li>nous vous conseillons pour s\u00e9lectionner le carrelage le plus appropri\u00e9 \u00e0 votre maison,<\/li>\n<li>nous fournissons des devis gratuit,<\/li>\n<li>nos carreleurs sont exp\u00e9riment\u00e9s,<\/li>\n<li>une entreprise de confiance : nous coop\u00e9rons avec de grands groupes et des cabinets d&rsquo;architectes pour des poses de carrelage, fa\u00efence, parquet, et autres poses de carrelages.<\/li>\n<\/ul>\n<h2>Obtenez votre devis gratuit pour la pose de carrelage en nous contactant d\u00e8s \u00e0 pr\u00e9sent<\/h2>\n<p>Contactez-nous pour recevoir un devis, nous prendrons contact avec vous aussit\u00f4t pour calculer le prix de votre projet.<\/p>\n<h2>Nos solutions<\/h2>\n<p>Nos sp\u00e9cialistes de l&rsquo;installation de carreaux \u00e0 Bussigny fournissent aux Bussignolais et aux entreprises locales, les solutions suivantes :<\/p>\n<ul>\n<li>La mise en place de diff\u00e9rents carreaux tels que le parquet, le carrelage traditionnel et la fa\u00efence,<\/li>\n<li>des recommandations pour vous aider \u00e0 choisir vos carreaux,<\/li>\n<li>la pose de vos carreaux,<\/li>\n<li>la pose de joint pour vos carreaux,<\/li>\n<li>l&rsquo;application du carrelage sur les sols et les parois,<\/li>\n<li>l&rsquo;installation de carrelage int\u00e9rieur et ext\u00e9rieur,<\/li>\n<li>le retrait de votre carrelage existants,<\/li>\n<li>le d\u00e9montage de votre parquet flottant,<\/li>\n<li>la pose des carreaux sur votre terrasse.<\/li>\n<\/ul>\n<h2>Comment choisir le carrelage id\u00e9al ?<\/h2>\n<h3>R\u00e9fl\u00e9chir \u00e0 l&#8217;emplacement o\u00f9 le carrelage sera install\u00e9<\/h3>\n<p>\u00c9tudiez bien l&#8217;emplacement et la fr\u00e9quence \u00e0 laquelle le carreau sera soumis \u00e0 un vieillissement pr\u00e9matur\u00e9, sera-t-il dans une zone avec un fort passage ? D&rsquo;autre part, les gens porteront-ils des chaussettes ou des chaussures en marchant dessus? Est-il pr\u00e9vu qu&rsquo;il soit confront\u00e9 \u00e0 des environnements humides? R\u00e9fl\u00e9chissez par ailleurs aux espaces qu&rsquo;il recouvrira, tel que les murs, les plans de travail, les sols, etc.<\/p>\n<h3>Chiffrez la quantit\u00e9 de carreaux exig\u00e9e<\/h3>\n<p>Afin de d\u00e9terminer le volume de carrelage pour votre projet, multipliez sa largeur par sa longueur et ajoutez dans les 5 % pour disposer d&rsquo;une marge de s\u00e9curit\u00e9. Nous recommandons de conserver des carreaux suppl\u00e9mentaires en cas de dommages ult\u00e9rieurs.<\/p>\n<h3>Choisissez le mat\u00e9riau<\/h3>\n<p>Les carreaux sont fabriqu\u00e9s avec diff\u00e9rentes sortes de mat\u00e9riaux qui ont un impact sur : l\u2019apparence, la durabilit\u00e9 et le prix de l&rsquo;entretien. De plus, les finitions et la texture devraient par ailleurs \u00eatre prises en compte afin de trouver des carreaux qui sont \u00e0 vos gouts.<\/p>\n<h3>Maintenance<\/h3>\n<p>Il faut prendre en consid\u00e9ration la complexit\u00e9 d&rsquo;entretien lors du choix de vos carreaux, entre autres : le scellement des carreaux avec un joint de couleur clair exige un entretien qui prend plus de temps, en effet, il agglom\u00e8re rapidement la poussi\u00e8re, le rendent plus complexe \u00e0 laver que d&rsquo;autres teintes.<\/p>\n<h2>Contacter notre soci\u00e9t\u00e9 Artisanlocal pour prendre un rendez-vous<\/h2>\n<p>Nos experts de la pose de carreaux \u00e0 Bussigny savent que le choix des carreaux peut-\u00eatre compliqu\u00e9e, c&rsquo;est pourquoi nous sommes joignables du lundi au samedi afin de r\u00e9pondre \u00e0 vos questions.<\/p>\n<h2>FAQ<\/h2>\n<h3>Comment marche votre soci\u00e9t\u00e9 ?<\/h3>\n<ol>\n<li>Prise de contact par email ou par t\u00e9l\u00e9phone.<\/li>\n<li>Par la suite, nous fixons un rendez-vous avec vous.<\/li>\n<li>Nous nous d\u00e9pla\u00e7ons \u00e0 votre domicile pour d\u00e9finir le total de carreaux \u00e0 poser.<\/li>\n<li>Lancement de votre projet.<\/li>\n<\/ol>\n<h3>Votre soci\u00e9t\u00e9 op\u00e8re \u00e0 Bussigny et dans les villes \u00e0 proximit\u00e9 ?<\/h3>\n<p>Oui, nous nous d\u00e9pla\u00e7ons \u00e0 Bussigny, toutefois, notre \u00e9quipe intervient dans les villes aux alentours, \u00e9galement:<\/p>\nChavannes-pr\u00e8s-Renens, Ecublens VD, St-Sulpice VD, Denges, Echandens, Lonay, Pr\u00e9verenges, Villars-Ste-Croix, Morges, Echichens, St-Saphorin-sur-Morges, Colombier VD, Vullierens, Bremblens, Romanel-sur-Morges, Aclens, Monnaz, Vaux-sur-Morges, Clarmont, Reverolle, Tolochenaz, Lully VD, Chigny, Vufflens-le-Ch\u00e2teau, Denens, Bussy-Chardonney, St-Prex, Lussy-sur-Morges.\n<\/p>\n<h3>Vous installez quels types de carreaux le plus fr\u00e9quemment\u202f?<\/h3>\n<p>Nous installons les carrelages appr\u00e9ci\u00e9s, comme:<\/p>\n<ul>\n<li>Les carrelages mosa\u00efques : classique, les carreaux mosa\u00efques ajoutent une touche incomparable \u00e0 votre foyer.<\/li>\n<li>Les carrelages de m\u00e9tro blancs : retro, il ajoute une touche lumineuse \u00e0 votre salle de bain ou votre cuisine.<\/li>\n<li>Les carrelages de marbre : ils sont plus co\u00fbteux, mais ils permettent d\u2019ajouter une touche luxe \u00e0 votre foyer.<\/li>\n<li>Les carreaux de c\u00e9ramique : peu co\u00fbteux, le carrelage en c\u00e9ramique a plusieurs avantages (facile \u00e0 entretenir, et disponibles dans de nombreux teintes).<\/li>\n<li>Le carrelage ciment : classique, il permet d&rsquo;adoucir la d\u00e9coration d&rsquo;un foyer.<\/li>\n<li>Les carrelages en porcelaine : ils reproduisent les surfaces naturelles (bois, brique ou pierre) et il ne n\u00e9cessite peu d\u2019entretien.<\/li>\n<\/ul>\n","protected":false},"excerpt":{"rendered":"<p>Pour recevoir des devis sur l&rsquo;installation de carreaux, n&rsquo;h\u00e9sitez pas \u00e0 nous contacter. Artisanlocal offre des prestations d&rsquo;installation de carrelage dans le but de r\u00e9pondre \u00e0 tous vos besoins d&rsquo;installation de carreaux classiques, de carreaux de dosseret, de carrelage \u00e0 l&rsquo;int\u00e9rieur de votre salle de bain ou sur votre sol ! Nous proposons \u00e0 notre [&hellip;]<\/p>\n","protected":false},"author":4,"featured_media":2804,"parent":0,"menu_order":0,"comment_status":"closed","ping_status":"closed","template":"","meta":{"footnotes":""},"profession":[119],"location":[5],"canton":[113],"class_list":["post-599","page","type-page","status-publish","has-post-thumbnail","hentry","profession-carreleur","location-bussigny","canton-vd"],"yoast_head":"<!-- This site is optimized with the Yoast SEO Premium plugin v25.7.1 (Yoast SEO v27.6) - https:\/\/yoast.com\/product\/yoast-seo-premium-wordpress\/ -->\n<title>Besoin d&#039;un sp\u00e9cialiste de la pose de carrelage \u00e0 Bussigny ? - Artisanlocal<\/title>\n<meta name=\"robots\" content=\"index, follow, max-snippet:-1, max-image-preview:large, max-video-preview:-1\" \/>\n<link rel=\"canonical\" href=\"https:\/\/www.artisanlocal.ch\/c\/besoin-dun-specialiste-de-la-pose-de-carrelage-a-bussigny-pres-lausanne\/\" \/>\n<meta property=\"og:locale\" content=\"fr_FR\" \/>\n<meta property=\"og:type\" content=\"article\" \/>\n<meta property=\"og:title\" content=\"Besoin d&#039;un sp\u00e9cialiste de la pose de carrelage \u00e0 Bussigny ?\" \/>\n<meta property=\"og:description\" content=\"Pour recevoir des devis sur l&rsquo;installation de carreaux, n&rsquo;h\u00e9sitez pas \u00e0 nous contacter. Artisanlocal offre des prestations d&rsquo;installation de carrelage dans le but de r\u00e9pondre \u00e0 tous vos besoins d&rsquo;installation de carreaux classiques, de carreaux de dosseret, de carrelage \u00e0 l&rsquo;int\u00e9rieur de votre salle de bain ou sur votre sol ! Nous proposons \u00e0 notre [&hellip;]\" \/>\n<meta property=\"og:url\" content=\"https:\/\/www.artisanlocal.ch\/c\/besoin-dun-specialiste-de-la-pose-de-carrelage-a-bussigny-pres-lausanne\/\" \/>\n<meta property=\"og:site_name\" content=\"Artisanlocal\" \/>\n<meta property=\"article:modified_time\" content=\"2025-08-26T17:28:45+00:00\" \/>\n<meta property=\"og:image\" content=\"https:\/\/www.artisanlocal.ch\/c\/wp-content\/uploads\/2024\/11\/carreleur.jpg\" \/>\n\t<meta property=\"og:image:width\" content=\"1920\" \/>\n\t<meta property=\"og:image:height\" content=\"300\" \/>\n\t<meta property=\"og:image:type\" content=\"image\/jpeg\" \/>\n<meta name=\"twitter:card\" content=\"summary_large_image\" \/>\n<meta name=\"twitter:label1\" content=\"Dur\u00e9e de lecture estim\u00e9e\" \/>\n\t<meta name=\"twitter:data1\" content=\"4 minutes\" \/>\n<script type=\"application\/ld+json\" class=\"yoast-schema-graph\">{\"@context\":\"https:\\\/\\\/schema.org\",\"@graph\":[{\"@type\":\"WebPage\",\"@id\":\"https:\\\/\\\/www.artisanlocal.ch\\\/c\\\/besoin-dun-specialiste-de-la-pose-de-carrelage-a-bussigny-pres-lausanne\\\/\",\"url\":\"https:\\\/\\\/www.artisanlocal.ch\\\/c\\\/besoin-dun-specialiste-de-la-pose-de-carrelage-a-bussigny-pres-lausanne\\\/\",\"name\":\"Besoin d'un sp\u00e9cialiste de la pose de carrelage \u00e0 Bussigny ? - Artisanlocal\",\"isPartOf\":{\"@id\":\"https:\\\/\\\/www.artisanlocal.ch\\\/c\\\/#website\"},\"primaryImageOfPage\":{\"@id\":\"https:\\\/\\\/www.artisanlocal.ch\\\/c\\\/besoin-dun-specialiste-de-la-pose-de-carrelage-a-bussigny-pres-lausanne\\\/#primaryimage\"},\"image\":{\"@id\":\"https:\\\/\\\/www.artisanlocal.ch\\\/c\\\/besoin-dun-specialiste-de-la-pose-de-carrelage-a-bussigny-pres-lausanne\\\/#primaryimage\"},\"thumbnailUrl\":\"https:\\\/\\\/www.artisanlocal.ch\\\/c\\\/wp-content\\\/uploads\\\/2024\\\/11\\\/carreleur.jpg\",\"datePublished\":\"2024-04-22T09:11:52+00:00\",\"dateModified\":\"2025-08-26T17:28:45+00:00\",\"breadcrumb\":{\"@id\":\"https:\\\/\\\/www.artisanlocal.ch\\\/c\\\/besoin-dun-specialiste-de-la-pose-de-carrelage-a-bussigny-pres-lausanne\\\/#breadcrumb\"},\"inLanguage\":\"fr-FR\",\"potentialAction\":[{\"@type\":\"ReadAction\",\"target\":[\"https:\\\/\\\/www.artisanlocal.ch\\\/c\\\/besoin-dun-specialiste-de-la-pose-de-carrelage-a-bussigny-pres-lausanne\\\/\"]}]},{\"@type\":\"ImageObject\",\"inLanguage\":\"fr-FR\",\"@id\":\"https:\\\/\\\/www.artisanlocal.ch\\\/c\\\/besoin-dun-specialiste-de-la-pose-de-carrelage-a-bussigny-pres-lausanne\\\/#primaryimage\",\"url\":\"https:\\\/\\\/www.artisanlocal.ch\\\/c\\\/wp-content\\\/uploads\\\/2024\\\/11\\\/carreleur.jpg\",\"contentUrl\":\"https:\\\/\\\/www.artisanlocal.ch\\\/c\\\/wp-content\\\/uploads\\\/2024\\\/11\\\/carreleur.jpg\",\"width\":1920,\"height\":300},{\"@type\":\"BreadcrumbList\",\"@id\":\"https:\\\/\\\/www.artisanlocal.ch\\\/c\\\/besoin-dun-specialiste-de-la-pose-de-carrelage-a-bussigny-pres-lausanne\\\/#breadcrumb\",\"itemListElement\":[{\"@type\":\"ListItem\",\"position\":1,\"name\":\"Accueil\",\"item\":\"https:\\\/\\\/www.artisanlocal.ch\\\/c\\\/\"},{\"@type\":\"ListItem\",\"position\":2,\"name\":\"Besoin d&rsquo;un sp\u00e9cialiste de la pose de carrelage \u00e0 Bussigny-pr\u00e8s-Lausanne ?\"}]},{\"@type\":\"WebSite\",\"@id\":\"https:\\\/\\\/www.artisanlocal.ch\\\/c\\\/#website\",\"url\":\"https:\\\/\\\/www.artisanlocal.ch\\\/c\\\/\",\"name\":\"Artisanlocal\",\"description\":\"\",\"publisher\":{\"@id\":\"https:\\\/\\\/www.artisanlocal.ch\\\/c\\\/#organization\"},\"potentialAction\":[{\"@type\":\"SearchAction\",\"target\":{\"@type\":\"EntryPoint\",\"urlTemplate\":\"https:\\\/\\\/www.artisanlocal.ch\\\/c\\\/?s={search_term_string}\"},\"query-input\":{\"@type\":\"PropertyValueSpecification\",\"valueRequired\":true,\"valueName\":\"search_term_string\"}}],\"inLanguage\":\"fr-FR\"},{\"@type\":\"Organization\",\"@id\":\"https:\\\/\\\/www.artisanlocal.ch\\\/c\\\/#organization\",\"name\":\"Artisanlocal\",\"url\":\"https:\\\/\\\/www.artisanlocal.ch\\\/c\\\/\",\"logo\":{\"@type\":\"ImageObject\",\"inLanguage\":\"fr-FR\",\"@id\":\"https:\\\/\\\/www.artisanlocal.ch\\\/c\\\/#\\\/schema\\\/logo\\\/image\\\/\",\"url\":\"https:\\\/\\\/www.artisanlocal.ch\\\/c\\\/wp-content\\\/uploads\\\/2024\\\/02\\\/logo-artisanlocal-h.svg\",\"contentUrl\":\"https:\\\/\\\/www.artisanlocal.ch\\\/c\\\/wp-content\\\/uploads\\\/2024\\\/02\\\/logo-artisanlocal-h.svg\",\"caption\":\"Artisanlocal\"},\"image\":{\"@id\":\"https:\\\/\\\/www.artisanlocal.ch\\\/c\\\/#\\\/schema\\\/logo\\\/image\\\/\"}}]}<\/script>\n<!-- \/ Yoast SEO Premium plugin. -->","yoast_head_json":{"title":"Besoin d'un sp\u00e9cialiste de la pose de carrelage \u00e0 Bussigny ? - Artisanlocal","robots":{"index":"index","follow":"follow","max-snippet":"max-snippet:-1","max-image-preview":"max-image-preview:large","max-video-preview":"max-video-preview:-1"},"canonical":"https:\/\/www.artisanlocal.ch\/c\/besoin-dun-specialiste-de-la-pose-de-carrelage-a-bussigny-pres-lausanne\/","og_locale":"fr_FR","og_type":"article","og_title":"Besoin d'un sp\u00e9cialiste de la pose de carrelage \u00e0 Bussigny ?","og_description":"Pour recevoir des devis sur l&rsquo;installation de carreaux, n&rsquo;h\u00e9sitez pas \u00e0 nous contacter. Artisanlocal offre des prestations d&rsquo;installation de carrelage dans le but de r\u00e9pondre \u00e0 tous vos besoins d&rsquo;installation de carreaux classiques, de carreaux de dosseret, de carrelage \u00e0 l&rsquo;int\u00e9rieur de votre salle de bain ou sur votre sol ! Nous proposons \u00e0 notre [&hellip;]","og_url":"https:\/\/www.artisanlocal.ch\/c\/besoin-dun-specialiste-de-la-pose-de-carrelage-a-bussigny-pres-lausanne\/","og_site_name":"Artisanlocal","article_modified_time":"2025-08-26T17:28:45+00:00","og_image":[{"width":1920,"height":300,"url":"https:\/\/www.artisanlocal.ch\/c\/wp-content\/uploads\/2024\/11\/carreleur.jpg","type":"image\/jpeg"}],"twitter_card":"summary_large_image","twitter_misc":{"Dur\u00e9e de lecture estim\u00e9e":"4 minutes"},"schema":{"@context":"https:\/\/schema.org","@graph":[{"@type":"WebPage","@id":"https:\/\/www.artisanlocal.ch\/c\/besoin-dun-specialiste-de-la-pose-de-carrelage-a-bussigny-pres-lausanne\/","url":"https:\/\/www.artisanlocal.ch\/c\/besoin-dun-specialiste-de-la-pose-de-carrelage-a-bussigny-pres-lausanne\/","name":"Besoin d'un sp\u00e9cialiste de la pose de carrelage \u00e0 Bussigny ? - Artisanlocal","isPartOf":{"@id":"https:\/\/www.artisanlocal.ch\/c\/#website"},"primaryImageOfPage":{"@id":"https:\/\/www.artisanlocal.ch\/c\/besoin-dun-specialiste-de-la-pose-de-carrelage-a-bussigny-pres-lausanne\/#primaryimage"},"image":{"@id":"https:\/\/www.artisanlocal.ch\/c\/besoin-dun-specialiste-de-la-pose-de-carrelage-a-bussigny-pres-lausanne\/#primaryimage"},"thumbnailUrl":"https:\/\/www.artisanlocal.ch\/c\/wp-content\/uploads\/2024\/11\/carreleur.jpg","datePublished":"2024-04-22T09:11:52+00:00","dateModified":"2025-08-26T17:28:45+00:00","breadcrumb":{"@id":"https:\/\/www.artisanlocal.ch\/c\/besoin-dun-specialiste-de-la-pose-de-carrelage-a-bussigny-pres-lausanne\/#breadcrumb"},"inLanguage":"fr-FR","potentialAction":[{"@type":"ReadAction","target":["https:\/\/www.artisanlocal.ch\/c\/besoin-dun-specialiste-de-la-pose-de-carrelage-a-bussigny-pres-lausanne\/"]}]},{"@type":"ImageObject","inLanguage":"fr-FR","@id":"https:\/\/www.artisanlocal.ch\/c\/besoin-dun-specialiste-de-la-pose-de-carrelage-a-bussigny-pres-lausanne\/#primaryimage","url":"https:\/\/www.artisanlocal.ch\/c\/wp-content\/uploads\/2024\/11\/carreleur.jpg","contentUrl":"https:\/\/www.artisanlocal.ch\/c\/wp-content\/uploads\/2024\/11\/carreleur.jpg","width":1920,"height":300},{"@type":"BreadcrumbList","@id":"https:\/\/www.artisanlocal.ch\/c\/besoin-dun-specialiste-de-la-pose-de-carrelage-a-bussigny-pres-lausanne\/#breadcrumb","itemListElement":[{"@type":"ListItem","position":1,"name":"Accueil","item":"https:\/\/www.artisanlocal.ch\/c\/"},{"@type":"ListItem","position":2,"name":"Besoin d&rsquo;un sp\u00e9cialiste de la pose de carrelage \u00e0 Bussigny-pr\u00e8s-Lausanne ?"}]},{"@type":"WebSite","@id":"https:\/\/www.artisanlocal.ch\/c\/#website","url":"https:\/\/www.artisanlocal.ch\/c\/","name":"Artisanlocal","description":"","publisher":{"@id":"https:\/\/www.artisanlocal.ch\/c\/#organization"},"potentialAction":[{"@type":"SearchAction","target":{"@type":"EntryPoint","urlTemplate":"https:\/\/www.artisanlocal.ch\/c\/?s={search_term_string}"},"query-input":{"@type":"PropertyValueSpecification","valueRequired":true,"valueName":"search_term_string"}}],"inLanguage":"fr-FR"},{"@type":"Organization","@id":"https:\/\/www.artisanlocal.ch\/c\/#organization","name":"Artisanlocal","url":"https:\/\/www.artisanlocal.ch\/c\/","logo":{"@type":"ImageObject","inLanguage":"fr-FR","@id":"https:\/\/www.artisanlocal.ch\/c\/#\/schema\/logo\/image\/","url":"https:\/\/www.artisanlocal.ch\/c\/wp-content\/uploads\/2024\/02\/logo-artisanlocal-h.svg","contentUrl":"https:\/\/www.artisanlocal.ch\/c\/wp-content\/uploads\/2024\/02\/logo-artisanlocal-h.svg","caption":"Artisanlocal"},"image":{"@id":"https:\/\/www.artisanlocal.ch\/c\/#\/schema\/logo\/image\/"}}]}},"_links":{"self":[{"href":"https:\/\/www.artisanlocal.ch\/c\/wp-json\/wp\/v2\/pages\/599","targetHints":{"allow":["GET"]}}],"collection":[{"href":"https:\/\/www.artisanlocal.ch\/c\/wp-json\/wp\/v2\/pages"}],"about":[{"href":"https:\/\/www.artisanlocal.ch\/c\/wp-json\/wp\/v2\/types\/page"}],"author":[{"embeddable":true,"href":"https:\/\/www.artisanlocal.ch\/c\/wp-json\/wp\/v2\/users\/4"}],"replies":[{"embeddable":true,"href":"https:\/\/www.artisanlocal.ch\/c\/wp-json\/wp\/v2\/comments?post=599"}],"version-history":[{"count":0,"href":"https:\/\/www.artisanlocal.ch\/c\/wp-json\/wp\/v2\/pages\/599\/revisions"}],"wp:featuredmedia":[{"embeddable":true,"href":"https:\/\/www.artisanlocal.ch\/c\/wp-json\/wp\/v2\/media\/2804"}],"wp:attachment":[{"href":"https:\/\/www.artisanlocal.ch\/c\/wp-json\/wp\/v2\/media?parent=599"}],"wp:term":[{"taxonomy":"profession","embeddable":true,"href":"https:\/\/www.artisanlocal.ch\/c\/wp-json\/wp\/v2\/profession?post=599"},{"taxonomy":"location","embeddable":true,"href":"https:\/\/www.artisanlocal.ch\/c\/wp-json\/wp\/v2\/location?post=599"},{"taxonomy":"canton","embeddable":true,"href":"https:\/\/www.artisanlocal.ch\/c\/wp-json\/wp\/v2\/canton?post=599"}],"curies":[{"name":"wp","href":"https:\/\/api.w.org\/{rel}","templated":true}]}}