{"id":600,"date":"2024-04-21T20:52:17","date_gmt":"2024-04-21T18:52:17","guid":{"rendered":"https:\/\/www.artisanlocal.ch\/c\/besoin-dun-specialiste-de-la-pose-de-carrelage-a-gland\/"},"modified":"2025-08-26T19:29:18","modified_gmt":"2025-08-26T17:29:18","slug":"besoin-dun-specialiste-de-la-pose-de-carrelage-a-gland","status":"publish","type":"page","link":"https:\/\/www.artisanlocal.ch\/c\/besoin-dun-specialiste-de-la-pose-de-carrelage-a-gland\/","title":{"rendered":"Besoin d&rsquo;un sp\u00e9cialiste de la pose de carrelage \u00e0 Gland ?"},"content":{"rendered":"<p>Besoin d&rsquo;obtenir des devis en ligne, contactez-nous. Notre entreprise Artisanlocal offre une gamme de services pour l&rsquo;installation de carrelage classique, de carreaux de dosseret, de carrelage \u00e0 l&rsquo;int\u00e9rieur de votre salle de bain ou sur votre plancher ! Nous proposons \u00e0 notre client\u00e8le nos prestations dans les communes proches de Gland.<\/p>\n\r\n<div class=\"box\">\r\n            <div class=\"company-info\">\r\n            <img decoding=\"async\" class=\"company-info__logo\" src=\"https:\/\/www.artisanlocal.ch\/media\/cache\/thumb\/images\/companies\/60880353f1e83061908394.png\" alt=\"Logo\">\r\n            <h2 class=\"company-info__name\">Bati Concept l'oeil artisan S\u00e0rl<\/h2>\r\n            <p class=\"company-info__business\">Ma\u00e7onnerie - R\u00e9novation - Entreprise de carrelage - Entreprise g\u00e9n\u00e9rale - Pl\u00e2trier - Entreprise de construction - Rev\u00eatements de sols - Am\u00e9nagements ext\u00e9rieurs<\/p>\r\n        <\/div>\r\n        <div class=\"company-contact\">\r\n            <p class=\"company-info__address\">Chemin de Plannaz 13<\/p>\r\n                            <div class=\"links\">\r\n                                            <a class=\"btn has-accent-background-color js-phoneNumber\" href=\"tel:0799326923\" title=\"Appelez\" data-id=\"2750\" data-type=\"11\">079 932 69 23<\/a>\r\n                                                                <a class=\"btn has-accent-background-color\" href=\"https:\/\/bati-concept.ch\/\" target=\"_blank\" title=\"Voir le site internet\" data-id=\"2750\" data-type=\"20\">Site internet<\/a>\r\n                                    <\/div>\r\n                    <\/div>\r\n    \r\n            \r\n<form action=\"https:\/\/www.artisanlocal.ch\/c\/wp-admin\/admin-ajax.php\" method=\"post\" class=\"form-contact\" id=\"artisan_form_contact_company_inline\">\r\n    <div><input type=\"hidden\" name=\"action\" value=\"company_contact\"><\/div>\r\n    <div><input type=\"hidden\" name=\"nonce\" value=\"efb2eb59be\"><\/div>\r\n    <div><input type=\"hidden\" name=\"company_id\" value=\"2750\"><\/div>\r\n    <div><input type=\"hidden\" name=\"form_id\" value=\"artisan_form_contact_company_inline\"><\/div>\r\n    <div class=\"gglcptch gglcptch_v3 gglcptch_custom\"><input type=\"hidden\" id=\"g-recaptcha-response\" name=\"g-recaptcha-response\" \/><br \/><div class=\"gglcptch_error_text\">La p\u00e9riode de v\u00e9rification reCAPTCHA a expir\u00e9. Veuillez recharger la page.<\/div><\/div>    <div class=\"form-content\">\r\n        <div class=\"form-group\">\r\n            <label for=\"contact_firstName\" class=\"required\">Pr\u00e9nom<\/label>\r\n            <input type=\"text\" name=\"firstName\" class=\"form-control\" required>\r\n        <\/div>\r\n        <div class=\"form-group\">\r\n            <label for=\"contact_lastName\" class=\"required\">Nom<\/label>\r\n            <input type=\"text\" name=\"lastName\" class=\"form-control\" required>\r\n        <\/div>\r\n        <div class=\"form-group\">\r\n            <label for=\"contact_email\" class=\"required\">Email<\/label>\r\n            <input type=\"email\" name=\"email\" class=\"form-control\" required>\r\n        <\/div>\r\n        <div class=\"form-group\">\r\n            <label for=\"contact_phone\" class=\"required\">Num\u00e9ro de t\u00e9l\u00e9phone<\/label>\r\n            <input type=\"tel\" name=\"phone\" class=\"form-control\" placeholder=\"0787117165\" pattern=\"^[0-9]{10}$\" required>\r\n        <\/div>\r\n        <div class=\"form-group\">\r\n            <label for=\"contact_postalCode\" class=\"required\">Code postal et localit\u00e9<\/label>\r\n            <input type=\"text\" name=\"postalCode\" class=\"form-control\" required>\r\n        <\/div>\r\n        <div class=\"form-group\">\r\n            <label for=\"contact_address\" class=\"required\">Adresse<\/label>\r\n            <input type=\"text\" name=\"address\" class=\"form-control\" required>\r\n        <\/div>\r\n        <div class=\"full-width topic\">\r\n            <p class=\"required\">Je souhaite \u00eatre contact\u00e9 pour :<\/p>\r\n            <div class=\"form-check\">\r\n                <input type=\"radio\" name=\"topic\" value=\"D\u00e9pannage\" class=\"form-control\" required>\r\n                <label for=\"d\u00e9pannage\">D\u00e9pannage<\/label>\r\n            <\/div>\r\n            <div class=\"form-check\">\r\n                <input type=\"radio\" name=\"topic\" value=\"Entretien\" class=\"form-control\" required>\r\n                <label for=\"entretien\">Entretien<\/label>\r\n            <\/div>\r\n            <div class=\"form-check\">\r\n                <input type=\"radio\" name=\"topic\" value=\"R\u00e9novation\" class=\"form-control\" required>\r\n                <label for=\"r\u00e9novation\">R\u00e9novation<\/label>\r\n            <\/div>\r\n            <div class=\"form-check\">\r\n                <input type=\"radio\" name=\"topic\" value=\"Autre\" class=\"form-control\" required>\r\n                <label for=\"autre\">Autre<\/label>\r\n            <\/div>\r\n        <\/div>\r\n        <div class=\"form-group full-width\">\r\n            <label for=\"contact_message\">Message<\/label>\r\n            <textarea name=\"message\" rows=\"3\" class=\"form-control\"><\/textarea>\r\n        <\/div>\r\n    <\/div>\r\n    <div class=\"form-actions\">\r\n        <button class=\"wp-block-button__link has-accent-background-color\">Contacter<\/button>\r\n    <\/div>\r\n<\/form>\r\n<div class=\"form-feedback\"><\/div>    <\/div>\n<h2>Quels sont les avantages qu&rsquo;offre notre entreprise ?<\/h2>\n<p>Artisanlocal vous accompagne dans la pose de carrelage \u00e0 Gland, choisissez-nous parce que :<\/p>\n<ul>\n<li>nous proposons des prix attractifs,<\/li>\n<li>nos carrelages sont de qualit\u00e9s,<\/li>\n<li>notre entreprise est implant\u00e9e \u00e0 Gland, et intervient en urgence \u00e0 votre logement,<\/li>\n<li>nos recommandations sont individualis\u00e9es \u00e0 votre projet, par exemple : pour s\u00e9lectionner vos carreaux,<\/li>\n<li>nos devis sont gratuits,<\/li>\n<li>notre \u00e9quipe est exp\u00e9riment\u00e9e,<\/li>\n<li>une soci\u00e9t\u00e9 de confiance : nous intervenons dans des grands groupes et des architectes pour poser du parquet, de la fa\u00efence, du carrelage ou des autres rev\u00eatements pour les sols.<\/li>\n<\/ul>\n<h2>Contactez-nous d\u00e8s \u00e0 pr\u00e9sent pour obtenir votre devis <\/h2>\n<p>Contactez-nous pour obtenir un devis, nous prendrons contact avec vous aussit\u00f4t pour estimer le co\u00fbt de votre projet.<\/p>\n<h2>Nos solutions<\/h2>\n<p>Nos professionnels de l&rsquo;installation de carreaux \u00e0 Gland proposent aux particuliers et aux professionnels, les prestations, comme :<\/p>\n<ul>\n<li>Les poses de carrelage, fa\u00efence, parquet, et autres types de carreaux,<\/li>\n<li>une aide pour bien choisir votre carrelage,<\/li>\n<li>l\u2019installation du carrelage,<\/li>\n<li>l&rsquo;application de joint pour carrelage,<\/li>\n<li>l&rsquo;application de carreaux sur les murs et sols,<\/li>\n<li>l&rsquo;installation de carrelage ext\u00e9rieur et int\u00e9rieur,<\/li>\n<li>l\u2019enl\u00e8vement du carrelage actuel,<\/li>\n<li>l&rsquo;enl\u00e8vement du plancher flottant,<\/li>\n<li>la pose de carrelage pour votre espace ext\u00e9rieur.<\/li>\n<\/ul>\n<h2>Comment s\u00e9lectionner le carrelage qui vous convient ?<\/h2>\n<h3>R\u00e9fl\u00e9chir \u00e0 l&#8217;emplacement o\u00f9 le carrelage sera install\u00e9<\/h3>\n<p>Consid\u00e9rez le lieu o\u00f9 le carrelage va \u00eatre install\u00e9 et aussi s&rsquo;il se trouve dans un chemin fr\u00e9quent\u00e9? De plus, marchera-t-on sur le carrelage en chaussures ou en chaussettes? Va-t-il \u00eatre soumis \u00e0 des environnements humides? R\u00e9fl\u00e9chissez aussi aux espaces qu&rsquo;il couvrira, tel que les murs, les plans de travail de cuisine, les sols, etc.<\/p>\n<h3>D\u00e9terminez le volume de carreaux<\/h3>\n<p>Pour d\u00e9finir le volume de carrelage pour votre projet, r\u00e9alisez la multiplication : largeur par sa longueur et ajoutez \u00e0 peu pr\u00e8s 5 % pour conserver une marge de protection. Nous pr\u00e9conisons de conserver des carreaux en plus en cas de dommages ult\u00e9rieurs.<\/p>\n<h3>S\u00e9lectionnez le bon mat\u00e9riau<\/h3>\n<p>Les carreaux sont fabriqu\u00e9s avec diff\u00e9rentes sortes de mat\u00e9riaux qui impact : l\u2019apparence, la solidit\u00e9 et le co\u00fbt de l&rsquo;entretien. De plus, la texture et les finitions devraient par ailleurs \u00eatre prises en compte afin de trouver le meilleur carrelage pour votre habitation.<\/p>\n<h3>Maintenance<\/h3>\n<p>Il faut prendre en consid\u00e9ration la complexit\u00e9 d&rsquo;entretien lors du choix de vos carreaux, entre autres : le scellement du carrelage avec un joint clair occasionne un nettoyage qui prend plus de temps, en effet, il accumule \u00e0 toute vitesse la salet\u00e9, le rendent plus d\u00e9licat \u00e0 nettoyer que d&rsquo;autres teintes.<\/p>\n<h2>Prenez un rendez-vous d\u00e8s aujourd&rsquo;hui<\/h2>\n<p>Notre entreprise compos\u00e9e d&rsquo;experts dans l&rsquo;installation de carreaux \u00e0 Gland ont notion de la complexit\u00e9 de votre projet, c&rsquo;est la raison pour laquelle notre \u00e9quipe est disponible du lundi au samedi pour vous offrir des conseils.<\/p>\n<h2>FAQ<\/h2>\n<h3>Quel est le fonctionnement de votre entreprise ?<\/h3>\n<ol>\n<li>Prise de contact par t\u00e9l\u00e9phone ou par email.<\/li>\n<li>Nous programmons ensemble le rendez-vous en fonction de votre agenda.<\/li>\n<li>Notre \u00e9quipe se d\u00e9place \u00e0 votre foyer pour calculer le nombre de carrelages \u00e0 installer.<\/li>\n<li>Nous mettons en route votre projet.<\/li>\n<\/ol>\n<h3>Op\u00e9rez-vous dans les communes dans les environs de Gland ?<\/h3>\n<p>Oui, nous intervenons \u00e0 Gland, n\u00e9anmoins, notre \u00e9quipe op\u00e8re dans les villes aux alentours, \u00e9galement:<\/p>\nPrangins, Nyon, Le Vaud, Eysins, Crassier, St-Cergue, La Cure, Duillier, Coinsins, Vich, Begnins, Bassins, Tr\u00e9lex, Givrins, Genolier, Arzier-Le Muids, Grens, Signy, Ch\u00e9serex, Gingins, Arnex-sur-Nyon, Borex, La Rippe, Crans VD.\n<\/p>\n<h3>Vous installez quels types de carrelages le plus g\u00e9n\u00e9ralement\u202f?<\/h3>\n<p>Nous posons les carreaux appr\u00e9ci\u00e9s, suivants:<\/p>\n<ul>\n<li>Les carreaux mosa\u00efques : classique, les carrelages mosa\u00efques ajoutent une allure unique \u00e0 votre int\u00e9rieur.<\/li>\n<li>Les carrelages int\u00e9rieur blancs de m\u00e9tro : embl\u00e9matiques, nous les recommandons pour votre r\u00e9novation de salle de bain ou de votre cuisine.<\/li>\n<li>Les carrelages de marbre : ils ajoutent un style soign\u00e9 \u00e0 n&rsquo;importe quelle pi\u00e8ce de votre habitation.<\/li>\n<li>Les carreaux en c\u00e9ramique : peu on\u00e9reux, le carrelage en c\u00e9ramique a de multiples avantages (facile \u00e0 laver, et disponibles dans de nombreux coloris).<\/li>\n<li>Les carreaux ciments : ils sont populaires et ils accrochent l&rsquo;\u0153il, ils sont g\u00e9n\u00e9ralement install\u00e9s dans les galeries marchandes et habitations.<\/li>\n<li>Les carrelages en porcelaine : ils imitent les apparences (bois, brique ou pierre) et il ne n\u00e9cessite peu d\u2019entretien.<\/li>\n<\/ul>\n","protected":false},"excerpt":{"rendered":"<p>Besoin d&rsquo;obtenir des devis en ligne, contactez-nous. Notre entreprise Artisanlocal offre une gamme de services pour l&rsquo;installation de carrelage classique, de carreaux de dosseret, de carrelage \u00e0 l&rsquo;int\u00e9rieur de votre salle de bain ou sur votre plancher ! Nous proposons \u00e0 notre client\u00e8le nos prestations dans les communes proches de Gland. Quels sont les avantages [&hellip;]<\/p>\n","protected":false},"author":4,"featured_media":2804,"parent":0,"menu_order":0,"comment_status":"closed","ping_status":"closed","template":"","meta":{"footnotes":""},"profession":[119],"location":[19],"canton":[113],"class_list":["post-600","page","type-page","status-publish","has-post-thumbnail","hentry","profession-carreleur","location-gland","canton-vd"],"yoast_head":"<!-- This site is optimized with the Yoast SEO Premium plugin v25.7.1 (Yoast SEO v27.6) - https:\/\/yoast.com\/product\/yoast-seo-premium-wordpress\/ -->\n<title>Besoin d&#039;un sp\u00e9cialiste de la pose de carrelage \u00e0 Gland ? - Artisanlocal<\/title>\n<meta name=\"robots\" content=\"index, follow, max-snippet:-1, max-image-preview:large, max-video-preview:-1\" \/>\n<link rel=\"canonical\" href=\"https:\/\/www.artisanlocal.ch\/c\/besoin-dun-specialiste-de-la-pose-de-carrelage-a-gland\/\" \/>\n<meta property=\"og:locale\" content=\"fr_FR\" \/>\n<meta property=\"og:type\" content=\"article\" \/>\n<meta property=\"og:title\" content=\"Besoin d&#039;un sp\u00e9cialiste de la pose de carrelage \u00e0 Gland ?\" \/>\n<meta property=\"og:description\" content=\"Besoin d&rsquo;obtenir des devis en ligne, contactez-nous. Notre entreprise Artisanlocal offre une gamme de services pour l&rsquo;installation de carrelage classique, de carreaux de dosseret, de carrelage \u00e0 l&rsquo;int\u00e9rieur de votre salle de bain ou sur votre plancher ! Nous proposons \u00e0 notre client\u00e8le nos prestations dans les communes proches de Gland. Quels sont les avantages [&hellip;]\" \/>\n<meta property=\"og:url\" content=\"https:\/\/www.artisanlocal.ch\/c\/besoin-dun-specialiste-de-la-pose-de-carrelage-a-gland\/\" \/>\n<meta property=\"og:site_name\" content=\"Artisanlocal\" \/>\n<meta property=\"article:modified_time\" content=\"2025-08-26T17:29:18+00:00\" \/>\n<meta property=\"og:image\" content=\"https:\/\/www.artisanlocal.ch\/c\/wp-content\/uploads\/2024\/11\/carreleur.jpg\" \/>\n\t<meta property=\"og:image:width\" content=\"1920\" \/>\n\t<meta property=\"og:image:height\" content=\"300\" \/>\n\t<meta property=\"og:image:type\" content=\"image\/jpeg\" \/>\n<meta name=\"twitter:card\" content=\"summary_large_image\" \/>\n<meta name=\"twitter:label1\" content=\"Dur\u00e9e de lecture estim\u00e9e\" \/>\n\t<meta name=\"twitter:data1\" content=\"4 minutes\" \/>\n<script type=\"application\/ld+json\" class=\"yoast-schema-graph\">{\"@context\":\"https:\\\/\\\/schema.org\",\"@graph\":[{\"@type\":\"WebPage\",\"@id\":\"https:\\\/\\\/www.artisanlocal.ch\\\/c\\\/besoin-dun-specialiste-de-la-pose-de-carrelage-a-gland\\\/\",\"url\":\"https:\\\/\\\/www.artisanlocal.ch\\\/c\\\/besoin-dun-specialiste-de-la-pose-de-carrelage-a-gland\\\/\",\"name\":\"Besoin d'un sp\u00e9cialiste de la pose de carrelage \u00e0 Gland ? - Artisanlocal\",\"isPartOf\":{\"@id\":\"https:\\\/\\\/www.artisanlocal.ch\\\/c\\\/#website\"},\"primaryImageOfPage\":{\"@id\":\"https:\\\/\\\/www.artisanlocal.ch\\\/c\\\/besoin-dun-specialiste-de-la-pose-de-carrelage-a-gland\\\/#primaryimage\"},\"image\":{\"@id\":\"https:\\\/\\\/www.artisanlocal.ch\\\/c\\\/besoin-dun-specialiste-de-la-pose-de-carrelage-a-gland\\\/#primaryimage\"},\"thumbnailUrl\":\"https:\\\/\\\/www.artisanlocal.ch\\\/c\\\/wp-content\\\/uploads\\\/2024\\\/11\\\/carreleur.jpg\",\"datePublished\":\"2024-04-21T18:52:17+00:00\",\"dateModified\":\"2025-08-26T17:29:18+00:00\",\"breadcrumb\":{\"@id\":\"https:\\\/\\\/www.artisanlocal.ch\\\/c\\\/besoin-dun-specialiste-de-la-pose-de-carrelage-a-gland\\\/#breadcrumb\"},\"inLanguage\":\"fr-FR\",\"potentialAction\":[{\"@type\":\"ReadAction\",\"target\":[\"https:\\\/\\\/www.artisanlocal.ch\\\/c\\\/besoin-dun-specialiste-de-la-pose-de-carrelage-a-gland\\\/\"]}]},{\"@type\":\"ImageObject\",\"inLanguage\":\"fr-FR\",\"@id\":\"https:\\\/\\\/www.artisanlocal.ch\\\/c\\\/besoin-dun-specialiste-de-la-pose-de-carrelage-a-gland\\\/#primaryimage\",\"url\":\"https:\\\/\\\/www.artisanlocal.ch\\\/c\\\/wp-content\\\/uploads\\\/2024\\\/11\\\/carreleur.jpg\",\"contentUrl\":\"https:\\\/\\\/www.artisanlocal.ch\\\/c\\\/wp-content\\\/uploads\\\/2024\\\/11\\\/carreleur.jpg\",\"width\":1920,\"height\":300},{\"@type\":\"BreadcrumbList\",\"@id\":\"https:\\\/\\\/www.artisanlocal.ch\\\/c\\\/besoin-dun-specialiste-de-la-pose-de-carrelage-a-gland\\\/#breadcrumb\",\"itemListElement\":[{\"@type\":\"ListItem\",\"position\":1,\"name\":\"Accueil\",\"item\":\"https:\\\/\\\/www.artisanlocal.ch\\\/c\\\/\"},{\"@type\":\"ListItem\",\"position\":2,\"name\":\"Besoin d&rsquo;un sp\u00e9cialiste de la pose de carrelage \u00e0 Gland ?\"}]},{\"@type\":\"WebSite\",\"@id\":\"https:\\\/\\\/www.artisanlocal.ch\\\/c\\\/#website\",\"url\":\"https:\\\/\\\/www.artisanlocal.ch\\\/c\\\/\",\"name\":\"Artisanlocal\",\"description\":\"\",\"publisher\":{\"@id\":\"https:\\\/\\\/www.artisanlocal.ch\\\/c\\\/#organization\"},\"potentialAction\":[{\"@type\":\"SearchAction\",\"target\":{\"@type\":\"EntryPoint\",\"urlTemplate\":\"https:\\\/\\\/www.artisanlocal.ch\\\/c\\\/?s={search_term_string}\"},\"query-input\":{\"@type\":\"PropertyValueSpecification\",\"valueRequired\":true,\"valueName\":\"search_term_string\"}}],\"inLanguage\":\"fr-FR\"},{\"@type\":\"Organization\",\"@id\":\"https:\\\/\\\/www.artisanlocal.ch\\\/c\\\/#organization\",\"name\":\"Artisanlocal\",\"url\":\"https:\\\/\\\/www.artisanlocal.ch\\\/c\\\/\",\"logo\":{\"@type\":\"ImageObject\",\"inLanguage\":\"fr-FR\",\"@id\":\"https:\\\/\\\/www.artisanlocal.ch\\\/c\\\/#\\\/schema\\\/logo\\\/image\\\/\",\"url\":\"https:\\\/\\\/www.artisanlocal.ch\\\/c\\\/wp-content\\\/uploads\\\/2024\\\/02\\\/logo-artisanlocal-h.svg\",\"contentUrl\":\"https:\\\/\\\/www.artisanlocal.ch\\\/c\\\/wp-content\\\/uploads\\\/2024\\\/02\\\/logo-artisanlocal-h.svg\",\"caption\":\"Artisanlocal\"},\"image\":{\"@id\":\"https:\\\/\\\/www.artisanlocal.ch\\\/c\\\/#\\\/schema\\\/logo\\\/image\\\/\"}}]}<\/script>\n<!-- \/ Yoast SEO Premium plugin. -->","yoast_head_json":{"title":"Besoin d'un sp\u00e9cialiste de la pose de carrelage \u00e0 Gland ? - Artisanlocal","robots":{"index":"index","follow":"follow","max-snippet":"max-snippet:-1","max-image-preview":"max-image-preview:large","max-video-preview":"max-video-preview:-1"},"canonical":"https:\/\/www.artisanlocal.ch\/c\/besoin-dun-specialiste-de-la-pose-de-carrelage-a-gland\/","og_locale":"fr_FR","og_type":"article","og_title":"Besoin d'un sp\u00e9cialiste de la pose de carrelage \u00e0 Gland ?","og_description":"Besoin d&rsquo;obtenir des devis en ligne, contactez-nous. Notre entreprise Artisanlocal offre une gamme de services pour l&rsquo;installation de carrelage classique, de carreaux de dosseret, de carrelage \u00e0 l&rsquo;int\u00e9rieur de votre salle de bain ou sur votre plancher ! Nous proposons \u00e0 notre client\u00e8le nos prestations dans les communes proches de Gland. Quels sont les avantages [&hellip;]","og_url":"https:\/\/www.artisanlocal.ch\/c\/besoin-dun-specialiste-de-la-pose-de-carrelage-a-gland\/","og_site_name":"Artisanlocal","article_modified_time":"2025-08-26T17:29:18+00:00","og_image":[{"width":1920,"height":300,"url":"https:\/\/www.artisanlocal.ch\/c\/wp-content\/uploads\/2024\/11\/carreleur.jpg","type":"image\/jpeg"}],"twitter_card":"summary_large_image","twitter_misc":{"Dur\u00e9e de lecture estim\u00e9e":"4 minutes"},"schema":{"@context":"https:\/\/schema.org","@graph":[{"@type":"WebPage","@id":"https:\/\/www.artisanlocal.ch\/c\/besoin-dun-specialiste-de-la-pose-de-carrelage-a-gland\/","url":"https:\/\/www.artisanlocal.ch\/c\/besoin-dun-specialiste-de-la-pose-de-carrelage-a-gland\/","name":"Besoin d'un sp\u00e9cialiste de la pose de carrelage \u00e0 Gland ? - Artisanlocal","isPartOf":{"@id":"https:\/\/www.artisanlocal.ch\/c\/#website"},"primaryImageOfPage":{"@id":"https:\/\/www.artisanlocal.ch\/c\/besoin-dun-specialiste-de-la-pose-de-carrelage-a-gland\/#primaryimage"},"image":{"@id":"https:\/\/www.artisanlocal.ch\/c\/besoin-dun-specialiste-de-la-pose-de-carrelage-a-gland\/#primaryimage"},"thumbnailUrl":"https:\/\/www.artisanlocal.ch\/c\/wp-content\/uploads\/2024\/11\/carreleur.jpg","datePublished":"2024-04-21T18:52:17+00:00","dateModified":"2025-08-26T17:29:18+00:00","breadcrumb":{"@id":"https:\/\/www.artisanlocal.ch\/c\/besoin-dun-specialiste-de-la-pose-de-carrelage-a-gland\/#breadcrumb"},"inLanguage":"fr-FR","potentialAction":[{"@type":"ReadAction","target":["https:\/\/www.artisanlocal.ch\/c\/besoin-dun-specialiste-de-la-pose-de-carrelage-a-gland\/"]}]},{"@type":"ImageObject","inLanguage":"fr-FR","@id":"https:\/\/www.artisanlocal.ch\/c\/besoin-dun-specialiste-de-la-pose-de-carrelage-a-gland\/#primaryimage","url":"https:\/\/www.artisanlocal.ch\/c\/wp-content\/uploads\/2024\/11\/carreleur.jpg","contentUrl":"https:\/\/www.artisanlocal.ch\/c\/wp-content\/uploads\/2024\/11\/carreleur.jpg","width":1920,"height":300},{"@type":"BreadcrumbList","@id":"https:\/\/www.artisanlocal.ch\/c\/besoin-dun-specialiste-de-la-pose-de-carrelage-a-gland\/#breadcrumb","itemListElement":[{"@type":"ListItem","position":1,"name":"Accueil","item":"https:\/\/www.artisanlocal.ch\/c\/"},{"@type":"ListItem","position":2,"name":"Besoin d&rsquo;un sp\u00e9cialiste de la pose de carrelage \u00e0 Gland ?"}]},{"@type":"WebSite","@id":"https:\/\/www.artisanlocal.ch\/c\/#website","url":"https:\/\/www.artisanlocal.ch\/c\/","name":"Artisanlocal","description":"","publisher":{"@id":"https:\/\/www.artisanlocal.ch\/c\/#organization"},"potentialAction":[{"@type":"SearchAction","target":{"@type":"EntryPoint","urlTemplate":"https:\/\/www.artisanlocal.ch\/c\/?s={search_term_string}"},"query-input":{"@type":"PropertyValueSpecification","valueRequired":true,"valueName":"search_term_string"}}],"inLanguage":"fr-FR"},{"@type":"Organization","@id":"https:\/\/www.artisanlocal.ch\/c\/#organization","name":"Artisanlocal","url":"https:\/\/www.artisanlocal.ch\/c\/","logo":{"@type":"ImageObject","inLanguage":"fr-FR","@id":"https:\/\/www.artisanlocal.ch\/c\/#\/schema\/logo\/image\/","url":"https:\/\/www.artisanlocal.ch\/c\/wp-content\/uploads\/2024\/02\/logo-artisanlocal-h.svg","contentUrl":"https:\/\/www.artisanlocal.ch\/c\/wp-content\/uploads\/2024\/02\/logo-artisanlocal-h.svg","caption":"Artisanlocal"},"image":{"@id":"https:\/\/www.artisanlocal.ch\/c\/#\/schema\/logo\/image\/"}}]}},"_links":{"self":[{"href":"https:\/\/www.artisanlocal.ch\/c\/wp-json\/wp\/v2\/pages\/600","targetHints":{"allow":["GET"]}}],"collection":[{"href":"https:\/\/www.artisanlocal.ch\/c\/wp-json\/wp\/v2\/pages"}],"about":[{"href":"https:\/\/www.artisanlocal.ch\/c\/wp-json\/wp\/v2\/types\/page"}],"author":[{"embeddable":true,"href":"https:\/\/www.artisanlocal.ch\/c\/wp-json\/wp\/v2\/users\/4"}],"replies":[{"embeddable":true,"href":"https:\/\/www.artisanlocal.ch\/c\/wp-json\/wp\/v2\/comments?post=600"}],"version-history":[{"count":0,"href":"https:\/\/www.artisanlocal.ch\/c\/wp-json\/wp\/v2\/pages\/600\/revisions"}],"wp:featuredmedia":[{"embeddable":true,"href":"https:\/\/www.artisanlocal.ch\/c\/wp-json\/wp\/v2\/media\/2804"}],"wp:attachment":[{"href":"https:\/\/www.artisanlocal.ch\/c\/wp-json\/wp\/v2\/media?parent=600"}],"wp:term":[{"taxonomy":"profession","embeddable":true,"href":"https:\/\/www.artisanlocal.ch\/c\/wp-json\/wp\/v2\/profession?post=600"},{"taxonomy":"location","embeddable":true,"href":"https:\/\/www.artisanlocal.ch\/c\/wp-json\/wp\/v2\/location?post=600"},{"taxonomy":"canton","embeddable":true,"href":"https:\/\/www.artisanlocal.ch\/c\/wp-json\/wp\/v2\/canton?post=600"}],"curies":[{"name":"wp","href":"https:\/\/api.w.org\/{rel}","templated":true}]}}