{"id":601,"date":"2024-04-21T04:53:23","date_gmt":"2024-04-21T02:53:23","guid":{"rendered":"https:\/\/www.artisanlocal.ch\/c\/societe-specialisee-dans-la-pose-de-carreaux-a-chavornay\/"},"modified":"2025-08-26T19:29:38","modified_gmt":"2025-08-26T17:29:38","slug":"societe-specialisee-dans-la-pose-de-carreaux-a-chavornay","status":"publish","type":"page","link":"https:\/\/www.artisanlocal.ch\/c\/societe-specialisee-dans-la-pose-de-carreaux-a-chavornay\/","title":{"rendered":"Soci\u00e9t\u00e9 sp\u00e9cialis\u00e9e dans la pose de carreaux \u00e0 Chavornay ?"},"content":{"rendered":"<p>Pour recevoir des devis en ligne, contactez-nous. Artisanlocal propose des services d&rsquo;installation de carrelage afin de r\u00e9pondre \u00e0 toutes vos demandes de pose de carreaux classiques, de carrelage de dosseret pour cuisine, de carreaux dans votre salle d&rsquo;eau ou de carrelage sur votre sol ! Nous intervenons aussi dans les villes pr\u00e8s de Chavornay.<\/p>\n\r\n<div class=\"box\">\r\n    <h2 class=\"text-dark\">Nous cherchons un <em class=\"text-primary\">Carreleur<\/em> dans la r\u00e9gion de <em class=\"text-primary\">Chavornay<\/em>  en exclusivit\u00e9, afin de proposer vos services \u00e0 nos clients propri\u00e9taires.<\/h2>\r\n    <p>Une opportunit\u00e9 unique pour booster votre activit\u00e9 \u00e0 <strong>Chavornay<\/strong> et aux alentours dans votre domaine (Carreleur).<\/p>\r\n    <p>Nous travaillons en exclusivit\u00e9 avec qu'une soci\u00e9t\u00e9 par m\u00e9tier et par r\u00e9gion. <br>Votre entreprise est pr\u00e9sente sur tous les documents immobiliers. Afin d'\u00eatre mieux vu sur le net, vous \u00eates \u00e9galement visible sur nos deux sites et sur les pages de r\u00e9f\u00e9rencement de votre r\u00e9gion.<\/p>\r\n    <a href=\"\/contact\" class=\"wp-block-button__link has-accent-background-color has-text-align-center wp-element-button\">R\u00e9server<\/a>\r\n<\/div>\n<h2>Pourquoi choisir notre entreprise ?<\/h2>\n<p>Artisanlocal vous accompagne dans votre projet de carrelage \u00e0 Chavornay, s\u00e9lectionnez notre \u00e9quipe, car :<\/p>\n<ul>\n<li>nos prix sont comp\u00e9titifs,<\/li>\n<li>nos carreaux sont de qualit\u00e9s,<\/li>\n<li>notre soci\u00e9t\u00e9 est \u00e9tabli \u00e0 Chavornay et permet \u00e0 notre \u00e9quipe d&rsquo;intervenir en urgence \u00e0 votre domicile,<\/li>\n<li>nos recommandations sont individualis\u00e9es \u00e0 votre projet, par exemple : pour choisir vos carreaux,<\/li>\n<li>nos devis sont gratuits,<\/li>\n<li>nos carreleurs ont accumul\u00e9 de l&rsquo;exp\u00e9rience,<\/li>\n<li>une soci\u00e9t\u00e9 de confiance : nous collaborons avec des entreprises importantes et des cabinets d&rsquo;architectes pour des installations de carrelage, fa\u00efence, parquet, et autres rev\u00eatements.<\/li>\n<\/ul>\n<h2>Obtenez votre devis gratuit pour l&rsquo;installation de carrelage en nous contactant d\u00e8s \u00e0 pr\u00e9sent<\/h2>\n<p>Contactez-nous pour recevoir une estimation, nous prendrons contact avec vous d\u00e8s que possible pour estimer le co\u00fbt de votre projet.<\/p>\n<h2>Nos prestations<\/h2>\n<p>Nos professionnels de l&rsquo;installation de carreaux \u00e0 Chavornay proposent aux professionnels et aux particuliers, les prestations, suivantes :<\/p>\n<ul>\n<li>L&rsquo;installation de diff\u00e9rents carreaux tels que le parquet, le carrelage classique et la fa\u00efence,<\/li>\n<li>des recommandations pour vous aider \u00e0 choisir votre carrelage,<\/li>\n<li>l\u2019installation du carrelage,<\/li>\n<li>le scellement du carrelage,<\/li>\n<li>la pose de carrelage sur les murs et les sols,<\/li>\n<li>la pose de carrelage ext\u00e9rieur et int\u00e9rieur,<\/li>\n<li>l\u2019enl\u00e8vement du carrelage en place,<\/li>\n<li>le retrait de votre plancher flottant,<\/li>\n<li>l\u2019installation des carreaux sur votre terrasse.<\/li>\n<\/ul>\n<h2>Comment choisir le carrelage qui vous convient ?<\/h2>\n<h3>R\u00e9fl\u00e9chir \u00e0 l&#8217;emplacement o\u00f9 le carrelage sera pos\u00e9<\/h3>\n<p>Gardez \u00e0 l&rsquo;esprit l&#8217;emplacement o\u00f9 le carrelage va \u00eatre pos\u00e9 et \u00e9galement s&rsquo;il se trouve dans un chemin fr\u00e9quent\u00e9? D&rsquo;ailleurs, marchera-t-on dessus en chaussures ou en chaussettes? Est-il pr\u00e9vu qu&rsquo;il soit soumis \u00e0 des milieux humides? Pensez par ailleurs aux espaces qu&rsquo;il recouvrira, tel que les sols, les plans de travail, les murs, etc.<\/p>\n<h3>Estimez le volume de carrelage n\u00e9cessaire<\/h3>\n<p>Afin de d\u00e9finir le volume de carrelage pour votre projet, effectuez la multiplication : largeur par sa longueur et rajoutez \u00e0 peu pr\u00e8s 5 % pour conserver une marge de s\u00e9curit\u00e9. Nous vous sugg\u00e9rons de garder en stock des carreaux de mani\u00e8re \u00e0 rattraper d&rsquo;\u00e9ventuels dommages.<\/p>\n<h3>S\u00e9lectionnez le mat\u00e9riau<\/h3>\n<p>Les carreaux sont fabriqu\u00e9s avec diff\u00e9rentes sortes de mat\u00e9riaux qui ont un effet sur : l\u2019apparence, la solidit\u00e9 et le co\u00fbt de l&rsquo;entretien. De plus, Il est n\u00e9cessaire de prendre en compte les finitions et la texture pour s\u00e9lectionner les meilleurs carreaux potentiel.<\/p>\n<h3>Nettoyage<\/h3>\n<p>Il faut prendre en consid\u00e9ration le niveau d&rsquo;entretien lors du choix de votre carrelage, par exemple : le nettoyage du carrelage avec un joint clair est plus long en raison de leur faciliter \u00e0 accumuler la poussi\u00e8re, ce qui les rend plus complexes \u00e0 nettoyer par rapport aux autres couleurs.<\/p>\n<h2>Contacter notre entreprise Artisanlocal pour prendre un rendez-vous<\/h2>\n<p>Nos experts de la pose de carreaux \u00e0 Chavornay comprennent que le choix des carreaux peut-\u00eatre compliqu\u00e9e, c&rsquo;est pourquoi nous sommes disponibles du lundi au samedi afin de r\u00e9pondre \u00e0 vos interrogations.<\/p>\n<h2>Questions-r\u00e9ponses<\/h2>\n<h3>De quelle mani\u00e8re fonctionne votre entreprise ?<\/h3>\n<ol>\n<li>Prise de rendez-vous par email ou par t\u00e9l\u00e9phone.<\/li>\n<li>Nous fixons ensemble le rendez-vous en fonction de votre agenda.<\/li>\n<li>Nous nous d\u00e9pla\u00e7ons \u00e0 votre logement pour d\u00e9terminer le total de carrelages \u00e0 poser.<\/li>\n<li>Lancement de votre projet.<\/li>\n<\/ol>\n<h3>Votre entreprise intervient \u00e0 Chavornay et dans les localit\u00e9s aux environs ?<\/h3>\n<p>Oui, nous intervenons \u00e0 Chavornay, n\u00e9anmoins, notre \u00e9quipe intervient dans les localit\u00e9s aux alentours, comme:<\/p>\nLa Praz, Arnex-sur-Orbe, Croy, Romainm\u00f4tier, Premier, Vaulion, Juriens, Bretonni\u00e8res, Vallorbe, Ballaigues, Orbe, Agiez, Bofflens, Montcherand, L'Abergement, Sergey, La Russille, Les Cl\u00e9es, Lignerolle, Valeyres-sous-Rances, Bavois, Corcelles-sur-Chavornay, Rances, Baulmes.\n<\/p>\n<h3>Vous installez quels types de carreaux le plus fr\u00e9quemment\u202f?<\/h3>\n<p>Voici les carrelages les plus populaires que nous posons:<\/p>\n<ul>\n<li>Les carrelages mosa\u00efques : classique, les carreaux mosa\u00efques apportent une allure unique \u00e0 votre int\u00e9rieur.<\/li>\n<li>Les carrelages int\u00e9rieur blancs de m\u00e9tro : retro, il ajoute une touche lumineuse \u00e0 votre salle de bain ou votre cuisine.<\/li>\n<li>Les carrelages de marbre : ils ajoutent un style soign\u00e9 \u00e0 n&rsquo;importe quelle partie de votre maison.<\/li>\n<li>Les carreaux en c\u00e9ramique : ils sont \u00e9conomiques, simples \u00e0 nettoyer et ils existent dans de nombreux d\u00e9clinaisons.<\/li>\n<li>Le carrelage ciment : traditionnel, il permet d&rsquo;all\u00e9ger la d\u00e9coration d&rsquo;un foyer.<\/li>\n<li>Les carrelages en porcelaine : comparable aux surfaces naturelles, il est r\u00e9sistant aux coups, changement de climat.<\/li>\n<\/ul>\n","protected":false},"excerpt":{"rendered":"<p>Pour recevoir des devis en ligne, contactez-nous. Artisanlocal propose des services d&rsquo;installation de carrelage afin de r\u00e9pondre \u00e0 toutes vos demandes de pose de carreaux classiques, de carrelage de dosseret pour cuisine, de carreaux dans votre salle d&rsquo;eau ou de carrelage sur votre sol ! Nous intervenons aussi dans les villes pr\u00e8s de Chavornay. Pourquoi [&hellip;]<\/p>\n","protected":false},"author":4,"featured_media":2804,"parent":0,"menu_order":0,"comment_status":"closed","ping_status":"closed","template":"","meta":{"footnotes":""},"profession":[119],"location":[86],"canton":[113],"class_list":["post-601","page","type-page","status-publish","has-post-thumbnail","hentry","profession-carreleur","location-chavornay","canton-vd"],"yoast_head":"<!-- This site is optimized with the Yoast SEO Premium plugin v25.7.1 (Yoast SEO v27.3) - https:\/\/yoast.com\/product\/yoast-seo-premium-wordpress\/ -->\n<title>Soci\u00e9t\u00e9 sp\u00e9cialis\u00e9e dans la pose de carreaux \u00e0 Chavornay ? - Artisanlocal<\/title>\n<meta name=\"robots\" content=\"index, follow, max-snippet:-1, max-image-preview:large, max-video-preview:-1\" \/>\n<link rel=\"canonical\" href=\"https:\/\/www.artisanlocal.ch\/c\/societe-specialisee-dans-la-pose-de-carreaux-a-chavornay\/\" \/>\n<meta property=\"og:locale\" content=\"fr_FR\" \/>\n<meta property=\"og:type\" content=\"article\" \/>\n<meta property=\"og:title\" content=\"Soci\u00e9t\u00e9 sp\u00e9cialis\u00e9e dans la pose de carreaux \u00e0 Chavornay ?\" \/>\n<meta property=\"og:description\" content=\"Pour recevoir des devis en ligne, contactez-nous. Artisanlocal propose des services d&rsquo;installation de carrelage afin de r\u00e9pondre \u00e0 toutes vos demandes de pose de carreaux classiques, de carrelage de dosseret pour cuisine, de carreaux dans votre salle d&rsquo;eau ou de carrelage sur votre sol ! Nous intervenons aussi dans les villes pr\u00e8s de Chavornay. Pourquoi [&hellip;]\" \/>\n<meta property=\"og:url\" content=\"https:\/\/www.artisanlocal.ch\/c\/societe-specialisee-dans-la-pose-de-carreaux-a-chavornay\/\" \/>\n<meta property=\"og:site_name\" content=\"Artisanlocal\" \/>\n<meta property=\"article:modified_time\" content=\"2025-08-26T17:29:38+00:00\" \/>\n<meta property=\"og:image\" content=\"https:\/\/www.artisanlocal.ch\/c\/wp-content\/uploads\/2024\/11\/carreleur.jpg\" \/>\n\t<meta property=\"og:image:width\" content=\"1920\" \/>\n\t<meta property=\"og:image:height\" content=\"300\" \/>\n\t<meta property=\"og:image:type\" content=\"image\/jpeg\" \/>\n<meta name=\"twitter:card\" content=\"summary_large_image\" \/>\n<meta name=\"twitter:label1\" content=\"Dur\u00e9e de lecture estim\u00e9e\" \/>\n\t<meta name=\"twitter:data1\" content=\"4 minutes\" \/>\n<script type=\"application\/ld+json\" class=\"yoast-schema-graph\">{\"@context\":\"https:\\\/\\\/schema.org\",\"@graph\":[{\"@type\":\"WebPage\",\"@id\":\"https:\\\/\\\/www.artisanlocal.ch\\\/c\\\/societe-specialisee-dans-la-pose-de-carreaux-a-chavornay\\\/\",\"url\":\"https:\\\/\\\/www.artisanlocal.ch\\\/c\\\/societe-specialisee-dans-la-pose-de-carreaux-a-chavornay\\\/\",\"name\":\"Soci\u00e9t\u00e9 sp\u00e9cialis\u00e9e dans la pose de carreaux \u00e0 Chavornay ? - Artisanlocal\",\"isPartOf\":{\"@id\":\"https:\\\/\\\/www.artisanlocal.ch\\\/c\\\/#website\"},\"primaryImageOfPage\":{\"@id\":\"https:\\\/\\\/www.artisanlocal.ch\\\/c\\\/societe-specialisee-dans-la-pose-de-carreaux-a-chavornay\\\/#primaryimage\"},\"image\":{\"@id\":\"https:\\\/\\\/www.artisanlocal.ch\\\/c\\\/societe-specialisee-dans-la-pose-de-carreaux-a-chavornay\\\/#primaryimage\"},\"thumbnailUrl\":\"https:\\\/\\\/www.artisanlocal.ch\\\/c\\\/wp-content\\\/uploads\\\/2024\\\/11\\\/carreleur.jpg\",\"datePublished\":\"2024-04-21T02:53:23+00:00\",\"dateModified\":\"2025-08-26T17:29:38+00:00\",\"breadcrumb\":{\"@id\":\"https:\\\/\\\/www.artisanlocal.ch\\\/c\\\/societe-specialisee-dans-la-pose-de-carreaux-a-chavornay\\\/#breadcrumb\"},\"inLanguage\":\"fr-FR\",\"potentialAction\":[{\"@type\":\"ReadAction\",\"target\":[\"https:\\\/\\\/www.artisanlocal.ch\\\/c\\\/societe-specialisee-dans-la-pose-de-carreaux-a-chavornay\\\/\"]}]},{\"@type\":\"ImageObject\",\"inLanguage\":\"fr-FR\",\"@id\":\"https:\\\/\\\/www.artisanlocal.ch\\\/c\\\/societe-specialisee-dans-la-pose-de-carreaux-a-chavornay\\\/#primaryimage\",\"url\":\"https:\\\/\\\/www.artisanlocal.ch\\\/c\\\/wp-content\\\/uploads\\\/2024\\\/11\\\/carreleur.jpg\",\"contentUrl\":\"https:\\\/\\\/www.artisanlocal.ch\\\/c\\\/wp-content\\\/uploads\\\/2024\\\/11\\\/carreleur.jpg\",\"width\":1920,\"height\":300},{\"@type\":\"BreadcrumbList\",\"@id\":\"https:\\\/\\\/www.artisanlocal.ch\\\/c\\\/societe-specialisee-dans-la-pose-de-carreaux-a-chavornay\\\/#breadcrumb\",\"itemListElement\":[{\"@type\":\"ListItem\",\"position\":1,\"name\":\"Accueil\",\"item\":\"https:\\\/\\\/www.artisanlocal.ch\\\/c\\\/\"},{\"@type\":\"ListItem\",\"position\":2,\"name\":\"Soci\u00e9t\u00e9 sp\u00e9cialis\u00e9e dans la pose de carreaux \u00e0 Chavornay ?\"}]},{\"@type\":\"WebSite\",\"@id\":\"https:\\\/\\\/www.artisanlocal.ch\\\/c\\\/#website\",\"url\":\"https:\\\/\\\/www.artisanlocal.ch\\\/c\\\/\",\"name\":\"Artisanlocal\",\"description\":\"\",\"publisher\":{\"@id\":\"https:\\\/\\\/www.artisanlocal.ch\\\/c\\\/#organization\"},\"potentialAction\":[{\"@type\":\"SearchAction\",\"target\":{\"@type\":\"EntryPoint\",\"urlTemplate\":\"https:\\\/\\\/www.artisanlocal.ch\\\/c\\\/?s={search_term_string}\"},\"query-input\":{\"@type\":\"PropertyValueSpecification\",\"valueRequired\":true,\"valueName\":\"search_term_string\"}}],\"inLanguage\":\"fr-FR\"},{\"@type\":\"Organization\",\"@id\":\"https:\\\/\\\/www.artisanlocal.ch\\\/c\\\/#organization\",\"name\":\"Artisanlocal\",\"url\":\"https:\\\/\\\/www.artisanlocal.ch\\\/c\\\/\",\"logo\":{\"@type\":\"ImageObject\",\"inLanguage\":\"fr-FR\",\"@id\":\"https:\\\/\\\/www.artisanlocal.ch\\\/c\\\/#\\\/schema\\\/logo\\\/image\\\/\",\"url\":\"https:\\\/\\\/www.artisanlocal.ch\\\/c\\\/wp-content\\\/uploads\\\/2024\\\/02\\\/logo-artisanlocal-h.svg\",\"contentUrl\":\"https:\\\/\\\/www.artisanlocal.ch\\\/c\\\/wp-content\\\/uploads\\\/2024\\\/02\\\/logo-artisanlocal-h.svg\",\"caption\":\"Artisanlocal\"},\"image\":{\"@id\":\"https:\\\/\\\/www.artisanlocal.ch\\\/c\\\/#\\\/schema\\\/logo\\\/image\\\/\"}}]}<\/script>\n<!-- \/ Yoast SEO Premium plugin. -->","yoast_head_json":{"title":"Soci\u00e9t\u00e9 sp\u00e9cialis\u00e9e dans la pose de carreaux \u00e0 Chavornay ? - Artisanlocal","robots":{"index":"index","follow":"follow","max-snippet":"max-snippet:-1","max-image-preview":"max-image-preview:large","max-video-preview":"max-video-preview:-1"},"canonical":"https:\/\/www.artisanlocal.ch\/c\/societe-specialisee-dans-la-pose-de-carreaux-a-chavornay\/","og_locale":"fr_FR","og_type":"article","og_title":"Soci\u00e9t\u00e9 sp\u00e9cialis\u00e9e dans la pose de carreaux \u00e0 Chavornay ?","og_description":"Pour recevoir des devis en ligne, contactez-nous. Artisanlocal propose des services d&rsquo;installation de carrelage afin de r\u00e9pondre \u00e0 toutes vos demandes de pose de carreaux classiques, de carrelage de dosseret pour cuisine, de carreaux dans votre salle d&rsquo;eau ou de carrelage sur votre sol ! Nous intervenons aussi dans les villes pr\u00e8s de Chavornay. Pourquoi [&hellip;]","og_url":"https:\/\/www.artisanlocal.ch\/c\/societe-specialisee-dans-la-pose-de-carreaux-a-chavornay\/","og_site_name":"Artisanlocal","article_modified_time":"2025-08-26T17:29:38+00:00","og_image":[{"width":1920,"height":300,"url":"https:\/\/www.artisanlocal.ch\/c\/wp-content\/uploads\/2024\/11\/carreleur.jpg","type":"image\/jpeg"}],"twitter_card":"summary_large_image","twitter_misc":{"Dur\u00e9e de lecture estim\u00e9e":"4 minutes"},"schema":{"@context":"https:\/\/schema.org","@graph":[{"@type":"WebPage","@id":"https:\/\/www.artisanlocal.ch\/c\/societe-specialisee-dans-la-pose-de-carreaux-a-chavornay\/","url":"https:\/\/www.artisanlocal.ch\/c\/societe-specialisee-dans-la-pose-de-carreaux-a-chavornay\/","name":"Soci\u00e9t\u00e9 sp\u00e9cialis\u00e9e dans la pose de carreaux \u00e0 Chavornay ? - Artisanlocal","isPartOf":{"@id":"https:\/\/www.artisanlocal.ch\/c\/#website"},"primaryImageOfPage":{"@id":"https:\/\/www.artisanlocal.ch\/c\/societe-specialisee-dans-la-pose-de-carreaux-a-chavornay\/#primaryimage"},"image":{"@id":"https:\/\/www.artisanlocal.ch\/c\/societe-specialisee-dans-la-pose-de-carreaux-a-chavornay\/#primaryimage"},"thumbnailUrl":"https:\/\/www.artisanlocal.ch\/c\/wp-content\/uploads\/2024\/11\/carreleur.jpg","datePublished":"2024-04-21T02:53:23+00:00","dateModified":"2025-08-26T17:29:38+00:00","breadcrumb":{"@id":"https:\/\/www.artisanlocal.ch\/c\/societe-specialisee-dans-la-pose-de-carreaux-a-chavornay\/#breadcrumb"},"inLanguage":"fr-FR","potentialAction":[{"@type":"ReadAction","target":["https:\/\/www.artisanlocal.ch\/c\/societe-specialisee-dans-la-pose-de-carreaux-a-chavornay\/"]}]},{"@type":"ImageObject","inLanguage":"fr-FR","@id":"https:\/\/www.artisanlocal.ch\/c\/societe-specialisee-dans-la-pose-de-carreaux-a-chavornay\/#primaryimage","url":"https:\/\/www.artisanlocal.ch\/c\/wp-content\/uploads\/2024\/11\/carreleur.jpg","contentUrl":"https:\/\/www.artisanlocal.ch\/c\/wp-content\/uploads\/2024\/11\/carreleur.jpg","width":1920,"height":300},{"@type":"BreadcrumbList","@id":"https:\/\/www.artisanlocal.ch\/c\/societe-specialisee-dans-la-pose-de-carreaux-a-chavornay\/#breadcrumb","itemListElement":[{"@type":"ListItem","position":1,"name":"Accueil","item":"https:\/\/www.artisanlocal.ch\/c\/"},{"@type":"ListItem","position":2,"name":"Soci\u00e9t\u00e9 sp\u00e9cialis\u00e9e dans la pose de carreaux \u00e0 Chavornay ?"}]},{"@type":"WebSite","@id":"https:\/\/www.artisanlocal.ch\/c\/#website","url":"https:\/\/www.artisanlocal.ch\/c\/","name":"Artisanlocal","description":"","publisher":{"@id":"https:\/\/www.artisanlocal.ch\/c\/#organization"},"potentialAction":[{"@type":"SearchAction","target":{"@type":"EntryPoint","urlTemplate":"https:\/\/www.artisanlocal.ch\/c\/?s={search_term_string}"},"query-input":{"@type":"PropertyValueSpecification","valueRequired":true,"valueName":"search_term_string"}}],"inLanguage":"fr-FR"},{"@type":"Organization","@id":"https:\/\/www.artisanlocal.ch\/c\/#organization","name":"Artisanlocal","url":"https:\/\/www.artisanlocal.ch\/c\/","logo":{"@type":"ImageObject","inLanguage":"fr-FR","@id":"https:\/\/www.artisanlocal.ch\/c\/#\/schema\/logo\/image\/","url":"https:\/\/www.artisanlocal.ch\/c\/wp-content\/uploads\/2024\/02\/logo-artisanlocal-h.svg","contentUrl":"https:\/\/www.artisanlocal.ch\/c\/wp-content\/uploads\/2024\/02\/logo-artisanlocal-h.svg","caption":"Artisanlocal"},"image":{"@id":"https:\/\/www.artisanlocal.ch\/c\/#\/schema\/logo\/image\/"}}]}},"_links":{"self":[{"href":"https:\/\/www.artisanlocal.ch\/c\/wp-json\/wp\/v2\/pages\/601","targetHints":{"allow":["GET"]}}],"collection":[{"href":"https:\/\/www.artisanlocal.ch\/c\/wp-json\/wp\/v2\/pages"}],"about":[{"href":"https:\/\/www.artisanlocal.ch\/c\/wp-json\/wp\/v2\/types\/page"}],"author":[{"embeddable":true,"href":"https:\/\/www.artisanlocal.ch\/c\/wp-json\/wp\/v2\/users\/4"}],"replies":[{"embeddable":true,"href":"https:\/\/www.artisanlocal.ch\/c\/wp-json\/wp\/v2\/comments?post=601"}],"version-history":[{"count":0,"href":"https:\/\/www.artisanlocal.ch\/c\/wp-json\/wp\/v2\/pages\/601\/revisions"}],"wp:featuredmedia":[{"embeddable":true,"href":"https:\/\/www.artisanlocal.ch\/c\/wp-json\/wp\/v2\/media\/2804"}],"wp:attachment":[{"href":"https:\/\/www.artisanlocal.ch\/c\/wp-json\/wp\/v2\/media?parent=601"}],"wp:term":[{"taxonomy":"profession","embeddable":true,"href":"https:\/\/www.artisanlocal.ch\/c\/wp-json\/wp\/v2\/profession?post=601"},{"taxonomy":"location","embeddable":true,"href":"https:\/\/www.artisanlocal.ch\/c\/wp-json\/wp\/v2\/location?post=601"},{"taxonomy":"canton","embeddable":true,"href":"https:\/\/www.artisanlocal.ch\/c\/wp-json\/wp\/v2\/canton?post=601"}],"curies":[{"name":"wp","href":"https:\/\/api.w.org\/{rel}","templated":true}]}}