{"id":602,"date":"2024-04-21T01:20:39","date_gmt":"2024-04-20T23:20:39","guid":{"rendered":"https:\/\/www.artisanlocal.ch\/c\/entreprise-de-carrelage-a-savigny\/"},"modified":"2025-10-16T20:42:24","modified_gmt":"2025-10-16T18:42:24","slug":"entreprise-de-carrelage-a-savigny","status":"publish","type":"page","link":"https:\/\/www.artisanlocal.ch\/c\/entreprise-de-carrelage-a-savigny\/","title":{"rendered":"Entreprise de carrelage \u00e0 Savigny"},"content":{"rendered":"<p>Besoin d&rsquo;une entreprise de carrelage \u00e0 Savigny ? Artisanlocal installe votre carrelage \u00e0 Savigny et dans les villes proches.<\/p>\n\r\n<div class=\"box\">\r\n            <div class=\"company-info\">\r\n            <img decoding=\"async\" class=\"company-info__logo\" src=\"https:\/\/www.artisanlocal.ch\/media\/cache\/thumb\/images\/companies\/67d98ce9a3224142328805.png\" alt=\"Logo\">\r\n            <h2 class=\"company-info__name\">Facchino David<\/h2>\r\n            <p class=\"company-info__business\">Entreprise de carrelage - Pierres naturelles - R\u00e9novation<\/p>\r\n        <\/div>\r\n        <div class=\"company-contact\">\r\n            <p class=\"company-info__address\">Route de Bourg-Dessous 12<\/p>\r\n                            <div class=\"links\">\r\n                                            <a class=\"btn has-accent-background-color js-phoneNumber\" href=\"tel:0793022390\" title=\"Appelez\" data-id=\"6744\" data-type=\"11\">079 302 23 90<\/a>\r\n                                                        <\/div>\r\n                    <\/div>\r\n    \r\n            \r\n<form action=\"https:\/\/www.artisanlocal.ch\/c\/wp-admin\/admin-ajax.php\" method=\"post\" class=\"form-contact\" id=\"artisan_form_contact_company_inline\">\r\n    <div><input type=\"hidden\" name=\"action\" value=\"company_contact\"><\/div>\r\n    <div><input type=\"hidden\" name=\"nonce\" value=\"09754e6304\"><\/div>\r\n    <div><input type=\"hidden\" name=\"company_id\" value=\"6744\"><\/div>\r\n    <div><input type=\"hidden\" name=\"form_id\" value=\"artisan_form_contact_company_inline\"><\/div>\r\n    <div class=\"gglcptch gglcptch_v3 gglcptch_custom\"><input type=\"hidden\" id=\"g-recaptcha-response\" name=\"g-recaptcha-response\" \/><br \/><div class=\"gglcptch_error_text\">La p\u00e9riode de v\u00e9rification reCAPTCHA a expir\u00e9. Veuillez recharger la page.<\/div><\/div>    <div class=\"form-content\">\r\n        <div class=\"form-group\">\r\n            <label for=\"contact_firstName\" class=\"required\">Pr\u00e9nom<\/label>\r\n            <input type=\"text\" name=\"firstName\" class=\"form-control\" required>\r\n        <\/div>\r\n        <div class=\"form-group\">\r\n            <label for=\"contact_lastName\" class=\"required\">Nom<\/label>\r\n            <input type=\"text\" name=\"lastName\" class=\"form-control\" required>\r\n        <\/div>\r\n        <div class=\"form-group\">\r\n            <label for=\"contact_email\" class=\"required\">Email<\/label>\r\n            <input type=\"email\" name=\"email\" class=\"form-control\" required>\r\n        <\/div>\r\n        <div class=\"form-group\">\r\n            <label for=\"contact_phone\" class=\"required\">Num\u00e9ro de t\u00e9l\u00e9phone<\/label>\r\n            <input type=\"tel\" name=\"phone\" class=\"form-control\" placeholder=\"0787117165\" pattern=\"^[0-9]{10}$\" required>\r\n        <\/div>\r\n        <div class=\"form-group\">\r\n            <label for=\"contact_postalCode\" class=\"required\">Code postal et localit\u00e9<\/label>\r\n            <input type=\"text\" name=\"postalCode\" class=\"form-control\" required>\r\n        <\/div>\r\n        <div class=\"form-group\">\r\n            <label for=\"contact_address\" class=\"required\">Adresse<\/label>\r\n            <input type=\"text\" name=\"address\" class=\"form-control\" required>\r\n        <\/div>\r\n        <div class=\"full-width topic\">\r\n            <p class=\"required\">Je souhaite \u00eatre contact\u00e9 pour :<\/p>\r\n            <div class=\"form-check\">\r\n                <input type=\"radio\" name=\"topic\" value=\"D\u00e9pannage\" class=\"form-control\" required>\r\n                <label for=\"d\u00e9pannage\">D\u00e9pannage<\/label>\r\n            <\/div>\r\n            <div class=\"form-check\">\r\n                <input type=\"radio\" name=\"topic\" value=\"Entretien\" class=\"form-control\" required>\r\n                <label for=\"entretien\">Entretien<\/label>\r\n            <\/div>\r\n            <div class=\"form-check\">\r\n                <input type=\"radio\" name=\"topic\" value=\"R\u00e9novation\" class=\"form-control\" required>\r\n                <label for=\"r\u00e9novation\">R\u00e9novation<\/label>\r\n            <\/div>\r\n            <div class=\"form-check\">\r\n                <input type=\"radio\" name=\"topic\" value=\"Autre\" class=\"form-control\" required>\r\n                <label for=\"autre\">Autre<\/label>\r\n            <\/div>\r\n        <\/div>\r\n        <div class=\"form-group full-width\">\r\n            <label for=\"contact_message\">Message<\/label>\r\n            <textarea name=\"message\" rows=\"3\" class=\"form-control\"><\/textarea>\r\n        <\/div>\r\n    <\/div>\r\n    <div class=\"form-actions\">\r\n        <button class=\"wp-block-button__link has-accent-background-color\">Contacter<\/button>\r\n    <\/div>\r\n<\/form>\r\n<div class=\"form-feedback\"><\/div>    <\/div>\n<h2>Pourquoi choisir notre entreprise ?<\/h2>\n<ul>\n<li>Des tarifs comp\u00e9titifs,<\/li>\n<li>Pose de carrelage premium,<\/li>\n<li>Soci\u00e9t\u00e9 localis\u00e9e \u00e0 Savigny pour intervenir rapidement dans votre foyer,<\/li>\n<li>Conseils personnalis\u00e9s pour vous aider \u00e0 choisir votre carrelage,<\/li>\n<li>Devis gratuits,<\/li>\n<li>Des carreleurs exp\u00e9riment\u00e9s,<\/li>\n<li>un partenaire s\u00fbr et fiable : nous coop\u00e9rons avec des entreprises importantes et architectes pour des poses de carrelage, fa\u00efence, parquet, et autres rev\u00eatements.<\/li>\n<\/ul>\n<h2>Obtenez votre devis gratuit pour la pose de carrelage en prenant contact avec nous maintenant<\/h2>\n<p>N&rsquo;h\u00e9sitez pas \u00e0 nous contacter si vous d\u00e9sirez obtenir un devis gratuit, nous vous r\u00e9pondrons d\u00e8s que possible pour \u00e9valuer le co\u00fbt de votre projet.<\/p>\n<h2>Nos services<\/h2>\n<ul>\n<li>Pose de parquet, carrelage et fa\u00efence,<\/li>\n<li>Conseils personnalis\u00e9s,<\/li>\n<li>Installation de votre carrelage,<\/li>\n<li>Scellement du carrelage,<\/li>\n<li>Installation de carrelage en int\u00e9rieur et aussi en ext\u00e9rieur,<\/li>\n<li>Enl\u00e8vement du carrelage,<\/li>\n<li>Enl\u00e8vement du parquet flottant,<\/li>\n<\/ul>\n<h2>Comment s\u00e9lectionner le meilleur carrelage pour votre projet ?<\/h2>\n<h3>R\u00e9fl\u00e9chir \u00e0 l&rsquo;endroit o\u00f9 le carrelage sera pos\u00e9<\/h3>\n<p>Avant l&rsquo;installation de votre carrelage, il faut r\u00e9fl\u00e9chir au lieu et le rythme \u00e0 laquelle le carreau sera soumis \u00e0 l&rsquo;usure, sera-t-il dans un espace avec un fort passage pi\u00e9tonnier\u202f? D&rsquo;autre part, marchera-t-on dessus en chaussures ou en chaussettes\u202f? Sera-t-il en contact avec l&rsquo;humidit\u00e9\u202f? Tenez aussi compte de la surface qu&rsquo;il va couvrir, comme : les sols, les plans de travail, les murs, etc.<\/p>\n<h3>Estimez la quantit\u00e9 de carreaux requise<\/h3>\n<p>Pour estimer le nombre de carrelages n\u00e9cessaires pour votre habitation en m\u00b2, multipliez sa largeur par sa longueur et rajoutez dans les 5 % pour garder une marge de s\u00e9curit\u00e9. Nous recommandons de garder des carreaux en plus en cas de dommages potentiels.<\/p>\n<h3>S\u00e9lectionnez le mat\u00e9riau<\/h3>\n<p>Vous devez bien choisir le mat\u00e9riau, qui a un effet sur : l\u2019apparence, la r\u00e9sistance et le prix de l&rsquo;entretien. De plus, la texture et les finitions doivent par ailleurs \u00eatre prises en compte pour trouver le carrelage qui r\u00e9pond \u00e0 votre demande.<\/p>\n<h3>Nettoyage<\/h3>\n<p>Nous vous conseillons de prendre en consid\u00e9ration la complexit\u00e9 d&rsquo;entretien, exemple : l&rsquo;entretien du carrelage avec un joint clair prend plus de temps \u00e0 cause de leur faciliter \u00e0 accumuler la salet\u00e9, ce qui les rend plus difficiles \u00e0 d\u00e9crasser par rapport aux autres coloris.<\/p>\n<h2>Contactez-nous pour avoir un rendez-vous<\/h2>\n<p>Nos carreleurs \u00e0 Savigny comprennent que la s\u00e9lection du carrelage peut \u00eatre complexe, c&rsquo;est pourquoi nous sommes joignables du lundi au samedi pour r\u00e9pondre \u00e0 toutes vos questions.<\/p>\n<h2>FAQ<\/h2>\n<h3>Quel est le fonctionnement de votre entreprise ?<\/h3>\n<ol>\n<li>Prise de rendez-vous par t\u00e9l\u00e9phone ou par email.<\/li>\n<li>Ensuite, nous fixons un rendez-vous avec vous.<\/li>\n<li>Visite \u00e0 votre logement pour d\u00e9terminer le travail \u00e0 r\u00e9aliser.<\/li>\n<li>D\u00e9but de votre projet.<\/li>\n<\/ol>\n<h3>Votre soci\u00e9t\u00e9 intervient \u00e0 Savigny et dans les villes proches ?<\/h3>\n<p>Oui, nous nous d\u00e9pla\u00e7ons \u00e0 Savigny, cependant, notre \u00e9quipe intervient dans les villes proches, comme :<\/p>\nPeney-le-Jorat, Forel (Lavaux), Mollie-Margot, Ferlens VD, Servion, Essertes, Les Cullayes, Montpreveyres, Corcelles-le-Jorat, M\u00e9zi\u00e8res VD, Carrouge VD, Vulliens, Ropraz, Les Tavernes, Les Thioleyres, Pal\u00e9zieux, Pal\u00e9zieux-Village, Oron-le-Ch\u00e2tel, Chapelle (Gl\u00e2ne), Bussigny-sur-Oron, Chesalles-sur-Oron, Ch\u00e2tillens, Oron-la-Ville, Vuibroye, Le Cr\u00eat-pr\u00e8s-Semsales, Ecoteaux, Maracon.\n<h3>Vous installez quels mod\u00e8les de carreaux le plus fr\u00e9quemment\u202f?<\/h3>\n<ul>\n<li>Les carrelages mosa\u00efques.<\/li>\n<li>Les carreaux int\u00e9rieurs blancs de m\u00e9tro.<\/li>\n<li>Les carrelages de marbre.<\/li>\n<li>Les carrelages de c\u00e9ramique.<\/li>\n<li>Le carrelage ciment.<\/li>\n<li>Les carreaux de porcelaine.<\/li>\n<\/ul>\n","protected":false},"excerpt":{"rendered":"<p>Besoin d&rsquo;une entreprise de carrelage \u00e0 Savigny ? Artisanlocal installe votre carrelage \u00e0 Savigny et dans les villes proches. Pourquoi choisir notre entreprise ? Des tarifs comp\u00e9titifs, Pose de carrelage premium, Soci\u00e9t\u00e9 localis\u00e9e \u00e0 Savigny pour intervenir rapidement dans votre foyer, Conseils personnalis\u00e9s pour vous aider \u00e0 choisir votre carrelage, Devis gratuits, Des carreleurs exp\u00e9riment\u00e9s, [&hellip;]<\/p>\n","protected":false},"author":4,"featured_media":2804,"parent":0,"menu_order":0,"comment_status":"closed","ping_status":"closed","template":"","meta":{"footnotes":""},"profession":[119],"location":[94],"canton":[113],"class_list":["post-602","page","type-page","status-publish","has-post-thumbnail","hentry","profession-carreleur","location-savigny","canton-vd"],"yoast_head":"<!-- This site is optimized with the Yoast SEO Premium plugin v25.7.1 (Yoast SEO v27.4) - https:\/\/yoast.com\/product\/yoast-seo-premium-wordpress\/ -->\n<title>Entreprise de carrelage \u00e0 Savigny - Artisanlocal<\/title>\n<meta name=\"robots\" content=\"index, follow, max-snippet:-1, max-image-preview:large, max-video-preview:-1\" \/>\n<link rel=\"canonical\" href=\"https:\/\/www.artisanlocal.ch\/c\/entreprise-de-carrelage-a-savigny\/\" \/>\n<meta property=\"og:locale\" content=\"fr_FR\" \/>\n<meta property=\"og:type\" content=\"article\" \/>\n<meta property=\"og:title\" content=\"Entreprise de carrelage \u00e0 Savigny\" \/>\n<meta property=\"og:description\" content=\"Besoin d&rsquo;une entreprise de carrelage \u00e0 Savigny ? Artisanlocal installe votre carrelage \u00e0 Savigny et dans les villes proches. Pourquoi choisir notre entreprise ? Des tarifs comp\u00e9titifs, Pose de carrelage premium, Soci\u00e9t\u00e9 localis\u00e9e \u00e0 Savigny pour intervenir rapidement dans votre foyer, Conseils personnalis\u00e9s pour vous aider \u00e0 choisir votre carrelage, Devis gratuits, Des carreleurs exp\u00e9riment\u00e9s, [&hellip;]\" \/>\n<meta property=\"og:url\" content=\"https:\/\/www.artisanlocal.ch\/c\/entreprise-de-carrelage-a-savigny\/\" \/>\n<meta property=\"og:site_name\" content=\"Artisanlocal\" \/>\n<meta property=\"article:modified_time\" content=\"2025-10-16T18:42:24+00:00\" \/>\n<meta property=\"og:image\" content=\"https:\/\/www.artisanlocal.ch\/c\/wp-content\/uploads\/2024\/11\/carreleur.jpg\" \/>\n\t<meta property=\"og:image:width\" content=\"1920\" \/>\n\t<meta property=\"og:image:height\" content=\"300\" \/>\n\t<meta property=\"og:image:type\" content=\"image\/jpeg\" \/>\n<meta name=\"twitter:card\" content=\"summary_large_image\" \/>\n<meta name=\"twitter:label1\" content=\"Dur\u00e9e de lecture estim\u00e9e\" \/>\n\t<meta name=\"twitter:data1\" content=\"3 minutes\" \/>\n<script type=\"application\/ld+json\" class=\"yoast-schema-graph\">{\"@context\":\"https:\\\/\\\/schema.org\",\"@graph\":[{\"@type\":\"WebPage\",\"@id\":\"https:\\\/\\\/www.artisanlocal.ch\\\/c\\\/entreprise-de-carrelage-a-savigny\\\/\",\"url\":\"https:\\\/\\\/www.artisanlocal.ch\\\/c\\\/entreprise-de-carrelage-a-savigny\\\/\",\"name\":\"Entreprise de carrelage \u00e0 Savigny - Artisanlocal\",\"isPartOf\":{\"@id\":\"https:\\\/\\\/www.artisanlocal.ch\\\/c\\\/#website\"},\"primaryImageOfPage\":{\"@id\":\"https:\\\/\\\/www.artisanlocal.ch\\\/c\\\/entreprise-de-carrelage-a-savigny\\\/#primaryimage\"},\"image\":{\"@id\":\"https:\\\/\\\/www.artisanlocal.ch\\\/c\\\/entreprise-de-carrelage-a-savigny\\\/#primaryimage\"},\"thumbnailUrl\":\"https:\\\/\\\/www.artisanlocal.ch\\\/c\\\/wp-content\\\/uploads\\\/2024\\\/11\\\/carreleur.jpg\",\"datePublished\":\"2024-04-20T23:20:39+00:00\",\"dateModified\":\"2025-10-16T18:42:24+00:00\",\"breadcrumb\":{\"@id\":\"https:\\\/\\\/www.artisanlocal.ch\\\/c\\\/entreprise-de-carrelage-a-savigny\\\/#breadcrumb\"},\"inLanguage\":\"fr-FR\",\"potentialAction\":[{\"@type\":\"ReadAction\",\"target\":[\"https:\\\/\\\/www.artisanlocal.ch\\\/c\\\/entreprise-de-carrelage-a-savigny\\\/\"]}]},{\"@type\":\"ImageObject\",\"inLanguage\":\"fr-FR\",\"@id\":\"https:\\\/\\\/www.artisanlocal.ch\\\/c\\\/entreprise-de-carrelage-a-savigny\\\/#primaryimage\",\"url\":\"https:\\\/\\\/www.artisanlocal.ch\\\/c\\\/wp-content\\\/uploads\\\/2024\\\/11\\\/carreleur.jpg\",\"contentUrl\":\"https:\\\/\\\/www.artisanlocal.ch\\\/c\\\/wp-content\\\/uploads\\\/2024\\\/11\\\/carreleur.jpg\",\"width\":1920,\"height\":300},{\"@type\":\"BreadcrumbList\",\"@id\":\"https:\\\/\\\/www.artisanlocal.ch\\\/c\\\/entreprise-de-carrelage-a-savigny\\\/#breadcrumb\",\"itemListElement\":[{\"@type\":\"ListItem\",\"position\":1,\"name\":\"Accueil\",\"item\":\"https:\\\/\\\/www.artisanlocal.ch\\\/c\\\/\"},{\"@type\":\"ListItem\",\"position\":2,\"name\":\"Entreprise de carrelage \u00e0 Savigny\"}]},{\"@type\":\"WebSite\",\"@id\":\"https:\\\/\\\/www.artisanlocal.ch\\\/c\\\/#website\",\"url\":\"https:\\\/\\\/www.artisanlocal.ch\\\/c\\\/\",\"name\":\"Artisanlocal\",\"description\":\"\",\"publisher\":{\"@id\":\"https:\\\/\\\/www.artisanlocal.ch\\\/c\\\/#organization\"},\"potentialAction\":[{\"@type\":\"SearchAction\",\"target\":{\"@type\":\"EntryPoint\",\"urlTemplate\":\"https:\\\/\\\/www.artisanlocal.ch\\\/c\\\/?s={search_term_string}\"},\"query-input\":{\"@type\":\"PropertyValueSpecification\",\"valueRequired\":true,\"valueName\":\"search_term_string\"}}],\"inLanguage\":\"fr-FR\"},{\"@type\":\"Organization\",\"@id\":\"https:\\\/\\\/www.artisanlocal.ch\\\/c\\\/#organization\",\"name\":\"Artisanlocal\",\"url\":\"https:\\\/\\\/www.artisanlocal.ch\\\/c\\\/\",\"logo\":{\"@type\":\"ImageObject\",\"inLanguage\":\"fr-FR\",\"@id\":\"https:\\\/\\\/www.artisanlocal.ch\\\/c\\\/#\\\/schema\\\/logo\\\/image\\\/\",\"url\":\"https:\\\/\\\/www.artisanlocal.ch\\\/c\\\/wp-content\\\/uploads\\\/2024\\\/02\\\/logo-artisanlocal-h.svg\",\"contentUrl\":\"https:\\\/\\\/www.artisanlocal.ch\\\/c\\\/wp-content\\\/uploads\\\/2024\\\/02\\\/logo-artisanlocal-h.svg\",\"caption\":\"Artisanlocal\"},\"image\":{\"@id\":\"https:\\\/\\\/www.artisanlocal.ch\\\/c\\\/#\\\/schema\\\/logo\\\/image\\\/\"}}]}<\/script>\n<!-- \/ Yoast SEO Premium plugin. -->","yoast_head_json":{"title":"Entreprise de carrelage \u00e0 Savigny - Artisanlocal","robots":{"index":"index","follow":"follow","max-snippet":"max-snippet:-1","max-image-preview":"max-image-preview:large","max-video-preview":"max-video-preview:-1"},"canonical":"https:\/\/www.artisanlocal.ch\/c\/entreprise-de-carrelage-a-savigny\/","og_locale":"fr_FR","og_type":"article","og_title":"Entreprise de carrelage \u00e0 Savigny","og_description":"Besoin d&rsquo;une entreprise de carrelage \u00e0 Savigny ? Artisanlocal installe votre carrelage \u00e0 Savigny et dans les villes proches. Pourquoi choisir notre entreprise ? Des tarifs comp\u00e9titifs, Pose de carrelage premium, Soci\u00e9t\u00e9 localis\u00e9e \u00e0 Savigny pour intervenir rapidement dans votre foyer, Conseils personnalis\u00e9s pour vous aider \u00e0 choisir votre carrelage, Devis gratuits, Des carreleurs exp\u00e9riment\u00e9s, [&hellip;]","og_url":"https:\/\/www.artisanlocal.ch\/c\/entreprise-de-carrelage-a-savigny\/","og_site_name":"Artisanlocal","article_modified_time":"2025-10-16T18:42:24+00:00","og_image":[{"width":1920,"height":300,"url":"https:\/\/www.artisanlocal.ch\/c\/wp-content\/uploads\/2024\/11\/carreleur.jpg","type":"image\/jpeg"}],"twitter_card":"summary_large_image","twitter_misc":{"Dur\u00e9e de lecture estim\u00e9e":"3 minutes"},"schema":{"@context":"https:\/\/schema.org","@graph":[{"@type":"WebPage","@id":"https:\/\/www.artisanlocal.ch\/c\/entreprise-de-carrelage-a-savigny\/","url":"https:\/\/www.artisanlocal.ch\/c\/entreprise-de-carrelage-a-savigny\/","name":"Entreprise de carrelage \u00e0 Savigny - Artisanlocal","isPartOf":{"@id":"https:\/\/www.artisanlocal.ch\/c\/#website"},"primaryImageOfPage":{"@id":"https:\/\/www.artisanlocal.ch\/c\/entreprise-de-carrelage-a-savigny\/#primaryimage"},"image":{"@id":"https:\/\/www.artisanlocal.ch\/c\/entreprise-de-carrelage-a-savigny\/#primaryimage"},"thumbnailUrl":"https:\/\/www.artisanlocal.ch\/c\/wp-content\/uploads\/2024\/11\/carreleur.jpg","datePublished":"2024-04-20T23:20:39+00:00","dateModified":"2025-10-16T18:42:24+00:00","breadcrumb":{"@id":"https:\/\/www.artisanlocal.ch\/c\/entreprise-de-carrelage-a-savigny\/#breadcrumb"},"inLanguage":"fr-FR","potentialAction":[{"@type":"ReadAction","target":["https:\/\/www.artisanlocal.ch\/c\/entreprise-de-carrelage-a-savigny\/"]}]},{"@type":"ImageObject","inLanguage":"fr-FR","@id":"https:\/\/www.artisanlocal.ch\/c\/entreprise-de-carrelage-a-savigny\/#primaryimage","url":"https:\/\/www.artisanlocal.ch\/c\/wp-content\/uploads\/2024\/11\/carreleur.jpg","contentUrl":"https:\/\/www.artisanlocal.ch\/c\/wp-content\/uploads\/2024\/11\/carreleur.jpg","width":1920,"height":300},{"@type":"BreadcrumbList","@id":"https:\/\/www.artisanlocal.ch\/c\/entreprise-de-carrelage-a-savigny\/#breadcrumb","itemListElement":[{"@type":"ListItem","position":1,"name":"Accueil","item":"https:\/\/www.artisanlocal.ch\/c\/"},{"@type":"ListItem","position":2,"name":"Entreprise de carrelage \u00e0 Savigny"}]},{"@type":"WebSite","@id":"https:\/\/www.artisanlocal.ch\/c\/#website","url":"https:\/\/www.artisanlocal.ch\/c\/","name":"Artisanlocal","description":"","publisher":{"@id":"https:\/\/www.artisanlocal.ch\/c\/#organization"},"potentialAction":[{"@type":"SearchAction","target":{"@type":"EntryPoint","urlTemplate":"https:\/\/www.artisanlocal.ch\/c\/?s={search_term_string}"},"query-input":{"@type":"PropertyValueSpecification","valueRequired":true,"valueName":"search_term_string"}}],"inLanguage":"fr-FR"},{"@type":"Organization","@id":"https:\/\/www.artisanlocal.ch\/c\/#organization","name":"Artisanlocal","url":"https:\/\/www.artisanlocal.ch\/c\/","logo":{"@type":"ImageObject","inLanguage":"fr-FR","@id":"https:\/\/www.artisanlocal.ch\/c\/#\/schema\/logo\/image\/","url":"https:\/\/www.artisanlocal.ch\/c\/wp-content\/uploads\/2024\/02\/logo-artisanlocal-h.svg","contentUrl":"https:\/\/www.artisanlocal.ch\/c\/wp-content\/uploads\/2024\/02\/logo-artisanlocal-h.svg","caption":"Artisanlocal"},"image":{"@id":"https:\/\/www.artisanlocal.ch\/c\/#\/schema\/logo\/image\/"}}]}},"_links":{"self":[{"href":"https:\/\/www.artisanlocal.ch\/c\/wp-json\/wp\/v2\/pages\/602","targetHints":{"allow":["GET"]}}],"collection":[{"href":"https:\/\/www.artisanlocal.ch\/c\/wp-json\/wp\/v2\/pages"}],"about":[{"href":"https:\/\/www.artisanlocal.ch\/c\/wp-json\/wp\/v2\/types\/page"}],"author":[{"embeddable":true,"href":"https:\/\/www.artisanlocal.ch\/c\/wp-json\/wp\/v2\/users\/4"}],"replies":[{"embeddable":true,"href":"https:\/\/www.artisanlocal.ch\/c\/wp-json\/wp\/v2\/comments?post=602"}],"version-history":[{"count":0,"href":"https:\/\/www.artisanlocal.ch\/c\/wp-json\/wp\/v2\/pages\/602\/revisions"}],"wp:featuredmedia":[{"embeddable":true,"href":"https:\/\/www.artisanlocal.ch\/c\/wp-json\/wp\/v2\/media\/2804"}],"wp:attachment":[{"href":"https:\/\/www.artisanlocal.ch\/c\/wp-json\/wp\/v2\/media?parent=602"}],"wp:term":[{"taxonomy":"profession","embeddable":true,"href":"https:\/\/www.artisanlocal.ch\/c\/wp-json\/wp\/v2\/profession?post=602"},{"taxonomy":"location","embeddable":true,"href":"https:\/\/www.artisanlocal.ch\/c\/wp-json\/wp\/v2\/location?post=602"},{"taxonomy":"canton","embeddable":true,"href":"https:\/\/www.artisanlocal.ch\/c\/wp-json\/wp\/v2\/canton?post=602"}],"curies":[{"name":"wp","href":"https:\/\/api.w.org\/{rel}","templated":true}]}}