{"id":606,"date":"2024-04-21T05:39:56","date_gmt":"2024-04-21T03:39:56","guid":{"rendered":"https:\/\/www.artisanlocal.ch\/c\/besoin-dun-specialiste-pour-linstallation-de-votre-carrelage-a-bex\/"},"modified":"2025-08-26T19:29:37","modified_gmt":"2025-08-26T17:29:37","slug":"besoin-dun-specialiste-pour-linstallation-de-votre-carrelage-a-bex","status":"publish","type":"page","link":"https:\/\/www.artisanlocal.ch\/c\/besoin-dun-specialiste-pour-linstallation-de-votre-carrelage-a-bex\/","title":{"rendered":"Entreprise de carrelage \u00e0 Bex"},"content":{"rendered":"<p>Besoin d&rsquo;obtenir des devis en ligne, contactez-nous. Notre entreprise Artisanlocal offre des services en pose de carrelage classique, de dosseret pour cuisine, d&rsquo;int\u00e9rieur, pour votre salle de bain ou sur votre sol ! Nous proposons nos services \u00e0 Bex et dans les villes proches.<br \/>\n\r\n<div class=\"box\">\r\n    <h2 class=\"text-dark\">Nous cherchons un <em class=\"text-primary\">Carreleur<\/em> dans la r\u00e9gion de <em class=\"text-primary\">Bex<\/em>  en exclusivit\u00e9, afin de proposer vos services \u00e0 nos clients propri\u00e9taires.<\/h2>\r\n    <p>Une opportunit\u00e9 unique pour booster votre activit\u00e9 \u00e0 <strong>Bex<\/strong> et aux alentours dans votre domaine (Carreleur).<\/p>\r\n    <p>Nous travaillons en exclusivit\u00e9 avec qu'une soci\u00e9t\u00e9 par m\u00e9tier et par r\u00e9gion. <br>Votre entreprise est pr\u00e9sente sur tous les documents immobiliers. Afin d'\u00eatre mieux vu sur le net, vous \u00eates \u00e9galement visible sur nos deux sites et sur les pages de r\u00e9f\u00e9rencement de votre r\u00e9gion.<\/p>\r\n    <a href=\"\/contact\" class=\"wp-block-button__link has-accent-background-color has-text-align-center wp-element-button\">R\u00e9server<\/a>\r\n<\/div><\/p>\n<h2>Pourquoi choisir notre entreprise ?<\/h2>\n<p>Pour tout projet d&rsquo;installation de carrelage \u00e0 Bex, comptez sur Artisanlocal, choisissez notre entreprise, car :<\/p>\n<ul>\n<li>Nous avons des tarifs comp\u00e9titifs,<\/li>\n<li>nos carrelages sont de qualit\u00e9s sup\u00e9rieures,<\/li>\n<li>notre soci\u00e9t\u00e9 est situ\u00e9e \u00e0 Bex, et intervient en urgence dans votre foyer,<\/li>\n<li>nos recommandations sont personnalis\u00e9es \u00e0 votre projet, par exemple : pour choisir vos carreaux,<\/li>\n<li>nous offrons des devis gratuits,<\/li>\n<li>nous avons une \u00e9quipe exp\u00e9riment\u00e9e,<\/li>\n<li>une entreprise de confiance : nous travaillons avec des entreprises importantes et architectes pour des poses de carrelage, fa\u00efence, parquet, et autres installations de carrelages.<\/li>\n<\/ul>\n<h2>Contactez-nous d\u00e8s aujourd&rsquo;hui pour recevoir votre devis<\/h2>\n<p>Contactez-nous pour obtenir un devis, nous prendrons contact avec vous aussit\u00f4t pour \u00e9valuer le co\u00fbt de votre projet.<\/p>\n<h2>Nos solutions<\/h2>\n<p>Nos artisans \u00e0 Bex proposent aux particuliers et aux professionnels, les prestations, comme :<\/p>\n<ul>\n<li>La mise en place de plusieurs de parquet, carrelage traditionnel et de la fa\u00efence,<\/li>\n<li>une assistance pour vous aider \u00e0 choisir vos carreaux,<\/li>\n<li>l\u2019installation du carrelage,<\/li>\n<li>la pose de joint pour carrelage,<\/li>\n<li>l&rsquo;application de carreaux sur les murs et sols,<\/li>\n<li>l&rsquo;installation de carrelage int\u00e9rieur et ext\u00e9rieur,<\/li>\n<li>le retrait de vos carreaux actuels,<\/li>\n<li>le d\u00e9montage du plancher flottant,<\/li>\n<li>la pose de carrelage pour votre espace ext\u00e9rieur.<\/li>\n<\/ul>\n<h2>Comment s\u00e9lectionner le meilleur carrelage pour votre espace ?<\/h2>\n<h3>R\u00e9fl\u00e9chir \u00e0 l&rsquo;endroit o\u00f9 le carrelage sera pos\u00e9<\/h3>\n<p>\u00c9tudiez bien l&#8217;emplacement et la fr\u00e9quence pendant laquelle le carrelage sera expos\u00e9 \u00e0 un vieillissement pr\u00e9matur\u00e9, sera-t-il dans un espace avec un important passage ? De plus, les gens porteront-ils des chaussettes ou des chaussures en marchant dessus\u202f? Sera-t-il expos\u00e9 \u00e0 l&rsquo;humidit\u00e9\u202f? Pensez \u00e9galement aux espaces qu&rsquo;il couvrira, tel que les sols, les plans de travail, les murs, etc.<\/p>\n<h3>\u00c9valuez le volume de carreaux<\/h3>\n<p>Pour \u00e9valuer le volume de carrelages requis pour votre habitation, multipliez sa largeur par sa longueur et rajoutez dans les 5 % pour disposer d&rsquo;une marge de s\u00e9curit\u00e9. Nous conseillons de garder des carreaux suppl\u00e9mentaires en cas de futurs casses.<\/p>\n<h3>Choisissez le bon mat\u00e9riau<\/h3>\n<p>Il existe divers mat\u00e9riaux gr\u00e2ce auxquels le carrelage est fabriqu\u00e9, le type de mat\u00e9riaux a un effet sur : l\u2019apparence, la long\u00e9vit\u00e9, le co\u00fbt et l&rsquo;entretien. D&rsquo;autre part, il faut tenir compte de la texture et des finitions pour choisir les meilleurs carrelages potentiels.<\/p>\n<h3>Nettoyage<\/h3>\n<p>Il faut prendre en compte le niveau d&rsquo;entretien lors du choix de votre carrelage, entre autres : le scellement des carreaux avec un joint clair r\u00e9clame un nettoyage qui prend plus de temps, parce qu&rsquo;il accumule rapidement la poussi\u00e8re, le rendent plus complexe \u00e0 laver que d&rsquo;autres couleurs.<\/p>\n<h2>Contacter notre soci\u00e9t\u00e9 Artisanlocal pour obtenir un rendez-vous<\/h2>\n<p>Nos experts de l&rsquo;installation de carrelage \u00e0 Bex ont conscience des probl\u00e9matiques, c&rsquo;est la raison pour laquelle notre \u00e9quipe est disponible du lundi au samedi pour vous donner des conseils.<\/p>\n<h2>Questions-r\u00e9ponses<\/h2>\n<h3>De quelle mani\u00e8re marche votre soci\u00e9t\u00e9 ?<\/h3>\n<ol>\n<li>Prise de contact par email ou par t\u00e9l\u00e9phone.<\/li>\n<li>Ensuite, nous planifions un rendez-vous avec vous.<\/li>\n<li>Visite \u00e0 votre domicile pour d\u00e9limiter le travail \u00e0 effectuer.<\/li>\n<li>D\u00e9marrage de votre projet.<\/li>\n<\/ol>\n<h3>Intervenez-vous dans les villes et dans les environs de Bex ?<\/h3>\n<p>Oui, nous intervenons \u00e0 Bex, et aussi dans les villes \u00e0 proximit\u00e9, \u00e9galement :<\/p>\nLa Tine, Rossini\u00e8re, Flendruz, Rougemont, Ch\u00e2teau-d'Oex, L'Etivaz, La L\u00e9cherette, Les Moulins, Villeneuve VD, Noville, Chessel, Rennaz, Roche VD, Yvorne, Leysin, Corbeyrier, Aigle, La Comballaz, Les Mosses, Le S\u00e9pey, Vers-l'Eglise, Les Diablerets, La Forclaz VD, Ollon VD, Panex, St-Triphon, Fenalet-sur-Bex, Freni\u00e8res-sur-Bex, Les Plans-sur-Bex, Gryon, Les Posses-sur-Bex, Arveyes, Hu\u00e9moz, Villars-sur-Ollon, Chesi\u00e8res, Lavey-les-Bains, Lavey-Village.\n<h3>Vous installez quels mod\u00e8les de carrelages le plus souvent\u202f?<\/h3>\n<ul>\n<li>Les mosa\u00efques : ils ajoutent une allure unique \u00e0 votre foyer.<\/li>\n<li>Les blancs de m\u00e9tro : embl\u00e9matiques, nous les recommandons pour une r\u00e9novation de salle de bain ou de cuisine.<\/li>\n<li>En marbre : ils sont plus chers, mais ils permettent d&rsquo;apporter une apparence luxe \u00e0 votre int\u00e9rieur.<\/li>\n<li>En c\u00e9ramique : peu cher, le carrelage en c\u00e9ramique a plusieurs avantages (simple \u00e0 nettoyer, et disponibles dans plusieurs coloris).<\/li>\n<li>En ciments : ils sont populaires et ils attirent l&rsquo;\u0153il, ils sont habituellement pr\u00e9sents dans les galeries marchandes et maisons.<\/li>\n<li>En porcelaine : ils reproduisent les surfaces naturelles (brique, pierre ou bois) et il ne n\u00e9cessite peu d\u2019entretien.<\/li>\n<\/ul>\n","protected":false},"excerpt":{"rendered":"<p>Besoin d&rsquo;obtenir des devis en ligne, contactez-nous. Notre entreprise Artisanlocal offre des services en pose de carrelage classique, de dosseret pour cuisine, d&rsquo;int\u00e9rieur, pour votre salle de bain ou sur votre sol ! Nous proposons nos services \u00e0 Bex et dans les villes proches. Pourquoi choisir notre entreprise ? Pour tout projet d&rsquo;installation de carrelage [&hellip;]<\/p>\n","protected":false},"author":4,"featured_media":2804,"parent":0,"menu_order":0,"comment_status":"closed","ping_status":"closed","template":"","meta":{"footnotes":""},"profession":[119],"location":[84],"canton":[113],"class_list":["post-606","page","type-page","status-publish","has-post-thumbnail","hentry","profession-carreleur","location-bex","canton-vd"],"yoast_head":"<!-- This site is optimized with the Yoast SEO Premium plugin v25.7.1 (Yoast SEO v27.3) - https:\/\/yoast.com\/product\/yoast-seo-premium-wordpress\/ -->\n<title>Entreprise de carrelage \u00e0 Bex - Artisanlocal<\/title>\n<meta name=\"robots\" content=\"index, follow, max-snippet:-1, max-image-preview:large, max-video-preview:-1\" \/>\n<link rel=\"canonical\" href=\"https:\/\/www.artisanlocal.ch\/c\/besoin-dun-specialiste-pour-linstallation-de-votre-carrelage-a-bex\/\" \/>\n<meta property=\"og:locale\" content=\"fr_FR\" \/>\n<meta property=\"og:type\" content=\"article\" \/>\n<meta property=\"og:title\" content=\"Entreprise de carrelage \u00e0 Bex\" \/>\n<meta property=\"og:description\" content=\"Besoin d&rsquo;obtenir des devis en ligne, contactez-nous. Notre entreprise Artisanlocal offre des services en pose de carrelage classique, de dosseret pour cuisine, d&rsquo;int\u00e9rieur, pour votre salle de bain ou sur votre sol ! Nous proposons nos services \u00e0 Bex et dans les villes proches. Pourquoi choisir notre entreprise ? Pour tout projet d&rsquo;installation de carrelage [&hellip;]\" \/>\n<meta property=\"og:url\" content=\"https:\/\/www.artisanlocal.ch\/c\/besoin-dun-specialiste-pour-linstallation-de-votre-carrelage-a-bex\/\" \/>\n<meta property=\"og:site_name\" content=\"Artisanlocal\" \/>\n<meta property=\"article:modified_time\" content=\"2025-08-26T17:29:37+00:00\" \/>\n<meta property=\"og:image\" content=\"https:\/\/www.artisanlocal.ch\/c\/wp-content\/uploads\/2024\/11\/carreleur.jpg\" \/>\n\t<meta property=\"og:image:width\" content=\"1920\" \/>\n\t<meta property=\"og:image:height\" content=\"300\" \/>\n\t<meta property=\"og:image:type\" content=\"image\/jpeg\" \/>\n<meta name=\"twitter:card\" content=\"summary_large_image\" \/>\n<meta name=\"twitter:label1\" content=\"Dur\u00e9e de lecture estim\u00e9e\" \/>\n\t<meta name=\"twitter:data1\" content=\"4 minutes\" \/>\n<script type=\"application\/ld+json\" class=\"yoast-schema-graph\">{\"@context\":\"https:\\\/\\\/schema.org\",\"@graph\":[{\"@type\":\"WebPage\",\"@id\":\"https:\\\/\\\/www.artisanlocal.ch\\\/c\\\/besoin-dun-specialiste-pour-linstallation-de-votre-carrelage-a-bex\\\/\",\"url\":\"https:\\\/\\\/www.artisanlocal.ch\\\/c\\\/besoin-dun-specialiste-pour-linstallation-de-votre-carrelage-a-bex\\\/\",\"name\":\"Entreprise de carrelage \u00e0 Bex - Artisanlocal\",\"isPartOf\":{\"@id\":\"https:\\\/\\\/www.artisanlocal.ch\\\/c\\\/#website\"},\"primaryImageOfPage\":{\"@id\":\"https:\\\/\\\/www.artisanlocal.ch\\\/c\\\/besoin-dun-specialiste-pour-linstallation-de-votre-carrelage-a-bex\\\/#primaryimage\"},\"image\":{\"@id\":\"https:\\\/\\\/www.artisanlocal.ch\\\/c\\\/besoin-dun-specialiste-pour-linstallation-de-votre-carrelage-a-bex\\\/#primaryimage\"},\"thumbnailUrl\":\"https:\\\/\\\/www.artisanlocal.ch\\\/c\\\/wp-content\\\/uploads\\\/2024\\\/11\\\/carreleur.jpg\",\"datePublished\":\"2024-04-21T03:39:56+00:00\",\"dateModified\":\"2025-08-26T17:29:37+00:00\",\"breadcrumb\":{\"@id\":\"https:\\\/\\\/www.artisanlocal.ch\\\/c\\\/besoin-dun-specialiste-pour-linstallation-de-votre-carrelage-a-bex\\\/#breadcrumb\"},\"inLanguage\":\"fr-FR\",\"potentialAction\":[{\"@type\":\"ReadAction\",\"target\":[\"https:\\\/\\\/www.artisanlocal.ch\\\/c\\\/besoin-dun-specialiste-pour-linstallation-de-votre-carrelage-a-bex\\\/\"]}]},{\"@type\":\"ImageObject\",\"inLanguage\":\"fr-FR\",\"@id\":\"https:\\\/\\\/www.artisanlocal.ch\\\/c\\\/besoin-dun-specialiste-pour-linstallation-de-votre-carrelage-a-bex\\\/#primaryimage\",\"url\":\"https:\\\/\\\/www.artisanlocal.ch\\\/c\\\/wp-content\\\/uploads\\\/2024\\\/11\\\/carreleur.jpg\",\"contentUrl\":\"https:\\\/\\\/www.artisanlocal.ch\\\/c\\\/wp-content\\\/uploads\\\/2024\\\/11\\\/carreleur.jpg\",\"width\":1920,\"height\":300},{\"@type\":\"BreadcrumbList\",\"@id\":\"https:\\\/\\\/www.artisanlocal.ch\\\/c\\\/besoin-dun-specialiste-pour-linstallation-de-votre-carrelage-a-bex\\\/#breadcrumb\",\"itemListElement\":[{\"@type\":\"ListItem\",\"position\":1,\"name\":\"Accueil\",\"item\":\"https:\\\/\\\/www.artisanlocal.ch\\\/c\\\/\"},{\"@type\":\"ListItem\",\"position\":2,\"name\":\"Entreprise de carrelage \u00e0 Bex\"}]},{\"@type\":\"WebSite\",\"@id\":\"https:\\\/\\\/www.artisanlocal.ch\\\/c\\\/#website\",\"url\":\"https:\\\/\\\/www.artisanlocal.ch\\\/c\\\/\",\"name\":\"Artisanlocal\",\"description\":\"\",\"publisher\":{\"@id\":\"https:\\\/\\\/www.artisanlocal.ch\\\/c\\\/#organization\"},\"potentialAction\":[{\"@type\":\"SearchAction\",\"target\":{\"@type\":\"EntryPoint\",\"urlTemplate\":\"https:\\\/\\\/www.artisanlocal.ch\\\/c\\\/?s={search_term_string}\"},\"query-input\":{\"@type\":\"PropertyValueSpecification\",\"valueRequired\":true,\"valueName\":\"search_term_string\"}}],\"inLanguage\":\"fr-FR\"},{\"@type\":\"Organization\",\"@id\":\"https:\\\/\\\/www.artisanlocal.ch\\\/c\\\/#organization\",\"name\":\"Artisanlocal\",\"url\":\"https:\\\/\\\/www.artisanlocal.ch\\\/c\\\/\",\"logo\":{\"@type\":\"ImageObject\",\"inLanguage\":\"fr-FR\",\"@id\":\"https:\\\/\\\/www.artisanlocal.ch\\\/c\\\/#\\\/schema\\\/logo\\\/image\\\/\",\"url\":\"https:\\\/\\\/www.artisanlocal.ch\\\/c\\\/wp-content\\\/uploads\\\/2024\\\/02\\\/logo-artisanlocal-h.svg\",\"contentUrl\":\"https:\\\/\\\/www.artisanlocal.ch\\\/c\\\/wp-content\\\/uploads\\\/2024\\\/02\\\/logo-artisanlocal-h.svg\",\"caption\":\"Artisanlocal\"},\"image\":{\"@id\":\"https:\\\/\\\/www.artisanlocal.ch\\\/c\\\/#\\\/schema\\\/logo\\\/image\\\/\"}}]}<\/script>\n<!-- \/ Yoast SEO Premium plugin. -->","yoast_head_json":{"title":"Entreprise de carrelage \u00e0 Bex - Artisanlocal","robots":{"index":"index","follow":"follow","max-snippet":"max-snippet:-1","max-image-preview":"max-image-preview:large","max-video-preview":"max-video-preview:-1"},"canonical":"https:\/\/www.artisanlocal.ch\/c\/besoin-dun-specialiste-pour-linstallation-de-votre-carrelage-a-bex\/","og_locale":"fr_FR","og_type":"article","og_title":"Entreprise de carrelage \u00e0 Bex","og_description":"Besoin d&rsquo;obtenir des devis en ligne, contactez-nous. Notre entreprise Artisanlocal offre des services en pose de carrelage classique, de dosseret pour cuisine, d&rsquo;int\u00e9rieur, pour votre salle de bain ou sur votre sol ! Nous proposons nos services \u00e0 Bex et dans les villes proches. Pourquoi choisir notre entreprise ? Pour tout projet d&rsquo;installation de carrelage [&hellip;]","og_url":"https:\/\/www.artisanlocal.ch\/c\/besoin-dun-specialiste-pour-linstallation-de-votre-carrelage-a-bex\/","og_site_name":"Artisanlocal","article_modified_time":"2025-08-26T17:29:37+00:00","og_image":[{"width":1920,"height":300,"url":"https:\/\/www.artisanlocal.ch\/c\/wp-content\/uploads\/2024\/11\/carreleur.jpg","type":"image\/jpeg"}],"twitter_card":"summary_large_image","twitter_misc":{"Dur\u00e9e de lecture estim\u00e9e":"4 minutes"},"schema":{"@context":"https:\/\/schema.org","@graph":[{"@type":"WebPage","@id":"https:\/\/www.artisanlocal.ch\/c\/besoin-dun-specialiste-pour-linstallation-de-votre-carrelage-a-bex\/","url":"https:\/\/www.artisanlocal.ch\/c\/besoin-dun-specialiste-pour-linstallation-de-votre-carrelage-a-bex\/","name":"Entreprise de carrelage \u00e0 Bex - Artisanlocal","isPartOf":{"@id":"https:\/\/www.artisanlocal.ch\/c\/#website"},"primaryImageOfPage":{"@id":"https:\/\/www.artisanlocal.ch\/c\/besoin-dun-specialiste-pour-linstallation-de-votre-carrelage-a-bex\/#primaryimage"},"image":{"@id":"https:\/\/www.artisanlocal.ch\/c\/besoin-dun-specialiste-pour-linstallation-de-votre-carrelage-a-bex\/#primaryimage"},"thumbnailUrl":"https:\/\/www.artisanlocal.ch\/c\/wp-content\/uploads\/2024\/11\/carreleur.jpg","datePublished":"2024-04-21T03:39:56+00:00","dateModified":"2025-08-26T17:29:37+00:00","breadcrumb":{"@id":"https:\/\/www.artisanlocal.ch\/c\/besoin-dun-specialiste-pour-linstallation-de-votre-carrelage-a-bex\/#breadcrumb"},"inLanguage":"fr-FR","potentialAction":[{"@type":"ReadAction","target":["https:\/\/www.artisanlocal.ch\/c\/besoin-dun-specialiste-pour-linstallation-de-votre-carrelage-a-bex\/"]}]},{"@type":"ImageObject","inLanguage":"fr-FR","@id":"https:\/\/www.artisanlocal.ch\/c\/besoin-dun-specialiste-pour-linstallation-de-votre-carrelage-a-bex\/#primaryimage","url":"https:\/\/www.artisanlocal.ch\/c\/wp-content\/uploads\/2024\/11\/carreleur.jpg","contentUrl":"https:\/\/www.artisanlocal.ch\/c\/wp-content\/uploads\/2024\/11\/carreleur.jpg","width":1920,"height":300},{"@type":"BreadcrumbList","@id":"https:\/\/www.artisanlocal.ch\/c\/besoin-dun-specialiste-pour-linstallation-de-votre-carrelage-a-bex\/#breadcrumb","itemListElement":[{"@type":"ListItem","position":1,"name":"Accueil","item":"https:\/\/www.artisanlocal.ch\/c\/"},{"@type":"ListItem","position":2,"name":"Entreprise de carrelage \u00e0 Bex"}]},{"@type":"WebSite","@id":"https:\/\/www.artisanlocal.ch\/c\/#website","url":"https:\/\/www.artisanlocal.ch\/c\/","name":"Artisanlocal","description":"","publisher":{"@id":"https:\/\/www.artisanlocal.ch\/c\/#organization"},"potentialAction":[{"@type":"SearchAction","target":{"@type":"EntryPoint","urlTemplate":"https:\/\/www.artisanlocal.ch\/c\/?s={search_term_string}"},"query-input":{"@type":"PropertyValueSpecification","valueRequired":true,"valueName":"search_term_string"}}],"inLanguage":"fr-FR"},{"@type":"Organization","@id":"https:\/\/www.artisanlocal.ch\/c\/#organization","name":"Artisanlocal","url":"https:\/\/www.artisanlocal.ch\/c\/","logo":{"@type":"ImageObject","inLanguage":"fr-FR","@id":"https:\/\/www.artisanlocal.ch\/c\/#\/schema\/logo\/image\/","url":"https:\/\/www.artisanlocal.ch\/c\/wp-content\/uploads\/2024\/02\/logo-artisanlocal-h.svg","contentUrl":"https:\/\/www.artisanlocal.ch\/c\/wp-content\/uploads\/2024\/02\/logo-artisanlocal-h.svg","caption":"Artisanlocal"},"image":{"@id":"https:\/\/www.artisanlocal.ch\/c\/#\/schema\/logo\/image\/"}}]}},"_links":{"self":[{"href":"https:\/\/www.artisanlocal.ch\/c\/wp-json\/wp\/v2\/pages\/606","targetHints":{"allow":["GET"]}}],"collection":[{"href":"https:\/\/www.artisanlocal.ch\/c\/wp-json\/wp\/v2\/pages"}],"about":[{"href":"https:\/\/www.artisanlocal.ch\/c\/wp-json\/wp\/v2\/types\/page"}],"author":[{"embeddable":true,"href":"https:\/\/www.artisanlocal.ch\/c\/wp-json\/wp\/v2\/users\/4"}],"replies":[{"embeddable":true,"href":"https:\/\/www.artisanlocal.ch\/c\/wp-json\/wp\/v2\/comments?post=606"}],"version-history":[{"count":0,"href":"https:\/\/www.artisanlocal.ch\/c\/wp-json\/wp\/v2\/pages\/606\/revisions"}],"wp:featuredmedia":[{"embeddable":true,"href":"https:\/\/www.artisanlocal.ch\/c\/wp-json\/wp\/v2\/media\/2804"}],"wp:attachment":[{"href":"https:\/\/www.artisanlocal.ch\/c\/wp-json\/wp\/v2\/media?parent=606"}],"wp:term":[{"taxonomy":"profession","embeddable":true,"href":"https:\/\/www.artisanlocal.ch\/c\/wp-json\/wp\/v2\/profession?post=606"},{"taxonomy":"location","embeddable":true,"href":"https:\/\/www.artisanlocal.ch\/c\/wp-json\/wp\/v2\/location?post=606"},{"taxonomy":"canton","embeddable":true,"href":"https:\/\/www.artisanlocal.ch\/c\/wp-json\/wp\/v2\/canton?post=606"}],"curies":[{"name":"wp","href":"https:\/\/api.w.org\/{rel}","templated":true}]}}