{"id":608,"date":"2024-04-22T15:00:14","date_gmt":"2024-04-22T13:00:14","guid":{"rendered":"https:\/\/www.artisanlocal.ch\/c\/entreprise-de-carrelage-a-lutry\/"},"modified":"2025-08-26T19:28:36","modified_gmt":"2025-08-26T17:28:36","slug":"entreprise-de-carrelage-a-lutry","status":"publish","type":"page","link":"https:\/\/www.artisanlocal.ch\/c\/entreprise-de-carrelage-a-lutry\/","title":{"rendered":"Entreprise de carrelage \u00e0 Lutry ?"},"content":{"rendered":"<p>Pour recevoir des estimations en ligne, contactez-nous. Notre entreprise Artisanlocal propose des services en pose de carreaux classiques, de carreaux de dosseret, de carrelage \u00e0 l&rsquo;int\u00e9rieur de votre salle d&rsquo;eau ou sur votre sol ! Nous intervenons aussi dans les localit\u00e9s avoisinants de Lutry.<\/p>\n\r\n<div class=\"box\">\r\n            <div class=\"company-info\">\r\n            <img decoding=\"async\" class=\"company-info__logo\" src=\"https:\/\/www.artisanlocal.ch\/media\/cache\/thumb\/images\/companies\/66fbbec576735759246653.png\" alt=\"Logo\">\r\n            <h2 class=\"company-info__name\">Carrelage-Challenge S\u00e0rl<\/h2>\r\n            <p class=\"company-info__business\">Entreprise de carrelage<\/p>\r\n        <\/div>\r\n        <div class=\"company-contact\">\r\n            <p class=\"company-info__address\">Avenue de Rhodanie 48<\/p>\r\n                            <div class=\"links\">\r\n                                            <a class=\"btn has-accent-background-color js-phoneNumber\" href=\"tel:0796673575\" title=\"Appelez\" data-id=\"25286\" data-type=\"11\">079 667 35 75<\/a>\r\n                                                                <a class=\"btn has-accent-background-color\" href=\"https:\/\/carrelage-challenge.ch\/\" target=\"_blank\" title=\"Voir le site internet\" data-id=\"25286\" data-type=\"20\">Site internet<\/a>\r\n                                    <\/div>\r\n                    <\/div>\r\n    \r\n            \r\n<form action=\"https:\/\/www.artisanlocal.ch\/c\/wp-admin\/admin-ajax.php\" method=\"post\" class=\"form-contact\" id=\"artisan_form_contact_company_inline\">\r\n    <div><input type=\"hidden\" name=\"action\" value=\"company_contact\"><\/div>\r\n    <div><input type=\"hidden\" name=\"nonce\" value=\"1dbf28e6f0\"><\/div>\r\n    <div><input type=\"hidden\" name=\"company_id\" value=\"25286\"><\/div>\r\n    <div><input type=\"hidden\" name=\"form_id\" value=\"artisan_form_contact_company_inline\"><\/div>\r\n    <div class=\"gglcptch gglcptch_v3 gglcptch_custom\"><input type=\"hidden\" id=\"g-recaptcha-response\" name=\"g-recaptcha-response\" \/><br \/><div class=\"gglcptch_error_text\">La p\u00e9riode de v\u00e9rification reCAPTCHA a expir\u00e9. Veuillez recharger la page.<\/div><\/div>    <div class=\"form-content\">\r\n        <div class=\"form-group\">\r\n            <label for=\"contact_firstName\" class=\"required\">Pr\u00e9nom<\/label>\r\n            <input type=\"text\" name=\"firstName\" class=\"form-control\" required>\r\n        <\/div>\r\n        <div class=\"form-group\">\r\n            <label for=\"contact_lastName\" class=\"required\">Nom<\/label>\r\n            <input type=\"text\" name=\"lastName\" class=\"form-control\" required>\r\n        <\/div>\r\n        <div class=\"form-group\">\r\n            <label for=\"contact_email\" class=\"required\">Email<\/label>\r\n            <input type=\"email\" name=\"email\" class=\"form-control\" required>\r\n        <\/div>\r\n        <div class=\"form-group\">\r\n            <label for=\"contact_phone\" class=\"required\">Num\u00e9ro de t\u00e9l\u00e9phone<\/label>\r\n            <input type=\"tel\" name=\"phone\" class=\"form-control\" placeholder=\"0787117165\" pattern=\"^[0-9]{10}$\" required>\r\n        <\/div>\r\n        <div class=\"form-group\">\r\n            <label for=\"contact_postalCode\" class=\"required\">Code postal et localit\u00e9<\/label>\r\n            <input type=\"text\" name=\"postalCode\" class=\"form-control\" required>\r\n        <\/div>\r\n        <div class=\"form-group\">\r\n            <label for=\"contact_address\" class=\"required\">Adresse<\/label>\r\n            <input type=\"text\" name=\"address\" class=\"form-control\" required>\r\n        <\/div>\r\n        <div class=\"full-width topic\">\r\n            <p class=\"required\">Je souhaite \u00eatre contact\u00e9 pour :<\/p>\r\n            <div class=\"form-check\">\r\n                <input type=\"radio\" name=\"topic\" value=\"D\u00e9pannage\" class=\"form-control\" required>\r\n                <label for=\"d\u00e9pannage\">D\u00e9pannage<\/label>\r\n            <\/div>\r\n            <div class=\"form-check\">\r\n                <input type=\"radio\" name=\"topic\" value=\"Entretien\" class=\"form-control\" required>\r\n                <label for=\"entretien\">Entretien<\/label>\r\n            <\/div>\r\n            <div class=\"form-check\">\r\n                <input type=\"radio\" name=\"topic\" value=\"R\u00e9novation\" class=\"form-control\" required>\r\n                <label for=\"r\u00e9novation\">R\u00e9novation<\/label>\r\n            <\/div>\r\n            <div class=\"form-check\">\r\n                <input type=\"radio\" name=\"topic\" value=\"Autre\" class=\"form-control\" required>\r\n                <label for=\"autre\">Autre<\/label>\r\n            <\/div>\r\n        <\/div>\r\n        <div class=\"form-group full-width\">\r\n            <label for=\"contact_message\">Message<\/label>\r\n            <textarea name=\"message\" rows=\"3\" class=\"form-control\"><\/textarea>\r\n        <\/div>\r\n    <\/div>\r\n    <div class=\"form-actions\">\r\n        <button class=\"wp-block-button__link has-accent-background-color\">Contacter<\/button>\r\n    <\/div>\r\n<\/form>\r\n<div class=\"form-feedback\"><\/div>    <\/div>\n<h2>Pourquoi choisir notre soci\u00e9t\u00e9 ?<\/h2>\n<p>Artisanlocal vous aide dans la pose de carrelage \u00e0 Lutry, contactez-nous parce que :<\/p>\n<ul>\n<li>nos prix sont concurrentiels,<\/li>\n<li>nos carreaux sont de qualit\u00e9s,<\/li>\n<li>notre entreprise est localis\u00e9e \u00e0 Lutry, et intervient en urgence dans votre foyer,<\/li>\n<li>nous vous conseillons pour acheter le carrelage le plus adapt\u00e9 \u00e0 votre logement,<\/li>\n<li>nous fournissons des estimations gratuites,<\/li>\n<li>nos carreleurs ont accumul\u00e9 de l&rsquo;exp\u00e9rience,<\/li>\n<li>un partenaire s\u00fbr et fiable : nous travaillons avec de grands groupes et architectes pour des installations de parquet, carrelage, fa\u00efence, et autres rev\u00eatements.<\/li>\n<\/ul>\n<h2>Prenez contact avec nous d\u00e8s aujourd&rsquo;hui pour obtenir votre devis gratuit<\/h2>\n<p>N&rsquo;h\u00e9sitez pas \u00e0 nous contacter si vous voulez obtenir une estimation gratuite, nous vous r\u00e9pondrons d\u00e8s que possible pour \u00e9valuer le prix de l&rsquo;installation de vos carreaux.<\/p>\n<h2>Nos services<\/h2>\n<p>Nos artisans de la pose de carrelage qui op\u00e8rent \u00e0 Lutry fournissent aux commerces locaux et aux Lutryen, les solutions suivantes :<\/p>\n<ul>\n<li>Les poses de parquet, carrelage, fa\u00efence, et autres mod\u00e8les de carreaux,<\/li>\n<li>une assistance pour vous aider \u00e0 choisir vos carreaux,<\/li>\n<li>la pose de carrelage,<\/li>\n<li>la pose de joint pour vos carreaux,<\/li>\n<li>l&rsquo;installation du carrelage sur les sols\/murs,<\/li>\n<li>la pose de carrelage int\u00e9rieur et ext\u00e9rieur,<\/li>\n<li>le retrait de votre carrelage actuels,<\/li>\n<li>l&rsquo;enl\u00e8vement du parquet flottant,<\/li>\n<li>l\u2019installation du carrelage sur votre terrasse.<\/li>\n<\/ul>\n<h2>Comment s\u00e9lectionner le carrelage id\u00e9al ?<\/h2>\n<h3>R\u00e9fl\u00e9chir \u00e0 l&rsquo;endroit o\u00f9 le carrelage sera plac\u00e9<\/h3>\n<p>\u00c9tudiez bien l&rsquo;endroit et la fr\u00e9quence pendant laquelle le carrelage sera expos\u00e9 \u00e0 un vieillissement pr\u00e9matur\u00e9, sera-t-il dans un espace \u00e0 fort passage pi\u00e9tonnier? De plus, les gens porteront-ils des chaussures ou des chaussettes en marchant sur le carrelage? Sera-t-il en contact avec l&rsquo;humidit\u00e9? Pensez \u00e9galement aux espaces qu&rsquo;il recouvrira, tel que les murs, les plans de travail, les sols, etc.<\/p>\n<h3>Calculez le volume de carreaux<\/h3>\n<p>Pour d\u00e9terminer la quantit\u00e9 de carreaux pour votre espace, multipliez sa longueur par sa largeur et rajoutez dans les 5 % pour disposer d&rsquo;une marge de s\u00e9curit\u00e9. Nous conseillons de garder des carreaux suppl\u00e9mentaires en cas de dommages futurs.<\/p>\n<h3>Choisissez le bon mat\u00e9riau<\/h3>\n<p>Il y a divers mat\u00e9riaux \u00e0 partir desquels les carreaux peuvent \u00eatre fabriqu\u00e9s, le type de mat\u00e9riaux a un impact sur : l\u2019apparence, la long\u00e9vit\u00e9 et le co\u00fbt de l&rsquo;entretien. Par ailleurs, les finitions et la texture doivent par ailleurs \u00eatre prises en compte pour trouver le meilleur carrelage pour votre projet.<\/p>\n<h3>Maintenance<\/h3>\n<p>Il faut prendre en consid\u00e9ration la complexit\u00e9 d&rsquo;entretien lors du choix de vos carreaux, par exemple : le scellement des carreaux avec un joint clair occasionne un entretien plus long, parce qu&rsquo;il agglom\u00e8re \u00e0 toute vitesse la poussi\u00e8re, le rendent plus compliqu\u00e9 \u00e0 laver que d&rsquo;autres coloris.<\/p>\n<h2>Contacter notre entreprise Artisanlocal pour prendre un rendez-vous<\/h2>\n<p>Notre soci\u00e9t\u00e9 constitu\u00e9e d&rsquo;experts dans la pose de carreaux \u00e0 Lutry savent que la s\u00e9lection des carreaux peut-\u00eatre complexe, c&rsquo;est la raison pour laquelle notre \u00e9quipe est disponible du lundi au samedi pour vous donner des conseils.<\/p>\n<h2>FAQ<\/h2>\n<h3>Quel est le fonctionnement de votre entreprise ?<\/h3>\n<ol>\n<li>Prise de contact par email ou par t\u00e9l\u00e9phone.<\/li>\n<li>Puis, nous planifions un rendez-vous avec vous.<\/li>\n<li>Nous nous d\u00e9pla\u00e7ons \u00e0 votre foyer pour d\u00e9terminer le total de carreaux \u00e0 installer.<\/li>\n<li>Nous mettons en route l&rsquo;installation des carrelages \u00e0 votre logement.<\/li>\n<\/ol>\n<h3>Votre soci\u00e9t\u00e9 intervient \u00e0 Lutry et dans les communes aux alentours ?<\/h3>\n<p>Oui, nous nous d\u00e9pla\u00e7ons \u00e0 Lutry, mais aussi dans les villes aux alentours, tels que:<\/p>\nPully, Les Monts-de-Pully, La Croix (Lutry), Belmont-sur-Lausanne, La Conversion, Paudex.\n<\/p>\n<h3>Vous posez quels mod\u00e8les de carrelages le plus g\u00e9n\u00e9ralement\u202f?<\/h3>\n<p>Voici les carreaux les plus recherch\u00e9s que nous installons:<\/p>\n<ul>\n<li>Les carreaux mosa\u00efques : v\u00e9ritable succ\u00e8s, ils rajoutent un style incomparable \u00e0 votre int\u00e9rieur.<\/li>\n<li>Les carreaux int\u00e9rieur blancs de m\u00e9tro : embl\u00e9matiques, il ajoute une touche lumineuse \u00e0 votre salle de bain ou votre cuisine.<\/li>\n<li>Les carrelages de marbre : ils ajoutent un style soign\u00e9 \u00e0 n&rsquo;importe quelle partie de votre maison.<\/li>\n<li>Les carreaux de c\u00e9ramique : ils sont \u00e9conomiques, faciles \u00e0 nettoyer et ils trouvables dans de multiples variantes.<\/li>\n<li>Les carreaux en ciments : traditionnel, il permet d&rsquo;adoucir la d\u00e9co de votre int\u00e9rieur.<\/li>\n<li>Les carrelages de porcelaine : similaire aux surfaces naturelles, il est r\u00e9sistant aux chocs, changement de climat.<\/li>\n<\/ul>\n","protected":false},"excerpt":{"rendered":"<p>Pour recevoir des estimations en ligne, contactez-nous. Notre entreprise Artisanlocal propose des services en pose de carreaux classiques, de carreaux de dosseret, de carrelage \u00e0 l&rsquo;int\u00e9rieur de votre salle d&rsquo;eau ou sur votre sol ! Nous intervenons aussi dans les localit\u00e9s avoisinants de Lutry. Pourquoi choisir notre soci\u00e9t\u00e9 ? Artisanlocal vous aide dans la pose [&hellip;]<\/p>\n","protected":false},"author":4,"featured_media":2804,"parent":0,"menu_order":0,"comment_status":"closed","ping_status":"closed","template":"","meta":{"footnotes":""},"profession":[119],"location":[55],"canton":[113],"class_list":["post-608","page","type-page","status-publish","has-post-thumbnail","hentry","profession-carreleur","location-lutry","canton-vd"],"yoast_head":"<!-- This site is optimized with the Yoast SEO Premium plugin v25.7.1 (Yoast SEO v27.3) - https:\/\/yoast.com\/product\/yoast-seo-premium-wordpress\/ -->\n<title>Entreprise de carrelage \u00e0 Lutry ? - Artisanlocal<\/title>\n<meta name=\"robots\" content=\"index, follow, max-snippet:-1, max-image-preview:large, max-video-preview:-1\" \/>\n<link rel=\"canonical\" href=\"https:\/\/www.artisanlocal.ch\/c\/entreprise-de-carrelage-a-lutry\/\" \/>\n<meta property=\"og:locale\" content=\"fr_FR\" \/>\n<meta property=\"og:type\" content=\"article\" \/>\n<meta property=\"og:title\" content=\"Entreprise de carrelage \u00e0 Lutry ?\" \/>\n<meta property=\"og:description\" content=\"Pour recevoir des estimations en ligne, contactez-nous. Notre entreprise Artisanlocal propose des services en pose de carreaux classiques, de carreaux de dosseret, de carrelage \u00e0 l&rsquo;int\u00e9rieur de votre salle d&rsquo;eau ou sur votre sol ! Nous intervenons aussi dans les localit\u00e9s avoisinants de Lutry. Pourquoi choisir notre soci\u00e9t\u00e9 ? Artisanlocal vous aide dans la pose [&hellip;]\" \/>\n<meta property=\"og:url\" content=\"https:\/\/www.artisanlocal.ch\/c\/entreprise-de-carrelage-a-lutry\/\" \/>\n<meta property=\"og:site_name\" content=\"Artisanlocal\" \/>\n<meta property=\"article:modified_time\" content=\"2025-08-26T17:28:36+00:00\" \/>\n<meta property=\"og:image\" content=\"https:\/\/www.artisanlocal.ch\/c\/wp-content\/uploads\/2024\/11\/carreleur.jpg\" \/>\n\t<meta property=\"og:image:width\" content=\"1920\" \/>\n\t<meta property=\"og:image:height\" content=\"300\" \/>\n\t<meta property=\"og:image:type\" content=\"image\/jpeg\" \/>\n<meta name=\"twitter:card\" content=\"summary_large_image\" \/>\n<meta name=\"twitter:label1\" content=\"Dur\u00e9e de lecture estim\u00e9e\" \/>\n\t<meta name=\"twitter:data1\" content=\"4 minutes\" \/>\n<script type=\"application\/ld+json\" class=\"yoast-schema-graph\">{\"@context\":\"https:\\\/\\\/schema.org\",\"@graph\":[{\"@type\":\"WebPage\",\"@id\":\"https:\\\/\\\/www.artisanlocal.ch\\\/c\\\/entreprise-de-carrelage-a-lutry\\\/\",\"url\":\"https:\\\/\\\/www.artisanlocal.ch\\\/c\\\/entreprise-de-carrelage-a-lutry\\\/\",\"name\":\"Entreprise de carrelage \u00e0 Lutry ? - Artisanlocal\",\"isPartOf\":{\"@id\":\"https:\\\/\\\/www.artisanlocal.ch\\\/c\\\/#website\"},\"primaryImageOfPage\":{\"@id\":\"https:\\\/\\\/www.artisanlocal.ch\\\/c\\\/entreprise-de-carrelage-a-lutry\\\/#primaryimage\"},\"image\":{\"@id\":\"https:\\\/\\\/www.artisanlocal.ch\\\/c\\\/entreprise-de-carrelage-a-lutry\\\/#primaryimage\"},\"thumbnailUrl\":\"https:\\\/\\\/www.artisanlocal.ch\\\/c\\\/wp-content\\\/uploads\\\/2024\\\/11\\\/carreleur.jpg\",\"datePublished\":\"2024-04-22T13:00:14+00:00\",\"dateModified\":\"2025-08-26T17:28:36+00:00\",\"breadcrumb\":{\"@id\":\"https:\\\/\\\/www.artisanlocal.ch\\\/c\\\/entreprise-de-carrelage-a-lutry\\\/#breadcrumb\"},\"inLanguage\":\"fr-FR\",\"potentialAction\":[{\"@type\":\"ReadAction\",\"target\":[\"https:\\\/\\\/www.artisanlocal.ch\\\/c\\\/entreprise-de-carrelage-a-lutry\\\/\"]}]},{\"@type\":\"ImageObject\",\"inLanguage\":\"fr-FR\",\"@id\":\"https:\\\/\\\/www.artisanlocal.ch\\\/c\\\/entreprise-de-carrelage-a-lutry\\\/#primaryimage\",\"url\":\"https:\\\/\\\/www.artisanlocal.ch\\\/c\\\/wp-content\\\/uploads\\\/2024\\\/11\\\/carreleur.jpg\",\"contentUrl\":\"https:\\\/\\\/www.artisanlocal.ch\\\/c\\\/wp-content\\\/uploads\\\/2024\\\/11\\\/carreleur.jpg\",\"width\":1920,\"height\":300},{\"@type\":\"BreadcrumbList\",\"@id\":\"https:\\\/\\\/www.artisanlocal.ch\\\/c\\\/entreprise-de-carrelage-a-lutry\\\/#breadcrumb\",\"itemListElement\":[{\"@type\":\"ListItem\",\"position\":1,\"name\":\"Accueil\",\"item\":\"https:\\\/\\\/www.artisanlocal.ch\\\/c\\\/\"},{\"@type\":\"ListItem\",\"position\":2,\"name\":\"Entreprise de carrelage \u00e0 Lutry ?\"}]},{\"@type\":\"WebSite\",\"@id\":\"https:\\\/\\\/www.artisanlocal.ch\\\/c\\\/#website\",\"url\":\"https:\\\/\\\/www.artisanlocal.ch\\\/c\\\/\",\"name\":\"Artisanlocal\",\"description\":\"\",\"publisher\":{\"@id\":\"https:\\\/\\\/www.artisanlocal.ch\\\/c\\\/#organization\"},\"potentialAction\":[{\"@type\":\"SearchAction\",\"target\":{\"@type\":\"EntryPoint\",\"urlTemplate\":\"https:\\\/\\\/www.artisanlocal.ch\\\/c\\\/?s={search_term_string}\"},\"query-input\":{\"@type\":\"PropertyValueSpecification\",\"valueRequired\":true,\"valueName\":\"search_term_string\"}}],\"inLanguage\":\"fr-FR\"},{\"@type\":\"Organization\",\"@id\":\"https:\\\/\\\/www.artisanlocal.ch\\\/c\\\/#organization\",\"name\":\"Artisanlocal\",\"url\":\"https:\\\/\\\/www.artisanlocal.ch\\\/c\\\/\",\"logo\":{\"@type\":\"ImageObject\",\"inLanguage\":\"fr-FR\",\"@id\":\"https:\\\/\\\/www.artisanlocal.ch\\\/c\\\/#\\\/schema\\\/logo\\\/image\\\/\",\"url\":\"https:\\\/\\\/www.artisanlocal.ch\\\/c\\\/wp-content\\\/uploads\\\/2024\\\/02\\\/logo-artisanlocal-h.svg\",\"contentUrl\":\"https:\\\/\\\/www.artisanlocal.ch\\\/c\\\/wp-content\\\/uploads\\\/2024\\\/02\\\/logo-artisanlocal-h.svg\",\"caption\":\"Artisanlocal\"},\"image\":{\"@id\":\"https:\\\/\\\/www.artisanlocal.ch\\\/c\\\/#\\\/schema\\\/logo\\\/image\\\/\"}}]}<\/script>\n<!-- \/ Yoast SEO Premium plugin. -->","yoast_head_json":{"title":"Entreprise de carrelage \u00e0 Lutry ? - Artisanlocal","robots":{"index":"index","follow":"follow","max-snippet":"max-snippet:-1","max-image-preview":"max-image-preview:large","max-video-preview":"max-video-preview:-1"},"canonical":"https:\/\/www.artisanlocal.ch\/c\/entreprise-de-carrelage-a-lutry\/","og_locale":"fr_FR","og_type":"article","og_title":"Entreprise de carrelage \u00e0 Lutry ?","og_description":"Pour recevoir des estimations en ligne, contactez-nous. Notre entreprise Artisanlocal propose des services en pose de carreaux classiques, de carreaux de dosseret, de carrelage \u00e0 l&rsquo;int\u00e9rieur de votre salle d&rsquo;eau ou sur votre sol ! Nous intervenons aussi dans les localit\u00e9s avoisinants de Lutry. Pourquoi choisir notre soci\u00e9t\u00e9 ? Artisanlocal vous aide dans la pose [&hellip;]","og_url":"https:\/\/www.artisanlocal.ch\/c\/entreprise-de-carrelage-a-lutry\/","og_site_name":"Artisanlocal","article_modified_time":"2025-08-26T17:28:36+00:00","og_image":[{"width":1920,"height":300,"url":"https:\/\/www.artisanlocal.ch\/c\/wp-content\/uploads\/2024\/11\/carreleur.jpg","type":"image\/jpeg"}],"twitter_card":"summary_large_image","twitter_misc":{"Dur\u00e9e de lecture estim\u00e9e":"4 minutes"},"schema":{"@context":"https:\/\/schema.org","@graph":[{"@type":"WebPage","@id":"https:\/\/www.artisanlocal.ch\/c\/entreprise-de-carrelage-a-lutry\/","url":"https:\/\/www.artisanlocal.ch\/c\/entreprise-de-carrelage-a-lutry\/","name":"Entreprise de carrelage \u00e0 Lutry ? - Artisanlocal","isPartOf":{"@id":"https:\/\/www.artisanlocal.ch\/c\/#website"},"primaryImageOfPage":{"@id":"https:\/\/www.artisanlocal.ch\/c\/entreprise-de-carrelage-a-lutry\/#primaryimage"},"image":{"@id":"https:\/\/www.artisanlocal.ch\/c\/entreprise-de-carrelage-a-lutry\/#primaryimage"},"thumbnailUrl":"https:\/\/www.artisanlocal.ch\/c\/wp-content\/uploads\/2024\/11\/carreleur.jpg","datePublished":"2024-04-22T13:00:14+00:00","dateModified":"2025-08-26T17:28:36+00:00","breadcrumb":{"@id":"https:\/\/www.artisanlocal.ch\/c\/entreprise-de-carrelage-a-lutry\/#breadcrumb"},"inLanguage":"fr-FR","potentialAction":[{"@type":"ReadAction","target":["https:\/\/www.artisanlocal.ch\/c\/entreprise-de-carrelage-a-lutry\/"]}]},{"@type":"ImageObject","inLanguage":"fr-FR","@id":"https:\/\/www.artisanlocal.ch\/c\/entreprise-de-carrelage-a-lutry\/#primaryimage","url":"https:\/\/www.artisanlocal.ch\/c\/wp-content\/uploads\/2024\/11\/carreleur.jpg","contentUrl":"https:\/\/www.artisanlocal.ch\/c\/wp-content\/uploads\/2024\/11\/carreleur.jpg","width":1920,"height":300},{"@type":"BreadcrumbList","@id":"https:\/\/www.artisanlocal.ch\/c\/entreprise-de-carrelage-a-lutry\/#breadcrumb","itemListElement":[{"@type":"ListItem","position":1,"name":"Accueil","item":"https:\/\/www.artisanlocal.ch\/c\/"},{"@type":"ListItem","position":2,"name":"Entreprise de carrelage \u00e0 Lutry ?"}]},{"@type":"WebSite","@id":"https:\/\/www.artisanlocal.ch\/c\/#website","url":"https:\/\/www.artisanlocal.ch\/c\/","name":"Artisanlocal","description":"","publisher":{"@id":"https:\/\/www.artisanlocal.ch\/c\/#organization"},"potentialAction":[{"@type":"SearchAction","target":{"@type":"EntryPoint","urlTemplate":"https:\/\/www.artisanlocal.ch\/c\/?s={search_term_string}"},"query-input":{"@type":"PropertyValueSpecification","valueRequired":true,"valueName":"search_term_string"}}],"inLanguage":"fr-FR"},{"@type":"Organization","@id":"https:\/\/www.artisanlocal.ch\/c\/#organization","name":"Artisanlocal","url":"https:\/\/www.artisanlocal.ch\/c\/","logo":{"@type":"ImageObject","inLanguage":"fr-FR","@id":"https:\/\/www.artisanlocal.ch\/c\/#\/schema\/logo\/image\/","url":"https:\/\/www.artisanlocal.ch\/c\/wp-content\/uploads\/2024\/02\/logo-artisanlocal-h.svg","contentUrl":"https:\/\/www.artisanlocal.ch\/c\/wp-content\/uploads\/2024\/02\/logo-artisanlocal-h.svg","caption":"Artisanlocal"},"image":{"@id":"https:\/\/www.artisanlocal.ch\/c\/#\/schema\/logo\/image\/"}}]}},"_links":{"self":[{"href":"https:\/\/www.artisanlocal.ch\/c\/wp-json\/wp\/v2\/pages\/608","targetHints":{"allow":["GET"]}}],"collection":[{"href":"https:\/\/www.artisanlocal.ch\/c\/wp-json\/wp\/v2\/pages"}],"about":[{"href":"https:\/\/www.artisanlocal.ch\/c\/wp-json\/wp\/v2\/types\/page"}],"author":[{"embeddable":true,"href":"https:\/\/www.artisanlocal.ch\/c\/wp-json\/wp\/v2\/users\/4"}],"replies":[{"embeddable":true,"href":"https:\/\/www.artisanlocal.ch\/c\/wp-json\/wp\/v2\/comments?post=608"}],"version-history":[{"count":0,"href":"https:\/\/www.artisanlocal.ch\/c\/wp-json\/wp\/v2\/pages\/608\/revisions"}],"wp:featuredmedia":[{"embeddable":true,"href":"https:\/\/www.artisanlocal.ch\/c\/wp-json\/wp\/v2\/media\/2804"}],"wp:attachment":[{"href":"https:\/\/www.artisanlocal.ch\/c\/wp-json\/wp\/v2\/media?parent=608"}],"wp:term":[{"taxonomy":"profession","embeddable":true,"href":"https:\/\/www.artisanlocal.ch\/c\/wp-json\/wp\/v2\/profession?post=608"},{"taxonomy":"location","embeddable":true,"href":"https:\/\/www.artisanlocal.ch\/c\/wp-json\/wp\/v2\/location?post=608"},{"taxonomy":"canton","embeddable":true,"href":"https:\/\/www.artisanlocal.ch\/c\/wp-json\/wp\/v2\/canton?post=608"}],"curies":[{"name":"wp","href":"https:\/\/api.w.org\/{rel}","templated":true}]}}