{"id":609,"date":"2024-04-22T14:52:36","date_gmt":"2024-04-22T12:52:36","guid":{"rendered":"https:\/\/www.artisanlocal.ch\/c\/entreprise-de-carreaux-a-crissier\/"},"modified":"2025-08-26T19:28:37","modified_gmt":"2025-08-26T17:28:37","slug":"entreprise-de-carreaux-a-crissier","status":"publish","type":"page","link":"https:\/\/www.artisanlocal.ch\/c\/entreprise-de-carreaux-a-crissier\/","title":{"rendered":"Entreprise de carreaux \u00e0 Crissier ?"},"content":{"rendered":"<p>Pour obtenir des devis sur l&rsquo;installation de carreaux, n&rsquo;h\u00e9sitez pas \u00e0 nous contacter. Notre entreprise Artisanlocal offre des services en pose de carrelage classique, de carreaux de dosseret, de carreaux dans votre salle d&rsquo;eau ou sur votre sol ! Nous nous d\u00e9pla\u00e7ons aussi dans les communes \u00e0 proximit\u00e9 de Crissier.<\/p>\n\r\n<div class=\"box\">\r\n            <div class=\"company-info\">\r\n            <img decoding=\"async\" class=\"company-info__logo\" src=\"https:\/\/www.artisanlocal.ch\/media\/cache\/thumb\/images\/companies\/69d7b91d88c5c229406028.png\" alt=\"Logo\">\r\n            <h2 class=\"company-info__name\">DAENZER CARRELAGES<\/h2>\r\n            <p class=\"company-info__business\">Entreprise de carrelage \u2013 R\u00e9novations, neuf et entretiens \u2013 Diagnostic amiante \u2013 Expert en cas de litige<\/p>\r\n        <\/div>\r\n        <div class=\"company-contact\">\r\n            <p class=\"company-info__address\">Chemin de Bellevue 20<\/p>\r\n                            <div class=\"links\">\r\n                                            <a class=\"btn has-accent-background-color js-phoneNumber\" href=\"tel:0792332963\" title=\"Appelez\" data-id=\"714\" data-type=\"11\">079 233 29 63<\/a>\r\n                                                                <a class=\"btn has-accent-background-color\" href=\"http:\/\/www.daenzer.com\/\" target=\"_blank\" title=\"Voir le site internet\" data-id=\"714\" data-type=\"20\">Site internet<\/a>\r\n                                    <\/div>\r\n                    <\/div>\r\n    \r\n            \r\n<form action=\"https:\/\/www.artisanlocal.ch\/c\/wp-admin\/admin-ajax.php\" method=\"post\" class=\"form-contact\" id=\"artisan_form_contact_company_inline\">\r\n    <div><input type=\"hidden\" name=\"action\" value=\"company_contact\"><\/div>\r\n    <div><input type=\"hidden\" name=\"nonce\" value=\"bee5a54407\"><\/div>\r\n    <div><input type=\"hidden\" name=\"company_id\" value=\"714\"><\/div>\r\n    <div><input type=\"hidden\" name=\"form_id\" value=\"artisan_form_contact_company_inline\"><\/div>\r\n    <div class=\"gglcptch gglcptch_v3 gglcptch_custom\"><input type=\"hidden\" id=\"g-recaptcha-response\" name=\"g-recaptcha-response\" \/><br \/><div class=\"gglcptch_error_text\">La p\u00e9riode de v\u00e9rification reCAPTCHA a expir\u00e9. Veuillez recharger la page.<\/div><\/div>    <div class=\"form-content\">\r\n        <div class=\"form-group\">\r\n            <label for=\"contact_firstName\" class=\"required\">Pr\u00e9nom<\/label>\r\n            <input type=\"text\" name=\"firstName\" class=\"form-control\" required>\r\n        <\/div>\r\n        <div class=\"form-group\">\r\n            <label for=\"contact_lastName\" class=\"required\">Nom<\/label>\r\n            <input type=\"text\" name=\"lastName\" class=\"form-control\" required>\r\n        <\/div>\r\n        <div class=\"form-group\">\r\n            <label for=\"contact_email\" class=\"required\">Email<\/label>\r\n            <input type=\"email\" name=\"email\" class=\"form-control\" required>\r\n        <\/div>\r\n        <div class=\"form-group\">\r\n            <label for=\"contact_phone\" class=\"required\">Num\u00e9ro de t\u00e9l\u00e9phone<\/label>\r\n            <input type=\"tel\" name=\"phone\" class=\"form-control\" placeholder=\"0787117165\" pattern=\"^[0-9]{10}$\" required>\r\n        <\/div>\r\n        <div class=\"form-group\">\r\n            <label for=\"contact_postalCode\" class=\"required\">Code postal et localit\u00e9<\/label>\r\n            <input type=\"text\" name=\"postalCode\" class=\"form-control\" required>\r\n        <\/div>\r\n        <div class=\"form-group\">\r\n            <label for=\"contact_address\" class=\"required\">Adresse<\/label>\r\n            <input type=\"text\" name=\"address\" class=\"form-control\" required>\r\n        <\/div>\r\n        <div class=\"full-width topic\">\r\n            <p class=\"required\">Je souhaite \u00eatre contact\u00e9 pour :<\/p>\r\n            <div class=\"form-check\">\r\n                <input type=\"radio\" name=\"topic\" value=\"D\u00e9pannage\" class=\"form-control\" required>\r\n                <label for=\"d\u00e9pannage\">D\u00e9pannage<\/label>\r\n            <\/div>\r\n            <div class=\"form-check\">\r\n                <input type=\"radio\" name=\"topic\" value=\"Entretien\" class=\"form-control\" required>\r\n                <label for=\"entretien\">Entretien<\/label>\r\n            <\/div>\r\n            <div class=\"form-check\">\r\n                <input type=\"radio\" name=\"topic\" value=\"R\u00e9novation\" class=\"form-control\" required>\r\n                <label for=\"r\u00e9novation\">R\u00e9novation<\/label>\r\n            <\/div>\r\n            <div class=\"form-check\">\r\n                <input type=\"radio\" name=\"topic\" value=\"Autre\" class=\"form-control\" required>\r\n                <label for=\"autre\">Autre<\/label>\r\n            <\/div>\r\n        <\/div>\r\n        <div class=\"form-group full-width\">\r\n            <label for=\"contact_message\">Message<\/label>\r\n            <textarea name=\"message\" rows=\"3\" class=\"form-control\"><\/textarea>\r\n        <\/div>\r\n    <\/div>\r\n    <div class=\"form-actions\">\r\n        <button class=\"wp-block-button__link has-accent-background-color\">Contacter<\/button>\r\n    <\/div>\r\n<\/form>\r\n<div class=\"form-feedback\"><\/div>    <\/div>\n<h2>Pour quelle raison choisir notre entreprise ?<\/h2>\n<p>Artisanlocal vous accompagne dans la pose de carreaux \u00e0 Crissier, contactez-nous parce que :<\/p>\n<ul>\n<li>nous offrons des tarifs comp\u00e9titifs,<\/li>\n<li>nous utilisons du carrelage de qualit\u00e9,<\/li>\n<li>notre entreprise est implant\u00e9e \u00e0 Crissier, et intervient en urgence \u00e0 votre domicile,<\/li>\n<li>nous vous conseillons pour acheter le carrelage le plus adapt\u00e9 \u00e0 votre maison,<\/li>\n<li>nos devis sont fournis gratuitement,<\/li>\n<li>notre \u00e9quipe est exp\u00e9riment\u00e9e,<\/li>\n<li>une entreprise de confiance : nous r\u00e9alisons des interventions dans des grands groupes et des architectes pour installer du parquet, de la fa\u00efence, du carrelage ou des autres rev\u00eatements pour les sols.<\/li>\n<\/ul>\n<h2>Obtenez votre devis gratuit pour l&rsquo;installation de carrelage en prenant contact avec nous maintenant<\/h2>\n<p>Contactez-nous pour recevoir un devis, nous prendrons contact avec vous rapidement pour calculer le prix de votre projet.<\/p>\n<h2>Nos prestations<\/h2>\n<p>Nos professionnels de l&rsquo;installation de carrelage \u00e0 Crissier fournissent aux commerces locaux et aux Crissirois, les services suivants :<\/p>\n<ul>\n<li>La mise en place de plusieurs types carreaux tels que le parquet, le carrelage classique et la fa\u00efence,<\/li>\n<li>des recommandations pour vous aider \u00e0 choisir vos carreaux,<\/li>\n<li>la pose de carrelage,<\/li>\n<li>l&rsquo;application de joint pour vos carreaux,<\/li>\n<li>l&rsquo;application du carrelage sur les sols et les parois,<\/li>\n<li>l&rsquo;installation de carrelage int\u00e9rieur et ext\u00e9rieur,<\/li>\n<li>la suppression du carrelage en place,<\/li>\n<li>le d\u00e9montage de votre parquet flottant,<\/li>\n<li>l&rsquo;installation du carrelage sur votre terrasse.<\/li>\n<\/ul>\n<h2>Comment choisir votre carrelage id\u00e9al ?<\/h2>\n<h3>Songer au lieu o\u00f9 le carrelage sera pos\u00e9<\/h3>\n<p>\u00c9tudiez bien le lieu et le rythme \u00e0 laquelle le carrelage sera expos\u00e9 \u00e0 l&rsquo;usure, sera-t-il dans une zone \u00e0 fort passage pi\u00e9tonnier? D&rsquo;ailleurs, marchera-t-on dessus en chaussures ou en chaussettes? Sera-t-il en contact avec l&rsquo;humidit\u00e9? Prenez aussi compte des diff\u00e9rentes surfaces qu&rsquo;il va recouvrir, comme : les murs, les sols, les plans de travail, etc.<\/p>\n<h3>D\u00e9terminez la quantit\u00e9 de carrelage n\u00e9cessaire<\/h3>\n<p>Pour estimer la quantit\u00e9 de carreaux requis pour votre espace, faites la multiplication : longueur par sa largeur et ajoutez environ 5 % pour conserver une marge de protection. Nous vous sugg\u00e9rons de garder en r\u00e9serve des carreaux de mani\u00e8re \u00e0 r\u00e9parer de possibles dommages.<\/p>\n<h3>Choisissez le mat\u00e9riau<\/h3>\n<p>Les carreaux sont fabriqu\u00e9s avec diff\u00e9rentes cat\u00e9gories de mat\u00e9riaux qui ont un effet sur : l\u2019apparence, la r\u00e9sistance et le co\u00fbt de l&rsquo;entretien. D&rsquo;autre part, la texture et les finitions devraient par ailleurs \u00eatre prises en compte afin de trouver le meilleur carrelage pour votre habitation.<\/p>\n<h3>Entretien<\/h3>\n<p>Vous devez par ailleurs prendre en consid\u00e9ration la complexit\u00e9 d&rsquo;entretien lors du choix de vos carreaux, par exemple : le scellement du carrelage avec un joint clair occasionne un entretien qui prend plus de temps, en effet, il accumule \u00e0 toute vitesse la salet\u00e9, le rendent plus d\u00e9licat \u00e0 laver que d&rsquo;autres coloris.<\/p>\n<h2>Prenez un rendez-vous d\u00e8s aujourd&rsquo;hui<\/h2>\n<p>Nos experts de l&rsquo;installation de carrelage \u00e0 Crissier savent que la s\u00e9lection de votre carrelage peut-\u00eatre complexe, c&rsquo;est la raison pour laquelle notre \u00e9quipe est joignable du lundi au samedi pour vous donner des conseils.<\/p>\n<h2>Questions-r\u00e9ponses<\/h2>\n<h3>Quel est le fonctionnement de votre entreprise ?<\/h3>\n<ol>\n<li>Prise de contact par email ou par t\u00e9l\u00e9phone.<\/li>\n<li>Puis, nous fixons un rendez-vous avec vous.<\/li>\n<li>Visite \u00e0 votre domicile pour d\u00e9finir le travail \u00e0 r\u00e9aliser.<\/li>\n<li>D\u00e9marrage de votre projet.<\/li>\n<\/ol>\n<h3>Votre soci\u00e9t\u00e9 intervient \u00e0 Crissier et dans les localit\u00e9s aux environs ?<\/h3>\n<p>Oui, nous intervenons \u00e0 Crissier, mais aussi dans les municipalit\u00e9s aux environs, tels que:<\/p>\nJouxtens-M\u00e9zery, Prilly, Renens VD.\n<\/p>\n<h3>Quels sont les types de carrelages les plus populaires que vous installez\u202f?<\/h3>\n<p>Voici les carreaux les plus populaires que nous posons:<\/p>\n<ul>\n<li>Les carrelages mosa\u00efques : v\u00e9ritable succ\u00e8s, ils apportent un style incomparable \u00e0 votre int\u00e9rieur.<\/li>\n<li>Les carrelages de m\u00e9tro blancs : embl\u00e9matiques, il ajoute une touche lumineuse \u00e0 votre salle de bain ou votre cuisine.<\/li>\n<li>Les carrelages de marbre : ils sont plus chers, mais ils permettent d\u2019ajouter une apparence de luxe \u00e0 votre int\u00e9rieur.<\/li>\n<li>Les carrelages de c\u00e9ramique : peu on\u00e9reux, le carreau en c\u00e9ramique a plusieurs avantages (simple \u00e0 entretenir, et disponibles dans de nombreux couleurs).<\/li>\n<li>Le carrelage ciment : classique, il permet d&rsquo;adoucir la d\u00e9co de votre foyer.<\/li>\n<li>Les carrelages de porcelaine : comparable aux surfaces naturelles, il est r\u00e9sistant aux chocs, changement de climat.<\/li>\n<\/ul>\n","protected":false},"excerpt":{"rendered":"<p>Pour obtenir des devis sur l&rsquo;installation de carreaux, n&rsquo;h\u00e9sitez pas \u00e0 nous contacter. Notre entreprise Artisanlocal offre des services en pose de carrelage classique, de carreaux de dosseret, de carreaux dans votre salle d&rsquo;eau ou sur votre sol ! Nous nous d\u00e9pla\u00e7ons aussi dans les communes \u00e0 proximit\u00e9 de Crissier. Pour quelle raison choisir notre [&hellip;]<\/p>\n","protected":false},"author":4,"featured_media":2804,"parent":0,"menu_order":0,"comment_status":"closed","ping_status":"closed","template":"","meta":{"footnotes":""},"profession":[119],"location":[65],"canton":[113],"class_list":["post-609","page","type-page","status-publish","has-post-thumbnail","hentry","profession-carreleur","location-crissier","canton-vd"],"yoast_head":"<!-- This site is optimized with the Yoast SEO Premium plugin v25.7.1 (Yoast SEO v27.3) - https:\/\/yoast.com\/product\/yoast-seo-premium-wordpress\/ -->\n<title>Entreprise de carreaux \u00e0 Crissier ? - Artisanlocal<\/title>\n<meta name=\"robots\" content=\"index, follow, max-snippet:-1, max-image-preview:large, max-video-preview:-1\" \/>\n<link rel=\"canonical\" href=\"https:\/\/www.artisanlocal.ch\/c\/entreprise-de-carreaux-a-crissier\/\" \/>\n<meta property=\"og:locale\" content=\"fr_FR\" \/>\n<meta property=\"og:type\" content=\"article\" \/>\n<meta property=\"og:title\" content=\"Entreprise de carreaux \u00e0 Crissier ?\" \/>\n<meta property=\"og:description\" content=\"Pour obtenir des devis sur l&rsquo;installation de carreaux, n&rsquo;h\u00e9sitez pas \u00e0 nous contacter. Notre entreprise Artisanlocal offre des services en pose de carrelage classique, de carreaux de dosseret, de carreaux dans votre salle d&rsquo;eau ou sur votre sol ! Nous nous d\u00e9pla\u00e7ons aussi dans les communes \u00e0 proximit\u00e9 de Crissier. Pour quelle raison choisir notre [&hellip;]\" \/>\n<meta property=\"og:url\" content=\"https:\/\/www.artisanlocal.ch\/c\/entreprise-de-carreaux-a-crissier\/\" \/>\n<meta property=\"og:site_name\" content=\"Artisanlocal\" \/>\n<meta property=\"article:modified_time\" content=\"2025-08-26T17:28:37+00:00\" \/>\n<meta property=\"og:image\" content=\"https:\/\/www.artisanlocal.ch\/c\/wp-content\/uploads\/2024\/11\/carreleur.jpg\" \/>\n\t<meta property=\"og:image:width\" content=\"1920\" \/>\n\t<meta property=\"og:image:height\" content=\"300\" \/>\n\t<meta property=\"og:image:type\" content=\"image\/jpeg\" \/>\n<meta name=\"twitter:card\" content=\"summary_large_image\" \/>\n<meta name=\"twitter:label1\" content=\"Dur\u00e9e de lecture estim\u00e9e\" \/>\n\t<meta name=\"twitter:data1\" content=\"4 minutes\" \/>\n<script type=\"application\/ld+json\" class=\"yoast-schema-graph\">{\"@context\":\"https:\\\/\\\/schema.org\",\"@graph\":[{\"@type\":\"WebPage\",\"@id\":\"https:\\\/\\\/www.artisanlocal.ch\\\/c\\\/entreprise-de-carreaux-a-crissier\\\/\",\"url\":\"https:\\\/\\\/www.artisanlocal.ch\\\/c\\\/entreprise-de-carreaux-a-crissier\\\/\",\"name\":\"Entreprise de carreaux \u00e0 Crissier ? - Artisanlocal\",\"isPartOf\":{\"@id\":\"https:\\\/\\\/www.artisanlocal.ch\\\/c\\\/#website\"},\"primaryImageOfPage\":{\"@id\":\"https:\\\/\\\/www.artisanlocal.ch\\\/c\\\/entreprise-de-carreaux-a-crissier\\\/#primaryimage\"},\"image\":{\"@id\":\"https:\\\/\\\/www.artisanlocal.ch\\\/c\\\/entreprise-de-carreaux-a-crissier\\\/#primaryimage\"},\"thumbnailUrl\":\"https:\\\/\\\/www.artisanlocal.ch\\\/c\\\/wp-content\\\/uploads\\\/2024\\\/11\\\/carreleur.jpg\",\"datePublished\":\"2024-04-22T12:52:36+00:00\",\"dateModified\":\"2025-08-26T17:28:37+00:00\",\"breadcrumb\":{\"@id\":\"https:\\\/\\\/www.artisanlocal.ch\\\/c\\\/entreprise-de-carreaux-a-crissier\\\/#breadcrumb\"},\"inLanguage\":\"fr-FR\",\"potentialAction\":[{\"@type\":\"ReadAction\",\"target\":[\"https:\\\/\\\/www.artisanlocal.ch\\\/c\\\/entreprise-de-carreaux-a-crissier\\\/\"]}]},{\"@type\":\"ImageObject\",\"inLanguage\":\"fr-FR\",\"@id\":\"https:\\\/\\\/www.artisanlocal.ch\\\/c\\\/entreprise-de-carreaux-a-crissier\\\/#primaryimage\",\"url\":\"https:\\\/\\\/www.artisanlocal.ch\\\/c\\\/wp-content\\\/uploads\\\/2024\\\/11\\\/carreleur.jpg\",\"contentUrl\":\"https:\\\/\\\/www.artisanlocal.ch\\\/c\\\/wp-content\\\/uploads\\\/2024\\\/11\\\/carreleur.jpg\",\"width\":1920,\"height\":300},{\"@type\":\"BreadcrumbList\",\"@id\":\"https:\\\/\\\/www.artisanlocal.ch\\\/c\\\/entreprise-de-carreaux-a-crissier\\\/#breadcrumb\",\"itemListElement\":[{\"@type\":\"ListItem\",\"position\":1,\"name\":\"Accueil\",\"item\":\"https:\\\/\\\/www.artisanlocal.ch\\\/c\\\/\"},{\"@type\":\"ListItem\",\"position\":2,\"name\":\"Entreprise de carreaux \u00e0 Crissier ?\"}]},{\"@type\":\"WebSite\",\"@id\":\"https:\\\/\\\/www.artisanlocal.ch\\\/c\\\/#website\",\"url\":\"https:\\\/\\\/www.artisanlocal.ch\\\/c\\\/\",\"name\":\"Artisanlocal\",\"description\":\"\",\"publisher\":{\"@id\":\"https:\\\/\\\/www.artisanlocal.ch\\\/c\\\/#organization\"},\"potentialAction\":[{\"@type\":\"SearchAction\",\"target\":{\"@type\":\"EntryPoint\",\"urlTemplate\":\"https:\\\/\\\/www.artisanlocal.ch\\\/c\\\/?s={search_term_string}\"},\"query-input\":{\"@type\":\"PropertyValueSpecification\",\"valueRequired\":true,\"valueName\":\"search_term_string\"}}],\"inLanguage\":\"fr-FR\"},{\"@type\":\"Organization\",\"@id\":\"https:\\\/\\\/www.artisanlocal.ch\\\/c\\\/#organization\",\"name\":\"Artisanlocal\",\"url\":\"https:\\\/\\\/www.artisanlocal.ch\\\/c\\\/\",\"logo\":{\"@type\":\"ImageObject\",\"inLanguage\":\"fr-FR\",\"@id\":\"https:\\\/\\\/www.artisanlocal.ch\\\/c\\\/#\\\/schema\\\/logo\\\/image\\\/\",\"url\":\"https:\\\/\\\/www.artisanlocal.ch\\\/c\\\/wp-content\\\/uploads\\\/2024\\\/02\\\/logo-artisanlocal-h.svg\",\"contentUrl\":\"https:\\\/\\\/www.artisanlocal.ch\\\/c\\\/wp-content\\\/uploads\\\/2024\\\/02\\\/logo-artisanlocal-h.svg\",\"caption\":\"Artisanlocal\"},\"image\":{\"@id\":\"https:\\\/\\\/www.artisanlocal.ch\\\/c\\\/#\\\/schema\\\/logo\\\/image\\\/\"}}]}<\/script>\n<!-- \/ Yoast SEO Premium plugin. -->","yoast_head_json":{"title":"Entreprise de carreaux \u00e0 Crissier ? - Artisanlocal","robots":{"index":"index","follow":"follow","max-snippet":"max-snippet:-1","max-image-preview":"max-image-preview:large","max-video-preview":"max-video-preview:-1"},"canonical":"https:\/\/www.artisanlocal.ch\/c\/entreprise-de-carreaux-a-crissier\/","og_locale":"fr_FR","og_type":"article","og_title":"Entreprise de carreaux \u00e0 Crissier ?","og_description":"Pour obtenir des devis sur l&rsquo;installation de carreaux, n&rsquo;h\u00e9sitez pas \u00e0 nous contacter. Notre entreprise Artisanlocal offre des services en pose de carrelage classique, de carreaux de dosseret, de carreaux dans votre salle d&rsquo;eau ou sur votre sol ! Nous nous d\u00e9pla\u00e7ons aussi dans les communes \u00e0 proximit\u00e9 de Crissier. Pour quelle raison choisir notre [&hellip;]","og_url":"https:\/\/www.artisanlocal.ch\/c\/entreprise-de-carreaux-a-crissier\/","og_site_name":"Artisanlocal","article_modified_time":"2025-08-26T17:28:37+00:00","og_image":[{"width":1920,"height":300,"url":"https:\/\/www.artisanlocal.ch\/c\/wp-content\/uploads\/2024\/11\/carreleur.jpg","type":"image\/jpeg"}],"twitter_card":"summary_large_image","twitter_misc":{"Dur\u00e9e de lecture estim\u00e9e":"4 minutes"},"schema":{"@context":"https:\/\/schema.org","@graph":[{"@type":"WebPage","@id":"https:\/\/www.artisanlocal.ch\/c\/entreprise-de-carreaux-a-crissier\/","url":"https:\/\/www.artisanlocal.ch\/c\/entreprise-de-carreaux-a-crissier\/","name":"Entreprise de carreaux \u00e0 Crissier ? - Artisanlocal","isPartOf":{"@id":"https:\/\/www.artisanlocal.ch\/c\/#website"},"primaryImageOfPage":{"@id":"https:\/\/www.artisanlocal.ch\/c\/entreprise-de-carreaux-a-crissier\/#primaryimage"},"image":{"@id":"https:\/\/www.artisanlocal.ch\/c\/entreprise-de-carreaux-a-crissier\/#primaryimage"},"thumbnailUrl":"https:\/\/www.artisanlocal.ch\/c\/wp-content\/uploads\/2024\/11\/carreleur.jpg","datePublished":"2024-04-22T12:52:36+00:00","dateModified":"2025-08-26T17:28:37+00:00","breadcrumb":{"@id":"https:\/\/www.artisanlocal.ch\/c\/entreprise-de-carreaux-a-crissier\/#breadcrumb"},"inLanguage":"fr-FR","potentialAction":[{"@type":"ReadAction","target":["https:\/\/www.artisanlocal.ch\/c\/entreprise-de-carreaux-a-crissier\/"]}]},{"@type":"ImageObject","inLanguage":"fr-FR","@id":"https:\/\/www.artisanlocal.ch\/c\/entreprise-de-carreaux-a-crissier\/#primaryimage","url":"https:\/\/www.artisanlocal.ch\/c\/wp-content\/uploads\/2024\/11\/carreleur.jpg","contentUrl":"https:\/\/www.artisanlocal.ch\/c\/wp-content\/uploads\/2024\/11\/carreleur.jpg","width":1920,"height":300},{"@type":"BreadcrumbList","@id":"https:\/\/www.artisanlocal.ch\/c\/entreprise-de-carreaux-a-crissier\/#breadcrumb","itemListElement":[{"@type":"ListItem","position":1,"name":"Accueil","item":"https:\/\/www.artisanlocal.ch\/c\/"},{"@type":"ListItem","position":2,"name":"Entreprise de carreaux \u00e0 Crissier ?"}]},{"@type":"WebSite","@id":"https:\/\/www.artisanlocal.ch\/c\/#website","url":"https:\/\/www.artisanlocal.ch\/c\/","name":"Artisanlocal","description":"","publisher":{"@id":"https:\/\/www.artisanlocal.ch\/c\/#organization"},"potentialAction":[{"@type":"SearchAction","target":{"@type":"EntryPoint","urlTemplate":"https:\/\/www.artisanlocal.ch\/c\/?s={search_term_string}"},"query-input":{"@type":"PropertyValueSpecification","valueRequired":true,"valueName":"search_term_string"}}],"inLanguage":"fr-FR"},{"@type":"Organization","@id":"https:\/\/www.artisanlocal.ch\/c\/#organization","name":"Artisanlocal","url":"https:\/\/www.artisanlocal.ch\/c\/","logo":{"@type":"ImageObject","inLanguage":"fr-FR","@id":"https:\/\/www.artisanlocal.ch\/c\/#\/schema\/logo\/image\/","url":"https:\/\/www.artisanlocal.ch\/c\/wp-content\/uploads\/2024\/02\/logo-artisanlocal-h.svg","contentUrl":"https:\/\/www.artisanlocal.ch\/c\/wp-content\/uploads\/2024\/02\/logo-artisanlocal-h.svg","caption":"Artisanlocal"},"image":{"@id":"https:\/\/www.artisanlocal.ch\/c\/#\/schema\/logo\/image\/"}}]}},"_links":{"self":[{"href":"https:\/\/www.artisanlocal.ch\/c\/wp-json\/wp\/v2\/pages\/609","targetHints":{"allow":["GET"]}}],"collection":[{"href":"https:\/\/www.artisanlocal.ch\/c\/wp-json\/wp\/v2\/pages"}],"about":[{"href":"https:\/\/www.artisanlocal.ch\/c\/wp-json\/wp\/v2\/types\/page"}],"author":[{"embeddable":true,"href":"https:\/\/www.artisanlocal.ch\/c\/wp-json\/wp\/v2\/users\/4"}],"replies":[{"embeddable":true,"href":"https:\/\/www.artisanlocal.ch\/c\/wp-json\/wp\/v2\/comments?post=609"}],"version-history":[{"count":0,"href":"https:\/\/www.artisanlocal.ch\/c\/wp-json\/wp\/v2\/pages\/609\/revisions"}],"wp:featuredmedia":[{"embeddable":true,"href":"https:\/\/www.artisanlocal.ch\/c\/wp-json\/wp\/v2\/media\/2804"}],"wp:attachment":[{"href":"https:\/\/www.artisanlocal.ch\/c\/wp-json\/wp\/v2\/media?parent=609"}],"wp:term":[{"taxonomy":"profession","embeddable":true,"href":"https:\/\/www.artisanlocal.ch\/c\/wp-json\/wp\/v2\/profession?post=609"},{"taxonomy":"location","embeddable":true,"href":"https:\/\/www.artisanlocal.ch\/c\/wp-json\/wp\/v2\/location?post=609"},{"taxonomy":"canton","embeddable":true,"href":"https:\/\/www.artisanlocal.ch\/c\/wp-json\/wp\/v2\/canton?post=609"}],"curies":[{"name":"wp","href":"https:\/\/api.w.org\/{rel}","templated":true}]}}