{"id":611,"date":"2024-04-21T09:21:25","date_gmt":"2024-04-21T07:21:25","guid":{"rendered":"https:\/\/www.artisanlocal.ch\/c\/entreprise-de-carreaux-a-estavayer-le-lac\/"},"modified":"2025-08-26T19:29:30","modified_gmt":"2025-08-26T17:29:30","slug":"entreprise-de-carreaux-a-estavayer-le-lac","status":"publish","type":"page","link":"https:\/\/www.artisanlocal.ch\/c\/entreprise-de-carreaux-a-estavayer-le-lac\/","title":{"rendered":"Entreprise de carrelage \u00e0 Estavayer-le-lac"},"content":{"rendered":"<p>Artisanlocal est une entreprise de carrelage \u00e0 Estavayer-le-lac, nous installons du carrelage : classique, pour dosseret, de salle de bain ou pour votre parquet ! Nous intervenons aussi dans les villes \u00e0 proximit\u00e9 de Estavayer-le-lac.<br \/>\n\r\n<div class=\"box\">\r\n            <div class=\"company-info\">\r\n            <img decoding=\"async\" class=\"company-info__logo\" src=\"https:\/\/www.artisanlocal.ch\/media\/cache\/thumb\/images\/companies\/674db1adac801624664084.png\" alt=\"Logo\">\r\n            <h2 class=\"company-info__name\">VF Carrelage - da Silva F\u00e9lix<\/h2>\r\n            <p class=\"company-info__business\">Carrelage - Parquet - R\u00e9novation<\/p>\r\n        <\/div>\r\n        <div class=\"company-contact\">\r\n            <p class=\"company-info__address\">Place du March\u00e9 20<\/p>\r\n                            <div class=\"links\">\r\n                                            <a class=\"btn has-accent-background-color js-phoneNumber\" href=\"tel:0799513687\" title=\"Appelez\" data-id=\"25337\" data-type=\"11\">079 951 36 87<\/a>\r\n                                                                <a class=\"btn has-accent-background-color\" href=\"https:\/\/vf-carrelage-da-silva-felix.digitalone.site\/\" target=\"_blank\" title=\"Voir le site internet\" data-id=\"25337\" data-type=\"20\">Site internet<\/a>\r\n                                    <\/div>\r\n                    <\/div>\r\n    \r\n            \r\n<form action=\"https:\/\/www.artisanlocal.ch\/c\/wp-admin\/admin-ajax.php\" method=\"post\" class=\"form-contact\" id=\"artisan_form_contact_company_inline\">\r\n    <div><input type=\"hidden\" name=\"action\" value=\"company_contact\"><\/div>\r\n    <div><input type=\"hidden\" name=\"nonce\" value=\"f071462bb9\"><\/div>\r\n    <div><input type=\"hidden\" name=\"company_id\" value=\"25337\"><\/div>\r\n    <div><input type=\"hidden\" name=\"form_id\" value=\"artisan_form_contact_company_inline\"><\/div>\r\n    <div class=\"gglcptch gglcptch_v3 gglcptch_custom\"><input type=\"hidden\" id=\"g-recaptcha-response\" name=\"g-recaptcha-response\" \/><br \/><div class=\"gglcptch_error_text\">La p\u00e9riode de v\u00e9rification reCAPTCHA a expir\u00e9. Veuillez recharger la page.<\/div><\/div>    <div class=\"form-content\">\r\n        <div class=\"form-group\">\r\n            <label for=\"contact_firstName\" class=\"required\">Pr\u00e9nom<\/label>\r\n            <input type=\"text\" name=\"firstName\" class=\"form-control\" required>\r\n        <\/div>\r\n        <div class=\"form-group\">\r\n            <label for=\"contact_lastName\" class=\"required\">Nom<\/label>\r\n            <input type=\"text\" name=\"lastName\" class=\"form-control\" required>\r\n        <\/div>\r\n        <div class=\"form-group\">\r\n            <label for=\"contact_email\" class=\"required\">Email<\/label>\r\n            <input type=\"email\" name=\"email\" class=\"form-control\" required>\r\n        <\/div>\r\n        <div class=\"form-group\">\r\n            <label for=\"contact_phone\" class=\"required\">Num\u00e9ro de t\u00e9l\u00e9phone<\/label>\r\n            <input type=\"tel\" name=\"phone\" class=\"form-control\" placeholder=\"0787117165\" pattern=\"^[0-9]{10}$\" required>\r\n        <\/div>\r\n        <div class=\"form-group\">\r\n            <label for=\"contact_postalCode\" class=\"required\">Code postal et localit\u00e9<\/label>\r\n            <input type=\"text\" name=\"postalCode\" class=\"form-control\" required>\r\n        <\/div>\r\n        <div class=\"form-group\">\r\n            <label for=\"contact_address\" class=\"required\">Adresse<\/label>\r\n            <input type=\"text\" name=\"address\" class=\"form-control\" required>\r\n        <\/div>\r\n        <div class=\"full-width topic\">\r\n            <p class=\"required\">Je souhaite \u00eatre contact\u00e9 pour :<\/p>\r\n            <div class=\"form-check\">\r\n                <input type=\"radio\" name=\"topic\" value=\"D\u00e9pannage\" class=\"form-control\" required>\r\n                <label for=\"d\u00e9pannage\">D\u00e9pannage<\/label>\r\n            <\/div>\r\n            <div class=\"form-check\">\r\n                <input type=\"radio\" name=\"topic\" value=\"Entretien\" class=\"form-control\" required>\r\n                <label for=\"entretien\">Entretien<\/label>\r\n            <\/div>\r\n            <div class=\"form-check\">\r\n                <input type=\"radio\" name=\"topic\" value=\"R\u00e9novation\" class=\"form-control\" required>\r\n                <label for=\"r\u00e9novation\">R\u00e9novation<\/label>\r\n            <\/div>\r\n            <div class=\"form-check\">\r\n                <input type=\"radio\" name=\"topic\" value=\"Autre\" class=\"form-control\" required>\r\n                <label for=\"autre\">Autre<\/label>\r\n            <\/div>\r\n        <\/div>\r\n        <div class=\"form-group full-width\">\r\n            <label for=\"contact_message\">Message<\/label>\r\n            <textarea name=\"message\" rows=\"3\" class=\"form-control\"><\/textarea>\r\n        <\/div>\r\n    <\/div>\r\n    <div class=\"form-actions\">\r\n        <button class=\"wp-block-button__link has-accent-background-color\">Contacter<\/button>\r\n    <\/div>\r\n<\/form>\r\n<div class=\"form-feedback\"><\/div>    <\/div><\/p>\n<h2>Quelle est la plus-value qu&rsquo;offre notre entreprise ?<\/h2>\n<p>Pour votre projet d&rsquo;installation de carrelage \u00e0 Estavayer-le-lac, faites confiance \u00e0 Artisanlocal, contactez-nous parce que :<\/p>\n<ul>\n<li>nous proposons un bon rapport qualit\u00e9-prix,<\/li>\n<li>nous utilisons du carrelage de qualit\u00e9,<\/li>\n<li>nous sommes install\u00e9s \u00e0 Estavayer-le-lac ce qui permet \u00e0 nos techniciens d&rsquo;intervenir rapidement \u00e0 votre domicile,<\/li>\n<li>nos recommandations sont personnalis\u00e9es \u00e0 votre projet, par exemple : pour choisir le bon carrelage,<\/li>\n<li>nos devis sont gratuits,<\/li>\n<li>notre \u00e9quipe est exp\u00e9riment\u00e9e,<\/li>\n<li>un partenaire s\u00fbr et fiable : nous r\u00e9alisons des interventions dans des grandes entreprises et des cabinets d&rsquo;architectes pour installer du parquet, de la fa\u00efence, du carrelage ou des autres rev\u00eatements pour les sols.<\/li>\n<\/ul>\n<h2>Recevez une estimation pour la pose de carrelage en prenant contact avec nous d\u00e8s \u00e0 pr\u00e9sent<\/h2>\n<p>N&rsquo;h\u00e9sitez pas \u00e0 nous contacter si vous d\u00e9sirez obtenir une estimation gratuite, nous r\u00e9pondrons d\u00e8s que possible pour estimer le prix de l&rsquo;installation de vos carrelages.<\/p>\n<h2>Nos solutions<\/h2>\n<p>Nos professionnels de l&rsquo;installation de carreaux \u00e0 Estavayer-le-lac proposent aux professionnels et aux particuliers, les prestations, suivantes :<\/p>\n<ul>\n<li>Les installations de carrelage, fa\u00efence, parquet, et autres types de carreaux,<\/li>\n<li>une aide pour bien choisir votre carrelage,<\/li>\n<li>l\u2019installation du carrelage,<\/li>\n<li>le scellement du carrelage,<\/li>\n<li>la pose de carrelage sur les murs et les sols,<\/li>\n<li>la pose de carrelage int\u00e9rieur et ext\u00e9rieur,<\/li>\n<li>le retrait de vos carreaux existants,<\/li>\n<li>l&rsquo;enl\u00e8vement du parquet flottant,<\/li>\n<li>l&rsquo;installation de carrelage pour votre balcon.<\/li>\n<\/ul>\n<h2>Comment s\u00e9lectionner le carrelage adapt\u00e9 \u00e0 vos besoins ?<\/h2>\n<h3>Identifier l&#8217;emplacement o\u00f9 le carrelage sera install\u00e9<\/h3>\n<p>Identifier le lieu et l&rsquo;exposition au passage pi\u00e9tonnier\u202f? Les gens porteront-ils des chaussures ou des chaussettes en marchant sur le carrelage ? Vont-ils \u00eatre soumis \u00e0 l&rsquo;humidit\u00e9 ? Prenez aussi compte des diff\u00e9rentes surfaces qu&rsquo;il va recouvrir, comme : les murs, les sols, les plans de travail, etc.<\/p>\n<h3>Calculez le volume de carreaux<\/h3>\n<p>Pour calculer le nombre de carreaux requis pour votre projet, multipliez sa longueur par sa largeur et ajoutez \u00e0 peu pr\u00e8s 5 % pour obtenir une marge de s\u00e9curit\u00e9. Nous vous sugg\u00e9rons de conserver du carrelage en plus de sorte \u00e0 rattraper de possibles d\u00e9g\u00e2ts.<\/p>\n<h3>S\u00e9lectionnez le mat\u00e9riau<\/h3>\n<p>Les carreaux sont fabriqu\u00e9s avec plusieurs cat\u00e9gories de mat\u00e9riaux qui impactent : l\u2019apparence, la durabilit\u00e9, le prix et l&rsquo;entretien. D&rsquo;autre part, les finitions et la texture devraient par ailleurs \u00eatre prises en consid\u00e9ration pour trouver des carrelages qui sont \u00e0 vos gouts.<\/p>\n<h3>Entretien<\/h3>\n<p>Vous devez par ailleurs prendre en compte la complexit\u00e9 d&rsquo;entretien au moment de s\u00e9lectionner votre carrelage, par exemple : le nettoyage du carrelage avec un joint clair prend plus de temps du fait de leur tendance \u00e0 cumuler la crasse, ce qui les rend plus complexes \u00e0 laver par rapport aux autres coloris.<\/p>\n<h2>Contactez-nous pour avoir un rendez-vous<\/h2>\n<p>Notre soci\u00e9t\u00e9 form\u00e9e d&rsquo;experts dans l&rsquo;installation de carrelages \u00e0 Estavayer-le-lac savent que le choix de votre carrelage peut \u00eatre compliqu\u00e9, c&rsquo;est pourquoi notre \u00e9quipe est joignable du lundi au samedi pour vous fournir des conseils.<\/p>\n<h2>FAQ<\/h2>\n<h3>Quel est le fonctionnement de votre entreprise ?<\/h3>\n<ol>\n<li>Prise de rendez-vous par t\u00e9l\u00e9phone ou par email.<\/li>\n<li>Nous programmons ensemble le rendez-vous en fonction de votre agenda.<\/li>\n<li>Visite \u00e0 votre domicile pour d\u00e9finir le travail \u00e0 r\u00e9aliser.<\/li>\n<li>Nous lan\u00e7ons votre projet.<\/li>\n<\/ol>\n<h3>Votre soci\u00e9t\u00e9 intervient \u00e0 Estavayer-le-lac et dans les villes aux alentours ?<\/h3>\n<p>Oui, nous intervenons \u00e0 Estavayer-le-lac, cependant, notre \u00e9quipe op\u00e8re dans les villes aux environs, comme :<\/p>\nCheyres, Estavayer-le-Lac, Bollion, Lully FR, Seiry, Ch\u00e2tillon FR, Font, Ch\u00e2bles FR, Autavaux, Forel FR, Montbrelloz, Cugy FR, Vesin, Frasses, Montet (Broye), Aumont, Granges-de-Vesin, Nuvilly, Murist, Payerne, F\u00e9tigny, M\u00e9ni\u00e8res, Treytorrens (Payerne), Bussy FR, Morens FR, S\u00e9vaz, Rueyres-les-Pr\u00e9s, Grandcour, Chevroux, Vers-chez-Perrin, Trey, Ch\u00e2tonnaye, Corcelles-pr\u00e8s-Payerne, Missy, Cerniat FR, Middes, Cousset, Montagny-les-Monts, Grandsivaz, Mannens, Montagny-la-Ville.\n<h3>Quels sont les styles de carreaux les plus populaires que vous posez\u202f?<\/h3>\n<p>Voici les carrelages les plus recherch\u00e9s que nous installons :<\/p>\n<ul>\n<li>Le carrelage mosa\u00efque : v\u00e9ritable succ\u00e8s, ils rajoutent un style original \u00e0 votre foyer.<\/li>\n<li>Le carrelage de m\u00e9tro blanc : embl\u00e9matique, il ajoute une touche lumineuse \u00e0 votre salle de bain ou votre cuisine.<\/li>\n<li>Le carrelage de marbre : il est plus cher, mais il permet d&rsquo;apporter une touche luxe \u00e0 votre foyer.<\/li>\n<li>Le carrelage de c\u00e9ramique : peu co\u00fbteux, le carrelage en c\u00e9ramique a d&rsquo;innombrables avantages (simple \u00e0 entretenir, et disponibles dans de nombreuses teintes).<\/li>\n<li>Le carrelage en ciment : traditionnel, il permet d&rsquo;all\u00e9ger la d\u00e9coration de votre int\u00e9rieur.<\/li>\n<li>Le carrelage en porcelaine : il est similaire aux surfaces naturelles, il est r\u00e9sistant aux coups, changement de climat.<\/li>\n<\/ul>\n","protected":false},"excerpt":{"rendered":"<p>Artisanlocal est une entreprise de carrelage \u00e0 Estavayer-le-lac, nous installons du carrelage : classique, pour dosseret, de salle de bain ou pour votre parquet ! Nous intervenons aussi dans les villes \u00e0 proximit\u00e9 de Estavayer-le-lac. Quelle est la plus-value qu&rsquo;offre notre entreprise ? Pour votre projet d&rsquo;installation de carrelage \u00e0 Estavayer-le-lac, faites confiance \u00e0 Artisanlocal, [&hellip;]<\/p>\n","protected":false},"author":4,"featured_media":2804,"parent":0,"menu_order":0,"comment_status":"closed","ping_status":"closed","template":"","meta":{"footnotes":""},"profession":[119],"location":[42],"canton":[109],"class_list":["post-611","page","type-page","status-publish","has-post-thumbnail","hentry","profession-carreleur","location-estavayer-le-lac","canton-fr"],"yoast_head":"<!-- This site is optimized with the Yoast SEO Premium plugin v25.7.1 (Yoast SEO v27.4) - https:\/\/yoast.com\/product\/yoast-seo-premium-wordpress\/ -->\n<title>Entreprise de carrelage \u00e0 Estavayer-le-lac - Artisanlocal<\/title>\n<meta name=\"robots\" content=\"index, follow, max-snippet:-1, max-image-preview:large, max-video-preview:-1\" \/>\n<link rel=\"canonical\" href=\"https:\/\/www.artisanlocal.ch\/c\/entreprise-de-carreaux-a-estavayer-le-lac\/\" \/>\n<meta property=\"og:locale\" content=\"fr_FR\" \/>\n<meta property=\"og:type\" content=\"article\" \/>\n<meta property=\"og:title\" content=\"Entreprise de carrelage \u00e0 Estavayer-le-lac\" \/>\n<meta property=\"og:description\" content=\"Artisanlocal est une entreprise de carrelage \u00e0 Estavayer-le-lac, nous installons du carrelage : classique, pour dosseret, de salle de bain ou pour votre parquet ! Nous intervenons aussi dans les villes \u00e0 proximit\u00e9 de Estavayer-le-lac. Quelle est la plus-value qu&rsquo;offre notre entreprise ? Pour votre projet d&rsquo;installation de carrelage \u00e0 Estavayer-le-lac, faites confiance \u00e0 Artisanlocal, [&hellip;]\" \/>\n<meta property=\"og:url\" content=\"https:\/\/www.artisanlocal.ch\/c\/entreprise-de-carreaux-a-estavayer-le-lac\/\" \/>\n<meta property=\"og:site_name\" content=\"Artisanlocal\" \/>\n<meta property=\"article:modified_time\" content=\"2025-08-26T17:29:30+00:00\" \/>\n<meta property=\"og:image\" content=\"https:\/\/www.artisanlocal.ch\/c\/wp-content\/uploads\/2024\/11\/carreleur.jpg\" \/>\n\t<meta property=\"og:image:width\" content=\"1920\" \/>\n\t<meta property=\"og:image:height\" content=\"300\" \/>\n\t<meta property=\"og:image:type\" content=\"image\/jpeg\" \/>\n<meta name=\"twitter:card\" content=\"summary_large_image\" \/>\n<meta name=\"twitter:label1\" content=\"Dur\u00e9e de lecture estim\u00e9e\" \/>\n\t<meta name=\"twitter:data1\" content=\"4 minutes\" \/>\n<script type=\"application\/ld+json\" class=\"yoast-schema-graph\">{\"@context\":\"https:\\\/\\\/schema.org\",\"@graph\":[{\"@type\":\"WebPage\",\"@id\":\"https:\\\/\\\/www.artisanlocal.ch\\\/c\\\/entreprise-de-carreaux-a-estavayer-le-lac\\\/\",\"url\":\"https:\\\/\\\/www.artisanlocal.ch\\\/c\\\/entreprise-de-carreaux-a-estavayer-le-lac\\\/\",\"name\":\"Entreprise de carrelage \u00e0 Estavayer-le-lac - Artisanlocal\",\"isPartOf\":{\"@id\":\"https:\\\/\\\/www.artisanlocal.ch\\\/c\\\/#website\"},\"primaryImageOfPage\":{\"@id\":\"https:\\\/\\\/www.artisanlocal.ch\\\/c\\\/entreprise-de-carreaux-a-estavayer-le-lac\\\/#primaryimage\"},\"image\":{\"@id\":\"https:\\\/\\\/www.artisanlocal.ch\\\/c\\\/entreprise-de-carreaux-a-estavayer-le-lac\\\/#primaryimage\"},\"thumbnailUrl\":\"https:\\\/\\\/www.artisanlocal.ch\\\/c\\\/wp-content\\\/uploads\\\/2024\\\/11\\\/carreleur.jpg\",\"datePublished\":\"2024-04-21T07:21:25+00:00\",\"dateModified\":\"2025-08-26T17:29:30+00:00\",\"breadcrumb\":{\"@id\":\"https:\\\/\\\/www.artisanlocal.ch\\\/c\\\/entreprise-de-carreaux-a-estavayer-le-lac\\\/#breadcrumb\"},\"inLanguage\":\"fr-FR\",\"potentialAction\":[{\"@type\":\"ReadAction\",\"target\":[\"https:\\\/\\\/www.artisanlocal.ch\\\/c\\\/entreprise-de-carreaux-a-estavayer-le-lac\\\/\"]}]},{\"@type\":\"ImageObject\",\"inLanguage\":\"fr-FR\",\"@id\":\"https:\\\/\\\/www.artisanlocal.ch\\\/c\\\/entreprise-de-carreaux-a-estavayer-le-lac\\\/#primaryimage\",\"url\":\"https:\\\/\\\/www.artisanlocal.ch\\\/c\\\/wp-content\\\/uploads\\\/2024\\\/11\\\/carreleur.jpg\",\"contentUrl\":\"https:\\\/\\\/www.artisanlocal.ch\\\/c\\\/wp-content\\\/uploads\\\/2024\\\/11\\\/carreleur.jpg\",\"width\":1920,\"height\":300},{\"@type\":\"BreadcrumbList\",\"@id\":\"https:\\\/\\\/www.artisanlocal.ch\\\/c\\\/entreprise-de-carreaux-a-estavayer-le-lac\\\/#breadcrumb\",\"itemListElement\":[{\"@type\":\"ListItem\",\"position\":1,\"name\":\"Accueil\",\"item\":\"https:\\\/\\\/www.artisanlocal.ch\\\/c\\\/\"},{\"@type\":\"ListItem\",\"position\":2,\"name\":\"Entreprise de carrelage \u00e0 Estavayer-le-lac\"}]},{\"@type\":\"WebSite\",\"@id\":\"https:\\\/\\\/www.artisanlocal.ch\\\/c\\\/#website\",\"url\":\"https:\\\/\\\/www.artisanlocal.ch\\\/c\\\/\",\"name\":\"Artisanlocal\",\"description\":\"\",\"publisher\":{\"@id\":\"https:\\\/\\\/www.artisanlocal.ch\\\/c\\\/#organization\"},\"potentialAction\":[{\"@type\":\"SearchAction\",\"target\":{\"@type\":\"EntryPoint\",\"urlTemplate\":\"https:\\\/\\\/www.artisanlocal.ch\\\/c\\\/?s={search_term_string}\"},\"query-input\":{\"@type\":\"PropertyValueSpecification\",\"valueRequired\":true,\"valueName\":\"search_term_string\"}}],\"inLanguage\":\"fr-FR\"},{\"@type\":\"Organization\",\"@id\":\"https:\\\/\\\/www.artisanlocal.ch\\\/c\\\/#organization\",\"name\":\"Artisanlocal\",\"url\":\"https:\\\/\\\/www.artisanlocal.ch\\\/c\\\/\",\"logo\":{\"@type\":\"ImageObject\",\"inLanguage\":\"fr-FR\",\"@id\":\"https:\\\/\\\/www.artisanlocal.ch\\\/c\\\/#\\\/schema\\\/logo\\\/image\\\/\",\"url\":\"https:\\\/\\\/www.artisanlocal.ch\\\/c\\\/wp-content\\\/uploads\\\/2024\\\/02\\\/logo-artisanlocal-h.svg\",\"contentUrl\":\"https:\\\/\\\/www.artisanlocal.ch\\\/c\\\/wp-content\\\/uploads\\\/2024\\\/02\\\/logo-artisanlocal-h.svg\",\"caption\":\"Artisanlocal\"},\"image\":{\"@id\":\"https:\\\/\\\/www.artisanlocal.ch\\\/c\\\/#\\\/schema\\\/logo\\\/image\\\/\"}}]}<\/script>\n<!-- \/ Yoast SEO Premium plugin. -->","yoast_head_json":{"title":"Entreprise de carrelage \u00e0 Estavayer-le-lac - Artisanlocal","robots":{"index":"index","follow":"follow","max-snippet":"max-snippet:-1","max-image-preview":"max-image-preview:large","max-video-preview":"max-video-preview:-1"},"canonical":"https:\/\/www.artisanlocal.ch\/c\/entreprise-de-carreaux-a-estavayer-le-lac\/","og_locale":"fr_FR","og_type":"article","og_title":"Entreprise de carrelage \u00e0 Estavayer-le-lac","og_description":"Artisanlocal est une entreprise de carrelage \u00e0 Estavayer-le-lac, nous installons du carrelage : classique, pour dosseret, de salle de bain ou pour votre parquet ! Nous intervenons aussi dans les villes \u00e0 proximit\u00e9 de Estavayer-le-lac. Quelle est la plus-value qu&rsquo;offre notre entreprise ? Pour votre projet d&rsquo;installation de carrelage \u00e0 Estavayer-le-lac, faites confiance \u00e0 Artisanlocal, [&hellip;]","og_url":"https:\/\/www.artisanlocal.ch\/c\/entreprise-de-carreaux-a-estavayer-le-lac\/","og_site_name":"Artisanlocal","article_modified_time":"2025-08-26T17:29:30+00:00","og_image":[{"width":1920,"height":300,"url":"https:\/\/www.artisanlocal.ch\/c\/wp-content\/uploads\/2024\/11\/carreleur.jpg","type":"image\/jpeg"}],"twitter_card":"summary_large_image","twitter_misc":{"Dur\u00e9e de lecture estim\u00e9e":"4 minutes"},"schema":{"@context":"https:\/\/schema.org","@graph":[{"@type":"WebPage","@id":"https:\/\/www.artisanlocal.ch\/c\/entreprise-de-carreaux-a-estavayer-le-lac\/","url":"https:\/\/www.artisanlocal.ch\/c\/entreprise-de-carreaux-a-estavayer-le-lac\/","name":"Entreprise de carrelage \u00e0 Estavayer-le-lac - Artisanlocal","isPartOf":{"@id":"https:\/\/www.artisanlocal.ch\/c\/#website"},"primaryImageOfPage":{"@id":"https:\/\/www.artisanlocal.ch\/c\/entreprise-de-carreaux-a-estavayer-le-lac\/#primaryimage"},"image":{"@id":"https:\/\/www.artisanlocal.ch\/c\/entreprise-de-carreaux-a-estavayer-le-lac\/#primaryimage"},"thumbnailUrl":"https:\/\/www.artisanlocal.ch\/c\/wp-content\/uploads\/2024\/11\/carreleur.jpg","datePublished":"2024-04-21T07:21:25+00:00","dateModified":"2025-08-26T17:29:30+00:00","breadcrumb":{"@id":"https:\/\/www.artisanlocal.ch\/c\/entreprise-de-carreaux-a-estavayer-le-lac\/#breadcrumb"},"inLanguage":"fr-FR","potentialAction":[{"@type":"ReadAction","target":["https:\/\/www.artisanlocal.ch\/c\/entreprise-de-carreaux-a-estavayer-le-lac\/"]}]},{"@type":"ImageObject","inLanguage":"fr-FR","@id":"https:\/\/www.artisanlocal.ch\/c\/entreprise-de-carreaux-a-estavayer-le-lac\/#primaryimage","url":"https:\/\/www.artisanlocal.ch\/c\/wp-content\/uploads\/2024\/11\/carreleur.jpg","contentUrl":"https:\/\/www.artisanlocal.ch\/c\/wp-content\/uploads\/2024\/11\/carreleur.jpg","width":1920,"height":300},{"@type":"BreadcrumbList","@id":"https:\/\/www.artisanlocal.ch\/c\/entreprise-de-carreaux-a-estavayer-le-lac\/#breadcrumb","itemListElement":[{"@type":"ListItem","position":1,"name":"Accueil","item":"https:\/\/www.artisanlocal.ch\/c\/"},{"@type":"ListItem","position":2,"name":"Entreprise de carrelage \u00e0 Estavayer-le-lac"}]},{"@type":"WebSite","@id":"https:\/\/www.artisanlocal.ch\/c\/#website","url":"https:\/\/www.artisanlocal.ch\/c\/","name":"Artisanlocal","description":"","publisher":{"@id":"https:\/\/www.artisanlocal.ch\/c\/#organization"},"potentialAction":[{"@type":"SearchAction","target":{"@type":"EntryPoint","urlTemplate":"https:\/\/www.artisanlocal.ch\/c\/?s={search_term_string}"},"query-input":{"@type":"PropertyValueSpecification","valueRequired":true,"valueName":"search_term_string"}}],"inLanguage":"fr-FR"},{"@type":"Organization","@id":"https:\/\/www.artisanlocal.ch\/c\/#organization","name":"Artisanlocal","url":"https:\/\/www.artisanlocal.ch\/c\/","logo":{"@type":"ImageObject","inLanguage":"fr-FR","@id":"https:\/\/www.artisanlocal.ch\/c\/#\/schema\/logo\/image\/","url":"https:\/\/www.artisanlocal.ch\/c\/wp-content\/uploads\/2024\/02\/logo-artisanlocal-h.svg","contentUrl":"https:\/\/www.artisanlocal.ch\/c\/wp-content\/uploads\/2024\/02\/logo-artisanlocal-h.svg","caption":"Artisanlocal"},"image":{"@id":"https:\/\/www.artisanlocal.ch\/c\/#\/schema\/logo\/image\/"}}]}},"_links":{"self":[{"href":"https:\/\/www.artisanlocal.ch\/c\/wp-json\/wp\/v2\/pages\/611","targetHints":{"allow":["GET"]}}],"collection":[{"href":"https:\/\/www.artisanlocal.ch\/c\/wp-json\/wp\/v2\/pages"}],"about":[{"href":"https:\/\/www.artisanlocal.ch\/c\/wp-json\/wp\/v2\/types\/page"}],"author":[{"embeddable":true,"href":"https:\/\/www.artisanlocal.ch\/c\/wp-json\/wp\/v2\/users\/4"}],"replies":[{"embeddable":true,"href":"https:\/\/www.artisanlocal.ch\/c\/wp-json\/wp\/v2\/comments?post=611"}],"version-history":[{"count":0,"href":"https:\/\/www.artisanlocal.ch\/c\/wp-json\/wp\/v2\/pages\/611\/revisions"}],"wp:featuredmedia":[{"embeddable":true,"href":"https:\/\/www.artisanlocal.ch\/c\/wp-json\/wp\/v2\/media\/2804"}],"wp:attachment":[{"href":"https:\/\/www.artisanlocal.ch\/c\/wp-json\/wp\/v2\/media?parent=611"}],"wp:term":[{"taxonomy":"profession","embeddable":true,"href":"https:\/\/www.artisanlocal.ch\/c\/wp-json\/wp\/v2\/profession?post=611"},{"taxonomy":"location","embeddable":true,"href":"https:\/\/www.artisanlocal.ch\/c\/wp-json\/wp\/v2\/location?post=611"},{"taxonomy":"canton","embeddable":true,"href":"https:\/\/www.artisanlocal.ch\/c\/wp-json\/wp\/v2\/canton?post=611"}],"curies":[{"name":"wp","href":"https:\/\/api.w.org\/{rel}","templated":true}]}}