{"id":612,"date":"2024-04-21T04:28:43","date_gmt":"2024-04-21T02:28:43","guid":{"rendered":"https:\/\/www.artisanlocal.ch\/c\/besoin-dun-specialiste-pour-linstallation-de-votre-carrelage-a-chardonne\/"},"modified":"2025-11-27T14:41:43","modified_gmt":"2025-11-27T13:41:43","slug":"besoin-dun-specialiste-pour-linstallation-de-votre-carrelage-a-chardonne","status":"publish","type":"page","link":"https:\/\/www.artisanlocal.ch\/c\/besoin-dun-specialiste-pour-linstallation-de-votre-carrelage-a-chardonne\/","title":{"rendered":"Entreprise de carrelage \u00e0 Chardonne"},"content":{"rendered":"<p>Besoin d&rsquo;une entreprise de carrelage \u00e0 Chardonne ? Artisanlocal intervient aupr\u00e8s des professionnels et particuliers \u00e0 Chardonne et dans les villes proches.<\/p>\n\r\n<div class=\"box\">\r\n            <div class=\"company-info\">\r\n            <img decoding=\"async\" class=\"company-info__logo\" src=\"https:\/\/www.artisanlocal.ch\/media\/cache\/thumb\/images\/companies\/favre-carrelage.jpg\" alt=\"Logo\">\r\n            <h2 class=\"company-info__name\">Favre Carrelage<\/h2>\r\n            <p class=\"company-info__business\">Entreprise de carrelage - Pierres naturelles - Terrasse - Salle de bain - Vente - Pose - Conseils personnalis\u00e9s - \u00c9tude - D\u00e9pannage<\/p>\r\n        <\/div>\r\n        <div class=\"company-contact\">\r\n            <p class=\"company-info__address\">Chemin de Saudex 11<\/p>\r\n                            <div class=\"links\">\r\n                                            <a class=\"btn has-accent-background-color js-phoneNumber\" href=\"tel:0793741776\" title=\"Appelez\" data-id=\"1982\" data-type=\"11\">079 374 17 76<\/a>\r\n                                                                <a class=\"btn has-accent-background-color\" href=\"https:\/\/www.favre-carrelage.ch\/\" target=\"_blank\" title=\"Voir le site internet\" data-id=\"1982\" data-type=\"20\">Site internet<\/a>\r\n                                    <\/div>\r\n                    <\/div>\r\n    \r\n            \r\n<form action=\"https:\/\/www.artisanlocal.ch\/c\/wp-admin\/admin-ajax.php\" method=\"post\" class=\"form-contact\" id=\"artisan_form_contact_company_inline\">\r\n    <div><input type=\"hidden\" name=\"action\" value=\"company_contact\"><\/div>\r\n    <div><input type=\"hidden\" name=\"nonce\" value=\"8f9b7fcae5\"><\/div>\r\n    <div><input type=\"hidden\" name=\"company_id\" value=\"1982\"><\/div>\r\n    <div><input type=\"hidden\" name=\"form_id\" value=\"artisan_form_contact_company_inline\"><\/div>\r\n    <div class=\"gglcptch gglcptch_v3 gglcptch_custom\"><input type=\"hidden\" id=\"g-recaptcha-response\" name=\"g-recaptcha-response\" \/><br \/><div class=\"gglcptch_error_text\">La p\u00e9riode de v\u00e9rification reCAPTCHA a expir\u00e9. Veuillez recharger la page.<\/div><\/div>    <div class=\"form-content\">\r\n        <div class=\"form-group\">\r\n            <label for=\"contact_firstName\" class=\"required\">Pr\u00e9nom<\/label>\r\n            <input type=\"text\" name=\"firstName\" class=\"form-control\" required>\r\n        <\/div>\r\n        <div class=\"form-group\">\r\n            <label for=\"contact_lastName\" class=\"required\">Nom<\/label>\r\n            <input type=\"text\" name=\"lastName\" class=\"form-control\" required>\r\n        <\/div>\r\n        <div class=\"form-group\">\r\n            <label for=\"contact_email\" class=\"required\">Email<\/label>\r\n            <input type=\"email\" name=\"email\" class=\"form-control\" required>\r\n        <\/div>\r\n        <div class=\"form-group\">\r\n            <label for=\"contact_phone\" class=\"required\">Num\u00e9ro de t\u00e9l\u00e9phone<\/label>\r\n            <input type=\"tel\" name=\"phone\" class=\"form-control\" placeholder=\"0787117165\" pattern=\"^[0-9]{10}$\" required>\r\n        <\/div>\r\n        <div class=\"form-group\">\r\n            <label for=\"contact_postalCode\" class=\"required\">Code postal et localit\u00e9<\/label>\r\n            <input type=\"text\" name=\"postalCode\" class=\"form-control\" required>\r\n        <\/div>\r\n        <div class=\"form-group\">\r\n            <label for=\"contact_address\" class=\"required\">Adresse<\/label>\r\n            <input type=\"text\" name=\"address\" class=\"form-control\" required>\r\n        <\/div>\r\n        <div class=\"full-width topic\">\r\n            <p class=\"required\">Je souhaite \u00eatre contact\u00e9 pour :<\/p>\r\n            <div class=\"form-check\">\r\n                <input type=\"radio\" name=\"topic\" value=\"D\u00e9pannage\" class=\"form-control\" required>\r\n                <label for=\"d\u00e9pannage\">D\u00e9pannage<\/label>\r\n            <\/div>\r\n            <div class=\"form-check\">\r\n                <input type=\"radio\" name=\"topic\" value=\"Entretien\" class=\"form-control\" required>\r\n                <label for=\"entretien\">Entretien<\/label>\r\n            <\/div>\r\n            <div class=\"form-check\">\r\n                <input type=\"radio\" name=\"topic\" value=\"R\u00e9novation\" class=\"form-control\" required>\r\n                <label for=\"r\u00e9novation\">R\u00e9novation<\/label>\r\n            <\/div>\r\n            <div class=\"form-check\">\r\n                <input type=\"radio\" name=\"topic\" value=\"Autre\" class=\"form-control\" required>\r\n                <label for=\"autre\">Autre<\/label>\r\n            <\/div>\r\n        <\/div>\r\n        <div class=\"form-group full-width\">\r\n            <label for=\"contact_message\">Message<\/label>\r\n            <textarea name=\"message\" rows=\"3\" class=\"form-control\"><\/textarea>\r\n        <\/div>\r\n    <\/div>\r\n    <div class=\"form-actions\">\r\n        <button class=\"wp-block-button__link has-accent-background-color\">Contacter<\/button>\r\n    <\/div>\r\n<\/form>\r\n<div class=\"form-feedback\"><\/div>    <\/div>\n<h2>Pourquoi choisir Artisanlocal ?<\/h2>\n<ul>\n<li>Nos prix sont attractifs,<\/li>\n<li>utilisation de carrelage premium,<\/li>\n<li>soci\u00e9t\u00e9 est situ\u00e9e \u00e0 Chardonne pour intervenir rapidement chez vous,<\/li>\n<li>des conseils personnalis\u00e9s pour vous aider \u00e0 choisir votre carrelage,<\/li>\n<li>des devis gratuits,<\/li>\n<li>une \u00e9quipe exp\u00e9riment\u00e9e,<\/li>\n<li>un partenaire s\u00fbr et fiable : nous collaborons avec de grands groupes et des entreprises d&rsquo;architectures.<\/li>\n<\/ul>\n<h2>Recevez un devis gratuit pour l&rsquo;installation de votre carrelage<\/h2>\n<p>Sollicitez notre \u00e9quipe pour avoir un devis gratuit et d\u00e9taill\u00e9, nous prendrons contact avec vous d\u00e8s que possible pour \u00e9valuer le co\u00fbt de votre projet.<\/p>\n<h2>Nos services<\/h2>\n<ul>\n<li>Installation : parquet, carrelage, fa\u00efence, et autres mod\u00e8les de carrelages,<\/li>\n<li>conseil pour vous aider \u00e0 choisir votre carrelage,<\/li>\n<li>pose des joints,<\/li>\n<li>pose de carrelage en zone int\u00e9rieure et ext\u00e9rieure,<\/li>\n<li>enl\u00e8vement de votre carrelage et parquet flottant.<\/li>\n<\/ul>\n<h2>Comment trouver votre carrelage id\u00e9al ?<\/h2>\n<h3>Bien d\u00e9terminer la zone de la pose<\/h3>\n<p>\u00c9tudiez l&#8217;emplacement et le trafic potentiel que le carrelage. Si passage, les gens porteront-ils des chaussures ou des chaussettes en marchant dessus ? Sera-t-il confront\u00e9 aux milieux humides\u202f? Prenez aussi compte des diff\u00e9rentes surfaces qu&rsquo;il va recouvrir, par exemple : les murs, les sols ou les plans de travail.<\/p>\n<h3>D\u00e9terminez le volume de carrelage<\/h3>\n<p>Pour d\u00e9terminer le volume de carrelage pour votre projet, multipliez sa largeur par sa longueur et ajoutez environ 5 % pour disposer d&rsquo;une marge de s\u00e9curit\u00e9. Nous sugg\u00e9rons de garder du carrelage suppl\u00e9mentaire en cas de dommages.<\/p>\n<h3>Bien choisir le mat\u00e9riau<\/h3>\n<p>Le mat\u00e9riau a un effet sur : l\u2019apparence, la long\u00e9vit\u00e9 et le montant de l&rsquo;entretien. Par ailleurs, les finitions et la texture devraient par ailleurs \u00eatre prises en compte pour trouver le carrelage le plus adapt\u00e9.<\/p>\n<h3>Nettoyage<\/h3>\n<p>Il faut prendre en compte la complexit\u00e9 de l&rsquo;entretien au moment de choisir votre carrelage, exemple : le nettoyage du carrelage avec un joint clair prend plus de temps en raison de leur tendance \u00e0 accumuler la salet\u00e9, ce qui les rend plus complexes \u00e0 nettoyer par rapport aux autres coloris.<\/p>\n<h2>Contacter notre entreprise Artisanlocal pour prendre un rendez-vous<\/h2>\n<p>Nos carreleurs \u00e0 Chardonne savent que choisir son carrelage peut \u00eatre compliqu\u00e9, c&rsquo;est pourquoi notre \u00e9quipe est disponible du lundi au samedi pour vous donner des conseils.<\/p>\n<h2>FAQ<\/h2>\n<h3>De quelle mani\u00e8re fonctionne votre soci\u00e9t\u00e9 ?<\/h3>\n<ol>\n<li>Prise de contact par email ou par t\u00e9l\u00e9phone.<\/li>\n<li>Par la suite, nous planifions un rendez-vous avec vous.<\/li>\n<li>Notre \u00e9quipe se d\u00e9place chez vous pour d\u00e9terminer le volume de carrelage \u00e0 installer.<\/li>\n<li>D\u00e9but de votre projet.<\/li>\n<\/ol>\n<h3>Intervenez-vous dans les villes proches \u00e0 Chardonne ?<\/h3>\n<p>Oui, nous nous d\u00e9pla\u00e7ons \u00e0 Chardonne, mais aussi dans les communes aux alentours, telles que :<\/p>\nPuidoux, Chexbres, Rivaz, St-Saphorin (Lavaux), Aran, Chenaux, Grandvaux, Cully, Villette (Lavaux), Riex, Epesses, Vevey, Le Mont-P\u00e8lerin, Corseaux, Corsier-sur-Vevey, Jongny, St-L\u00e9gier-La Chi\u00e9saz, Blonay, Les Monts-de-Corsier, Fenil-sur-Corsier, La Tour-de-Peilz, Clarens, Chailly-Montreux, Brent, Montreux, Territet, Veytaux, Chernex, Glion, Caux, Chamby, Villard-sur-Chamby, Les Avants.\n<h3>Quels sont les types de carreaux les plus r\u00e9pandus\u202f?<\/h3>\n<p>Voici les carrelages que nous installons le plus\u00a0 :<\/p>\n<ul>\n<li>Mosa\u00efque.<\/li>\n<li>m\u00e9tro blanc.<\/li>\n<li>marbre.<\/li>\n<li>c\u00e9ramique.<\/li>\n<li>ciment.<\/li>\n<li>porcelaine.<\/li>\n<\/ul>\n","protected":false},"excerpt":{"rendered":"<p>Besoin d&rsquo;une entreprise de carrelage \u00e0 Chardonne ? Artisanlocal intervient aupr\u00e8s des professionnels et particuliers \u00e0 Chardonne et dans les villes proches. Pourquoi choisir Artisanlocal ? Nos prix sont attractifs, utilisation de carrelage premium, soci\u00e9t\u00e9 est situ\u00e9e \u00e0 Chardonne pour intervenir rapidement chez vous, des conseils personnalis\u00e9s pour vous aider \u00e0 choisir votre carrelage, des [&hellip;]<\/p>\n","protected":false},"author":4,"featured_media":2804,"parent":0,"menu_order":0,"comment_status":"closed","ping_status":"closed","template":"","meta":{"footnotes":""},"profession":[119],"location":[54],"canton":[113],"class_list":["post-612","page","type-page","status-publish","has-post-thumbnail","hentry","profession-carreleur","location-chardonne","canton-vd"],"yoast_head":"<!-- This site is optimized with the Yoast SEO Premium plugin v25.7.1 (Yoast SEO v27.6) - https:\/\/yoast.com\/product\/yoast-seo-premium-wordpress\/ -->\n<title>Entreprise de carrelage \u00e0 Chardonne - Artisanlocal<\/title>\n<meta name=\"robots\" content=\"index, follow, max-snippet:-1, max-image-preview:large, max-video-preview:-1\" \/>\n<link rel=\"canonical\" href=\"https:\/\/www.artisanlocal.ch\/c\/besoin-dun-specialiste-pour-linstallation-de-votre-carrelage-a-chardonne\/\" \/>\n<meta property=\"og:locale\" content=\"fr_FR\" \/>\n<meta property=\"og:type\" content=\"article\" \/>\n<meta property=\"og:title\" content=\"Entreprise de carrelage \u00e0 Chardonne\" \/>\n<meta property=\"og:description\" content=\"Besoin d&rsquo;une entreprise de carrelage \u00e0 Chardonne ? Artisanlocal intervient aupr\u00e8s des professionnels et particuliers \u00e0 Chardonne et dans les villes proches. Pourquoi choisir Artisanlocal ? Nos prix sont attractifs, utilisation de carrelage premium, soci\u00e9t\u00e9 est situ\u00e9e \u00e0 Chardonne pour intervenir rapidement chez vous, des conseils personnalis\u00e9s pour vous aider \u00e0 choisir votre carrelage, des [&hellip;]\" \/>\n<meta property=\"og:url\" content=\"https:\/\/www.artisanlocal.ch\/c\/besoin-dun-specialiste-pour-linstallation-de-votre-carrelage-a-chardonne\/\" \/>\n<meta property=\"og:site_name\" content=\"Artisanlocal\" \/>\n<meta property=\"article:modified_time\" content=\"2025-11-27T13:41:43+00:00\" \/>\n<meta property=\"og:image\" content=\"https:\/\/www.artisanlocal.ch\/c\/wp-content\/uploads\/2024\/11\/carreleur.jpg\" \/>\n\t<meta property=\"og:image:width\" content=\"1920\" \/>\n\t<meta property=\"og:image:height\" content=\"300\" \/>\n\t<meta property=\"og:image:type\" content=\"image\/jpeg\" \/>\n<meta name=\"twitter:card\" content=\"summary_large_image\" \/>\n<meta name=\"twitter:label1\" content=\"Dur\u00e9e de lecture estim\u00e9e\" \/>\n\t<meta name=\"twitter:data1\" content=\"3 minutes\" \/>\n<script type=\"application\/ld+json\" class=\"yoast-schema-graph\">{\"@context\":\"https:\\\/\\\/schema.org\",\"@graph\":[{\"@type\":\"WebPage\",\"@id\":\"https:\\\/\\\/www.artisanlocal.ch\\\/c\\\/besoin-dun-specialiste-pour-linstallation-de-votre-carrelage-a-chardonne\\\/\",\"url\":\"https:\\\/\\\/www.artisanlocal.ch\\\/c\\\/besoin-dun-specialiste-pour-linstallation-de-votre-carrelage-a-chardonne\\\/\",\"name\":\"Entreprise de carrelage \u00e0 Chardonne - Artisanlocal\",\"isPartOf\":{\"@id\":\"https:\\\/\\\/www.artisanlocal.ch\\\/c\\\/#website\"},\"primaryImageOfPage\":{\"@id\":\"https:\\\/\\\/www.artisanlocal.ch\\\/c\\\/besoin-dun-specialiste-pour-linstallation-de-votre-carrelage-a-chardonne\\\/#primaryimage\"},\"image\":{\"@id\":\"https:\\\/\\\/www.artisanlocal.ch\\\/c\\\/besoin-dun-specialiste-pour-linstallation-de-votre-carrelage-a-chardonne\\\/#primaryimage\"},\"thumbnailUrl\":\"https:\\\/\\\/www.artisanlocal.ch\\\/c\\\/wp-content\\\/uploads\\\/2024\\\/11\\\/carreleur.jpg\",\"datePublished\":\"2024-04-21T02:28:43+00:00\",\"dateModified\":\"2025-11-27T13:41:43+00:00\",\"breadcrumb\":{\"@id\":\"https:\\\/\\\/www.artisanlocal.ch\\\/c\\\/besoin-dun-specialiste-pour-linstallation-de-votre-carrelage-a-chardonne\\\/#breadcrumb\"},\"inLanguage\":\"fr-FR\",\"potentialAction\":[{\"@type\":\"ReadAction\",\"target\":[\"https:\\\/\\\/www.artisanlocal.ch\\\/c\\\/besoin-dun-specialiste-pour-linstallation-de-votre-carrelage-a-chardonne\\\/\"]}]},{\"@type\":\"ImageObject\",\"inLanguage\":\"fr-FR\",\"@id\":\"https:\\\/\\\/www.artisanlocal.ch\\\/c\\\/besoin-dun-specialiste-pour-linstallation-de-votre-carrelage-a-chardonne\\\/#primaryimage\",\"url\":\"https:\\\/\\\/www.artisanlocal.ch\\\/c\\\/wp-content\\\/uploads\\\/2024\\\/11\\\/carreleur.jpg\",\"contentUrl\":\"https:\\\/\\\/www.artisanlocal.ch\\\/c\\\/wp-content\\\/uploads\\\/2024\\\/11\\\/carreleur.jpg\",\"width\":1920,\"height\":300},{\"@type\":\"BreadcrumbList\",\"@id\":\"https:\\\/\\\/www.artisanlocal.ch\\\/c\\\/besoin-dun-specialiste-pour-linstallation-de-votre-carrelage-a-chardonne\\\/#breadcrumb\",\"itemListElement\":[{\"@type\":\"ListItem\",\"position\":1,\"name\":\"Accueil\",\"item\":\"https:\\\/\\\/www.artisanlocal.ch\\\/c\\\/\"},{\"@type\":\"ListItem\",\"position\":2,\"name\":\"Entreprise de carrelage \u00e0 Chardonne\"}]},{\"@type\":\"WebSite\",\"@id\":\"https:\\\/\\\/www.artisanlocal.ch\\\/c\\\/#website\",\"url\":\"https:\\\/\\\/www.artisanlocal.ch\\\/c\\\/\",\"name\":\"Artisanlocal\",\"description\":\"\",\"publisher\":{\"@id\":\"https:\\\/\\\/www.artisanlocal.ch\\\/c\\\/#organization\"},\"potentialAction\":[{\"@type\":\"SearchAction\",\"target\":{\"@type\":\"EntryPoint\",\"urlTemplate\":\"https:\\\/\\\/www.artisanlocal.ch\\\/c\\\/?s={search_term_string}\"},\"query-input\":{\"@type\":\"PropertyValueSpecification\",\"valueRequired\":true,\"valueName\":\"search_term_string\"}}],\"inLanguage\":\"fr-FR\"},{\"@type\":\"Organization\",\"@id\":\"https:\\\/\\\/www.artisanlocal.ch\\\/c\\\/#organization\",\"name\":\"Artisanlocal\",\"url\":\"https:\\\/\\\/www.artisanlocal.ch\\\/c\\\/\",\"logo\":{\"@type\":\"ImageObject\",\"inLanguage\":\"fr-FR\",\"@id\":\"https:\\\/\\\/www.artisanlocal.ch\\\/c\\\/#\\\/schema\\\/logo\\\/image\\\/\",\"url\":\"https:\\\/\\\/www.artisanlocal.ch\\\/c\\\/wp-content\\\/uploads\\\/2024\\\/02\\\/logo-artisanlocal-h.svg\",\"contentUrl\":\"https:\\\/\\\/www.artisanlocal.ch\\\/c\\\/wp-content\\\/uploads\\\/2024\\\/02\\\/logo-artisanlocal-h.svg\",\"caption\":\"Artisanlocal\"},\"image\":{\"@id\":\"https:\\\/\\\/www.artisanlocal.ch\\\/c\\\/#\\\/schema\\\/logo\\\/image\\\/\"}}]}<\/script>\n<!-- \/ Yoast SEO Premium plugin. -->","yoast_head_json":{"title":"Entreprise de carrelage \u00e0 Chardonne - Artisanlocal","robots":{"index":"index","follow":"follow","max-snippet":"max-snippet:-1","max-image-preview":"max-image-preview:large","max-video-preview":"max-video-preview:-1"},"canonical":"https:\/\/www.artisanlocal.ch\/c\/besoin-dun-specialiste-pour-linstallation-de-votre-carrelage-a-chardonne\/","og_locale":"fr_FR","og_type":"article","og_title":"Entreprise de carrelage \u00e0 Chardonne","og_description":"Besoin d&rsquo;une entreprise de carrelage \u00e0 Chardonne ? Artisanlocal intervient aupr\u00e8s des professionnels et particuliers \u00e0 Chardonne et dans les villes proches. Pourquoi choisir Artisanlocal ? Nos prix sont attractifs, utilisation de carrelage premium, soci\u00e9t\u00e9 est situ\u00e9e \u00e0 Chardonne pour intervenir rapidement chez vous, des conseils personnalis\u00e9s pour vous aider \u00e0 choisir votre carrelage, des [&hellip;]","og_url":"https:\/\/www.artisanlocal.ch\/c\/besoin-dun-specialiste-pour-linstallation-de-votre-carrelage-a-chardonne\/","og_site_name":"Artisanlocal","article_modified_time":"2025-11-27T13:41:43+00:00","og_image":[{"width":1920,"height":300,"url":"https:\/\/www.artisanlocal.ch\/c\/wp-content\/uploads\/2024\/11\/carreleur.jpg","type":"image\/jpeg"}],"twitter_card":"summary_large_image","twitter_misc":{"Dur\u00e9e de lecture estim\u00e9e":"3 minutes"},"schema":{"@context":"https:\/\/schema.org","@graph":[{"@type":"WebPage","@id":"https:\/\/www.artisanlocal.ch\/c\/besoin-dun-specialiste-pour-linstallation-de-votre-carrelage-a-chardonne\/","url":"https:\/\/www.artisanlocal.ch\/c\/besoin-dun-specialiste-pour-linstallation-de-votre-carrelage-a-chardonne\/","name":"Entreprise de carrelage \u00e0 Chardonne - Artisanlocal","isPartOf":{"@id":"https:\/\/www.artisanlocal.ch\/c\/#website"},"primaryImageOfPage":{"@id":"https:\/\/www.artisanlocal.ch\/c\/besoin-dun-specialiste-pour-linstallation-de-votre-carrelage-a-chardonne\/#primaryimage"},"image":{"@id":"https:\/\/www.artisanlocal.ch\/c\/besoin-dun-specialiste-pour-linstallation-de-votre-carrelage-a-chardonne\/#primaryimage"},"thumbnailUrl":"https:\/\/www.artisanlocal.ch\/c\/wp-content\/uploads\/2024\/11\/carreleur.jpg","datePublished":"2024-04-21T02:28:43+00:00","dateModified":"2025-11-27T13:41:43+00:00","breadcrumb":{"@id":"https:\/\/www.artisanlocal.ch\/c\/besoin-dun-specialiste-pour-linstallation-de-votre-carrelage-a-chardonne\/#breadcrumb"},"inLanguage":"fr-FR","potentialAction":[{"@type":"ReadAction","target":["https:\/\/www.artisanlocal.ch\/c\/besoin-dun-specialiste-pour-linstallation-de-votre-carrelage-a-chardonne\/"]}]},{"@type":"ImageObject","inLanguage":"fr-FR","@id":"https:\/\/www.artisanlocal.ch\/c\/besoin-dun-specialiste-pour-linstallation-de-votre-carrelage-a-chardonne\/#primaryimage","url":"https:\/\/www.artisanlocal.ch\/c\/wp-content\/uploads\/2024\/11\/carreleur.jpg","contentUrl":"https:\/\/www.artisanlocal.ch\/c\/wp-content\/uploads\/2024\/11\/carreleur.jpg","width":1920,"height":300},{"@type":"BreadcrumbList","@id":"https:\/\/www.artisanlocal.ch\/c\/besoin-dun-specialiste-pour-linstallation-de-votre-carrelage-a-chardonne\/#breadcrumb","itemListElement":[{"@type":"ListItem","position":1,"name":"Accueil","item":"https:\/\/www.artisanlocal.ch\/c\/"},{"@type":"ListItem","position":2,"name":"Entreprise de carrelage \u00e0 Chardonne"}]},{"@type":"WebSite","@id":"https:\/\/www.artisanlocal.ch\/c\/#website","url":"https:\/\/www.artisanlocal.ch\/c\/","name":"Artisanlocal","description":"","publisher":{"@id":"https:\/\/www.artisanlocal.ch\/c\/#organization"},"potentialAction":[{"@type":"SearchAction","target":{"@type":"EntryPoint","urlTemplate":"https:\/\/www.artisanlocal.ch\/c\/?s={search_term_string}"},"query-input":{"@type":"PropertyValueSpecification","valueRequired":true,"valueName":"search_term_string"}}],"inLanguage":"fr-FR"},{"@type":"Organization","@id":"https:\/\/www.artisanlocal.ch\/c\/#organization","name":"Artisanlocal","url":"https:\/\/www.artisanlocal.ch\/c\/","logo":{"@type":"ImageObject","inLanguage":"fr-FR","@id":"https:\/\/www.artisanlocal.ch\/c\/#\/schema\/logo\/image\/","url":"https:\/\/www.artisanlocal.ch\/c\/wp-content\/uploads\/2024\/02\/logo-artisanlocal-h.svg","contentUrl":"https:\/\/www.artisanlocal.ch\/c\/wp-content\/uploads\/2024\/02\/logo-artisanlocal-h.svg","caption":"Artisanlocal"},"image":{"@id":"https:\/\/www.artisanlocal.ch\/c\/#\/schema\/logo\/image\/"}}]}},"_links":{"self":[{"href":"https:\/\/www.artisanlocal.ch\/c\/wp-json\/wp\/v2\/pages\/612","targetHints":{"allow":["GET"]}}],"collection":[{"href":"https:\/\/www.artisanlocal.ch\/c\/wp-json\/wp\/v2\/pages"}],"about":[{"href":"https:\/\/www.artisanlocal.ch\/c\/wp-json\/wp\/v2\/types\/page"}],"author":[{"embeddable":true,"href":"https:\/\/www.artisanlocal.ch\/c\/wp-json\/wp\/v2\/users\/4"}],"replies":[{"embeddable":true,"href":"https:\/\/www.artisanlocal.ch\/c\/wp-json\/wp\/v2\/comments?post=612"}],"version-history":[{"count":0,"href":"https:\/\/www.artisanlocal.ch\/c\/wp-json\/wp\/v2\/pages\/612\/revisions"}],"wp:featuredmedia":[{"embeddable":true,"href":"https:\/\/www.artisanlocal.ch\/c\/wp-json\/wp\/v2\/media\/2804"}],"wp:attachment":[{"href":"https:\/\/www.artisanlocal.ch\/c\/wp-json\/wp\/v2\/media?parent=612"}],"wp:term":[{"taxonomy":"profession","embeddable":true,"href":"https:\/\/www.artisanlocal.ch\/c\/wp-json\/wp\/v2\/profession?post=612"},{"taxonomy":"location","embeddable":true,"href":"https:\/\/www.artisanlocal.ch\/c\/wp-json\/wp\/v2\/location?post=612"},{"taxonomy":"canton","embeddable":true,"href":"https:\/\/www.artisanlocal.ch\/c\/wp-json\/wp\/v2\/canton?post=612"}],"curies":[{"name":"wp","href":"https:\/\/api.w.org\/{rel}","templated":true}]}}