{"id":613,"date":"2024-04-21T23:46:28","date_gmt":"2024-04-21T21:46:28","guid":{"rendered":"https:\/\/www.artisanlocal.ch\/c\/societe-specialisee-dans-la-pose-de-carrelage-a-renens\/"},"modified":"2025-08-26T19:29:14","modified_gmt":"2025-08-26T17:29:14","slug":"societe-specialisee-dans-la-pose-de-carrelage-a-renens","status":"publish","type":"page","link":"https:\/\/www.artisanlocal.ch\/c\/societe-specialisee-dans-la-pose-de-carrelage-a-renens\/","title":{"rendered":"Soci\u00e9t\u00e9 sp\u00e9cialis\u00e9e dans la pose de carrelage \u00e0 Renens VD ?"},"content":{"rendered":"<p>Pour recevoir des devis en ligne, contactez-nous. Notre entreprise Artisanlocal offre des services en pose de carrelage classique, de carreaux de dosseret, de carreaux \u00e0 l&rsquo;int\u00e9rieur de votre salle d&rsquo;eau ou sur votre sol ! Nous proposons \u00e0 notre client\u00e8le nos services dans les localit\u00e9s \u00e0 proximit\u00e9 de Renens VD.<\/p>\n\r\n<div class=\"box\">\r\n            <div class=\"company-info\">\r\n            <img decoding=\"async\" class=\"company-info__logo\" src=\"https:\/\/www.artisanlocal.ch\/media\/cache\/thumb\/images\/companies\/69d7b91d88c5c229406028.png\" alt=\"Logo\">\r\n            <h2 class=\"company-info__name\">DAENZER CARRELAGES<\/h2>\r\n            <p class=\"company-info__business\">Entreprise de carrelage \u2013 R\u00e9novations, neuf et entretiens \u2013 Diagnostic amiante \u2013 Expert en cas de litige<\/p>\r\n        <\/div>\r\n        <div class=\"company-contact\">\r\n            <p class=\"company-info__address\">Chemin de Bellevue 20<\/p>\r\n                            <div class=\"links\">\r\n                                            <a class=\"btn has-accent-background-color js-phoneNumber\" href=\"tel:0792332963\" title=\"Appelez\" data-id=\"714\" data-type=\"11\">079 233 29 63<\/a>\r\n                                                                <a class=\"btn has-accent-background-color\" href=\"http:\/\/www.daenzer.com\/\" target=\"_blank\" title=\"Voir le site internet\" data-id=\"714\" data-type=\"20\">Site internet<\/a>\r\n                                    <\/div>\r\n                    <\/div>\r\n    \r\n            \r\n<form action=\"https:\/\/www.artisanlocal.ch\/c\/wp-admin\/admin-ajax.php\" method=\"post\" class=\"form-contact\" id=\"artisan_form_contact_company_inline\">\r\n    <div><input type=\"hidden\" name=\"action\" value=\"company_contact\"><\/div>\r\n    <div><input type=\"hidden\" name=\"nonce\" value=\"1dbf28e6f0\"><\/div>\r\n    <div><input type=\"hidden\" name=\"company_id\" value=\"714\"><\/div>\r\n    <div><input type=\"hidden\" name=\"form_id\" value=\"artisan_form_contact_company_inline\"><\/div>\r\n    <div class=\"gglcptch gglcptch_v3 gglcptch_custom\"><input type=\"hidden\" id=\"g-recaptcha-response\" name=\"g-recaptcha-response\" \/><br \/><div class=\"gglcptch_error_text\">La p\u00e9riode de v\u00e9rification reCAPTCHA a expir\u00e9. Veuillez recharger la page.<\/div><\/div>    <div class=\"form-content\">\r\n        <div class=\"form-group\">\r\n            <label for=\"contact_firstName\" class=\"required\">Pr\u00e9nom<\/label>\r\n            <input type=\"text\" name=\"firstName\" class=\"form-control\" required>\r\n        <\/div>\r\n        <div class=\"form-group\">\r\n            <label for=\"contact_lastName\" class=\"required\">Nom<\/label>\r\n            <input type=\"text\" name=\"lastName\" class=\"form-control\" required>\r\n        <\/div>\r\n        <div class=\"form-group\">\r\n            <label for=\"contact_email\" class=\"required\">Email<\/label>\r\n            <input type=\"email\" name=\"email\" class=\"form-control\" required>\r\n        <\/div>\r\n        <div class=\"form-group\">\r\n            <label for=\"contact_phone\" class=\"required\">Num\u00e9ro de t\u00e9l\u00e9phone<\/label>\r\n            <input type=\"tel\" name=\"phone\" class=\"form-control\" placeholder=\"0787117165\" pattern=\"^[0-9]{10}$\" required>\r\n        <\/div>\r\n        <div class=\"form-group\">\r\n            <label for=\"contact_postalCode\" class=\"required\">Code postal et localit\u00e9<\/label>\r\n            <input type=\"text\" name=\"postalCode\" class=\"form-control\" required>\r\n        <\/div>\r\n        <div class=\"form-group\">\r\n            <label for=\"contact_address\" class=\"required\">Adresse<\/label>\r\n            <input type=\"text\" name=\"address\" class=\"form-control\" required>\r\n        <\/div>\r\n        <div class=\"full-width topic\">\r\n            <p class=\"required\">Je souhaite \u00eatre contact\u00e9 pour :<\/p>\r\n            <div class=\"form-check\">\r\n                <input type=\"radio\" name=\"topic\" value=\"D\u00e9pannage\" class=\"form-control\" required>\r\n                <label for=\"d\u00e9pannage\">D\u00e9pannage<\/label>\r\n            <\/div>\r\n            <div class=\"form-check\">\r\n                <input type=\"radio\" name=\"topic\" value=\"Entretien\" class=\"form-control\" required>\r\n                <label for=\"entretien\">Entretien<\/label>\r\n            <\/div>\r\n            <div class=\"form-check\">\r\n                <input type=\"radio\" name=\"topic\" value=\"R\u00e9novation\" class=\"form-control\" required>\r\n                <label for=\"r\u00e9novation\">R\u00e9novation<\/label>\r\n            <\/div>\r\n            <div class=\"form-check\">\r\n                <input type=\"radio\" name=\"topic\" value=\"Autre\" class=\"form-control\" required>\r\n                <label for=\"autre\">Autre<\/label>\r\n            <\/div>\r\n        <\/div>\r\n        <div class=\"form-group full-width\">\r\n            <label for=\"contact_message\">Message<\/label>\r\n            <textarea name=\"message\" rows=\"3\" class=\"form-control\"><\/textarea>\r\n        <\/div>\r\n    <\/div>\r\n    <div class=\"form-actions\">\r\n        <button class=\"wp-block-button__link has-accent-background-color\">Contacter<\/button>\r\n    <\/div>\r\n<\/form>\r\n<div class=\"form-feedback\"><\/div>    <\/div>\n<h2>Pourquoi choisir notre soci\u00e9t\u00e9 ?<\/h2>\n<p>Pour tout projet de pose de carrelage \u00e0 Renens VD, comptez sur Artisanlocal, contactez-nous parce que :<\/p>\n<ul>\n<li>nos tarif sont comp\u00e9titifs,<\/li>\n<li>nos carrelages sont de qualit\u00e9s premium,<\/li>\n<li>notre entreprise est localis\u00e9e \u00e0 Renens VD et permet \u00e0 nos techniciens d&rsquo;intervenir rapidement chez vous,<\/li>\n<li>nos recommandations sont individualis\u00e9es \u00e0 votre projet, par exemple : pour choisir le bon carrelage,<\/li>\n<li>nous offrons des estimations gratuites,<\/li>\n<li>nos carreleurs sont exp\u00e9riment\u00e9s,<\/li>\n<li>un partenaire s\u00fbr et fiable : nous r\u00e9alisons des interventions dans des grands groupes et des cabinets d&rsquo;architectes pour r\u00e9aliser l&rsquo;installation de carrelage, de fa\u00efence, de parquet, et de rev\u00eatements vari\u00e9s.<\/li>\n<\/ul>\n<h2>Prenez contact avec nous d\u00e8s maintenant pour obtenir votre devis <\/h2>\n<p>N&rsquo;h\u00e9sitez pas \u00e0 nous contacter si vous souhaitez obtenir une estimation gratuite, nous r\u00e9pondrons d\u00e8s que possible pour \u00e9valuer le prix de l&rsquo;installation de votre carrelage.<\/p>\n<h2>Nos prestations<\/h2>\n<p>Nos artisans de la pose de carrelage qui op\u00e8rent \u00e0 Renens VD fournissent aux Renanais et aux entreprises locales, les services suivants :<\/p>\n<ul>\n<li>La mise en place de diff\u00e9rents carreaux tels que le parquet, le carrelage traditionnel et la fa\u00efence,<\/li>\n<li>une aide pour bien choisir vos carreaux,<\/li>\n<li>l&rsquo;installation de vos carreaux,<\/li>\n<li>la fixation de votre carrelage,<\/li>\n<li>l&rsquo;application du carrelage sur les murs et les sols,<\/li>\n<li>l&rsquo;installation de carrelage pour les zones ext\u00e9rieures et int\u00e9rieures de votre maison,<\/li>\n<li>la suppression du carrelage actuel,<\/li>\n<li>l&rsquo;enl\u00e8vement du parquet flottant,<\/li>\n<li>la pose des carreaux sur votre terrasse.<\/li>\n<\/ul>\n<h2>Comment s\u00e9lectionner le carrelage qui vous convient ?<\/h2>\n<h3>Bien identifier la zone de la pose<\/h3>\n<p>Gardez \u00e0 l&rsquo;esprit l&rsquo;endroit o\u00f9 le carrelage va \u00eatre install\u00e9 et aussi s&rsquo;il se trouve dans un chemin fr\u00e9quent\u00e9? D&rsquo;autre part, les gens porteront-ils des chaussettes ou des chaussures en marchant sur les carreaux? Va-t-il \u00eatre expos\u00e9 \u00e0 l&rsquo;humidit\u00e9? Tenez aussi compte des diff\u00e9rentes surfaces qu&rsquo;il va recouvrir, par exemple : les murs, les sols, les plans de travail, etc.<\/p>\n<h3>Calculez la quantit\u00e9 de carreaux requise<\/h3>\n<p>Dans le but de d\u00e9finir la quantit\u00e9 de carreaux pour votre projet, multipliez sa longueur par sa largeur et ajoutez \u00e0 peu pr\u00e8s 5 % pour obtenir une marge de s\u00e9curit\u00e9. Nous conseillons de garder des carreaux suppl\u00e9mentaires en cas de dommages futurs.<\/p>\n<h3>Choisissez le mat\u00e9riau<\/h3>\n<p>Les carreaux sont cr\u00e9\u00e9s avec plusieurs sortes de mat\u00e9riaux qui ont un impact sur : l\u2019apparence, la durabilit\u00e9 et le co\u00fbt de l&rsquo;entretien. De plus, la texture et les finitions devraient par ailleurs \u00eatre prises en consid\u00e9ration afin de trouver des carreaux qui sont \u00e0 vos gouts.<\/p>\n<h3>Maintenance<\/h3>\n<p>Vous devez par ailleurs prendre en compte le niveau d&rsquo;entretien lors du choix de votre carrelage, exemple : l&rsquo;entretien du carrelage avec un joint clair est plus compliqu\u00e9 \u00e0 cause de leur tendance \u00e0 cumuler la salet\u00e9, ce qui les rend plus compliqu\u00e9s \u00e0 laver par rapport aux autres couleurs.<\/p>\n<h2>Obtenez un rendez-vous d\u00e8s aujourd&rsquo;hui<\/h2>\n<p>Nos experts de la pose de carreaux \u00e0 Renens VD comprennent que le choix de votre carrelage peut-\u00eatre complexe, c&rsquo;est la raison pour laquelle notre \u00e9quipe est joignable du lundi au samedi pour vous offrir des conseils.<\/p>\n<h2>FAQ<\/h2>\n<h3>Quel est le fonctionnement de votre entreprise ?<\/h3>\n<ol>\n<li>Prise de rendez-vous par email ou par t\u00e9l\u00e9phone.<\/li>\n<li>Puis, nous planifions un rendez-vous avec vous.<\/li>\n<li>Notre \u00e9quipe se d\u00e9place \u00e0 votre domicile pour d\u00e9terminer le nombre de carrelages \u00e0 installer.<\/li>\n<li>Nous mettons en route votre projet.<\/li>\n<\/ol>\n<h3>Op\u00e9rez-vous dans les communes alentours \u00e0 Renens VD ?<\/h3>\n<p>Oui, nous nous d\u00e9pla\u00e7ons \u00e0 Renens VD, n\u00e9anmoins, notre \u00e9quipe op\u00e8re dans les villes aux alentours, comme:<\/p>\nJouxtens-M\u00e9zery, Prilly, Crissier.\n<\/p>\n<h3>Vous posez quels mod\u00e8les de carrelages le plus fr\u00e9quemment\u202f?<\/h3>\n<p>Nous posons les carrelages populaires, comme:<\/p>\n<ul>\n<li>Les carrelages mosa\u00efques : v\u00e9ritable best-seller, ils ajoutent un style original \u00e0 votre int\u00e9rieur.<\/li>\n<li>Les carreaux int\u00e9rieur blancs de m\u00e9tro : embl\u00e9matiques, il ajoute une touche lumineuse \u00e0 votre salle de bain ou votre cuisine.<\/li>\n<li>Les carrelages de marbre : ils sont plus chers, mais ils permettent d&rsquo;apporter une touche luxe \u00e0 votre int\u00e9rieur.<\/li>\n<li>Les carrelages de c\u00e9ramique : ils sont \u00e9conomiques, simples \u00e0 entretenir et ils trouvables dans de multiples d\u00e9clinaisons.<\/li>\n<li>Les carreaux en ciments : ils sont pris\u00e9s et ils accrochent le regard, ils sont habituellement pr\u00e9sents dans les centres commerciaux et maisons.<\/li>\n<li>Les carreaux porcelaine : comparable aux surfaces naturelles, il est r\u00e9sistant aux chocs, changement de temp\u00e9rature.<\/li>\n<\/ul>\n","protected":false},"excerpt":{"rendered":"<p>Pour recevoir des devis en ligne, contactez-nous. Notre entreprise Artisanlocal offre des services en pose de carrelage classique, de carreaux de dosseret, de carreaux \u00e0 l&rsquo;int\u00e9rieur de votre salle d&rsquo;eau ou sur votre sol ! Nous proposons \u00e0 notre client\u00e8le nos services dans les localit\u00e9s \u00e0 proximit\u00e9 de Renens VD. Pourquoi choisir notre soci\u00e9t\u00e9 ? [&hellip;]<\/p>\n","protected":false},"author":4,"featured_media":2804,"parent":0,"menu_order":0,"comment_status":"closed","ping_status":"closed","template":"","meta":{"footnotes":""},"profession":[119],"location":[53],"canton":[113],"class_list":["post-613","page","type-page","status-publish","has-post-thumbnail","hentry","profession-carreleur","location-renens-vd","canton-vd"],"yoast_head":"<!-- This site is optimized with the Yoast SEO Premium plugin v25.7.1 (Yoast SEO v27.3) - https:\/\/yoast.com\/product\/yoast-seo-premium-wordpress\/ -->\n<title>Soci\u00e9t\u00e9 sp\u00e9cialis\u00e9e dans la pose de carrelage \u00e0 Renens VD ? - Artisanlocal<\/title>\n<meta name=\"robots\" content=\"index, follow, max-snippet:-1, max-image-preview:large, max-video-preview:-1\" \/>\n<link rel=\"canonical\" href=\"https:\/\/www.artisanlocal.ch\/c\/societe-specialisee-dans-la-pose-de-carrelage-a-renens\/\" \/>\n<meta property=\"og:locale\" content=\"fr_FR\" \/>\n<meta property=\"og:type\" content=\"article\" \/>\n<meta property=\"og:title\" content=\"Soci\u00e9t\u00e9 sp\u00e9cialis\u00e9e dans la pose de carrelage \u00e0 Renens VD ?\" \/>\n<meta property=\"og:description\" content=\"Pour recevoir des devis en ligne, contactez-nous. Notre entreprise Artisanlocal offre des services en pose de carrelage classique, de carreaux de dosseret, de carreaux \u00e0 l&rsquo;int\u00e9rieur de votre salle d&rsquo;eau ou sur votre sol ! Nous proposons \u00e0 notre client\u00e8le nos services dans les localit\u00e9s \u00e0 proximit\u00e9 de Renens VD. Pourquoi choisir notre soci\u00e9t\u00e9 ? [&hellip;]\" \/>\n<meta property=\"og:url\" content=\"https:\/\/www.artisanlocal.ch\/c\/societe-specialisee-dans-la-pose-de-carrelage-a-renens\/\" \/>\n<meta property=\"og:site_name\" content=\"Artisanlocal\" \/>\n<meta property=\"article:modified_time\" content=\"2025-08-26T17:29:14+00:00\" \/>\n<meta property=\"og:image\" content=\"https:\/\/www.artisanlocal.ch\/c\/wp-content\/uploads\/2024\/11\/carreleur.jpg\" \/>\n\t<meta property=\"og:image:width\" content=\"1920\" \/>\n\t<meta property=\"og:image:height\" content=\"300\" \/>\n\t<meta property=\"og:image:type\" content=\"image\/jpeg\" \/>\n<meta name=\"twitter:card\" content=\"summary_large_image\" \/>\n<meta name=\"twitter:label1\" content=\"Dur\u00e9e de lecture estim\u00e9e\" \/>\n\t<meta name=\"twitter:data1\" content=\"4 minutes\" \/>\n<script type=\"application\/ld+json\" class=\"yoast-schema-graph\">{\"@context\":\"https:\\\/\\\/schema.org\",\"@graph\":[{\"@type\":\"WebPage\",\"@id\":\"https:\\\/\\\/www.artisanlocal.ch\\\/c\\\/societe-specialisee-dans-la-pose-de-carrelage-a-renens\\\/\",\"url\":\"https:\\\/\\\/www.artisanlocal.ch\\\/c\\\/societe-specialisee-dans-la-pose-de-carrelage-a-renens\\\/\",\"name\":\"Soci\u00e9t\u00e9 sp\u00e9cialis\u00e9e dans la pose de carrelage \u00e0 Renens VD ? - Artisanlocal\",\"isPartOf\":{\"@id\":\"https:\\\/\\\/www.artisanlocal.ch\\\/c\\\/#website\"},\"primaryImageOfPage\":{\"@id\":\"https:\\\/\\\/www.artisanlocal.ch\\\/c\\\/societe-specialisee-dans-la-pose-de-carrelage-a-renens\\\/#primaryimage\"},\"image\":{\"@id\":\"https:\\\/\\\/www.artisanlocal.ch\\\/c\\\/societe-specialisee-dans-la-pose-de-carrelage-a-renens\\\/#primaryimage\"},\"thumbnailUrl\":\"https:\\\/\\\/www.artisanlocal.ch\\\/c\\\/wp-content\\\/uploads\\\/2024\\\/11\\\/carreleur.jpg\",\"datePublished\":\"2024-04-21T21:46:28+00:00\",\"dateModified\":\"2025-08-26T17:29:14+00:00\",\"breadcrumb\":{\"@id\":\"https:\\\/\\\/www.artisanlocal.ch\\\/c\\\/societe-specialisee-dans-la-pose-de-carrelage-a-renens\\\/#breadcrumb\"},\"inLanguage\":\"fr-FR\",\"potentialAction\":[{\"@type\":\"ReadAction\",\"target\":[\"https:\\\/\\\/www.artisanlocal.ch\\\/c\\\/societe-specialisee-dans-la-pose-de-carrelage-a-renens\\\/\"]}]},{\"@type\":\"ImageObject\",\"inLanguage\":\"fr-FR\",\"@id\":\"https:\\\/\\\/www.artisanlocal.ch\\\/c\\\/societe-specialisee-dans-la-pose-de-carrelage-a-renens\\\/#primaryimage\",\"url\":\"https:\\\/\\\/www.artisanlocal.ch\\\/c\\\/wp-content\\\/uploads\\\/2024\\\/11\\\/carreleur.jpg\",\"contentUrl\":\"https:\\\/\\\/www.artisanlocal.ch\\\/c\\\/wp-content\\\/uploads\\\/2024\\\/11\\\/carreleur.jpg\",\"width\":1920,\"height\":300},{\"@type\":\"BreadcrumbList\",\"@id\":\"https:\\\/\\\/www.artisanlocal.ch\\\/c\\\/societe-specialisee-dans-la-pose-de-carrelage-a-renens\\\/#breadcrumb\",\"itemListElement\":[{\"@type\":\"ListItem\",\"position\":1,\"name\":\"Accueil\",\"item\":\"https:\\\/\\\/www.artisanlocal.ch\\\/c\\\/\"},{\"@type\":\"ListItem\",\"position\":2,\"name\":\"Soci\u00e9t\u00e9 sp\u00e9cialis\u00e9e dans la pose de carrelage \u00e0 Renens ?\"}]},{\"@type\":\"WebSite\",\"@id\":\"https:\\\/\\\/www.artisanlocal.ch\\\/c\\\/#website\",\"url\":\"https:\\\/\\\/www.artisanlocal.ch\\\/c\\\/\",\"name\":\"Artisanlocal\",\"description\":\"\",\"publisher\":{\"@id\":\"https:\\\/\\\/www.artisanlocal.ch\\\/c\\\/#organization\"},\"potentialAction\":[{\"@type\":\"SearchAction\",\"target\":{\"@type\":\"EntryPoint\",\"urlTemplate\":\"https:\\\/\\\/www.artisanlocal.ch\\\/c\\\/?s={search_term_string}\"},\"query-input\":{\"@type\":\"PropertyValueSpecification\",\"valueRequired\":true,\"valueName\":\"search_term_string\"}}],\"inLanguage\":\"fr-FR\"},{\"@type\":\"Organization\",\"@id\":\"https:\\\/\\\/www.artisanlocal.ch\\\/c\\\/#organization\",\"name\":\"Artisanlocal\",\"url\":\"https:\\\/\\\/www.artisanlocal.ch\\\/c\\\/\",\"logo\":{\"@type\":\"ImageObject\",\"inLanguage\":\"fr-FR\",\"@id\":\"https:\\\/\\\/www.artisanlocal.ch\\\/c\\\/#\\\/schema\\\/logo\\\/image\\\/\",\"url\":\"https:\\\/\\\/www.artisanlocal.ch\\\/c\\\/wp-content\\\/uploads\\\/2024\\\/02\\\/logo-artisanlocal-h.svg\",\"contentUrl\":\"https:\\\/\\\/www.artisanlocal.ch\\\/c\\\/wp-content\\\/uploads\\\/2024\\\/02\\\/logo-artisanlocal-h.svg\",\"caption\":\"Artisanlocal\"},\"image\":{\"@id\":\"https:\\\/\\\/www.artisanlocal.ch\\\/c\\\/#\\\/schema\\\/logo\\\/image\\\/\"}}]}<\/script>\n<!-- \/ Yoast SEO Premium plugin. -->","yoast_head_json":{"title":"Soci\u00e9t\u00e9 sp\u00e9cialis\u00e9e dans la pose de carrelage \u00e0 Renens VD ? - Artisanlocal","robots":{"index":"index","follow":"follow","max-snippet":"max-snippet:-1","max-image-preview":"max-image-preview:large","max-video-preview":"max-video-preview:-1"},"canonical":"https:\/\/www.artisanlocal.ch\/c\/societe-specialisee-dans-la-pose-de-carrelage-a-renens\/","og_locale":"fr_FR","og_type":"article","og_title":"Soci\u00e9t\u00e9 sp\u00e9cialis\u00e9e dans la pose de carrelage \u00e0 Renens VD ?","og_description":"Pour recevoir des devis en ligne, contactez-nous. Notre entreprise Artisanlocal offre des services en pose de carrelage classique, de carreaux de dosseret, de carreaux \u00e0 l&rsquo;int\u00e9rieur de votre salle d&rsquo;eau ou sur votre sol ! Nous proposons \u00e0 notre client\u00e8le nos services dans les localit\u00e9s \u00e0 proximit\u00e9 de Renens VD. Pourquoi choisir notre soci\u00e9t\u00e9 ? [&hellip;]","og_url":"https:\/\/www.artisanlocal.ch\/c\/societe-specialisee-dans-la-pose-de-carrelage-a-renens\/","og_site_name":"Artisanlocal","article_modified_time":"2025-08-26T17:29:14+00:00","og_image":[{"width":1920,"height":300,"url":"https:\/\/www.artisanlocal.ch\/c\/wp-content\/uploads\/2024\/11\/carreleur.jpg","type":"image\/jpeg"}],"twitter_card":"summary_large_image","twitter_misc":{"Dur\u00e9e de lecture estim\u00e9e":"4 minutes"},"schema":{"@context":"https:\/\/schema.org","@graph":[{"@type":"WebPage","@id":"https:\/\/www.artisanlocal.ch\/c\/societe-specialisee-dans-la-pose-de-carrelage-a-renens\/","url":"https:\/\/www.artisanlocal.ch\/c\/societe-specialisee-dans-la-pose-de-carrelage-a-renens\/","name":"Soci\u00e9t\u00e9 sp\u00e9cialis\u00e9e dans la pose de carrelage \u00e0 Renens VD ? - Artisanlocal","isPartOf":{"@id":"https:\/\/www.artisanlocal.ch\/c\/#website"},"primaryImageOfPage":{"@id":"https:\/\/www.artisanlocal.ch\/c\/societe-specialisee-dans-la-pose-de-carrelage-a-renens\/#primaryimage"},"image":{"@id":"https:\/\/www.artisanlocal.ch\/c\/societe-specialisee-dans-la-pose-de-carrelage-a-renens\/#primaryimage"},"thumbnailUrl":"https:\/\/www.artisanlocal.ch\/c\/wp-content\/uploads\/2024\/11\/carreleur.jpg","datePublished":"2024-04-21T21:46:28+00:00","dateModified":"2025-08-26T17:29:14+00:00","breadcrumb":{"@id":"https:\/\/www.artisanlocal.ch\/c\/societe-specialisee-dans-la-pose-de-carrelage-a-renens\/#breadcrumb"},"inLanguage":"fr-FR","potentialAction":[{"@type":"ReadAction","target":["https:\/\/www.artisanlocal.ch\/c\/societe-specialisee-dans-la-pose-de-carrelage-a-renens\/"]}]},{"@type":"ImageObject","inLanguage":"fr-FR","@id":"https:\/\/www.artisanlocal.ch\/c\/societe-specialisee-dans-la-pose-de-carrelage-a-renens\/#primaryimage","url":"https:\/\/www.artisanlocal.ch\/c\/wp-content\/uploads\/2024\/11\/carreleur.jpg","contentUrl":"https:\/\/www.artisanlocal.ch\/c\/wp-content\/uploads\/2024\/11\/carreleur.jpg","width":1920,"height":300},{"@type":"BreadcrumbList","@id":"https:\/\/www.artisanlocal.ch\/c\/societe-specialisee-dans-la-pose-de-carrelage-a-renens\/#breadcrumb","itemListElement":[{"@type":"ListItem","position":1,"name":"Accueil","item":"https:\/\/www.artisanlocal.ch\/c\/"},{"@type":"ListItem","position":2,"name":"Soci\u00e9t\u00e9 sp\u00e9cialis\u00e9e dans la pose de carrelage \u00e0 Renens ?"}]},{"@type":"WebSite","@id":"https:\/\/www.artisanlocal.ch\/c\/#website","url":"https:\/\/www.artisanlocal.ch\/c\/","name":"Artisanlocal","description":"","publisher":{"@id":"https:\/\/www.artisanlocal.ch\/c\/#organization"},"potentialAction":[{"@type":"SearchAction","target":{"@type":"EntryPoint","urlTemplate":"https:\/\/www.artisanlocal.ch\/c\/?s={search_term_string}"},"query-input":{"@type":"PropertyValueSpecification","valueRequired":true,"valueName":"search_term_string"}}],"inLanguage":"fr-FR"},{"@type":"Organization","@id":"https:\/\/www.artisanlocal.ch\/c\/#organization","name":"Artisanlocal","url":"https:\/\/www.artisanlocal.ch\/c\/","logo":{"@type":"ImageObject","inLanguage":"fr-FR","@id":"https:\/\/www.artisanlocal.ch\/c\/#\/schema\/logo\/image\/","url":"https:\/\/www.artisanlocal.ch\/c\/wp-content\/uploads\/2024\/02\/logo-artisanlocal-h.svg","contentUrl":"https:\/\/www.artisanlocal.ch\/c\/wp-content\/uploads\/2024\/02\/logo-artisanlocal-h.svg","caption":"Artisanlocal"},"image":{"@id":"https:\/\/www.artisanlocal.ch\/c\/#\/schema\/logo\/image\/"}}]}},"_links":{"self":[{"href":"https:\/\/www.artisanlocal.ch\/c\/wp-json\/wp\/v2\/pages\/613","targetHints":{"allow":["GET"]}}],"collection":[{"href":"https:\/\/www.artisanlocal.ch\/c\/wp-json\/wp\/v2\/pages"}],"about":[{"href":"https:\/\/www.artisanlocal.ch\/c\/wp-json\/wp\/v2\/types\/page"}],"author":[{"embeddable":true,"href":"https:\/\/www.artisanlocal.ch\/c\/wp-json\/wp\/v2\/users\/4"}],"replies":[{"embeddable":true,"href":"https:\/\/www.artisanlocal.ch\/c\/wp-json\/wp\/v2\/comments?post=613"}],"version-history":[{"count":0,"href":"https:\/\/www.artisanlocal.ch\/c\/wp-json\/wp\/v2\/pages\/613\/revisions"}],"wp:featuredmedia":[{"embeddable":true,"href":"https:\/\/www.artisanlocal.ch\/c\/wp-json\/wp\/v2\/media\/2804"}],"wp:attachment":[{"href":"https:\/\/www.artisanlocal.ch\/c\/wp-json\/wp\/v2\/media?parent=613"}],"wp:term":[{"taxonomy":"profession","embeddable":true,"href":"https:\/\/www.artisanlocal.ch\/c\/wp-json\/wp\/v2\/profession?post=613"},{"taxonomy":"location","embeddable":true,"href":"https:\/\/www.artisanlocal.ch\/c\/wp-json\/wp\/v2\/location?post=613"},{"taxonomy":"canton","embeddable":true,"href":"https:\/\/www.artisanlocal.ch\/c\/wp-json\/wp\/v2\/canton?post=613"}],"curies":[{"name":"wp","href":"https:\/\/api.w.org\/{rel}","templated":true}]}}