{"id":616,"date":"2024-04-22T11:35:30","date_gmt":"2024-04-22T09:35:30","guid":{"rendered":"https:\/\/www.artisanlocal.ch\/c\/societe-specialisee-dans-la-pose-de-carrelage-a-mont-sur-lausanne\/"},"modified":"2025-08-26T19:28:42","modified_gmt":"2025-08-26T17:28:42","slug":"societe-specialisee-dans-la-pose-de-carrelage-a-mont-sur-lausanne","status":"publish","type":"page","link":"https:\/\/www.artisanlocal.ch\/c\/societe-specialisee-dans-la-pose-de-carrelage-a-mont-sur-lausanne\/","title":{"rendered":"Soci\u00e9t\u00e9 sp\u00e9cialis\u00e9e dans la pose de carrelage \u00e0 Le Mont-sur-Lausanne ?"},"content":{"rendered":"<p>Pour recevoir des devis sur la pose de carreaux, n&rsquo;h\u00e9sitez pas \u00e0 nous contacter. Notre entreprise Artisanlocal propose des services pour l&rsquo;installation de carreaux classiques, de carreaux de dosseret, de carreaux dans votre salle de bain ou sur votre plancher ! Nous nous d\u00e9pla\u00e7ons aussi dans les communes avoisinants de Le Mont-sur-Lausanne.<\/p>\n\r\n<div class=\"box\">\r\n            <div class=\"company-info\">\r\n            <img decoding=\"async\" class=\"company-info__logo\" src=\"https:\/\/www.artisanlocal.ch\/media\/cache\/thumb\/images\/companies\/69d7b91d88c5c229406028.png\" alt=\"Logo\">\r\n            <h2 class=\"company-info__name\">DAENZER CARRELAGES<\/h2>\r\n            <p class=\"company-info__business\">Entreprise de carrelage \u2013 R\u00e9novations, neuf et entretiens \u2013 Diagnostic amiante \u2013 Expert en cas de litige<\/p>\r\n        <\/div>\r\n        <div class=\"company-contact\">\r\n            <p class=\"company-info__address\">Chemin de Bellevue 20<\/p>\r\n                            <div class=\"links\">\r\n                                            <a class=\"btn has-accent-background-color js-phoneNumber\" href=\"tel:0792332963\" title=\"Appelez\" data-id=\"714\" data-type=\"11\">079 233 29 63<\/a>\r\n                                                                <a class=\"btn has-accent-background-color\" href=\"http:\/\/www.daenzer.com\/\" target=\"_blank\" title=\"Voir le site internet\" data-id=\"714\" data-type=\"20\">Site internet<\/a>\r\n                                    <\/div>\r\n                    <\/div>\r\n    \r\n            \r\n<form action=\"https:\/\/www.artisanlocal.ch\/c\/wp-admin\/admin-ajax.php\" method=\"post\" class=\"form-contact\" id=\"artisan_form_contact_company_inline\">\r\n    <div><input type=\"hidden\" name=\"action\" value=\"company_contact\"><\/div>\r\n    <div><input type=\"hidden\" name=\"nonce\" value=\"1dbf28e6f0\"><\/div>\r\n    <div><input type=\"hidden\" name=\"company_id\" value=\"714\"><\/div>\r\n    <div><input type=\"hidden\" name=\"form_id\" value=\"artisan_form_contact_company_inline\"><\/div>\r\n    <div class=\"gglcptch gglcptch_v3 gglcptch_custom\"><input type=\"hidden\" id=\"g-recaptcha-response\" name=\"g-recaptcha-response\" \/><br \/><div class=\"gglcptch_error_text\">La p\u00e9riode de v\u00e9rification reCAPTCHA a expir\u00e9. Veuillez recharger la page.<\/div><\/div>    <div class=\"form-content\">\r\n        <div class=\"form-group\">\r\n            <label for=\"contact_firstName\" class=\"required\">Pr\u00e9nom<\/label>\r\n            <input type=\"text\" name=\"firstName\" class=\"form-control\" required>\r\n        <\/div>\r\n        <div class=\"form-group\">\r\n            <label for=\"contact_lastName\" class=\"required\">Nom<\/label>\r\n            <input type=\"text\" name=\"lastName\" class=\"form-control\" required>\r\n        <\/div>\r\n        <div class=\"form-group\">\r\n            <label for=\"contact_email\" class=\"required\">Email<\/label>\r\n            <input type=\"email\" name=\"email\" class=\"form-control\" required>\r\n        <\/div>\r\n        <div class=\"form-group\">\r\n            <label for=\"contact_phone\" class=\"required\">Num\u00e9ro de t\u00e9l\u00e9phone<\/label>\r\n            <input type=\"tel\" name=\"phone\" class=\"form-control\" placeholder=\"0787117165\" pattern=\"^[0-9]{10}$\" required>\r\n        <\/div>\r\n        <div class=\"form-group\">\r\n            <label for=\"contact_postalCode\" class=\"required\">Code postal et localit\u00e9<\/label>\r\n            <input type=\"text\" name=\"postalCode\" class=\"form-control\" required>\r\n        <\/div>\r\n        <div class=\"form-group\">\r\n            <label for=\"contact_address\" class=\"required\">Adresse<\/label>\r\n            <input type=\"text\" name=\"address\" class=\"form-control\" required>\r\n        <\/div>\r\n        <div class=\"full-width topic\">\r\n            <p class=\"required\">Je souhaite \u00eatre contact\u00e9 pour :<\/p>\r\n            <div class=\"form-check\">\r\n                <input type=\"radio\" name=\"topic\" value=\"D\u00e9pannage\" class=\"form-control\" required>\r\n                <label for=\"d\u00e9pannage\">D\u00e9pannage<\/label>\r\n            <\/div>\r\n            <div class=\"form-check\">\r\n                <input type=\"radio\" name=\"topic\" value=\"Entretien\" class=\"form-control\" required>\r\n                <label for=\"entretien\">Entretien<\/label>\r\n            <\/div>\r\n            <div class=\"form-check\">\r\n                <input type=\"radio\" name=\"topic\" value=\"R\u00e9novation\" class=\"form-control\" required>\r\n                <label for=\"r\u00e9novation\">R\u00e9novation<\/label>\r\n            <\/div>\r\n            <div class=\"form-check\">\r\n                <input type=\"radio\" name=\"topic\" value=\"Autre\" class=\"form-control\" required>\r\n                <label for=\"autre\">Autre<\/label>\r\n            <\/div>\r\n        <\/div>\r\n        <div class=\"form-group full-width\">\r\n            <label for=\"contact_message\">Message<\/label>\r\n            <textarea name=\"message\" rows=\"3\" class=\"form-control\"><\/textarea>\r\n        <\/div>\r\n    <\/div>\r\n    <div class=\"form-actions\">\r\n        <button class=\"wp-block-button__link has-accent-background-color\">Contacter<\/button>\r\n    <\/div>\r\n<\/form>\r\n<div class=\"form-feedback\"><\/div>    <\/div>\n<h2>Quelle est la plus-value qu&rsquo;offre notre soci\u00e9t\u00e9 ?<\/h2>\n<p>Artisanlocal vous accompagne dans votre projet de carrelage \u00e0 Le Mont-sur-Lausanne, choisissez notre \u00e9quipe, car :<\/p>\n<ul>\n<li>nos prix sont comp\u00e9titifs,<\/li>\n<li>nos carreaux sont de qualit\u00e9s,<\/li>\n<li>notre soci\u00e9t\u00e9 est localis\u00e9e \u00e0 Le Mont-sur-Lausanne, et se d\u00e9place en urgence dans votre foyer,<\/li>\n<li>nous vous guidons pour acheter le carrelage le plus adapt\u00e9 \u00e0 votre maison,<\/li>\n<li>nous offrons des estimations gratuites,<\/li>\n<li>notre \u00e9quipe est exp\u00e9riment\u00e9e,<\/li>\n<li>un partenaire s\u00fbr et fiable : nous collaborons avec des entreprises importantes et des entreprises d&rsquo;architectures pour des poses de carrelage, fa\u00efence, parquet, et autres poses de carrelages.<\/li>\n<\/ul>\n<h2>Contactez-nous d\u00e8s aujourd&rsquo;hui pour obtenir votre devis gratuit<\/h2>\n<p>N&rsquo;h\u00e9sitez pas \u00e0 nous contacter si vous voulez obtenir une estimation gratuite, nous vous r\u00e9pondrons d\u00e8s que possible pour estimer le prix de la pose de votre carrelage.<\/p>\n<h2>Nos solutions<\/h2>\n<p>Nos artisans de la pose de carrelage qui op\u00e8rent \u00e0 Le Mont-sur-Lausanne proposent aux professionnels et aux particuliers, les solutions, tels que :<\/p>\n<ul>\n<li>Les poses de carrelage, fa\u00efence, parquet, et autres mod\u00e8les de carrelages,<\/li>\n<li>une assistance pour vous aider \u00e0 choisir vos carreaux,<\/li>\n<li>l&rsquo;installation du carrelage,<\/li>\n<li>le scellement du carrelage,<\/li>\n<li>l&rsquo;application de carreaux sur les sols\/murs,<\/li>\n<li>l&rsquo;installation de carrelage pour les zones ext\u00e9rieures et int\u00e9rieures de votre r\u00e9sidence,<\/li>\n<li>le retrait de votre carrelage existants,<\/li>\n<li>le retrait du plancher flottant,<\/li>\n<li>la pose de carrelage pour votre balcon.<\/li>\n<\/ul>\n<h2>Comment s\u00e9lectionner le carrelage id\u00e9al pour votre espace ?<\/h2>\n<h3>Bien identifier la zone d&rsquo;installation<\/h3>\n<p>\u00c9tudiez bien l&#8217;emplacement et la fr\u00e9quence \u00e0 laquelle le carreau sera expos\u00e9 \u00e0 un vieillissement pr\u00e9matur\u00e9, sera-t-il dans un endroit avec un important passage pi\u00e9tonnier? D&rsquo;autre part, les gens porteront-ils des chaussures ou des chaussettes en marchant dessus? Sera-t-il soumis aux climats humides? Tenez aussi compte des diff\u00e9rentes surfaces qu&rsquo;il va recouvrir, par exemple : les murs, les sols, les plans de travail, etc.<\/p>\n<h3>\u00c9valuez la quantit\u00e9 de carreaux<\/h3>\n<p>Pour \u00e9valuer le nombre de carreaux n\u00e9cessaires pour votre projet, multipliez sa longueur par sa largeur et ajoutez \u00e0 peu pr\u00e8s 5 % pour avoir une marge de s\u00e9curit\u00e9. Nous vous conseillons de conserver en stock des carreaux de mani\u00e8re \u00e0 r\u00e9parer de possibles dommages.<\/p>\n<h3>Choisissez le mat\u00e9riau<\/h3>\n<p>Il existe plusieurs mat\u00e9riaux gr\u00e2ce auxquels les carreaux peuvent \u00eatre fabriqu\u00e9s, le mat\u00e9riau a un impact sur : le prix de l&rsquo;entretien, l&rsquo;apparence et la durabilit\u00e9. Par ailleurs, il faut tenir compte de la texture et des finitions pour s\u00e9lectionner les meilleurs carreaux possible.<\/p>\n<h3>Entretien<\/h3>\n<p>Nous vous sugg\u00e9rons de prendre en consid\u00e9ration la complexit\u00e9 de nettoyage, exemple : l&rsquo;entretien des carreaux avec un joint clair est plus compliqu\u00e9 en raison de leur tendance \u00e0 accumuler la salet\u00e9, ce qui les rend plus difficiles \u00e0 nettoyer par rapport aux autres colorations.<\/p>\n<h2>Contactez-nous pour obtenir un rendez-vous<\/h2>\n<p>Notre entreprise constitu\u00e9e d&rsquo;experts dans l&rsquo;installation de carreaux \u00e0 Le Mont-sur-Lausanne ont conscience de la complexit\u00e9 de votre objectif, c&rsquo;est pourquoi nous sommes disponibles du lundi au samedi de fa\u00e7on \u00e0 r\u00e9pondre \u00e0 vos interrogations.<\/p>\n<h2>FAQ<\/h2>\n<h3>De quelle mani\u00e8re marche votre entreprise ?<\/h3>\n<ol>\n<li>Vous devez prendre contact avec nous par t\u00e9l\u00e9phone ou email.<\/li>\n<li>Ensuite, nous planifions un rendez-vous avec vous.<\/li>\n<li>Visite \u00e0 votre logement pour d\u00e9terminer le travail \u00e0 faire.<\/li>\n<li>Lancement de votre projet.<\/li>\n<\/ol>\n<h3>Op\u00e9rez-vous dans les localit\u00e9s alentours \u00e0 Le Mont-sur-Lausanne ?<\/h3>\n<p>Oui, nous intervenons \u00e0 Le Mont-sur-Lausanne, n\u00e9anmoins, notre \u00e9quipe op\u00e8re dans les villes aux alentours, \u00e9galement:<\/p>\nRomanel-sur-Lausanne, Cheseaux-sur-Lausanne, Bretigny-sur-Morrens, Cugy VD, Morrens VD, Froideville, Epalinges.\n<\/p>\n<h3>Vous installez quels mod\u00e8les de carrelages le plus souvent\u202f?<\/h3>\n<p>Voici les carreaux les plus recherch\u00e9s que nous installons:<\/p>\n<ul>\n<li>Les carrelages mosa\u00efques : v\u00e9ritable succ\u00e8s, ils rajoutent un style original \u00e0 votre foyer.<\/li>\n<li>Les carreaux de m\u00e9tro blancs : embl\u00e9matiques, nous les recommandons pour votre r\u00e9novation de salle de bain ou de votre cuisine.<\/li>\n<li>Les carreaux de marbre : ils ajoutent un style soign\u00e9 \u00e0 n&rsquo;importe quelle pi\u00e8ce de votre r\u00e9sidence.<\/li>\n<li>Les carrelages en c\u00e9ramique : ils sont \u00e9conomiques, faciles \u00e0 nettoyer et ils trouvables dans de multiples d\u00e9clinaisons.<\/li>\n<li>Les carrelages ciments : classique, il permet d&rsquo;adoucir la d\u00e9coration de votre foyer.<\/li>\n<li>Les carreaux porcelaine : similaire aux surfaces naturelles, il est r\u00e9sistant aux chocs, changement de climat.<\/li>\n<\/ul>\n","protected":false},"excerpt":{"rendered":"<p>Pour recevoir des devis sur la pose de carreaux, n&rsquo;h\u00e9sitez pas \u00e0 nous contacter. Notre entreprise Artisanlocal propose des services pour l&rsquo;installation de carreaux classiques, de carreaux de dosseret, de carreaux dans votre salle de bain ou sur votre plancher ! Nous nous d\u00e9pla\u00e7ons aussi dans les communes avoisinants de Le Mont-sur-Lausanne. Quelle est la [&hellip;]<\/p>\n","protected":false},"author":4,"featured_media":2804,"parent":0,"menu_order":0,"comment_status":"closed","ping_status":"closed","template":"","meta":{"footnotes":""},"profession":[119],"location":[64],"canton":[113],"class_list":["post-616","page","type-page","status-publish","has-post-thumbnail","hentry","profession-carreleur","location-le-mont-sur-lausanne","canton-vd"],"yoast_head":"<!-- This site is optimized with the Yoast SEO Premium plugin v25.7.1 (Yoast SEO v27.3) - https:\/\/yoast.com\/product\/yoast-seo-premium-wordpress\/ -->\n<title>Soci\u00e9t\u00e9 sp\u00e9cialis\u00e9e dans la pose de carrelage \u00e0 Le Mont-sur-Lausanne ? - Artisanlocal<\/title>\n<meta name=\"robots\" content=\"index, follow, max-snippet:-1, max-image-preview:large, max-video-preview:-1\" \/>\n<link rel=\"canonical\" href=\"https:\/\/www.artisanlocal.ch\/c\/societe-specialisee-dans-la-pose-de-carrelage-a-mont-sur-lausanne\/\" \/>\n<meta property=\"og:locale\" content=\"fr_FR\" \/>\n<meta property=\"og:type\" content=\"article\" \/>\n<meta property=\"og:title\" content=\"Soci\u00e9t\u00e9 sp\u00e9cialis\u00e9e dans la pose de carrelage \u00e0 Le Mont-sur-Lausanne ?\" \/>\n<meta property=\"og:description\" content=\"Pour recevoir des devis sur la pose de carreaux, n&rsquo;h\u00e9sitez pas \u00e0 nous contacter. Notre entreprise Artisanlocal propose des services pour l&rsquo;installation de carreaux classiques, de carreaux de dosseret, de carreaux dans votre salle de bain ou sur votre plancher ! Nous nous d\u00e9pla\u00e7ons aussi dans les communes avoisinants de Le Mont-sur-Lausanne. Quelle est la [&hellip;]\" \/>\n<meta property=\"og:url\" content=\"https:\/\/www.artisanlocal.ch\/c\/societe-specialisee-dans-la-pose-de-carrelage-a-mont-sur-lausanne\/\" \/>\n<meta property=\"og:site_name\" content=\"Artisanlocal\" \/>\n<meta property=\"article:modified_time\" content=\"2025-08-26T17:28:42+00:00\" \/>\n<meta property=\"og:image\" content=\"https:\/\/www.artisanlocal.ch\/c\/wp-content\/uploads\/2024\/11\/carreleur.jpg\" \/>\n\t<meta property=\"og:image:width\" content=\"1920\" \/>\n\t<meta property=\"og:image:height\" content=\"300\" \/>\n\t<meta property=\"og:image:type\" content=\"image\/jpeg\" \/>\n<meta name=\"twitter:card\" content=\"summary_large_image\" \/>\n<meta name=\"twitter:label1\" content=\"Dur\u00e9e de lecture estim\u00e9e\" \/>\n\t<meta name=\"twitter:data1\" content=\"4 minutes\" \/>\n<script type=\"application\/ld+json\" class=\"yoast-schema-graph\">{\"@context\":\"https:\\\/\\\/schema.org\",\"@graph\":[{\"@type\":\"WebPage\",\"@id\":\"https:\\\/\\\/www.artisanlocal.ch\\\/c\\\/societe-specialisee-dans-la-pose-de-carrelage-a-mont-sur-lausanne\\\/\",\"url\":\"https:\\\/\\\/www.artisanlocal.ch\\\/c\\\/societe-specialisee-dans-la-pose-de-carrelage-a-mont-sur-lausanne\\\/\",\"name\":\"Soci\u00e9t\u00e9 sp\u00e9cialis\u00e9e dans la pose de carrelage \u00e0 Le Mont-sur-Lausanne ? - Artisanlocal\",\"isPartOf\":{\"@id\":\"https:\\\/\\\/www.artisanlocal.ch\\\/c\\\/#website\"},\"primaryImageOfPage\":{\"@id\":\"https:\\\/\\\/www.artisanlocal.ch\\\/c\\\/societe-specialisee-dans-la-pose-de-carrelage-a-mont-sur-lausanne\\\/#primaryimage\"},\"image\":{\"@id\":\"https:\\\/\\\/www.artisanlocal.ch\\\/c\\\/societe-specialisee-dans-la-pose-de-carrelage-a-mont-sur-lausanne\\\/#primaryimage\"},\"thumbnailUrl\":\"https:\\\/\\\/www.artisanlocal.ch\\\/c\\\/wp-content\\\/uploads\\\/2024\\\/11\\\/carreleur.jpg\",\"datePublished\":\"2024-04-22T09:35:30+00:00\",\"dateModified\":\"2025-08-26T17:28:42+00:00\",\"breadcrumb\":{\"@id\":\"https:\\\/\\\/www.artisanlocal.ch\\\/c\\\/societe-specialisee-dans-la-pose-de-carrelage-a-mont-sur-lausanne\\\/#breadcrumb\"},\"inLanguage\":\"fr-FR\",\"potentialAction\":[{\"@type\":\"ReadAction\",\"target\":[\"https:\\\/\\\/www.artisanlocal.ch\\\/c\\\/societe-specialisee-dans-la-pose-de-carrelage-a-mont-sur-lausanne\\\/\"]}]},{\"@type\":\"ImageObject\",\"inLanguage\":\"fr-FR\",\"@id\":\"https:\\\/\\\/www.artisanlocal.ch\\\/c\\\/societe-specialisee-dans-la-pose-de-carrelage-a-mont-sur-lausanne\\\/#primaryimage\",\"url\":\"https:\\\/\\\/www.artisanlocal.ch\\\/c\\\/wp-content\\\/uploads\\\/2024\\\/11\\\/carreleur.jpg\",\"contentUrl\":\"https:\\\/\\\/www.artisanlocal.ch\\\/c\\\/wp-content\\\/uploads\\\/2024\\\/11\\\/carreleur.jpg\",\"width\":1920,\"height\":300},{\"@type\":\"BreadcrumbList\",\"@id\":\"https:\\\/\\\/www.artisanlocal.ch\\\/c\\\/societe-specialisee-dans-la-pose-de-carrelage-a-mont-sur-lausanne\\\/#breadcrumb\",\"itemListElement\":[{\"@type\":\"ListItem\",\"position\":1,\"name\":\"Accueil\",\"item\":\"https:\\\/\\\/www.artisanlocal.ch\\\/c\\\/\"},{\"@type\":\"ListItem\",\"position\":2,\"name\":\"Soci\u00e9t\u00e9 sp\u00e9cialis\u00e9e dans la pose de carrelage \u00e0 Mont-sur-Lausanne ?\"}]},{\"@type\":\"WebSite\",\"@id\":\"https:\\\/\\\/www.artisanlocal.ch\\\/c\\\/#website\",\"url\":\"https:\\\/\\\/www.artisanlocal.ch\\\/c\\\/\",\"name\":\"Artisanlocal\",\"description\":\"\",\"publisher\":{\"@id\":\"https:\\\/\\\/www.artisanlocal.ch\\\/c\\\/#organization\"},\"potentialAction\":[{\"@type\":\"SearchAction\",\"target\":{\"@type\":\"EntryPoint\",\"urlTemplate\":\"https:\\\/\\\/www.artisanlocal.ch\\\/c\\\/?s={search_term_string}\"},\"query-input\":{\"@type\":\"PropertyValueSpecification\",\"valueRequired\":true,\"valueName\":\"search_term_string\"}}],\"inLanguage\":\"fr-FR\"},{\"@type\":\"Organization\",\"@id\":\"https:\\\/\\\/www.artisanlocal.ch\\\/c\\\/#organization\",\"name\":\"Artisanlocal\",\"url\":\"https:\\\/\\\/www.artisanlocal.ch\\\/c\\\/\",\"logo\":{\"@type\":\"ImageObject\",\"inLanguage\":\"fr-FR\",\"@id\":\"https:\\\/\\\/www.artisanlocal.ch\\\/c\\\/#\\\/schema\\\/logo\\\/image\\\/\",\"url\":\"https:\\\/\\\/www.artisanlocal.ch\\\/c\\\/wp-content\\\/uploads\\\/2024\\\/02\\\/logo-artisanlocal-h.svg\",\"contentUrl\":\"https:\\\/\\\/www.artisanlocal.ch\\\/c\\\/wp-content\\\/uploads\\\/2024\\\/02\\\/logo-artisanlocal-h.svg\",\"caption\":\"Artisanlocal\"},\"image\":{\"@id\":\"https:\\\/\\\/www.artisanlocal.ch\\\/c\\\/#\\\/schema\\\/logo\\\/image\\\/\"}}]}<\/script>\n<!-- \/ Yoast SEO Premium plugin. -->","yoast_head_json":{"title":"Soci\u00e9t\u00e9 sp\u00e9cialis\u00e9e dans la pose de carrelage \u00e0 Le Mont-sur-Lausanne ? - Artisanlocal","robots":{"index":"index","follow":"follow","max-snippet":"max-snippet:-1","max-image-preview":"max-image-preview:large","max-video-preview":"max-video-preview:-1"},"canonical":"https:\/\/www.artisanlocal.ch\/c\/societe-specialisee-dans-la-pose-de-carrelage-a-mont-sur-lausanne\/","og_locale":"fr_FR","og_type":"article","og_title":"Soci\u00e9t\u00e9 sp\u00e9cialis\u00e9e dans la pose de carrelage \u00e0 Le Mont-sur-Lausanne ?","og_description":"Pour recevoir des devis sur la pose de carreaux, n&rsquo;h\u00e9sitez pas \u00e0 nous contacter. Notre entreprise Artisanlocal propose des services pour l&rsquo;installation de carreaux classiques, de carreaux de dosseret, de carreaux dans votre salle de bain ou sur votre plancher ! Nous nous d\u00e9pla\u00e7ons aussi dans les communes avoisinants de Le Mont-sur-Lausanne. Quelle est la [&hellip;]","og_url":"https:\/\/www.artisanlocal.ch\/c\/societe-specialisee-dans-la-pose-de-carrelage-a-mont-sur-lausanne\/","og_site_name":"Artisanlocal","article_modified_time":"2025-08-26T17:28:42+00:00","og_image":[{"width":1920,"height":300,"url":"https:\/\/www.artisanlocal.ch\/c\/wp-content\/uploads\/2024\/11\/carreleur.jpg","type":"image\/jpeg"}],"twitter_card":"summary_large_image","twitter_misc":{"Dur\u00e9e de lecture estim\u00e9e":"4 minutes"},"schema":{"@context":"https:\/\/schema.org","@graph":[{"@type":"WebPage","@id":"https:\/\/www.artisanlocal.ch\/c\/societe-specialisee-dans-la-pose-de-carrelage-a-mont-sur-lausanne\/","url":"https:\/\/www.artisanlocal.ch\/c\/societe-specialisee-dans-la-pose-de-carrelage-a-mont-sur-lausanne\/","name":"Soci\u00e9t\u00e9 sp\u00e9cialis\u00e9e dans la pose de carrelage \u00e0 Le Mont-sur-Lausanne ? - Artisanlocal","isPartOf":{"@id":"https:\/\/www.artisanlocal.ch\/c\/#website"},"primaryImageOfPage":{"@id":"https:\/\/www.artisanlocal.ch\/c\/societe-specialisee-dans-la-pose-de-carrelage-a-mont-sur-lausanne\/#primaryimage"},"image":{"@id":"https:\/\/www.artisanlocal.ch\/c\/societe-specialisee-dans-la-pose-de-carrelage-a-mont-sur-lausanne\/#primaryimage"},"thumbnailUrl":"https:\/\/www.artisanlocal.ch\/c\/wp-content\/uploads\/2024\/11\/carreleur.jpg","datePublished":"2024-04-22T09:35:30+00:00","dateModified":"2025-08-26T17:28:42+00:00","breadcrumb":{"@id":"https:\/\/www.artisanlocal.ch\/c\/societe-specialisee-dans-la-pose-de-carrelage-a-mont-sur-lausanne\/#breadcrumb"},"inLanguage":"fr-FR","potentialAction":[{"@type":"ReadAction","target":["https:\/\/www.artisanlocal.ch\/c\/societe-specialisee-dans-la-pose-de-carrelage-a-mont-sur-lausanne\/"]}]},{"@type":"ImageObject","inLanguage":"fr-FR","@id":"https:\/\/www.artisanlocal.ch\/c\/societe-specialisee-dans-la-pose-de-carrelage-a-mont-sur-lausanne\/#primaryimage","url":"https:\/\/www.artisanlocal.ch\/c\/wp-content\/uploads\/2024\/11\/carreleur.jpg","contentUrl":"https:\/\/www.artisanlocal.ch\/c\/wp-content\/uploads\/2024\/11\/carreleur.jpg","width":1920,"height":300},{"@type":"BreadcrumbList","@id":"https:\/\/www.artisanlocal.ch\/c\/societe-specialisee-dans-la-pose-de-carrelage-a-mont-sur-lausanne\/#breadcrumb","itemListElement":[{"@type":"ListItem","position":1,"name":"Accueil","item":"https:\/\/www.artisanlocal.ch\/c\/"},{"@type":"ListItem","position":2,"name":"Soci\u00e9t\u00e9 sp\u00e9cialis\u00e9e dans la pose de carrelage \u00e0 Mont-sur-Lausanne ?"}]},{"@type":"WebSite","@id":"https:\/\/www.artisanlocal.ch\/c\/#website","url":"https:\/\/www.artisanlocal.ch\/c\/","name":"Artisanlocal","description":"","publisher":{"@id":"https:\/\/www.artisanlocal.ch\/c\/#organization"},"potentialAction":[{"@type":"SearchAction","target":{"@type":"EntryPoint","urlTemplate":"https:\/\/www.artisanlocal.ch\/c\/?s={search_term_string}"},"query-input":{"@type":"PropertyValueSpecification","valueRequired":true,"valueName":"search_term_string"}}],"inLanguage":"fr-FR"},{"@type":"Organization","@id":"https:\/\/www.artisanlocal.ch\/c\/#organization","name":"Artisanlocal","url":"https:\/\/www.artisanlocal.ch\/c\/","logo":{"@type":"ImageObject","inLanguage":"fr-FR","@id":"https:\/\/www.artisanlocal.ch\/c\/#\/schema\/logo\/image\/","url":"https:\/\/www.artisanlocal.ch\/c\/wp-content\/uploads\/2024\/02\/logo-artisanlocal-h.svg","contentUrl":"https:\/\/www.artisanlocal.ch\/c\/wp-content\/uploads\/2024\/02\/logo-artisanlocal-h.svg","caption":"Artisanlocal"},"image":{"@id":"https:\/\/www.artisanlocal.ch\/c\/#\/schema\/logo\/image\/"}}]}},"_links":{"self":[{"href":"https:\/\/www.artisanlocal.ch\/c\/wp-json\/wp\/v2\/pages\/616","targetHints":{"allow":["GET"]}}],"collection":[{"href":"https:\/\/www.artisanlocal.ch\/c\/wp-json\/wp\/v2\/pages"}],"about":[{"href":"https:\/\/www.artisanlocal.ch\/c\/wp-json\/wp\/v2\/types\/page"}],"author":[{"embeddable":true,"href":"https:\/\/www.artisanlocal.ch\/c\/wp-json\/wp\/v2\/users\/4"}],"replies":[{"embeddable":true,"href":"https:\/\/www.artisanlocal.ch\/c\/wp-json\/wp\/v2\/comments?post=616"}],"version-history":[{"count":0,"href":"https:\/\/www.artisanlocal.ch\/c\/wp-json\/wp\/v2\/pages\/616\/revisions"}],"wp:featuredmedia":[{"embeddable":true,"href":"https:\/\/www.artisanlocal.ch\/c\/wp-json\/wp\/v2\/media\/2804"}],"wp:attachment":[{"href":"https:\/\/www.artisanlocal.ch\/c\/wp-json\/wp\/v2\/media?parent=616"}],"wp:term":[{"taxonomy":"profession","embeddable":true,"href":"https:\/\/www.artisanlocal.ch\/c\/wp-json\/wp\/v2\/profession?post=616"},{"taxonomy":"location","embeddable":true,"href":"https:\/\/www.artisanlocal.ch\/c\/wp-json\/wp\/v2\/location?post=616"},{"taxonomy":"canton","embeddable":true,"href":"https:\/\/www.artisanlocal.ch\/c\/wp-json\/wp\/v2\/canton?post=616"}],"curies":[{"name":"wp","href":"https:\/\/api.w.org\/{rel}","templated":true}]}}