{"id":617,"date":"2024-04-22T01:34:26","date_gmt":"2024-04-21T23:34:26","guid":{"rendered":"https:\/\/www.artisanlocal.ch\/c\/entreprise-de-carreaux-a-bienne\/"},"modified":"2025-08-26T19:29:11","modified_gmt":"2025-08-26T17:29:11","slug":"entreprise-de-carreaux-a-bienne","status":"publish","type":"page","link":"https:\/\/www.artisanlocal.ch\/c\/entreprise-de-carreaux-a-bienne\/","title":{"rendered":"Entreprise de carrelage \u00e0 Biel\/Bienne"},"content":{"rendered":"<p>Besoin d&rsquo;une entreprise de carrelage \u00e0 Biel\/Bienne ? Contacter Artisanlocal, nous proposons la pose de carrelage : pour dosseret, salle d&rsquo;eau ou plancher !<br \/>\n\r\n<div class=\"box\">\r\n    <h2 class=\"text-dark\">Nous cherchons un <em class=\"text-primary\">Carreleur<\/em> dans la r\u00e9gion de <em class=\"text-primary\">Biel\/Bienne<\/em>  en exclusivit\u00e9, afin de proposer vos services \u00e0 nos clients propri\u00e9taires.<\/h2>\r\n    <p>Une opportunit\u00e9 unique pour booster votre activit\u00e9 \u00e0 <strong>Biel\/Bienne<\/strong> et aux alentours dans votre domaine (Carreleur).<\/p>\r\n    <p>Nous travaillons en exclusivit\u00e9 avec qu'une soci\u00e9t\u00e9 par m\u00e9tier et par r\u00e9gion. <br>Votre entreprise est pr\u00e9sente sur tous les documents immobiliers. Afin d'\u00eatre mieux vu sur le net, vous \u00eates \u00e9galement visible sur nos deux sites et sur les pages de r\u00e9f\u00e9rencement de votre r\u00e9gion.<\/p>\r\n    <a href=\"\/contact\" class=\"wp-block-button__link has-accent-background-color has-text-align-center wp-element-button\">R\u00e9server<\/a>\r\n<\/div><\/p>\n<h2>Pour quelle raison choisir notre soci\u00e9t\u00e9 ?<\/h2>\n<ul>\n<li>Nos prix sont comp\u00e9titifs.<\/li>\n<li>Nous installons du carrelage de qualit\u00e9.<\/li>\n<li>Notre entreprise est situ\u00e9e dans le centre \u00e0 Biel\/Bienne pour intervenir rapidement chez vous.<\/li>\n<li>Conseils personnalis\u00e9s pour votre projet.<\/li>\n<li>Devis gratuit,<\/li>\n<li>\u00c9quipe exp\u00e9riment\u00e9e,<\/li>\n<li>Entreprise de confiance : nous r\u00e9alisons des interventions dans des grandes entreprises et des cabinets d&rsquo;architectes pour r\u00e9aliser l&rsquo;installation de carrelage, de fa\u00efence, de parquet, et de rev\u00eatements vari\u00e9s.<\/li>\n<\/ul>\n<h2>Contactez-nous d\u00e8s aujourd&rsquo;hui pour obtenir votre devis gratuit<\/h2>\n<p>N&rsquo;h\u00e9sitez pas \u00e0 nous contacter si vous souhaitez obtenir un devis gratuit, nous r\u00e9pondons d\u00e8s que possible pour \u00e9valuer le prix de projet.<\/p>\n<h2>Nos services<\/h2>\n<ul>\n<li>Installation de carrelage classique, de fa\u00efence et de parquet,<\/li>\n<li>conseil personnalis\u00e9 pour choisir votre carrelage,<\/li>\n<li>installation de carrelage,<\/li>\n<li>installation des joints,<\/li>\n<li>installation du carrelage sur les sols et les parois,<\/li>\n<li>installation de carrelage int\u00e9rieur et ext\u00e9rieur,<\/li>\n<li>enl\u00e8vement du carrelage existant,<\/li>\n<li>enl\u00e8vement de votre parquet flottant,<\/li>\n<li>installation de carrelage sur votre balcon.<\/li>\n<\/ul>\n<h2>Comment choisir le carrelage qui vous convient ?<\/h2>\n<h3>Bien identifier la zone d&rsquo;installation<\/h3>\n<p>Consid\u00e9rez l&#8217;emplacement sur lequel le carrelage va \u00eatre pos\u00e9 et \u00e9galement s&rsquo;il se trouve dans un passage visit\u00e9. De plus, les gens porteront-ils des chaussures ou des chaussettes en marchant sur le carrelage\u202f? Sera-t-il expos\u00e9 aux milieux humides\u202f? Pensez aussi aux espaces qu&rsquo;il recouvrira, tels que les murs, les plans de travail, les sols, etc.<\/p>\n<h3>Estimez la quantit\u00e9 de carrelage requis<\/h3>\n<p>Pour d\u00e9terminer le volume de carrelage n\u00e9cessaire pour votre projet, faites la multiplication : largeur par sa longueur et ajoutez \u00e0 peu pr\u00e8s 5 % pour garder une marge de protection. Nous recommandons de garder du carrelage en plus en cas de casses.<\/p>\n<h3>Choisissez le mat\u00e9riau<\/h3>\n<p>Le type de mat\u00e9riaux a un impact sur : le prix, l&rsquo;entretien, la teinte et la long\u00e9vit\u00e9. De plus, il est indispensable de prendre en compte les finitions et la texture pour choisir le meilleur carrelage possible.<\/p>\n<h3>Maintenance<\/h3>\n<p>Nous vous sugg\u00e9rons de prendre en consid\u00e9ration la complexit\u00e9 d&rsquo;entretien, par exemple : le scellement du carrelage avec un joint clair r\u00e9clame un entretien plus long, en effet, il agglom\u00e8re \u00e0 toute vitesse la salet\u00e9, le rendent plus d\u00e9licat \u00e0 entretenir que d&rsquo;autres couleurs.<\/p>\n<h2>Contactez-nous pour obtenir un rendez-vous<\/h2>\n<p>Nos carreleurs \u00e0 Biel\/Bienne ont connaissance de la complexit\u00e9 de votre projet, c&rsquo;est pourquoi notre \u00e9quipe est disponible du lundi au samedi pour vous offrir des conseils personnalis\u00e9s.<\/p>\n<h2>FAQ<\/h2>\n<h3>Comment fonctionne votre soci\u00e9t\u00e9 ?<\/h3>\n<ol>\n<li>Prise de contact par email ou par t\u00e9l\u00e9phone.<\/li>\n<li>Puis, nous fixons un rendez-vous avec vous.<\/li>\n<li>Nous nous d\u00e9pla\u00e7ons \u00e0 votre foyer pour calculer le nombre de carreaux \u00e0 installer.<\/li>\n<li>Nous lan\u00e7ons l&rsquo;installation des carreaux \u00e0 votre domicile.<\/li>\n<\/ol>\n<h3>Intervenez-vous dans les villes aux alentours de Biel\/Bienne ?<\/h3>\n<p>Oui, nous intervenons \u00e0 Biel\/Bienne, mais aussi dans les villes aux alentours, telles que :<\/p>\nT\u00fcscherz-Alferm\u00e9e, Twann, Ligerz, Ligni\u00e8res, Le Landeron, Magglingen\/Macolin, Evilard, Les Pr\u00e9s-d'Orvin.\n<h3>Quels sont les styles de carreaux les plus r\u00e9pandus\u202f?<\/h3>\n<ul>\n<li>Les carrelages mosa\u00efques.<\/li>\n<li>Les carrelages int\u00e9rieurs blancs de m\u00e9tro.<\/li>\n<li>Les carreaux de marbre.<\/li>\n<li>Les carrelages de c\u00e9ramique.<\/li>\n<li>Les carreaux en ciments.<\/li>\n<li>Les carrelages porcelaine.<\/li>\n<\/ul>\n","protected":false},"excerpt":{"rendered":"<p>Besoin d&rsquo;une entreprise de carrelage \u00e0 Biel\/Bienne ? Contacter Artisanlocal, nous proposons la pose de carrelage : pour dosseret, salle d&rsquo;eau ou plancher ! Pour quelle raison choisir notre soci\u00e9t\u00e9 ? Nos prix sont comp\u00e9titifs. Nous installons du carrelage de qualit\u00e9. Notre entreprise est situ\u00e9e dans le centre \u00e0 Biel\/Bienne pour intervenir rapidement chez vous. [&hellip;]<\/p>\n","protected":false},"author":4,"featured_media":2804,"parent":0,"menu_order":0,"comment_status":"closed","ping_status":"closed","template":"","meta":{"footnotes":""},"profession":[119],"location":[59],"canton":[118],"class_list":["post-617","page","type-page","status-publish","has-post-thumbnail","hentry","profession-carreleur","location-biel-bienne","canton-be"],"yoast_head":"<!-- This site is optimized with the Yoast SEO Premium plugin v25.7.1 (Yoast SEO v27.4) - https:\/\/yoast.com\/product\/yoast-seo-premium-wordpress\/ -->\n<title>Entreprise de carrelage \u00e0 Biel\/Bienne - Artisanlocal<\/title>\n<meta name=\"robots\" content=\"index, follow, max-snippet:-1, max-image-preview:large, max-video-preview:-1\" \/>\n<link rel=\"canonical\" href=\"https:\/\/www.artisanlocal.ch\/c\/entreprise-de-carreaux-a-bienne\/\" \/>\n<meta property=\"og:locale\" content=\"fr_FR\" \/>\n<meta property=\"og:type\" content=\"article\" \/>\n<meta property=\"og:title\" content=\"Entreprise de carrelage \u00e0 Biel\/Bienne\" \/>\n<meta property=\"og:description\" content=\"Besoin d&rsquo;une entreprise de carrelage \u00e0 Biel\/Bienne ? Contacter Artisanlocal, nous proposons la pose de carrelage : pour dosseret, salle d&rsquo;eau ou plancher ! Pour quelle raison choisir notre soci\u00e9t\u00e9 ? Nos prix sont comp\u00e9titifs. Nous installons du carrelage de qualit\u00e9. Notre entreprise est situ\u00e9e dans le centre \u00e0 Biel\/Bienne pour intervenir rapidement chez vous. [&hellip;]\" \/>\n<meta property=\"og:url\" content=\"https:\/\/www.artisanlocal.ch\/c\/entreprise-de-carreaux-a-bienne\/\" \/>\n<meta property=\"og:site_name\" content=\"Artisanlocal\" \/>\n<meta property=\"article:modified_time\" content=\"2025-08-26T17:29:11+00:00\" \/>\n<meta property=\"og:image\" content=\"https:\/\/www.artisanlocal.ch\/c\/wp-content\/uploads\/2024\/11\/carreleur.jpg\" \/>\n\t<meta property=\"og:image:width\" content=\"1920\" \/>\n\t<meta property=\"og:image:height\" content=\"300\" \/>\n\t<meta property=\"og:image:type\" content=\"image\/jpeg\" \/>\n<meta name=\"twitter:card\" content=\"summary_large_image\" \/>\n<meta name=\"twitter:label1\" content=\"Dur\u00e9e de lecture estim\u00e9e\" \/>\n\t<meta name=\"twitter:data1\" content=\"3 minutes\" \/>\n<script type=\"application\/ld+json\" class=\"yoast-schema-graph\">{\"@context\":\"https:\\\/\\\/schema.org\",\"@graph\":[{\"@type\":\"WebPage\",\"@id\":\"https:\\\/\\\/www.artisanlocal.ch\\\/c\\\/entreprise-de-carreaux-a-bienne\\\/\",\"url\":\"https:\\\/\\\/www.artisanlocal.ch\\\/c\\\/entreprise-de-carreaux-a-bienne\\\/\",\"name\":\"Entreprise de carrelage \u00e0 Biel\\\/Bienne - Artisanlocal\",\"isPartOf\":{\"@id\":\"https:\\\/\\\/www.artisanlocal.ch\\\/c\\\/#website\"},\"primaryImageOfPage\":{\"@id\":\"https:\\\/\\\/www.artisanlocal.ch\\\/c\\\/entreprise-de-carreaux-a-bienne\\\/#primaryimage\"},\"image\":{\"@id\":\"https:\\\/\\\/www.artisanlocal.ch\\\/c\\\/entreprise-de-carreaux-a-bienne\\\/#primaryimage\"},\"thumbnailUrl\":\"https:\\\/\\\/www.artisanlocal.ch\\\/c\\\/wp-content\\\/uploads\\\/2024\\\/11\\\/carreleur.jpg\",\"datePublished\":\"2024-04-21T23:34:26+00:00\",\"dateModified\":\"2025-08-26T17:29:11+00:00\",\"breadcrumb\":{\"@id\":\"https:\\\/\\\/www.artisanlocal.ch\\\/c\\\/entreprise-de-carreaux-a-bienne\\\/#breadcrumb\"},\"inLanguage\":\"fr-FR\",\"potentialAction\":[{\"@type\":\"ReadAction\",\"target\":[\"https:\\\/\\\/www.artisanlocal.ch\\\/c\\\/entreprise-de-carreaux-a-bienne\\\/\"]}]},{\"@type\":\"ImageObject\",\"inLanguage\":\"fr-FR\",\"@id\":\"https:\\\/\\\/www.artisanlocal.ch\\\/c\\\/entreprise-de-carreaux-a-bienne\\\/#primaryimage\",\"url\":\"https:\\\/\\\/www.artisanlocal.ch\\\/c\\\/wp-content\\\/uploads\\\/2024\\\/11\\\/carreleur.jpg\",\"contentUrl\":\"https:\\\/\\\/www.artisanlocal.ch\\\/c\\\/wp-content\\\/uploads\\\/2024\\\/11\\\/carreleur.jpg\",\"width\":1920,\"height\":300},{\"@type\":\"BreadcrumbList\",\"@id\":\"https:\\\/\\\/www.artisanlocal.ch\\\/c\\\/entreprise-de-carreaux-a-bienne\\\/#breadcrumb\",\"itemListElement\":[{\"@type\":\"ListItem\",\"position\":1,\"name\":\"Accueil\",\"item\":\"https:\\\/\\\/www.artisanlocal.ch\\\/c\\\/\"},{\"@type\":\"ListItem\",\"position\":2,\"name\":\"Entreprise de carrelage \u00e0 Bienne\"}]},{\"@type\":\"WebSite\",\"@id\":\"https:\\\/\\\/www.artisanlocal.ch\\\/c\\\/#website\",\"url\":\"https:\\\/\\\/www.artisanlocal.ch\\\/c\\\/\",\"name\":\"Artisanlocal\",\"description\":\"\",\"publisher\":{\"@id\":\"https:\\\/\\\/www.artisanlocal.ch\\\/c\\\/#organization\"},\"potentialAction\":[{\"@type\":\"SearchAction\",\"target\":{\"@type\":\"EntryPoint\",\"urlTemplate\":\"https:\\\/\\\/www.artisanlocal.ch\\\/c\\\/?s={search_term_string}\"},\"query-input\":{\"@type\":\"PropertyValueSpecification\",\"valueRequired\":true,\"valueName\":\"search_term_string\"}}],\"inLanguage\":\"fr-FR\"},{\"@type\":\"Organization\",\"@id\":\"https:\\\/\\\/www.artisanlocal.ch\\\/c\\\/#organization\",\"name\":\"Artisanlocal\",\"url\":\"https:\\\/\\\/www.artisanlocal.ch\\\/c\\\/\",\"logo\":{\"@type\":\"ImageObject\",\"inLanguage\":\"fr-FR\",\"@id\":\"https:\\\/\\\/www.artisanlocal.ch\\\/c\\\/#\\\/schema\\\/logo\\\/image\\\/\",\"url\":\"https:\\\/\\\/www.artisanlocal.ch\\\/c\\\/wp-content\\\/uploads\\\/2024\\\/02\\\/logo-artisanlocal-h.svg\",\"contentUrl\":\"https:\\\/\\\/www.artisanlocal.ch\\\/c\\\/wp-content\\\/uploads\\\/2024\\\/02\\\/logo-artisanlocal-h.svg\",\"caption\":\"Artisanlocal\"},\"image\":{\"@id\":\"https:\\\/\\\/www.artisanlocal.ch\\\/c\\\/#\\\/schema\\\/logo\\\/image\\\/\"}}]}<\/script>\n<!-- \/ Yoast SEO Premium plugin. -->","yoast_head_json":{"title":"Entreprise de carrelage \u00e0 Biel\/Bienne - Artisanlocal","robots":{"index":"index","follow":"follow","max-snippet":"max-snippet:-1","max-image-preview":"max-image-preview:large","max-video-preview":"max-video-preview:-1"},"canonical":"https:\/\/www.artisanlocal.ch\/c\/entreprise-de-carreaux-a-bienne\/","og_locale":"fr_FR","og_type":"article","og_title":"Entreprise de carrelage \u00e0 Biel\/Bienne","og_description":"Besoin d&rsquo;une entreprise de carrelage \u00e0 Biel\/Bienne ? Contacter Artisanlocal, nous proposons la pose de carrelage : pour dosseret, salle d&rsquo;eau ou plancher ! Pour quelle raison choisir notre soci\u00e9t\u00e9 ? Nos prix sont comp\u00e9titifs. Nous installons du carrelage de qualit\u00e9. Notre entreprise est situ\u00e9e dans le centre \u00e0 Biel\/Bienne pour intervenir rapidement chez vous. [&hellip;]","og_url":"https:\/\/www.artisanlocal.ch\/c\/entreprise-de-carreaux-a-bienne\/","og_site_name":"Artisanlocal","article_modified_time":"2025-08-26T17:29:11+00:00","og_image":[{"width":1920,"height":300,"url":"https:\/\/www.artisanlocal.ch\/c\/wp-content\/uploads\/2024\/11\/carreleur.jpg","type":"image\/jpeg"}],"twitter_card":"summary_large_image","twitter_misc":{"Dur\u00e9e de lecture estim\u00e9e":"3 minutes"},"schema":{"@context":"https:\/\/schema.org","@graph":[{"@type":"WebPage","@id":"https:\/\/www.artisanlocal.ch\/c\/entreprise-de-carreaux-a-bienne\/","url":"https:\/\/www.artisanlocal.ch\/c\/entreprise-de-carreaux-a-bienne\/","name":"Entreprise de carrelage \u00e0 Biel\/Bienne - Artisanlocal","isPartOf":{"@id":"https:\/\/www.artisanlocal.ch\/c\/#website"},"primaryImageOfPage":{"@id":"https:\/\/www.artisanlocal.ch\/c\/entreprise-de-carreaux-a-bienne\/#primaryimage"},"image":{"@id":"https:\/\/www.artisanlocal.ch\/c\/entreprise-de-carreaux-a-bienne\/#primaryimage"},"thumbnailUrl":"https:\/\/www.artisanlocal.ch\/c\/wp-content\/uploads\/2024\/11\/carreleur.jpg","datePublished":"2024-04-21T23:34:26+00:00","dateModified":"2025-08-26T17:29:11+00:00","breadcrumb":{"@id":"https:\/\/www.artisanlocal.ch\/c\/entreprise-de-carreaux-a-bienne\/#breadcrumb"},"inLanguage":"fr-FR","potentialAction":[{"@type":"ReadAction","target":["https:\/\/www.artisanlocal.ch\/c\/entreprise-de-carreaux-a-bienne\/"]}]},{"@type":"ImageObject","inLanguage":"fr-FR","@id":"https:\/\/www.artisanlocal.ch\/c\/entreprise-de-carreaux-a-bienne\/#primaryimage","url":"https:\/\/www.artisanlocal.ch\/c\/wp-content\/uploads\/2024\/11\/carreleur.jpg","contentUrl":"https:\/\/www.artisanlocal.ch\/c\/wp-content\/uploads\/2024\/11\/carreleur.jpg","width":1920,"height":300},{"@type":"BreadcrumbList","@id":"https:\/\/www.artisanlocal.ch\/c\/entreprise-de-carreaux-a-bienne\/#breadcrumb","itemListElement":[{"@type":"ListItem","position":1,"name":"Accueil","item":"https:\/\/www.artisanlocal.ch\/c\/"},{"@type":"ListItem","position":2,"name":"Entreprise de carrelage \u00e0 Bienne"}]},{"@type":"WebSite","@id":"https:\/\/www.artisanlocal.ch\/c\/#website","url":"https:\/\/www.artisanlocal.ch\/c\/","name":"Artisanlocal","description":"","publisher":{"@id":"https:\/\/www.artisanlocal.ch\/c\/#organization"},"potentialAction":[{"@type":"SearchAction","target":{"@type":"EntryPoint","urlTemplate":"https:\/\/www.artisanlocal.ch\/c\/?s={search_term_string}"},"query-input":{"@type":"PropertyValueSpecification","valueRequired":true,"valueName":"search_term_string"}}],"inLanguage":"fr-FR"},{"@type":"Organization","@id":"https:\/\/www.artisanlocal.ch\/c\/#organization","name":"Artisanlocal","url":"https:\/\/www.artisanlocal.ch\/c\/","logo":{"@type":"ImageObject","inLanguage":"fr-FR","@id":"https:\/\/www.artisanlocal.ch\/c\/#\/schema\/logo\/image\/","url":"https:\/\/www.artisanlocal.ch\/c\/wp-content\/uploads\/2024\/02\/logo-artisanlocal-h.svg","contentUrl":"https:\/\/www.artisanlocal.ch\/c\/wp-content\/uploads\/2024\/02\/logo-artisanlocal-h.svg","caption":"Artisanlocal"},"image":{"@id":"https:\/\/www.artisanlocal.ch\/c\/#\/schema\/logo\/image\/"}}]}},"_links":{"self":[{"href":"https:\/\/www.artisanlocal.ch\/c\/wp-json\/wp\/v2\/pages\/617","targetHints":{"allow":["GET"]}}],"collection":[{"href":"https:\/\/www.artisanlocal.ch\/c\/wp-json\/wp\/v2\/pages"}],"about":[{"href":"https:\/\/www.artisanlocal.ch\/c\/wp-json\/wp\/v2\/types\/page"}],"author":[{"embeddable":true,"href":"https:\/\/www.artisanlocal.ch\/c\/wp-json\/wp\/v2\/users\/4"}],"replies":[{"embeddable":true,"href":"https:\/\/www.artisanlocal.ch\/c\/wp-json\/wp\/v2\/comments?post=617"}],"version-history":[{"count":0,"href":"https:\/\/www.artisanlocal.ch\/c\/wp-json\/wp\/v2\/pages\/617\/revisions"}],"wp:featuredmedia":[{"embeddable":true,"href":"https:\/\/www.artisanlocal.ch\/c\/wp-json\/wp\/v2\/media\/2804"}],"wp:attachment":[{"href":"https:\/\/www.artisanlocal.ch\/c\/wp-json\/wp\/v2\/media?parent=617"}],"wp:term":[{"taxonomy":"profession","embeddable":true,"href":"https:\/\/www.artisanlocal.ch\/c\/wp-json\/wp\/v2\/profession?post=617"},{"taxonomy":"location","embeddable":true,"href":"https:\/\/www.artisanlocal.ch\/c\/wp-json\/wp\/v2\/location?post=617"},{"taxonomy":"canton","embeddable":true,"href":"https:\/\/www.artisanlocal.ch\/c\/wp-json\/wp\/v2\/canton?post=617"}],"curies":[{"name":"wp","href":"https:\/\/api.w.org\/{rel}","templated":true}]}}