{"id":619,"date":"2024-04-21T13:54:40","date_gmt":"2024-04-21T11:54:40","guid":{"rendered":"https:\/\/www.artisanlocal.ch\/c\/besoin-dun-expert-pour-linstallation-de-votre-carrelage-a-delemont\/"},"modified":"2025-08-26T19:29:22","modified_gmt":"2025-08-26T17:29:22","slug":"besoin-dun-expert-pour-linstallation-de-votre-carrelage-a-delemont","status":"publish","type":"page","link":"https:\/\/www.artisanlocal.ch\/c\/besoin-dun-expert-pour-linstallation-de-votre-carrelage-a-delemont\/","title":{"rendered":"Entreprise de carrelage \u00e0 Del\u00e9mont"},"content":{"rendered":"<p>Besoin d&rsquo;installer un nouveau carrelage ? Obtenez une estimation en ligne, Artisanlocal propose des services de pose de carrelages \u00e0 Del\u00e9mont pour r\u00e9pondre \u00e0 tous vos besoins, comme le carrelage classique, de dosseret, dans votre salle d&rsquo;eau ou sur votre sol ! Nous proposons aussi nos services dans les villes voisines \u00e0 Del\u00e9mont.<br \/>\n\r\n<div class=\"box\">\r\n            <div class=\"company-info\">\r\n            <img decoding=\"async\" class=\"company-info__logo\" src=\"https:\/\/www.artisanlocal.ch\/media\/cache\/thumb\/images\/companies\/664ca52f73b27942297409.png\" alt=\"Logo\">\r\n            <h2 class=\"company-info__name\">Sandy Voirol Carrelage S\u00e0rl<\/h2>\r\n            <p class=\"company-info__business\">Rev\u00eatements de sols - Entreprise de carrelage - Exposition et vente de carrelage<\/p>\r\n        <\/div>\r\n        <div class=\"company-contact\">\r\n            <p class=\"company-info__address\">Route de la Raisse 6<\/p>\r\n                            <div class=\"links\">\r\n                                            <a class=\"btn has-accent-background-color js-phoneNumber\" href=\"tel:0786270646\" title=\"Appelez\" data-id=\"6557\" data-type=\"11\">078 627 06 46<\/a>\r\n                                                                <a class=\"btn has-accent-background-color\" href=\"https:\/\/sandyvoirolcarrelage.ch\/\" target=\"_blank\" title=\"Voir le site internet\" data-id=\"6557\" data-type=\"20\">Site internet<\/a>\r\n                                    <\/div>\r\n                    <\/div>\r\n    \r\n            \r\n<form action=\"https:\/\/www.artisanlocal.ch\/c\/wp-admin\/admin-ajax.php\" method=\"post\" class=\"form-contact\" id=\"artisan_form_contact_company_inline\">\r\n    <div><input type=\"hidden\" name=\"action\" value=\"company_contact\"><\/div>\r\n    <div><input type=\"hidden\" name=\"nonce\" value=\"85ec494698\"><\/div>\r\n    <div><input type=\"hidden\" name=\"company_id\" value=\"6557\"><\/div>\r\n    <div><input type=\"hidden\" name=\"form_id\" value=\"artisan_form_contact_company_inline\"><\/div>\r\n    <div class=\"gglcptch gglcptch_v3 gglcptch_custom\"><input type=\"hidden\" id=\"g-recaptcha-response\" name=\"g-recaptcha-response\" \/><br \/><div class=\"gglcptch_error_text\">La p\u00e9riode de v\u00e9rification reCAPTCHA a expir\u00e9. Veuillez recharger la page.<\/div><\/div>    <div class=\"form-content\">\r\n        <div class=\"form-group\">\r\n            <label for=\"contact_firstName\" class=\"required\">Pr\u00e9nom<\/label>\r\n            <input type=\"text\" name=\"firstName\" class=\"form-control\" required>\r\n        <\/div>\r\n        <div class=\"form-group\">\r\n            <label for=\"contact_lastName\" class=\"required\">Nom<\/label>\r\n            <input type=\"text\" name=\"lastName\" class=\"form-control\" required>\r\n        <\/div>\r\n        <div class=\"form-group\">\r\n            <label for=\"contact_email\" class=\"required\">Email<\/label>\r\n            <input type=\"email\" name=\"email\" class=\"form-control\" required>\r\n        <\/div>\r\n        <div class=\"form-group\">\r\n            <label for=\"contact_phone\" class=\"required\">Num\u00e9ro de t\u00e9l\u00e9phone<\/label>\r\n            <input type=\"tel\" name=\"phone\" class=\"form-control\" placeholder=\"0787117165\" pattern=\"^[0-9]{10}$\" required>\r\n        <\/div>\r\n        <div class=\"form-group\">\r\n            <label for=\"contact_postalCode\" class=\"required\">Code postal et localit\u00e9<\/label>\r\n            <input type=\"text\" name=\"postalCode\" class=\"form-control\" required>\r\n        <\/div>\r\n        <div class=\"form-group\">\r\n            <label for=\"contact_address\" class=\"required\">Adresse<\/label>\r\n            <input type=\"text\" name=\"address\" class=\"form-control\" required>\r\n        <\/div>\r\n        <div class=\"full-width topic\">\r\n            <p class=\"required\">Je souhaite \u00eatre contact\u00e9 pour :<\/p>\r\n            <div class=\"form-check\">\r\n                <input type=\"radio\" name=\"topic\" value=\"D\u00e9pannage\" class=\"form-control\" required>\r\n                <label for=\"d\u00e9pannage\">D\u00e9pannage<\/label>\r\n            <\/div>\r\n            <div class=\"form-check\">\r\n                <input type=\"radio\" name=\"topic\" value=\"Entretien\" class=\"form-control\" required>\r\n                <label for=\"entretien\">Entretien<\/label>\r\n            <\/div>\r\n            <div class=\"form-check\">\r\n                <input type=\"radio\" name=\"topic\" value=\"R\u00e9novation\" class=\"form-control\" required>\r\n                <label for=\"r\u00e9novation\">R\u00e9novation<\/label>\r\n            <\/div>\r\n            <div class=\"form-check\">\r\n                <input type=\"radio\" name=\"topic\" value=\"Autre\" class=\"form-control\" required>\r\n                <label for=\"autre\">Autre<\/label>\r\n            <\/div>\r\n        <\/div>\r\n        <div class=\"form-group full-width\">\r\n            <label for=\"contact_message\">Message<\/label>\r\n            <textarea name=\"message\" rows=\"3\" class=\"form-control\"><\/textarea>\r\n        <\/div>\r\n    <\/div>\r\n    <div class=\"form-actions\">\r\n        <button class=\"wp-block-button__link has-accent-background-color\">Contacter<\/button>\r\n    <\/div>\r\n<\/form>\r\n<div class=\"form-feedback\"><\/div>    <\/div><\/p>\n<h2>Pourquoi choisir notre entreprise ?<\/h2>\n<p>Pour votre projet d&rsquo;installation de carrelage \u00e0 Del\u00e9mont, faites confiance \u00e0 Artisanlocal, s\u00e9lectionnez notre entreprise, car :<\/p>\n<ul>\n<li>Nous proposons un bon rapport qualit\u00e9-prix,<\/li>\n<li>nos carrelages sont de qualit\u00e9s sup\u00e9rieures,<\/li>\n<li>notre entreprise est implant\u00e9e \u00e0 Del\u00e9mont, et intervient en urgence \u00e0 votre logement,<\/li>\n<li>nos recommandations sont personnalis\u00e9es \u00e0 votre projet, par exemple : pour choisir le bon carrelage,<\/li>\n<li>nous fournissons des devis gratuits,<\/li>\n<li>nous avons une \u00e9quipe exp\u00e9riment\u00e9e,<\/li>\n<li>un partenaire s\u00fbr et fiable : nous r\u00e9alisons des interventions dans des grands groupes et des cabinets d&rsquo;architectes pour installer du parquet, de la fa\u00efence, du carrelage ou des autres rev\u00eatements pour les sols.<\/li>\n<\/ul>\n<h2>Obtenez votre devis gratuit pour l&rsquo;installation de carrelage en nous contactant maintenant<\/h2>\n<p>Contactez-nous d\u00e8s maintenant pour obtenir un devis, nous prendrons contact avec vous le plus vite possible pour estimer le co\u00fbt de votre projet.<\/p>\n<h2>Nos prestations<\/h2>\n<p>Nos artisans fournissent aux Del\u00e9montain et aux entreprises locales, les solutions suivantes :<\/p>\n<ul>\n<li>Les installations de parquet, carrelage, fa\u00efence, et autres mod\u00e8les de carreaux,<\/li>\n<li>une aide pour bien choisir votre carrelage,<\/li>\n<li>l\u2019installation du carrelage,<\/li>\n<li>l&rsquo;application de joint pour carrelage,<\/li>\n<li>l\u2019installation du carrelage sur les sols\/murs,<\/li>\n<li>la pose de carrelage int\u00e9rieur et ext\u00e9rieur,<\/li>\n<li>la suppression du carrelage actuel,<\/li>\n<li>le retrait du plancher flottant,<\/li>\n<li>l\u2019installation des carreaux sur votre terrasse.<\/li>\n<\/ul>\n<h2>Comment choisir votre carrelage id\u00e9al ?<\/h2>\n<h3>R\u00e9fl\u00e9chir \u00e0 l&#8217;emplacement sur lequel le carrelage sera pos\u00e9<\/h3>\n<p>Gardez \u00e0 l&rsquo;esprit l&#8217;emplacement sur lequel le carrelage va \u00eatre plac\u00e9 et \u00e9galement s&rsquo;il se trouve dans un chemin fr\u00e9quent\u00e9\u202f? Par ailleurs, marchera-t-on sur le carrelage en chaussettes ou en chaussures ? Est-il pr\u00e9vu qu&rsquo;il soit install\u00e9 dans un milieu humide\u202f? Pensez aussi aux espaces qu&rsquo;il couvrira, tel que les murs, les plans de travail, les sols, etc.<\/p>\n<h3>D\u00e9terminez la quantit\u00e9 de carrelage requis<\/h3>\n<p>Dans le but de d\u00e9finir la quantit\u00e9 de carreaux pour votre espace, faites la multiplication : largeur par sa longueur et rajoutez dans les 5 % pour conserver une marge de protection. Nous vous sugg\u00e9rons de conserver en r\u00e9serve des carreaux afin de r\u00e9parer de possibles d\u00e9g\u00e2ts.<\/p>\n<h3>S\u00e9lectionnez le bon mat\u00e9riau<\/h3>\n<p>Les carreaux sont \u00e9labor\u00e9s avec plusieurs sortes de mat\u00e9riaux qui ont un impact sur : le prix de l&rsquo;entretien, l&rsquo;apparence et la long\u00e9vit\u00e9. D&rsquo;autre part, il faut tenir compte de la texture et des finitions pour s\u00e9lectionner les meilleurs carreaux possible.<\/p>\n<h3>Maintenance<\/h3>\n<p>Nous vous sugg\u00e9rons de prendre en consid\u00e9ration la complexit\u00e9 de nettoyage, entre autres : le scellement du carrelage avec un joint clair exige un entretien qui prend plus de temps, parce qu&rsquo;il accumule \u00e0 toute vitesse la poussi\u00e8re, le rendent plus d\u00e9licat \u00e0 nettoyer que d&rsquo;autres coloris.<\/p>\n<h2>Prenez un rendez-vous d\u00e8s aujourd&rsquo;hui<\/h2>\n<p>Nos sp\u00e9cialistes de la pose de carrelage \u00e0 Del\u00e9mont savent que le choix des carreaux peut \u00eatre complexe, c&rsquo;est pourquoi nous sommes disponibles du lundi au samedi de mani\u00e8re \u00e0 r\u00e9pondre \u00e0 vos probl\u00e9matiques.<\/p>\n<h2>FAQ<\/h2>\n<h3>Comment fonctionne votre entreprise ?<\/h3>\n<ol>\n<li>Prise de contact par t\u00e9l\u00e9phone ou par email.<\/li>\n<li>Prise de rendez-vous en fonction de votre agenda.<\/li>\n<li>D\u00e9placement dans votre foyer pour d\u00e9finir le nombre de carreaux \u00e0 installer.<\/li>\n<li>D\u00e9marrage de votre projet.<\/li>\n<\/ol>\n<h3>Votre entreprise intervient \u00e0 Del\u00e9mont et dans les localit\u00e9s \u00e0 proximit\u00e9 ?<\/h3>\n<p>Oui, nous nous d\u00e9pla\u00e7ons \u00e0 Del\u00e9mont, n\u00e9anmoins, notre \u00e9quipe op\u00e8re dans les communes aux alentours, telles que :<\/p>\nDevelier, Bourrignon, Soyhi\u00e8res, Mettembert, Pleigne, Lucelle, Movelier, Ederswiler, Roggenburg, Courroux, Courcelon, Vicques, Courchapoix, Corban, Mervelier, Montsevelier, Vermes, Courrendlin, Vellerat, Rebeuvelier, Rossemaison, Ch\u00e2tillon JU, Court\u00e9telle, Courfaivre, Bassecourt, Glovelier, Bo\u00e9court, Montavon, Undervelier, Soulce, Saulcy.\n<h3>Vous installez quels types de carrelages le plus g\u00e9n\u00e9ralement\u202f?<\/h3>\n<p>Voici les carreaux les plus appr\u00e9ci\u00e9s que nous installons :<\/p>\n<ul>\n<li>Les carreaux mosa\u00efques : v\u00e9ritable succ\u00e8s, ils apportent un style incomparable \u00e0 votre foyer.<\/li>\n<li>Les carreaux int\u00e9rieurs blancs de m\u00e9tro : r\u00e9tro, ils ajoutent une touche lumineuse \u00e0 votre salle de bain ou votre cuisine.<\/li>\n<li>Les carreaux de marbre : ils ajoutent un style pr\u00e9cieux \u00e0 n&rsquo;importe quelle pi\u00e8ce de votre habitation.<\/li>\n<li>Les carrelages de c\u00e9ramique : peu on\u00e9reux, le carreau en c\u00e9ramique a d&rsquo;innombrables avantages (facile \u00e0 entretenir, et disponibles dans plusieurs coloris).<\/li>\n<li>Les carreaux ciments : ils sont populaires et ils accrochent le regard, ils sont souvent pr\u00e9sents dans les centres commerciaux et r\u00e9sidences.<\/li>\n<li>Les carrelages porcelaine : ils imitent les surfaces naturelles (brique, pierre ou bois) et il ne n\u00e9cessite pratiquement pas d\u2019entretien.<\/li>\n<\/ul>\n","protected":false},"excerpt":{"rendered":"<p>Besoin d&rsquo;installer un nouveau carrelage ? Obtenez une estimation en ligne, Artisanlocal propose des services de pose de carrelages \u00e0 Del\u00e9mont pour r\u00e9pondre \u00e0 tous vos besoins, comme le carrelage classique, de dosseret, dans votre salle d&rsquo;eau ou sur votre sol ! Nous proposons aussi nos services dans les villes voisines \u00e0 Del\u00e9mont. Pourquoi choisir [&hellip;]<\/p>\n","protected":false},"author":4,"featured_media":2804,"parent":0,"menu_order":0,"comment_status":"closed","ping_status":"closed","template":"","meta":{"footnotes":""},"profession":[119],"location":[11],"canton":[111],"class_list":["post-619","page","type-page","status-publish","has-post-thumbnail","hentry","profession-carreleur","location-delemont","canton-ju"],"yoast_head":"<!-- This site is optimized with the Yoast SEO Premium plugin v25.7.1 (Yoast SEO v27.3) - https:\/\/yoast.com\/product\/yoast-seo-premium-wordpress\/ -->\n<title>Entreprise de carrelage \u00e0 Del\u00e9mont - Artisanlocal<\/title>\n<meta name=\"robots\" content=\"index, follow, max-snippet:-1, max-image-preview:large, max-video-preview:-1\" \/>\n<link rel=\"canonical\" href=\"https:\/\/www.artisanlocal.ch\/c\/besoin-dun-expert-pour-linstallation-de-votre-carrelage-a-delemont\/\" \/>\n<meta property=\"og:locale\" content=\"fr_FR\" \/>\n<meta property=\"og:type\" content=\"article\" \/>\n<meta property=\"og:title\" content=\"Entreprise de carrelage \u00e0 Del\u00e9mont\" \/>\n<meta property=\"og:description\" content=\"Besoin d&rsquo;installer un nouveau carrelage ? Obtenez une estimation en ligne, Artisanlocal propose des services de pose de carrelages \u00e0 Del\u00e9mont pour r\u00e9pondre \u00e0 tous vos besoins, comme le carrelage classique, de dosseret, dans votre salle d&rsquo;eau ou sur votre sol ! Nous proposons aussi nos services dans les villes voisines \u00e0 Del\u00e9mont. Pourquoi choisir [&hellip;]\" \/>\n<meta property=\"og:url\" content=\"https:\/\/www.artisanlocal.ch\/c\/besoin-dun-expert-pour-linstallation-de-votre-carrelage-a-delemont\/\" \/>\n<meta property=\"og:site_name\" content=\"Artisanlocal\" \/>\n<meta property=\"article:modified_time\" content=\"2025-08-26T17:29:22+00:00\" \/>\n<meta property=\"og:image\" content=\"https:\/\/www.artisanlocal.ch\/c\/wp-content\/uploads\/2024\/11\/carreleur.jpg\" \/>\n\t<meta property=\"og:image:width\" content=\"1920\" \/>\n\t<meta property=\"og:image:height\" content=\"300\" \/>\n\t<meta property=\"og:image:type\" content=\"image\/jpeg\" \/>\n<meta name=\"twitter:card\" content=\"summary_large_image\" \/>\n<meta name=\"twitter:label1\" content=\"Dur\u00e9e de lecture estim\u00e9e\" \/>\n\t<meta name=\"twitter:data1\" content=\"4 minutes\" \/>\n<script type=\"application\/ld+json\" class=\"yoast-schema-graph\">{\"@context\":\"https:\\\/\\\/schema.org\",\"@graph\":[{\"@type\":\"WebPage\",\"@id\":\"https:\\\/\\\/www.artisanlocal.ch\\\/c\\\/besoin-dun-expert-pour-linstallation-de-votre-carrelage-a-delemont\\\/\",\"url\":\"https:\\\/\\\/www.artisanlocal.ch\\\/c\\\/besoin-dun-expert-pour-linstallation-de-votre-carrelage-a-delemont\\\/\",\"name\":\"Entreprise de carrelage \u00e0 Del\u00e9mont - Artisanlocal\",\"isPartOf\":{\"@id\":\"https:\\\/\\\/www.artisanlocal.ch\\\/c\\\/#website\"},\"primaryImageOfPage\":{\"@id\":\"https:\\\/\\\/www.artisanlocal.ch\\\/c\\\/besoin-dun-expert-pour-linstallation-de-votre-carrelage-a-delemont\\\/#primaryimage\"},\"image\":{\"@id\":\"https:\\\/\\\/www.artisanlocal.ch\\\/c\\\/besoin-dun-expert-pour-linstallation-de-votre-carrelage-a-delemont\\\/#primaryimage\"},\"thumbnailUrl\":\"https:\\\/\\\/www.artisanlocal.ch\\\/c\\\/wp-content\\\/uploads\\\/2024\\\/11\\\/carreleur.jpg\",\"datePublished\":\"2024-04-21T11:54:40+00:00\",\"dateModified\":\"2025-08-26T17:29:22+00:00\",\"breadcrumb\":{\"@id\":\"https:\\\/\\\/www.artisanlocal.ch\\\/c\\\/besoin-dun-expert-pour-linstallation-de-votre-carrelage-a-delemont\\\/#breadcrumb\"},\"inLanguage\":\"fr-FR\",\"potentialAction\":[{\"@type\":\"ReadAction\",\"target\":[\"https:\\\/\\\/www.artisanlocal.ch\\\/c\\\/besoin-dun-expert-pour-linstallation-de-votre-carrelage-a-delemont\\\/\"]}]},{\"@type\":\"ImageObject\",\"inLanguage\":\"fr-FR\",\"@id\":\"https:\\\/\\\/www.artisanlocal.ch\\\/c\\\/besoin-dun-expert-pour-linstallation-de-votre-carrelage-a-delemont\\\/#primaryimage\",\"url\":\"https:\\\/\\\/www.artisanlocal.ch\\\/c\\\/wp-content\\\/uploads\\\/2024\\\/11\\\/carreleur.jpg\",\"contentUrl\":\"https:\\\/\\\/www.artisanlocal.ch\\\/c\\\/wp-content\\\/uploads\\\/2024\\\/11\\\/carreleur.jpg\",\"width\":1920,\"height\":300},{\"@type\":\"BreadcrumbList\",\"@id\":\"https:\\\/\\\/www.artisanlocal.ch\\\/c\\\/besoin-dun-expert-pour-linstallation-de-votre-carrelage-a-delemont\\\/#breadcrumb\",\"itemListElement\":[{\"@type\":\"ListItem\",\"position\":1,\"name\":\"Accueil\",\"item\":\"https:\\\/\\\/www.artisanlocal.ch\\\/c\\\/\"},{\"@type\":\"ListItem\",\"position\":2,\"name\":\"Entreprise de carrelage \u00e0 Del\u00e9mont\"}]},{\"@type\":\"WebSite\",\"@id\":\"https:\\\/\\\/www.artisanlocal.ch\\\/c\\\/#website\",\"url\":\"https:\\\/\\\/www.artisanlocal.ch\\\/c\\\/\",\"name\":\"Artisanlocal\",\"description\":\"\",\"publisher\":{\"@id\":\"https:\\\/\\\/www.artisanlocal.ch\\\/c\\\/#organization\"},\"potentialAction\":[{\"@type\":\"SearchAction\",\"target\":{\"@type\":\"EntryPoint\",\"urlTemplate\":\"https:\\\/\\\/www.artisanlocal.ch\\\/c\\\/?s={search_term_string}\"},\"query-input\":{\"@type\":\"PropertyValueSpecification\",\"valueRequired\":true,\"valueName\":\"search_term_string\"}}],\"inLanguage\":\"fr-FR\"},{\"@type\":\"Organization\",\"@id\":\"https:\\\/\\\/www.artisanlocal.ch\\\/c\\\/#organization\",\"name\":\"Artisanlocal\",\"url\":\"https:\\\/\\\/www.artisanlocal.ch\\\/c\\\/\",\"logo\":{\"@type\":\"ImageObject\",\"inLanguage\":\"fr-FR\",\"@id\":\"https:\\\/\\\/www.artisanlocal.ch\\\/c\\\/#\\\/schema\\\/logo\\\/image\\\/\",\"url\":\"https:\\\/\\\/www.artisanlocal.ch\\\/c\\\/wp-content\\\/uploads\\\/2024\\\/02\\\/logo-artisanlocal-h.svg\",\"contentUrl\":\"https:\\\/\\\/www.artisanlocal.ch\\\/c\\\/wp-content\\\/uploads\\\/2024\\\/02\\\/logo-artisanlocal-h.svg\",\"caption\":\"Artisanlocal\"},\"image\":{\"@id\":\"https:\\\/\\\/www.artisanlocal.ch\\\/c\\\/#\\\/schema\\\/logo\\\/image\\\/\"}}]}<\/script>\n<!-- \/ Yoast SEO Premium plugin. -->","yoast_head_json":{"title":"Entreprise de carrelage \u00e0 Del\u00e9mont - Artisanlocal","robots":{"index":"index","follow":"follow","max-snippet":"max-snippet:-1","max-image-preview":"max-image-preview:large","max-video-preview":"max-video-preview:-1"},"canonical":"https:\/\/www.artisanlocal.ch\/c\/besoin-dun-expert-pour-linstallation-de-votre-carrelage-a-delemont\/","og_locale":"fr_FR","og_type":"article","og_title":"Entreprise de carrelage \u00e0 Del\u00e9mont","og_description":"Besoin d&rsquo;installer un nouveau carrelage ? Obtenez une estimation en ligne, Artisanlocal propose des services de pose de carrelages \u00e0 Del\u00e9mont pour r\u00e9pondre \u00e0 tous vos besoins, comme le carrelage classique, de dosseret, dans votre salle d&rsquo;eau ou sur votre sol ! Nous proposons aussi nos services dans les villes voisines \u00e0 Del\u00e9mont. Pourquoi choisir [&hellip;]","og_url":"https:\/\/www.artisanlocal.ch\/c\/besoin-dun-expert-pour-linstallation-de-votre-carrelage-a-delemont\/","og_site_name":"Artisanlocal","article_modified_time":"2025-08-26T17:29:22+00:00","og_image":[{"width":1920,"height":300,"url":"https:\/\/www.artisanlocal.ch\/c\/wp-content\/uploads\/2024\/11\/carreleur.jpg","type":"image\/jpeg"}],"twitter_card":"summary_large_image","twitter_misc":{"Dur\u00e9e de lecture estim\u00e9e":"4 minutes"},"schema":{"@context":"https:\/\/schema.org","@graph":[{"@type":"WebPage","@id":"https:\/\/www.artisanlocal.ch\/c\/besoin-dun-expert-pour-linstallation-de-votre-carrelage-a-delemont\/","url":"https:\/\/www.artisanlocal.ch\/c\/besoin-dun-expert-pour-linstallation-de-votre-carrelage-a-delemont\/","name":"Entreprise de carrelage \u00e0 Del\u00e9mont - Artisanlocal","isPartOf":{"@id":"https:\/\/www.artisanlocal.ch\/c\/#website"},"primaryImageOfPage":{"@id":"https:\/\/www.artisanlocal.ch\/c\/besoin-dun-expert-pour-linstallation-de-votre-carrelage-a-delemont\/#primaryimage"},"image":{"@id":"https:\/\/www.artisanlocal.ch\/c\/besoin-dun-expert-pour-linstallation-de-votre-carrelage-a-delemont\/#primaryimage"},"thumbnailUrl":"https:\/\/www.artisanlocal.ch\/c\/wp-content\/uploads\/2024\/11\/carreleur.jpg","datePublished":"2024-04-21T11:54:40+00:00","dateModified":"2025-08-26T17:29:22+00:00","breadcrumb":{"@id":"https:\/\/www.artisanlocal.ch\/c\/besoin-dun-expert-pour-linstallation-de-votre-carrelage-a-delemont\/#breadcrumb"},"inLanguage":"fr-FR","potentialAction":[{"@type":"ReadAction","target":["https:\/\/www.artisanlocal.ch\/c\/besoin-dun-expert-pour-linstallation-de-votre-carrelage-a-delemont\/"]}]},{"@type":"ImageObject","inLanguage":"fr-FR","@id":"https:\/\/www.artisanlocal.ch\/c\/besoin-dun-expert-pour-linstallation-de-votre-carrelage-a-delemont\/#primaryimage","url":"https:\/\/www.artisanlocal.ch\/c\/wp-content\/uploads\/2024\/11\/carreleur.jpg","contentUrl":"https:\/\/www.artisanlocal.ch\/c\/wp-content\/uploads\/2024\/11\/carreleur.jpg","width":1920,"height":300},{"@type":"BreadcrumbList","@id":"https:\/\/www.artisanlocal.ch\/c\/besoin-dun-expert-pour-linstallation-de-votre-carrelage-a-delemont\/#breadcrumb","itemListElement":[{"@type":"ListItem","position":1,"name":"Accueil","item":"https:\/\/www.artisanlocal.ch\/c\/"},{"@type":"ListItem","position":2,"name":"Entreprise de carrelage \u00e0 Del\u00e9mont"}]},{"@type":"WebSite","@id":"https:\/\/www.artisanlocal.ch\/c\/#website","url":"https:\/\/www.artisanlocal.ch\/c\/","name":"Artisanlocal","description":"","publisher":{"@id":"https:\/\/www.artisanlocal.ch\/c\/#organization"},"potentialAction":[{"@type":"SearchAction","target":{"@type":"EntryPoint","urlTemplate":"https:\/\/www.artisanlocal.ch\/c\/?s={search_term_string}"},"query-input":{"@type":"PropertyValueSpecification","valueRequired":true,"valueName":"search_term_string"}}],"inLanguage":"fr-FR"},{"@type":"Organization","@id":"https:\/\/www.artisanlocal.ch\/c\/#organization","name":"Artisanlocal","url":"https:\/\/www.artisanlocal.ch\/c\/","logo":{"@type":"ImageObject","inLanguage":"fr-FR","@id":"https:\/\/www.artisanlocal.ch\/c\/#\/schema\/logo\/image\/","url":"https:\/\/www.artisanlocal.ch\/c\/wp-content\/uploads\/2024\/02\/logo-artisanlocal-h.svg","contentUrl":"https:\/\/www.artisanlocal.ch\/c\/wp-content\/uploads\/2024\/02\/logo-artisanlocal-h.svg","caption":"Artisanlocal"},"image":{"@id":"https:\/\/www.artisanlocal.ch\/c\/#\/schema\/logo\/image\/"}}]}},"_links":{"self":[{"href":"https:\/\/www.artisanlocal.ch\/c\/wp-json\/wp\/v2\/pages\/619","targetHints":{"allow":["GET"]}}],"collection":[{"href":"https:\/\/www.artisanlocal.ch\/c\/wp-json\/wp\/v2\/pages"}],"about":[{"href":"https:\/\/www.artisanlocal.ch\/c\/wp-json\/wp\/v2\/types\/page"}],"author":[{"embeddable":true,"href":"https:\/\/www.artisanlocal.ch\/c\/wp-json\/wp\/v2\/users\/4"}],"replies":[{"embeddable":true,"href":"https:\/\/www.artisanlocal.ch\/c\/wp-json\/wp\/v2\/comments?post=619"}],"version-history":[{"count":0,"href":"https:\/\/www.artisanlocal.ch\/c\/wp-json\/wp\/v2\/pages\/619\/revisions"}],"wp:featuredmedia":[{"embeddable":true,"href":"https:\/\/www.artisanlocal.ch\/c\/wp-json\/wp\/v2\/media\/2804"}],"wp:attachment":[{"href":"https:\/\/www.artisanlocal.ch\/c\/wp-json\/wp\/v2\/media?parent=619"}],"wp:term":[{"taxonomy":"profession","embeddable":true,"href":"https:\/\/www.artisanlocal.ch\/c\/wp-json\/wp\/v2\/profession?post=619"},{"taxonomy":"location","embeddable":true,"href":"https:\/\/www.artisanlocal.ch\/c\/wp-json\/wp\/v2\/location?post=619"},{"taxonomy":"canton","embeddable":true,"href":"https:\/\/www.artisanlocal.ch\/c\/wp-json\/wp\/v2\/canton?post=619"}],"curies":[{"name":"wp","href":"https:\/\/api.w.org\/{rel}","templated":true}]}}