{"id":622,"date":"2024-04-21T20:49:10","date_gmt":"2024-04-21T18:49:10","guid":{"rendered":"https:\/\/www.artisanlocal.ch\/c\/besoin-dun-specialiste-pour-linstallation-de-votre-carrelage-a-sierre\/"},"modified":"2025-08-26T19:29:18","modified_gmt":"2025-08-26T17:29:18","slug":"besoin-dun-specialiste-pour-linstallation-de-votre-carrelage-a-sierre","status":"publish","type":"page","link":"https:\/\/www.artisanlocal.ch\/c\/besoin-dun-specialiste-pour-linstallation-de-votre-carrelage-a-sierre\/","title":{"rendered":"Entreprise de carrelage \u00e0 Sierre"},"content":{"rendered":"<p>Vous avez besoin d&rsquo;un carreleur \u00e0 Sierre ? Notre entreprise Artisanlocal propose une gamme de services en pose de carrelage classique, de dosseret, de votre salle de bain ou pour votre sol.<br \/>\n\r\n<div class=\"box\">\r\n    <h2 class=\"text-dark\">Nous cherchons un <em class=\"text-primary\">Carreleur<\/em> dans la r\u00e9gion de <em class=\"text-primary\">Sierre<\/em>  en exclusivit\u00e9, afin de proposer vos services \u00e0 nos clients propri\u00e9taires.<\/h2>\r\n    <p>Une opportunit\u00e9 unique pour booster votre activit\u00e9 \u00e0 <strong>Sierre<\/strong> et aux alentours dans votre domaine (Carreleur).<\/p>\r\n    <p>Nous travaillons en exclusivit\u00e9 avec qu'une soci\u00e9t\u00e9 par m\u00e9tier et par r\u00e9gion. <br>Votre entreprise est pr\u00e9sente sur tous les documents immobiliers. Afin d'\u00eatre mieux vu sur le net, vous \u00eates \u00e9galement visible sur nos deux sites et sur les pages de r\u00e9f\u00e9rencement de votre r\u00e9gion.<\/p>\r\n    <a href=\"\/contact\" class=\"wp-block-button__link has-accent-background-color has-text-align-center wp-element-button\">R\u00e9server<\/a>\r\n<\/div><\/p>\n<h2>Pourquoi choisir notre soci\u00e9t\u00e9 ?<\/h2>\n<ul>\n<li>Nos prix sont comp\u00e9titifs,<\/li>\n<li>nous installons du carrelage haut de gamme,<\/li>\n<li>notre entreprise est implant\u00e9e \u00e0 Sierre, et se d\u00e9place rapidement \u00e0 votre logement,<\/li>\n<li>nous vous conseillons sur le meilleur carrelage \u00e0 choisir,<\/li>\n<li>nos devis sont gratuits,<\/li>\n<li>nos carreleurs sont exp\u00e9riment\u00e9s,<\/li>\n<li>une entreprise de confiance : nous r\u00e9alisons des interventions dans des grands groupes et des architectes pour poser du parquet, de la fa\u00efence, du carrelage ou des autres rev\u00eatements pour les sols.<\/li>\n<\/ul>\n<h2>Contactez-nous d\u00e8s aujourd&rsquo;hui pour recevoir votre devis<\/h2>\n<p>Contactez-nous pour obtenir un devis, nous prendrons contact avec vous rapidement pour estimer le prix de votre projet.<\/p>\n<h2>Nos prestations<\/h2>\n<ul>\n<li>Installation de parquet, carrelage, fa\u00efence, et autres mod\u00e8les de carreaux,<\/li>\n<li>des conseils pour choisir vos carreaux,<\/li>\n<li>l&rsquo;installation de vos carreaux,<\/li>\n<li>la r\u00e9alisation du scellement pour votre carrelage,<\/li>\n<li>l\u2019installation du carrelage sur les sols\/murs,<\/li>\n<li>l&rsquo;installation de carrelage pour les zones ext\u00e9rieures et int\u00e9rieures de votre maison,<\/li>\n<li>l\u2019enl\u00e8vement du carrelage actuel,<\/li>\n<li>l\u2019enl\u00e8vement de votre plancher flottant,<\/li>\n<li>l&rsquo;installation de carrelage pour votre terrasse.<\/li>\n<\/ul>\n<h2>Comment choisir le bon carrelage ?<\/h2>\n<h3>R\u00e9fl\u00e9chir au lieu o\u00f9 le carrelage sera install\u00e9<\/h3>\n<p>Prenez en compte le lieu o\u00f9 le carrelage va \u00eatre install\u00e9 et \u00e9galement s&rsquo;il se trouve dans un chemin fr\u00e9quent\u00e9\u202f? Par ailleurs, les gens porteront-ils des chaussures ou des chaussettes en marchant dessus ? Va-t-il \u00eatre dans un milieu humide ? Pensez aussi \u00e0 la surface qu&rsquo;il couvrira, tel que les sols, les plans de travail ou les murs.<\/p>\n<h3>D\u00e9finissez la quantit\u00e9 de carreaux<\/h3>\n<p>Pour d\u00e9terminer le volume en m\u00b2 de carrelage pour votre espace, multipliez sa longueur par sa largeur et rajoutez environ 5 % pour obtenir une marge de s\u00e9curit\u00e9. Nous pr\u00e9conisons de conserver des carreaux suppl\u00e9mentaires en cas de dommages futurs.<\/p>\n<h3>S\u00e9lectionnez le mat\u00e9riau<\/h3>\n<p>Les mat\u00e9riaux impactent : le co\u00fbt, l&rsquo;entretien, l&rsquo;apparence et la long\u00e9vit\u00e9. D&rsquo;autre part, la texture et les finitions devraient \u00eatre aussi prises en compte dans votre choix.<\/p>\n<h3>Nettoyage<\/h3>\n<p>Dans votre choix, il faut prendre en compte la complexit\u00e9 du nettoyage, par exemple : le scellement du carrelage avec un joint clair n\u00e9cessite un nettoyage plus long, parce qu&rsquo;il agglom\u00e8re tr\u00e8s vite la poussi\u00e8re, le rendent plus d\u00e9licat \u00e0 laver que d&rsquo;autres teintes.<\/p>\n<h2>Contactez-nous pour avoir un rendez-vous<\/h2>\n<p>Artisanlocal est compos\u00e9 d&rsquo;artisans comp\u00e9tents, ils comprennent la difficult\u00e9 des projets, et sont joignables du lundi au samedi.<\/p>\n<h2>FAQ<\/h2>\n<h3>De quelle mani\u00e8re fonctionne votre entreprise ?<\/h3>\n<ol>\n<li>Prise de contact par t\u00e9l\u00e9phone ou par email.<\/li>\n<li>Puis, nous planifions un rendez-vous avec vous.<\/li>\n<li>Notre \u00e9quipe se d\u00e9place \u00e0 votre foyer pour calculer le total de carrelages \u00e0 installer.<\/li>\n<li>Nous mettons en route votre projet.<\/li>\n<\/ol>\n<h3>Votre soci\u00e9t\u00e9 intervient \u00e0 Sierre et dans les communes aux alentours ?<\/h3>\n<p>Oui, nous intervenons \u00e0 Sierre et dans les villes aux alentours, comme :<\/p>\nArgnou (Ayent), Blignou (Ayent), Botyre (Ayent), Fortunau (Ayent), La Place (Ayent), Luc (Ayent), Saxonne (Ayent), Sign\u00e8se (Ayent), St-Romain (Ayent), Villa (Ayent), Anz\u00e8re, Icogne, Lens, Corin-de-la-Cr\u00eate, Loc, Muraz (Sierre), Niouc, Ayer, Chandolin, Grimentz, St-Jean VS, St-Luc, Vissoie, Zinal, Aminona, Crans-Montana, Montana, Chippis, Chalais, R\u00e9chy, Vercorin, Veyras, Chermignon, Chermignon-d'en-Bas, Ollon VS, Mi\u00e8ge, Venth\u00f4ne, Mollens VS, Randogne, Champzab\u00e9, No\u00ebs, Granges VS, Flanthey, Gr\u00f4ne.\n<h3>Vous posez quels types de carrelages le plus fr\u00e9quemment\u202f?<\/h3>\n<ul>\n<li>Les carrelages mosa\u00efques.<\/li>\n<li>Les carreaux int\u00e9rieurs blancs de m\u00e9tro.<\/li>\n<li>Les carrelages de marbre.<\/li>\n<li>Les carreaux en c\u00e9ramique.<\/li>\n<li>Les carreaux ciments.<\/li>\n<li>Les carrelages en porcelaine.<\/li>\n<\/ul>\n","protected":false},"excerpt":{"rendered":"<p>Vous avez besoin d&rsquo;un carreleur \u00e0 Sierre ? Notre entreprise Artisanlocal propose une gamme de services en pose de carrelage classique, de dosseret, de votre salle de bain ou pour votre sol. Pourquoi choisir notre soci\u00e9t\u00e9 ? Nos prix sont comp\u00e9titifs, nous installons du carrelage haut de gamme, notre entreprise est implant\u00e9e \u00e0 Sierre, et [&hellip;]<\/p>\n","protected":false},"author":4,"featured_media":2804,"parent":0,"menu_order":0,"comment_status":"closed","ping_status":"closed","template":"","meta":{"footnotes":""},"profession":[119],"location":[44],"canton":[110],"class_list":["post-622","page","type-page","status-publish","has-post-thumbnail","hentry","profession-carreleur","location-sierre","canton-vs"],"yoast_head":"<!-- This site is optimized with the Yoast SEO Premium plugin v25.7.1 (Yoast SEO v27.4) - https:\/\/yoast.com\/product\/yoast-seo-premium-wordpress\/ -->\n<title>Entreprise de carrelage \u00e0 Sierre - Artisanlocal<\/title>\n<meta name=\"robots\" content=\"index, follow, max-snippet:-1, max-image-preview:large, max-video-preview:-1\" \/>\n<link rel=\"canonical\" href=\"https:\/\/www.artisanlocal.ch\/c\/besoin-dun-specialiste-pour-linstallation-de-votre-carrelage-a-sierre\/\" \/>\n<meta property=\"og:locale\" content=\"fr_FR\" \/>\n<meta property=\"og:type\" content=\"article\" \/>\n<meta property=\"og:title\" content=\"Entreprise de carrelage \u00e0 Sierre\" \/>\n<meta property=\"og:description\" content=\"Vous avez besoin d&rsquo;un carreleur \u00e0 Sierre ? Notre entreprise Artisanlocal propose une gamme de services en pose de carrelage classique, de dosseret, de votre salle de bain ou pour votre sol. Pourquoi choisir notre soci\u00e9t\u00e9 ? Nos prix sont comp\u00e9titifs, nous installons du carrelage haut de gamme, notre entreprise est implant\u00e9e \u00e0 Sierre, et [&hellip;]\" \/>\n<meta property=\"og:url\" content=\"https:\/\/www.artisanlocal.ch\/c\/besoin-dun-specialiste-pour-linstallation-de-votre-carrelage-a-sierre\/\" \/>\n<meta property=\"og:site_name\" content=\"Artisanlocal\" \/>\n<meta property=\"article:modified_time\" content=\"2025-08-26T17:29:18+00:00\" \/>\n<meta property=\"og:image\" content=\"https:\/\/www.artisanlocal.ch\/c\/wp-content\/uploads\/2024\/11\/carreleur.jpg\" \/>\n\t<meta property=\"og:image:width\" content=\"1920\" \/>\n\t<meta property=\"og:image:height\" content=\"300\" \/>\n\t<meta property=\"og:image:type\" content=\"image\/jpeg\" \/>\n<meta name=\"twitter:card\" content=\"summary_large_image\" \/>\n<meta name=\"twitter:label1\" content=\"Dur\u00e9e de lecture estim\u00e9e\" \/>\n\t<meta name=\"twitter:data1\" content=\"3 minutes\" \/>\n<script type=\"application\/ld+json\" class=\"yoast-schema-graph\">{\"@context\":\"https:\\\/\\\/schema.org\",\"@graph\":[{\"@type\":\"WebPage\",\"@id\":\"https:\\\/\\\/www.artisanlocal.ch\\\/c\\\/besoin-dun-specialiste-pour-linstallation-de-votre-carrelage-a-sierre\\\/\",\"url\":\"https:\\\/\\\/www.artisanlocal.ch\\\/c\\\/besoin-dun-specialiste-pour-linstallation-de-votre-carrelage-a-sierre\\\/\",\"name\":\"Entreprise de carrelage \u00e0 Sierre - Artisanlocal\",\"isPartOf\":{\"@id\":\"https:\\\/\\\/www.artisanlocal.ch\\\/c\\\/#website\"},\"primaryImageOfPage\":{\"@id\":\"https:\\\/\\\/www.artisanlocal.ch\\\/c\\\/besoin-dun-specialiste-pour-linstallation-de-votre-carrelage-a-sierre\\\/#primaryimage\"},\"image\":{\"@id\":\"https:\\\/\\\/www.artisanlocal.ch\\\/c\\\/besoin-dun-specialiste-pour-linstallation-de-votre-carrelage-a-sierre\\\/#primaryimage\"},\"thumbnailUrl\":\"https:\\\/\\\/www.artisanlocal.ch\\\/c\\\/wp-content\\\/uploads\\\/2024\\\/11\\\/carreleur.jpg\",\"datePublished\":\"2024-04-21T18:49:10+00:00\",\"dateModified\":\"2025-08-26T17:29:18+00:00\",\"breadcrumb\":{\"@id\":\"https:\\\/\\\/www.artisanlocal.ch\\\/c\\\/besoin-dun-specialiste-pour-linstallation-de-votre-carrelage-a-sierre\\\/#breadcrumb\"},\"inLanguage\":\"fr-FR\",\"potentialAction\":[{\"@type\":\"ReadAction\",\"target\":[\"https:\\\/\\\/www.artisanlocal.ch\\\/c\\\/besoin-dun-specialiste-pour-linstallation-de-votre-carrelage-a-sierre\\\/\"]}]},{\"@type\":\"ImageObject\",\"inLanguage\":\"fr-FR\",\"@id\":\"https:\\\/\\\/www.artisanlocal.ch\\\/c\\\/besoin-dun-specialiste-pour-linstallation-de-votre-carrelage-a-sierre\\\/#primaryimage\",\"url\":\"https:\\\/\\\/www.artisanlocal.ch\\\/c\\\/wp-content\\\/uploads\\\/2024\\\/11\\\/carreleur.jpg\",\"contentUrl\":\"https:\\\/\\\/www.artisanlocal.ch\\\/c\\\/wp-content\\\/uploads\\\/2024\\\/11\\\/carreleur.jpg\",\"width\":1920,\"height\":300},{\"@type\":\"BreadcrumbList\",\"@id\":\"https:\\\/\\\/www.artisanlocal.ch\\\/c\\\/besoin-dun-specialiste-pour-linstallation-de-votre-carrelage-a-sierre\\\/#breadcrumb\",\"itemListElement\":[{\"@type\":\"ListItem\",\"position\":1,\"name\":\"Accueil\",\"item\":\"https:\\\/\\\/www.artisanlocal.ch\\\/c\\\/\"},{\"@type\":\"ListItem\",\"position\":2,\"name\":\"Entreprise de carrelage \u00e0 Sierre\"}]},{\"@type\":\"WebSite\",\"@id\":\"https:\\\/\\\/www.artisanlocal.ch\\\/c\\\/#website\",\"url\":\"https:\\\/\\\/www.artisanlocal.ch\\\/c\\\/\",\"name\":\"Artisanlocal\",\"description\":\"\",\"publisher\":{\"@id\":\"https:\\\/\\\/www.artisanlocal.ch\\\/c\\\/#organization\"},\"potentialAction\":[{\"@type\":\"SearchAction\",\"target\":{\"@type\":\"EntryPoint\",\"urlTemplate\":\"https:\\\/\\\/www.artisanlocal.ch\\\/c\\\/?s={search_term_string}\"},\"query-input\":{\"@type\":\"PropertyValueSpecification\",\"valueRequired\":true,\"valueName\":\"search_term_string\"}}],\"inLanguage\":\"fr-FR\"},{\"@type\":\"Organization\",\"@id\":\"https:\\\/\\\/www.artisanlocal.ch\\\/c\\\/#organization\",\"name\":\"Artisanlocal\",\"url\":\"https:\\\/\\\/www.artisanlocal.ch\\\/c\\\/\",\"logo\":{\"@type\":\"ImageObject\",\"inLanguage\":\"fr-FR\",\"@id\":\"https:\\\/\\\/www.artisanlocal.ch\\\/c\\\/#\\\/schema\\\/logo\\\/image\\\/\",\"url\":\"https:\\\/\\\/www.artisanlocal.ch\\\/c\\\/wp-content\\\/uploads\\\/2024\\\/02\\\/logo-artisanlocal-h.svg\",\"contentUrl\":\"https:\\\/\\\/www.artisanlocal.ch\\\/c\\\/wp-content\\\/uploads\\\/2024\\\/02\\\/logo-artisanlocal-h.svg\",\"caption\":\"Artisanlocal\"},\"image\":{\"@id\":\"https:\\\/\\\/www.artisanlocal.ch\\\/c\\\/#\\\/schema\\\/logo\\\/image\\\/\"}}]}<\/script>\n<!-- \/ Yoast SEO Premium plugin. -->","yoast_head_json":{"title":"Entreprise de carrelage \u00e0 Sierre - Artisanlocal","robots":{"index":"index","follow":"follow","max-snippet":"max-snippet:-1","max-image-preview":"max-image-preview:large","max-video-preview":"max-video-preview:-1"},"canonical":"https:\/\/www.artisanlocal.ch\/c\/besoin-dun-specialiste-pour-linstallation-de-votre-carrelage-a-sierre\/","og_locale":"fr_FR","og_type":"article","og_title":"Entreprise de carrelage \u00e0 Sierre","og_description":"Vous avez besoin d&rsquo;un carreleur \u00e0 Sierre ? Notre entreprise Artisanlocal propose une gamme de services en pose de carrelage classique, de dosseret, de votre salle de bain ou pour votre sol. Pourquoi choisir notre soci\u00e9t\u00e9 ? Nos prix sont comp\u00e9titifs, nous installons du carrelage haut de gamme, notre entreprise est implant\u00e9e \u00e0 Sierre, et [&hellip;]","og_url":"https:\/\/www.artisanlocal.ch\/c\/besoin-dun-specialiste-pour-linstallation-de-votre-carrelage-a-sierre\/","og_site_name":"Artisanlocal","article_modified_time":"2025-08-26T17:29:18+00:00","og_image":[{"width":1920,"height":300,"url":"https:\/\/www.artisanlocal.ch\/c\/wp-content\/uploads\/2024\/11\/carreleur.jpg","type":"image\/jpeg"}],"twitter_card":"summary_large_image","twitter_misc":{"Dur\u00e9e de lecture estim\u00e9e":"3 minutes"},"schema":{"@context":"https:\/\/schema.org","@graph":[{"@type":"WebPage","@id":"https:\/\/www.artisanlocal.ch\/c\/besoin-dun-specialiste-pour-linstallation-de-votre-carrelage-a-sierre\/","url":"https:\/\/www.artisanlocal.ch\/c\/besoin-dun-specialiste-pour-linstallation-de-votre-carrelage-a-sierre\/","name":"Entreprise de carrelage \u00e0 Sierre - Artisanlocal","isPartOf":{"@id":"https:\/\/www.artisanlocal.ch\/c\/#website"},"primaryImageOfPage":{"@id":"https:\/\/www.artisanlocal.ch\/c\/besoin-dun-specialiste-pour-linstallation-de-votre-carrelage-a-sierre\/#primaryimage"},"image":{"@id":"https:\/\/www.artisanlocal.ch\/c\/besoin-dun-specialiste-pour-linstallation-de-votre-carrelage-a-sierre\/#primaryimage"},"thumbnailUrl":"https:\/\/www.artisanlocal.ch\/c\/wp-content\/uploads\/2024\/11\/carreleur.jpg","datePublished":"2024-04-21T18:49:10+00:00","dateModified":"2025-08-26T17:29:18+00:00","breadcrumb":{"@id":"https:\/\/www.artisanlocal.ch\/c\/besoin-dun-specialiste-pour-linstallation-de-votre-carrelage-a-sierre\/#breadcrumb"},"inLanguage":"fr-FR","potentialAction":[{"@type":"ReadAction","target":["https:\/\/www.artisanlocal.ch\/c\/besoin-dun-specialiste-pour-linstallation-de-votre-carrelage-a-sierre\/"]}]},{"@type":"ImageObject","inLanguage":"fr-FR","@id":"https:\/\/www.artisanlocal.ch\/c\/besoin-dun-specialiste-pour-linstallation-de-votre-carrelage-a-sierre\/#primaryimage","url":"https:\/\/www.artisanlocal.ch\/c\/wp-content\/uploads\/2024\/11\/carreleur.jpg","contentUrl":"https:\/\/www.artisanlocal.ch\/c\/wp-content\/uploads\/2024\/11\/carreleur.jpg","width":1920,"height":300},{"@type":"BreadcrumbList","@id":"https:\/\/www.artisanlocal.ch\/c\/besoin-dun-specialiste-pour-linstallation-de-votre-carrelage-a-sierre\/#breadcrumb","itemListElement":[{"@type":"ListItem","position":1,"name":"Accueil","item":"https:\/\/www.artisanlocal.ch\/c\/"},{"@type":"ListItem","position":2,"name":"Entreprise de carrelage \u00e0 Sierre"}]},{"@type":"WebSite","@id":"https:\/\/www.artisanlocal.ch\/c\/#website","url":"https:\/\/www.artisanlocal.ch\/c\/","name":"Artisanlocal","description":"","publisher":{"@id":"https:\/\/www.artisanlocal.ch\/c\/#organization"},"potentialAction":[{"@type":"SearchAction","target":{"@type":"EntryPoint","urlTemplate":"https:\/\/www.artisanlocal.ch\/c\/?s={search_term_string}"},"query-input":{"@type":"PropertyValueSpecification","valueRequired":true,"valueName":"search_term_string"}}],"inLanguage":"fr-FR"},{"@type":"Organization","@id":"https:\/\/www.artisanlocal.ch\/c\/#organization","name":"Artisanlocal","url":"https:\/\/www.artisanlocal.ch\/c\/","logo":{"@type":"ImageObject","inLanguage":"fr-FR","@id":"https:\/\/www.artisanlocal.ch\/c\/#\/schema\/logo\/image\/","url":"https:\/\/www.artisanlocal.ch\/c\/wp-content\/uploads\/2024\/02\/logo-artisanlocal-h.svg","contentUrl":"https:\/\/www.artisanlocal.ch\/c\/wp-content\/uploads\/2024\/02\/logo-artisanlocal-h.svg","caption":"Artisanlocal"},"image":{"@id":"https:\/\/www.artisanlocal.ch\/c\/#\/schema\/logo\/image\/"}}]}},"_links":{"self":[{"href":"https:\/\/www.artisanlocal.ch\/c\/wp-json\/wp\/v2\/pages\/622","targetHints":{"allow":["GET"]}}],"collection":[{"href":"https:\/\/www.artisanlocal.ch\/c\/wp-json\/wp\/v2\/pages"}],"about":[{"href":"https:\/\/www.artisanlocal.ch\/c\/wp-json\/wp\/v2\/types\/page"}],"author":[{"embeddable":true,"href":"https:\/\/www.artisanlocal.ch\/c\/wp-json\/wp\/v2\/users\/4"}],"replies":[{"embeddable":true,"href":"https:\/\/www.artisanlocal.ch\/c\/wp-json\/wp\/v2\/comments?post=622"}],"version-history":[{"count":0,"href":"https:\/\/www.artisanlocal.ch\/c\/wp-json\/wp\/v2\/pages\/622\/revisions"}],"wp:featuredmedia":[{"embeddable":true,"href":"https:\/\/www.artisanlocal.ch\/c\/wp-json\/wp\/v2\/media\/2804"}],"wp:attachment":[{"href":"https:\/\/www.artisanlocal.ch\/c\/wp-json\/wp\/v2\/media?parent=622"}],"wp:term":[{"taxonomy":"profession","embeddable":true,"href":"https:\/\/www.artisanlocal.ch\/c\/wp-json\/wp\/v2\/profession?post=622"},{"taxonomy":"location","embeddable":true,"href":"https:\/\/www.artisanlocal.ch\/c\/wp-json\/wp\/v2\/location?post=622"},{"taxonomy":"canton","embeddable":true,"href":"https:\/\/www.artisanlocal.ch\/c\/wp-json\/wp\/v2\/canton?post=622"}],"curies":[{"name":"wp","href":"https:\/\/api.w.org\/{rel}","templated":true}]}}