{"id":623,"date":"2024-04-21T21:54:40","date_gmt":"2024-04-21T19:54:40","guid":{"rendered":"https:\/\/www.artisanlocal.ch\/c\/societe-specialisee-dans-la-pose-de-carreaux-dans-le-canton-de-fribourg\/"},"modified":"2025-11-06T12:39:48","modified_gmt":"2025-11-06T11:39:48","slug":"societe-specialisee-dans-la-pose-de-carreaux-dans-le-canton-de-fribourg","status":"publish","type":"page","link":"https:\/\/www.artisanlocal.ch\/c\/societe-specialisee-dans-la-pose-de-carreaux-dans-le-canton-de-fribourg\/","title":{"rendered":"Soci\u00e9t\u00e9 sp\u00e9cialis\u00e9e dans la pose de carreaux dans le canton de Fribourg ?"},"content":{"rendered":"<p>Pour recevoir des estimations de prix sur l&rsquo;installation de carreaux, n&rsquo;h\u00e9sitez pas \u00e0 nous contacter. Notre entreprise Artisanlocal propose une gamme de services en pose de carreaux classiques, de carreaux de dosseret, de carrelage dans votre salle de bain ou de carrelage sur votre plancher ! Nous proposons aussi nos prestations dans les villes proches du canton de Fribourg.<\/p>\n<h2>Quels sont les avantages qu&rsquo;offre notre soci\u00e9t\u00e9 ?<\/h2>\n<p>Artisanlocal vous accompagne dans la pose de carreaux dans le canton de Fribourg, contactez-nous parce que :<\/p>\n<ul>\n<li>nous offrons un bon rapport qualit\u00e9-prix,<\/li>\n<li>nos carrelages sont de qualit\u00e9s sup\u00e9rieures,<\/li>\n<li>notre soci\u00e9t\u00e9 est install\u00e9e dans le canton de Fribourg et permet \u00e0 nos techniciens d&rsquo;intervenir en urgence chez vous,<\/li>\n<li>nos recommandations sont personnalis\u00e9es \u00e0 votre projet, par exemple : pour s\u00e9lectionner le bon carrelage,<\/li>\n<li>nous offrons des estimations gratuites,<\/li>\n<li>nos techniciens sont exp\u00e9riment\u00e9s,<\/li>\n<li>une entreprise de confiance : nous r\u00e9alisons des interventions dans des grandes entreprises et des cabinets d&rsquo;architectes pour r\u00e9aliser l&rsquo;installation de parquet, fa\u00efence, carrelage, et de rev\u00eatements vari\u00e9s.<\/li>\n<\/ul>\n<h2>Prenez contact avec nous d\u00e8s maintenant pour obtenir votre devis gratuit<\/h2>\n<p>N&rsquo;h\u00e9sitez pas \u00e0 nous contacter si vous d\u00e9sirez obtenir une estimation gratuite, nous vous r\u00e9pondrons d\u00e8s que possible pour estimer le prix de la pose de vos carreaux.<\/p>\n<h2>Nos services<\/h2>\n<p>Nos artisans de la pose de carrelage qui interviennent dans le canton de Fribourg fournissent aux habitants de Fribourg et aux entreprises locales, les services suivants :<\/p>\n<ul>\n<li>La pose de plusieurs types carreaux tels que le carrelage classique, la fa\u00efence et le parquet,<\/li>\n<li>une assistance pour vous aider \u00e0 choisir vos carreaux,<\/li>\n<li>la pose de vos carreaux,<\/li>\n<li>l&rsquo;application de joint pour vos carreaux,<\/li>\n<li>l&rsquo;application du carrelage sur les murs et les sols,<\/li>\n<li>l&rsquo;installation de carrelage ext\u00e9rieur et int\u00e9rieur,<\/li>\n<li>le retrait de vos carreaux actuels,<\/li>\n<li>le d\u00e9montage de votre parquet flottant,<\/li>\n<li>l&rsquo;installation de carrelage pour votre espace ext\u00e9rieur.<\/li>\n<\/ul>\n<h2>Comment choisir le carrelage adapt\u00e9 \u00e0 vos besoins ?<\/h2>\n<h3>Bien d\u00e9terminer la zone d&rsquo;installation<\/h3>\n<p>\u00c9tudiez bien l&rsquo;endroit et la fr\u00e9quence pendant laquelle le carrelage sera expos\u00e9 \u00e0 l&rsquo;usure, sera-t-il dans un endroit avec un fort passage ? Par ailleurs, marchera-t-on sur le carrelage en chaussures ou en chaussettes? Va-t-il \u00eatre en contact avec l&rsquo;humidit\u00e9? Tenez aussi compte des multiples surfaces qu&rsquo;il va recouvrir, comme : les murs, les sols, les plans de travail, etc.<\/p>\n<h3>Calculez la quantit\u00e9 de carreaux exig\u00e9e<\/h3>\n<p>Pour d\u00e9terminer la quantit\u00e9 de carreaux requis pour votre espace, faites la multiplication : largeur par sa longueur et ajoutez dans les 5 % pour conserver une marge de protection. Nous conseillons de garder des carreaux suppl\u00e9mentaires en cas de dommages ult\u00e9rieurs.<\/p>\n<h3>Choisissez le bon mat\u00e9riau<\/h3>\n<p>Il existe divers mat\u00e9riaux \u00e0 partir desquels le carrelage est fabriqu\u00e9, le mat\u00e9riau a un effet sur : le montant de l&rsquo;entretien, la teinte et la long\u00e9vit\u00e9. De plus, la texture et les finitions doivent par ailleurs \u00eatre prises en consid\u00e9ration afin de trouver des carreaux qui sont \u00e0 vos gouts.<\/p>\n<h3>Entretien<\/h3>\n<p>Nous vous sugg\u00e9rons de prendre en consid\u00e9ration la difficult\u00e9 d&rsquo;entretien, par exemple : le scellement des carreaux avec un joint de couleur clair r\u00e9clame un nettoyage plus long, parce qu&rsquo;il agglom\u00e8re rapidement la salet\u00e9, le rendent plus compliqu\u00e9 \u00e0 entretenir que d&rsquo;autres teintes.<\/p>\n<h2>Obtenez un rendez-vous d\u00e8s aujourd&rsquo;hui<\/h2>\n<p>Nos sp\u00e9cialistes de la pose de carreaux dans le canton de Fribourg ont connaissance de la difficult\u00e9 de votre objectif, c&rsquo;est pourquoi nous sommes joignables du lundi au samedi de fa\u00e7on \u00e0 r\u00e9pondre \u00e0 vos interrogations.<\/p>\n<h2>FAQ<\/h2>\n<h3>Quel est le fonctionnement de votre soci\u00e9t\u00e9 ?<\/h3>\n<ol>\n<li>Prise de contact par t\u00e9l\u00e9phone ou par email.<\/li>\n<li>Par la suite, nous planifions un rendez-vous avec vous.<\/li>\n<li>Visite \u00e0 votre domicile pour d\u00e9terminer le travail \u00e0 effectuer.<\/li>\n<li>Lancement de votre projet.<\/li>\n<\/ol>\n<h3>Votre soci\u00e9t\u00e9 op\u00e8re dans le canton de Fribourg et dans les localit\u00e9s \u00e0 proximit\u00e9 ?<\/h3>\n<p>Oui, nous intervenons dans le canton de Fribourg, mais aussi dans les communes aux alentours, comme:<\/p>\nMaules, S\u00e2les (Gruy\u00e8re), Romanens, Rueyres-Treyfayes, Treyfayes, Vaulruz, Vuadens, Bulle, Riaz, Marsens, Vuippens, La Roche FR, La Tour-de-Tr\u00eame, Broc, Charmey (Gruy\u00e8re), Morlon, Sorens, Gumefens, Avry-devant-Pont, Le Bry, Echarlens, Corbi\u00e8res, Hauteville, Pont-la-Ville, Villarvolard, Botterens, Villarbeney, Ch\u00e2tel-sur-Montsalvens, Cr\u00e9suz, Im Fang, Jaun, Abl\u00e4ndschen, Le P\u00e2quier-Montbarry, Epagny, Gruy\u00e8res, Mol\u00e9son-sur-Gruy\u00e8res, Pringy, Estavannens, Grandvillard, Villars-sous-Mont, Enney, Albeuve, Lessoc, Montbovon, Neirivue, Les Sciernes-d'Albeuve, Besencens, Fiaug\u00e8res, St-Martin FR, Granges (Veveyse), Bossonnens, Attalens, Tatroz, Remaufens, Ch\u00e2tel-St-Denis, Les Paccots, Semsales, Grattavache, La Verrerie, Progens, Bouloz, Pont (Veveyse), Porsel, Bionnens, Esmonts, Ursy, Auboranges, Ecublens FR, Gillarens, Promasens, Rue, Montet (Gl\u00e2ne), Morlens, Vuarmarens, Blessens, Mossel, Vauderens, Chavannes-les-Forts, Prez-vers-Siviriez, Siviriez, Villaraboud, Berlens, Romont FR, Billens, Hennens, M\u00e9zi\u00e8res FR, Villariaz, Grangettes-pr\u00e8s-Romont, La Neirigue, Est\u00e9venens, La Magne, Vuisternens-devant-Romont, Lieffrens, Sommentier, Le Ch\u00e2telard-pr\u00e8s-Romont, Villaz-St-Pierre, Lussy FR, Villarimboud, Massonnens, Chavannes-sous-Orsonnens, Orsonnens, Villargiroud, Villarsiviriaux, La Joux FR, Les Ecasseys, Torny-le-Grand, Tafers, St. Antoni, Heitenried, Alterswil FR, Oberschrot, Plaffeien, Schwarzsee, St. Ursen, Rechthalten, Br\u00fcnisried, Zumholz, Tentlingen, Giffers, St. Silvester, Plasselb, Flamatt, B\u00f6singen, Ueberstorf, W\u00fcnnewil, Schmitten FR, D\u00fcdingen, Sangernboden, Courtepin, Cournillens, Wallenried, Cressier FR, Courtaman, Cordast, Guschelmuth, Jeuss, Salvenach, Courlevon, Courgevaux, M\u00fcnchenwiler, Kerzers, Gurmels, Kleinb\u00f6singen, Ulmiz, Gempenach, Ried b. Kerzers, Greng, Meyriez, Murten, Fr\u00e4schels, Galmiz, Muntelier, Estavayer-le-Gibloux, Rueyres-St-Laurent, Villarlod, Villarsel-le-Gibloux, Vuisternens-en-Ogoz, Ch\u00e9sopelloz, Corminboeuf, Bourguillon, Marly, Pierrafortscha, Villarsel-sur-Marly, Ferpicloz, Bonnefontaine, Essert FR, Le Mouret, Mont\u00e9vraz, Oberried FR, Z\u00e9nauva, Sen\u00e8des, Posieux, Farvagny-le-Grand, Farvagny-le-Petit, Grenilles, Posat, Corpataux, Magnedens, Rossens FR, Ecuvillens, Ependes FR, Arconciel, Treyvaux, Neyruz FR, Cottens FR, Autigny, Ch\u00e9nens, Lentigny, Prez-vers-Nor\u00e9az, Corserey, Villars-sur-Gl\u00e2ne, Matran, Avry-sur-Matran, Corjolens, Lovens, Onnens FR, Nor\u00e9az, Givisiez, Granges-Paccot, Grolley, Nierlet-les-Bois, Ponthaux, Autafond, Belfaux, Cormagens, Formangueires, La Corbaz, Lossy, Pensier, Barber\u00eache, Fribourg.\n<\/p>\n<h3>Vous installez quels mod\u00e8les de carreaux le plus fr\u00e9quemment\u202f?<\/h3>\n<p>Voici les carreaux les plus appr\u00e9ci\u00e9s que nous posons:<\/p>\n<ul>\n<li>Les carreaux mosa\u00efques : classique, les carrelages mosa\u00efques apportent une allure unique \u00e0 votre foyer.<\/li>\n<li>Les carreaux int\u00e9rieur blancs de m\u00e9tro : retro, nous les recommandons pour votre r\u00e9novation de salle de bain ou de votre cuisine.<\/li>\n<li>Les carreaux de marbre : ils ajoutent un style pr\u00e9cieux \u00e0 n&rsquo;importe quelle pi\u00e8ce de votre propri\u00e9t\u00e9.<\/li>\n<li>Les carrelages en c\u00e9ramique : peu co\u00fbteux, le carrelage en c\u00e9ramique a plusieurs avantages (facile \u00e0 nettoyer, et disponibles dans de nombreux coloris).<\/li>\n<li>Les carreaux ciments : classique, il permet d&rsquo;adoucir la d\u00e9co de votre foyer.<\/li>\n<li>Les carreaux en porcelaine : ils reproduisent les surfaces naturelles (bois, brique ou pierre) et il ne n\u00e9cessite pratiquement pas d\u2019entretien.<\/li>\n<\/ul>\n","protected":false},"excerpt":{"rendered":"<p>Pour recevoir des estimations de prix sur l&rsquo;installation de carreaux, n&rsquo;h\u00e9sitez pas \u00e0 nous contacter. Notre entreprise Artisanlocal propose une gamme de services en pose de carreaux classiques, de carreaux de dosseret, de carrelage dans votre salle de bain ou de carrelage sur votre plancher ! Nous proposons aussi nos prestations dans les villes proches [&hellip;]<\/p>\n","protected":false},"author":4,"featured_media":2804,"parent":0,"menu_order":0,"comment_status":"closed","ping_status":"closed","template":"wp-custom-template-page-canton","meta":{"footnotes":""},"profession":[119],"location":[],"canton":[109],"class_list":["post-623","page","type-page","status-publish","has-post-thumbnail","hentry","profession-carreleur","canton-fr"],"yoast_head":"<!-- This site is optimized with the Yoast SEO Premium plugin v25.7.1 (Yoast SEO v27.3) - https:\/\/yoast.com\/product\/yoast-seo-premium-wordpress\/ -->\n<title>Soci\u00e9t\u00e9 sp\u00e9cialis\u00e9e dans la pose de carreaux dans le canton de Fribourg ? - Artisanlocal<\/title>\n<meta name=\"robots\" content=\"index, follow, max-snippet:-1, max-image-preview:large, max-video-preview:-1\" \/>\n<link rel=\"canonical\" href=\"https:\/\/www.artisanlocal.ch\/c\/societe-specialisee-dans-la-pose-de-carreaux-dans-le-canton-de-fribourg\/\" \/>\n<meta property=\"og:locale\" content=\"fr_FR\" \/>\n<meta property=\"og:type\" content=\"article\" \/>\n<meta property=\"og:title\" content=\"Soci\u00e9t\u00e9 sp\u00e9cialis\u00e9e dans la pose de carreaux dans le canton de Fribourg ?\" \/>\n<meta property=\"og:description\" content=\"Pour recevoir des estimations de prix sur l&rsquo;installation de carreaux, n&rsquo;h\u00e9sitez pas \u00e0 nous contacter. Notre entreprise Artisanlocal propose une gamme de services en pose de carreaux classiques, de carreaux de dosseret, de carrelage dans votre salle de bain ou de carrelage sur votre plancher ! Nous proposons aussi nos prestations dans les villes proches [&hellip;]\" \/>\n<meta property=\"og:url\" content=\"https:\/\/www.artisanlocal.ch\/c\/societe-specialisee-dans-la-pose-de-carreaux-dans-le-canton-de-fribourg\/\" \/>\n<meta property=\"og:site_name\" content=\"Artisanlocal\" \/>\n<meta property=\"article:modified_time\" content=\"2025-11-06T11:39:48+00:00\" \/>\n<meta property=\"og:image\" content=\"https:\/\/www.artisanlocal.ch\/c\/wp-content\/uploads\/2024\/11\/carreleur.jpg\" \/>\n\t<meta property=\"og:image:width\" content=\"1920\" \/>\n\t<meta property=\"og:image:height\" content=\"300\" \/>\n\t<meta property=\"og:image:type\" content=\"image\/jpeg\" \/>\n<meta name=\"twitter:card\" content=\"summary_large_image\" \/>\n<meta name=\"twitter:label1\" content=\"Dur\u00e9e de lecture estim\u00e9e\" \/>\n\t<meta name=\"twitter:data1\" content=\"4 minutes\" \/>\n<script type=\"application\/ld+json\" class=\"yoast-schema-graph\">{\"@context\":\"https:\\\/\\\/schema.org\",\"@graph\":[{\"@type\":\"WebPage\",\"@id\":\"https:\\\/\\\/www.artisanlocal.ch\\\/c\\\/societe-specialisee-dans-la-pose-de-carreaux-dans-le-canton-de-fribourg\\\/\",\"url\":\"https:\\\/\\\/www.artisanlocal.ch\\\/c\\\/societe-specialisee-dans-la-pose-de-carreaux-dans-le-canton-de-fribourg\\\/\",\"name\":\"Soci\u00e9t\u00e9 sp\u00e9cialis\u00e9e dans la pose de carreaux dans le canton de Fribourg ? - Artisanlocal\",\"isPartOf\":{\"@id\":\"https:\\\/\\\/www.artisanlocal.ch\\\/c\\\/#website\"},\"primaryImageOfPage\":{\"@id\":\"https:\\\/\\\/www.artisanlocal.ch\\\/c\\\/societe-specialisee-dans-la-pose-de-carreaux-dans-le-canton-de-fribourg\\\/#primaryimage\"},\"image\":{\"@id\":\"https:\\\/\\\/www.artisanlocal.ch\\\/c\\\/societe-specialisee-dans-la-pose-de-carreaux-dans-le-canton-de-fribourg\\\/#primaryimage\"},\"thumbnailUrl\":\"https:\\\/\\\/www.artisanlocal.ch\\\/c\\\/wp-content\\\/uploads\\\/2024\\\/11\\\/carreleur.jpg\",\"datePublished\":\"2024-04-21T19:54:40+00:00\",\"dateModified\":\"2025-11-06T11:39:48+00:00\",\"breadcrumb\":{\"@id\":\"https:\\\/\\\/www.artisanlocal.ch\\\/c\\\/societe-specialisee-dans-la-pose-de-carreaux-dans-le-canton-de-fribourg\\\/#breadcrumb\"},\"inLanguage\":\"fr-FR\",\"potentialAction\":[{\"@type\":\"ReadAction\",\"target\":[\"https:\\\/\\\/www.artisanlocal.ch\\\/c\\\/societe-specialisee-dans-la-pose-de-carreaux-dans-le-canton-de-fribourg\\\/\"]}]},{\"@type\":\"ImageObject\",\"inLanguage\":\"fr-FR\",\"@id\":\"https:\\\/\\\/www.artisanlocal.ch\\\/c\\\/societe-specialisee-dans-la-pose-de-carreaux-dans-le-canton-de-fribourg\\\/#primaryimage\",\"url\":\"https:\\\/\\\/www.artisanlocal.ch\\\/c\\\/wp-content\\\/uploads\\\/2024\\\/11\\\/carreleur.jpg\",\"contentUrl\":\"https:\\\/\\\/www.artisanlocal.ch\\\/c\\\/wp-content\\\/uploads\\\/2024\\\/11\\\/carreleur.jpg\",\"width\":1920,\"height\":300},{\"@type\":\"BreadcrumbList\",\"@id\":\"https:\\\/\\\/www.artisanlocal.ch\\\/c\\\/societe-specialisee-dans-la-pose-de-carreaux-dans-le-canton-de-fribourg\\\/#breadcrumb\",\"itemListElement\":[{\"@type\":\"ListItem\",\"position\":1,\"name\":\"Accueil\",\"item\":\"https:\\\/\\\/www.artisanlocal.ch\\\/c\\\/\"},{\"@type\":\"ListItem\",\"position\":2,\"name\":\"Soci\u00e9t\u00e9 sp\u00e9cialis\u00e9e dans la pose de carreaux dans le canton de Fribourg ?\"}]},{\"@type\":\"WebSite\",\"@id\":\"https:\\\/\\\/www.artisanlocal.ch\\\/c\\\/#website\",\"url\":\"https:\\\/\\\/www.artisanlocal.ch\\\/c\\\/\",\"name\":\"Artisanlocal\",\"description\":\"\",\"publisher\":{\"@id\":\"https:\\\/\\\/www.artisanlocal.ch\\\/c\\\/#organization\"},\"potentialAction\":[{\"@type\":\"SearchAction\",\"target\":{\"@type\":\"EntryPoint\",\"urlTemplate\":\"https:\\\/\\\/www.artisanlocal.ch\\\/c\\\/?s={search_term_string}\"},\"query-input\":{\"@type\":\"PropertyValueSpecification\",\"valueRequired\":true,\"valueName\":\"search_term_string\"}}],\"inLanguage\":\"fr-FR\"},{\"@type\":\"Organization\",\"@id\":\"https:\\\/\\\/www.artisanlocal.ch\\\/c\\\/#organization\",\"name\":\"Artisanlocal\",\"url\":\"https:\\\/\\\/www.artisanlocal.ch\\\/c\\\/\",\"logo\":{\"@type\":\"ImageObject\",\"inLanguage\":\"fr-FR\",\"@id\":\"https:\\\/\\\/www.artisanlocal.ch\\\/c\\\/#\\\/schema\\\/logo\\\/image\\\/\",\"url\":\"https:\\\/\\\/www.artisanlocal.ch\\\/c\\\/wp-content\\\/uploads\\\/2024\\\/02\\\/logo-artisanlocal-h.svg\",\"contentUrl\":\"https:\\\/\\\/www.artisanlocal.ch\\\/c\\\/wp-content\\\/uploads\\\/2024\\\/02\\\/logo-artisanlocal-h.svg\",\"caption\":\"Artisanlocal\"},\"image\":{\"@id\":\"https:\\\/\\\/www.artisanlocal.ch\\\/c\\\/#\\\/schema\\\/logo\\\/image\\\/\"}}]}<\/script>\n<!-- \/ Yoast SEO Premium plugin. -->","yoast_head_json":{"title":"Soci\u00e9t\u00e9 sp\u00e9cialis\u00e9e dans la pose de carreaux dans le canton de Fribourg ? - Artisanlocal","robots":{"index":"index","follow":"follow","max-snippet":"max-snippet:-1","max-image-preview":"max-image-preview:large","max-video-preview":"max-video-preview:-1"},"canonical":"https:\/\/www.artisanlocal.ch\/c\/societe-specialisee-dans-la-pose-de-carreaux-dans-le-canton-de-fribourg\/","og_locale":"fr_FR","og_type":"article","og_title":"Soci\u00e9t\u00e9 sp\u00e9cialis\u00e9e dans la pose de carreaux dans le canton de Fribourg ?","og_description":"Pour recevoir des estimations de prix sur l&rsquo;installation de carreaux, n&rsquo;h\u00e9sitez pas \u00e0 nous contacter. Notre entreprise Artisanlocal propose une gamme de services en pose de carreaux classiques, de carreaux de dosseret, de carrelage dans votre salle de bain ou de carrelage sur votre plancher ! Nous proposons aussi nos prestations dans les villes proches [&hellip;]","og_url":"https:\/\/www.artisanlocal.ch\/c\/societe-specialisee-dans-la-pose-de-carreaux-dans-le-canton-de-fribourg\/","og_site_name":"Artisanlocal","article_modified_time":"2025-11-06T11:39:48+00:00","og_image":[{"width":1920,"height":300,"url":"https:\/\/www.artisanlocal.ch\/c\/wp-content\/uploads\/2024\/11\/carreleur.jpg","type":"image\/jpeg"}],"twitter_card":"summary_large_image","twitter_misc":{"Dur\u00e9e de lecture estim\u00e9e":"4 minutes"},"schema":{"@context":"https:\/\/schema.org","@graph":[{"@type":"WebPage","@id":"https:\/\/www.artisanlocal.ch\/c\/societe-specialisee-dans-la-pose-de-carreaux-dans-le-canton-de-fribourg\/","url":"https:\/\/www.artisanlocal.ch\/c\/societe-specialisee-dans-la-pose-de-carreaux-dans-le-canton-de-fribourg\/","name":"Soci\u00e9t\u00e9 sp\u00e9cialis\u00e9e dans la pose de carreaux dans le canton de Fribourg ? - Artisanlocal","isPartOf":{"@id":"https:\/\/www.artisanlocal.ch\/c\/#website"},"primaryImageOfPage":{"@id":"https:\/\/www.artisanlocal.ch\/c\/societe-specialisee-dans-la-pose-de-carreaux-dans-le-canton-de-fribourg\/#primaryimage"},"image":{"@id":"https:\/\/www.artisanlocal.ch\/c\/societe-specialisee-dans-la-pose-de-carreaux-dans-le-canton-de-fribourg\/#primaryimage"},"thumbnailUrl":"https:\/\/www.artisanlocal.ch\/c\/wp-content\/uploads\/2024\/11\/carreleur.jpg","datePublished":"2024-04-21T19:54:40+00:00","dateModified":"2025-11-06T11:39:48+00:00","breadcrumb":{"@id":"https:\/\/www.artisanlocal.ch\/c\/societe-specialisee-dans-la-pose-de-carreaux-dans-le-canton-de-fribourg\/#breadcrumb"},"inLanguage":"fr-FR","potentialAction":[{"@type":"ReadAction","target":["https:\/\/www.artisanlocal.ch\/c\/societe-specialisee-dans-la-pose-de-carreaux-dans-le-canton-de-fribourg\/"]}]},{"@type":"ImageObject","inLanguage":"fr-FR","@id":"https:\/\/www.artisanlocal.ch\/c\/societe-specialisee-dans-la-pose-de-carreaux-dans-le-canton-de-fribourg\/#primaryimage","url":"https:\/\/www.artisanlocal.ch\/c\/wp-content\/uploads\/2024\/11\/carreleur.jpg","contentUrl":"https:\/\/www.artisanlocal.ch\/c\/wp-content\/uploads\/2024\/11\/carreleur.jpg","width":1920,"height":300},{"@type":"BreadcrumbList","@id":"https:\/\/www.artisanlocal.ch\/c\/societe-specialisee-dans-la-pose-de-carreaux-dans-le-canton-de-fribourg\/#breadcrumb","itemListElement":[{"@type":"ListItem","position":1,"name":"Accueil","item":"https:\/\/www.artisanlocal.ch\/c\/"},{"@type":"ListItem","position":2,"name":"Soci\u00e9t\u00e9 sp\u00e9cialis\u00e9e dans la pose de carreaux dans le canton de Fribourg ?"}]},{"@type":"WebSite","@id":"https:\/\/www.artisanlocal.ch\/c\/#website","url":"https:\/\/www.artisanlocal.ch\/c\/","name":"Artisanlocal","description":"","publisher":{"@id":"https:\/\/www.artisanlocal.ch\/c\/#organization"},"potentialAction":[{"@type":"SearchAction","target":{"@type":"EntryPoint","urlTemplate":"https:\/\/www.artisanlocal.ch\/c\/?s={search_term_string}"},"query-input":{"@type":"PropertyValueSpecification","valueRequired":true,"valueName":"search_term_string"}}],"inLanguage":"fr-FR"},{"@type":"Organization","@id":"https:\/\/www.artisanlocal.ch\/c\/#organization","name":"Artisanlocal","url":"https:\/\/www.artisanlocal.ch\/c\/","logo":{"@type":"ImageObject","inLanguage":"fr-FR","@id":"https:\/\/www.artisanlocal.ch\/c\/#\/schema\/logo\/image\/","url":"https:\/\/www.artisanlocal.ch\/c\/wp-content\/uploads\/2024\/02\/logo-artisanlocal-h.svg","contentUrl":"https:\/\/www.artisanlocal.ch\/c\/wp-content\/uploads\/2024\/02\/logo-artisanlocal-h.svg","caption":"Artisanlocal"},"image":{"@id":"https:\/\/www.artisanlocal.ch\/c\/#\/schema\/logo\/image\/"}}]}},"_links":{"self":[{"href":"https:\/\/www.artisanlocal.ch\/c\/wp-json\/wp\/v2\/pages\/623","targetHints":{"allow":["GET"]}}],"collection":[{"href":"https:\/\/www.artisanlocal.ch\/c\/wp-json\/wp\/v2\/pages"}],"about":[{"href":"https:\/\/www.artisanlocal.ch\/c\/wp-json\/wp\/v2\/types\/page"}],"author":[{"embeddable":true,"href":"https:\/\/www.artisanlocal.ch\/c\/wp-json\/wp\/v2\/users\/4"}],"replies":[{"embeddable":true,"href":"https:\/\/www.artisanlocal.ch\/c\/wp-json\/wp\/v2\/comments?post=623"}],"version-history":[{"count":0,"href":"https:\/\/www.artisanlocal.ch\/c\/wp-json\/wp\/v2\/pages\/623\/revisions"}],"wp:featuredmedia":[{"embeddable":true,"href":"https:\/\/www.artisanlocal.ch\/c\/wp-json\/wp\/v2\/media\/2804"}],"wp:attachment":[{"href":"https:\/\/www.artisanlocal.ch\/c\/wp-json\/wp\/v2\/media?parent=623"}],"wp:term":[{"taxonomy":"profession","embeddable":true,"href":"https:\/\/www.artisanlocal.ch\/c\/wp-json\/wp\/v2\/profession?post=623"},{"taxonomy":"location","embeddable":true,"href":"https:\/\/www.artisanlocal.ch\/c\/wp-json\/wp\/v2\/location?post=623"},{"taxonomy":"canton","embeddable":true,"href":"https:\/\/www.artisanlocal.ch\/c\/wp-json\/wp\/v2\/canton?post=623"}],"curies":[{"name":"wp","href":"https:\/\/api.w.org\/{rel}","templated":true}]}}