{"id":624,"date":"2024-04-22T04:14:44","date_gmt":"2024-04-22T02:14:44","guid":{"rendered":"https:\/\/www.artisanlocal.ch\/c\/societe-specialisee-dans-la-pose-de-carrelage-dans-le-canton-du-jura\/"},"modified":"2025-11-06T12:39:49","modified_gmt":"2025-11-06T11:39:49","slug":"societe-specialisee-dans-la-pose-de-carrelage-dans-le-canton-du-jura","status":"publish","type":"page","link":"https:\/\/www.artisanlocal.ch\/c\/societe-specialisee-dans-la-pose-de-carrelage-dans-le-canton-du-jura\/","title":{"rendered":"Soci\u00e9t\u00e9 sp\u00e9cialis\u00e9e dans la pose de carrelage dans le canton du Jura ?"},"content":{"rendered":"<p>Pour obtenir des devis sur l&rsquo;installation de carrelage, appelez-nous. Artisanlocal propose des services d&rsquo;installation de carrelage afin de r\u00e9pondre \u00e0 tous vos besoins d&rsquo;installation de carreaux classiques, de carrelage de dosseret pour cuisine, de carrelage \u00e0 l&rsquo;int\u00e9rieur de votre salle de bain ou sur votre sol ! Nous proposons aussi nos services dans les localit\u00e9s voisines du canton du Jura.<\/p>\n<h2>Pourquoi choisir notre entreprise ?<\/h2>\n<p>Artisanlocal vous aide dans votre projet de carreaux dans le canton du Jura, choisissez-nous parce que :<\/p>\n<ul>\n<li>nous offrons des prix attractifs,<\/li>\n<li>nos carreaux sont de qualit\u00e9s premium,<\/li>\n<li>notre soci\u00e9t\u00e9 est localis\u00e9e dans le canton du Jura et permet \u00e0 nos techniciens d&rsquo;intervenir rapidement chez vous,<\/li>\n<li>nous vous conseillons pour acheter le carrelage le plus adapt\u00e9 \u00e0 votre logement,<\/li>\n<li>nos devis sont gratuits,<\/li>\n<li>notre \u00e9quipe est exp\u00e9riment\u00e9e,<\/li>\n<li>un partenaire s\u00fbr et fiable : nous r\u00e9alisons des interventions dans des grandes entreprises et des cabinets d&rsquo;architectes pour r\u00e9aliser l&rsquo;installation de parquet, fa\u00efence, carrelage, et de rev\u00eatements vari\u00e9s.<\/li>\n<\/ul>\n<h2>Obtenez votre devis gratuit pour l&rsquo;installation de carrelage en nous contactant d\u00e8s maintenant<\/h2>\n<p>Appelez-nous pour avoir un devis, nous prendrons contact avec vous rapidement pour calculer le co\u00fbt de votre projet.<\/p>\n<h2>Nos solutions<\/h2>\n<p>Nos sp\u00e9cialistes de la pose de carreaux dans le canton du Jura proposent aux professionnels et aux particuliers, les prestations, suivantes :<\/p>\n<ul>\n<li>L&rsquo;installation de plusieurs types carreaux tels que le parquet, le carrelage classique et la fa\u00efence,<\/li>\n<li>une aide pour bien choisir votre carrelage,<\/li>\n<li>la pose de carrelage,<\/li>\n<li>la fixation de votre carrelage,<\/li>\n<li>l&rsquo;application de carreaux sur les murs et sols,<\/li>\n<li>l&rsquo;installation de carrelage pour les zones ext\u00e9rieures et int\u00e9rieures de votre r\u00e9sidence,<\/li>\n<li>la suppression du carrelage existant,<\/li>\n<li>l&rsquo;enl\u00e8vement du parquet flottant,<\/li>\n<li>la pose du carrelage sur votre terrasse.<\/li>\n<\/ul>\n<h2>Comment choisir le carrelage qui vous convient ?<\/h2>\n<h3>Bien d\u00e9terminer la zone d&rsquo;installation<\/h3>\n<p>\u00c9tudiez bien l&#8217;emplacement et la fr\u00e9quence pendant laquelle le carreau sera soumis \u00e0 un vieillissement pr\u00e9matur\u00e9, sera-t-il dans une zone \u00e0 fort passage pi\u00e9tonnier? De plus, les gens porteront-ils des chaussures ou des chaussettes en marchant dessus? Sera-t-il en contact avec l&rsquo;humidit\u00e9? Prenez aussi compte des multiples surfaces qu&rsquo;il va rev\u00eatir, par exemple : les murs, les sols, les plans de travail, etc.<\/p>\n<h3>D\u00e9terminez le volume de carreaux<\/h3>\n<p>Dans le but de d\u00e9terminer la quantit\u00e9 de carreaux pour votre espace, r\u00e9alisez la multiplication : longueur par sa largeur et ajoutez dans les 5 % pour garder une marge de s\u00e9curit\u00e9. Nous vous conseillons de conserver en stock des carreaux de mani\u00e8re \u00e0 rattraper de possibles d\u00e9g\u00e2ts.<\/p>\n<h3>S\u00e9lectionnez le bon mat\u00e9riau<\/h3>\n<p>Les carreaux sont \u00e9labor\u00e9s avec plusieurs sortes de mat\u00e9riaux qui impact : l\u2019apparence, la solidit\u00e9 et le prix de l&rsquo;entretien. De plus, les finitions et la texture doivent par ailleurs \u00eatre prises en compte afin de trouver le meilleur carrelage pour votre habitation.<\/p>\n<h3>Maintenance<\/h3>\n<p>Vous devez par ailleurs prendre en consid\u00e9ration la complexit\u00e9 d&rsquo;entretien au moment de s\u00e9lectionner votre carrelage, exemple : l&rsquo;entretien du carrelage avec un joint clair est plus compliqu\u00e9 du fait de leur tendance \u00e0 accumuler la poussi\u00e8re, ce qui les rend plus difficiles \u00e0 laver par rapport aux autres couleurs.<\/p>\n<h2>Contactez-nous pour avoir un rendez-vous<\/h2>\n<p>Nos experts de l&rsquo;installation de carreaux dans le canton du Jura ont conscience de la complexit\u00e9 de votre projet, c&rsquo;est pourquoi nous sommes joignables du lundi au samedi de mani\u00e8re \u00e0 r\u00e9pondre \u00e0 vos interrogations.<\/p>\n<h2>Questions-r\u00e9ponses<\/h2>\n<h3>Comment fonctionne votre soci\u00e9t\u00e9 ?<\/h3>\n<ol>\n<li>Vous devez prendre contact avec nous par email ou t\u00e9l\u00e9phone.<\/li>\n<li>Ensuite, nous planifions un rendez-vous avec vous.<\/li>\n<li>Visite \u00e0 votre domicile pour d\u00e9limiter le travail \u00e0 effectuer.<\/li>\n<li>Nous mettons en route votre projet.<\/li>\n<\/ol>\n<h3>Op\u00e9rez-vous dans les villes dans les environs du canton du Jura ?<\/h3>\n<p>Oui, nous nous d\u00e9pla\u00e7ons dans le canton du Jura, et notre \u00e9quipe op\u00e8re aussi dans les localit\u00e9s aux environs, comme:<\/p>\nBiel\/Bienne, T\u00fcscherz-Alferm\u00e9e, Twann, Ligerz, Ligni\u00e8res, Le Landeron, Magglingen\/Macolin, Evilard, Les Pr\u00e9s-d'Orvin, Pieterlen, Lengnau BE, Orpund, Safnern, Meinisberg, Br\u00fcgg BE, Scheuren, Schwadernau, Studen BE, Aegerten, Nidau, Port, Ipsach, Bellmund, Jens, M\u00f6rigen, Sutz, Hagneck, Gerolfingen, T\u00e4uffelen, L\u00fcscherz, Finsterhennen, Siselen BE, La Ferri\u00e8re, Pr\u00eales, Lamboing, Diesse, Nods, La Neuveville, Orvin, Frinvillier, Plagne, Vauffelin, Romont BE, P\u00e9ry, La Heutte, Sonceboz-Sombeval, Corg\u00e9mont, Cort\u00e9bert, Courtelary, Montagne-de-Courtelary, Mont-Crosin, Les Pontins, Mont-Soleil, St-Imier, Cormoret, Villeret, Montagne-de-Sonvilier, Sonvilier, Renan BE, Tavannes, Le Fuet, Bellelay, Ch\u00e2telat, Monible, Sornetan, Fornet-Dessous, Reb\u00e9velier, Tramelan, La Tanne, Les Reussilles, Mont-Tramelan, Loveresse, Reconvilier, Saicourt, Saules BE, Pontenet, B\u00e9vilard, Champoz, Malleray, Sorvilier, Court, Moutier, Perrefitte, Eschert, Belprahon, Grandval, Cr\u00e9mines, Corcelles BE, Seehof, Les Ecorcheresses, Souboz, Roches BE, Schelten, Zweisimmen, Blankenburg, St. Stephan, Matten (St. Stephan), Lenk im Simmental, Oeschseite, Saanenm\u00f6ser, Sch\u00f6nried, Gstaad, Turbach, Lauenen b. Gstaad, Grund b. Gstaad, Feutersoey, Gsteig b. Gstaad, Saanen.\n<\/p>\n<h3>Quels sont les styles de carrelages les plus r\u00e9pandus\u202f?<\/h3>\n<p>Voici les carreaux les plus populaires que nous posons:<\/p>\n<ul>\n<li>Les carreaux mosa\u00efques : v\u00e9ritable best-seller, ils apportent un style incomparable \u00e0 votre int\u00e9rieur.<\/li>\n<li>Les carrelages int\u00e9rieur blancs de m\u00e9tro : retro, nous les recommandons pour votre r\u00e9novation de salle de bain ou de votre cuisine.<\/li>\n<li>Les carrelages de marbre : ils ajoutent un style soign\u00e9 \u00e0 n&rsquo;importe quelle partie de votre propri\u00e9t\u00e9.<\/li>\n<li>Les carreaux en c\u00e9ramique : peu cher, le carrelage en c\u00e9ramique a d&rsquo;innombrable avantages (facile \u00e0 entretenir, et disponibles dans plusieurs couleurs).<\/li>\n<li>Le carrelage ciment : ils sont pris\u00e9s et ils attirent le regard, ils sont habituellement pr\u00e9sents dans les galeries marchandes et maisons.<\/li>\n<li>Les carreaux en porcelaine : similaire aux surfaces naturelles, il est r\u00e9sistant aux chocs, changement de temp\u00e9rature.<\/li>\n<\/ul>\n","protected":false},"excerpt":{"rendered":"<p>Pour obtenir des devis sur l&rsquo;installation de carrelage, appelez-nous. Artisanlocal propose des services d&rsquo;installation de carrelage afin de r\u00e9pondre \u00e0 tous vos besoins d&rsquo;installation de carreaux classiques, de carrelage de dosseret pour cuisine, de carrelage \u00e0 l&rsquo;int\u00e9rieur de votre salle de bain ou sur votre sol ! Nous proposons aussi nos services dans les localit\u00e9s [&hellip;]<\/p>\n","protected":false},"author":4,"featured_media":2804,"parent":0,"menu_order":0,"comment_status":"closed","ping_status":"closed","template":"wp-custom-template-page-canton","meta":{"footnotes":""},"profession":[119],"location":[],"canton":[111],"class_list":["post-624","page","type-page","status-publish","has-post-thumbnail","hentry","profession-carreleur","canton-ju"],"yoast_head":"<!-- This site is optimized with the Yoast SEO Premium plugin v25.7.1 (Yoast SEO v27.3) - https:\/\/yoast.com\/product\/yoast-seo-premium-wordpress\/ -->\n<title>Soci\u00e9t\u00e9 sp\u00e9cialis\u00e9e dans la pose de carrelage dans le canton du Jura ? - Artisanlocal<\/title>\n<meta name=\"robots\" content=\"index, follow, max-snippet:-1, max-image-preview:large, max-video-preview:-1\" \/>\n<link rel=\"canonical\" href=\"https:\/\/www.artisanlocal.ch\/c\/societe-specialisee-dans-la-pose-de-carrelage-dans-le-canton-du-jura\/\" \/>\n<meta property=\"og:locale\" content=\"fr_FR\" \/>\n<meta property=\"og:type\" content=\"article\" \/>\n<meta property=\"og:title\" content=\"Soci\u00e9t\u00e9 sp\u00e9cialis\u00e9e dans la pose de carrelage dans le canton du Jura ?\" \/>\n<meta property=\"og:description\" content=\"Pour obtenir des devis sur l&rsquo;installation de carrelage, appelez-nous. Artisanlocal propose des services d&rsquo;installation de carrelage afin de r\u00e9pondre \u00e0 tous vos besoins d&rsquo;installation de carreaux classiques, de carrelage de dosseret pour cuisine, de carrelage \u00e0 l&rsquo;int\u00e9rieur de votre salle de bain ou sur votre sol ! Nous proposons aussi nos services dans les localit\u00e9s [&hellip;]\" \/>\n<meta property=\"og:url\" content=\"https:\/\/www.artisanlocal.ch\/c\/societe-specialisee-dans-la-pose-de-carrelage-dans-le-canton-du-jura\/\" \/>\n<meta property=\"og:site_name\" content=\"Artisanlocal\" \/>\n<meta property=\"article:modified_time\" content=\"2025-11-06T11:39:49+00:00\" \/>\n<meta property=\"og:image\" content=\"https:\/\/www.artisanlocal.ch\/c\/wp-content\/uploads\/2024\/11\/carreleur.jpg\" \/>\n\t<meta property=\"og:image:width\" content=\"1920\" \/>\n\t<meta property=\"og:image:height\" content=\"300\" \/>\n\t<meta property=\"og:image:type\" content=\"image\/jpeg\" \/>\n<meta name=\"twitter:card\" content=\"summary_large_image\" \/>\n<meta name=\"twitter:label1\" content=\"Dur\u00e9e de lecture estim\u00e9e\" \/>\n\t<meta name=\"twitter:data1\" content=\"4 minutes\" \/>\n<script type=\"application\/ld+json\" class=\"yoast-schema-graph\">{\"@context\":\"https:\\\/\\\/schema.org\",\"@graph\":[{\"@type\":\"WebPage\",\"@id\":\"https:\\\/\\\/www.artisanlocal.ch\\\/c\\\/societe-specialisee-dans-la-pose-de-carrelage-dans-le-canton-du-jura\\\/\",\"url\":\"https:\\\/\\\/www.artisanlocal.ch\\\/c\\\/societe-specialisee-dans-la-pose-de-carrelage-dans-le-canton-du-jura\\\/\",\"name\":\"Soci\u00e9t\u00e9 sp\u00e9cialis\u00e9e dans la pose de carrelage dans le canton du Jura ? - Artisanlocal\",\"isPartOf\":{\"@id\":\"https:\\\/\\\/www.artisanlocal.ch\\\/c\\\/#website\"},\"primaryImageOfPage\":{\"@id\":\"https:\\\/\\\/www.artisanlocal.ch\\\/c\\\/societe-specialisee-dans-la-pose-de-carrelage-dans-le-canton-du-jura\\\/#primaryimage\"},\"image\":{\"@id\":\"https:\\\/\\\/www.artisanlocal.ch\\\/c\\\/societe-specialisee-dans-la-pose-de-carrelage-dans-le-canton-du-jura\\\/#primaryimage\"},\"thumbnailUrl\":\"https:\\\/\\\/www.artisanlocal.ch\\\/c\\\/wp-content\\\/uploads\\\/2024\\\/11\\\/carreleur.jpg\",\"datePublished\":\"2024-04-22T02:14:44+00:00\",\"dateModified\":\"2025-11-06T11:39:49+00:00\",\"breadcrumb\":{\"@id\":\"https:\\\/\\\/www.artisanlocal.ch\\\/c\\\/societe-specialisee-dans-la-pose-de-carrelage-dans-le-canton-du-jura\\\/#breadcrumb\"},\"inLanguage\":\"fr-FR\",\"potentialAction\":[{\"@type\":\"ReadAction\",\"target\":[\"https:\\\/\\\/www.artisanlocal.ch\\\/c\\\/societe-specialisee-dans-la-pose-de-carrelage-dans-le-canton-du-jura\\\/\"]}]},{\"@type\":\"ImageObject\",\"inLanguage\":\"fr-FR\",\"@id\":\"https:\\\/\\\/www.artisanlocal.ch\\\/c\\\/societe-specialisee-dans-la-pose-de-carrelage-dans-le-canton-du-jura\\\/#primaryimage\",\"url\":\"https:\\\/\\\/www.artisanlocal.ch\\\/c\\\/wp-content\\\/uploads\\\/2024\\\/11\\\/carreleur.jpg\",\"contentUrl\":\"https:\\\/\\\/www.artisanlocal.ch\\\/c\\\/wp-content\\\/uploads\\\/2024\\\/11\\\/carreleur.jpg\",\"width\":1920,\"height\":300},{\"@type\":\"BreadcrumbList\",\"@id\":\"https:\\\/\\\/www.artisanlocal.ch\\\/c\\\/societe-specialisee-dans-la-pose-de-carrelage-dans-le-canton-du-jura\\\/#breadcrumb\",\"itemListElement\":[{\"@type\":\"ListItem\",\"position\":1,\"name\":\"Accueil\",\"item\":\"https:\\\/\\\/www.artisanlocal.ch\\\/c\\\/\"},{\"@type\":\"ListItem\",\"position\":2,\"name\":\"Soci\u00e9t\u00e9 sp\u00e9cialis\u00e9e dans la pose de carrelage dans le canton du Jura ?\"}]},{\"@type\":\"WebSite\",\"@id\":\"https:\\\/\\\/www.artisanlocal.ch\\\/c\\\/#website\",\"url\":\"https:\\\/\\\/www.artisanlocal.ch\\\/c\\\/\",\"name\":\"Artisanlocal\",\"description\":\"\",\"publisher\":{\"@id\":\"https:\\\/\\\/www.artisanlocal.ch\\\/c\\\/#organization\"},\"potentialAction\":[{\"@type\":\"SearchAction\",\"target\":{\"@type\":\"EntryPoint\",\"urlTemplate\":\"https:\\\/\\\/www.artisanlocal.ch\\\/c\\\/?s={search_term_string}\"},\"query-input\":{\"@type\":\"PropertyValueSpecification\",\"valueRequired\":true,\"valueName\":\"search_term_string\"}}],\"inLanguage\":\"fr-FR\"},{\"@type\":\"Organization\",\"@id\":\"https:\\\/\\\/www.artisanlocal.ch\\\/c\\\/#organization\",\"name\":\"Artisanlocal\",\"url\":\"https:\\\/\\\/www.artisanlocal.ch\\\/c\\\/\",\"logo\":{\"@type\":\"ImageObject\",\"inLanguage\":\"fr-FR\",\"@id\":\"https:\\\/\\\/www.artisanlocal.ch\\\/c\\\/#\\\/schema\\\/logo\\\/image\\\/\",\"url\":\"https:\\\/\\\/www.artisanlocal.ch\\\/c\\\/wp-content\\\/uploads\\\/2024\\\/02\\\/logo-artisanlocal-h.svg\",\"contentUrl\":\"https:\\\/\\\/www.artisanlocal.ch\\\/c\\\/wp-content\\\/uploads\\\/2024\\\/02\\\/logo-artisanlocal-h.svg\",\"caption\":\"Artisanlocal\"},\"image\":{\"@id\":\"https:\\\/\\\/www.artisanlocal.ch\\\/c\\\/#\\\/schema\\\/logo\\\/image\\\/\"}}]}<\/script>\n<!-- \/ Yoast SEO Premium plugin. -->","yoast_head_json":{"title":"Soci\u00e9t\u00e9 sp\u00e9cialis\u00e9e dans la pose de carrelage dans le canton du Jura ? - Artisanlocal","robots":{"index":"index","follow":"follow","max-snippet":"max-snippet:-1","max-image-preview":"max-image-preview:large","max-video-preview":"max-video-preview:-1"},"canonical":"https:\/\/www.artisanlocal.ch\/c\/societe-specialisee-dans-la-pose-de-carrelage-dans-le-canton-du-jura\/","og_locale":"fr_FR","og_type":"article","og_title":"Soci\u00e9t\u00e9 sp\u00e9cialis\u00e9e dans la pose de carrelage dans le canton du Jura ?","og_description":"Pour obtenir des devis sur l&rsquo;installation de carrelage, appelez-nous. Artisanlocal propose des services d&rsquo;installation de carrelage afin de r\u00e9pondre \u00e0 tous vos besoins d&rsquo;installation de carreaux classiques, de carrelage de dosseret pour cuisine, de carrelage \u00e0 l&rsquo;int\u00e9rieur de votre salle de bain ou sur votre sol ! Nous proposons aussi nos services dans les localit\u00e9s [&hellip;]","og_url":"https:\/\/www.artisanlocal.ch\/c\/societe-specialisee-dans-la-pose-de-carrelage-dans-le-canton-du-jura\/","og_site_name":"Artisanlocal","article_modified_time":"2025-11-06T11:39:49+00:00","og_image":[{"width":1920,"height":300,"url":"https:\/\/www.artisanlocal.ch\/c\/wp-content\/uploads\/2024\/11\/carreleur.jpg","type":"image\/jpeg"}],"twitter_card":"summary_large_image","twitter_misc":{"Dur\u00e9e de lecture estim\u00e9e":"4 minutes"},"schema":{"@context":"https:\/\/schema.org","@graph":[{"@type":"WebPage","@id":"https:\/\/www.artisanlocal.ch\/c\/societe-specialisee-dans-la-pose-de-carrelage-dans-le-canton-du-jura\/","url":"https:\/\/www.artisanlocal.ch\/c\/societe-specialisee-dans-la-pose-de-carrelage-dans-le-canton-du-jura\/","name":"Soci\u00e9t\u00e9 sp\u00e9cialis\u00e9e dans la pose de carrelage dans le canton du Jura ? - Artisanlocal","isPartOf":{"@id":"https:\/\/www.artisanlocal.ch\/c\/#website"},"primaryImageOfPage":{"@id":"https:\/\/www.artisanlocal.ch\/c\/societe-specialisee-dans-la-pose-de-carrelage-dans-le-canton-du-jura\/#primaryimage"},"image":{"@id":"https:\/\/www.artisanlocal.ch\/c\/societe-specialisee-dans-la-pose-de-carrelage-dans-le-canton-du-jura\/#primaryimage"},"thumbnailUrl":"https:\/\/www.artisanlocal.ch\/c\/wp-content\/uploads\/2024\/11\/carreleur.jpg","datePublished":"2024-04-22T02:14:44+00:00","dateModified":"2025-11-06T11:39:49+00:00","breadcrumb":{"@id":"https:\/\/www.artisanlocal.ch\/c\/societe-specialisee-dans-la-pose-de-carrelage-dans-le-canton-du-jura\/#breadcrumb"},"inLanguage":"fr-FR","potentialAction":[{"@type":"ReadAction","target":["https:\/\/www.artisanlocal.ch\/c\/societe-specialisee-dans-la-pose-de-carrelage-dans-le-canton-du-jura\/"]}]},{"@type":"ImageObject","inLanguage":"fr-FR","@id":"https:\/\/www.artisanlocal.ch\/c\/societe-specialisee-dans-la-pose-de-carrelage-dans-le-canton-du-jura\/#primaryimage","url":"https:\/\/www.artisanlocal.ch\/c\/wp-content\/uploads\/2024\/11\/carreleur.jpg","contentUrl":"https:\/\/www.artisanlocal.ch\/c\/wp-content\/uploads\/2024\/11\/carreleur.jpg","width":1920,"height":300},{"@type":"BreadcrumbList","@id":"https:\/\/www.artisanlocal.ch\/c\/societe-specialisee-dans-la-pose-de-carrelage-dans-le-canton-du-jura\/#breadcrumb","itemListElement":[{"@type":"ListItem","position":1,"name":"Accueil","item":"https:\/\/www.artisanlocal.ch\/c\/"},{"@type":"ListItem","position":2,"name":"Soci\u00e9t\u00e9 sp\u00e9cialis\u00e9e dans la pose de carrelage dans le canton du Jura ?"}]},{"@type":"WebSite","@id":"https:\/\/www.artisanlocal.ch\/c\/#website","url":"https:\/\/www.artisanlocal.ch\/c\/","name":"Artisanlocal","description":"","publisher":{"@id":"https:\/\/www.artisanlocal.ch\/c\/#organization"},"potentialAction":[{"@type":"SearchAction","target":{"@type":"EntryPoint","urlTemplate":"https:\/\/www.artisanlocal.ch\/c\/?s={search_term_string}"},"query-input":{"@type":"PropertyValueSpecification","valueRequired":true,"valueName":"search_term_string"}}],"inLanguage":"fr-FR"},{"@type":"Organization","@id":"https:\/\/www.artisanlocal.ch\/c\/#organization","name":"Artisanlocal","url":"https:\/\/www.artisanlocal.ch\/c\/","logo":{"@type":"ImageObject","inLanguage":"fr-FR","@id":"https:\/\/www.artisanlocal.ch\/c\/#\/schema\/logo\/image\/","url":"https:\/\/www.artisanlocal.ch\/c\/wp-content\/uploads\/2024\/02\/logo-artisanlocal-h.svg","contentUrl":"https:\/\/www.artisanlocal.ch\/c\/wp-content\/uploads\/2024\/02\/logo-artisanlocal-h.svg","caption":"Artisanlocal"},"image":{"@id":"https:\/\/www.artisanlocal.ch\/c\/#\/schema\/logo\/image\/"}}]}},"_links":{"self":[{"href":"https:\/\/www.artisanlocal.ch\/c\/wp-json\/wp\/v2\/pages\/624","targetHints":{"allow":["GET"]}}],"collection":[{"href":"https:\/\/www.artisanlocal.ch\/c\/wp-json\/wp\/v2\/pages"}],"about":[{"href":"https:\/\/www.artisanlocal.ch\/c\/wp-json\/wp\/v2\/types\/page"}],"author":[{"embeddable":true,"href":"https:\/\/www.artisanlocal.ch\/c\/wp-json\/wp\/v2\/users\/4"}],"replies":[{"embeddable":true,"href":"https:\/\/www.artisanlocal.ch\/c\/wp-json\/wp\/v2\/comments?post=624"}],"version-history":[{"count":0,"href":"https:\/\/www.artisanlocal.ch\/c\/wp-json\/wp\/v2\/pages\/624\/revisions"}],"wp:featuredmedia":[{"embeddable":true,"href":"https:\/\/www.artisanlocal.ch\/c\/wp-json\/wp\/v2\/media\/2804"}],"wp:attachment":[{"href":"https:\/\/www.artisanlocal.ch\/c\/wp-json\/wp\/v2\/media?parent=624"}],"wp:term":[{"taxonomy":"profession","embeddable":true,"href":"https:\/\/www.artisanlocal.ch\/c\/wp-json\/wp\/v2\/profession?post=624"},{"taxonomy":"location","embeddable":true,"href":"https:\/\/www.artisanlocal.ch\/c\/wp-json\/wp\/v2\/location?post=624"},{"taxonomy":"canton","embeddable":true,"href":"https:\/\/www.artisanlocal.ch\/c\/wp-json\/wp\/v2\/canton?post=624"}],"curies":[{"name":"wp","href":"https:\/\/api.w.org\/{rel}","templated":true}]}}