{"id":625,"date":"2024-04-21T00:54:59","date_gmt":"2024-04-20T22:54:59","guid":{"rendered":"https:\/\/www.artisanlocal.ch\/c\/entreprise-de-carreaux-dans-le-canton-de-neuchatel\/"},"modified":"2025-11-06T12:37:35","modified_gmt":"2025-11-06T11:37:35","slug":"entreprise-de-carreaux-dans-le-canton-de-neuchatel","status":"publish","type":"page","link":"https:\/\/www.artisanlocal.ch\/c\/entreprise-de-carreaux-dans-le-canton-de-neuchatel\/","title":{"rendered":"Entreprise de carreaux dans le canton de Neuch\u00e2tel ?"},"content":{"rendered":"<p>Pour obtenir des estimations de prix sur l&rsquo;installation de carrelage, n&rsquo;h\u00e9sitez pas \u00e0 nous contacter. Artisanlocal offre des prestations de pose de carreaux pour r\u00e9pondre \u00e0 tous vos besoins d&rsquo;installation de carreaux classiques, de carreaux de dosseret, de carrelage dans votre salle d&rsquo;eau ou sur votre plancher ! Nous intervenons aussi dans les municipalit\u00e9s \u00e0 c\u00f4t\u00e9 du canton de Neuch\u00e2tel.<\/p>\n<h2>Pour quelle raison choisir notre entreprise ?<\/h2>\n<p>Artisanlocal vous aide dans la pose de carrelage dans le canton de Neuch\u00e2tel, choisissez-nous parce que :<\/p>\n<ul>\n<li>nos tarif sont comp\u00e9titifs,<\/li>\n<li>nous posons du carrelage de qualit\u00e9,<\/li>\n<li>notre entreprise est situ\u00e9e dans le canton de Neuch\u00e2tel, et se d\u00e9place en urgence \u00e0 votre domicile,<\/li>\n<li>nous vous conseillons pour s\u00e9lectionner le carrelage le plus appropri\u00e9 \u00e0 votre habitation,<\/li>\n<li>nous fournissons des estimations gratuites,<\/li>\n<li>nos carreleurs ont accumul\u00e9 de l&rsquo;exp\u00e9rience,<\/li>\n<li>un partenaire s\u00fbr et fiable : nous intervenons dans des grandes entreprises et des cabinets d&rsquo;architectes pour installer du parquet, de la fa\u00efence, du carrelage ou des autres rev\u00eatements pour les sols.<\/li>\n<\/ul>\n<h2>Recevez une estimation pour l&rsquo;installation de carrelage en prenant contact avec nous maintenant<\/h2>\n<p>N&rsquo;h\u00e9sitez pas \u00e0 nous contacter si vous voulez obtenir un devis gratuit, nous vous r\u00e9pondrons rapidement pour estimer le prix de la pose de vos carreaux.<\/p>\n<h2>Nos services<\/h2>\n<p>Nos sp\u00e9cialistes de l&rsquo;installation de carrelage dans le canton de Neuch\u00e2tel fournissent aux habitants de Neuch\u00e2tel et aux entreprises locales, les services suivants :<\/p>\n<ul>\n<li>La pose de plusieurs types carreaux tels que le parquet, le carrelage classique et la fa\u00efence,<\/li>\n<li>une aide pour bien choisir votre carrelage,<\/li>\n<li>la pose de carrelage,<\/li>\n<li>la r\u00e9alisation du scellement pour votre carrelage,<\/li>\n<li>l&rsquo;application de carreaux sur les murs et sols,<\/li>\n<li>l&rsquo;installation de carreaux pour les zones int\u00e9rieures et ext\u00e9rieures de votre r\u00e9sidence,<\/li>\n<li>l&rsquo;enl\u00e8vement du carrelage en place,<\/li>\n<li>l&rsquo;enl\u00e8vement du parquet flottant,<\/li>\n<li>l&rsquo;installation de carrelage pour votre balcon.<\/li>\n<\/ul>\n<h2>Comment trouver le carrelage id\u00e9al ?<\/h2>\n<h3>Bien d\u00e9finir la zone d&rsquo;installation<\/h3>\n<p>Gardez \u00e0 l&rsquo;esprit l&rsquo;endroit o\u00f9 le carrelage va \u00eatre plac\u00e9 et \u00e9galement s&rsquo;il se trouve dans un chemin fr\u00e9quent\u00e9? De plus, les gens porteront-ils des chaussettes ou des chaussures en marchant sur le carrelage? Va-t-il \u00eatre en contact avec l&rsquo;humidit\u00e9? Prenez aussi compte des multiples surfaces qu&rsquo;il va couvrir, comme : les murs, les sols, les plans de travail, etc.<\/p>\n<h3>\u00c9valuez le volume de carrelage requis<\/h3>\n<p>Pour estimer le nombre de carreaux requis pour votre espace, r\u00e9alisez la multiplication : largeur par sa longueur et rajoutez \u00e0 peu pr\u00e8s 5 % pour garder une marge de protection. Nous vous recommandons de garder en stock des carreaux de sorte \u00e0 rattraper d&rsquo;\u00e9ventuels dommages.<\/p>\n<h3>Choisissez le mat\u00e9riau<\/h3>\n<p>Les carreaux sont fabriqu\u00e9s avec plusieurs cat\u00e9gories de mat\u00e9riaux qui impact : le co\u00fbt de l&rsquo;entretien, l&rsquo;apparence et la long\u00e9vit\u00e9. De plus, les finitions et la texture devraient par ailleurs \u00eatre prises en consid\u00e9ration afin de trouver le meilleur carrelage pour votre habitation.<\/p>\n<h3>Maintenance<\/h3>\n<p>Vous devez aussi prendre en compte la complexit\u00e9 d&rsquo;entretien lors du choix de votre carrelage, par exemple : l&rsquo;entretien du carrelage avec un joint clair prend plus de temps en raison de leur tendance \u00e0 cumuler la poussi\u00e8re, ce qui les rend plus difficiles \u00e0 laver par rapport aux autres colorations.<\/p>\n<h2>Prenez un rendez-vous d\u00e8s maintenant<\/h2>\n<p>Notre \u00e9quipe compos\u00e9e d&rsquo;experts dans l&rsquo;installation de carrelages dans le canton de Neuch\u00e2tel savent que la s\u00e9lection des carreaux peut-\u00eatre complexe, c&rsquo;est la raison pour laquelle notre \u00e9quipe est disponible du lundi au samedi pour vous donner des conseils.<\/p>\n<h2>Questions-r\u00e9ponses<\/h2>\n<h3>Quel est le fonctionnement de votre entreprise ?<\/h3>\n<ol>\n<li>Vous devez prendre contact avec nous par t\u00e9l\u00e9phone ou email.<\/li>\n<li>Nous planifions ensemble le rendez-vous en fonction de vos disponibilit\u00e9s.<\/li>\n<li>Notre \u00e9quipe se d\u00e9place \u00e0 votre logement pour calculer le total de carreaux \u00e0 poser.<\/li>\n<li>Nous mettons en route la pose des carrelages \u00e0 votre logement.<\/li>\n<\/ol>\n<h3>Votre soci\u00e9t\u00e9 intervient dans le canton de Neuch\u00e2tel et dans les villes aux environs ?<\/h3>\n<p>Oui, nous intervenons dans le canton de Neuch\u00e2tel, toutefois, notre \u00e9quipe op\u00e8re dans les communes aux alentours, \u00e9galement:<\/p>\nNoiraigue, Travers, Couvet, M\u00f4tiers NE, Boveresse, Fleurier, Buttes, Mont-de-Buttes, La C\u00f4te-aux-F\u00e9es, St-Sulpice NE, Les Sagnettes, Les Verri\u00e8res, Les Bayards, Brot-Dessous, Fretereules, Petit-Martel, Les Ponts-de-Martel, Brot-Plamboz, Le Locle, Le Pr\u00e9voux, La Chaux-du-Milieu, La Br\u00e9vine, La Ch\u00e2tagne, Le Brouillet, Les Taill\u00e8res, Le Cerneux-P\u00e9quignot, Les Brenets, Neuch\u00e2tel, Auvernier, Colombier NE, B\u00f4le, Areuse, Cortaillod, Boudry, Chambrelien, Rochefort, Bevaix, Gorgier, St-Aubin-Sauges, Chez-le-Bart, Fresens, Montalchez, Vaumarcus, Peseux, Corcelles NE, Cormondr\u00e8che, Hauterive NE, St-Blaise, Enges, Marin-Epagnier, Thielle, Wavre, Cornaux NE, Cressier NE, Champ-du-Moulin, Montmollin, Montezillon, Valangin, Boudevilliers, Fontaines NE, Fontainemelon, La Vue-des-Alpes, Cernier, Ch\u00e9zard-St-Martin, Les Vieux-Pr\u00e9s, Dombresson, Villiers, Le P\u00e2quier NE, Engollon, Fenin, Saules, Vilars NE, Savagnier, Chaumont, Les Geneveys-sur-Coffrane, Coffrane, Les Hauts-Geneveys, La Chaux-de-Fonds, La Sagne NE, Le Cr\u00eat-du-Locle, Les Planchettes, La Cibourg, Les Emibois, Le Cerneux-Veusil, Les Pommerats, Goumois, Montfavergier.\n<\/p>\n<h3>Quels sont les mod\u00e8les de carreaux les plus populaires que vous installez\u202f?<\/h3>\n<p>Nous installons les carreaux appr\u00e9ci\u00e9s, suivants:<\/p>\n<ul>\n<li>Les carrelages mosa\u00efques : v\u00e9ritable best-seller, ils rajoutent un style inimitable \u00e0 votre int\u00e9rieur.<\/li>\n<li>Les carreaux de m\u00e9tro blancs : retro, il ajoute une touche lumineuse \u00e0 votre salle de bain ou votre cuisine.<\/li>\n<li>Les carreaux de marbre : ils sont plus chers, mais ils permettent d&rsquo;apporter une apparence de luxe \u00e0 votre foyer.<\/li>\n<li>Les carreaux de c\u00e9ramique : peu on\u00e9reux, le carreau en c\u00e9ramique a de nombreux avantages (facile \u00e0 entretenir, et disponibles dans plusieurs coloris).<\/li>\n<li>Le carrelage ciment : classique, il permet d&rsquo;adoucir la d\u00e9coration de votre foyer.<\/li>\n<li>Les carreaux de porcelaine : ils imitent les surfaces naturelles (brique, pierre ou bois) et il n&rsquo;exige pratiquement pas d\u2019entretien.<\/li>\n<\/ul>\n","protected":false},"excerpt":{"rendered":"<p>Pour obtenir des estimations de prix sur l&rsquo;installation de carrelage, n&rsquo;h\u00e9sitez pas \u00e0 nous contacter. Artisanlocal offre des prestations de pose de carreaux pour r\u00e9pondre \u00e0 tous vos besoins d&rsquo;installation de carreaux classiques, de carreaux de dosseret, de carrelage dans votre salle d&rsquo;eau ou sur votre plancher ! Nous intervenons aussi dans les municipalit\u00e9s \u00e0 [&hellip;]<\/p>\n","protected":false},"author":4,"featured_media":2804,"parent":0,"menu_order":0,"comment_status":"closed","ping_status":"closed","template":"wp-custom-template-page-canton","meta":{"footnotes":""},"profession":[119],"location":[],"canton":[114],"class_list":["post-625","page","type-page","status-publish","has-post-thumbnail","hentry","profession-carreleur","canton-ne"],"yoast_head":"<!-- This site is optimized with the Yoast SEO Premium plugin v25.7.1 (Yoast SEO v27.4) - https:\/\/yoast.com\/product\/yoast-seo-premium-wordpress\/ -->\n<title>Entreprise de carreaux dans le canton de Neuch\u00e2tel ? - Artisanlocal<\/title>\n<meta name=\"robots\" content=\"index, follow, max-snippet:-1, max-image-preview:large, max-video-preview:-1\" \/>\n<link rel=\"canonical\" href=\"https:\/\/www.artisanlocal.ch\/c\/entreprise-de-carreaux-dans-le-canton-de-neuchatel\/\" \/>\n<meta property=\"og:locale\" content=\"fr_FR\" \/>\n<meta property=\"og:type\" content=\"article\" \/>\n<meta property=\"og:title\" content=\"Entreprise de carreaux dans le canton de Neuch\u00e2tel ?\" \/>\n<meta property=\"og:description\" content=\"Pour obtenir des estimations de prix sur l&rsquo;installation de carrelage, n&rsquo;h\u00e9sitez pas \u00e0 nous contacter. Artisanlocal offre des prestations de pose de carreaux pour r\u00e9pondre \u00e0 tous vos besoins d&rsquo;installation de carreaux classiques, de carreaux de dosseret, de carrelage dans votre salle d&rsquo;eau ou sur votre plancher ! Nous intervenons aussi dans les municipalit\u00e9s \u00e0 [&hellip;]\" \/>\n<meta property=\"og:url\" content=\"https:\/\/www.artisanlocal.ch\/c\/entreprise-de-carreaux-dans-le-canton-de-neuchatel\/\" \/>\n<meta property=\"og:site_name\" content=\"Artisanlocal\" \/>\n<meta property=\"article:modified_time\" content=\"2025-11-06T11:37:35+00:00\" \/>\n<meta property=\"og:image\" content=\"https:\/\/www.artisanlocal.ch\/c\/wp-content\/uploads\/2024\/11\/carreleur.jpg\" \/>\n\t<meta property=\"og:image:width\" content=\"1920\" \/>\n\t<meta property=\"og:image:height\" content=\"300\" \/>\n\t<meta property=\"og:image:type\" content=\"image\/jpeg\" \/>\n<meta name=\"twitter:card\" content=\"summary_large_image\" \/>\n<meta name=\"twitter:label1\" content=\"Dur\u00e9e de lecture estim\u00e9e\" \/>\n\t<meta name=\"twitter:data1\" content=\"4 minutes\" \/>\n<script type=\"application\/ld+json\" class=\"yoast-schema-graph\">{\"@context\":\"https:\\\/\\\/schema.org\",\"@graph\":[{\"@type\":\"WebPage\",\"@id\":\"https:\\\/\\\/www.artisanlocal.ch\\\/c\\\/entreprise-de-carreaux-dans-le-canton-de-neuchatel\\\/\",\"url\":\"https:\\\/\\\/www.artisanlocal.ch\\\/c\\\/entreprise-de-carreaux-dans-le-canton-de-neuchatel\\\/\",\"name\":\"Entreprise de carreaux dans le canton de Neuch\u00e2tel ? - Artisanlocal\",\"isPartOf\":{\"@id\":\"https:\\\/\\\/www.artisanlocal.ch\\\/c\\\/#website\"},\"primaryImageOfPage\":{\"@id\":\"https:\\\/\\\/www.artisanlocal.ch\\\/c\\\/entreprise-de-carreaux-dans-le-canton-de-neuchatel\\\/#primaryimage\"},\"image\":{\"@id\":\"https:\\\/\\\/www.artisanlocal.ch\\\/c\\\/entreprise-de-carreaux-dans-le-canton-de-neuchatel\\\/#primaryimage\"},\"thumbnailUrl\":\"https:\\\/\\\/www.artisanlocal.ch\\\/c\\\/wp-content\\\/uploads\\\/2024\\\/11\\\/carreleur.jpg\",\"datePublished\":\"2024-04-20T22:54:59+00:00\",\"dateModified\":\"2025-11-06T11:37:35+00:00\",\"breadcrumb\":{\"@id\":\"https:\\\/\\\/www.artisanlocal.ch\\\/c\\\/entreprise-de-carreaux-dans-le-canton-de-neuchatel\\\/#breadcrumb\"},\"inLanguage\":\"fr-FR\",\"potentialAction\":[{\"@type\":\"ReadAction\",\"target\":[\"https:\\\/\\\/www.artisanlocal.ch\\\/c\\\/entreprise-de-carreaux-dans-le-canton-de-neuchatel\\\/\"]}]},{\"@type\":\"ImageObject\",\"inLanguage\":\"fr-FR\",\"@id\":\"https:\\\/\\\/www.artisanlocal.ch\\\/c\\\/entreprise-de-carreaux-dans-le-canton-de-neuchatel\\\/#primaryimage\",\"url\":\"https:\\\/\\\/www.artisanlocal.ch\\\/c\\\/wp-content\\\/uploads\\\/2024\\\/11\\\/carreleur.jpg\",\"contentUrl\":\"https:\\\/\\\/www.artisanlocal.ch\\\/c\\\/wp-content\\\/uploads\\\/2024\\\/11\\\/carreleur.jpg\",\"width\":1920,\"height\":300},{\"@type\":\"BreadcrumbList\",\"@id\":\"https:\\\/\\\/www.artisanlocal.ch\\\/c\\\/entreprise-de-carreaux-dans-le-canton-de-neuchatel\\\/#breadcrumb\",\"itemListElement\":[{\"@type\":\"ListItem\",\"position\":1,\"name\":\"Accueil\",\"item\":\"https:\\\/\\\/www.artisanlocal.ch\\\/c\\\/\"},{\"@type\":\"ListItem\",\"position\":2,\"name\":\"Entreprise de carreaux dans le canton de Neuch\u00e2tel ?\"}]},{\"@type\":\"WebSite\",\"@id\":\"https:\\\/\\\/www.artisanlocal.ch\\\/c\\\/#website\",\"url\":\"https:\\\/\\\/www.artisanlocal.ch\\\/c\\\/\",\"name\":\"Artisanlocal\",\"description\":\"\",\"publisher\":{\"@id\":\"https:\\\/\\\/www.artisanlocal.ch\\\/c\\\/#organization\"},\"potentialAction\":[{\"@type\":\"SearchAction\",\"target\":{\"@type\":\"EntryPoint\",\"urlTemplate\":\"https:\\\/\\\/www.artisanlocal.ch\\\/c\\\/?s={search_term_string}\"},\"query-input\":{\"@type\":\"PropertyValueSpecification\",\"valueRequired\":true,\"valueName\":\"search_term_string\"}}],\"inLanguage\":\"fr-FR\"},{\"@type\":\"Organization\",\"@id\":\"https:\\\/\\\/www.artisanlocal.ch\\\/c\\\/#organization\",\"name\":\"Artisanlocal\",\"url\":\"https:\\\/\\\/www.artisanlocal.ch\\\/c\\\/\",\"logo\":{\"@type\":\"ImageObject\",\"inLanguage\":\"fr-FR\",\"@id\":\"https:\\\/\\\/www.artisanlocal.ch\\\/c\\\/#\\\/schema\\\/logo\\\/image\\\/\",\"url\":\"https:\\\/\\\/www.artisanlocal.ch\\\/c\\\/wp-content\\\/uploads\\\/2024\\\/02\\\/logo-artisanlocal-h.svg\",\"contentUrl\":\"https:\\\/\\\/www.artisanlocal.ch\\\/c\\\/wp-content\\\/uploads\\\/2024\\\/02\\\/logo-artisanlocal-h.svg\",\"caption\":\"Artisanlocal\"},\"image\":{\"@id\":\"https:\\\/\\\/www.artisanlocal.ch\\\/c\\\/#\\\/schema\\\/logo\\\/image\\\/\"}}]}<\/script>\n<!-- \/ Yoast SEO Premium plugin. -->","yoast_head_json":{"title":"Entreprise de carreaux dans le canton de Neuch\u00e2tel ? - Artisanlocal","robots":{"index":"index","follow":"follow","max-snippet":"max-snippet:-1","max-image-preview":"max-image-preview:large","max-video-preview":"max-video-preview:-1"},"canonical":"https:\/\/www.artisanlocal.ch\/c\/entreprise-de-carreaux-dans-le-canton-de-neuchatel\/","og_locale":"fr_FR","og_type":"article","og_title":"Entreprise de carreaux dans le canton de Neuch\u00e2tel ?","og_description":"Pour obtenir des estimations de prix sur l&rsquo;installation de carrelage, n&rsquo;h\u00e9sitez pas \u00e0 nous contacter. Artisanlocal offre des prestations de pose de carreaux pour r\u00e9pondre \u00e0 tous vos besoins d&rsquo;installation de carreaux classiques, de carreaux de dosseret, de carrelage dans votre salle d&rsquo;eau ou sur votre plancher ! Nous intervenons aussi dans les municipalit\u00e9s \u00e0 [&hellip;]","og_url":"https:\/\/www.artisanlocal.ch\/c\/entreprise-de-carreaux-dans-le-canton-de-neuchatel\/","og_site_name":"Artisanlocal","article_modified_time":"2025-11-06T11:37:35+00:00","og_image":[{"width":1920,"height":300,"url":"https:\/\/www.artisanlocal.ch\/c\/wp-content\/uploads\/2024\/11\/carreleur.jpg","type":"image\/jpeg"}],"twitter_card":"summary_large_image","twitter_misc":{"Dur\u00e9e de lecture estim\u00e9e":"4 minutes"},"schema":{"@context":"https:\/\/schema.org","@graph":[{"@type":"WebPage","@id":"https:\/\/www.artisanlocal.ch\/c\/entreprise-de-carreaux-dans-le-canton-de-neuchatel\/","url":"https:\/\/www.artisanlocal.ch\/c\/entreprise-de-carreaux-dans-le-canton-de-neuchatel\/","name":"Entreprise de carreaux dans le canton de Neuch\u00e2tel ? - Artisanlocal","isPartOf":{"@id":"https:\/\/www.artisanlocal.ch\/c\/#website"},"primaryImageOfPage":{"@id":"https:\/\/www.artisanlocal.ch\/c\/entreprise-de-carreaux-dans-le-canton-de-neuchatel\/#primaryimage"},"image":{"@id":"https:\/\/www.artisanlocal.ch\/c\/entreprise-de-carreaux-dans-le-canton-de-neuchatel\/#primaryimage"},"thumbnailUrl":"https:\/\/www.artisanlocal.ch\/c\/wp-content\/uploads\/2024\/11\/carreleur.jpg","datePublished":"2024-04-20T22:54:59+00:00","dateModified":"2025-11-06T11:37:35+00:00","breadcrumb":{"@id":"https:\/\/www.artisanlocal.ch\/c\/entreprise-de-carreaux-dans-le-canton-de-neuchatel\/#breadcrumb"},"inLanguage":"fr-FR","potentialAction":[{"@type":"ReadAction","target":["https:\/\/www.artisanlocal.ch\/c\/entreprise-de-carreaux-dans-le-canton-de-neuchatel\/"]}]},{"@type":"ImageObject","inLanguage":"fr-FR","@id":"https:\/\/www.artisanlocal.ch\/c\/entreprise-de-carreaux-dans-le-canton-de-neuchatel\/#primaryimage","url":"https:\/\/www.artisanlocal.ch\/c\/wp-content\/uploads\/2024\/11\/carreleur.jpg","contentUrl":"https:\/\/www.artisanlocal.ch\/c\/wp-content\/uploads\/2024\/11\/carreleur.jpg","width":1920,"height":300},{"@type":"BreadcrumbList","@id":"https:\/\/www.artisanlocal.ch\/c\/entreprise-de-carreaux-dans-le-canton-de-neuchatel\/#breadcrumb","itemListElement":[{"@type":"ListItem","position":1,"name":"Accueil","item":"https:\/\/www.artisanlocal.ch\/c\/"},{"@type":"ListItem","position":2,"name":"Entreprise de carreaux dans le canton de Neuch\u00e2tel ?"}]},{"@type":"WebSite","@id":"https:\/\/www.artisanlocal.ch\/c\/#website","url":"https:\/\/www.artisanlocal.ch\/c\/","name":"Artisanlocal","description":"","publisher":{"@id":"https:\/\/www.artisanlocal.ch\/c\/#organization"},"potentialAction":[{"@type":"SearchAction","target":{"@type":"EntryPoint","urlTemplate":"https:\/\/www.artisanlocal.ch\/c\/?s={search_term_string}"},"query-input":{"@type":"PropertyValueSpecification","valueRequired":true,"valueName":"search_term_string"}}],"inLanguage":"fr-FR"},{"@type":"Organization","@id":"https:\/\/www.artisanlocal.ch\/c\/#organization","name":"Artisanlocal","url":"https:\/\/www.artisanlocal.ch\/c\/","logo":{"@type":"ImageObject","inLanguage":"fr-FR","@id":"https:\/\/www.artisanlocal.ch\/c\/#\/schema\/logo\/image\/","url":"https:\/\/www.artisanlocal.ch\/c\/wp-content\/uploads\/2024\/02\/logo-artisanlocal-h.svg","contentUrl":"https:\/\/www.artisanlocal.ch\/c\/wp-content\/uploads\/2024\/02\/logo-artisanlocal-h.svg","caption":"Artisanlocal"},"image":{"@id":"https:\/\/www.artisanlocal.ch\/c\/#\/schema\/logo\/image\/"}}]}},"_links":{"self":[{"href":"https:\/\/www.artisanlocal.ch\/c\/wp-json\/wp\/v2\/pages\/625","targetHints":{"allow":["GET"]}}],"collection":[{"href":"https:\/\/www.artisanlocal.ch\/c\/wp-json\/wp\/v2\/pages"}],"about":[{"href":"https:\/\/www.artisanlocal.ch\/c\/wp-json\/wp\/v2\/types\/page"}],"author":[{"embeddable":true,"href":"https:\/\/www.artisanlocal.ch\/c\/wp-json\/wp\/v2\/users\/4"}],"replies":[{"embeddable":true,"href":"https:\/\/www.artisanlocal.ch\/c\/wp-json\/wp\/v2\/comments?post=625"}],"version-history":[{"count":0,"href":"https:\/\/www.artisanlocal.ch\/c\/wp-json\/wp\/v2\/pages\/625\/revisions"}],"wp:featuredmedia":[{"embeddable":true,"href":"https:\/\/www.artisanlocal.ch\/c\/wp-json\/wp\/v2\/media\/2804"}],"wp:attachment":[{"href":"https:\/\/www.artisanlocal.ch\/c\/wp-json\/wp\/v2\/media?parent=625"}],"wp:term":[{"taxonomy":"profession","embeddable":true,"href":"https:\/\/www.artisanlocal.ch\/c\/wp-json\/wp\/v2\/profession?post=625"},{"taxonomy":"location","embeddable":true,"href":"https:\/\/www.artisanlocal.ch\/c\/wp-json\/wp\/v2\/location?post=625"},{"taxonomy":"canton","embeddable":true,"href":"https:\/\/www.artisanlocal.ch\/c\/wp-json\/wp\/v2\/canton?post=625"}],"curies":[{"name":"wp","href":"https:\/\/api.w.org\/{rel}","templated":true}]}}