{"id":628,"date":"2024-04-18T22:22:21","date_gmt":"2024-04-18T20:22:21","guid":{"rendered":"https:\/\/www.artisanlocal.ch\/c\/jai-besoin-dun-chauffagiste-a-broc\/"},"modified":"2025-10-08T12:10:10","modified_gmt":"2025-10-08T10:10:10","slug":"jai-besoin-dun-chauffagiste-a-broc","status":"publish","type":"page","link":"https:\/\/www.artisanlocal.ch\/c\/jai-besoin-dun-chauffagiste-a-broc\/","title":{"rendered":"Chauffagiste le Broc"},"content":{"rendered":"<p>Besoin d&rsquo;un chauffagiste \u00e0 Broc ? Dans le cas o\u00f9 vous seriez un Brocois, Artisanlocal s&rsquo;occupe de l&rsquo;installation et de la r\u00e9paration de votre syst\u00e8me de chauffage.<\/p>\n\r\n<div class=\"box\">\r\n            <div class=\"company-info\">\r\n            <img decoding=\"async\" class=\"company-info__logo\" src=\"https:\/\/www.artisanlocal.ch\/media\/cache\/thumb\/images\/companies\/646dd2dfa0bac778044369.png\" alt=\"Logo\">\r\n            <h2 class=\"company-info__name\">AQUA Tech 3000 S\u00e0rl<\/h2>\r\n            <p class=\"company-info__business\">Chauffages - Installations sanitaires - Ing\u00e9nierie solaire -Installations solaires - Pompes \u00e0 chaleur - D\u00e9pannage - D\u00e9tartrage - Am\u00e9nagement de salle de bains<\/p>\r\n        <\/div>\r\n        <div class=\"company-contact\">\r\n            <p class=\"company-info__address\">Rue du March\u00e9 36<\/p>\r\n                            <div class=\"links\">\r\n                                            <a class=\"btn has-accent-background-color js-phoneNumber\" href=\"tel:0269120230\" title=\"Appelez\" data-id=\"3385\" data-type=\"11\">026 912 02 30<\/a>\r\n                                                                <a class=\"btn has-accent-background-color\" href=\"http:\/\/www.aquatech3000.ch\/\" target=\"_blank\" title=\"Voir le site internet\" data-id=\"3385\" data-type=\"20\">Site internet<\/a>\r\n                                    <\/div>\r\n                    <\/div>\r\n    \r\n            \r\n<form action=\"https:\/\/www.artisanlocal.ch\/c\/wp-admin\/admin-ajax.php\" method=\"post\" class=\"form-contact\" id=\"artisan_form_contact_company_inline\">\r\n    <div><input type=\"hidden\" name=\"action\" value=\"company_contact\"><\/div>\r\n    <div><input type=\"hidden\" name=\"nonce\" value=\"85ec494698\"><\/div>\r\n    <div><input type=\"hidden\" name=\"company_id\" value=\"3385\"><\/div>\r\n    <div><input type=\"hidden\" name=\"form_id\" value=\"artisan_form_contact_company_inline\"><\/div>\r\n    <div class=\"gglcptch gglcptch_v3 gglcptch_custom\"><input type=\"hidden\" id=\"g-recaptcha-response\" name=\"g-recaptcha-response\" \/><br \/><div class=\"gglcptch_error_text\">La p\u00e9riode de v\u00e9rification reCAPTCHA a expir\u00e9. Veuillez recharger la page.<\/div><\/div>    <div class=\"form-content\">\r\n        <div class=\"form-group\">\r\n            <label for=\"contact_firstName\" class=\"required\">Pr\u00e9nom<\/label>\r\n            <input type=\"text\" name=\"firstName\" class=\"form-control\" required>\r\n        <\/div>\r\n        <div class=\"form-group\">\r\n            <label for=\"contact_lastName\" class=\"required\">Nom<\/label>\r\n            <input type=\"text\" name=\"lastName\" class=\"form-control\" required>\r\n        <\/div>\r\n        <div class=\"form-group\">\r\n            <label for=\"contact_email\" class=\"required\">Email<\/label>\r\n            <input type=\"email\" name=\"email\" class=\"form-control\" required>\r\n        <\/div>\r\n        <div class=\"form-group\">\r\n            <label for=\"contact_phone\" class=\"required\">Num\u00e9ro de t\u00e9l\u00e9phone<\/label>\r\n            <input type=\"tel\" name=\"phone\" class=\"form-control\" placeholder=\"0787117165\" pattern=\"^[0-9]{10}$\" required>\r\n        <\/div>\r\n        <div class=\"form-group\">\r\n            <label for=\"contact_postalCode\" class=\"required\">Code postal et localit\u00e9<\/label>\r\n            <input type=\"text\" name=\"postalCode\" class=\"form-control\" required>\r\n        <\/div>\r\n        <div class=\"form-group\">\r\n            <label for=\"contact_address\" class=\"required\">Adresse<\/label>\r\n            <input type=\"text\" name=\"address\" class=\"form-control\" required>\r\n        <\/div>\r\n        <div class=\"full-width topic\">\r\n            <p class=\"required\">Je souhaite \u00eatre contact\u00e9 pour :<\/p>\r\n            <div class=\"form-check\">\r\n                <input type=\"radio\" name=\"topic\" value=\"D\u00e9pannage\" class=\"form-control\" required>\r\n                <label for=\"d\u00e9pannage\">D\u00e9pannage<\/label>\r\n            <\/div>\r\n            <div class=\"form-check\">\r\n                <input type=\"radio\" name=\"topic\" value=\"Entretien\" class=\"form-control\" required>\r\n                <label for=\"entretien\">Entretien<\/label>\r\n            <\/div>\r\n            <div class=\"form-check\">\r\n                <input type=\"radio\" name=\"topic\" value=\"R\u00e9novation\" class=\"form-control\" required>\r\n                <label for=\"r\u00e9novation\">R\u00e9novation<\/label>\r\n            <\/div>\r\n            <div class=\"form-check\">\r\n                <input type=\"radio\" name=\"topic\" value=\"Autre\" class=\"form-control\" required>\r\n                <label for=\"autre\">Autre<\/label>\r\n            <\/div>\r\n        <\/div>\r\n        <div class=\"form-group full-width\">\r\n            <label for=\"contact_message\">Message<\/label>\r\n            <textarea name=\"message\" rows=\"3\" class=\"form-control\"><\/textarea>\r\n        <\/div>\r\n    <\/div>\r\n    <div class=\"form-actions\">\r\n        <button class=\"wp-block-button__link has-accent-background-color\">Contacter<\/button>\r\n    <\/div>\r\n<\/form>\r\n<div class=\"form-feedback\"><\/div>    <\/div>\n<h2>Pourquoi choisir notre entreprise ?<\/h2>\n<ul>\n<li>Estimation gratuite et rapide de votre projet : une fois que vous nous avez envoy\u00e9 une demande de prise de contact, notre technicien \u00e0 Broc estime et vous livre rapidement un devis gratuit.<\/li>\n<li>Accompagnement personnalis\u00e9 : notre chauffagiste \u00e0 Broc vous aide \u00e0 choisir votre chauffage.<\/li>\n<li>D\u00e9pannage et entretien en urgence : en cas de panne de votre chaudi\u00e8re, chauffe-eau ou syst\u00e8me de chauffage. Notre soci\u00e9t\u00e9 intervient \u00e0 Broc et \u00e0 proximit\u00e9 en urgence.<\/li>\n<\/ul>\n<h2>Pourquoi la maintenance du chauffage est importante ?<\/h2>\n<p>Assurer le fonctionnement optimal de votre \u00e9quipement de chauffage est important, surtout, si vous avez des enfants. Nos techniciens vous aident \u00e0 param\u00e9trer la bonne temp\u00e9rature et le niveau de monoxyde de carbone g\u00e9n\u00e9r\u00e9 par votre chauffage. Peu importe le type de votre syst\u00e8me de chauffage, nos techniciens r\u00e9alisent l&rsquo;entretien et la maintenance, de votre chauffage : \u00e0 accumulation, basse temp\u00e9rature, fioul, condensation, \u00e9lectrique ou \u00e0 gaz.<\/p>\n<h2>Artisanlocal offre-t-il une assistance t\u00e9l\u00e9phonique ?<\/h2>\n<p>Oui, nous sommes en mesure de vous aider par t\u00e9l\u00e9phone. Il suffit de nous d\u00e9crire votre situation pour nous soyons capables d&rsquo;en d\u00e9finir les origines et identifier la solution. Il faut garder \u00e0 l&rsquo;esprit que dans la plupart des situations, un expert doit intervenir chez vous pour analyser et r\u00e9parer le probl\u00e8me.<\/p>\n<h2>Comment fonctionne Artisanlocal ?<\/h2>\n<ol>\n<li>Prise de contact : il est n\u00e9cessaire que vous preniez contact avec nous par t\u00e9l\u00e9phone ou par e-mail.<\/li>\n<li>D\u00e9placement : un de nos techniciens intervient \u00e0 votre domicile.<\/li>\n<li>Estimation : le technicien estimera votre situation actuelle dans le but de d\u00e9terminer le volume de vos pi\u00e8ces, et prendre en compte l&rsquo;isolation existante et la superficie totale.<\/li>\n<li>Avis : nous vous guiderons pour choisir le meilleur syst\u00e8me de chauffage, nous prenons en compte l\u2019efficacit\u00e9 et la rentabilit\u00e9 que vous voulez avoir.<\/li>\n<li>Devis : nous vous fournissons un devis d\u00e9taill\u00e9 avec les divers prix.<\/li>\n<li>Mise en place : une fois que vous avec accept\u00e9 le devis et en fonction de votre agenda, nous installons votre syst\u00e8me de chauffage, et r\u00e9glons votre thermostat.<\/li>\n<\/ol>\n<h2>Quels sont les chauffages les plus performants pour votre propri\u00e9t\u00e9 ?<\/h2>\n<p>Notre expert chauffagiste vous aide pour s\u00e9lectionner la meilleure solution, il vous conseille parmi les chauffages existants, parmi les chauffages : \u00e0 condensation, \u00e9lectriques, \u00e0 gaz, fioul, classiques ou encore basses temp\u00e9ratures.<\/p>\n<p>Les syst\u00e8mes de chauffages \u00e0 condensation ou \u00e0 basse temp\u00e9rature, malgr\u00e9 un co\u00fbt d&rsquo;achat plus important, permettent de r\u00e9aliser des \u00e9conomies sur le long terme.<\/p>\n<p>Note : il faut d\u00e9terminer le bon thermostat avec le technicien.<\/p>\n<h2>Solution de maintenance de votre chauffage \u00e0 Broc<\/h2>\n<p>Vous devez effectuer la r\u00e9vision annuelle de votre chauffage, qu&rsquo;il soit \u00e0 gaz ou au fioul. Entretenir votre chauffage permet de contr\u00f4ler les \u00e9missions de monoxyde de carbone. \u00c0 noter, si votre chauffage g\u00e9n\u00e8re trop de monoxyde de carbone, il est possible de vous intoxiquer (le chauffagiste qui se d\u00e9place \u00e0 votre domicile contr\u00f4le et r\u00e8gle le taux de monoxyde de carbone).<\/p>\n<h2>Contrat d&rsquo;assistance pour votre chauffage \u00e0 Broc<\/h2>\n<p>Pour assurer le bon \u00e9tat de marche de votre chauffage, nous proposons des contrats de maintenance personnalis\u00e9s. Avec un entretien r\u00e9gulier, vous \u00e9conomisez de l&rsquo;argent en anticipant les pannes et les d\u00e9pannages en urgence.<\/p>\n<p>Par ailleurs, si vous avez un sinistre, votre assureur vous demande le contrat de maintenance afin de contr\u00f4ler l&rsquo;\u00e9tat de votre chauffage en amont l&rsquo;accident. Vous pouvez signer avec Artisanlocal un contrat d&rsquo;entretien pluriannuel ou annuel.<\/p>\n<h2>Pourquoi souscrire \u00e0 un forfait d&rsquo;entretien pour votre chauffage ?<\/h2>\n<p>Si vous avez des \u00e9l\u00e9ments d\u00e9fectueux, nous assurons le remplacement imm\u00e9diat. D&rsquo;autre part, nous nous engageons \u00e0 inspecter la totalit\u00e9 de votre chauffage, comme :<\/p>\n<ul>\n<li>La tension dans vos conduits,<\/li>\n<li>les tuyaux de raccordement, et les \u00e9l\u00e9ments chauffants.<\/li>\n<\/ul>\n<h2>Quels sont les diff\u00e9rents services propos\u00e9s par votre soci\u00e9t\u00e9 ?<\/h2>\n<ul>\n<li>Le d\u00e9tartrage et le d\u00e9sembouage de radiateur,<\/li>\n<li>la purge de vos radiateurs,<\/li>\n<li>la maintenance de votre chauffage, chaudi\u00e8re et chauffe-eau,<\/li>\n<li>l&rsquo;ajustement des thermostats,<\/li>\n<li>la maintenance chaudi\u00e8res \u00e0 condensation, \u00e0 gaz, \u00e0 accumulation, \u00e0 fioul, \u00e9lectriques et basses temp\u00e9ratures,<\/li>\n<li>la remise en \u00e9tat de la vanne de purge,<\/li>\n<li>le d\u00e9pannage et la r\u00e9paration sur tous types de pannes : fuite de tuyauterie, radiateur qui ne chauffe plus, chaudi\u00e8re, etc.<\/li>\n<li>la mise en place de votre : chauffage, pompe \u00e0 chaleur, chaudi\u00e8re, radiateur \u00e9lectrique, plancher chauffant, etc.<\/li>\n<\/ul>\n<h2>R\u00e9ponses aux questions fr\u00e9quentes<\/h2>\n<h3>Pourquoi engager un chauffagiste Brocois ?<\/h3>\n<ul>\n<li>Am\u00e9liorer votre confort : un chauffage qui fonctionne correctement permet de maintenir la temp\u00e9rature int\u00e9rieure de votre domicile.<\/li>\n<li>\u00c9conomiser de l&rsquo;argent : en choisissant des mat\u00e9riaux de qualit\u00e9, pour votre chauffage et votre isolation, vous r\u00e9alisez des \u00e9conomies et limiter vos \u00e9missions carbones.<\/li>\n<li>Prot\u00e9ger votre domicile : un bon syst\u00e8me de chauffage permet de r\u00e9pondre aux r\u00e8gles de s\u00e9curit\u00e9 en vigueur (par exemple, pour limiter les taux de monoxyde de carbone).<\/li>\n<li>Pr\u00e9voir les probl\u00e8mes : un chauffagiste pourra anticiper de potentiels dommages, juste en regardant vos installations.<\/li>\n<\/ul>\n<h3>Comment choisir le bon chauffagiste \u00e0 Broc ?<\/h3>\n<ul>\n<li>La qualification : v\u00e9rifiez les certifications t\u00e9moignant que la soci\u00e9t\u00e9 \u00e0 un v\u00e9ritable savoir-faire dans son domaine d&rsquo;expertise.<\/li>\n<li>Les avis clients : prenez le temps de consulter les avis des anciens clients ayant d\u00e9j\u00e0 collabor\u00e9 avec les soci\u00e9t\u00e9s.<\/li>\n<li>Les assurances : v\u00e9rifiez que les experts sont assur\u00e9s en cas de pr\u00e9judices.<\/li>\n<\/ul>\n<h3>Quelle est votre rapidit\u00e9 d&rsquo;intervention \u00e0 Broc ?<\/h3>\n<p>Si vous avez un probl\u00e8me qui demande une intervention en urgence, nous pouvons intervenir dans un d\u00e9lai de deux heures, s&rsquo;il n&rsquo;y a pas de priorit\u00e9 concernant votre demande, nous intervenons en g\u00e9n\u00e9ral durant la journ\u00e9e.<\/p>\n<h3>Votre entreprise est disponible pour agir \u00e0 Broc, mais \u00e9galement dans les villes aux alentours ?<\/h3>\n<p>Oui, nous intervenons \u00e0 Broc et dans les villes aux alentours, comme : Maules, S\u00e2les (Gruy\u00e8re), Romanens, Rueyres-Treyfayes, Treyfayes, Vaulruz, Vuadens, Bulle, Riaz, Marsens, Vuippens, La Roche FR, La Tour-de-Tr\u00eame, Charmey (Gruy\u00e8re), Morlon, Sorens, Gumefens, Avry-devant-Pont, Le Bry, Echarlens, Corbi\u00e8res, Hauteville, Pont-la-Ville, Villarvolard, Botterens, Villarbeney, Ch\u00e2tel-sur-Montsalvens, Cr\u00e9suz, Im Fang, Jaun, Abl\u00e4ndschen, Le P\u00e2quier-Montbarry, Epagny, Gruy\u00e8res, Mol\u00e9son-sur-Gruy\u00e8res, Pringy, Estavannens, Grandvillard, Villars-sous-Mont, Enney, Albeuve, Lessoc, Montbovon, Neirivue, Les Sciernes-d'Albeuve.<\/p>\n","protected":false},"excerpt":{"rendered":"<p>Besoin d&rsquo;un chauffagiste \u00e0 Broc ? Dans le cas o\u00f9 vous seriez un Brocois, Artisanlocal s&rsquo;occupe de l&rsquo;installation et de la r\u00e9paration de votre syst\u00e8me de chauffage. Pourquoi choisir notre entreprise ? Estimation gratuite et rapide de votre projet : une fois que vous nous avez envoy\u00e9 une demande de prise de contact, notre technicien [&hellip;]<\/p>\n","protected":false},"author":4,"featured_media":2757,"parent":0,"menu_order":0,"comment_status":"closed","ping_status":"closed","template":"","meta":{"footnotes":""},"profession":[120],"location":[115],"canton":[109],"class_list":["post-628","page","type-page","status-publish","has-post-thumbnail","hentry","profession-chauffagiste","location-broc","canton-fr"],"yoast_head":"<!-- This site is optimized with the Yoast SEO Premium plugin v25.7.1 (Yoast SEO v27.3) - https:\/\/yoast.com\/product\/yoast-seo-premium-wordpress\/ -->\n<title>Chauffagiste le Broc - Artisanlocal<\/title>\n<meta name=\"robots\" content=\"index, follow, max-snippet:-1, max-image-preview:large, max-video-preview:-1\" \/>\n<link rel=\"canonical\" href=\"https:\/\/www.artisanlocal.ch\/c\/jai-besoin-dun-chauffagiste-a-broc\/\" \/>\n<meta property=\"og:locale\" content=\"fr_FR\" \/>\n<meta property=\"og:type\" content=\"article\" \/>\n<meta property=\"og:title\" content=\"Chauffagiste le Broc\" \/>\n<meta property=\"og:description\" content=\"Besoin d&rsquo;un chauffagiste \u00e0 Broc ? Dans le cas o\u00f9 vous seriez un Brocois, Artisanlocal s&rsquo;occupe de l&rsquo;installation et de la r\u00e9paration de votre syst\u00e8me de chauffage. Pourquoi choisir notre entreprise ? Estimation gratuite et rapide de votre projet : une fois que vous nous avez envoy\u00e9 une demande de prise de contact, notre technicien [&hellip;]\" \/>\n<meta property=\"og:url\" content=\"https:\/\/www.artisanlocal.ch\/c\/jai-besoin-dun-chauffagiste-a-broc\/\" \/>\n<meta property=\"og:site_name\" content=\"Artisanlocal\" \/>\n<meta property=\"article:modified_time\" content=\"2025-10-08T10:10:10+00:00\" \/>\n<meta property=\"og:image\" content=\"https:\/\/www.artisanlocal.ch\/c\/wp-content\/uploads\/2024\/10\/chauffagiste.jpg\" \/>\n\t<meta property=\"og:image:width\" content=\"1920\" \/>\n\t<meta property=\"og:image:height\" content=\"300\" \/>\n\t<meta property=\"og:image:type\" content=\"image\/jpeg\" \/>\n<meta name=\"twitter:card\" content=\"summary_large_image\" \/>\n<meta name=\"twitter:label1\" content=\"Dur\u00e9e de lecture estim\u00e9e\" \/>\n\t<meta name=\"twitter:data1\" content=\"5 minutes\" \/>\n<script type=\"application\/ld+json\" class=\"yoast-schema-graph\">{\"@context\":\"https:\\\/\\\/schema.org\",\"@graph\":[{\"@type\":\"WebPage\",\"@id\":\"https:\\\/\\\/www.artisanlocal.ch\\\/c\\\/jai-besoin-dun-chauffagiste-a-broc\\\/\",\"url\":\"https:\\\/\\\/www.artisanlocal.ch\\\/c\\\/jai-besoin-dun-chauffagiste-a-broc\\\/\",\"name\":\"Chauffagiste le Broc - Artisanlocal\",\"isPartOf\":{\"@id\":\"https:\\\/\\\/www.artisanlocal.ch\\\/c\\\/#website\"},\"primaryImageOfPage\":{\"@id\":\"https:\\\/\\\/www.artisanlocal.ch\\\/c\\\/jai-besoin-dun-chauffagiste-a-broc\\\/#primaryimage\"},\"image\":{\"@id\":\"https:\\\/\\\/www.artisanlocal.ch\\\/c\\\/jai-besoin-dun-chauffagiste-a-broc\\\/#primaryimage\"},\"thumbnailUrl\":\"https:\\\/\\\/www.artisanlocal.ch\\\/c\\\/wp-content\\\/uploads\\\/2024\\\/10\\\/chauffagiste.jpg\",\"datePublished\":\"2024-04-18T20:22:21+00:00\",\"dateModified\":\"2025-10-08T10:10:10+00:00\",\"breadcrumb\":{\"@id\":\"https:\\\/\\\/www.artisanlocal.ch\\\/c\\\/jai-besoin-dun-chauffagiste-a-broc\\\/#breadcrumb\"},\"inLanguage\":\"fr-FR\",\"potentialAction\":[{\"@type\":\"ReadAction\",\"target\":[\"https:\\\/\\\/www.artisanlocal.ch\\\/c\\\/jai-besoin-dun-chauffagiste-a-broc\\\/\"]}]},{\"@type\":\"ImageObject\",\"inLanguage\":\"fr-FR\",\"@id\":\"https:\\\/\\\/www.artisanlocal.ch\\\/c\\\/jai-besoin-dun-chauffagiste-a-broc\\\/#primaryimage\",\"url\":\"https:\\\/\\\/www.artisanlocal.ch\\\/c\\\/wp-content\\\/uploads\\\/2024\\\/10\\\/chauffagiste.jpg\",\"contentUrl\":\"https:\\\/\\\/www.artisanlocal.ch\\\/c\\\/wp-content\\\/uploads\\\/2024\\\/10\\\/chauffagiste.jpg\",\"width\":1920,\"height\":300},{\"@type\":\"BreadcrumbList\",\"@id\":\"https:\\\/\\\/www.artisanlocal.ch\\\/c\\\/jai-besoin-dun-chauffagiste-a-broc\\\/#breadcrumb\",\"itemListElement\":[{\"@type\":\"ListItem\",\"position\":1,\"name\":\"Accueil\",\"item\":\"https:\\\/\\\/www.artisanlocal.ch\\\/c\\\/\"},{\"@type\":\"ListItem\",\"position\":2,\"name\":\"Chauffagiste le Broc\"}]},{\"@type\":\"WebSite\",\"@id\":\"https:\\\/\\\/www.artisanlocal.ch\\\/c\\\/#website\",\"url\":\"https:\\\/\\\/www.artisanlocal.ch\\\/c\\\/\",\"name\":\"Artisanlocal\",\"description\":\"\",\"publisher\":{\"@id\":\"https:\\\/\\\/www.artisanlocal.ch\\\/c\\\/#organization\"},\"potentialAction\":[{\"@type\":\"SearchAction\",\"target\":{\"@type\":\"EntryPoint\",\"urlTemplate\":\"https:\\\/\\\/www.artisanlocal.ch\\\/c\\\/?s={search_term_string}\"},\"query-input\":{\"@type\":\"PropertyValueSpecification\",\"valueRequired\":true,\"valueName\":\"search_term_string\"}}],\"inLanguage\":\"fr-FR\"},{\"@type\":\"Organization\",\"@id\":\"https:\\\/\\\/www.artisanlocal.ch\\\/c\\\/#organization\",\"name\":\"Artisanlocal\",\"url\":\"https:\\\/\\\/www.artisanlocal.ch\\\/c\\\/\",\"logo\":{\"@type\":\"ImageObject\",\"inLanguage\":\"fr-FR\",\"@id\":\"https:\\\/\\\/www.artisanlocal.ch\\\/c\\\/#\\\/schema\\\/logo\\\/image\\\/\",\"url\":\"https:\\\/\\\/www.artisanlocal.ch\\\/c\\\/wp-content\\\/uploads\\\/2024\\\/02\\\/logo-artisanlocal-h.svg\",\"contentUrl\":\"https:\\\/\\\/www.artisanlocal.ch\\\/c\\\/wp-content\\\/uploads\\\/2024\\\/02\\\/logo-artisanlocal-h.svg\",\"caption\":\"Artisanlocal\"},\"image\":{\"@id\":\"https:\\\/\\\/www.artisanlocal.ch\\\/c\\\/#\\\/schema\\\/logo\\\/image\\\/\"}}]}<\/script>\n<!-- \/ Yoast SEO Premium plugin. -->","yoast_head_json":{"title":"Chauffagiste le Broc - Artisanlocal","robots":{"index":"index","follow":"follow","max-snippet":"max-snippet:-1","max-image-preview":"max-image-preview:large","max-video-preview":"max-video-preview:-1"},"canonical":"https:\/\/www.artisanlocal.ch\/c\/jai-besoin-dun-chauffagiste-a-broc\/","og_locale":"fr_FR","og_type":"article","og_title":"Chauffagiste le Broc","og_description":"Besoin d&rsquo;un chauffagiste \u00e0 Broc ? Dans le cas o\u00f9 vous seriez un Brocois, Artisanlocal s&rsquo;occupe de l&rsquo;installation et de la r\u00e9paration de votre syst\u00e8me de chauffage. Pourquoi choisir notre entreprise ? Estimation gratuite et rapide de votre projet : une fois que vous nous avez envoy\u00e9 une demande de prise de contact, notre technicien [&hellip;]","og_url":"https:\/\/www.artisanlocal.ch\/c\/jai-besoin-dun-chauffagiste-a-broc\/","og_site_name":"Artisanlocal","article_modified_time":"2025-10-08T10:10:10+00:00","og_image":[{"width":1920,"height":300,"url":"https:\/\/www.artisanlocal.ch\/c\/wp-content\/uploads\/2024\/10\/chauffagiste.jpg","type":"image\/jpeg"}],"twitter_card":"summary_large_image","twitter_misc":{"Dur\u00e9e de lecture estim\u00e9e":"5 minutes"},"schema":{"@context":"https:\/\/schema.org","@graph":[{"@type":"WebPage","@id":"https:\/\/www.artisanlocal.ch\/c\/jai-besoin-dun-chauffagiste-a-broc\/","url":"https:\/\/www.artisanlocal.ch\/c\/jai-besoin-dun-chauffagiste-a-broc\/","name":"Chauffagiste le Broc - Artisanlocal","isPartOf":{"@id":"https:\/\/www.artisanlocal.ch\/c\/#website"},"primaryImageOfPage":{"@id":"https:\/\/www.artisanlocal.ch\/c\/jai-besoin-dun-chauffagiste-a-broc\/#primaryimage"},"image":{"@id":"https:\/\/www.artisanlocal.ch\/c\/jai-besoin-dun-chauffagiste-a-broc\/#primaryimage"},"thumbnailUrl":"https:\/\/www.artisanlocal.ch\/c\/wp-content\/uploads\/2024\/10\/chauffagiste.jpg","datePublished":"2024-04-18T20:22:21+00:00","dateModified":"2025-10-08T10:10:10+00:00","breadcrumb":{"@id":"https:\/\/www.artisanlocal.ch\/c\/jai-besoin-dun-chauffagiste-a-broc\/#breadcrumb"},"inLanguage":"fr-FR","potentialAction":[{"@type":"ReadAction","target":["https:\/\/www.artisanlocal.ch\/c\/jai-besoin-dun-chauffagiste-a-broc\/"]}]},{"@type":"ImageObject","inLanguage":"fr-FR","@id":"https:\/\/www.artisanlocal.ch\/c\/jai-besoin-dun-chauffagiste-a-broc\/#primaryimage","url":"https:\/\/www.artisanlocal.ch\/c\/wp-content\/uploads\/2024\/10\/chauffagiste.jpg","contentUrl":"https:\/\/www.artisanlocal.ch\/c\/wp-content\/uploads\/2024\/10\/chauffagiste.jpg","width":1920,"height":300},{"@type":"BreadcrumbList","@id":"https:\/\/www.artisanlocal.ch\/c\/jai-besoin-dun-chauffagiste-a-broc\/#breadcrumb","itemListElement":[{"@type":"ListItem","position":1,"name":"Accueil","item":"https:\/\/www.artisanlocal.ch\/c\/"},{"@type":"ListItem","position":2,"name":"Chauffagiste le Broc"}]},{"@type":"WebSite","@id":"https:\/\/www.artisanlocal.ch\/c\/#website","url":"https:\/\/www.artisanlocal.ch\/c\/","name":"Artisanlocal","description":"","publisher":{"@id":"https:\/\/www.artisanlocal.ch\/c\/#organization"},"potentialAction":[{"@type":"SearchAction","target":{"@type":"EntryPoint","urlTemplate":"https:\/\/www.artisanlocal.ch\/c\/?s={search_term_string}"},"query-input":{"@type":"PropertyValueSpecification","valueRequired":true,"valueName":"search_term_string"}}],"inLanguage":"fr-FR"},{"@type":"Organization","@id":"https:\/\/www.artisanlocal.ch\/c\/#organization","name":"Artisanlocal","url":"https:\/\/www.artisanlocal.ch\/c\/","logo":{"@type":"ImageObject","inLanguage":"fr-FR","@id":"https:\/\/www.artisanlocal.ch\/c\/#\/schema\/logo\/image\/","url":"https:\/\/www.artisanlocal.ch\/c\/wp-content\/uploads\/2024\/02\/logo-artisanlocal-h.svg","contentUrl":"https:\/\/www.artisanlocal.ch\/c\/wp-content\/uploads\/2024\/02\/logo-artisanlocal-h.svg","caption":"Artisanlocal"},"image":{"@id":"https:\/\/www.artisanlocal.ch\/c\/#\/schema\/logo\/image\/"}}]}},"_links":{"self":[{"href":"https:\/\/www.artisanlocal.ch\/c\/wp-json\/wp\/v2\/pages\/628","targetHints":{"allow":["GET"]}}],"collection":[{"href":"https:\/\/www.artisanlocal.ch\/c\/wp-json\/wp\/v2\/pages"}],"about":[{"href":"https:\/\/www.artisanlocal.ch\/c\/wp-json\/wp\/v2\/types\/page"}],"author":[{"embeddable":true,"href":"https:\/\/www.artisanlocal.ch\/c\/wp-json\/wp\/v2\/users\/4"}],"replies":[{"embeddable":true,"href":"https:\/\/www.artisanlocal.ch\/c\/wp-json\/wp\/v2\/comments?post=628"}],"version-history":[{"count":0,"href":"https:\/\/www.artisanlocal.ch\/c\/wp-json\/wp\/v2\/pages\/628\/revisions"}],"wp:featuredmedia":[{"embeddable":true,"href":"https:\/\/www.artisanlocal.ch\/c\/wp-json\/wp\/v2\/media\/2757"}],"wp:attachment":[{"href":"https:\/\/www.artisanlocal.ch\/c\/wp-json\/wp\/v2\/media?parent=628"}],"wp:term":[{"taxonomy":"profession","embeddable":true,"href":"https:\/\/www.artisanlocal.ch\/c\/wp-json\/wp\/v2\/profession?post=628"},{"taxonomy":"location","embeddable":true,"href":"https:\/\/www.artisanlocal.ch\/c\/wp-json\/wp\/v2\/location?post=628"},{"taxonomy":"canton","embeddable":true,"href":"https:\/\/www.artisanlocal.ch\/c\/wp-json\/wp\/v2\/canton?post=628"}],"curies":[{"name":"wp","href":"https:\/\/api.w.org\/{rel}","templated":true}]}}