{"id":629,"date":"2024-04-19T10:33:42","date_gmt":"2024-04-19T08:33:42","guid":{"rendered":"https:\/\/www.artisanlocal.ch\/c\/vous-avez-besoin-dun-chauffagiste-a-vuadens\/"},"modified":"2025-08-27T01:32:03","modified_gmt":"2025-08-26T23:32:03","slug":"vous-avez-besoin-dun-chauffagiste-a-vuadens","status":"publish","type":"page","link":"https:\/\/www.artisanlocal.ch\/c\/vous-avez-besoin-dun-chauffagiste-a-vuadens\/","title":{"rendered":"Vous avez besoin d&rsquo;un chauffagiste \u00e0 Vuadens ?"},"content":{"rendered":"<p>Besoin d&rsquo;assistance pour votre chauffage ? ? Artisanlocal r\u00e9nove votre chaudi\u00e8re et r\u00e9alise l&rsquo;installation de votre chauffage \u00e0 Vuadens. En choisissant de travailler avec nous, vous b\u00e9n\u00e9ficiez :<\/p>\n<ul>\n<li>d&rsquo;une tarification d\u00e9taill\u00e9e,<\/li>\n<li>de prestations de haut niveau,<\/li>\n<li>de prestation \u00e0 Vuadens et dans les localit\u00e9s proches,<\/li>\n<li>d&rsquo;une entreprise avec une grande exp\u00e9rience,<\/li>\n<li>de devis sans co\u00fbt,<\/li>\n<li>de techniciens disponibles du lundi au samedi.<\/li>\n<\/ul>\n\r\n<div class=\"box\">\r\n            <div class=\"company-info\">\r\n            <img decoding=\"async\" class=\"company-info__logo\" src=\"https:\/\/www.artisanlocal.ch\/media\/cache\/thumb\/images\/companies\/646dd2dfa0bac778044369.png\" alt=\"Logo\">\r\n            <h2 class=\"company-info__name\">AQUA Tech 3000 S\u00e0rl<\/h2>\r\n            <p class=\"company-info__business\">Chauffages - Installations sanitaires - Ing\u00e9nierie solaire -Installations solaires - Pompes \u00e0 chaleur - D\u00e9pannage - D\u00e9tartrage - Am\u00e9nagement de salle de bains<\/p>\r\n        <\/div>\r\n        <div class=\"company-contact\">\r\n            <p class=\"company-info__address\">Rue du March\u00e9 36<\/p>\r\n                            <div class=\"links\">\r\n                                            <a class=\"btn has-accent-background-color js-phoneNumber\" href=\"tel:0269120230\" title=\"Appelez\" data-id=\"3385\" data-type=\"11\">026 912 02 30<\/a>\r\n                                                                <a class=\"btn has-accent-background-color\" href=\"http:\/\/www.aquatech3000.ch\/\" target=\"_blank\" title=\"Voir le site internet\" data-id=\"3385\" data-type=\"20\">Site internet<\/a>\r\n                                    <\/div>\r\n                    <\/div>\r\n    \r\n            \r\n<form action=\"https:\/\/www.artisanlocal.ch\/c\/wp-admin\/admin-ajax.php\" method=\"post\" class=\"form-contact\" id=\"artisan_form_contact_company_inline\">\r\n    <div><input type=\"hidden\" name=\"action\" value=\"company_contact\"><\/div>\r\n    <div><input type=\"hidden\" name=\"nonce\" value=\"85ec494698\"><\/div>\r\n    <div><input type=\"hidden\" name=\"company_id\" value=\"3385\"><\/div>\r\n    <div><input type=\"hidden\" name=\"form_id\" value=\"artisan_form_contact_company_inline\"><\/div>\r\n    <div class=\"gglcptch gglcptch_v3 gglcptch_custom\"><input type=\"hidden\" id=\"g-recaptcha-response\" name=\"g-recaptcha-response\" \/><br \/><div class=\"gglcptch_error_text\">La p\u00e9riode de v\u00e9rification reCAPTCHA a expir\u00e9. Veuillez recharger la page.<\/div><\/div>    <div class=\"form-content\">\r\n        <div class=\"form-group\">\r\n            <label for=\"contact_firstName\" class=\"required\">Pr\u00e9nom<\/label>\r\n            <input type=\"text\" name=\"firstName\" class=\"form-control\" required>\r\n        <\/div>\r\n        <div class=\"form-group\">\r\n            <label for=\"contact_lastName\" class=\"required\">Nom<\/label>\r\n            <input type=\"text\" name=\"lastName\" class=\"form-control\" required>\r\n        <\/div>\r\n        <div class=\"form-group\">\r\n            <label for=\"contact_email\" class=\"required\">Email<\/label>\r\n            <input type=\"email\" name=\"email\" class=\"form-control\" required>\r\n        <\/div>\r\n        <div class=\"form-group\">\r\n            <label for=\"contact_phone\" class=\"required\">Num\u00e9ro de t\u00e9l\u00e9phone<\/label>\r\n            <input type=\"tel\" name=\"phone\" class=\"form-control\" placeholder=\"0787117165\" pattern=\"^[0-9]{10}$\" required>\r\n        <\/div>\r\n        <div class=\"form-group\">\r\n            <label for=\"contact_postalCode\" class=\"required\">Code postal et localit\u00e9<\/label>\r\n            <input type=\"text\" name=\"postalCode\" class=\"form-control\" required>\r\n        <\/div>\r\n        <div class=\"form-group\">\r\n            <label for=\"contact_address\" class=\"required\">Adresse<\/label>\r\n            <input type=\"text\" name=\"address\" class=\"form-control\" required>\r\n        <\/div>\r\n        <div class=\"full-width topic\">\r\n            <p class=\"required\">Je souhaite \u00eatre contact\u00e9 pour :<\/p>\r\n            <div class=\"form-check\">\r\n                <input type=\"radio\" name=\"topic\" value=\"D\u00e9pannage\" class=\"form-control\" required>\r\n                <label for=\"d\u00e9pannage\">D\u00e9pannage<\/label>\r\n            <\/div>\r\n            <div class=\"form-check\">\r\n                <input type=\"radio\" name=\"topic\" value=\"Entretien\" class=\"form-control\" required>\r\n                <label for=\"entretien\">Entretien<\/label>\r\n            <\/div>\r\n            <div class=\"form-check\">\r\n                <input type=\"radio\" name=\"topic\" value=\"R\u00e9novation\" class=\"form-control\" required>\r\n                <label for=\"r\u00e9novation\">R\u00e9novation<\/label>\r\n            <\/div>\r\n            <div class=\"form-check\">\r\n                <input type=\"radio\" name=\"topic\" value=\"Autre\" class=\"form-control\" required>\r\n                <label for=\"autre\">Autre<\/label>\r\n            <\/div>\r\n        <\/div>\r\n        <div class=\"form-group full-width\">\r\n            <label for=\"contact_message\">Message<\/label>\r\n            <textarea name=\"message\" rows=\"3\" class=\"form-control\"><\/textarea>\r\n        <\/div>\r\n    <\/div>\r\n    <div class=\"form-actions\">\r\n        <button class=\"wp-block-button__link has-accent-background-color\">Contacter<\/button>\r\n    <\/div>\r\n<\/form>\r\n<div class=\"form-feedback\"><\/div>    <\/div>\n<h2>Pourquoi choisir Artisanlocal ?<\/h2>\n<p>\u00c9valuation rapide de votre projet : une fois que nous recevons votre demande de contact, notre chauffagiste \u00e0 Vuadens vous contacte dans la journ\u00e9e.<\/p>\n<p>D\u00e9placement de notre technicien chez vous : notre expert Vuadensois vient chez vous le jour m\u00eame afin d&rsquo;\u00e9valuer le co\u00fbt de votre chantier et v\u00e9rifier la faisabilit\u00e9 de votre projet. Vous obtiendrez un devis et vous pouvez nous poser toutes vos questions.<\/p>\n<p>Mise en place de votre \u00e9quipement de chauffage dans un d\u00e9lai de 24 \u00e0 48 heures : une fois que vous avez valid\u00e9 le devis avec notre chauffagiste \u00e0 Vuadens. Nous programmerons avec vous la date d&rsquo;installation.<\/p>\n<p>D\u00e9pannage et entretien : si votre chauffage, chaudi\u00e8re ou chauffe-eau pr\u00e9sente un dysfonctionnement. Notre entreprise est disponible pour intervenir \u00e0 Vuadens et \u00e9galement dans les localit\u00e9s \u00e0 proximit\u00e9.<\/p>\n<h2>Pourquoi la maintenance du chauffage est importante ?<\/h2>\n<p>Avoir un syst\u00e8me de chauffage qui fonctionne est important, surtout dans les foyers avec des enfants en bas \u00e2ge. Nos experts vous aident \u00e0 ajuster la bonne temp\u00e9rature et le taux de monoxyde de carbone cr\u00e9\u00e9 par votre \u00e9quipement de chauffage. Nos chauffagistes s&rsquo;occupent de la maintenance et l&rsquo;entretien de votre syst\u00e8me de chauffage, peu importe le type : \u00e0 accumulation, basse temp\u00e9rature, \u00e9lectrique, fioul, condensation ou \u00e0 gaz.<\/p>\n<h2>Votre entreprise propose-t-elle une aide t\u00e9l\u00e9phonique ?<\/h2>\n<p>Oui, nous sommes en mesure de vous d\u00e9panner par t\u00e9l\u00e9phone. En nous expliquant votre probl\u00e9matique par mail ou t\u00e9l\u00e9phone, nous trouverons la bonne solution pour r\u00e9gler votre probl\u00e8me. Il faut garder \u00e0 l&rsquo;esprit que dans la plupart des cas, un technicien doit se d\u00e9placer chez vous pour identifier et r\u00e9parer le probl\u00e8me.<\/p>\n<h2>Comment fonctionne Artisanlocal ?<\/h2>\n<ol>\n<li>Premi\u00e8re prise de contact : vous devez nous joindre par mail ou par t\u00e9l\u00e9phone.<\/li>\n<li>Intervention : un de nos techniciens intervient \u00e0 votre domicile.<\/li>\n<li>Estimation : on examinera l&rsquo;\u00e9quipement actuel, la superficie, l&rsquo;isolation et le volume de vos pi\u00e8ces pour estimer et d\u00e9finir la meilleure solution.<\/li>\n<li>Avis : une proposition vous sera propos\u00e9e en fonction de vos besoins et votre budget.<\/li>\n<li>Estimation : nous vous offrons un devis d\u00e9taill\u00e9 avec les diff\u00e9rents co\u00fbts.<\/li>\n<li>Mise en place : apr\u00e8s avoir sign\u00e9 notre estimation, nous effectuons l&rsquo;installation de votre \u00e9quipe de chauffage et param\u00e9trons le thermostat selon vos attentes.<\/li>\n<\/ol>\n<h2>Quels sont les chauffages les plus performants pour votre propri\u00e9t\u00e9 ?<\/h2>\n<p>L&rsquo;expert qui se d\u00e9place dans votre foyer, vous conseille pour choisir le syst\u00e8me de chauffage le plus adapt\u00e9, comme les syst\u00e8mes de chauffages : \u00e0 gaz, \u00e9lectriques, fioul, classiques, basses temp\u00e9ratures ou \u00e0 condensation.<\/p>\n<p>Les chauffages \u00e0 condensation ou basses temp\u00e9ratures valent plus cher \u00e0 l&rsquo;achat, mais ils permettent de faire des \u00e9conomies sur le long terme.<\/p>\n<p>De plus, avant d&rsquo;installer votre chauffage, il convient de param\u00e9trer la bonne temp\u00e9rature selon votre habitation et vos besoins. Ne vous inqui\u00e9tez pas, le technicien qui se rend \u00e0 votre domicile a les connaissances pour r\u00e9gler tous vos probl\u00e8mes. Dans le devis, vous trouvez les d\u00e9tails de notre intervention, comme le montant des \u00e9quipements et de la main-d&rsquo;\u0153uvre.<\/p>\n<h2>Service d&rsquo;entretien pour votre chauffage \u00e0 Vuadens<\/h2>\n<p>Veillez \u00e0 faire l&rsquo;entretien de votre chauffage chaque ann\u00e9e, qu&rsquo;il soit au fioul ou au gaz. L&rsquo;entretien de votre chauffage offre la possibilit\u00e9 de contr\u00f4ler le taux de monoxyde de carbone qui se d\u00e9gage. Pour rappel, si votre chauffage cr\u00e9e beaucoup de monoxyde de carbone, cela peut provoquer une intoxication. En intervenant chez vous, l&rsquo;expert r\u00e8gle et v\u00e9rifie les taux de monoxyde de carbone de votre chauffage afin de vous emp\u00eacher d&rsquo;avoir des probl\u00e8mes de sant\u00e9.<\/p>\n<h2>Contrat de maintenance pour votre chauffage \u00e0 Vuadens<\/h2>\n<p>Pour assurer le fonctionnement optimal de votre chauffage, nous proposons des contrats de maintenance sur mesure. En r\u00e9alisant un entretien r\u00e9gulier, vous r\u00e9alisez des \u00e9conomies sur le long terme.<\/p>\n<p>Par ailleurs, dans le cas o\u00f9 vous auriez un d\u00e9g\u00e2t ou un sinistre, votre assurance vous demande le contrat d&rsquo;entretien afin de v\u00e9rifier l&rsquo;\u00e9tat de votre chauffage en amont l&rsquo;accident. Vous avez le choix de signer avec notre soci\u00e9t\u00e9 un contrat d&rsquo;assistance pluriannuel ou annuel.<\/p>\n<h2>Pourquoi souscrire \u00e0 un forfait d&rsquo;entretien pour votre chauffage ?<\/h2>\n<p>Si vous avez une pi\u00e8ce qui est d\u00e9fectueuse, nous la changeons en urgence, nous nous engageons \u00e0 v\u00e9rifier l&rsquo;ensemble de votre chauffage, comme :<\/p>\n<ul>\n<li>La tension dans vos tuyaux,<\/li>\n<li>le nettoyage des tuyaux de raccordement, et des parties chauffantes.<\/li>\n<\/ul>\n<h2>Quels services propose votre entreprise ?<\/h2>\n<p>Nos chauffagistes se d\u00e9placent \u00e0 votre domicile, pour effectuer :<\/p>\n<ul>\n<li>le d\u00e9sembouage et le d\u00e9tartrage de vos radiateurs,<\/li>\n<li>la purge d&rsquo;air,<\/li>\n<li>l\u2019entretien de votre chauffage, chaudi\u00e8re et chauffe-eau,<\/li>\n<li>l&rsquo;ajustement des thermostats,<\/li>\n<li>l&rsquo;entretien des chaudi\u00e8res \u00e0 condensation, basses temp\u00e9ratures, \u00e0 gaz, \u00e0 fioul, \u00e0 accumulation et \u00e9lectriques,<\/li>\n<li>la restauration de la vanne de purge,<\/li>\n<li>le d\u00e9pannage et la r\u00e9paration sur tous types de pannes : de votre chaudi\u00e8re, fuite de canalisation, radiateur qui ne chauffe plus, etc.<\/li>\n<li>l\u2019installation de votre : chauffage, chaudi\u00e8re, pompe \u00e0 chaleur, radiateur \u00e9lectrique, plancher chauffant, etc.<\/li>\n<\/ul>\n<h2>Foire aux questions<\/h2>\n<h3>Pourquoi embaucher un chauffagiste Vuadensois ?<\/h3>\n<p>Am\u00e9liorer votre confort : un syst\u00e8me de chauffage efficient conserve la temp\u00e9rature de votre logement.<\/p>\n<p>R\u00e9aliser des \u00e9conomies : en choisissant des mat\u00e9riaux de qualit\u00e9, tels que le chauffage et l&rsquo;isolation, vous effectuez des \u00e9conomies et diminuer vos \u00e9missions carbones.<\/p>\n<p>Pr\u00e9server la s\u00fbret\u00e9 de votre chauffage : respecter les normes de s\u00fbret\u00e9 permet de maintenir un chauffage s\u00fbr et efficace (par exemple, pour diminuer les taux de monoxyde de carbone).<\/p>\n<p>Pr\u00e9venir les difficult\u00e9s : en examinant votre installation, un expert peut pr\u00e9voir les futurs ennuis.<\/p>\n<h3>Quels sont les crit\u00e8res \u00e0 prendre en consid\u00e9ration pour choisir le bon technicien chauffagiste \u00e0 Vuadens ?<\/h3>\n<p>La qualification : v\u00e9rifiez les qualifications avant de s\u00e9lectionner l&rsquo;entreprise de chauffage.<\/p>\n<p>Les avis clients : n&rsquo;h\u00e9sitez pas \u00e0 parcourir les t\u00e9moignages des anciens clients ayant d\u00e9j\u00e0 sollicit\u00e9 la soci\u00e9t\u00e9 de fa\u00e7on \u00e0 vous faire une id\u00e9e.<\/p>\n<p>Les assurances : contr\u00f4lez que les techniciens sont assur\u00e9s en cas de dommages.<\/p>\n<h3>Quels sont vos d\u00e9lais pour intervenir \u00e0 mon foyer ?<\/h3>\n<p>Nous op\u00e9rons \u00e0 votre domicile dans un d\u00e9lai de deux heures (pour les situations d&rsquo;urgence) dans le cas contraire, nous pouvons intervenir au cours de la journ\u00e9e.<\/p>\n<h3>Votre entreprise est disponible pour agir \u00e0 Vuadens, mais \u00e9galement dans les communes aux environs ?<\/h3>\n<p>Effectivement, nous r\u00e9alisons nos interventions \u00e0 Vuadens et dans les localit\u00e9s aux alentours, comme : Maules, S\u00e2les (Gruy\u00e8re), Romanens, Rueyres-Treyfayes, Treyfayes, Vaulruz, Bulle, Riaz, Marsens, Vuippens, La Roche FR, La Tour-de-Tr\u00eame, Broc, Charmey (Gruy\u00e8re), Morlon, Sorens, Gumefens, Avry-devant-Pont, Le Bry, Echarlens, Corbi\u00e8res, Hauteville, Pont-la-Ville, Villarvolard, Botterens, Villarbeney, Ch\u00e2tel-sur-Montsalvens, Cr\u00e9suz, Im Fang, Jaun, Abl\u00e4ndschen, Le P\u00e2quier-Montbarry, Epagny, Gruy\u00e8res, Mol\u00e9son-sur-Gruy\u00e8res, Pringy, Estavannens, Grandvillard, Villars-sous-Mont, Enney, Albeuve, Lessoc, Montbovon, Neirivue, Les Sciernes-d'Albeuve.<\/p>\n","protected":false},"excerpt":{"rendered":"<p>Besoin d&rsquo;assistance pour votre chauffage ? ? Artisanlocal r\u00e9nove votre chaudi\u00e8re et r\u00e9alise l&rsquo;installation de votre chauffage \u00e0 Vuadens. En choisissant de travailler avec nous, vous b\u00e9n\u00e9ficiez : d&rsquo;une tarification d\u00e9taill\u00e9e, de prestations de haut niveau, de prestation \u00e0 Vuadens et dans les localit\u00e9s proches, d&rsquo;une entreprise avec une grande exp\u00e9rience, de devis sans co\u00fbt, [&hellip;]<\/p>\n","protected":false},"author":4,"featured_media":2757,"parent":0,"menu_order":0,"comment_status":"closed","ping_status":"closed","template":"","meta":{"footnotes":""},"profession":[120],"location":[107],"canton":[109],"class_list":["post-629","page","type-page","status-publish","has-post-thumbnail","hentry","profession-chauffagiste","location-vuadens","canton-fr"],"yoast_head":"<!-- This site is optimized with the Yoast SEO Premium plugin v25.7.1 (Yoast SEO v27.3) - https:\/\/yoast.com\/product\/yoast-seo-premium-wordpress\/ -->\n<title>Vous avez besoin d&#039;un chauffagiste \u00e0 Vuadens ? - Artisanlocal<\/title>\n<meta name=\"robots\" content=\"index, follow, max-snippet:-1, max-image-preview:large, max-video-preview:-1\" \/>\n<link rel=\"canonical\" href=\"https:\/\/www.artisanlocal.ch\/c\/vous-avez-besoin-dun-chauffagiste-a-vuadens\/\" \/>\n<meta property=\"og:locale\" content=\"fr_FR\" \/>\n<meta property=\"og:type\" content=\"article\" \/>\n<meta property=\"og:title\" content=\"Vous avez besoin d&#039;un chauffagiste \u00e0 Vuadens ?\" \/>\n<meta property=\"og:description\" content=\"Besoin d&rsquo;assistance pour votre chauffage ? ? Artisanlocal r\u00e9nove votre chaudi\u00e8re et r\u00e9alise l&rsquo;installation de votre chauffage \u00e0 Vuadens. En choisissant de travailler avec nous, vous b\u00e9n\u00e9ficiez : d&rsquo;une tarification d\u00e9taill\u00e9e, de prestations de haut niveau, de prestation \u00e0 Vuadens et dans les localit\u00e9s proches, d&rsquo;une entreprise avec une grande exp\u00e9rience, de devis sans co\u00fbt, [&hellip;]\" \/>\n<meta property=\"og:url\" content=\"https:\/\/www.artisanlocal.ch\/c\/vous-avez-besoin-dun-chauffagiste-a-vuadens\/\" \/>\n<meta property=\"og:site_name\" content=\"Artisanlocal\" \/>\n<meta property=\"article:modified_time\" content=\"2025-08-26T23:32:03+00:00\" \/>\n<meta property=\"og:image\" content=\"https:\/\/www.artisanlocal.ch\/c\/wp-content\/uploads\/2024\/10\/chauffagiste.jpg\" \/>\n\t<meta property=\"og:image:width\" content=\"1920\" \/>\n\t<meta property=\"og:image:height\" content=\"300\" \/>\n\t<meta property=\"og:image:type\" content=\"image\/jpeg\" \/>\n<meta name=\"twitter:card\" content=\"summary_large_image\" \/>\n<meta name=\"twitter:label1\" content=\"Dur\u00e9e de lecture estim\u00e9e\" \/>\n\t<meta name=\"twitter:data1\" content=\"6 minutes\" \/>\n<script type=\"application\/ld+json\" class=\"yoast-schema-graph\">{\"@context\":\"https:\\\/\\\/schema.org\",\"@graph\":[{\"@type\":\"WebPage\",\"@id\":\"https:\\\/\\\/www.artisanlocal.ch\\\/c\\\/vous-avez-besoin-dun-chauffagiste-a-vuadens\\\/\",\"url\":\"https:\\\/\\\/www.artisanlocal.ch\\\/c\\\/vous-avez-besoin-dun-chauffagiste-a-vuadens\\\/\",\"name\":\"Vous avez besoin d'un chauffagiste \u00e0 Vuadens ? - Artisanlocal\",\"isPartOf\":{\"@id\":\"https:\\\/\\\/www.artisanlocal.ch\\\/c\\\/#website\"},\"primaryImageOfPage\":{\"@id\":\"https:\\\/\\\/www.artisanlocal.ch\\\/c\\\/vous-avez-besoin-dun-chauffagiste-a-vuadens\\\/#primaryimage\"},\"image\":{\"@id\":\"https:\\\/\\\/www.artisanlocal.ch\\\/c\\\/vous-avez-besoin-dun-chauffagiste-a-vuadens\\\/#primaryimage\"},\"thumbnailUrl\":\"https:\\\/\\\/www.artisanlocal.ch\\\/c\\\/wp-content\\\/uploads\\\/2024\\\/10\\\/chauffagiste.jpg\",\"datePublished\":\"2024-04-19T08:33:42+00:00\",\"dateModified\":\"2025-08-26T23:32:03+00:00\",\"breadcrumb\":{\"@id\":\"https:\\\/\\\/www.artisanlocal.ch\\\/c\\\/vous-avez-besoin-dun-chauffagiste-a-vuadens\\\/#breadcrumb\"},\"inLanguage\":\"fr-FR\",\"potentialAction\":[{\"@type\":\"ReadAction\",\"target\":[\"https:\\\/\\\/www.artisanlocal.ch\\\/c\\\/vous-avez-besoin-dun-chauffagiste-a-vuadens\\\/\"]}]},{\"@type\":\"ImageObject\",\"inLanguage\":\"fr-FR\",\"@id\":\"https:\\\/\\\/www.artisanlocal.ch\\\/c\\\/vous-avez-besoin-dun-chauffagiste-a-vuadens\\\/#primaryimage\",\"url\":\"https:\\\/\\\/www.artisanlocal.ch\\\/c\\\/wp-content\\\/uploads\\\/2024\\\/10\\\/chauffagiste.jpg\",\"contentUrl\":\"https:\\\/\\\/www.artisanlocal.ch\\\/c\\\/wp-content\\\/uploads\\\/2024\\\/10\\\/chauffagiste.jpg\",\"width\":1920,\"height\":300},{\"@type\":\"BreadcrumbList\",\"@id\":\"https:\\\/\\\/www.artisanlocal.ch\\\/c\\\/vous-avez-besoin-dun-chauffagiste-a-vuadens\\\/#breadcrumb\",\"itemListElement\":[{\"@type\":\"ListItem\",\"position\":1,\"name\":\"Accueil\",\"item\":\"https:\\\/\\\/www.artisanlocal.ch\\\/c\\\/\"},{\"@type\":\"ListItem\",\"position\":2,\"name\":\"Vous avez besoin d&rsquo;un chauffagiste \u00e0 Vuadens ?\"}]},{\"@type\":\"WebSite\",\"@id\":\"https:\\\/\\\/www.artisanlocal.ch\\\/c\\\/#website\",\"url\":\"https:\\\/\\\/www.artisanlocal.ch\\\/c\\\/\",\"name\":\"Artisanlocal\",\"description\":\"\",\"publisher\":{\"@id\":\"https:\\\/\\\/www.artisanlocal.ch\\\/c\\\/#organization\"},\"potentialAction\":[{\"@type\":\"SearchAction\",\"target\":{\"@type\":\"EntryPoint\",\"urlTemplate\":\"https:\\\/\\\/www.artisanlocal.ch\\\/c\\\/?s={search_term_string}\"},\"query-input\":{\"@type\":\"PropertyValueSpecification\",\"valueRequired\":true,\"valueName\":\"search_term_string\"}}],\"inLanguage\":\"fr-FR\"},{\"@type\":\"Organization\",\"@id\":\"https:\\\/\\\/www.artisanlocal.ch\\\/c\\\/#organization\",\"name\":\"Artisanlocal\",\"url\":\"https:\\\/\\\/www.artisanlocal.ch\\\/c\\\/\",\"logo\":{\"@type\":\"ImageObject\",\"inLanguage\":\"fr-FR\",\"@id\":\"https:\\\/\\\/www.artisanlocal.ch\\\/c\\\/#\\\/schema\\\/logo\\\/image\\\/\",\"url\":\"https:\\\/\\\/www.artisanlocal.ch\\\/c\\\/wp-content\\\/uploads\\\/2024\\\/02\\\/logo-artisanlocal-h.svg\",\"contentUrl\":\"https:\\\/\\\/www.artisanlocal.ch\\\/c\\\/wp-content\\\/uploads\\\/2024\\\/02\\\/logo-artisanlocal-h.svg\",\"caption\":\"Artisanlocal\"},\"image\":{\"@id\":\"https:\\\/\\\/www.artisanlocal.ch\\\/c\\\/#\\\/schema\\\/logo\\\/image\\\/\"}}]}<\/script>\n<!-- \/ Yoast SEO Premium plugin. -->","yoast_head_json":{"title":"Vous avez besoin d'un chauffagiste \u00e0 Vuadens ? - Artisanlocal","robots":{"index":"index","follow":"follow","max-snippet":"max-snippet:-1","max-image-preview":"max-image-preview:large","max-video-preview":"max-video-preview:-1"},"canonical":"https:\/\/www.artisanlocal.ch\/c\/vous-avez-besoin-dun-chauffagiste-a-vuadens\/","og_locale":"fr_FR","og_type":"article","og_title":"Vous avez besoin d'un chauffagiste \u00e0 Vuadens ?","og_description":"Besoin d&rsquo;assistance pour votre chauffage ? ? Artisanlocal r\u00e9nove votre chaudi\u00e8re et r\u00e9alise l&rsquo;installation de votre chauffage \u00e0 Vuadens. En choisissant de travailler avec nous, vous b\u00e9n\u00e9ficiez : d&rsquo;une tarification d\u00e9taill\u00e9e, de prestations de haut niveau, de prestation \u00e0 Vuadens et dans les localit\u00e9s proches, d&rsquo;une entreprise avec une grande exp\u00e9rience, de devis sans co\u00fbt, [&hellip;]","og_url":"https:\/\/www.artisanlocal.ch\/c\/vous-avez-besoin-dun-chauffagiste-a-vuadens\/","og_site_name":"Artisanlocal","article_modified_time":"2025-08-26T23:32:03+00:00","og_image":[{"width":1920,"height":300,"url":"https:\/\/www.artisanlocal.ch\/c\/wp-content\/uploads\/2024\/10\/chauffagiste.jpg","type":"image\/jpeg"}],"twitter_card":"summary_large_image","twitter_misc":{"Dur\u00e9e de lecture estim\u00e9e":"6 minutes"},"schema":{"@context":"https:\/\/schema.org","@graph":[{"@type":"WebPage","@id":"https:\/\/www.artisanlocal.ch\/c\/vous-avez-besoin-dun-chauffagiste-a-vuadens\/","url":"https:\/\/www.artisanlocal.ch\/c\/vous-avez-besoin-dun-chauffagiste-a-vuadens\/","name":"Vous avez besoin d'un chauffagiste \u00e0 Vuadens ? - Artisanlocal","isPartOf":{"@id":"https:\/\/www.artisanlocal.ch\/c\/#website"},"primaryImageOfPage":{"@id":"https:\/\/www.artisanlocal.ch\/c\/vous-avez-besoin-dun-chauffagiste-a-vuadens\/#primaryimage"},"image":{"@id":"https:\/\/www.artisanlocal.ch\/c\/vous-avez-besoin-dun-chauffagiste-a-vuadens\/#primaryimage"},"thumbnailUrl":"https:\/\/www.artisanlocal.ch\/c\/wp-content\/uploads\/2024\/10\/chauffagiste.jpg","datePublished":"2024-04-19T08:33:42+00:00","dateModified":"2025-08-26T23:32:03+00:00","breadcrumb":{"@id":"https:\/\/www.artisanlocal.ch\/c\/vous-avez-besoin-dun-chauffagiste-a-vuadens\/#breadcrumb"},"inLanguage":"fr-FR","potentialAction":[{"@type":"ReadAction","target":["https:\/\/www.artisanlocal.ch\/c\/vous-avez-besoin-dun-chauffagiste-a-vuadens\/"]}]},{"@type":"ImageObject","inLanguage":"fr-FR","@id":"https:\/\/www.artisanlocal.ch\/c\/vous-avez-besoin-dun-chauffagiste-a-vuadens\/#primaryimage","url":"https:\/\/www.artisanlocal.ch\/c\/wp-content\/uploads\/2024\/10\/chauffagiste.jpg","contentUrl":"https:\/\/www.artisanlocal.ch\/c\/wp-content\/uploads\/2024\/10\/chauffagiste.jpg","width":1920,"height":300},{"@type":"BreadcrumbList","@id":"https:\/\/www.artisanlocal.ch\/c\/vous-avez-besoin-dun-chauffagiste-a-vuadens\/#breadcrumb","itemListElement":[{"@type":"ListItem","position":1,"name":"Accueil","item":"https:\/\/www.artisanlocal.ch\/c\/"},{"@type":"ListItem","position":2,"name":"Vous avez besoin d&rsquo;un chauffagiste \u00e0 Vuadens ?"}]},{"@type":"WebSite","@id":"https:\/\/www.artisanlocal.ch\/c\/#website","url":"https:\/\/www.artisanlocal.ch\/c\/","name":"Artisanlocal","description":"","publisher":{"@id":"https:\/\/www.artisanlocal.ch\/c\/#organization"},"potentialAction":[{"@type":"SearchAction","target":{"@type":"EntryPoint","urlTemplate":"https:\/\/www.artisanlocal.ch\/c\/?s={search_term_string}"},"query-input":{"@type":"PropertyValueSpecification","valueRequired":true,"valueName":"search_term_string"}}],"inLanguage":"fr-FR"},{"@type":"Organization","@id":"https:\/\/www.artisanlocal.ch\/c\/#organization","name":"Artisanlocal","url":"https:\/\/www.artisanlocal.ch\/c\/","logo":{"@type":"ImageObject","inLanguage":"fr-FR","@id":"https:\/\/www.artisanlocal.ch\/c\/#\/schema\/logo\/image\/","url":"https:\/\/www.artisanlocal.ch\/c\/wp-content\/uploads\/2024\/02\/logo-artisanlocal-h.svg","contentUrl":"https:\/\/www.artisanlocal.ch\/c\/wp-content\/uploads\/2024\/02\/logo-artisanlocal-h.svg","caption":"Artisanlocal"},"image":{"@id":"https:\/\/www.artisanlocal.ch\/c\/#\/schema\/logo\/image\/"}}]}},"_links":{"self":[{"href":"https:\/\/www.artisanlocal.ch\/c\/wp-json\/wp\/v2\/pages\/629","targetHints":{"allow":["GET"]}}],"collection":[{"href":"https:\/\/www.artisanlocal.ch\/c\/wp-json\/wp\/v2\/pages"}],"about":[{"href":"https:\/\/www.artisanlocal.ch\/c\/wp-json\/wp\/v2\/types\/page"}],"author":[{"embeddable":true,"href":"https:\/\/www.artisanlocal.ch\/c\/wp-json\/wp\/v2\/users\/4"}],"replies":[{"embeddable":true,"href":"https:\/\/www.artisanlocal.ch\/c\/wp-json\/wp\/v2\/comments?post=629"}],"version-history":[{"count":0,"href":"https:\/\/www.artisanlocal.ch\/c\/wp-json\/wp\/v2\/pages\/629\/revisions"}],"wp:featuredmedia":[{"embeddable":true,"href":"https:\/\/www.artisanlocal.ch\/c\/wp-json\/wp\/v2\/media\/2757"}],"wp:attachment":[{"href":"https:\/\/www.artisanlocal.ch\/c\/wp-json\/wp\/v2\/media?parent=629"}],"wp:term":[{"taxonomy":"profession","embeddable":true,"href":"https:\/\/www.artisanlocal.ch\/c\/wp-json\/wp\/v2\/profession?post=629"},{"taxonomy":"location","embeddable":true,"href":"https:\/\/www.artisanlocal.ch\/c\/wp-json\/wp\/v2\/location?post=629"},{"taxonomy":"canton","embeddable":true,"href":"https:\/\/www.artisanlocal.ch\/c\/wp-json\/wp\/v2\/canton?post=629"}],"curies":[{"name":"wp","href":"https:\/\/api.w.org\/{rel}","templated":true}]}}