{"id":630,"date":"2024-04-19T07:49:51","date_gmt":"2024-04-19T05:49:51","guid":{"rendered":"https:\/\/www.artisanlocal.ch\/c\/jai-besoin-dun-chauffagiste-a-bulle\/"},"modified":"2025-11-21T14:56:44","modified_gmt":"2025-11-21T13:56:44","slug":"jai-besoin-dun-chauffagiste-a-bulle","status":"publish","type":"page","link":"https:\/\/www.artisanlocal.ch\/c\/jai-besoin-dun-chauffagiste-a-bulle\/","title":{"rendered":"Chauffagiste \u00e0 Bulle"},"content":{"rendered":"<p>Vous avez besoin d&rsquo;un chauffagiste \u00e0 Bulle ? Artisanlocal vous aide pour la r\u00e9paration, le d\u00e9pannage et l&rsquo;installation de votre chauffage \u00e0 Bulle.<\/p>\n\r\n<div class=\"box\">\r\n            <div class=\"company-info\">\r\n            <img decoding=\"async\" class=\"company-info__logo\" src=\"https:\/\/www.artisanlocal.ch\/media\/cache\/thumb\/images\/companies\/646dd2dfa0bac778044369.png\" alt=\"Logo\">\r\n            <h2 class=\"company-info__name\">AQUA Tech 3000 S\u00e0rl<\/h2>\r\n            <p class=\"company-info__business\">Chauffages - Installations sanitaires - Ing\u00e9nierie solaire -Installations solaires - Pompes \u00e0 chaleur - D\u00e9pannage - D\u00e9tartrage - Am\u00e9nagement de salle de bains<\/p>\r\n        <\/div>\r\n        <div class=\"company-contact\">\r\n            <p class=\"company-info__address\">Rue du March\u00e9 36<\/p>\r\n                            <div class=\"links\">\r\n                                            <a class=\"btn has-accent-background-color js-phoneNumber\" href=\"tel:0269120230\" title=\"Appelez\" data-id=\"3385\" data-type=\"11\">026 912 02 30<\/a>\r\n                                                                <a class=\"btn has-accent-background-color\" href=\"http:\/\/www.aquatech3000.ch\/\" target=\"_blank\" title=\"Voir le site internet\" data-id=\"3385\" data-type=\"20\">Site internet<\/a>\r\n                                    <\/div>\r\n                    <\/div>\r\n    \r\n            \r\n<form action=\"https:\/\/www.artisanlocal.ch\/c\/wp-admin\/admin-ajax.php\" method=\"post\" class=\"form-contact\" id=\"artisan_form_contact_company_inline\">\r\n    <div><input type=\"hidden\" name=\"action\" value=\"company_contact\"><\/div>\r\n    <div><input type=\"hidden\" name=\"nonce\" value=\"5b0b84f6de\"><\/div>\r\n    <div><input type=\"hidden\" name=\"company_id\" value=\"3385\"><\/div>\r\n    <div><input type=\"hidden\" name=\"form_id\" value=\"artisan_form_contact_company_inline\"><\/div>\r\n    <div class=\"gglcptch gglcptch_v3 gglcptch_custom\"><input type=\"hidden\" id=\"g-recaptcha-response\" name=\"g-recaptcha-response\" \/><br \/><div class=\"gglcptch_error_text\">La p\u00e9riode de v\u00e9rification reCAPTCHA a expir\u00e9. Veuillez recharger la page.<\/div><\/div>    <div class=\"form-content\">\r\n        <div class=\"form-group\">\r\n            <label for=\"contact_firstName\" class=\"required\">Pr\u00e9nom<\/label>\r\n            <input type=\"text\" name=\"firstName\" class=\"form-control\" required>\r\n        <\/div>\r\n        <div class=\"form-group\">\r\n            <label for=\"contact_lastName\" class=\"required\">Nom<\/label>\r\n            <input type=\"text\" name=\"lastName\" class=\"form-control\" required>\r\n        <\/div>\r\n        <div class=\"form-group\">\r\n            <label for=\"contact_email\" class=\"required\">Email<\/label>\r\n            <input type=\"email\" name=\"email\" class=\"form-control\" required>\r\n        <\/div>\r\n        <div class=\"form-group\">\r\n            <label for=\"contact_phone\" class=\"required\">Num\u00e9ro de t\u00e9l\u00e9phone<\/label>\r\n            <input type=\"tel\" name=\"phone\" class=\"form-control\" placeholder=\"0787117165\" pattern=\"^[0-9]{10}$\" required>\r\n        <\/div>\r\n        <div class=\"form-group\">\r\n            <label for=\"contact_postalCode\" class=\"required\">Code postal et localit\u00e9<\/label>\r\n            <input type=\"text\" name=\"postalCode\" class=\"form-control\" required>\r\n        <\/div>\r\n        <div class=\"form-group\">\r\n            <label for=\"contact_address\" class=\"required\">Adresse<\/label>\r\n            <input type=\"text\" name=\"address\" class=\"form-control\" required>\r\n        <\/div>\r\n        <div class=\"full-width topic\">\r\n            <p class=\"required\">Je souhaite \u00eatre contact\u00e9 pour :<\/p>\r\n            <div class=\"form-check\">\r\n                <input type=\"radio\" name=\"topic\" value=\"D\u00e9pannage\" class=\"form-control\" required>\r\n                <label for=\"d\u00e9pannage\">D\u00e9pannage<\/label>\r\n            <\/div>\r\n            <div class=\"form-check\">\r\n                <input type=\"radio\" name=\"topic\" value=\"Entretien\" class=\"form-control\" required>\r\n                <label for=\"entretien\">Entretien<\/label>\r\n            <\/div>\r\n            <div class=\"form-check\">\r\n                <input type=\"radio\" name=\"topic\" value=\"R\u00e9novation\" class=\"form-control\" required>\r\n                <label for=\"r\u00e9novation\">R\u00e9novation<\/label>\r\n            <\/div>\r\n            <div class=\"form-check\">\r\n                <input type=\"radio\" name=\"topic\" value=\"Autre\" class=\"form-control\" required>\r\n                <label for=\"autre\">Autre<\/label>\r\n            <\/div>\r\n        <\/div>\r\n        <div class=\"form-group full-width\">\r\n            <label for=\"contact_message\">Message<\/label>\r\n            <textarea name=\"message\" rows=\"3\" class=\"form-control\"><\/textarea>\r\n        <\/div>\r\n    <\/div>\r\n    <div class=\"form-actions\">\r\n        <button class=\"wp-block-button__link has-accent-background-color\">Contacter<\/button>\r\n    <\/div>\r\n<\/form>\r\n<div class=\"form-feedback\"><\/div>    <\/div>\n<h2>Pourquoi choisir Artisanlocal ?<\/h2>\n<ul>\n<li>Une \u00e9quipe disponible du lundi au samedi.<\/li>\n<li>Entretien et d\u00e9pannage en urgence.<\/li>\n<li>Devis gratuits et d\u00e9taill\u00e9s.<\/li>\n<li>Tarifs transparents.<\/li>\n<li>Entreprise ouverte toute l&rsquo;ann\u00e9e.<\/li>\n<\/ul>\n<h2>Pourquoi la maintenance du chauffage est importante ?<\/h2>\n<p>La maintenance de votre chauffage est importante pour garantir le bon fonctionnement de votre chauffage, c&rsquo;est d&rsquo;autant plus important, si vous avez des jeunes enfants. Notre \u00e9quipe r\u00e8gle la temp\u00e9rature et v\u00e9rifie la concentration de monoxyde de carbone cr\u00e9\u00e9 par votre syst\u00e8me de chauffage. Quel que soit le type de votre chauffage, nos experts assurent la maintenance et l&rsquo;entretien, de votre chauffage.<\/p>\n<h2>Est-il possible que votre entreprise m&rsquo;aide \u00e0 distance ?<\/h2>\n<p>Oui, Artisanlocal peut vous aider \u00e0 distance. En nous d\u00e9crivant votre probl\u00e9matique par mail ou t\u00e9l\u00e9phone, nous trouverons la bonne solution pour r\u00e9gler votre probl\u00e8me. Il faut garder en t\u00eate que dans la plupart des situations, un expert doit intervenir chez vous pour identifier et corriger le probl\u00e8me.<\/p>\n<h2>Quel est le mode de fonctionnement d&rsquo;Artisanlocal ?<\/h2>\n<ol>\n<li>Prise de contact : il est indispensable de nous joindre par t\u00e9l\u00e9phone ou par e-mail.<\/li>\n<li>Intervention : un chauffagiste Bullois se rend directement chez vous.<\/li>\n<li>Estimation : l&rsquo;expert analyse votre \u00e9quipement, la superficie de votre logement, l&rsquo;isolation et le volume de vos pi\u00e8ces pour estimer et trouver la meilleure solution.<\/li>\n<li>Estimation : ensuite, vous recevrez un devis gratuit et d\u00e9taill\u00e9.<\/li>\n<li>Mise en place : apr\u00e8s avoir sign\u00e9 le devis, nous r\u00e9alisons l&rsquo;installation de votre chauffage et ajustons le thermostat par rapport \u00e0 vos demandes.<\/li>\n<\/ol>\n<h2>Quelle est la meilleure solution de chauffage pour un appartement ?<\/h2>\n<p>Le technicien qui se d\u00e9place \u00e0 votre domicile, vous conseille pour choisir le syst\u00e8me de chauffage le plus adapt\u00e9, parmi les chauffages : \u00e0 condensation, \u00e0 gaz, \u00e9lectriques, classiques, fioul ou encore basses temp\u00e9ratures.<\/p>\n<p>Bien que les chauffages \u00e0 basses temp\u00e9ratures ou \u00e0 condensation valent plus cher \u00e0 l&rsquo;achat, ils contribuent \u00e0 r\u00e9aliser des \u00e9conomies sur le long terme.<\/p>\n<h2>Service d&rsquo;entretien pour votre chauffage \u00e0 Bulle<\/h2>\n<p>Il est important d&rsquo;entretenir votre chauffage tous les ans, qu&rsquo;il soit au fioul ou au gaz. Faire appel \u00e0 un expert pour l&rsquo;entretien de votre chauffage permet de mieux contr\u00f4ler les taux de monoxyde de carbone. \u00c0 noter, si votre chauffage cr\u00e9e trop de monoxyde de carbone, il est possible d&rsquo;intoxiquer les membres de votre famille.<\/p>\n<h2>Contrat de maintenance de votre syst\u00e8me de chauffage \u00e0 Bulle<\/h2>\n<p>Pour assurer le bon \u00e9tat de marche de votre chauffage, nous proposons des contrats d&rsquo;entretien. En faisant un entretien r\u00e9gulier, vous \u00e9conomisez de l&rsquo;argent sur le long terme en \u00e9vitant les pannes et d\u00e9pannages en urgence.<\/p>\n<p>De plus, si vous avez un sinistre, votre assurance vous r\u00e9clame le contrat d&rsquo;entretien dans le but de contr\u00f4ler l&rsquo;\u00e9tat de votre chauffage avant l&rsquo;incident. Notre entreprise peut vous proposer des contrats d&rsquo;entretien annuels ou pluriannuels.<\/p>\n<h2>Quels sont les avantages de souscrire \u00e0 un contrat de maintenance ?<\/h2>\n<p>Si vous avez des pi\u00e8ces d\u00e9fectueuses, nous assurons le remplacement rapide. D&rsquo;autre part, nous nous engageons \u00e0 inspecter l&rsquo;ensemble de votre chauffage, comme :<\/p>\n<ul>\n<li>Les niveaux de pression dans vos tuyaux,<\/li>\n<li>l&rsquo;\u00e9tat de votre br\u00fbleur, des conduits de raccordement et des diff\u00e9rents \u00e9l\u00e9ments chauffants.<\/li>\n<\/ul>\n<h2>Quels sont les services que propose Artisanlocal ?<\/h2>\n<ul>\n<li>Le d\u00e9sembouage et le d\u00e9tartrage de vos radiateurs,<\/li>\n<li>la purge de l&rsquo;air de vos radiateurs,<\/li>\n<li>l\u2019entretien de votre chauffage, chaudi\u00e8re et chauffe-eau,<\/li>\n<li>le r\u00e9glage de votre thermostat,<\/li>\n<li>la maintenance des chaudi\u00e8res \u00e0 condensation, basses temp\u00e9ratures, \u00e0 gaz, \u00e0 fioul, \u00e0 accumulation et \u00e9lectriques,<\/li>\n<li>la r\u00e9paration de la vanne de purge,<\/li>\n<li>le d\u00e9pannage et la r\u00e9paration sur tous types de pannes : fuite de tuyauterie, radiateur qui ne marche plus, et chaudi\u00e8re.<\/li>\n<li>l\u2019installation de : chauffage, pompe \u00e0 chaleur, chaudi\u00e8re, radiateur \u00e9lectrique et plancher chauffant.<\/li>\n<\/ul>\n<h2>R\u00e9ponses aux questions fr\u00e9quentes<\/h2>\n<h3>Pourquoi engager un chauffagiste Bullois ?<\/h3>\n<ul>\n<li>Pour garder une bonne temp\u00e9rature ambiante dans vos pi\u00e8ces.<\/li>\n<li>R\u00e9aliser des \u00e9conomies et diminuer vos \u00e9missions de carbone.<\/li>\n<li>Prot\u00e9ger les occupants en limitant le taux de monoxyde de carbone.<\/li>\n<li>Anticiper les futures pannes.<\/li>\n<\/ul>\n<h3>Comment choisir le bon technicien chauffagiste \u00e0 Bulle ?<\/h3>\n<ul>\n<li>V\u00e9rifiez les qualifications avant de choisir l&rsquo;entreprise de chauffage.<\/li>\n<li>Prenez le temps de lire les t\u00e9moignages des clients ayant d\u00e9j\u00e0 travaill\u00e9 avec les entreprises.<\/li>\n<li>Assurez-vous que l&rsquo;entreprise de chauffage dispose d&rsquo;une garantie assurance qui couvre les possibles d\u00e9g\u00e2ts caus\u00e9s lors de ses op\u00e9rations.<\/li>\n<\/ul>\n<h3>Quels sont vos d\u00e9lais pour intervenir \u00e0 mon logement ?<\/h3>\n<p>Pour les demandes urgentes, nous pouvons intervenir dans la journ\u00e9e, autrement, nous pouvons intervenir dans la semaine.<\/p>\n<h3>Intervenez-vous \u00e0 Bulle et \u00e0 proximit\u00e9 ?<\/h3>\n<p>Oui, nous intervenons \u00e0 Bulle et dans les villes aux environs, comme : Maules, S\u00e2les (Gruy\u00e8re), Romanens, Rueyres-Treyfayes, Treyfayes, Vaulruz, Vuadens, Riaz, Marsens, Vuippens, La Roche FR, La Tour-de-Tr\u00eame, Broc, Charmey (Gruy\u00e8re), Morlon, Sorens, Gumefens, Avry-devant-Pont, Le Bry, Echarlens, Corbi\u00e8res, Hauteville, Pont-la-Ville, Villarvolard, Botterens, Villarbeney, Ch\u00e2tel-sur-Montsalvens, Cr\u00e9suz, Im Fang, Jaun, Abl\u00e4ndschen, Le P\u00e2quier-Montbarry, Epagny, Gruy\u00e8res, Mol\u00e9son-sur-Gruy\u00e8res, Pringy, Estavannens, Grandvillard, Villars-sous-Mont, Enney, Albeuve, Lessoc, Montbovon, Neirivue, Les Sciernes-d'Albeuve.<\/p>\n","protected":false},"excerpt":{"rendered":"<p>Vous avez besoin d&rsquo;un chauffagiste \u00e0 Bulle ? Artisanlocal vous aide pour la r\u00e9paration, le d\u00e9pannage et l&rsquo;installation de votre chauffage \u00e0 Bulle. Pourquoi choisir Artisanlocal ? Une \u00e9quipe disponible du lundi au samedi. Entretien et d\u00e9pannage en urgence. Devis gratuits et d\u00e9taill\u00e9s. Tarifs transparents. Entreprise ouverte toute l&rsquo;ann\u00e9e. Pourquoi la maintenance du chauffage est [&hellip;]<\/p>\n","protected":false},"author":4,"featured_media":2757,"parent":0,"menu_order":0,"comment_status":"closed","ping_status":"closed","template":"","meta":{"footnotes":""},"profession":[120],"location":[58],"canton":[109],"class_list":["post-630","page","type-page","status-publish","has-post-thumbnail","hentry","profession-chauffagiste","location-bulle","canton-fr"],"yoast_head":"<!-- This site is optimized with the Yoast SEO Premium plugin v25.7.1 (Yoast SEO v27.4) - https:\/\/yoast.com\/product\/yoast-seo-premium-wordpress\/ -->\n<title>Chauffagiste \u00e0 Bulle - Artisanlocal<\/title>\n<meta name=\"robots\" content=\"index, follow, max-snippet:-1, max-image-preview:large, max-video-preview:-1\" \/>\n<link rel=\"canonical\" href=\"https:\/\/www.artisanlocal.ch\/c\/jai-besoin-dun-chauffagiste-a-bulle\/\" \/>\n<meta property=\"og:locale\" content=\"fr_FR\" \/>\n<meta property=\"og:type\" content=\"article\" \/>\n<meta property=\"og:title\" content=\"Chauffagiste \u00e0 Bulle\" \/>\n<meta property=\"og:description\" content=\"Vous avez besoin d&rsquo;un chauffagiste \u00e0 Bulle ? Artisanlocal vous aide pour la r\u00e9paration, le d\u00e9pannage et l&rsquo;installation de votre chauffage \u00e0 Bulle. Pourquoi choisir Artisanlocal ? Une \u00e9quipe disponible du lundi au samedi. Entretien et d\u00e9pannage en urgence. Devis gratuits et d\u00e9taill\u00e9s. Tarifs transparents. Entreprise ouverte toute l&rsquo;ann\u00e9e. Pourquoi la maintenance du chauffage est [&hellip;]\" \/>\n<meta property=\"og:url\" content=\"https:\/\/www.artisanlocal.ch\/c\/jai-besoin-dun-chauffagiste-a-bulle\/\" \/>\n<meta property=\"og:site_name\" content=\"Artisanlocal\" \/>\n<meta property=\"article:modified_time\" content=\"2025-11-21T13:56:44+00:00\" \/>\n<meta property=\"og:image\" content=\"https:\/\/www.artisanlocal.ch\/c\/wp-content\/uploads\/2024\/10\/chauffagiste.jpg\" \/>\n\t<meta property=\"og:image:width\" content=\"1920\" \/>\n\t<meta property=\"og:image:height\" content=\"300\" \/>\n\t<meta property=\"og:image:type\" content=\"image\/jpeg\" \/>\n<meta name=\"twitter:card\" content=\"summary_large_image\" \/>\n<meta name=\"twitter:label1\" content=\"Dur\u00e9e de lecture estim\u00e9e\" \/>\n\t<meta name=\"twitter:data1\" content=\"5 minutes\" \/>\n<script type=\"application\/ld+json\" class=\"yoast-schema-graph\">{\"@context\":\"https:\\\/\\\/schema.org\",\"@graph\":[{\"@type\":\"WebPage\",\"@id\":\"https:\\\/\\\/www.artisanlocal.ch\\\/c\\\/jai-besoin-dun-chauffagiste-a-bulle\\\/\",\"url\":\"https:\\\/\\\/www.artisanlocal.ch\\\/c\\\/jai-besoin-dun-chauffagiste-a-bulle\\\/\",\"name\":\"Chauffagiste \u00e0 Bulle - Artisanlocal\",\"isPartOf\":{\"@id\":\"https:\\\/\\\/www.artisanlocal.ch\\\/c\\\/#website\"},\"primaryImageOfPage\":{\"@id\":\"https:\\\/\\\/www.artisanlocal.ch\\\/c\\\/jai-besoin-dun-chauffagiste-a-bulle\\\/#primaryimage\"},\"image\":{\"@id\":\"https:\\\/\\\/www.artisanlocal.ch\\\/c\\\/jai-besoin-dun-chauffagiste-a-bulle\\\/#primaryimage\"},\"thumbnailUrl\":\"https:\\\/\\\/www.artisanlocal.ch\\\/c\\\/wp-content\\\/uploads\\\/2024\\\/10\\\/chauffagiste.jpg\",\"datePublished\":\"2024-04-19T05:49:51+00:00\",\"dateModified\":\"2025-11-21T13:56:44+00:00\",\"breadcrumb\":{\"@id\":\"https:\\\/\\\/www.artisanlocal.ch\\\/c\\\/jai-besoin-dun-chauffagiste-a-bulle\\\/#breadcrumb\"},\"inLanguage\":\"fr-FR\",\"potentialAction\":[{\"@type\":\"ReadAction\",\"target\":[\"https:\\\/\\\/www.artisanlocal.ch\\\/c\\\/jai-besoin-dun-chauffagiste-a-bulle\\\/\"]}]},{\"@type\":\"ImageObject\",\"inLanguage\":\"fr-FR\",\"@id\":\"https:\\\/\\\/www.artisanlocal.ch\\\/c\\\/jai-besoin-dun-chauffagiste-a-bulle\\\/#primaryimage\",\"url\":\"https:\\\/\\\/www.artisanlocal.ch\\\/c\\\/wp-content\\\/uploads\\\/2024\\\/10\\\/chauffagiste.jpg\",\"contentUrl\":\"https:\\\/\\\/www.artisanlocal.ch\\\/c\\\/wp-content\\\/uploads\\\/2024\\\/10\\\/chauffagiste.jpg\",\"width\":1920,\"height\":300},{\"@type\":\"BreadcrumbList\",\"@id\":\"https:\\\/\\\/www.artisanlocal.ch\\\/c\\\/jai-besoin-dun-chauffagiste-a-bulle\\\/#breadcrumb\",\"itemListElement\":[{\"@type\":\"ListItem\",\"position\":1,\"name\":\"Accueil\",\"item\":\"https:\\\/\\\/www.artisanlocal.ch\\\/c\\\/\"},{\"@type\":\"ListItem\",\"position\":2,\"name\":\"Chauffagiste \u00e0 Bulle\"}]},{\"@type\":\"WebSite\",\"@id\":\"https:\\\/\\\/www.artisanlocal.ch\\\/c\\\/#website\",\"url\":\"https:\\\/\\\/www.artisanlocal.ch\\\/c\\\/\",\"name\":\"Artisanlocal\",\"description\":\"\",\"publisher\":{\"@id\":\"https:\\\/\\\/www.artisanlocal.ch\\\/c\\\/#organization\"},\"potentialAction\":[{\"@type\":\"SearchAction\",\"target\":{\"@type\":\"EntryPoint\",\"urlTemplate\":\"https:\\\/\\\/www.artisanlocal.ch\\\/c\\\/?s={search_term_string}\"},\"query-input\":{\"@type\":\"PropertyValueSpecification\",\"valueRequired\":true,\"valueName\":\"search_term_string\"}}],\"inLanguage\":\"fr-FR\"},{\"@type\":\"Organization\",\"@id\":\"https:\\\/\\\/www.artisanlocal.ch\\\/c\\\/#organization\",\"name\":\"Artisanlocal\",\"url\":\"https:\\\/\\\/www.artisanlocal.ch\\\/c\\\/\",\"logo\":{\"@type\":\"ImageObject\",\"inLanguage\":\"fr-FR\",\"@id\":\"https:\\\/\\\/www.artisanlocal.ch\\\/c\\\/#\\\/schema\\\/logo\\\/image\\\/\",\"url\":\"https:\\\/\\\/www.artisanlocal.ch\\\/c\\\/wp-content\\\/uploads\\\/2024\\\/02\\\/logo-artisanlocal-h.svg\",\"contentUrl\":\"https:\\\/\\\/www.artisanlocal.ch\\\/c\\\/wp-content\\\/uploads\\\/2024\\\/02\\\/logo-artisanlocal-h.svg\",\"caption\":\"Artisanlocal\"},\"image\":{\"@id\":\"https:\\\/\\\/www.artisanlocal.ch\\\/c\\\/#\\\/schema\\\/logo\\\/image\\\/\"}}]}<\/script>\n<!-- \/ Yoast SEO Premium plugin. -->","yoast_head_json":{"title":"Chauffagiste \u00e0 Bulle - Artisanlocal","robots":{"index":"index","follow":"follow","max-snippet":"max-snippet:-1","max-image-preview":"max-image-preview:large","max-video-preview":"max-video-preview:-1"},"canonical":"https:\/\/www.artisanlocal.ch\/c\/jai-besoin-dun-chauffagiste-a-bulle\/","og_locale":"fr_FR","og_type":"article","og_title":"Chauffagiste \u00e0 Bulle","og_description":"Vous avez besoin d&rsquo;un chauffagiste \u00e0 Bulle ? Artisanlocal vous aide pour la r\u00e9paration, le d\u00e9pannage et l&rsquo;installation de votre chauffage \u00e0 Bulle. Pourquoi choisir Artisanlocal ? Une \u00e9quipe disponible du lundi au samedi. Entretien et d\u00e9pannage en urgence. Devis gratuits et d\u00e9taill\u00e9s. Tarifs transparents. Entreprise ouverte toute l&rsquo;ann\u00e9e. Pourquoi la maintenance du chauffage est [&hellip;]","og_url":"https:\/\/www.artisanlocal.ch\/c\/jai-besoin-dun-chauffagiste-a-bulle\/","og_site_name":"Artisanlocal","article_modified_time":"2025-11-21T13:56:44+00:00","og_image":[{"width":1920,"height":300,"url":"https:\/\/www.artisanlocal.ch\/c\/wp-content\/uploads\/2024\/10\/chauffagiste.jpg","type":"image\/jpeg"}],"twitter_card":"summary_large_image","twitter_misc":{"Dur\u00e9e de lecture estim\u00e9e":"5 minutes"},"schema":{"@context":"https:\/\/schema.org","@graph":[{"@type":"WebPage","@id":"https:\/\/www.artisanlocal.ch\/c\/jai-besoin-dun-chauffagiste-a-bulle\/","url":"https:\/\/www.artisanlocal.ch\/c\/jai-besoin-dun-chauffagiste-a-bulle\/","name":"Chauffagiste \u00e0 Bulle - Artisanlocal","isPartOf":{"@id":"https:\/\/www.artisanlocal.ch\/c\/#website"},"primaryImageOfPage":{"@id":"https:\/\/www.artisanlocal.ch\/c\/jai-besoin-dun-chauffagiste-a-bulle\/#primaryimage"},"image":{"@id":"https:\/\/www.artisanlocal.ch\/c\/jai-besoin-dun-chauffagiste-a-bulle\/#primaryimage"},"thumbnailUrl":"https:\/\/www.artisanlocal.ch\/c\/wp-content\/uploads\/2024\/10\/chauffagiste.jpg","datePublished":"2024-04-19T05:49:51+00:00","dateModified":"2025-11-21T13:56:44+00:00","breadcrumb":{"@id":"https:\/\/www.artisanlocal.ch\/c\/jai-besoin-dun-chauffagiste-a-bulle\/#breadcrumb"},"inLanguage":"fr-FR","potentialAction":[{"@type":"ReadAction","target":["https:\/\/www.artisanlocal.ch\/c\/jai-besoin-dun-chauffagiste-a-bulle\/"]}]},{"@type":"ImageObject","inLanguage":"fr-FR","@id":"https:\/\/www.artisanlocal.ch\/c\/jai-besoin-dun-chauffagiste-a-bulle\/#primaryimage","url":"https:\/\/www.artisanlocal.ch\/c\/wp-content\/uploads\/2024\/10\/chauffagiste.jpg","contentUrl":"https:\/\/www.artisanlocal.ch\/c\/wp-content\/uploads\/2024\/10\/chauffagiste.jpg","width":1920,"height":300},{"@type":"BreadcrumbList","@id":"https:\/\/www.artisanlocal.ch\/c\/jai-besoin-dun-chauffagiste-a-bulle\/#breadcrumb","itemListElement":[{"@type":"ListItem","position":1,"name":"Accueil","item":"https:\/\/www.artisanlocal.ch\/c\/"},{"@type":"ListItem","position":2,"name":"Chauffagiste \u00e0 Bulle"}]},{"@type":"WebSite","@id":"https:\/\/www.artisanlocal.ch\/c\/#website","url":"https:\/\/www.artisanlocal.ch\/c\/","name":"Artisanlocal","description":"","publisher":{"@id":"https:\/\/www.artisanlocal.ch\/c\/#organization"},"potentialAction":[{"@type":"SearchAction","target":{"@type":"EntryPoint","urlTemplate":"https:\/\/www.artisanlocal.ch\/c\/?s={search_term_string}"},"query-input":{"@type":"PropertyValueSpecification","valueRequired":true,"valueName":"search_term_string"}}],"inLanguage":"fr-FR"},{"@type":"Organization","@id":"https:\/\/www.artisanlocal.ch\/c\/#organization","name":"Artisanlocal","url":"https:\/\/www.artisanlocal.ch\/c\/","logo":{"@type":"ImageObject","inLanguage":"fr-FR","@id":"https:\/\/www.artisanlocal.ch\/c\/#\/schema\/logo\/image\/","url":"https:\/\/www.artisanlocal.ch\/c\/wp-content\/uploads\/2024\/02\/logo-artisanlocal-h.svg","contentUrl":"https:\/\/www.artisanlocal.ch\/c\/wp-content\/uploads\/2024\/02\/logo-artisanlocal-h.svg","caption":"Artisanlocal"},"image":{"@id":"https:\/\/www.artisanlocal.ch\/c\/#\/schema\/logo\/image\/"}}]}},"_links":{"self":[{"href":"https:\/\/www.artisanlocal.ch\/c\/wp-json\/wp\/v2\/pages\/630","targetHints":{"allow":["GET"]}}],"collection":[{"href":"https:\/\/www.artisanlocal.ch\/c\/wp-json\/wp\/v2\/pages"}],"about":[{"href":"https:\/\/www.artisanlocal.ch\/c\/wp-json\/wp\/v2\/types\/page"}],"author":[{"embeddable":true,"href":"https:\/\/www.artisanlocal.ch\/c\/wp-json\/wp\/v2\/users\/4"}],"replies":[{"embeddable":true,"href":"https:\/\/www.artisanlocal.ch\/c\/wp-json\/wp\/v2\/comments?post=630"}],"version-history":[{"count":0,"href":"https:\/\/www.artisanlocal.ch\/c\/wp-json\/wp\/v2\/pages\/630\/revisions"}],"wp:featuredmedia":[{"embeddable":true,"href":"https:\/\/www.artisanlocal.ch\/c\/wp-json\/wp\/v2\/media\/2757"}],"wp:attachment":[{"href":"https:\/\/www.artisanlocal.ch\/c\/wp-json\/wp\/v2\/media?parent=630"}],"wp:term":[{"taxonomy":"profession","embeddable":true,"href":"https:\/\/www.artisanlocal.ch\/c\/wp-json\/wp\/v2\/profession?post=630"},{"taxonomy":"location","embeddable":true,"href":"https:\/\/www.artisanlocal.ch\/c\/wp-json\/wp\/v2\/location?post=630"},{"taxonomy":"canton","embeddable":true,"href":"https:\/\/www.artisanlocal.ch\/c\/wp-json\/wp\/v2\/canton?post=630"}],"curies":[{"name":"wp","href":"https:\/\/api.w.org\/{rel}","templated":true}]}}