{"id":632,"date":"2024-04-18T22:13:47","date_gmt":"2024-04-18T20:13:47","guid":{"rendered":"https:\/\/www.artisanlocal.ch\/c\/chauffagiste-a-romont\/"},"modified":"2025-11-07T10:52:33","modified_gmt":"2025-11-07T09:52:33","slug":"chauffagiste-a-romont","status":"publish","type":"page","link":"https:\/\/www.artisanlocal.ch\/c\/chauffagiste-a-romont\/","title":{"rendered":"Chauffagiste \u00e0 Romont FR"},"content":{"rendered":"<p>Vous recherchez un chauffagiste \u00e0 Romont FR ? Artisanlocal assure la r\u00e9paration de votre chauffage et effectue vos travaux de chauffage \u00e0 Romont FR.\u00a0<\/p>\n\r\n<div class=\"box\">\r\n            <div class=\"company-info\">\r\n            <img decoding=\"async\" class=\"company-info__logo\" src=\"https:\/\/www.artisanlocal.ch\/media\/cache\/thumb\/images\/companies\/68adb291661be133414561.png\" alt=\"Logo\">\r\n            <h2 class=\"company-info__name\">Lagger SA<\/h2>\r\n            <p class=\"company-info__business\">Chauffage - Ventilation - Sanitaire - Entretien - D\u00e9pannage - Services<\/p>\r\n        <\/div>\r\n        <div class=\"company-contact\">\r\n            <p class=\"company-info__address\">Route de Raboud 9<\/p>\r\n                            <div class=\"links\">\r\n                                            <a class=\"btn has-accent-background-color js-phoneNumber\" href=\"tel:0266522811\" title=\"Appelez\" data-id=\"3476\" data-type=\"11\">026 652 28 11<\/a>\r\n                                                                <a class=\"btn has-accent-background-color\" href=\"https:\/\/laggersa.ch\/\" target=\"_blank\" title=\"Voir le site internet\" data-id=\"3476\" data-type=\"20\">Site internet<\/a>\r\n                                    <\/div>\r\n                    <\/div>\r\n    \r\n            \r\n<form action=\"https:\/\/www.artisanlocal.ch\/c\/wp-admin\/admin-ajax.php\" method=\"post\" class=\"form-contact\" id=\"artisan_form_contact_company_inline\">\r\n    <div><input type=\"hidden\" name=\"action\" value=\"company_contact\"><\/div>\r\n    <div><input type=\"hidden\" name=\"nonce\" value=\"85ec494698\"><\/div>\r\n    <div><input type=\"hidden\" name=\"company_id\" value=\"3476\"><\/div>\r\n    <div><input type=\"hidden\" name=\"form_id\" value=\"artisan_form_contact_company_inline\"><\/div>\r\n    <div class=\"gglcptch gglcptch_v3 gglcptch_custom\"><input type=\"hidden\" id=\"g-recaptcha-response\" name=\"g-recaptcha-response\" \/><br \/><div class=\"gglcptch_error_text\">La p\u00e9riode de v\u00e9rification reCAPTCHA a expir\u00e9. Veuillez recharger la page.<\/div><\/div>    <div class=\"form-content\">\r\n        <div class=\"form-group\">\r\n            <label for=\"contact_firstName\" class=\"required\">Pr\u00e9nom<\/label>\r\n            <input type=\"text\" name=\"firstName\" class=\"form-control\" required>\r\n        <\/div>\r\n        <div class=\"form-group\">\r\n            <label for=\"contact_lastName\" class=\"required\">Nom<\/label>\r\n            <input type=\"text\" name=\"lastName\" class=\"form-control\" required>\r\n        <\/div>\r\n        <div class=\"form-group\">\r\n            <label for=\"contact_email\" class=\"required\">Email<\/label>\r\n            <input type=\"email\" name=\"email\" class=\"form-control\" required>\r\n        <\/div>\r\n        <div class=\"form-group\">\r\n            <label for=\"contact_phone\" class=\"required\">Num\u00e9ro de t\u00e9l\u00e9phone<\/label>\r\n            <input type=\"tel\" name=\"phone\" class=\"form-control\" placeholder=\"0787117165\" pattern=\"^[0-9]{10}$\" required>\r\n        <\/div>\r\n        <div class=\"form-group\">\r\n            <label for=\"contact_postalCode\" class=\"required\">Code postal et localit\u00e9<\/label>\r\n            <input type=\"text\" name=\"postalCode\" class=\"form-control\" required>\r\n        <\/div>\r\n        <div class=\"form-group\">\r\n            <label for=\"contact_address\" class=\"required\">Adresse<\/label>\r\n            <input type=\"text\" name=\"address\" class=\"form-control\" required>\r\n        <\/div>\r\n        <div class=\"full-width topic\">\r\n            <p class=\"required\">Je souhaite \u00eatre contact\u00e9 pour :<\/p>\r\n            <div class=\"form-check\">\r\n                <input type=\"radio\" name=\"topic\" value=\"D\u00e9pannage\" class=\"form-control\" required>\r\n                <label for=\"d\u00e9pannage\">D\u00e9pannage<\/label>\r\n            <\/div>\r\n            <div class=\"form-check\">\r\n                <input type=\"radio\" name=\"topic\" value=\"Entretien\" class=\"form-control\" required>\r\n                <label for=\"entretien\">Entretien<\/label>\r\n            <\/div>\r\n            <div class=\"form-check\">\r\n                <input type=\"radio\" name=\"topic\" value=\"R\u00e9novation\" class=\"form-control\" required>\r\n                <label for=\"r\u00e9novation\">R\u00e9novation<\/label>\r\n            <\/div>\r\n            <div class=\"form-check\">\r\n                <input type=\"radio\" name=\"topic\" value=\"Autre\" class=\"form-control\" required>\r\n                <label for=\"autre\">Autre<\/label>\r\n            <\/div>\r\n        <\/div>\r\n        <div class=\"form-group full-width\">\r\n            <label for=\"contact_message\">Message<\/label>\r\n            <textarea name=\"message\" rows=\"3\" class=\"form-control\"><\/textarea>\r\n        <\/div>\r\n    <\/div>\r\n    <div class=\"form-actions\">\r\n        <button class=\"wp-block-button__link has-accent-background-color\">Contacter<\/button>\r\n    <\/div>\r\n<\/form>\r\n<div class=\"form-feedback\"><\/div>    <\/div>\n<h2>Pourquoi travailler avec Artisanlocal.ch ?<\/h2>\n<ul>\n<li>Techniciens disponibles 7j sur 7.\u00a0<\/li>\n<li>Devis gratuits.<\/li>\n<li>Tarifs transparents et comp\u00e9titifs.<\/li>\n<li>Intervention en urgence.<\/li>\n<li>Entretien annuel.\u00a0<\/li>\n<\/ul>\n<h2>Pourquoi la maintenance de votre chauffage est importante ?<\/h2>\n<p>Garantir le bon fonctionnement de votre chauffage est important, si vous avez des enfants. Notre entreprise vous aide \u00e0 d\u00e9finir la bonne temp\u00e9rature et v\u00e9rifie le taux de monoxyde de carbone g\u00e9n\u00e9r\u00e9 par votre chauffage. Nos chauffagistes s&rsquo;occupent de l&rsquo;entretien de votre chauffage, peu importe le type : \u00e0 accumulation, basse temp\u00e9rature, \u00e9lectrique, fioul, condensation ou \u00e0 gaz.<\/p>\n<h2>L&rsquo;entreprise Artisanlocal propose-t-elle une aide t\u00e9l\u00e9phonique ?<\/h2>\n<p>Oui, Artisanlocal peut vous aider \u00e0 distance. En nous d\u00e9crivant votre probl\u00e9matique par t\u00e9l\u00e9phone, nous identifierons la bonne solution pour r\u00e9soudre votre probl\u00e8me de chauffage. Il faut garder en t\u00eate que dans la majorit\u00e9 des cas, un technicien doit se d\u00e9placer chez vous pour d\u00e9celer et r\u00e9parer le probl\u00e8me.<\/p>\n<h2>Comment prendre rendez-vous avec votre entreprise ?<\/h2>\n<ol>\n<li>Premi\u00e8re prise de contact : il est n\u00e9cessaire que vous preniez contact avec nous par t\u00e9l\u00e9phone ou par e-mail.<\/li>\n<li>Intervention : un chauffagiste Romont FRois intervient \u00e0 votre domicile pour analyser votre situation.<\/li>\n<li>\u00c9valuation : le chauffagiste estimera votre situation actuelle en fonction de vos pi\u00e8ces, de l&rsquo;isolation et la superficie totale.<\/li>\n<li>Recommandation : nous vous proposons une s\u00e9lection des meilleurs chauffages pour vous, en prenant compte de l\u2019efficacit\u00e9 et la rentabilit\u00e9 que vous d\u00e9sirez avoir.<\/li>\n<li>Prix : vous recevez un devis d\u00e9taill\u00e9 et gratuit.<\/li>\n<li>Installation\/r\u00e9paration : une fois que vous avec accept\u00e9 le devis et en fonction de votre agenda, nous installons\/r\u00e9parons votre syst\u00e8me de chauffage, et r\u00e9glons le thermostat.<\/li>\n<\/ol>\n<h2>Quels sont les meilleurs types de chauffages pour votre maison ?<\/h2>\n<p>Notre technicien chauffagiste vous conseille pour choisir la meilleure solution, il vous donne des conseils sur mesure, parmi les \u00e9quipements chauffages : \u00e0 gaz, \u00e9lectriques, fioul, classiques, condensation ou basses temp\u00e9ratures.<\/p>\n<p>Les \u00e9quipements de chauffages \u00e0 basse temp\u00e9rature ou \u00e0 condensation, malgr\u00e9 un co\u00fbt plus important, permettent de r\u00e9aliser des \u00e9conomies \u00e0 long terme.<\/p>\n<h2>Entretien de votre chauffage \u00e0 Romont FR<\/h2>\n<p>Il faut r\u00e9aliser l&rsquo;entretien de votre chauffage tous les ans, qu&rsquo;il soit au gaz ou au fioul. L&rsquo;entretien de votre chauffage permet de contr\u00f4ler le taux de monoxyde de carbone qui se d\u00e9gage. \u00c0 noter, si votre chauffage g\u00e9n\u00e8re trop de monoxyde de carbone, il est possible d&rsquo;intoxiquer les membres de votre foyer.\u00a0<\/p>\n<h2>Contrat d&rsquo;entretien pour votre chauffage \u00e0 Romont FR<\/h2>\n<p>Afin d&rsquo;assurer le bon fonctionnement de votre chauffage, nous proposons des contrats d&rsquo;entretiens personnalis\u00e9s. En effectuant une maintenance r\u00e9guli\u00e8re, vous r\u00e9alisez des \u00e9conomies sur le long terme.<\/p>\n<p>De plus, si vous avez un sinistre, votre assureur demande le contrat d&rsquo;entretien dans le but de v\u00e9rifier l&rsquo;\u00e9tat g\u00e9n\u00e9ral de votre chauffage pr\u00e9alablement au sinistre. Nous proposons des contrats de maintenance pluriannuels ou annuels.<\/p>\n<h2>Quels sont les avantages d&rsquo;un contrat d\u2019entretien ?<\/h2>\n<p>En cas d&rsquo;\u00e9l\u00e9ments d\u00e9fectueux, nous garantissons le remplacement rapide. D&rsquo;autre part, nous nous engageons \u00e0 inspecter et contr\u00f4ler l&rsquo;int\u00e9gralit\u00e9 de votre chauffage, comme :<\/p>\n<ul>\n<li>Les niveaux de pression dans vos tuyaux,<\/li>\n<li>l&rsquo;\u00e9tat de votre br\u00fbleur, des tuyaux de raccordement et des \u00e9l\u00e9ments chauffants.<\/li>\n<\/ul>\n<h2>Quelles sont les prestations de votre entreprise ?<\/h2>\n<ul>\n<li>Le d\u00e9tartrage et le d\u00e9sembouage de radiateur,<\/li>\n<li>la purge de vos radiateurs,<\/li>\n<li>l\u2019entretien de votre chauffage, chaudi\u00e8re et chauffe-eau,<\/li>\n<li>le r\u00e9glage de votre thermostat,<\/li>\n<li>la maintenance des chaudi\u00e8res \u00e0 condensation, \u00e0 gaz, basses temp\u00e9ratures, \u00e0 fioul, \u00e0 accumulation et \u00e9lectriques,<\/li>\n<li>la r\u00e9paration de la vanne de purge,<\/li>\n<li>l&rsquo;intervention et la r\u00e9paration de vos pannes : de votre chaudi\u00e8re, fuite de canalisation, radiateur qui ne chauffe plus, etc.<\/li>\n<li>l\u2019installation de : chauffage, chaudi\u00e8re, pompe \u00e0 chaleur, radiateur \u00e9lectrique, plancher chauffant.<\/li>\n<\/ul>\n<h2>Foire aux questions<\/h2>\n<h3>Pourquoi embaucher un chauffagiste Romont FRois ?<\/h3>\n<ul>\n<li>Stabiliser la temp\u00e9rature ambiante de votre int\u00e9rieur.<\/li>\n<li>Faire des \u00e9conomies et limiter vos \u00e9missions de CO2.<\/li>\n<li>S\u00e9curiser votre famille.<\/li>\n<li>Anticiper les pannes.<\/li>\n<\/ul>\n<h3>Quels sont les \u00e9l\u00e9ments \u00e0 prendre en consid\u00e9ration pour choisir le meilleur technicien chauffagiste \u00e0 Romont FR ?<\/h3>\n<ul>\n<li>Les comp\u00e9tences : v\u00e9rifiez les certifications d\u00e9montrant que la soci\u00e9t\u00e9 \u00e0 un v\u00e9ritable savoir-faire dans son secteur.<\/li>\n<li>Les r\u00e9f\u00e9rences : prenez le temps de lire les avis des clients ayant d\u00e9j\u00e0 collabor\u00e9 avec les soci\u00e9t\u00e9s.<\/li>\n<li>Les assurances : contr\u00f4lez que les techniciens sont assur\u00e9s en cas de pr\u00e9judices.<\/li>\n<\/ul>\n<h3>Quels sont vos d\u00e9lais pour intervenir ?<\/h3>\n<p>Nous intervenons chez vous dans la semaine.<\/p>\n<h3>Pouvez-vous intervenir \u00e0 Romont FR et \u00e0 proximit\u00e9 ?<\/h3>\n<p>Oui, nous intervenons \u00e0 Romont FR et dans les villes aux alentours, comme : Bionnens, Esmonts, Ursy, Auboranges, Ecublens FR, Gillarens, Promasens, Rue, Montet (Gl\u00e2ne), Morlens, Vuarmarens, Blessens, Mossel, Vauderens, Chavannes-les-Forts, Prez-vers-Siviriez, Siviriez, Villaraboud, Berlens, Billens, Hennens, M\u00e9zi\u00e8res FR, Villariaz, Grangettes-pr\u00e8s-Romont, La Neirigue, Est\u00e9venens, La Magne, Vuisternens-devant-Romont, Lieffrens, Sommentier, Le Ch\u00e2telard-pr\u00e8s-Romont, Villaz-St-Pierre, Lussy FR, Villarimboud, Massonnens, Chavannes-sous-Orsonnens, Orsonnens, Villargiroud, Villarsiviriaux, La Joux FR, Les Ecasseys, Torny-le-Grand.<\/p>\n\n\n<p><\/p>\n","protected":false},"excerpt":{"rendered":"<p>Vous recherchez un chauffagiste \u00e0 Romont FR ? Artisanlocal assure la r\u00e9paration de votre chauffage et effectue vos travaux de chauffage \u00e0 Romont FR.\u00a0 Pourquoi travailler avec Artisanlocal.ch ? Techniciens disponibles 7j sur 7.\u00a0 Devis gratuits. Tarifs transparents et comp\u00e9titifs. Intervention en urgence. Entretien annuel.\u00a0 Pourquoi la maintenance de votre chauffage est importante ? Garantir [&hellip;]<\/p>\n","protected":false},"author":4,"featured_media":2757,"parent":0,"menu_order":0,"comment_status":"closed","ping_status":"closed","template":"","meta":{"footnotes":""},"profession":[120],"location":[43],"canton":[109],"class_list":["post-632","page","type-page","status-publish","has-post-thumbnail","hentry","profession-chauffagiste","location-romont-fr","canton-fr"],"yoast_head":"<!-- This site is optimized with the Yoast SEO Premium plugin v25.7.1 (Yoast SEO v27.3) - https:\/\/yoast.com\/product\/yoast-seo-premium-wordpress\/ -->\n<title>Chauffagiste \u00e0 Romont FR - Artisanlocal<\/title>\n<meta name=\"robots\" content=\"index, follow, max-snippet:-1, max-image-preview:large, max-video-preview:-1\" \/>\n<link rel=\"canonical\" href=\"https:\/\/www.artisanlocal.ch\/c\/chauffagiste-a-romont\/\" \/>\n<meta property=\"og:locale\" content=\"fr_FR\" \/>\n<meta property=\"og:type\" content=\"article\" \/>\n<meta property=\"og:title\" content=\"Chauffagiste \u00e0 Romont FR\" \/>\n<meta property=\"og:description\" content=\"Vous recherchez un chauffagiste \u00e0 Romont FR ? Artisanlocal assure la r\u00e9paration de votre chauffage et effectue vos travaux de chauffage \u00e0 Romont FR.\u00a0 Pourquoi travailler avec Artisanlocal.ch ? Techniciens disponibles 7j sur 7.\u00a0 Devis gratuits. Tarifs transparents et comp\u00e9titifs. Intervention en urgence. Entretien annuel.\u00a0 Pourquoi la maintenance de votre chauffage est importante ? Garantir [&hellip;]\" \/>\n<meta property=\"og:url\" content=\"https:\/\/www.artisanlocal.ch\/c\/chauffagiste-a-romont\/\" \/>\n<meta property=\"og:site_name\" content=\"Artisanlocal\" \/>\n<meta property=\"article:modified_time\" content=\"2025-11-07T09:52:33+00:00\" \/>\n<meta property=\"og:image\" content=\"https:\/\/www.artisanlocal.ch\/c\/wp-content\/uploads\/2024\/10\/chauffagiste.jpg\" \/>\n\t<meta property=\"og:image:width\" content=\"1920\" \/>\n\t<meta property=\"og:image:height\" content=\"300\" \/>\n\t<meta property=\"og:image:type\" content=\"image\/jpeg\" \/>\n<meta name=\"twitter:card\" content=\"summary_large_image\" \/>\n<meta name=\"twitter:label1\" content=\"Dur\u00e9e de lecture estim\u00e9e\" \/>\n\t<meta name=\"twitter:data1\" content=\"4 minutes\" \/>\n<script type=\"application\/ld+json\" class=\"yoast-schema-graph\">{\"@context\":\"https:\\\/\\\/schema.org\",\"@graph\":[{\"@type\":\"WebPage\",\"@id\":\"https:\\\/\\\/www.artisanlocal.ch\\\/c\\\/chauffagiste-a-romont\\\/\",\"url\":\"https:\\\/\\\/www.artisanlocal.ch\\\/c\\\/chauffagiste-a-romont\\\/\",\"name\":\"Chauffagiste \u00e0 Romont FR - Artisanlocal\",\"isPartOf\":{\"@id\":\"https:\\\/\\\/www.artisanlocal.ch\\\/c\\\/#website\"},\"primaryImageOfPage\":{\"@id\":\"https:\\\/\\\/www.artisanlocal.ch\\\/c\\\/chauffagiste-a-romont\\\/#primaryimage\"},\"image\":{\"@id\":\"https:\\\/\\\/www.artisanlocal.ch\\\/c\\\/chauffagiste-a-romont\\\/#primaryimage\"},\"thumbnailUrl\":\"https:\\\/\\\/www.artisanlocal.ch\\\/c\\\/wp-content\\\/uploads\\\/2024\\\/10\\\/chauffagiste.jpg\",\"datePublished\":\"2024-04-18T20:13:47+00:00\",\"dateModified\":\"2025-11-07T09:52:33+00:00\",\"breadcrumb\":{\"@id\":\"https:\\\/\\\/www.artisanlocal.ch\\\/c\\\/chauffagiste-a-romont\\\/#breadcrumb\"},\"inLanguage\":\"fr-FR\",\"potentialAction\":[{\"@type\":\"ReadAction\",\"target\":[\"https:\\\/\\\/www.artisanlocal.ch\\\/c\\\/chauffagiste-a-romont\\\/\"]}]},{\"@type\":\"ImageObject\",\"inLanguage\":\"fr-FR\",\"@id\":\"https:\\\/\\\/www.artisanlocal.ch\\\/c\\\/chauffagiste-a-romont\\\/#primaryimage\",\"url\":\"https:\\\/\\\/www.artisanlocal.ch\\\/c\\\/wp-content\\\/uploads\\\/2024\\\/10\\\/chauffagiste.jpg\",\"contentUrl\":\"https:\\\/\\\/www.artisanlocal.ch\\\/c\\\/wp-content\\\/uploads\\\/2024\\\/10\\\/chauffagiste.jpg\",\"width\":1920,\"height\":300},{\"@type\":\"BreadcrumbList\",\"@id\":\"https:\\\/\\\/www.artisanlocal.ch\\\/c\\\/chauffagiste-a-romont\\\/#breadcrumb\",\"itemListElement\":[{\"@type\":\"ListItem\",\"position\":1,\"name\":\"Accueil\",\"item\":\"https:\\\/\\\/www.artisanlocal.ch\\\/c\\\/\"},{\"@type\":\"ListItem\",\"position\":2,\"name\":\"Chauffagiste \u00e0 Romont\"}]},{\"@type\":\"WebSite\",\"@id\":\"https:\\\/\\\/www.artisanlocal.ch\\\/c\\\/#website\",\"url\":\"https:\\\/\\\/www.artisanlocal.ch\\\/c\\\/\",\"name\":\"Artisanlocal\",\"description\":\"\",\"publisher\":{\"@id\":\"https:\\\/\\\/www.artisanlocal.ch\\\/c\\\/#organization\"},\"potentialAction\":[{\"@type\":\"SearchAction\",\"target\":{\"@type\":\"EntryPoint\",\"urlTemplate\":\"https:\\\/\\\/www.artisanlocal.ch\\\/c\\\/?s={search_term_string}\"},\"query-input\":{\"@type\":\"PropertyValueSpecification\",\"valueRequired\":true,\"valueName\":\"search_term_string\"}}],\"inLanguage\":\"fr-FR\"},{\"@type\":\"Organization\",\"@id\":\"https:\\\/\\\/www.artisanlocal.ch\\\/c\\\/#organization\",\"name\":\"Artisanlocal\",\"url\":\"https:\\\/\\\/www.artisanlocal.ch\\\/c\\\/\",\"logo\":{\"@type\":\"ImageObject\",\"inLanguage\":\"fr-FR\",\"@id\":\"https:\\\/\\\/www.artisanlocal.ch\\\/c\\\/#\\\/schema\\\/logo\\\/image\\\/\",\"url\":\"https:\\\/\\\/www.artisanlocal.ch\\\/c\\\/wp-content\\\/uploads\\\/2024\\\/02\\\/logo-artisanlocal-h.svg\",\"contentUrl\":\"https:\\\/\\\/www.artisanlocal.ch\\\/c\\\/wp-content\\\/uploads\\\/2024\\\/02\\\/logo-artisanlocal-h.svg\",\"caption\":\"Artisanlocal\"},\"image\":{\"@id\":\"https:\\\/\\\/www.artisanlocal.ch\\\/c\\\/#\\\/schema\\\/logo\\\/image\\\/\"}}]}<\/script>\n<!-- \/ Yoast SEO Premium plugin. -->","yoast_head_json":{"title":"Chauffagiste \u00e0 Romont FR - Artisanlocal","robots":{"index":"index","follow":"follow","max-snippet":"max-snippet:-1","max-image-preview":"max-image-preview:large","max-video-preview":"max-video-preview:-1"},"canonical":"https:\/\/www.artisanlocal.ch\/c\/chauffagiste-a-romont\/","og_locale":"fr_FR","og_type":"article","og_title":"Chauffagiste \u00e0 Romont FR","og_description":"Vous recherchez un chauffagiste \u00e0 Romont FR ? Artisanlocal assure la r\u00e9paration de votre chauffage et effectue vos travaux de chauffage \u00e0 Romont FR.\u00a0 Pourquoi travailler avec Artisanlocal.ch ? Techniciens disponibles 7j sur 7.\u00a0 Devis gratuits. Tarifs transparents et comp\u00e9titifs. Intervention en urgence. Entretien annuel.\u00a0 Pourquoi la maintenance de votre chauffage est importante ? Garantir [&hellip;]","og_url":"https:\/\/www.artisanlocal.ch\/c\/chauffagiste-a-romont\/","og_site_name":"Artisanlocal","article_modified_time":"2025-11-07T09:52:33+00:00","og_image":[{"width":1920,"height":300,"url":"https:\/\/www.artisanlocal.ch\/c\/wp-content\/uploads\/2024\/10\/chauffagiste.jpg","type":"image\/jpeg"}],"twitter_card":"summary_large_image","twitter_misc":{"Dur\u00e9e de lecture estim\u00e9e":"4 minutes"},"schema":{"@context":"https:\/\/schema.org","@graph":[{"@type":"WebPage","@id":"https:\/\/www.artisanlocal.ch\/c\/chauffagiste-a-romont\/","url":"https:\/\/www.artisanlocal.ch\/c\/chauffagiste-a-romont\/","name":"Chauffagiste \u00e0 Romont FR - Artisanlocal","isPartOf":{"@id":"https:\/\/www.artisanlocal.ch\/c\/#website"},"primaryImageOfPage":{"@id":"https:\/\/www.artisanlocal.ch\/c\/chauffagiste-a-romont\/#primaryimage"},"image":{"@id":"https:\/\/www.artisanlocal.ch\/c\/chauffagiste-a-romont\/#primaryimage"},"thumbnailUrl":"https:\/\/www.artisanlocal.ch\/c\/wp-content\/uploads\/2024\/10\/chauffagiste.jpg","datePublished":"2024-04-18T20:13:47+00:00","dateModified":"2025-11-07T09:52:33+00:00","breadcrumb":{"@id":"https:\/\/www.artisanlocal.ch\/c\/chauffagiste-a-romont\/#breadcrumb"},"inLanguage":"fr-FR","potentialAction":[{"@type":"ReadAction","target":["https:\/\/www.artisanlocal.ch\/c\/chauffagiste-a-romont\/"]}]},{"@type":"ImageObject","inLanguage":"fr-FR","@id":"https:\/\/www.artisanlocal.ch\/c\/chauffagiste-a-romont\/#primaryimage","url":"https:\/\/www.artisanlocal.ch\/c\/wp-content\/uploads\/2024\/10\/chauffagiste.jpg","contentUrl":"https:\/\/www.artisanlocal.ch\/c\/wp-content\/uploads\/2024\/10\/chauffagiste.jpg","width":1920,"height":300},{"@type":"BreadcrumbList","@id":"https:\/\/www.artisanlocal.ch\/c\/chauffagiste-a-romont\/#breadcrumb","itemListElement":[{"@type":"ListItem","position":1,"name":"Accueil","item":"https:\/\/www.artisanlocal.ch\/c\/"},{"@type":"ListItem","position":2,"name":"Chauffagiste \u00e0 Romont"}]},{"@type":"WebSite","@id":"https:\/\/www.artisanlocal.ch\/c\/#website","url":"https:\/\/www.artisanlocal.ch\/c\/","name":"Artisanlocal","description":"","publisher":{"@id":"https:\/\/www.artisanlocal.ch\/c\/#organization"},"potentialAction":[{"@type":"SearchAction","target":{"@type":"EntryPoint","urlTemplate":"https:\/\/www.artisanlocal.ch\/c\/?s={search_term_string}"},"query-input":{"@type":"PropertyValueSpecification","valueRequired":true,"valueName":"search_term_string"}}],"inLanguage":"fr-FR"},{"@type":"Organization","@id":"https:\/\/www.artisanlocal.ch\/c\/#organization","name":"Artisanlocal","url":"https:\/\/www.artisanlocal.ch\/c\/","logo":{"@type":"ImageObject","inLanguage":"fr-FR","@id":"https:\/\/www.artisanlocal.ch\/c\/#\/schema\/logo\/image\/","url":"https:\/\/www.artisanlocal.ch\/c\/wp-content\/uploads\/2024\/02\/logo-artisanlocal-h.svg","contentUrl":"https:\/\/www.artisanlocal.ch\/c\/wp-content\/uploads\/2024\/02\/logo-artisanlocal-h.svg","caption":"Artisanlocal"},"image":{"@id":"https:\/\/www.artisanlocal.ch\/c\/#\/schema\/logo\/image\/"}}]}},"_links":{"self":[{"href":"https:\/\/www.artisanlocal.ch\/c\/wp-json\/wp\/v2\/pages\/632","targetHints":{"allow":["GET"]}}],"collection":[{"href":"https:\/\/www.artisanlocal.ch\/c\/wp-json\/wp\/v2\/pages"}],"about":[{"href":"https:\/\/www.artisanlocal.ch\/c\/wp-json\/wp\/v2\/types\/page"}],"author":[{"embeddable":true,"href":"https:\/\/www.artisanlocal.ch\/c\/wp-json\/wp\/v2\/users\/4"}],"replies":[{"embeddable":true,"href":"https:\/\/www.artisanlocal.ch\/c\/wp-json\/wp\/v2\/comments?post=632"}],"version-history":[{"count":0,"href":"https:\/\/www.artisanlocal.ch\/c\/wp-json\/wp\/v2\/pages\/632\/revisions"}],"wp:featuredmedia":[{"embeddable":true,"href":"https:\/\/www.artisanlocal.ch\/c\/wp-json\/wp\/v2\/media\/2757"}],"wp:attachment":[{"href":"https:\/\/www.artisanlocal.ch\/c\/wp-json\/wp\/v2\/media?parent=632"}],"wp:term":[{"taxonomy":"profession","embeddable":true,"href":"https:\/\/www.artisanlocal.ch\/c\/wp-json\/wp\/v2\/profession?post=632"},{"taxonomy":"location","embeddable":true,"href":"https:\/\/www.artisanlocal.ch\/c\/wp-json\/wp\/v2\/location?post=632"},{"taxonomy":"canton","embeddable":true,"href":"https:\/\/www.artisanlocal.ch\/c\/wp-json\/wp\/v2\/canton?post=632"}],"curies":[{"name":"wp","href":"https:\/\/api.w.org\/{rel}","templated":true}]}}