{"id":633,"date":"2024-04-19T06:07:04","date_gmt":"2024-04-19T04:07:04","guid":{"rendered":"https:\/\/www.artisanlocal.ch\/c\/chauffagiste-a-fribourg\/"},"modified":"2025-08-27T01:32:13","modified_gmt":"2025-08-26T23:32:13","slug":"chauffagiste-a-fribourg","status":"publish","type":"page","link":"https:\/\/www.artisanlocal.ch\/c\/chauffagiste-a-fribourg\/","title":{"rendered":"Chauffagiste \u00e0 Fribourg"},"content":{"rendered":"<p>Vous avez besoin d&rsquo;un chauffagiste \u00e0 Fribourg ? Artisanlocal s&rsquo;occupe de l&rsquo;installation et de la r\u00e9paration de votre chauffage. En optant de travailler avec nous, vous b\u00e9n\u00e9ficiez :<\/p>\n<ul>\n<li>d&rsquo;un prix comp\u00e9titif,<\/li>\n<li>d&rsquo;un service de qualit\u00e9,<\/li>\n<li>d&rsquo;une assistance en urgence \u00e0 Fribourg et dans les villes proches,<\/li>\n<li>d&rsquo;une entreprise exp\u00e9riment\u00e9e,<\/li>\n<li>d&rsquo;un devis gratuit,<\/li>\n<li>d&rsquo;une entreprise joignable du lundi au samedi.<\/li>\n<\/ul>\n\r\n<div class=\"box\">\r\n            <div class=\"company-info\">\r\n            <img decoding=\"async\" class=\"company-info__logo\" src=\"https:\/\/www.artisanlocal.ch\/media\/cache\/thumb\/images\/companies\/66c48c393d7ef777233838.png\" alt=\"Logo\">\r\n            <h2 class=\"company-info__name\">Calotherm Concept SA<\/h2>\r\n            <p class=\"company-info__business\">Chauffage - Sanitaire - D\u00e9pannage - Pompe \u00e0 chaleur - \u00c9nergie renouvellable - R\u00e9novation salle de bains<\/p>\r\n        <\/div>\r\n        <div class=\"company-contact\">\r\n            <p class=\"company-info__address\">Chemin de Combernesse 4<\/p>\r\n                            <div class=\"links\">\r\n                                            <a class=\"btn has-accent-background-color js-phoneNumber\" href=\"tel:0791552927\" title=\"Appelez\" data-id=\"25159\" data-type=\"11\">079 155 29 27<\/a>\r\n                                                                <a class=\"btn has-accent-background-color\" href=\"https:\/\/calotherm-sa.ch\/\" target=\"_blank\" title=\"Voir le site internet\" data-id=\"25159\" data-type=\"20\">Site internet<\/a>\r\n                                    <\/div>\r\n                    <\/div>\r\n    \r\n            \r\n<form action=\"https:\/\/www.artisanlocal.ch\/c\/wp-admin\/admin-ajax.php\" method=\"post\" class=\"form-contact\" id=\"artisan_form_contact_company_inline\">\r\n    <div><input type=\"hidden\" name=\"action\" value=\"company_contact\"><\/div>\r\n    <div><input type=\"hidden\" name=\"nonce\" value=\"85ec494698\"><\/div>\r\n    <div><input type=\"hidden\" name=\"company_id\" value=\"25159\"><\/div>\r\n    <div><input type=\"hidden\" name=\"form_id\" value=\"artisan_form_contact_company_inline\"><\/div>\r\n    <div class=\"gglcptch gglcptch_v3 gglcptch_custom\"><input type=\"hidden\" id=\"g-recaptcha-response\" name=\"g-recaptcha-response\" \/><br \/><div class=\"gglcptch_error_text\">La p\u00e9riode de v\u00e9rification reCAPTCHA a expir\u00e9. Veuillez recharger la page.<\/div><\/div>    <div class=\"form-content\">\r\n        <div class=\"form-group\">\r\n            <label for=\"contact_firstName\" class=\"required\">Pr\u00e9nom<\/label>\r\n            <input type=\"text\" name=\"firstName\" class=\"form-control\" required>\r\n        <\/div>\r\n        <div class=\"form-group\">\r\n            <label for=\"contact_lastName\" class=\"required\">Nom<\/label>\r\n            <input type=\"text\" name=\"lastName\" class=\"form-control\" required>\r\n        <\/div>\r\n        <div class=\"form-group\">\r\n            <label for=\"contact_email\" class=\"required\">Email<\/label>\r\n            <input type=\"email\" name=\"email\" class=\"form-control\" required>\r\n        <\/div>\r\n        <div class=\"form-group\">\r\n            <label for=\"contact_phone\" class=\"required\">Num\u00e9ro de t\u00e9l\u00e9phone<\/label>\r\n            <input type=\"tel\" name=\"phone\" class=\"form-control\" placeholder=\"0787117165\" pattern=\"^[0-9]{10}$\" required>\r\n        <\/div>\r\n        <div class=\"form-group\">\r\n            <label for=\"contact_postalCode\" class=\"required\">Code postal et localit\u00e9<\/label>\r\n            <input type=\"text\" name=\"postalCode\" class=\"form-control\" required>\r\n        <\/div>\r\n        <div class=\"form-group\">\r\n            <label for=\"contact_address\" class=\"required\">Adresse<\/label>\r\n            <input type=\"text\" name=\"address\" class=\"form-control\" required>\r\n        <\/div>\r\n        <div class=\"full-width topic\">\r\n            <p class=\"required\">Je souhaite \u00eatre contact\u00e9 pour :<\/p>\r\n            <div class=\"form-check\">\r\n                <input type=\"radio\" name=\"topic\" value=\"D\u00e9pannage\" class=\"form-control\" required>\r\n                <label for=\"d\u00e9pannage\">D\u00e9pannage<\/label>\r\n            <\/div>\r\n            <div class=\"form-check\">\r\n                <input type=\"radio\" name=\"topic\" value=\"Entretien\" class=\"form-control\" required>\r\n                <label for=\"entretien\">Entretien<\/label>\r\n            <\/div>\r\n            <div class=\"form-check\">\r\n                <input type=\"radio\" name=\"topic\" value=\"R\u00e9novation\" class=\"form-control\" required>\r\n                <label for=\"r\u00e9novation\">R\u00e9novation<\/label>\r\n            <\/div>\r\n            <div class=\"form-check\">\r\n                <input type=\"radio\" name=\"topic\" value=\"Autre\" class=\"form-control\" required>\r\n                <label for=\"autre\">Autre<\/label>\r\n            <\/div>\r\n        <\/div>\r\n        <div class=\"form-group full-width\">\r\n            <label for=\"contact_message\">Message<\/label>\r\n            <textarea name=\"message\" rows=\"3\" class=\"form-control\"><\/textarea>\r\n        <\/div>\r\n    <\/div>\r\n    <div class=\"form-actions\">\r\n        <button class=\"wp-block-button__link has-accent-background-color\">Contacter<\/button>\r\n    <\/div>\r\n<\/form>\r\n<div class=\"form-feedback\"><\/div>    <\/div>\n<h2>Pourquoi choisir Artisanlocal ?<\/h2>\n<p>Estimation rapide de votre projet : une fois que vous avez compl\u00e9t\u00e9 notre formulaire de contact, notre expert \u00e0 Fribourg vous contacte dans la journ\u00e9e.<\/p>\n<p>Intervention en urgence : le jour de votre demande, le technicien chauffagiste Fribourgeois peut se rendre rapidement chez vous pour estimer les co\u00fbts. Par la suite, il vous enverra une estimation des travaux.<\/p>\n<p>Installation de votre chauffage dans un d\u00e9lai de 24 \u00e0 48 heures : une fois que vous avez valid\u00e9 le devis avec notre chauffagiste \u00e0 Fribourg. Nous programmerons avec vous le jour de l&rsquo;intervention.<\/p>\n<p>Entretien et d\u00e9pannage : si une panne survient, le technicien d\u00e9panne votre chaudi\u00e8re, chauffe-eau ou syst\u00e8me de chauffage. Notre \u00e9quipe est disponible pour intervenir rapidement \u00e0 Fribourg et \u00e9galement dans les villes \u00e0 proximit\u00e9.<\/p>\n<h2>Pourquoi doit-on entretenir un chauffage ?<\/h2>\n<p>Garantir le fonctionnement optimal de votre \u00e9quipement de chauffage est essentiel, si vous avez des enfants. Artisanlocal vous aide \u00e0 r\u00e9gler la bonne temp\u00e9rature et v\u00e9rifie le taux de monoxyde de carbone g\u00e9n\u00e9r\u00e9 par votre chauffage. Nos techniciens garantissent l&rsquo;entretien de votre syst\u00e8me de chauffage, peu importe le mod\u00e8le : basse temp\u00e9rature, fioul, condensation, \u00e9lectrique, gaz ou \u00e0 accumulation.<\/p>\n<h2>Pouvez-vous m&rsquo;aider \u00e0 distance ?<\/h2>\n<p>Oui, la soci\u00e9t\u00e9 Artisanlocal peut vous guider \u00e0 distance. En nous expliquant votre probl\u00e8me par t\u00e9l\u00e9phone, nous trouverons la bonne solution pour r\u00e9gler votre probl\u00e8me. Il faut garder \u00e0 l&rsquo;esprit que dans la majorit\u00e9 des cas, un expert doit intervenir chez vous pour d\u00e9tecter et corriger votre probl\u00e8me de chauffage.<\/p>\n<h2>Comment fonctionne Artisanlocal ?<\/h2>\n<ol>\n<li>Premier contact : il est indispensable de nous joindre par e-mail ou par t\u00e9l\u00e9phone.<\/li>\n<li>D\u00e9placement : un chauffagiste Fribourgeois intervient \u00e0 votre logement.<\/li>\n<li>\u00c9valuation : le technicien \u00e9valuera votre situation actuelle (volume de vos pi\u00e8ces, et prendre en compte l&rsquo;isolation existante et la superficie totale).<\/li>\n<li>Indication : une solution vous sera propos\u00e9e en fonction de votre budget et de vos demandes.<\/li>\n<li>Prix : vous recevez un devis d\u00e9taill\u00e9, vous montrant les diverses d\u00e9penses.<\/li>\n<li>Pose : apr\u00e8s avoir accept\u00e9 notre devis, nous r\u00e9alisons l&rsquo;installation de votre \u00e9quipe de chauffage et ajustons le thermostat en fonction de vos demandes.<\/li>\n<\/ol>\n<h2>Quels sont les meilleurs types de chauffages pour votre propri\u00e9t\u00e9 ?<\/h2>\n<p>Le technicien qui se d\u00e9place dans votre foyer, vous conseille pour choisir le meilleur chauffage possible, comme les chauffages : \u00e0 gaz, \u00e9lectriques, fioul, classiques, basses temp\u00e9ratures ou \u00e0 condensation.<\/p>\n<p>Bien que les chauffages \u00e0 condensation ou basses temp\u00e9ratures co\u00fbtent plus cher \u00e0 l&rsquo;achat, ils permettent de faire des \u00e9conomies sur la dur\u00e9e.<\/p>\n<p>Avant la mise en place de votre chauffage, il faut s\u00e9lectionner le meilleur thermostat. L&rsquo;expert qui vient dans votre foyer est un professionnel avec une solide exp\u00e9rience. Dans le devis, vous trouvez les d\u00e9tails de notre intervention, et le montant des \u00e9quipements et de la main-d&rsquo;\u0153uvre.<\/p>\n<h2>Solution de maintenance de votre chauffage \u00e0 Fribourg<\/h2>\n<p>Veillez \u00e0 r\u00e9aliser la maintenance de votre chauffage chaque ann\u00e9e, qu&rsquo;il soit au fioul ou au gaz. L&rsquo;entretien de votre syst\u00e8me de chauffage offre la possibilit\u00e9 de contr\u00f4ler les \u00e9missions de monoxyde de carbone qui se d\u00e9gage. \u00c0 noter, si votre chauffage produit trop de monoxyde de carbone, \u00e7a peut provoquer une intoxication. Le chauffagiste qui se rend dans votre foyer r\u00e8gle et contr\u00f4le les \u00e9missions de monoxyde de carbone pour vous \u00e9viter une intoxication.<\/p>\n<h2>Contrat de maintenance pour votre chauffage \u00e0 Fribourg<\/h2>\n<p>Notre entreprise propose des contrats de maintenance pour votre chauffage afin d&rsquo;en assurer le meilleur fonctionnement. Avec une maintenance r\u00e9guli\u00e8re, vous faites des \u00e9conomies en emp\u00eachant les dysfonctionnements et les d\u00e9pannages en urgence.<\/p>\n<p>Par ailleurs, si vous avez un dommage ou un sinistre, votre assureur vous r\u00e9clame le contrat d&rsquo;entretien dans le but de contr\u00f4ler l&rsquo;\u00e9tat de votre chauffage avant l&rsquo;accident. Vous avez le choix de signer avec notre entreprise un contrat de maintenance pluriannuel ou annuel.<\/p>\n<h2>Quels sont les avantages de souscrire \u00e0 un contrat de maintenance pour votre chauffage ?<\/h2>\n<p>Si vous avez une partie de votre chauffage qui est d\u00e9fectueux, nous la rempla\u00e7ons en urgence, nous prenons l&rsquo;engagement de contr\u00f4ler l&rsquo;ensemble de votre syst\u00e8me de chauffage, comme :<\/p>\n<ul>\n<li>Les niveaux de pression dans vos tuyaux,<\/li>\n<li>le lavage de votre br\u00fbleur, des tuyaux de liaison et des diff\u00e9rents \u00e9l\u00e9ments chauffants.<\/li>\n<\/ul>\n<h2>Quelles sont les diff\u00e9rentes prestations propos\u00e9es par votre entreprise ?<\/h2>\n<ul>\n<li>Le d\u00e9sembouage et le d\u00e9tartrage de vos radiateurs,<\/li>\n<li>la purge de vos radiateurs,<\/li>\n<li>l\u2019entretien de votre chauffage, chaudi\u00e8re et chauffe-eau,<\/li>\n<li>l&rsquo;ajustement des thermostats,<\/li>\n<li>l&rsquo;entretien chaudi\u00e8res \u00e0 condensation, \u00e0 gaz, \u00e0 accumulation, \u00e0 fioul, \u00e9lectriques et basses temp\u00e9ratures,<\/li>\n<li>la r\u00e9paration de la vanne de purge,<\/li>\n<li>la r\u00e9paration et le d\u00e9pannage sur tous types de probl\u00e8mes techniques : de votre chaudi\u00e8re, fuite de canalisation, radiateur qui ne chauffe plus, etc.<\/li>\n<li>la mise en place de : radiateur \u00e9lectrique, pompe \u00e0 chaleur, plancher chauffant, chauffage, ou de chaudi\u00e8re.<\/li>\n<\/ul>\n<h2>R\u00e9ponses aux questions fr\u00e9quentes<\/h2>\n<h3>Pourquoi embaucher un chauffagiste Fribourgeois ?<\/h3>\n<p>Obtenir un confort thermique : un chauffage performant permet de garder une temp\u00e9rature constante dans votre logement.<\/p>\n<p>R\u00e9aliser des \u00e9conomies : en choisissant des mat\u00e9riaux de qualit\u00e9, tels que l&rsquo;isolation et le chauffage, vous baissez vos \u00e9missions de CO2 et vous faites des \u00e9conomies.<\/p>\n<p>Prot\u00e9ger la s\u00fbret\u00e9 de votre chauffage : un syst\u00e8me de chauffage performant permet de r\u00e9pondre aux normes de s\u00fbret\u00e9 actuelles (par exemple, pour diminuer les \u00e9missions de monoxyde de carbone).<\/p>\n<p>\u00c9viter les difficult\u00e9s : en examinant votre syst\u00e8me de chauffage, un expert peut pr\u00e9voir les futurs probl\u00e8mes.<\/p>\n<h3>Quels sont les crit\u00e8res \u00e0 prendre en consid\u00e9ration pour choisir le bon chauffagiste \u00e0 Fribourg ?<\/h3>\n<p>Les comp\u00e9tences : il est important de contr\u00f4ler les comp\u00e9tences d&rsquo;un chauffagiste avant de l&rsquo;engager.<\/p>\n<p>Les avis clients : prenez le temps de lire les t\u00e9moignages des anciens clients.<\/p>\n<p>Les garanties : v\u00e9rifiez que la soci\u00e9t\u00e9 dispose d&rsquo;une garantie assurance qui couvre les possibles d\u00e9g\u00e2ts caus\u00e9s lors de ses interventions.<\/p>\n<h3>\u00c0 quelle rapidit\u00e9 intervenez-vous dans un foyer Fribourgeois ?<\/h3>\n<p>Nous intervenons chez vous dans un d\u00e9lai de deux heures (pour les situations d&rsquo;urgence) autrement, nous pouvons op\u00e9rer dans la semaine.<\/p>\n<h3>Votre entreprise est disponible pour intervenir \u00e0 Fribourg, mais aussi dans les villes aux alentours ?<\/h3>\n<p>Oui, nous intervenons \u00e0 Fribourg et dans les villes aux alentours, comme : .<\/p>\n","protected":false},"excerpt":{"rendered":"<p>Vous avez besoin d&rsquo;un chauffagiste \u00e0 Fribourg ? Artisanlocal s&rsquo;occupe de l&rsquo;installation et de la r\u00e9paration de votre chauffage. En optant de travailler avec nous, vous b\u00e9n\u00e9ficiez : d&rsquo;un prix comp\u00e9titif, d&rsquo;un service de qualit\u00e9, d&rsquo;une assistance en urgence \u00e0 Fribourg et dans les villes proches, d&rsquo;une entreprise exp\u00e9riment\u00e9e, d&rsquo;un devis gratuit, d&rsquo;une entreprise joignable [&hellip;]<\/p>\n","protected":false},"author":4,"featured_media":2757,"parent":0,"menu_order":0,"comment_status":"closed","ping_status":"closed","template":"","meta":{"footnotes":""},"profession":[120],"location":[10],"canton":[109],"class_list":["post-633","page","type-page","status-publish","has-post-thumbnail","hentry","profession-chauffagiste","location-fribourg","canton-fr"],"yoast_head":"<!-- This site is optimized with the Yoast SEO Premium plugin v25.7.1 (Yoast SEO v27.3) - https:\/\/yoast.com\/product\/yoast-seo-premium-wordpress\/ -->\n<title>Chauffagiste \u00e0 Fribourg - Artisanlocal<\/title>\n<meta name=\"robots\" content=\"index, follow, max-snippet:-1, max-image-preview:large, max-video-preview:-1\" \/>\n<link rel=\"canonical\" href=\"https:\/\/www.artisanlocal.ch\/c\/chauffagiste-a-fribourg\/\" \/>\n<meta property=\"og:locale\" content=\"fr_FR\" \/>\n<meta property=\"og:type\" content=\"article\" \/>\n<meta property=\"og:title\" content=\"Chauffagiste \u00e0 Fribourg\" \/>\n<meta property=\"og:description\" content=\"Vous avez besoin d&rsquo;un chauffagiste \u00e0 Fribourg ? Artisanlocal s&rsquo;occupe de l&rsquo;installation et de la r\u00e9paration de votre chauffage. En optant de travailler avec nous, vous b\u00e9n\u00e9ficiez : d&rsquo;un prix comp\u00e9titif, d&rsquo;un service de qualit\u00e9, d&rsquo;une assistance en urgence \u00e0 Fribourg et dans les villes proches, d&rsquo;une entreprise exp\u00e9riment\u00e9e, d&rsquo;un devis gratuit, d&rsquo;une entreprise joignable [&hellip;]\" \/>\n<meta property=\"og:url\" content=\"https:\/\/www.artisanlocal.ch\/c\/chauffagiste-a-fribourg\/\" \/>\n<meta property=\"og:site_name\" content=\"Artisanlocal\" \/>\n<meta property=\"article:modified_time\" content=\"2025-08-26T23:32:13+00:00\" \/>\n<meta property=\"og:image\" content=\"https:\/\/www.artisanlocal.ch\/c\/wp-content\/uploads\/2024\/10\/chauffagiste.jpg\" \/>\n\t<meta property=\"og:image:width\" content=\"1920\" \/>\n\t<meta property=\"og:image:height\" content=\"300\" \/>\n\t<meta property=\"og:image:type\" content=\"image\/jpeg\" \/>\n<meta name=\"twitter:card\" content=\"summary_large_image\" \/>\n<meta name=\"twitter:label1\" content=\"Dur\u00e9e de lecture estim\u00e9e\" \/>\n\t<meta name=\"twitter:data1\" content=\"6 minutes\" \/>\n<script type=\"application\/ld+json\" class=\"yoast-schema-graph\">{\"@context\":\"https:\\\/\\\/schema.org\",\"@graph\":[{\"@type\":\"WebPage\",\"@id\":\"https:\\\/\\\/www.artisanlocal.ch\\\/c\\\/chauffagiste-a-fribourg\\\/\",\"url\":\"https:\\\/\\\/www.artisanlocal.ch\\\/c\\\/chauffagiste-a-fribourg\\\/\",\"name\":\"Chauffagiste \u00e0 Fribourg - Artisanlocal\",\"isPartOf\":{\"@id\":\"https:\\\/\\\/www.artisanlocal.ch\\\/c\\\/#website\"},\"primaryImageOfPage\":{\"@id\":\"https:\\\/\\\/www.artisanlocal.ch\\\/c\\\/chauffagiste-a-fribourg\\\/#primaryimage\"},\"image\":{\"@id\":\"https:\\\/\\\/www.artisanlocal.ch\\\/c\\\/chauffagiste-a-fribourg\\\/#primaryimage\"},\"thumbnailUrl\":\"https:\\\/\\\/www.artisanlocal.ch\\\/c\\\/wp-content\\\/uploads\\\/2024\\\/10\\\/chauffagiste.jpg\",\"datePublished\":\"2024-04-19T04:07:04+00:00\",\"dateModified\":\"2025-08-26T23:32:13+00:00\",\"breadcrumb\":{\"@id\":\"https:\\\/\\\/www.artisanlocal.ch\\\/c\\\/chauffagiste-a-fribourg\\\/#breadcrumb\"},\"inLanguage\":\"fr-FR\",\"potentialAction\":[{\"@type\":\"ReadAction\",\"target\":[\"https:\\\/\\\/www.artisanlocal.ch\\\/c\\\/chauffagiste-a-fribourg\\\/\"]}]},{\"@type\":\"ImageObject\",\"inLanguage\":\"fr-FR\",\"@id\":\"https:\\\/\\\/www.artisanlocal.ch\\\/c\\\/chauffagiste-a-fribourg\\\/#primaryimage\",\"url\":\"https:\\\/\\\/www.artisanlocal.ch\\\/c\\\/wp-content\\\/uploads\\\/2024\\\/10\\\/chauffagiste.jpg\",\"contentUrl\":\"https:\\\/\\\/www.artisanlocal.ch\\\/c\\\/wp-content\\\/uploads\\\/2024\\\/10\\\/chauffagiste.jpg\",\"width\":1920,\"height\":300},{\"@type\":\"BreadcrumbList\",\"@id\":\"https:\\\/\\\/www.artisanlocal.ch\\\/c\\\/chauffagiste-a-fribourg\\\/#breadcrumb\",\"itemListElement\":[{\"@type\":\"ListItem\",\"position\":1,\"name\":\"Accueil\",\"item\":\"https:\\\/\\\/www.artisanlocal.ch\\\/c\\\/\"},{\"@type\":\"ListItem\",\"position\":2,\"name\":\"Chauffagiste \u00e0 Fribourg\"}]},{\"@type\":\"WebSite\",\"@id\":\"https:\\\/\\\/www.artisanlocal.ch\\\/c\\\/#website\",\"url\":\"https:\\\/\\\/www.artisanlocal.ch\\\/c\\\/\",\"name\":\"Artisanlocal\",\"description\":\"\",\"publisher\":{\"@id\":\"https:\\\/\\\/www.artisanlocal.ch\\\/c\\\/#organization\"},\"potentialAction\":[{\"@type\":\"SearchAction\",\"target\":{\"@type\":\"EntryPoint\",\"urlTemplate\":\"https:\\\/\\\/www.artisanlocal.ch\\\/c\\\/?s={search_term_string}\"},\"query-input\":{\"@type\":\"PropertyValueSpecification\",\"valueRequired\":true,\"valueName\":\"search_term_string\"}}],\"inLanguage\":\"fr-FR\"},{\"@type\":\"Organization\",\"@id\":\"https:\\\/\\\/www.artisanlocal.ch\\\/c\\\/#organization\",\"name\":\"Artisanlocal\",\"url\":\"https:\\\/\\\/www.artisanlocal.ch\\\/c\\\/\",\"logo\":{\"@type\":\"ImageObject\",\"inLanguage\":\"fr-FR\",\"@id\":\"https:\\\/\\\/www.artisanlocal.ch\\\/c\\\/#\\\/schema\\\/logo\\\/image\\\/\",\"url\":\"https:\\\/\\\/www.artisanlocal.ch\\\/c\\\/wp-content\\\/uploads\\\/2024\\\/02\\\/logo-artisanlocal-h.svg\",\"contentUrl\":\"https:\\\/\\\/www.artisanlocal.ch\\\/c\\\/wp-content\\\/uploads\\\/2024\\\/02\\\/logo-artisanlocal-h.svg\",\"caption\":\"Artisanlocal\"},\"image\":{\"@id\":\"https:\\\/\\\/www.artisanlocal.ch\\\/c\\\/#\\\/schema\\\/logo\\\/image\\\/\"}}]}<\/script>\n<!-- \/ Yoast SEO Premium plugin. -->","yoast_head_json":{"title":"Chauffagiste \u00e0 Fribourg - Artisanlocal","robots":{"index":"index","follow":"follow","max-snippet":"max-snippet:-1","max-image-preview":"max-image-preview:large","max-video-preview":"max-video-preview:-1"},"canonical":"https:\/\/www.artisanlocal.ch\/c\/chauffagiste-a-fribourg\/","og_locale":"fr_FR","og_type":"article","og_title":"Chauffagiste \u00e0 Fribourg","og_description":"Vous avez besoin d&rsquo;un chauffagiste \u00e0 Fribourg ? Artisanlocal s&rsquo;occupe de l&rsquo;installation et de la r\u00e9paration de votre chauffage. En optant de travailler avec nous, vous b\u00e9n\u00e9ficiez : d&rsquo;un prix comp\u00e9titif, d&rsquo;un service de qualit\u00e9, d&rsquo;une assistance en urgence \u00e0 Fribourg et dans les villes proches, d&rsquo;une entreprise exp\u00e9riment\u00e9e, d&rsquo;un devis gratuit, d&rsquo;une entreprise joignable [&hellip;]","og_url":"https:\/\/www.artisanlocal.ch\/c\/chauffagiste-a-fribourg\/","og_site_name":"Artisanlocal","article_modified_time":"2025-08-26T23:32:13+00:00","og_image":[{"width":1920,"height":300,"url":"https:\/\/www.artisanlocal.ch\/c\/wp-content\/uploads\/2024\/10\/chauffagiste.jpg","type":"image\/jpeg"}],"twitter_card":"summary_large_image","twitter_misc":{"Dur\u00e9e de lecture estim\u00e9e":"6 minutes"},"schema":{"@context":"https:\/\/schema.org","@graph":[{"@type":"WebPage","@id":"https:\/\/www.artisanlocal.ch\/c\/chauffagiste-a-fribourg\/","url":"https:\/\/www.artisanlocal.ch\/c\/chauffagiste-a-fribourg\/","name":"Chauffagiste \u00e0 Fribourg - Artisanlocal","isPartOf":{"@id":"https:\/\/www.artisanlocal.ch\/c\/#website"},"primaryImageOfPage":{"@id":"https:\/\/www.artisanlocal.ch\/c\/chauffagiste-a-fribourg\/#primaryimage"},"image":{"@id":"https:\/\/www.artisanlocal.ch\/c\/chauffagiste-a-fribourg\/#primaryimage"},"thumbnailUrl":"https:\/\/www.artisanlocal.ch\/c\/wp-content\/uploads\/2024\/10\/chauffagiste.jpg","datePublished":"2024-04-19T04:07:04+00:00","dateModified":"2025-08-26T23:32:13+00:00","breadcrumb":{"@id":"https:\/\/www.artisanlocal.ch\/c\/chauffagiste-a-fribourg\/#breadcrumb"},"inLanguage":"fr-FR","potentialAction":[{"@type":"ReadAction","target":["https:\/\/www.artisanlocal.ch\/c\/chauffagiste-a-fribourg\/"]}]},{"@type":"ImageObject","inLanguage":"fr-FR","@id":"https:\/\/www.artisanlocal.ch\/c\/chauffagiste-a-fribourg\/#primaryimage","url":"https:\/\/www.artisanlocal.ch\/c\/wp-content\/uploads\/2024\/10\/chauffagiste.jpg","contentUrl":"https:\/\/www.artisanlocal.ch\/c\/wp-content\/uploads\/2024\/10\/chauffagiste.jpg","width":1920,"height":300},{"@type":"BreadcrumbList","@id":"https:\/\/www.artisanlocal.ch\/c\/chauffagiste-a-fribourg\/#breadcrumb","itemListElement":[{"@type":"ListItem","position":1,"name":"Accueil","item":"https:\/\/www.artisanlocal.ch\/c\/"},{"@type":"ListItem","position":2,"name":"Chauffagiste \u00e0 Fribourg"}]},{"@type":"WebSite","@id":"https:\/\/www.artisanlocal.ch\/c\/#website","url":"https:\/\/www.artisanlocal.ch\/c\/","name":"Artisanlocal","description":"","publisher":{"@id":"https:\/\/www.artisanlocal.ch\/c\/#organization"},"potentialAction":[{"@type":"SearchAction","target":{"@type":"EntryPoint","urlTemplate":"https:\/\/www.artisanlocal.ch\/c\/?s={search_term_string}"},"query-input":{"@type":"PropertyValueSpecification","valueRequired":true,"valueName":"search_term_string"}}],"inLanguage":"fr-FR"},{"@type":"Organization","@id":"https:\/\/www.artisanlocal.ch\/c\/#organization","name":"Artisanlocal","url":"https:\/\/www.artisanlocal.ch\/c\/","logo":{"@type":"ImageObject","inLanguage":"fr-FR","@id":"https:\/\/www.artisanlocal.ch\/c\/#\/schema\/logo\/image\/","url":"https:\/\/www.artisanlocal.ch\/c\/wp-content\/uploads\/2024\/02\/logo-artisanlocal-h.svg","contentUrl":"https:\/\/www.artisanlocal.ch\/c\/wp-content\/uploads\/2024\/02\/logo-artisanlocal-h.svg","caption":"Artisanlocal"},"image":{"@id":"https:\/\/www.artisanlocal.ch\/c\/#\/schema\/logo\/image\/"}}]}},"_links":{"self":[{"href":"https:\/\/www.artisanlocal.ch\/c\/wp-json\/wp\/v2\/pages\/633","targetHints":{"allow":["GET"]}}],"collection":[{"href":"https:\/\/www.artisanlocal.ch\/c\/wp-json\/wp\/v2\/pages"}],"about":[{"href":"https:\/\/www.artisanlocal.ch\/c\/wp-json\/wp\/v2\/types\/page"}],"author":[{"embeddable":true,"href":"https:\/\/www.artisanlocal.ch\/c\/wp-json\/wp\/v2\/users\/4"}],"replies":[{"embeddable":true,"href":"https:\/\/www.artisanlocal.ch\/c\/wp-json\/wp\/v2\/comments?post=633"}],"version-history":[{"count":0,"href":"https:\/\/www.artisanlocal.ch\/c\/wp-json\/wp\/v2\/pages\/633\/revisions"}],"wp:featuredmedia":[{"embeddable":true,"href":"https:\/\/www.artisanlocal.ch\/c\/wp-json\/wp\/v2\/media\/2757"}],"wp:attachment":[{"href":"https:\/\/www.artisanlocal.ch\/c\/wp-json\/wp\/v2\/media?parent=633"}],"wp:term":[{"taxonomy":"profession","embeddable":true,"href":"https:\/\/www.artisanlocal.ch\/c\/wp-json\/wp\/v2\/profession?post=633"},{"taxonomy":"location","embeddable":true,"href":"https:\/\/www.artisanlocal.ch\/c\/wp-json\/wp\/v2\/location?post=633"},{"taxonomy":"canton","embeddable":true,"href":"https:\/\/www.artisanlocal.ch\/c\/wp-json\/wp\/v2\/canton?post=633"}],"curies":[{"name":"wp","href":"https:\/\/api.w.org\/{rel}","templated":true}]}}