{"id":634,"date":"2024-04-19T09:00:06","date_gmt":"2024-04-19T07:00:06","guid":{"rendered":"https:\/\/www.artisanlocal.ch\/c\/besoin-dun-chauffagiste-a-villars-sur-glane\/"},"modified":"2025-11-12T13:03:57","modified_gmt":"2025-11-12T12:03:57","slug":"besoin-dun-chauffagiste-a-villars-sur-glane","status":"publish","type":"page","link":"https:\/\/www.artisanlocal.ch\/c\/besoin-dun-chauffagiste-a-villars-sur-glane\/","title":{"rendered":"Chauffagiste \u00e0 Villars-sur-Gl\u00e2ne"},"content":{"rendered":"<p>Vous recherchez un chauffagiste \u00e0 Villars-sur-Gl\u00e2ne ? Artisanlocal s&rsquo;occupe de la r\u00e9paration et de l&rsquo;installation de votre chauffage.<\/p>\n<p><span style=\"font-size: revert;\">\r\n<div class=\"box\">\r\n            <div class=\"company-info\">\r\n            <img decoding=\"async\" class=\"company-info__logo\" src=\"https:\/\/www.artisanlocal.ch\/media\/cache\/thumb\/images\/companies\/69285824e908a419505735.png\" alt=\"Logo\">\r\n            <h2 class=\"company-info__name\">Polymaintenance SA<\/h2>\r\n            <p class=\"company-info__business\">Sanitaire - Chauffage - Curage - Traitement d'eau - D\u00e9pannage - Entretien - Installation - R\u00e9novation<\/p>\r\n        <\/div>\r\n        <div class=\"company-contact\">\r\n            <p class=\"company-info__address\">Route du Petit Moncor 14<\/p>\r\n                            <div class=\"links\">\r\n                                            <a class=\"btn has-accent-background-color js-phoneNumber\" href=\"tel:0264221918\" title=\"Appelez\" data-id=\"38841\" data-type=\"11\">026 422 19 18<\/a>\r\n                                                                <a class=\"btn has-accent-background-color\" href=\"https:\/\/www.polymaintenance.ch\/\" target=\"_blank\" title=\"Voir le site internet\" data-id=\"38841\" data-type=\"20\">Site internet<\/a>\r\n                                    <\/div>\r\n                    <\/div>\r\n    \r\n            \r\n<form action=\"https:\/\/www.artisanlocal.ch\/c\/wp-admin\/admin-ajax.php\" method=\"post\" class=\"form-contact\" id=\"artisan_form_contact_company_inline\">\r\n    <div><input type=\"hidden\" name=\"action\" value=\"company_contact\"><\/div>\r\n    <div><input type=\"hidden\" name=\"nonce\" value=\"85ec494698\"><\/div>\r\n    <div><input type=\"hidden\" name=\"company_id\" value=\"38841\"><\/div>\r\n    <div><input type=\"hidden\" name=\"form_id\" value=\"artisan_form_contact_company_inline\"><\/div>\r\n    <div class=\"gglcptch gglcptch_v3 gglcptch_custom\"><input type=\"hidden\" id=\"g-recaptcha-response\" name=\"g-recaptcha-response\" \/><br \/><div class=\"gglcptch_error_text\">La p\u00e9riode de v\u00e9rification reCAPTCHA a expir\u00e9. Veuillez recharger la page.<\/div><\/div>    <div class=\"form-content\">\r\n        <div class=\"form-group\">\r\n            <label for=\"contact_firstName\" class=\"required\">Pr\u00e9nom<\/label>\r\n            <input type=\"text\" name=\"firstName\" class=\"form-control\" required>\r\n        <\/div>\r\n        <div class=\"form-group\">\r\n            <label for=\"contact_lastName\" class=\"required\">Nom<\/label>\r\n            <input type=\"text\" name=\"lastName\" class=\"form-control\" required>\r\n        <\/div>\r\n        <div class=\"form-group\">\r\n            <label for=\"contact_email\" class=\"required\">Email<\/label>\r\n            <input type=\"email\" name=\"email\" class=\"form-control\" required>\r\n        <\/div>\r\n        <div class=\"form-group\">\r\n            <label for=\"contact_phone\" class=\"required\">Num\u00e9ro de t\u00e9l\u00e9phone<\/label>\r\n            <input type=\"tel\" name=\"phone\" class=\"form-control\" placeholder=\"0787117165\" pattern=\"^[0-9]{10}$\" required>\r\n        <\/div>\r\n        <div class=\"form-group\">\r\n            <label for=\"contact_postalCode\" class=\"required\">Code postal et localit\u00e9<\/label>\r\n            <input type=\"text\" name=\"postalCode\" class=\"form-control\" required>\r\n        <\/div>\r\n        <div class=\"form-group\">\r\n            <label for=\"contact_address\" class=\"required\">Adresse<\/label>\r\n            <input type=\"text\" name=\"address\" class=\"form-control\" required>\r\n        <\/div>\r\n        <div class=\"full-width topic\">\r\n            <p class=\"required\">Je souhaite \u00eatre contact\u00e9 pour :<\/p>\r\n            <div class=\"form-check\">\r\n                <input type=\"radio\" name=\"topic\" value=\"D\u00e9pannage\" class=\"form-control\" required>\r\n                <label for=\"d\u00e9pannage\">D\u00e9pannage<\/label>\r\n            <\/div>\r\n            <div class=\"form-check\">\r\n                <input type=\"radio\" name=\"topic\" value=\"Entretien\" class=\"form-control\" required>\r\n                <label for=\"entretien\">Entretien<\/label>\r\n            <\/div>\r\n            <div class=\"form-check\">\r\n                <input type=\"radio\" name=\"topic\" value=\"R\u00e9novation\" class=\"form-control\" required>\r\n                <label for=\"r\u00e9novation\">R\u00e9novation<\/label>\r\n            <\/div>\r\n            <div class=\"form-check\">\r\n                <input type=\"radio\" name=\"topic\" value=\"Autre\" class=\"form-control\" required>\r\n                <label for=\"autre\">Autre<\/label>\r\n            <\/div>\r\n        <\/div>\r\n        <div class=\"form-group full-width\">\r\n            <label for=\"contact_message\">Message<\/label>\r\n            <textarea name=\"message\" rows=\"3\" class=\"form-control\"><\/textarea>\r\n        <\/div>\r\n    <\/div>\r\n    <div class=\"form-actions\">\r\n        <button class=\"wp-block-button__link has-accent-background-color\">Contacter<\/button>\r\n    <\/div>\r\n<\/form>\r\n<div class=\"form-feedback\"><\/div>    <\/div><\/span><\/p>\n<h2>Pourquoi choisir Artisanlocal ?<\/h2>\n<ul>\n<li>Situ\u00e9 \u00e0 Villars-sur-Gl\u00e2ne notre entreprise intervient rapidement chez vous.<\/li>\n<li>Des prix transparents.<\/li>\n<li>Devis gratuits.<\/li>\n<li>Une \u00e9quipe joignable 7 jours sur 7.<\/li>\n<\/ul>\n<h2>Pourquoi la maintenance du chauffage est importante ?<\/h2>\n<p>Avoir un chauffage qui fonctionne est essentiel, surtout, si vous avez des jeunes enfants. Nos chauffagistes vous aident \u00e0 param\u00e9trer la temp\u00e9rature optimale et le taux de monoxyde de carbone cr\u00e9\u00e9 par votre chauffage. Quel que soit le type de votre syst\u00e8me de chauffage, nos chauffagistes assurent l&rsquo;entretien et la maintenance, de votre \u00e9quipement de chauffage : \u00e0 accumulation, basse temp\u00e9rature, \u00e9lectrique, fioul, condensation ou \u00e0 gaz.<\/p>\n<h2>Votre entreprise offre-t-elle une assistance t\u00e9l\u00e9phonique ?<\/h2>\n<p>Oui, nous pouvons vous aider par t\u00e9l\u00e9phone. Il vous suffit de nous d\u00e9crire votre probl\u00e8me pour que nous puissions en d\u00e9terminer les causes et identifier la solution. Il faut garder en t\u00eate que dans la majorit\u00e9 des cas, un expert doit se d\u00e9placer chez vous pour identifier et r\u00e9parer le probl\u00e8me.<\/p>\n<h2>De quelle mani\u00e8re fonctionne Artisanlocal ?<\/h2>\n<ol>\n<li>Premi\u00e8re prise de contact : il est n\u00e9cessaire que vous preniez contact avec nous par t\u00e9l\u00e9phone ou par e-mail.<\/li>\n<li>D\u00e9placement : un de nos chauffagistes se d\u00e9place \u00e0 votre domicile.<\/li>\n<li>Estimation : on examinera votre \u00e9quipement actuel, la superficie, l&rsquo;isolation et le volume de vos pi\u00e8ces pour \u00e9valuer et d\u00e9finir la solution id\u00e9ale.<\/li>\n<li>Strat\u00e9gie et devis : une strat\u00e9gie vous sera propos\u00e9e en fonction de votre budget et vos attentes, ensuite, vous recevrez un devis gratuit et d\u00e9taill\u00e9.<\/li>\n<li>Installation\/r\u00e9paration : apr\u00e8s avoir valid\u00e9 le devis et en fonction de votre agenda, nous installons\/r\u00e9parons votre chauffage.<\/li>\n<\/ol>\n<h2>Quels sont les meilleurs chauffages ?<\/h2>\n<p>Notre technicien chauffagiste vous conseille pour choisir la meilleure solution, il vous conseille parmi les chauffages existants : \u00e0 gaz, \u00e9lectriques, fioul, classiques, basses temp\u00e9ratures ou \u00e0 condensation.<\/p>\n<p>Les chauffages \u00e0 condensation ou basses temp\u00e9ratures co\u00fbtent plus cher \u00e0 l&rsquo;achat, mais ils permettent de faire des \u00e9conomies sur le long terme.<\/p>\n<p>Par ailleurs, avant d&rsquo;installer votre chauffage, il faut param\u00e9trer la bonne temp\u00e9rature en fonction du volume des pi\u00e8ces.<\/p>\n<h2>Solution de maintenance de votre chauffage \u00e0 Villars-sur-Gl\u00e2ne<\/h2>\n<p>Assurez-vous de r\u00e9aliser la maintenance de votre chauffage tous les ans, qu&rsquo;il soit au fioul ou au gaz. Faire appel \u00e0 un expert pour l&rsquo;entretien de votre chauffage permet de limiter les taux de monoxyde de carbone pr\u00e9sents dans l&rsquo;air. \u00c0 noter, si votre chauffage g\u00e9n\u00e8re trop de monoxyde de carbone, il est possible d&rsquo;intoxiquer les membres de votre foyer. Le chauffagiste qui se d\u00e9place r\u00e8gle et contr\u00f4le le taux de monoxyde de carbone de votre chauffage.<\/p>\n<h2>Contrat d&rsquo;assistance pour votre chauffage \u00e0 Villars-sur-Gl\u00e2ne<\/h2>\n<p>Notre soci\u00e9t\u00e9 propose des contrats de maintenance de chauffage afin d&rsquo;en garantir le fonctionnement optimal. En effectuant une maintenance r\u00e9guli\u00e8re, vous \u00e9conomisez de l&rsquo;argent sur le long terme.<\/p>\n<p>Par ailleurs, si vous avez un sinistre, votre assurance vous demande le contrat d&rsquo;entretien dans le but de contr\u00f4ler l&rsquo;\u00e9tat de votre chauffage avant l&rsquo;incident. Notre soci\u00e9t\u00e9 offre des contrats d&rsquo;entretien pluriannuels ou annuels.<\/p>\n<h2>Quels sont les b\u00e9n\u00e9fices de souscrire \u00e0 un contrat de maintenance pour votre chauffage ?<\/h2>\n<p>Si vous avez une partie qui est endommag\u00e9e, nous la rempla\u00e7ons en priorit\u00e9, nous prenons l&rsquo;engagement de contr\u00f4ler l&rsquo;ensemble de votre chauffage, comme :<\/p>\n<ul>\n<li>Les niveaux de pression dans vos conduits,<\/li>\n<li>et l&rsquo;\u00e9tat de votre br\u00fbleur, des conduits et des diff\u00e9rents \u00e9l\u00e9ments chauffants.<\/li>\n<\/ul>\n<h2>Quels services propose votre entreprise ?<\/h2>\n<ul>\n<li>Le d\u00e9sembouage et le d\u00e9tartrage de vos radiateurs,<\/li>\n<li>la purge de vos radiateurs,<\/li>\n<li>l\u2019entretien des chauffe-eau et des chaudi\u00e8res,<\/li>\n<li>l&rsquo;ajustement des thermostats,<\/li>\n<li>l&rsquo;entretien des chaudi\u00e8res \u00e0 condensation, \u00e0 gaz, basses temp\u00e9ratures, \u00e0 fioul, \u00e0 accumulation et \u00e9lectriques,<\/li>\n<li>la remise en \u00e9tat de la vanne de purge,<\/li>\n<li>l&rsquo;intervention et la remise en \u00e9tat : fuite de tuyauterie, radiateur qui ne chauffe plus, chaudi\u00e8re, etc.<\/li>\n<li>la mise en place de : radiateur \u00e9lectrique, pompe \u00e0 chaleur, plancher chauffant, chaudi\u00e8re, chauffage, etc.<\/li>\n<\/ul>\n<h2>FAQ<\/h2>\n<h3>Pourquoi faire appel \u00e0 un chauffagiste Villarois ?<\/h3>\n<ul>\n<li>Stabiliser la temp\u00e9rature int\u00e9rieure de vos pi\u00e8ces.<\/li>\n<li>Faire des \u00e9conomies : un chauffage et une isolation performants, vous permet de r\u00e9aliser des \u00e9conomies.<\/li>\n<li>Assurer la s\u00fbret\u00e9 de vos installations.<\/li>\n<li>Pr\u00e9venir les probl\u00e8mes : en examinant votre syst\u00e8me de chauffage, un technicien peut anticiper les probl\u00e8mes.<\/li>\n<\/ul>\n<h3>Quels sont les \u00e9l\u00e9ments \u00e0 prendre en consid\u00e9ration pour choisir le meilleur chauffagiste \u00e0 Villars-sur-Gl\u00e2ne ?<\/h3>\n<ul>\n<li>Les comp\u00e9tences : v\u00e9rifiez les certifications t\u00e9moignant que la soci\u00e9t\u00e9 \u00e0 un v\u00e9ritable savoir-faire dans son secteur.<\/li>\n<li>Les avis clients : prenez le temps de consulter les t\u00e9moignages des anciens clients ayant d\u00e9j\u00e0 travaill\u00e9 avec les soci\u00e9t\u00e9s.<\/li>\n<li>Les garanties : v\u00e9rifiez que la soci\u00e9t\u00e9 dispose d&rsquo;une garantie assurance qui couvre les possibles dommages caus\u00e9s lors de ses op\u00e9rations.<\/li>\n<\/ul>\n<h3>Quels sont vos d\u00e9lais d&rsquo;interventions ?<\/h3>\n<p>Si vous avez un probl\u00e8me qui demande une intervention en urgence, nous avons la possibilit\u00e9 d\u2019intervenir dans les 48 heures.<\/p>\n<h3>Votre soci\u00e9t\u00e9 intervient \u00e0 Villars-sur-Gl\u00e2ne, mais aussi dans les villes aux environs ?<\/h3>\n<p>Oui, nous intervenons \u00e0 Villars-sur-Gl\u00e2ne et dans les villes proches, comme : Estavayer-le-Gibloux, Rueyres-St-Laurent, Villarlod, Villarsel-le-Gibloux, Vuisternens-en-Ogoz, Ch\u00e9sopelloz, Corminboeuf, Bourguillon, Marly, Pierrafortscha, Villarsel-sur-Marly, Ferpicloz, Bonnefontaine, Essert FR, Le Mouret, Mont\u00e9vraz, Oberried FR, Z\u00e9nauva, Sen\u00e8des, Posieux, Farvagny-le-Grand, Farvagny-le-Petit, Grenilles, Posat, Corpataux, Magnedens, Rossens FR, Ecuvillens, Ependes FR, Arconciel, Treyvaux, Neyruz FR, Cottens FR, Autigny, Ch\u00e9nens, Lentigny, Prez-vers-Nor\u00e9az, Corserey, Matran, Avry-sur-Matran, Corjolens, Lovens, Onnens FR, Nor\u00e9az, Givisiez, Granges-Paccot, Grolley, Nierlet-les-Bois, Ponthaux, Autafond, Belfaux, Cormagens, Formangueires, La Corbaz, Lossy, Pensier, Barber\u00eache.<\/p>\n","protected":false},"excerpt":{"rendered":"<p>Vous recherchez un chauffagiste \u00e0 Villars-sur-Gl\u00e2ne ? Artisanlocal s&rsquo;occupe de la r\u00e9paration et de l&rsquo;installation de votre chauffage. Pourquoi choisir Artisanlocal ? Situ\u00e9 \u00e0 Villars-sur-Gl\u00e2ne notre entreprise intervient rapidement chez vous. Des prix transparents. Devis gratuits. Une \u00e9quipe joignable 7 jours sur 7. Pourquoi la maintenance du chauffage est importante ? Avoir un chauffage qui [&hellip;]<\/p>\n","protected":false},"author":4,"featured_media":2757,"parent":0,"menu_order":0,"comment_status":"closed","ping_status":"closed","template":"","meta":{"footnotes":""},"profession":[120],"location":[92],"canton":[109],"class_list":["post-634","page","type-page","status-publish","has-post-thumbnail","hentry","profession-chauffagiste","location-villars-sur-glane","canton-fr"],"yoast_head":"<!-- This site is optimized with the Yoast SEO Premium plugin v25.7.1 (Yoast SEO v27.3) - https:\/\/yoast.com\/product\/yoast-seo-premium-wordpress\/ -->\n<title>Chauffagiste \u00e0 Villars-sur-Gl\u00e2ne - Artisanlocal<\/title>\n<meta name=\"robots\" content=\"index, follow, max-snippet:-1, max-image-preview:large, max-video-preview:-1\" \/>\n<link rel=\"canonical\" href=\"https:\/\/www.artisanlocal.ch\/c\/besoin-dun-chauffagiste-a-villars-sur-glane\/\" \/>\n<meta property=\"og:locale\" content=\"fr_FR\" \/>\n<meta property=\"og:type\" content=\"article\" \/>\n<meta property=\"og:title\" content=\"Chauffagiste \u00e0 Villars-sur-Gl\u00e2ne\" \/>\n<meta property=\"og:description\" content=\"Vous recherchez un chauffagiste \u00e0 Villars-sur-Gl\u00e2ne ? Artisanlocal s&rsquo;occupe de la r\u00e9paration et de l&rsquo;installation de votre chauffage. Pourquoi choisir Artisanlocal ? Situ\u00e9 \u00e0 Villars-sur-Gl\u00e2ne notre entreprise intervient rapidement chez vous. Des prix transparents. Devis gratuits. Une \u00e9quipe joignable 7 jours sur 7. Pourquoi la maintenance du chauffage est importante ? Avoir un chauffage qui [&hellip;]\" \/>\n<meta property=\"og:url\" content=\"https:\/\/www.artisanlocal.ch\/c\/besoin-dun-chauffagiste-a-villars-sur-glane\/\" \/>\n<meta property=\"og:site_name\" content=\"Artisanlocal\" \/>\n<meta property=\"article:modified_time\" content=\"2025-11-12T12:03:57+00:00\" \/>\n<meta property=\"og:image\" content=\"https:\/\/www.artisanlocal.ch\/c\/wp-content\/uploads\/2024\/10\/chauffagiste.jpg\" \/>\n\t<meta property=\"og:image:width\" content=\"1920\" \/>\n\t<meta property=\"og:image:height\" content=\"300\" \/>\n\t<meta property=\"og:image:type\" content=\"image\/jpeg\" \/>\n<meta name=\"twitter:card\" content=\"summary_large_image\" \/>\n<meta name=\"twitter:label1\" content=\"Dur\u00e9e de lecture estim\u00e9e\" \/>\n\t<meta name=\"twitter:data1\" content=\"5 minutes\" \/>\n<script type=\"application\/ld+json\" class=\"yoast-schema-graph\">{\"@context\":\"https:\\\/\\\/schema.org\",\"@graph\":[{\"@type\":\"WebPage\",\"@id\":\"https:\\\/\\\/www.artisanlocal.ch\\\/c\\\/besoin-dun-chauffagiste-a-villars-sur-glane\\\/\",\"url\":\"https:\\\/\\\/www.artisanlocal.ch\\\/c\\\/besoin-dun-chauffagiste-a-villars-sur-glane\\\/\",\"name\":\"Chauffagiste \u00e0 Villars-sur-Gl\u00e2ne - Artisanlocal\",\"isPartOf\":{\"@id\":\"https:\\\/\\\/www.artisanlocal.ch\\\/c\\\/#website\"},\"primaryImageOfPage\":{\"@id\":\"https:\\\/\\\/www.artisanlocal.ch\\\/c\\\/besoin-dun-chauffagiste-a-villars-sur-glane\\\/#primaryimage\"},\"image\":{\"@id\":\"https:\\\/\\\/www.artisanlocal.ch\\\/c\\\/besoin-dun-chauffagiste-a-villars-sur-glane\\\/#primaryimage\"},\"thumbnailUrl\":\"https:\\\/\\\/www.artisanlocal.ch\\\/c\\\/wp-content\\\/uploads\\\/2024\\\/10\\\/chauffagiste.jpg\",\"datePublished\":\"2024-04-19T07:00:06+00:00\",\"dateModified\":\"2025-11-12T12:03:57+00:00\",\"breadcrumb\":{\"@id\":\"https:\\\/\\\/www.artisanlocal.ch\\\/c\\\/besoin-dun-chauffagiste-a-villars-sur-glane\\\/#breadcrumb\"},\"inLanguage\":\"fr-FR\",\"potentialAction\":[{\"@type\":\"ReadAction\",\"target\":[\"https:\\\/\\\/www.artisanlocal.ch\\\/c\\\/besoin-dun-chauffagiste-a-villars-sur-glane\\\/\"]}]},{\"@type\":\"ImageObject\",\"inLanguage\":\"fr-FR\",\"@id\":\"https:\\\/\\\/www.artisanlocal.ch\\\/c\\\/besoin-dun-chauffagiste-a-villars-sur-glane\\\/#primaryimage\",\"url\":\"https:\\\/\\\/www.artisanlocal.ch\\\/c\\\/wp-content\\\/uploads\\\/2024\\\/10\\\/chauffagiste.jpg\",\"contentUrl\":\"https:\\\/\\\/www.artisanlocal.ch\\\/c\\\/wp-content\\\/uploads\\\/2024\\\/10\\\/chauffagiste.jpg\",\"width\":1920,\"height\":300},{\"@type\":\"BreadcrumbList\",\"@id\":\"https:\\\/\\\/www.artisanlocal.ch\\\/c\\\/besoin-dun-chauffagiste-a-villars-sur-glane\\\/#breadcrumb\",\"itemListElement\":[{\"@type\":\"ListItem\",\"position\":1,\"name\":\"Accueil\",\"item\":\"https:\\\/\\\/www.artisanlocal.ch\\\/c\\\/\"},{\"@type\":\"ListItem\",\"position\":2,\"name\":\"Chauffagiste \u00e0 Villars-sur-Gl\u00e2ne\"}]},{\"@type\":\"WebSite\",\"@id\":\"https:\\\/\\\/www.artisanlocal.ch\\\/c\\\/#website\",\"url\":\"https:\\\/\\\/www.artisanlocal.ch\\\/c\\\/\",\"name\":\"Artisanlocal\",\"description\":\"\",\"publisher\":{\"@id\":\"https:\\\/\\\/www.artisanlocal.ch\\\/c\\\/#organization\"},\"potentialAction\":[{\"@type\":\"SearchAction\",\"target\":{\"@type\":\"EntryPoint\",\"urlTemplate\":\"https:\\\/\\\/www.artisanlocal.ch\\\/c\\\/?s={search_term_string}\"},\"query-input\":{\"@type\":\"PropertyValueSpecification\",\"valueRequired\":true,\"valueName\":\"search_term_string\"}}],\"inLanguage\":\"fr-FR\"},{\"@type\":\"Organization\",\"@id\":\"https:\\\/\\\/www.artisanlocal.ch\\\/c\\\/#organization\",\"name\":\"Artisanlocal\",\"url\":\"https:\\\/\\\/www.artisanlocal.ch\\\/c\\\/\",\"logo\":{\"@type\":\"ImageObject\",\"inLanguage\":\"fr-FR\",\"@id\":\"https:\\\/\\\/www.artisanlocal.ch\\\/c\\\/#\\\/schema\\\/logo\\\/image\\\/\",\"url\":\"https:\\\/\\\/www.artisanlocal.ch\\\/c\\\/wp-content\\\/uploads\\\/2024\\\/02\\\/logo-artisanlocal-h.svg\",\"contentUrl\":\"https:\\\/\\\/www.artisanlocal.ch\\\/c\\\/wp-content\\\/uploads\\\/2024\\\/02\\\/logo-artisanlocal-h.svg\",\"caption\":\"Artisanlocal\"},\"image\":{\"@id\":\"https:\\\/\\\/www.artisanlocal.ch\\\/c\\\/#\\\/schema\\\/logo\\\/image\\\/\"}}]}<\/script>\n<!-- \/ Yoast SEO Premium plugin. -->","yoast_head_json":{"title":"Chauffagiste \u00e0 Villars-sur-Gl\u00e2ne - Artisanlocal","robots":{"index":"index","follow":"follow","max-snippet":"max-snippet:-1","max-image-preview":"max-image-preview:large","max-video-preview":"max-video-preview:-1"},"canonical":"https:\/\/www.artisanlocal.ch\/c\/besoin-dun-chauffagiste-a-villars-sur-glane\/","og_locale":"fr_FR","og_type":"article","og_title":"Chauffagiste \u00e0 Villars-sur-Gl\u00e2ne","og_description":"Vous recherchez un chauffagiste \u00e0 Villars-sur-Gl\u00e2ne ? Artisanlocal s&rsquo;occupe de la r\u00e9paration et de l&rsquo;installation de votre chauffage. Pourquoi choisir Artisanlocal ? Situ\u00e9 \u00e0 Villars-sur-Gl\u00e2ne notre entreprise intervient rapidement chez vous. Des prix transparents. Devis gratuits. Une \u00e9quipe joignable 7 jours sur 7. Pourquoi la maintenance du chauffage est importante ? Avoir un chauffage qui [&hellip;]","og_url":"https:\/\/www.artisanlocal.ch\/c\/besoin-dun-chauffagiste-a-villars-sur-glane\/","og_site_name":"Artisanlocal","article_modified_time":"2025-11-12T12:03:57+00:00","og_image":[{"width":1920,"height":300,"url":"https:\/\/www.artisanlocal.ch\/c\/wp-content\/uploads\/2024\/10\/chauffagiste.jpg","type":"image\/jpeg"}],"twitter_card":"summary_large_image","twitter_misc":{"Dur\u00e9e de lecture estim\u00e9e":"5 minutes"},"schema":{"@context":"https:\/\/schema.org","@graph":[{"@type":"WebPage","@id":"https:\/\/www.artisanlocal.ch\/c\/besoin-dun-chauffagiste-a-villars-sur-glane\/","url":"https:\/\/www.artisanlocal.ch\/c\/besoin-dun-chauffagiste-a-villars-sur-glane\/","name":"Chauffagiste \u00e0 Villars-sur-Gl\u00e2ne - Artisanlocal","isPartOf":{"@id":"https:\/\/www.artisanlocal.ch\/c\/#website"},"primaryImageOfPage":{"@id":"https:\/\/www.artisanlocal.ch\/c\/besoin-dun-chauffagiste-a-villars-sur-glane\/#primaryimage"},"image":{"@id":"https:\/\/www.artisanlocal.ch\/c\/besoin-dun-chauffagiste-a-villars-sur-glane\/#primaryimage"},"thumbnailUrl":"https:\/\/www.artisanlocal.ch\/c\/wp-content\/uploads\/2024\/10\/chauffagiste.jpg","datePublished":"2024-04-19T07:00:06+00:00","dateModified":"2025-11-12T12:03:57+00:00","breadcrumb":{"@id":"https:\/\/www.artisanlocal.ch\/c\/besoin-dun-chauffagiste-a-villars-sur-glane\/#breadcrumb"},"inLanguage":"fr-FR","potentialAction":[{"@type":"ReadAction","target":["https:\/\/www.artisanlocal.ch\/c\/besoin-dun-chauffagiste-a-villars-sur-glane\/"]}]},{"@type":"ImageObject","inLanguage":"fr-FR","@id":"https:\/\/www.artisanlocal.ch\/c\/besoin-dun-chauffagiste-a-villars-sur-glane\/#primaryimage","url":"https:\/\/www.artisanlocal.ch\/c\/wp-content\/uploads\/2024\/10\/chauffagiste.jpg","contentUrl":"https:\/\/www.artisanlocal.ch\/c\/wp-content\/uploads\/2024\/10\/chauffagiste.jpg","width":1920,"height":300},{"@type":"BreadcrumbList","@id":"https:\/\/www.artisanlocal.ch\/c\/besoin-dun-chauffagiste-a-villars-sur-glane\/#breadcrumb","itemListElement":[{"@type":"ListItem","position":1,"name":"Accueil","item":"https:\/\/www.artisanlocal.ch\/c\/"},{"@type":"ListItem","position":2,"name":"Chauffagiste \u00e0 Villars-sur-Gl\u00e2ne"}]},{"@type":"WebSite","@id":"https:\/\/www.artisanlocal.ch\/c\/#website","url":"https:\/\/www.artisanlocal.ch\/c\/","name":"Artisanlocal","description":"","publisher":{"@id":"https:\/\/www.artisanlocal.ch\/c\/#organization"},"potentialAction":[{"@type":"SearchAction","target":{"@type":"EntryPoint","urlTemplate":"https:\/\/www.artisanlocal.ch\/c\/?s={search_term_string}"},"query-input":{"@type":"PropertyValueSpecification","valueRequired":true,"valueName":"search_term_string"}}],"inLanguage":"fr-FR"},{"@type":"Organization","@id":"https:\/\/www.artisanlocal.ch\/c\/#organization","name":"Artisanlocal","url":"https:\/\/www.artisanlocal.ch\/c\/","logo":{"@type":"ImageObject","inLanguage":"fr-FR","@id":"https:\/\/www.artisanlocal.ch\/c\/#\/schema\/logo\/image\/","url":"https:\/\/www.artisanlocal.ch\/c\/wp-content\/uploads\/2024\/02\/logo-artisanlocal-h.svg","contentUrl":"https:\/\/www.artisanlocal.ch\/c\/wp-content\/uploads\/2024\/02\/logo-artisanlocal-h.svg","caption":"Artisanlocal"},"image":{"@id":"https:\/\/www.artisanlocal.ch\/c\/#\/schema\/logo\/image\/"}}]}},"_links":{"self":[{"href":"https:\/\/www.artisanlocal.ch\/c\/wp-json\/wp\/v2\/pages\/634","targetHints":{"allow":["GET"]}}],"collection":[{"href":"https:\/\/www.artisanlocal.ch\/c\/wp-json\/wp\/v2\/pages"}],"about":[{"href":"https:\/\/www.artisanlocal.ch\/c\/wp-json\/wp\/v2\/types\/page"}],"author":[{"embeddable":true,"href":"https:\/\/www.artisanlocal.ch\/c\/wp-json\/wp\/v2\/users\/4"}],"replies":[{"embeddable":true,"href":"https:\/\/www.artisanlocal.ch\/c\/wp-json\/wp\/v2\/comments?post=634"}],"version-history":[{"count":0,"href":"https:\/\/www.artisanlocal.ch\/c\/wp-json\/wp\/v2\/pages\/634\/revisions"}],"wp:featuredmedia":[{"embeddable":true,"href":"https:\/\/www.artisanlocal.ch\/c\/wp-json\/wp\/v2\/media\/2757"}],"wp:attachment":[{"href":"https:\/\/www.artisanlocal.ch\/c\/wp-json\/wp\/v2\/media?parent=634"}],"wp:term":[{"taxonomy":"profession","embeddable":true,"href":"https:\/\/www.artisanlocal.ch\/c\/wp-json\/wp\/v2\/profession?post=634"},{"taxonomy":"location","embeddable":true,"href":"https:\/\/www.artisanlocal.ch\/c\/wp-json\/wp\/v2\/location?post=634"},{"taxonomy":"canton","embeddable":true,"href":"https:\/\/www.artisanlocal.ch\/c\/wp-json\/wp\/v2\/canton?post=634"}],"curies":[{"name":"wp","href":"https:\/\/api.w.org\/{rel}","templated":true}]}}