{"id":635,"date":"2024-04-19T12:29:47","date_gmt":"2024-04-19T10:29:47","guid":{"rendered":"https:\/\/www.artisanlocal.ch\/c\/chauffagiste-a-attalens\/"},"modified":"2025-08-26T19:29:58","modified_gmt":"2025-08-26T17:29:58","slug":"chauffagiste-a-attalens","status":"publish","type":"page","link":"https:\/\/www.artisanlocal.ch\/c\/chauffagiste-a-attalens\/","title":{"rendered":"Chauffagiste \u00e0 Attalens"},"content":{"rendered":"<p>Besoin d&rsquo;un chauffagiste \u00e0 Attalens ? Artisanlocal s&rsquo;occupe de la r\u00e9paration et de l&rsquo;installation de votre chauffage. Avec notre entreprise, vous profitez :<\/p>\n<ul>\n<li>d&rsquo;une tarification d\u00e9taill\u00e9e,<\/li>\n<li>de services de qualit\u00e9,<\/li>\n<li>d&rsquo;assistance \u00e0 Attalens et dans ses environs,<\/li>\n<li>d&rsquo;une entreprise avec de l&rsquo;exp\u00e9rience,<\/li>\n<li>d&rsquo;un devis gratuit,<\/li>\n<li>d&rsquo;experts joignables du lundi au samedi pour r\u00e9pondre \u00e0 toutes vos interrogations.<\/li>\n<\/ul>\n\r\n<div class=\"box\">\r\n            <div class=\"company-info\">\r\n            <img decoding=\"async\" class=\"company-info__logo\" src=\"https:\/\/www.artisanlocal.ch\/media\/cache\/thumb\/images\/companies\/6936b09c21170453102254.png\" alt=\"Logo\">\r\n            <h2 class=\"company-info__name\">Balmat SA<\/h2>\r\n            <p class=\"company-info__business\">Syst\u00e8mes de chauffage - Ventilation - Installations sanitaires - R\u00e9novation de salles de bains<\/p>\r\n        <\/div>\r\n        <div class=\"company-contact\">\r\n            <p class=\"company-info__address\">Rte de l'Ancienne Ferme 1<\/p>\r\n                            <div class=\"links\">\r\n                                            <a class=\"btn has-accent-background-color js-phoneNumber\" href=\"tel:0269128989\" title=\"Appelez\" data-id=\"38845\" data-type=\"11\">026 912 89 89<\/a>\r\n                                                                <a class=\"btn has-accent-background-color\" href=\"https:\/\/www.balmat-sa.ch\/\" target=\"_blank\" title=\"Voir le site internet\" data-id=\"38845\" data-type=\"20\">Site internet<\/a>\r\n                                    <\/div>\r\n                    <\/div>\r\n    \r\n            \r\n<form action=\"https:\/\/www.artisanlocal.ch\/c\/wp-admin\/admin-ajax.php\" method=\"post\" class=\"form-contact\" id=\"artisan_form_contact_company_inline\">\r\n    <div><input type=\"hidden\" name=\"action\" value=\"company_contact\"><\/div>\r\n    <div><input type=\"hidden\" name=\"nonce\" value=\"85ec494698\"><\/div>\r\n    <div><input type=\"hidden\" name=\"company_id\" value=\"38845\"><\/div>\r\n    <div><input type=\"hidden\" name=\"form_id\" value=\"artisan_form_contact_company_inline\"><\/div>\r\n    <div class=\"gglcptch gglcptch_v3 gglcptch_custom\"><input type=\"hidden\" id=\"g-recaptcha-response\" name=\"g-recaptcha-response\" \/><br \/><div class=\"gglcptch_error_text\">La p\u00e9riode de v\u00e9rification reCAPTCHA a expir\u00e9. Veuillez recharger la page.<\/div><\/div>    <div class=\"form-content\">\r\n        <div class=\"form-group\">\r\n            <label for=\"contact_firstName\" class=\"required\">Pr\u00e9nom<\/label>\r\n            <input type=\"text\" name=\"firstName\" class=\"form-control\" required>\r\n        <\/div>\r\n        <div class=\"form-group\">\r\n            <label for=\"contact_lastName\" class=\"required\">Nom<\/label>\r\n            <input type=\"text\" name=\"lastName\" class=\"form-control\" required>\r\n        <\/div>\r\n        <div class=\"form-group\">\r\n            <label for=\"contact_email\" class=\"required\">Email<\/label>\r\n            <input type=\"email\" name=\"email\" class=\"form-control\" required>\r\n        <\/div>\r\n        <div class=\"form-group\">\r\n            <label for=\"contact_phone\" class=\"required\">Num\u00e9ro de t\u00e9l\u00e9phone<\/label>\r\n            <input type=\"tel\" name=\"phone\" class=\"form-control\" placeholder=\"0787117165\" pattern=\"^[0-9]{10}$\" required>\r\n        <\/div>\r\n        <div class=\"form-group\">\r\n            <label for=\"contact_postalCode\" class=\"required\">Code postal et localit\u00e9<\/label>\r\n            <input type=\"text\" name=\"postalCode\" class=\"form-control\" required>\r\n        <\/div>\r\n        <div class=\"form-group\">\r\n            <label for=\"contact_address\" class=\"required\">Adresse<\/label>\r\n            <input type=\"text\" name=\"address\" class=\"form-control\" required>\r\n        <\/div>\r\n        <div class=\"full-width topic\">\r\n            <p class=\"required\">Je souhaite \u00eatre contact\u00e9 pour :<\/p>\r\n            <div class=\"form-check\">\r\n                <input type=\"radio\" name=\"topic\" value=\"D\u00e9pannage\" class=\"form-control\" required>\r\n                <label for=\"d\u00e9pannage\">D\u00e9pannage<\/label>\r\n            <\/div>\r\n            <div class=\"form-check\">\r\n                <input type=\"radio\" name=\"topic\" value=\"Entretien\" class=\"form-control\" required>\r\n                <label for=\"entretien\">Entretien<\/label>\r\n            <\/div>\r\n            <div class=\"form-check\">\r\n                <input type=\"radio\" name=\"topic\" value=\"R\u00e9novation\" class=\"form-control\" required>\r\n                <label for=\"r\u00e9novation\">R\u00e9novation<\/label>\r\n            <\/div>\r\n            <div class=\"form-check\">\r\n                <input type=\"radio\" name=\"topic\" value=\"Autre\" class=\"form-control\" required>\r\n                <label for=\"autre\">Autre<\/label>\r\n            <\/div>\r\n        <\/div>\r\n        <div class=\"form-group full-width\">\r\n            <label for=\"contact_message\">Message<\/label>\r\n            <textarea name=\"message\" rows=\"3\" class=\"form-control\"><\/textarea>\r\n        <\/div>\r\n    <\/div>\r\n    <div class=\"form-actions\">\r\n        <button class=\"wp-block-button__link has-accent-background-color\">Contacter<\/button>\r\n    <\/div>\r\n<\/form>\r\n<div class=\"form-feedback\"><\/div>    <\/div>\n<h2>Pourquoi travailler avec notre entreprise ?<\/h2>\n<ul>\n<li>Estimation rapide de votre projet.<\/li>\n<li>Intervention chez vous dans la journ\u00e9e.<\/li>\n<li>Mise en place de votre syst\u00e8me de chauffage en 24 \u00e0 48 heures.<\/li>\n<li>Assistance technique et de r\u00e9paration \u00e0 Attalens et dans les villes aux alentours.<\/li>\n<\/ul>\n<h2>Pourquoi est-il indispensable de d\u00e9panner votre chauffage ?<\/h2>\n<p>Avoir un syst\u00e8me de chauffage qui fonctionne est essentiel, surtout, si vous avez de jeunes enfants. Notre \u00e9quipe vous assiste \u00e0 r\u00e9gler la bonne temp\u00e9rature et v\u00e9rifie le taux de monoxyde de carbone \u00e9mis par votre appareil de chauffage. Nos experts assurent la maintenance et l&rsquo;entretien de votre chauffage, peu importe le mod\u00e8le : \u00e0 accumulation, basse temp\u00e9rature, fioul, condensation, \u00e9lectrique ou \u00e0 gaz.<\/p>\n<h2>Est-il possible que votre entreprise m&rsquo;aide \u00e0 distance ?<\/h2>\n<p>Oui, notre soci\u00e9t\u00e9 Artisanlocal peut vous guider \u00e0 distance. En nous d\u00e9crivant votre probl\u00e9matique par t\u00e9l\u00e9phone, nous identifierons la bonne solution pour r\u00e9gler votre probl\u00e8me de chauffage. Il faut garder \u00e0 l&rsquo;esprit que dans la plupart des cas, un technicien doit intervenir chez vous pour identifier et r\u00e9parer votre probl\u00e8me de chauffage.<\/p>\n<h2>De quelle mani\u00e8re fonctionne Artisanlocal ?<\/h2>\n<ol>\n<li>Premier contact : Il est n\u00e9cessaire de nous joindre par t\u00e9l\u00e9phone ou par message.<\/li>\n<li>D\u00e9placement : un technicien chauffagiste Attalensois intervient \u00e0 votre domicile.<\/li>\n<li>Estimation : le chauffagiste estime le prix, pour cela, il doit prendre en compte la surface de votre appartement, le volume de vos pi\u00e8ces et examiner l&rsquo;isolation actuelle.<\/li>\n<li>Indication : le technicien vous oriente pour choisir le meilleur syst\u00e8me de chauffage, il prend en compte votre budget, l&rsquo;efficacit\u00e9 et la rentabilit\u00e9 que vous souhaitez obtenir.<\/li>\n<li>Devis : vous recevez une estimation d\u00e9taill\u00e9e, vous pr\u00e9sentant les diverses d\u00e9penses.<\/li>\n<li>Pose : apr\u00e8s avoir sign\u00e9 notre estimation, nous r\u00e9alisons l&rsquo;installation de votre chauffage et param\u00e9trons le thermostat en fonction de vos besoins.<\/li>\n<\/ol>\n<h2>Quels sont les chauffages les plus performants pour votre habitation ?<\/h2>\n<p>L&rsquo;expert qui se d\u00e9place dans votre foyer, vous conseille pour choisir le meilleur chauffage possible, comme les syst\u00e8mes de chauffages : \u00e0 condensation, \u00e9lectriques, \u00e0 gaz, classiques, fioul ou encore basses temp\u00e9ratures.<\/p>\n<p>Bien que les chauffages \u00e0 condensation ou basses temp\u00e9ratures co\u00fbtent plus cher \u00e0 l&rsquo;acquisition, mais ils contribuent \u00e0 faire des \u00e9conomies sur le long terme.<\/p>\n<p>De plus, avant la mise en place de votre chauffage, il faut choisir le meilleur thermostat. Le chauffagiste qui intervient chez vous est un professionnel avec une solide exp\u00e9rience. Dans le devis, vous trouvez les d\u00e9tails de l\u2019intervention, comme le co\u00fbt de la main-d&rsquo;\u0153uvre et aussi du syst\u00e8me de chauffages.<\/p>\n<h2>Solution de maintenance de votre chauffage \u00e0 Attalens<\/h2>\n<p>Assurez-vous de faire la maintenance de votre chauffage chaque ann\u00e9e, qu&rsquo;il soit au gaz ou au fioul. Solliciter un technicien pour l&rsquo;entretien de votre chauffage permet de contr\u00f4ler les \u00e9missions de monoxyde de carbone. \u00c0 noter, si votre chauffage cr\u00e9e trop de monoxyde de carbone, il est possible de vous intoxiquer. Lors de notre intervention, l&rsquo;expert v\u00e9rifie et r\u00e8gle les \u00e9missions de monoxyde de carbone de votre chauffage pour vous \u00e9viter d&rsquo;avoir des probl\u00e8mes de sant\u00e9.<\/p>\n<h2>Programme d&rsquo;entretien pour votre chauffage \u00e0 Attalens<\/h2>\n<p>Nous proposons des contrats de maintenance pour votre chauffage afin d&rsquo;en assurer le fonctionnement optimal. Avec un entretien r\u00e9gulier, vous faites des \u00e9conomies et \u00e9viter les pannes et les interventions en urgence.<\/p>\n<p>Aussi, si vous avez un probl\u00e8me avec votre chauffage, l\u2019assurance r\u00e9clame le contrat d&rsquo;entretien dans le but de contr\u00f4ler l&rsquo;\u00e9tat g\u00e9n\u00e9ral de votre chauffage en amont de l&rsquo;incident. Vous pouvez signer avec notre entreprise un contrat d&rsquo;entretien annuel ou pluriannuel.<\/p>\n<h2>Pourquoi signer un contrat d&rsquo;entretien pour votre chauffage ?<\/h2>\n<p>Si vous avez une partie qui est endommag\u00e9e, nous la rempla\u00e7ons en priorit\u00e9, nous nous engageons \u00e0 v\u00e9rifier l&rsquo;ensemble de votre chauffage, comme :<\/p>\n<ul>\n<li>Les pressions de vos tuyaux,<\/li>\n<li>l&rsquo;entretien des conduits de raccordement, et des parties chauffantes.<\/li>\n<\/ul>\n<h2>Quels services offre Artisanlocal ?<\/h2>\n<ul>\n<li>le d\u00e9sembouage et le d\u00e9tartrage de vos radiateurs,<\/li>\n<li>la purge de l&rsquo;air de vos radiateurs,<\/li>\n<li>l\u2019entretien des chauffe-eau et des chaudi\u00e8res,<\/li>\n<li>l&rsquo;ajustement des thermostats,<\/li>\n<li>la maintenance des chaudi\u00e8res \u00e0 condensation, \u00e0 gaz, basses temp\u00e9ratures, \u00e0 fioul, \u00e0 accumulation et \u00e9lectriques,<\/li>\n<li>la remise en \u00e9tat de la vanne de vidange,<\/li>\n<li>le d\u00e9pannage et la r\u00e9paration sur tous types de probl\u00e8mes techniques : de votre chaudi\u00e8re, radiateur qui ne chauffe plus, fuite de canalisation, etc.<\/li>\n<li>la pose de votre : radiateur \u00e9lectrique, plancher chauffant, pompe \u00e0 chaleur, chauffage, chaudi\u00e8re, etc.<\/li>\n<\/ul>\n<h2>R\u00e9ponses aux questions fr\u00e9quentes<\/h2>\n<h3>Pourquoi engager un chauffagiste Attalensois ?<\/h3>\n<ul>\n<li>Accro\u00eetre votre confort : un chauffage performant permet de garder une temp\u00e9rature stable dans votre logement.<\/li>\n<li>\u00c9conomiser de l&rsquo;argent : en investissant dans des \u00e9quipements de qualit\u00e9, exemple le chauffage et l&rsquo;isolation, vous effectuez des \u00e9conomies et diminuer vos \u00e9missions carbones.<\/li>\n<li>Prot\u00e9ger la s\u00fbret\u00e9 de votre chauffage : respecter les normes de s\u00e9curit\u00e9 permet de maintenir un chauffage s\u00fbr et performant (par exemple, pour r\u00e9duire les \u00e9missions de monoxyde de carbone).<\/li>\n<li>Anticiper les probl\u00e8mes : un expert pourra anticiper les d\u00e9g\u00e2ts des eaux, juste en examinant votre installation.<\/li>\n<\/ul>\n<h3>Quels sont les \u00e9l\u00e9ments \u00e0 prendre en consid\u00e9ration pour s\u00e9lectionner le bon chauffagiste \u00e0 Attalens ?<\/h3>\n<ul>\n<li>Les comp\u00e9tences : contr\u00f4lez les qualifications avant de choisir la soci\u00e9t\u00e9 de chauffage.<\/li>\n<li>Les r\u00e9f\u00e9rences : prenez le temps de consulter les avis des anciens clients ayant d\u00e9j\u00e0 collabor\u00e9 avec les entreprises.<\/li>\n<li>Les assurances : v\u00e9rifiez que la soci\u00e9t\u00e9 de chauffage b\u00e9n\u00e9ficie d&rsquo;une garantie assurance qui couvrira les \u00e9ventuels dommages occasionn\u00e9s lors de ses op\u00e9rations.<\/li>\n<\/ul>\n<h3>Quelle est votre rapidit\u00e9 d&rsquo;intervention \u00e0 Attalens ?<\/h3>\n<p>Si vous avez un probl\u00e8me urgent \u00e0 r\u00e9soudre, nous pouvons intervenir sous un d\u00e9lai de deux heures, s&rsquo;il n&rsquo;y a pas d&rsquo;urgence, nous intervenons en g\u00e9n\u00e9ral au cours de la journ\u00e9e.<\/p>\n<h3>Intervenez-vous \u00e0 Attalens et \u00e0 proximit\u00e9 ?<\/h3>\n<p>Oui, nous intervenons \u00e0 Attalens et dans les villes, comme : Besencens, Fiaug\u00e8res, St-Martin FR, Granges (Veveyse), Bossonnens, Tatroz, Remaufens, Ch\u00e2tel-St-Denis, Les Paccots, Semsales, Grattavache, La Verrerie, Progens, Bouloz, Pont (Veveyse), Porsel.<\/p>\n","protected":false},"excerpt":{"rendered":"<p>Besoin d&rsquo;un chauffagiste \u00e0 Attalens ? Artisanlocal s&rsquo;occupe de la r\u00e9paration et de l&rsquo;installation de votre chauffage. Avec notre entreprise, vous profitez : d&rsquo;une tarification d\u00e9taill\u00e9e, de services de qualit\u00e9, d&rsquo;assistance \u00e0 Attalens et dans ses environs, d&rsquo;une entreprise avec de l&rsquo;exp\u00e9rience, d&rsquo;un devis gratuit, d&rsquo;experts joignables du lundi au samedi pour r\u00e9pondre \u00e0 toutes [&hellip;]<\/p>\n","protected":false},"author":4,"featured_media":2757,"parent":0,"menu_order":0,"comment_status":"closed","ping_status":"closed","template":"","meta":{"footnotes":""},"profession":[120],"location":[32],"canton":[109],"class_list":["post-635","page","type-page","status-publish","has-post-thumbnail","hentry","profession-chauffagiste","location-attalens","canton-fr"],"yoast_head":"<!-- This site is optimized with the Yoast SEO Premium plugin v25.7.1 (Yoast SEO v27.3) - https:\/\/yoast.com\/product\/yoast-seo-premium-wordpress\/ -->\n<title>Chauffagiste \u00e0 Attalens - Artisanlocal<\/title>\n<meta name=\"robots\" content=\"index, follow, max-snippet:-1, max-image-preview:large, max-video-preview:-1\" \/>\n<link rel=\"canonical\" href=\"https:\/\/www.artisanlocal.ch\/c\/chauffagiste-a-attalens\/\" \/>\n<meta property=\"og:locale\" content=\"fr_FR\" \/>\n<meta property=\"og:type\" content=\"article\" \/>\n<meta property=\"og:title\" content=\"Chauffagiste \u00e0 Attalens\" \/>\n<meta property=\"og:description\" content=\"Besoin d&rsquo;un chauffagiste \u00e0 Attalens ? Artisanlocal s&rsquo;occupe de la r\u00e9paration et de l&rsquo;installation de votre chauffage. Avec notre entreprise, vous profitez : d&rsquo;une tarification d\u00e9taill\u00e9e, de services de qualit\u00e9, d&rsquo;assistance \u00e0 Attalens et dans ses environs, d&rsquo;une entreprise avec de l&rsquo;exp\u00e9rience, d&rsquo;un devis gratuit, d&rsquo;experts joignables du lundi au samedi pour r\u00e9pondre \u00e0 toutes [&hellip;]\" \/>\n<meta property=\"og:url\" content=\"https:\/\/www.artisanlocal.ch\/c\/chauffagiste-a-attalens\/\" \/>\n<meta property=\"og:site_name\" content=\"Artisanlocal\" \/>\n<meta property=\"article:modified_time\" content=\"2025-08-26T17:29:58+00:00\" \/>\n<meta property=\"og:image\" content=\"https:\/\/www.artisanlocal.ch\/c\/wp-content\/uploads\/2024\/10\/chauffagiste.jpg\" \/>\n\t<meta property=\"og:image:width\" content=\"1920\" \/>\n\t<meta property=\"og:image:height\" content=\"300\" \/>\n\t<meta property=\"og:image:type\" content=\"image\/jpeg\" \/>\n<meta name=\"twitter:card\" content=\"summary_large_image\" \/>\n<meta name=\"twitter:label1\" content=\"Dur\u00e9e de lecture estim\u00e9e\" \/>\n\t<meta name=\"twitter:data1\" content=\"6 minutes\" \/>\n<script type=\"application\/ld+json\" class=\"yoast-schema-graph\">{\"@context\":\"https:\\\/\\\/schema.org\",\"@graph\":[{\"@type\":\"WebPage\",\"@id\":\"https:\\\/\\\/www.artisanlocal.ch\\\/c\\\/chauffagiste-a-attalens\\\/\",\"url\":\"https:\\\/\\\/www.artisanlocal.ch\\\/c\\\/chauffagiste-a-attalens\\\/\",\"name\":\"Chauffagiste \u00e0 Attalens - Artisanlocal\",\"isPartOf\":{\"@id\":\"https:\\\/\\\/www.artisanlocal.ch\\\/c\\\/#website\"},\"primaryImageOfPage\":{\"@id\":\"https:\\\/\\\/www.artisanlocal.ch\\\/c\\\/chauffagiste-a-attalens\\\/#primaryimage\"},\"image\":{\"@id\":\"https:\\\/\\\/www.artisanlocal.ch\\\/c\\\/chauffagiste-a-attalens\\\/#primaryimage\"},\"thumbnailUrl\":\"https:\\\/\\\/www.artisanlocal.ch\\\/c\\\/wp-content\\\/uploads\\\/2024\\\/10\\\/chauffagiste.jpg\",\"datePublished\":\"2024-04-19T10:29:47+00:00\",\"dateModified\":\"2025-08-26T17:29:58+00:00\",\"breadcrumb\":{\"@id\":\"https:\\\/\\\/www.artisanlocal.ch\\\/c\\\/chauffagiste-a-attalens\\\/#breadcrumb\"},\"inLanguage\":\"fr-FR\",\"potentialAction\":[{\"@type\":\"ReadAction\",\"target\":[\"https:\\\/\\\/www.artisanlocal.ch\\\/c\\\/chauffagiste-a-attalens\\\/\"]}]},{\"@type\":\"ImageObject\",\"inLanguage\":\"fr-FR\",\"@id\":\"https:\\\/\\\/www.artisanlocal.ch\\\/c\\\/chauffagiste-a-attalens\\\/#primaryimage\",\"url\":\"https:\\\/\\\/www.artisanlocal.ch\\\/c\\\/wp-content\\\/uploads\\\/2024\\\/10\\\/chauffagiste.jpg\",\"contentUrl\":\"https:\\\/\\\/www.artisanlocal.ch\\\/c\\\/wp-content\\\/uploads\\\/2024\\\/10\\\/chauffagiste.jpg\",\"width\":1920,\"height\":300},{\"@type\":\"BreadcrumbList\",\"@id\":\"https:\\\/\\\/www.artisanlocal.ch\\\/c\\\/chauffagiste-a-attalens\\\/#breadcrumb\",\"itemListElement\":[{\"@type\":\"ListItem\",\"position\":1,\"name\":\"Accueil\",\"item\":\"https:\\\/\\\/www.artisanlocal.ch\\\/c\\\/\"},{\"@type\":\"ListItem\",\"position\":2,\"name\":\"Chauffagiste \u00e0 Attalens\"}]},{\"@type\":\"WebSite\",\"@id\":\"https:\\\/\\\/www.artisanlocal.ch\\\/c\\\/#website\",\"url\":\"https:\\\/\\\/www.artisanlocal.ch\\\/c\\\/\",\"name\":\"Artisanlocal\",\"description\":\"\",\"publisher\":{\"@id\":\"https:\\\/\\\/www.artisanlocal.ch\\\/c\\\/#organization\"},\"potentialAction\":[{\"@type\":\"SearchAction\",\"target\":{\"@type\":\"EntryPoint\",\"urlTemplate\":\"https:\\\/\\\/www.artisanlocal.ch\\\/c\\\/?s={search_term_string}\"},\"query-input\":{\"@type\":\"PropertyValueSpecification\",\"valueRequired\":true,\"valueName\":\"search_term_string\"}}],\"inLanguage\":\"fr-FR\"},{\"@type\":\"Organization\",\"@id\":\"https:\\\/\\\/www.artisanlocal.ch\\\/c\\\/#organization\",\"name\":\"Artisanlocal\",\"url\":\"https:\\\/\\\/www.artisanlocal.ch\\\/c\\\/\",\"logo\":{\"@type\":\"ImageObject\",\"inLanguage\":\"fr-FR\",\"@id\":\"https:\\\/\\\/www.artisanlocal.ch\\\/c\\\/#\\\/schema\\\/logo\\\/image\\\/\",\"url\":\"https:\\\/\\\/www.artisanlocal.ch\\\/c\\\/wp-content\\\/uploads\\\/2024\\\/02\\\/logo-artisanlocal-h.svg\",\"contentUrl\":\"https:\\\/\\\/www.artisanlocal.ch\\\/c\\\/wp-content\\\/uploads\\\/2024\\\/02\\\/logo-artisanlocal-h.svg\",\"caption\":\"Artisanlocal\"},\"image\":{\"@id\":\"https:\\\/\\\/www.artisanlocal.ch\\\/c\\\/#\\\/schema\\\/logo\\\/image\\\/\"}}]}<\/script>\n<!-- \/ Yoast SEO Premium plugin. -->","yoast_head_json":{"title":"Chauffagiste \u00e0 Attalens - Artisanlocal","robots":{"index":"index","follow":"follow","max-snippet":"max-snippet:-1","max-image-preview":"max-image-preview:large","max-video-preview":"max-video-preview:-1"},"canonical":"https:\/\/www.artisanlocal.ch\/c\/chauffagiste-a-attalens\/","og_locale":"fr_FR","og_type":"article","og_title":"Chauffagiste \u00e0 Attalens","og_description":"Besoin d&rsquo;un chauffagiste \u00e0 Attalens ? Artisanlocal s&rsquo;occupe de la r\u00e9paration et de l&rsquo;installation de votre chauffage. Avec notre entreprise, vous profitez : d&rsquo;une tarification d\u00e9taill\u00e9e, de services de qualit\u00e9, d&rsquo;assistance \u00e0 Attalens et dans ses environs, d&rsquo;une entreprise avec de l&rsquo;exp\u00e9rience, d&rsquo;un devis gratuit, d&rsquo;experts joignables du lundi au samedi pour r\u00e9pondre \u00e0 toutes [&hellip;]","og_url":"https:\/\/www.artisanlocal.ch\/c\/chauffagiste-a-attalens\/","og_site_name":"Artisanlocal","article_modified_time":"2025-08-26T17:29:58+00:00","og_image":[{"width":1920,"height":300,"url":"https:\/\/www.artisanlocal.ch\/c\/wp-content\/uploads\/2024\/10\/chauffagiste.jpg","type":"image\/jpeg"}],"twitter_card":"summary_large_image","twitter_misc":{"Dur\u00e9e de lecture estim\u00e9e":"6 minutes"},"schema":{"@context":"https:\/\/schema.org","@graph":[{"@type":"WebPage","@id":"https:\/\/www.artisanlocal.ch\/c\/chauffagiste-a-attalens\/","url":"https:\/\/www.artisanlocal.ch\/c\/chauffagiste-a-attalens\/","name":"Chauffagiste \u00e0 Attalens - Artisanlocal","isPartOf":{"@id":"https:\/\/www.artisanlocal.ch\/c\/#website"},"primaryImageOfPage":{"@id":"https:\/\/www.artisanlocal.ch\/c\/chauffagiste-a-attalens\/#primaryimage"},"image":{"@id":"https:\/\/www.artisanlocal.ch\/c\/chauffagiste-a-attalens\/#primaryimage"},"thumbnailUrl":"https:\/\/www.artisanlocal.ch\/c\/wp-content\/uploads\/2024\/10\/chauffagiste.jpg","datePublished":"2024-04-19T10:29:47+00:00","dateModified":"2025-08-26T17:29:58+00:00","breadcrumb":{"@id":"https:\/\/www.artisanlocal.ch\/c\/chauffagiste-a-attalens\/#breadcrumb"},"inLanguage":"fr-FR","potentialAction":[{"@type":"ReadAction","target":["https:\/\/www.artisanlocal.ch\/c\/chauffagiste-a-attalens\/"]}]},{"@type":"ImageObject","inLanguage":"fr-FR","@id":"https:\/\/www.artisanlocal.ch\/c\/chauffagiste-a-attalens\/#primaryimage","url":"https:\/\/www.artisanlocal.ch\/c\/wp-content\/uploads\/2024\/10\/chauffagiste.jpg","contentUrl":"https:\/\/www.artisanlocal.ch\/c\/wp-content\/uploads\/2024\/10\/chauffagiste.jpg","width":1920,"height":300},{"@type":"BreadcrumbList","@id":"https:\/\/www.artisanlocal.ch\/c\/chauffagiste-a-attalens\/#breadcrumb","itemListElement":[{"@type":"ListItem","position":1,"name":"Accueil","item":"https:\/\/www.artisanlocal.ch\/c\/"},{"@type":"ListItem","position":2,"name":"Chauffagiste \u00e0 Attalens"}]},{"@type":"WebSite","@id":"https:\/\/www.artisanlocal.ch\/c\/#website","url":"https:\/\/www.artisanlocal.ch\/c\/","name":"Artisanlocal","description":"","publisher":{"@id":"https:\/\/www.artisanlocal.ch\/c\/#organization"},"potentialAction":[{"@type":"SearchAction","target":{"@type":"EntryPoint","urlTemplate":"https:\/\/www.artisanlocal.ch\/c\/?s={search_term_string}"},"query-input":{"@type":"PropertyValueSpecification","valueRequired":true,"valueName":"search_term_string"}}],"inLanguage":"fr-FR"},{"@type":"Organization","@id":"https:\/\/www.artisanlocal.ch\/c\/#organization","name":"Artisanlocal","url":"https:\/\/www.artisanlocal.ch\/c\/","logo":{"@type":"ImageObject","inLanguage":"fr-FR","@id":"https:\/\/www.artisanlocal.ch\/c\/#\/schema\/logo\/image\/","url":"https:\/\/www.artisanlocal.ch\/c\/wp-content\/uploads\/2024\/02\/logo-artisanlocal-h.svg","contentUrl":"https:\/\/www.artisanlocal.ch\/c\/wp-content\/uploads\/2024\/02\/logo-artisanlocal-h.svg","caption":"Artisanlocal"},"image":{"@id":"https:\/\/www.artisanlocal.ch\/c\/#\/schema\/logo\/image\/"}}]}},"_links":{"self":[{"href":"https:\/\/www.artisanlocal.ch\/c\/wp-json\/wp\/v2\/pages\/635","targetHints":{"allow":["GET"]}}],"collection":[{"href":"https:\/\/www.artisanlocal.ch\/c\/wp-json\/wp\/v2\/pages"}],"about":[{"href":"https:\/\/www.artisanlocal.ch\/c\/wp-json\/wp\/v2\/types\/page"}],"author":[{"embeddable":true,"href":"https:\/\/www.artisanlocal.ch\/c\/wp-json\/wp\/v2\/users\/4"}],"replies":[{"embeddable":true,"href":"https:\/\/www.artisanlocal.ch\/c\/wp-json\/wp\/v2\/comments?post=635"}],"version-history":[{"count":0,"href":"https:\/\/www.artisanlocal.ch\/c\/wp-json\/wp\/v2\/pages\/635\/revisions"}],"wp:featuredmedia":[{"embeddable":true,"href":"https:\/\/www.artisanlocal.ch\/c\/wp-json\/wp\/v2\/media\/2757"}],"wp:attachment":[{"href":"https:\/\/www.artisanlocal.ch\/c\/wp-json\/wp\/v2\/media?parent=635"}],"wp:term":[{"taxonomy":"profession","embeddable":true,"href":"https:\/\/www.artisanlocal.ch\/c\/wp-json\/wp\/v2\/profession?post=635"},{"taxonomy":"location","embeddable":true,"href":"https:\/\/www.artisanlocal.ch\/c\/wp-json\/wp\/v2\/location?post=635"},{"taxonomy":"canton","embeddable":true,"href":"https:\/\/www.artisanlocal.ch\/c\/wp-json\/wp\/v2\/canton?post=635"}],"curies":[{"name":"wp","href":"https:\/\/api.w.org\/{rel}","templated":true}]}}