{"id":636,"date":"2024-04-19T10:59:42","date_gmt":"2024-04-19T08:59:42","guid":{"rendered":"https:\/\/www.artisanlocal.ch\/c\/chauffagiste-a-geneve\/"},"modified":"2025-11-07T12:19:16","modified_gmt":"2025-11-07T11:19:16","slug":"chauffagiste-a-geneve","status":"publish","type":"page","link":"https:\/\/www.artisanlocal.ch\/c\/chauffagiste-a-geneve\/","title":{"rendered":"Chauffagiste \u00e0 Gen\u00e8ve"},"content":{"rendered":"<p>Besoin d&rsquo;un chauffagiste \u00e0 Gen\u00e8ve ? Artisanlocal s&rsquo;occupe de la r\u00e9paration et de l&rsquo;installation de votre chauffage \u00e0 Gen\u00e8ve<\/p>\n<p><span style=\"font-size: revert;\">\r\n<div class=\"company-partners\">\r\n    <h3>Nos soci\u00e9t\u00e9s<\/h3>\r\n    <ul>\r\n                    <li>\r\n                <p class=\"company-partners__name\">\r\n                    <a href=\"https:\/\/www.artisanlocal.ch\/c\/chauffagiste-a-geneve\/?geo=Rive+Gauche\" target=\"_blank\" class=\"has-accent-color\" title=\"Voir les coordonn\u00e9es de notre partenaire\">Aqua Leman SA<\/a>\r\n                <\/p>\r\n                <p class=\"company-partners__address\">1227 Carouge GE<\/p>\r\n            <\/li>\r\n                    <li>\r\n                <p class=\"company-partners__name\">\r\n                    <a href=\"https:\/\/www.artisanlocal.ch\/c\/chauffagiste-a-geneve\/?geo=Rive+Droite\" target=\"_blank\" class=\"has-accent-color\" title=\"Voir les coordonn\u00e9es de notre partenaire\">AZ PROJET<\/a>\r\n                <\/p>\r\n                <p class=\"company-partners__address\">1214\u00a0Vernier<\/p>\r\n            <\/li>\r\n            <\/ul>\r\n<\/div><\/span><\/p>\n<h2>Pourquoi travailler avec Artisanlocal ?<\/h2>\n<ul>\n<li>Implantation locale et intervention rapide chez vous et dans les villes proches.<\/li>\n<li>Devis gratuits et d\u00e9taill\u00e9s.<\/li>\n<li>\u00c9quipe joignable les week-ends.<\/li>\n<li>D\u00e9pannage et entretien en urgence.<\/li>\n<\/ul>\n<h2>Pourquoi est-il indispensable d&rsquo;entretenir votre chauffage ?<\/h2>\n<p>Avoir un syst\u00e8me de chauffage qui fonctionne est important, surtout si vous avez des enfants. Nos experts vous aident \u00e0 ajuster la bonne temp\u00e9rature. Nos experts s&rsquo;occupent de l&rsquo;entretien de votre chauffage, peu importe le type : \u00e0 accumulation, basse temp\u00e9rature, fioul, condensation, \u00e9lectrique ou \u00e0 gaz.<\/p>\n<h2>Est-il possible que votre entreprise m&rsquo;aide \u00e0 distance ?<\/h2>\n<p>Oui, nous sommes en mesure de vous d\u00e9panner par t\u00e9l\u00e9phone. En nous expliquant votre probl\u00e9matique par t\u00e9l\u00e9phone, nous identifierons la meilleure solution pour r\u00e9gler votre probl\u00e8me. Il faut garder en t\u00eate que dans la majorit\u00e9 des cas, un expert doit se d\u00e9placer chez vous pour analyser et corriger le probl\u00e8me.<\/p>\n<h2>Quel est le mode de fonctionnement d&rsquo;Artisanlocal ?<\/h2>\n<ol>\n<li>Premier contact : dans un premier temps, vous devez nous contacter par t\u00e9l\u00e9phone ou par message.<\/li>\n<li>D\u00e9placement : un technicien chauffagiste Genevois se d\u00e9place \u00e0 votre domicile.<\/li>\n<li>Estimation : le technicien estimera votre projet en prenant compte de la surface de votre appartement, le volume de vos pi\u00e8ces et l&rsquo;isolation actuelle.<\/li>\n<li>Devis : vous recevrez un devis avec les diff\u00e9rents co\u00fbts d\u00e9taill\u00e9s.<\/li>\n<li>Installation : apr\u00e8s avoir accept\u00e9 notre devis et en fonction de vos disponibilit\u00e9s, nous installons votre chauffage, et r\u00e9glons le thermostat.<\/li>\n<\/ol>\n<h2>Quelle est la solution de chauffage la plus adapt\u00e9e pour votre maison ?<\/h2>\n<p>L&rsquo;expert qui se d\u00e9place \u00e0 votre domicile, vous conseille pour choisir le meilleur chauffage possible, comme les syst\u00e8mes de chauffages : \u00e0 gaz, \u00e9lectriques, fioul, classiques, condensation ou basses temp\u00e9ratures.<\/p>\n<p>Les syst\u00e8mes de chauffages \u00e0 condensation ou \u00e0 basse temp\u00e9rature, malgr\u00e9 un co\u00fbt d&rsquo;achat plus important, permettent de faire des \u00e9conomies.<\/p>\n<h2>Service de maintenance \u00e0 Gen\u00e8ve<\/h2>\n<p>Il est important de r\u00e9aliser la maintenance de votre chauffage chaque ann\u00e9e, qu&rsquo;il soit au gaz ou au fioul. L&rsquo;entretien de votre chauffage permet de contr\u00f4ler le taux de monoxyde de carbone qui se d\u00e9gage. Il est important de savoir, si votre chauffage produit trop de monoxyde de carbone, il est possible d&rsquo;intoxiquer les membres de votre maison. Le chauffagiste qui se d\u00e9place contr\u00f4le et r\u00e8gle le taux de monoxyde de carbone de votre chauffage pour s\u00e9curiser votre int\u00e9rieur.<\/p>\n<h2>Contrat de maintenance pour votre chauffage \u00e0 Gen\u00e8ve<\/h2>\n<p>Nous proposons des contrats de maintenance pour votre chauffage. Avec un entretien r\u00e9gulier, vous faites des \u00e9conomies et \u00e9viter les pannes et les interventions en urgence.<\/p>\n<p>Par ailleurs, si vous avez un sinistre, l\u2019assurance vous r\u00e9clame le contrat de maintenance afin de contr\u00f4ler l&rsquo;\u00e9tat de votre chauffage avant le sinistre. Notre entreprise propose des contrats d&rsquo;assistances annuels ou pluriannuels.<\/p>\n<h2>Pourquoi souscrire \u00e0 un contrat d&rsquo;entretien pour votre chauffage ?<\/h2>\n<p>En souscrivant \u00e0 un contrat d&rsquo;entretien, si vous avez une partie de votre chauffage qui est d\u00e9fectueuse, nous la changeons, de plus, nous nous engageons \u00e0 v\u00e9rifier toutes les parties de votre chauffage, comme :<\/p>\n<ul>\n<li>La tension dans vos conduits,<\/li>\n<li>l&rsquo;\u00e9tat de vos conduits de raccordement, et des \u00e9l\u00e9ments chauffants.<\/li>\n<\/ul>\n<h2>Quelles sont les diff\u00e9rentes prestations propos\u00e9es par votre soci\u00e9t\u00e9 ?<\/h2>\n<ul>\n<li>Le d\u00e9tartrage et le d\u00e9sembouage de radiateur,<\/li>\n<li>la purge de l&rsquo;air de vos radiateurs,<\/li>\n<li>la maintenance des chauffe-eau et des chaudi\u00e8res,<\/li>\n<li>le r\u00e9glage de votre thermostat,<\/li>\n<li>l&rsquo;entretien des chaudi\u00e8res \u00e0 condensation, basses temp\u00e9ratures, \u00e0 gaz, \u00e0 fioul, \u00e0 accumulation et \u00e9lectriques,<\/li>\n<li>la r\u00e9paration de la vanne de purge,<\/li>\n<li>la r\u00e9paration et le d\u00e9pannage sur tous types de pannes : de votre chaudi\u00e8re, fuite de canalisation, radiateur qui ne chauffe plus, etc.<\/li>\n<li>la mise en place de : radiateur \u00e9lectrique, plancher chauffant, pompe \u00e0 chaleur, chauffage, chaudi\u00e8re, etc.<\/li>\n<\/ul>\n<h2>Foire aux questions<\/h2>\n<h3>Pourquoi engager un chauffagiste Genevois ?<\/h3>\n<ul>\n<li>Maintenir la temp\u00e9rature ambiante de votre int\u00e9rieur.<\/li>\n<li>\u00c9conomiser de l&rsquo;argent et diminuez vos \u00e9missions de carbone.<\/li>\n<li>Prot\u00e9ger votre famille en limitant le taux de monoxyde de carbone.<\/li>\n<li>Anticiper les r\u00e9parations co\u00fbteuses.<\/li>\n<\/ul>\n<h3>Quels sont les \u00e9l\u00e9ments \u00e0 prendre en consid\u00e9ration pour choisir le meilleur chauffagiste \u00e0 Gen\u00e8ve ?<\/h3>\n<p>Les comp\u00e9tences : contr\u00f4lez les certifications d\u00e9montrant que la soci\u00e9t\u00e9 \u00e0 un v\u00e9ritable savoir-faire dans son domaine.<\/p>\n<p>Les cas clients : il ne faut pas h\u00e9siter \u00e0 parcourir les avis des anciens clients ayant d\u00e9j\u00e0 fait appel \u00e0 l&rsquo;entreprise pour vous faire une id\u00e9e.<\/p>\n<p>Les garanties : v\u00e9rifiez que les chauffagistes sont assur\u00e9s.<\/p>\n<h3>Quels sont vos d\u00e9lais d&rsquo;interventions ?<\/h3>\n<p>Nous pouvons intervenir dans la semaine ou sous 48 heures pour les demandes urgentes.<\/p>\n<h3>Intervenez-vous \u00e0 Gen\u00e8ve et aux environs ?<\/h3>\n<p>Oui, nous intervenons \u00e0 Gen\u00e8ve et dans les localit\u00e9s aux alentours, telles que : Grand-Lancy, Petit-Lancy, Onex, A\u00efre, V\u00e9senaz, Cologny, Ch\u00eane-Bougeries, Ch\u00eane-Bourg, Th\u00f4nex, Carouge GE, Les Acacias, Plan-les-Ouates, Conches, Confignon, Bernex, Vessy, Cartigny, Avully, Puplinge, Presinge, Choulex, Collonge-Bellerive, Corsier GE, Ani\u00e8res, Hermance, Gy, Meinier, Vandoeuvres, Jussy, Veyrier, Troinex, La Croix-de-Rozon, Perly, Chancy, Athenaz (Avusy), Soral, Laconnex, Aire-la-Ville, Vernier, Cointrin, Meyrin, Le Grand-Saconnex, Ch\u00e2telaine, Le Lignon, Les Avanchets, Collex, Satigny, Russin, Dardagny, La Plaine, Chamb\u00e9sy.<\/p>\n","protected":false},"excerpt":{"rendered":"<p>Besoin d&rsquo;un chauffagiste \u00e0 Gen\u00e8ve ? Artisanlocal s&rsquo;occupe de la r\u00e9paration et de l&rsquo;installation de votre chauffage \u00e0 Gen\u00e8ve Pourquoi travailler avec Artisanlocal ? Implantation locale et intervention rapide chez vous et dans les villes proches. Devis gratuits et d\u00e9taill\u00e9s. \u00c9quipe joignable les week-ends. D\u00e9pannage et entretien en urgence. Pourquoi est-il indispensable d&rsquo;entretenir votre chauffage [&hellip;]<\/p>\n","protected":false},"author":4,"featured_media":2757,"parent":0,"menu_order":0,"comment_status":"closed","ping_status":"closed","template":"","meta":{"footnotes":""},"profession":[120],"location":[35],"canton":[112],"class_list":["post-636","page","type-page","status-publish","has-post-thumbnail","hentry","profession-chauffagiste","location-geneve","canton-ge"],"yoast_head":"<!-- This site is optimized with the Yoast SEO Premium plugin v25.7.1 (Yoast SEO v27.3) - https:\/\/yoast.com\/product\/yoast-seo-premium-wordpress\/ -->\n<title>Chauffagiste \u00e0 Gen\u00e8ve - Artisanlocal<\/title>\n<meta name=\"robots\" content=\"index, follow, max-snippet:-1, max-image-preview:large, max-video-preview:-1\" \/>\n<link rel=\"canonical\" href=\"https:\/\/www.artisanlocal.ch\/c\/chauffagiste-a-geneve\/\" \/>\n<meta property=\"og:locale\" content=\"fr_FR\" \/>\n<meta property=\"og:type\" content=\"article\" \/>\n<meta property=\"og:title\" content=\"Chauffagiste \u00e0 Gen\u00e8ve\" \/>\n<meta property=\"og:description\" content=\"Besoin d&rsquo;un chauffagiste \u00e0 Gen\u00e8ve ? Artisanlocal s&rsquo;occupe de la r\u00e9paration et de l&rsquo;installation de votre chauffage \u00e0 Gen\u00e8ve Pourquoi travailler avec Artisanlocal ? Implantation locale et intervention rapide chez vous et dans les villes proches. Devis gratuits et d\u00e9taill\u00e9s. \u00c9quipe joignable les week-ends. D\u00e9pannage et entretien en urgence. Pourquoi est-il indispensable d&rsquo;entretenir votre chauffage [&hellip;]\" \/>\n<meta property=\"og:url\" content=\"https:\/\/www.artisanlocal.ch\/c\/chauffagiste-a-geneve\/\" \/>\n<meta property=\"og:site_name\" content=\"Artisanlocal\" \/>\n<meta property=\"article:modified_time\" content=\"2025-11-07T11:19:16+00:00\" \/>\n<meta property=\"og:image\" content=\"https:\/\/www.artisanlocal.ch\/c\/wp-content\/uploads\/2024\/10\/chauffagiste.jpg\" \/>\n\t<meta property=\"og:image:width\" content=\"1920\" \/>\n\t<meta property=\"og:image:height\" content=\"300\" \/>\n\t<meta property=\"og:image:type\" content=\"image\/jpeg\" \/>\n<meta name=\"twitter:card\" content=\"summary_large_image\" \/>\n<meta name=\"twitter:label1\" content=\"Dur\u00e9e de lecture estim\u00e9e\" \/>\n\t<meta name=\"twitter:data1\" content=\"5 minutes\" \/>\n<script type=\"application\/ld+json\" class=\"yoast-schema-graph\">{\"@context\":\"https:\\\/\\\/schema.org\",\"@graph\":[{\"@type\":\"WebPage\",\"@id\":\"https:\\\/\\\/www.artisanlocal.ch\\\/c\\\/chauffagiste-a-geneve\\\/\",\"url\":\"https:\\\/\\\/www.artisanlocal.ch\\\/c\\\/chauffagiste-a-geneve\\\/\",\"name\":\"Chauffagiste \u00e0 Gen\u00e8ve - Artisanlocal\",\"isPartOf\":{\"@id\":\"https:\\\/\\\/www.artisanlocal.ch\\\/c\\\/#website\"},\"primaryImageOfPage\":{\"@id\":\"https:\\\/\\\/www.artisanlocal.ch\\\/c\\\/chauffagiste-a-geneve\\\/#primaryimage\"},\"image\":{\"@id\":\"https:\\\/\\\/www.artisanlocal.ch\\\/c\\\/chauffagiste-a-geneve\\\/#primaryimage\"},\"thumbnailUrl\":\"https:\\\/\\\/www.artisanlocal.ch\\\/c\\\/wp-content\\\/uploads\\\/2024\\\/10\\\/chauffagiste.jpg\",\"datePublished\":\"2024-04-19T08:59:42+00:00\",\"dateModified\":\"2025-11-07T11:19:16+00:00\",\"breadcrumb\":{\"@id\":\"https:\\\/\\\/www.artisanlocal.ch\\\/c\\\/chauffagiste-a-geneve\\\/#breadcrumb\"},\"inLanguage\":\"fr-FR\",\"potentialAction\":[{\"@type\":\"ReadAction\",\"target\":[\"https:\\\/\\\/www.artisanlocal.ch\\\/c\\\/chauffagiste-a-geneve\\\/\"]}]},{\"@type\":\"ImageObject\",\"inLanguage\":\"fr-FR\",\"@id\":\"https:\\\/\\\/www.artisanlocal.ch\\\/c\\\/chauffagiste-a-geneve\\\/#primaryimage\",\"url\":\"https:\\\/\\\/www.artisanlocal.ch\\\/c\\\/wp-content\\\/uploads\\\/2024\\\/10\\\/chauffagiste.jpg\",\"contentUrl\":\"https:\\\/\\\/www.artisanlocal.ch\\\/c\\\/wp-content\\\/uploads\\\/2024\\\/10\\\/chauffagiste.jpg\",\"width\":1920,\"height\":300},{\"@type\":\"BreadcrumbList\",\"@id\":\"https:\\\/\\\/www.artisanlocal.ch\\\/c\\\/chauffagiste-a-geneve\\\/#breadcrumb\",\"itemListElement\":[{\"@type\":\"ListItem\",\"position\":1,\"name\":\"Accueil\",\"item\":\"https:\\\/\\\/www.artisanlocal.ch\\\/c\\\/\"},{\"@type\":\"ListItem\",\"position\":2,\"name\":\"Chauffagiste \u00e0 Gen\u00e8ve\"}]},{\"@type\":\"WebSite\",\"@id\":\"https:\\\/\\\/www.artisanlocal.ch\\\/c\\\/#website\",\"url\":\"https:\\\/\\\/www.artisanlocal.ch\\\/c\\\/\",\"name\":\"Artisanlocal\",\"description\":\"\",\"publisher\":{\"@id\":\"https:\\\/\\\/www.artisanlocal.ch\\\/c\\\/#organization\"},\"potentialAction\":[{\"@type\":\"SearchAction\",\"target\":{\"@type\":\"EntryPoint\",\"urlTemplate\":\"https:\\\/\\\/www.artisanlocal.ch\\\/c\\\/?s={search_term_string}\"},\"query-input\":{\"@type\":\"PropertyValueSpecification\",\"valueRequired\":true,\"valueName\":\"search_term_string\"}}],\"inLanguage\":\"fr-FR\"},{\"@type\":\"Organization\",\"@id\":\"https:\\\/\\\/www.artisanlocal.ch\\\/c\\\/#organization\",\"name\":\"Artisanlocal\",\"url\":\"https:\\\/\\\/www.artisanlocal.ch\\\/c\\\/\",\"logo\":{\"@type\":\"ImageObject\",\"inLanguage\":\"fr-FR\",\"@id\":\"https:\\\/\\\/www.artisanlocal.ch\\\/c\\\/#\\\/schema\\\/logo\\\/image\\\/\",\"url\":\"https:\\\/\\\/www.artisanlocal.ch\\\/c\\\/wp-content\\\/uploads\\\/2024\\\/02\\\/logo-artisanlocal-h.svg\",\"contentUrl\":\"https:\\\/\\\/www.artisanlocal.ch\\\/c\\\/wp-content\\\/uploads\\\/2024\\\/02\\\/logo-artisanlocal-h.svg\",\"caption\":\"Artisanlocal\"},\"image\":{\"@id\":\"https:\\\/\\\/www.artisanlocal.ch\\\/c\\\/#\\\/schema\\\/logo\\\/image\\\/\"}}]}<\/script>\n<!-- \/ Yoast SEO Premium plugin. -->","yoast_head_json":{"title":"Chauffagiste \u00e0 Gen\u00e8ve - Artisanlocal","robots":{"index":"index","follow":"follow","max-snippet":"max-snippet:-1","max-image-preview":"max-image-preview:large","max-video-preview":"max-video-preview:-1"},"canonical":"https:\/\/www.artisanlocal.ch\/c\/chauffagiste-a-geneve\/","og_locale":"fr_FR","og_type":"article","og_title":"Chauffagiste \u00e0 Gen\u00e8ve","og_description":"Besoin d&rsquo;un chauffagiste \u00e0 Gen\u00e8ve ? Artisanlocal s&rsquo;occupe de la r\u00e9paration et de l&rsquo;installation de votre chauffage \u00e0 Gen\u00e8ve Pourquoi travailler avec Artisanlocal ? Implantation locale et intervention rapide chez vous et dans les villes proches. Devis gratuits et d\u00e9taill\u00e9s. \u00c9quipe joignable les week-ends. D\u00e9pannage et entretien en urgence. Pourquoi est-il indispensable d&rsquo;entretenir votre chauffage [&hellip;]","og_url":"https:\/\/www.artisanlocal.ch\/c\/chauffagiste-a-geneve\/","og_site_name":"Artisanlocal","article_modified_time":"2025-11-07T11:19:16+00:00","og_image":[{"width":1920,"height":300,"url":"https:\/\/www.artisanlocal.ch\/c\/wp-content\/uploads\/2024\/10\/chauffagiste.jpg","type":"image\/jpeg"}],"twitter_card":"summary_large_image","twitter_misc":{"Dur\u00e9e de lecture estim\u00e9e":"5 minutes"},"schema":{"@context":"https:\/\/schema.org","@graph":[{"@type":"WebPage","@id":"https:\/\/www.artisanlocal.ch\/c\/chauffagiste-a-geneve\/","url":"https:\/\/www.artisanlocal.ch\/c\/chauffagiste-a-geneve\/","name":"Chauffagiste \u00e0 Gen\u00e8ve - Artisanlocal","isPartOf":{"@id":"https:\/\/www.artisanlocal.ch\/c\/#website"},"primaryImageOfPage":{"@id":"https:\/\/www.artisanlocal.ch\/c\/chauffagiste-a-geneve\/#primaryimage"},"image":{"@id":"https:\/\/www.artisanlocal.ch\/c\/chauffagiste-a-geneve\/#primaryimage"},"thumbnailUrl":"https:\/\/www.artisanlocal.ch\/c\/wp-content\/uploads\/2024\/10\/chauffagiste.jpg","datePublished":"2024-04-19T08:59:42+00:00","dateModified":"2025-11-07T11:19:16+00:00","breadcrumb":{"@id":"https:\/\/www.artisanlocal.ch\/c\/chauffagiste-a-geneve\/#breadcrumb"},"inLanguage":"fr-FR","potentialAction":[{"@type":"ReadAction","target":["https:\/\/www.artisanlocal.ch\/c\/chauffagiste-a-geneve\/"]}]},{"@type":"ImageObject","inLanguage":"fr-FR","@id":"https:\/\/www.artisanlocal.ch\/c\/chauffagiste-a-geneve\/#primaryimage","url":"https:\/\/www.artisanlocal.ch\/c\/wp-content\/uploads\/2024\/10\/chauffagiste.jpg","contentUrl":"https:\/\/www.artisanlocal.ch\/c\/wp-content\/uploads\/2024\/10\/chauffagiste.jpg","width":1920,"height":300},{"@type":"BreadcrumbList","@id":"https:\/\/www.artisanlocal.ch\/c\/chauffagiste-a-geneve\/#breadcrumb","itemListElement":[{"@type":"ListItem","position":1,"name":"Accueil","item":"https:\/\/www.artisanlocal.ch\/c\/"},{"@type":"ListItem","position":2,"name":"Chauffagiste \u00e0 Gen\u00e8ve"}]},{"@type":"WebSite","@id":"https:\/\/www.artisanlocal.ch\/c\/#website","url":"https:\/\/www.artisanlocal.ch\/c\/","name":"Artisanlocal","description":"","publisher":{"@id":"https:\/\/www.artisanlocal.ch\/c\/#organization"},"potentialAction":[{"@type":"SearchAction","target":{"@type":"EntryPoint","urlTemplate":"https:\/\/www.artisanlocal.ch\/c\/?s={search_term_string}"},"query-input":{"@type":"PropertyValueSpecification","valueRequired":true,"valueName":"search_term_string"}}],"inLanguage":"fr-FR"},{"@type":"Organization","@id":"https:\/\/www.artisanlocal.ch\/c\/#organization","name":"Artisanlocal","url":"https:\/\/www.artisanlocal.ch\/c\/","logo":{"@type":"ImageObject","inLanguage":"fr-FR","@id":"https:\/\/www.artisanlocal.ch\/c\/#\/schema\/logo\/image\/","url":"https:\/\/www.artisanlocal.ch\/c\/wp-content\/uploads\/2024\/02\/logo-artisanlocal-h.svg","contentUrl":"https:\/\/www.artisanlocal.ch\/c\/wp-content\/uploads\/2024\/02\/logo-artisanlocal-h.svg","caption":"Artisanlocal"},"image":{"@id":"https:\/\/www.artisanlocal.ch\/c\/#\/schema\/logo\/image\/"}}]}},"_links":{"self":[{"href":"https:\/\/www.artisanlocal.ch\/c\/wp-json\/wp\/v2\/pages\/636","targetHints":{"allow":["GET"]}}],"collection":[{"href":"https:\/\/www.artisanlocal.ch\/c\/wp-json\/wp\/v2\/pages"}],"about":[{"href":"https:\/\/www.artisanlocal.ch\/c\/wp-json\/wp\/v2\/types\/page"}],"author":[{"embeddable":true,"href":"https:\/\/www.artisanlocal.ch\/c\/wp-json\/wp\/v2\/users\/4"}],"replies":[{"embeddable":true,"href":"https:\/\/www.artisanlocal.ch\/c\/wp-json\/wp\/v2\/comments?post=636"}],"version-history":[{"count":0,"href":"https:\/\/www.artisanlocal.ch\/c\/wp-json\/wp\/v2\/pages\/636\/revisions"}],"wp:featuredmedia":[{"embeddable":true,"href":"https:\/\/www.artisanlocal.ch\/c\/wp-json\/wp\/v2\/media\/2757"}],"wp:attachment":[{"href":"https:\/\/www.artisanlocal.ch\/c\/wp-json\/wp\/v2\/media?parent=636"}],"wp:term":[{"taxonomy":"profession","embeddable":true,"href":"https:\/\/www.artisanlocal.ch\/c\/wp-json\/wp\/v2\/profession?post=636"},{"taxonomy":"location","embeddable":true,"href":"https:\/\/www.artisanlocal.ch\/c\/wp-json\/wp\/v2\/location?post=636"},{"taxonomy":"canton","embeddable":true,"href":"https:\/\/www.artisanlocal.ch\/c\/wp-json\/wp\/v2\/canton?post=636"}],"curies":[{"name":"wp","href":"https:\/\/api.w.org\/{rel}","templated":true}]}}