{"id":637,"date":"2024-04-19T18:22:32","date_gmt":"2024-04-19T16:22:32","guid":{"rendered":"https:\/\/www.artisanlocal.ch\/c\/jai-besoin-dun-chauffagiste-a-neuchatel\/"},"modified":"2025-08-26T19:29:50","modified_gmt":"2025-08-26T17:29:50","slug":"jai-besoin-dun-chauffagiste-a-neuchatel","status":"publish","type":"page","link":"https:\/\/www.artisanlocal.ch\/c\/jai-besoin-dun-chauffagiste-a-neuchatel\/","title":{"rendered":"Chauffagiste \u00e0 Neuch\u00e2tel"},"content":{"rendered":"<p>Vous recherchez un chauffagiste \u00e0 Neuch\u00e2tel ? Artisanlocal s&rsquo;occupe de l&rsquo;installation et de la r\u00e9paration de votre chauffage. En choisissant de travailler avec nous, vous profitez :<\/p>\n<ul>\n<li>de tarif transparent,<\/li>\n<li>de prestations de haut niveau,<\/li>\n<li>d&rsquo;assistance \u00e0 Neuch\u00e2tel et dans ses environs,<\/li>\n<li>d&rsquo;un personnel qualifi\u00e9 et avec de l&rsquo;exp\u00e9rience,<\/li>\n<li>de devis gratuits,<\/li>\n<li>d&rsquo;experts accessibles du lundi au samedi afin de r\u00e9pondre \u00e0 toutes vos interrogations.<\/li>\n<\/ul>\n\r\n<div class=\"box\">\r\n            <div class=\"company-info\">\r\n            <img decoding=\"async\" class=\"company-info__logo\" src=\"https:\/\/www.artisanlocal.ch\/media\/cache\/thumb\/images\/companies\/66e2fd01e58b4290125540.png\" alt=\"Logo\">\r\n            <h2 class=\"company-info__name\">JM Chauffage-Sanitaire Sarl<\/h2>\r\n            <p class=\"company-info__business\">Chauffage - Sanitaire - Entretien et d\u00e9pannage - Climatisation - Solaire thermique - Entretien G\u00e9othermie - R\u00e9novation<\/p>\r\n        <\/div>\r\n        <div class=\"company-contact\">\r\n            <p class=\"company-info__address\">Chemin des Nageux 15<\/p>\r\n                            <div class=\"links\">\r\n                                            <a class=\"btn has-accent-background-color js-phoneNumber\" href=\"tel:0794198441\" title=\"Appelez\" data-id=\"25258\" data-type=\"11\">079 419 84 41<\/a>\r\n                                                                <a class=\"btn has-accent-background-color\" href=\"https:\/\/jm-chauffage-sanitaire.digitalone.site\/\" target=\"_blank\" title=\"Voir le site internet\" data-id=\"25258\" data-type=\"20\">Site internet<\/a>\r\n                                    <\/div>\r\n                    <\/div>\r\n    \r\n            \r\n<form action=\"https:\/\/www.artisanlocal.ch\/c\/wp-admin\/admin-ajax.php\" method=\"post\" class=\"form-contact\" id=\"artisan_form_contact_company_inline\">\r\n    <div><input type=\"hidden\" name=\"action\" value=\"company_contact\"><\/div>\r\n    <div><input type=\"hidden\" name=\"nonce\" value=\"85ec494698\"><\/div>\r\n    <div><input type=\"hidden\" name=\"company_id\" value=\"25258\"><\/div>\r\n    <div><input type=\"hidden\" name=\"form_id\" value=\"artisan_form_contact_company_inline\"><\/div>\r\n    <div class=\"gglcptch gglcptch_v3 gglcptch_custom\"><input type=\"hidden\" id=\"g-recaptcha-response\" name=\"g-recaptcha-response\" \/><br \/><div class=\"gglcptch_error_text\">La p\u00e9riode de v\u00e9rification reCAPTCHA a expir\u00e9. Veuillez recharger la page.<\/div><\/div>    <div class=\"form-content\">\r\n        <div class=\"form-group\">\r\n            <label for=\"contact_firstName\" class=\"required\">Pr\u00e9nom<\/label>\r\n            <input type=\"text\" name=\"firstName\" class=\"form-control\" required>\r\n        <\/div>\r\n        <div class=\"form-group\">\r\n            <label for=\"contact_lastName\" class=\"required\">Nom<\/label>\r\n            <input type=\"text\" name=\"lastName\" class=\"form-control\" required>\r\n        <\/div>\r\n        <div class=\"form-group\">\r\n            <label for=\"contact_email\" class=\"required\">Email<\/label>\r\n            <input type=\"email\" name=\"email\" class=\"form-control\" required>\r\n        <\/div>\r\n        <div class=\"form-group\">\r\n            <label for=\"contact_phone\" class=\"required\">Num\u00e9ro de t\u00e9l\u00e9phone<\/label>\r\n            <input type=\"tel\" name=\"phone\" class=\"form-control\" placeholder=\"0787117165\" pattern=\"^[0-9]{10}$\" required>\r\n        <\/div>\r\n        <div class=\"form-group\">\r\n            <label for=\"contact_postalCode\" class=\"required\">Code postal et localit\u00e9<\/label>\r\n            <input type=\"text\" name=\"postalCode\" class=\"form-control\" required>\r\n        <\/div>\r\n        <div class=\"form-group\">\r\n            <label for=\"contact_address\" class=\"required\">Adresse<\/label>\r\n            <input type=\"text\" name=\"address\" class=\"form-control\" required>\r\n        <\/div>\r\n        <div class=\"full-width topic\">\r\n            <p class=\"required\">Je souhaite \u00eatre contact\u00e9 pour :<\/p>\r\n            <div class=\"form-check\">\r\n                <input type=\"radio\" name=\"topic\" value=\"D\u00e9pannage\" class=\"form-control\" required>\r\n                <label for=\"d\u00e9pannage\">D\u00e9pannage<\/label>\r\n            <\/div>\r\n            <div class=\"form-check\">\r\n                <input type=\"radio\" name=\"topic\" value=\"Entretien\" class=\"form-control\" required>\r\n                <label for=\"entretien\">Entretien<\/label>\r\n            <\/div>\r\n            <div class=\"form-check\">\r\n                <input type=\"radio\" name=\"topic\" value=\"R\u00e9novation\" class=\"form-control\" required>\r\n                <label for=\"r\u00e9novation\">R\u00e9novation<\/label>\r\n            <\/div>\r\n            <div class=\"form-check\">\r\n                <input type=\"radio\" name=\"topic\" value=\"Autre\" class=\"form-control\" required>\r\n                <label for=\"autre\">Autre<\/label>\r\n            <\/div>\r\n        <\/div>\r\n        <div class=\"form-group full-width\">\r\n            <label for=\"contact_message\">Message<\/label>\r\n            <textarea name=\"message\" rows=\"3\" class=\"form-control\"><\/textarea>\r\n        <\/div>\r\n    <\/div>\r\n    <div class=\"form-actions\">\r\n        <button class=\"wp-block-button__link has-accent-background-color\">Contacter<\/button>\r\n    <\/div>\r\n<\/form>\r\n<div class=\"form-feedback\"><\/div>    <\/div>\n<h2>Pourquoi choisir Artisanlocal ?<\/h2>\n<ul>\n<li>\u00c9valuation rapide pour l&rsquo;installation ou le changement de votre chauffage : une fois que vous avez compl\u00e9t\u00e9 le formulaire, notre expert \u00e0 Neuch\u00e2tel vous appelle dans la journ\u00e9e.<\/li>\n<li>D\u00e9placement de notre chauffagiste \u00e0 votre domicile : le jour de votre demande, le technicien chauffagiste Neuch\u00e2telois peut se d\u00e9placer dans votre foyer pour d\u00e9terminer le montant pour le changement ou l&rsquo;installation de votre syst\u00e8me de chauffage. Ensuite, vous obtenez une estimation d\u00e9taill\u00e9e et vous pouvez nous poser toutes vos questions.<\/li>\n<li>Mise en place de votre chauffage dans les 24\/48 heures : une fois que vous avez accept\u00e9 notre devis. Nous planifierons avec vous le jour d&rsquo;installation.<\/li>\n<li>D\u00e9pannage et entretien : si une panne survient dans votre chaudi\u00e8re, chauffe-eau ou syst\u00e8me de chauffage.<\/li>\n<li>Nos chauffagistes interviennent \u00e0 Neuch\u00e2tel et \u00e9galement dans les villes \u00e0 proximit\u00e9s.<\/li>\n<\/ul>\n<h2>Pourquoi la maintenance du chauffage est importante ?<\/h2>\n<p>Assurer le bon fonctionnement de votre \u00e9quipement de chauffage est important, si vous avez des enfants. Nos chauffagistes vous aident \u00e0 ajuster la bonne temp\u00e9rature et le taux de monoxyde de carbone cr\u00e9e par votre chauffage. Nos chauffagistes assurent l&rsquo;entretien de votre syst\u00e8me de chauffage, peu importe le type : \u00e0 accumulation, basse temp\u00e9rature, \u00e9lectrique, fioul, condensation ou \u00e0 gaz.<\/p>\n<h2>Votre entreprise propose-t-elle une aide t\u00e9l\u00e9phonique ?<\/h2>\n<p>Oui, nous pouvons vous aider par t\u00e9l\u00e9phone. En nous d\u00e9crivant votre probl\u00e8me par mail ou t\u00e9l\u00e9phone, nous identifierons la meilleure solution pour r\u00e9gler votre probl\u00e8me. Il faut garder \u00e0 l&rsquo;esprit que dans la majorit\u00e9 des cas, un technicien doit se d\u00e9placer chez vous pour d\u00e9tecter et corriger votre probl\u00e8me de chauffage.<\/p>\n<h2>De quelle mani\u00e8re fonctionne Artisanlocal ?<\/h2>\n<ol>\n<li>Prise de contact : vous devez nous joindre par mail ou par t\u00e9l\u00e9phone.<\/li>\n<li>Intervention : un de nos experts chauffagistes se d\u00e9place \u00e0 votre domicile.<\/li>\n<li>\u00c9valuation : on \u00e9tudiera le volume de vos pi\u00e8ces, l&rsquo;isolation et l&rsquo;\u00e9quipement actuel pour \u00e9valuer et d\u00e9terminer la meilleure solution.<\/li>\n<li>Indication : une solution vous sera propos\u00e9e en fonction de vos moyens et de vos demandes.<\/li>\n<li>Devis : vous obtenez une estimation d\u00e9taill\u00e9e, vous montrant les diverses d\u00e9penses.<\/li>\n<li>Installation : apr\u00e8s avoir accept\u00e9 notre devis, nous effectuons l&rsquo;installation de votre \u00e9quipe de chauffage et r\u00e9glons le thermostat en fonction de vos besoins.<\/li>\n<\/ol>\n<h2>Quelle est la meilleure solution de chauffage pour un logement ?<\/h2>\n<p>L&rsquo;expert qui se d\u00e9place dans votre foyer, vous conseille pour choisir le syst\u00e8me de chauffage le plus adapt\u00e9, comme les syst\u00e8mes de chauffages : \u00e0 gaz, \u00e9lectriques, fioul, classiques, condensation ou basses temp\u00e9ratures.<\/p>\n<p>Les chauffages \u00e0 basses temp\u00e9ratures ou \u00e0 condensation co\u00fbtent plus cher \u00e0 l&rsquo;achat, mais ils contribuent \u00e0 faire des \u00e9conomies sur le long terme.<\/p>\n<p>De plus, avant d&rsquo;installer votre chauffage, il convient de configurer votre thermostat par rapport \u00e0 votre habitation et vos d\u00e9sirs. Ne vous inqui\u00e9tez pas, le chauffagiste qui se d\u00e9place \u00e0 votre domicile a l&rsquo;expertise pour r\u00e9soudre tous vos probl\u00e8mes. Dans le devis, vous retrouvez les d\u00e9tails de l\u2019intervention, tel que le co\u00fbt de la main-d&rsquo;\u0153uvre et aussi des diff\u00e9rents \u00e9quipements.<\/p>\n<h2>Service d&rsquo;entretien pour votre chauffage \u00e0 Neuch\u00e2tel<\/h2>\n<p>Vous devez effectuer l&rsquo;entretien annuel de votre syst\u00e8me de chauffage, qu&rsquo;il soit \u00e0 gaz ou au fioul. L&rsquo;entretien de votre chauffage offre la possibilit\u00e9 de contr\u00f4ler les \u00e9missions de monoxyde de carbone qui se d\u00e9gage. Pour rappel, si votre chauffage fabrique beaucoup de monoxyde de carbone, cela peut entra\u00eener une intoxication. Le chauffagiste qui se rend chez vous contr\u00f4le et r\u00e8gle le taux de monoxyde de carbone afin de vous \u00e9viter des probl\u00e8mes plus ou moins graves.<\/p>\n<h2>Programme d&rsquo;entretien pour votre chauffage \u00e0 Neuch\u00e2tel<\/h2>\n<p>Pour assurer le bon \u00e9tat de marche de votre chauffage, nous proposons des contrats d&rsquo;entretien. Avec une maintenance r\u00e9guli\u00e8re, vous faites des \u00e9conomies, vous \u00e9vitez les d\u00e9pannages en urgence.<\/p>\n<p>Par ailleurs, si vous avez un sinistre, l\u2019assurance r\u00e9clame le contrat de maintenance pour v\u00e9rifier l&rsquo;\u00e9tat g\u00e9n\u00e9ral de votre chauffage avant le sinistre. Notre soci\u00e9t\u00e9 offre des contrats d&rsquo;entretien pluriannuels ou annuels.<\/p>\n<h2>Pourquoi signer un forfait d&rsquo;entretien pour votre chauffage ?<\/h2>\n<p>En cas d&rsquo;\u00e9l\u00e9ments d\u00e9fectueux, nous assurons le remplacement rapide. De plus, nous prenons l&rsquo;engagement de :<\/p>\n<ul>\n<li>V\u00e9rifier la tension dans vos conduits,<\/li>\n<li>R\u00e9aliser le nettoyage de votre br\u00fbleur, des conduits de liaison et des diff\u00e9rents \u00e9l\u00e9ments chauffants.<\/li>\n<\/ul>\n<h2>Quels sont les diff\u00e9rents services propos\u00e9s par votre soci\u00e9t\u00e9 ?<\/h2>\n<p>Nos techniciens se d\u00e9placent dans votre foyer, pour r\u00e9aliser :<\/p>\n<ul>\n<li>le d\u00e9sembouage et le d\u00e9tartrage de vos radiateurs,<\/li>\n<li>la purge d&rsquo;air,<\/li>\n<li>la maintenance de votre chauffage, chaudi\u00e8re et chauffe-eau,<\/li>\n<li>l&rsquo;ajustement des thermostats,<\/li>\n<li>l&rsquo;entretien chaudi\u00e8res \u00e0 condensation, \u00e0 gaz, \u00e0 accumulation, \u00e0 fioul, \u00e9lectriques et basses temp\u00e9ratures,<\/li>\n<li>la restauration de la vanne de purge,<\/li>\n<li>le d\u00e9pannage et la r\u00e9paration sur tous types de probl\u00e8mes techniques : fuite de canalisation, radiateur qui ne chauffe plus, chaudi\u00e8re, etc.<\/li>\n<li>la mise en place de : chauffage, pompe \u00e0 chaleur, chaudi\u00e8re, radiateur \u00e9lectrique, plancher chauffant, etc.<\/li>\n<\/ul>\n<h2>Foire aux questions<\/h2>\n<h3>Pourquoi avoir recours \u00e0 un technicien chauffagiste Neuch\u00e2telois ?<\/h3>\n<p>Maintenir la temp\u00e9rature ambiante de vos pi\u00e8ces : un chauffage bien r\u00e9gl\u00e9 permet de garder une temp\u00e9rature stable dans votre logement.<\/p>\n<p>\u00c9conomiser de l&rsquo;argent : en s\u00e9lectionnant des mat\u00e9riaux de qualit\u00e9, pour l&rsquo;isolation et le chauffage, vous r\u00e9duisez vos \u00e9missions de carbone et vous r\u00e9alisez des \u00e9conomies.<\/p>\n<p>Pr\u00e9server la s\u00e9curit\u00e9 de votre chauffage : respecter les r\u00e8gles de s\u00fbret\u00e9 permet de maintenir un chauffage s\u00fbr et performant (par exemple, pour r\u00e9duire les \u00e9missions de monoxyde de carbone).<\/p>\n<p>Anticiper les probl\u00e8mes : un technicien est en mesure d&rsquo;anticiper de potentiels dommages occasionn\u00e9s par vos \u00e9quipements, juste en regardant votre installation.<\/p>\n<h3>Comment choisir le bon technicien chauffagiste \u00e0 Neuch\u00e2tel ?<\/h3>\n<p>La qualification : contr\u00f4lez les certifications certifiant que la soci\u00e9t\u00e9 \u00e0 une exp\u00e9rience dans son domaine d&rsquo;expertise.<\/p>\n<p>Les cas clients : prenez le temps de lire les avis des anciens clients ayant d\u00e9j\u00e0 travaill\u00e9 avec les entreprises.<\/p>\n<p>Les garanties : contr\u00f4lez que les techniciens chauffagistes sont assur\u00e9s en cas de dommages.<\/p>\n<h3>\u00c0 quelle rapidit\u00e9 intervenez-vous dans un foyer Neuch\u00e2telois ?<\/h3>\n<p>Si vous avez une demande qui ne peut attendre, nous pouvons intervenir sous un d\u00e9lai de deux heures, s&rsquo;il n&rsquo;y a pas d&rsquo;urgence concernant votre demande, nous intervenons g\u00e9n\u00e9ralement au cours de la semaine.<\/p>\n<h3>Pouvez-vous intervenir \u00e0 Neuch\u00e2tel et aux environs ?<\/h3>\n<p>Oui, nous intervenons \u00e0 Neuch\u00e2tel et dans les villes, comme : Auvernier, Colombier NE, B\u00f4le, Areuse, Cortaillod, Boudry, Chambrelien, Rochefort, Bevaix, Gorgier, St-Aubin-Sauges, Chez-le-Bart, Fresens, Montalchez, Vaumarcus, Peseux, Corcelles NE, Cormondr\u00e8che, Hauterive NE, St-Blaise, Enges, Marin-Epagnier, Thielle, Wavre, Cornaux NE, Cressier NE, Champ-du-Moulin.<\/p>\n","protected":false},"excerpt":{"rendered":"<p>Vous recherchez un chauffagiste \u00e0 Neuch\u00e2tel ? Artisanlocal s&rsquo;occupe de l&rsquo;installation et de la r\u00e9paration de votre chauffage. En choisissant de travailler avec nous, vous profitez : de tarif transparent, de prestations de haut niveau, d&rsquo;assistance \u00e0 Neuch\u00e2tel et dans ses environs, d&rsquo;un personnel qualifi\u00e9 et avec de l&rsquo;exp\u00e9rience, de devis gratuits, d&rsquo;experts accessibles du [&hellip;]<\/p>\n","protected":false},"author":4,"featured_media":2757,"parent":0,"menu_order":0,"comment_status":"closed","ping_status":"closed","template":"","meta":{"footnotes":""},"profession":[120],"location":[62],"canton":[114],"class_list":["post-637","page","type-page","status-publish","has-post-thumbnail","hentry","profession-chauffagiste","location-neuchatel","canton-ne"],"yoast_head":"<!-- This site is optimized with the Yoast SEO Premium plugin v25.7.1 (Yoast SEO v27.3) - https:\/\/yoast.com\/product\/yoast-seo-premium-wordpress\/ -->\n<title>Chauffagiste \u00e0 Neuch\u00e2tel - Artisanlocal<\/title>\n<meta name=\"robots\" content=\"index, follow, max-snippet:-1, max-image-preview:large, max-video-preview:-1\" \/>\n<link rel=\"canonical\" href=\"https:\/\/www.artisanlocal.ch\/c\/jai-besoin-dun-chauffagiste-a-neuchatel\/\" \/>\n<meta property=\"og:locale\" content=\"fr_FR\" \/>\n<meta property=\"og:type\" content=\"article\" \/>\n<meta property=\"og:title\" content=\"Chauffagiste \u00e0 Neuch\u00e2tel\" \/>\n<meta property=\"og:description\" content=\"Vous recherchez un chauffagiste \u00e0 Neuch\u00e2tel ? Artisanlocal s&rsquo;occupe de l&rsquo;installation et de la r\u00e9paration de votre chauffage. En choisissant de travailler avec nous, vous profitez : de tarif transparent, de prestations de haut niveau, d&rsquo;assistance \u00e0 Neuch\u00e2tel et dans ses environs, d&rsquo;un personnel qualifi\u00e9 et avec de l&rsquo;exp\u00e9rience, de devis gratuits, d&rsquo;experts accessibles du [&hellip;]\" \/>\n<meta property=\"og:url\" content=\"https:\/\/www.artisanlocal.ch\/c\/jai-besoin-dun-chauffagiste-a-neuchatel\/\" \/>\n<meta property=\"og:site_name\" content=\"Artisanlocal\" \/>\n<meta property=\"article:modified_time\" content=\"2025-08-26T17:29:50+00:00\" \/>\n<meta property=\"og:image\" content=\"https:\/\/www.artisanlocal.ch\/c\/wp-content\/uploads\/2024\/10\/chauffagiste.jpg\" \/>\n\t<meta property=\"og:image:width\" content=\"1920\" \/>\n\t<meta property=\"og:image:height\" content=\"300\" \/>\n\t<meta property=\"og:image:type\" content=\"image\/jpeg\" \/>\n<meta name=\"twitter:card\" content=\"summary_large_image\" \/>\n<meta name=\"twitter:label1\" content=\"Dur\u00e9e de lecture estim\u00e9e\" \/>\n\t<meta name=\"twitter:data1\" content=\"6 minutes\" \/>\n<script type=\"application\/ld+json\" class=\"yoast-schema-graph\">{\"@context\":\"https:\\\/\\\/schema.org\",\"@graph\":[{\"@type\":\"WebPage\",\"@id\":\"https:\\\/\\\/www.artisanlocal.ch\\\/c\\\/jai-besoin-dun-chauffagiste-a-neuchatel\\\/\",\"url\":\"https:\\\/\\\/www.artisanlocal.ch\\\/c\\\/jai-besoin-dun-chauffagiste-a-neuchatel\\\/\",\"name\":\"Chauffagiste \u00e0 Neuch\u00e2tel - Artisanlocal\",\"isPartOf\":{\"@id\":\"https:\\\/\\\/www.artisanlocal.ch\\\/c\\\/#website\"},\"primaryImageOfPage\":{\"@id\":\"https:\\\/\\\/www.artisanlocal.ch\\\/c\\\/jai-besoin-dun-chauffagiste-a-neuchatel\\\/#primaryimage\"},\"image\":{\"@id\":\"https:\\\/\\\/www.artisanlocal.ch\\\/c\\\/jai-besoin-dun-chauffagiste-a-neuchatel\\\/#primaryimage\"},\"thumbnailUrl\":\"https:\\\/\\\/www.artisanlocal.ch\\\/c\\\/wp-content\\\/uploads\\\/2024\\\/10\\\/chauffagiste.jpg\",\"datePublished\":\"2024-04-19T16:22:32+00:00\",\"dateModified\":\"2025-08-26T17:29:50+00:00\",\"breadcrumb\":{\"@id\":\"https:\\\/\\\/www.artisanlocal.ch\\\/c\\\/jai-besoin-dun-chauffagiste-a-neuchatel\\\/#breadcrumb\"},\"inLanguage\":\"fr-FR\",\"potentialAction\":[{\"@type\":\"ReadAction\",\"target\":[\"https:\\\/\\\/www.artisanlocal.ch\\\/c\\\/jai-besoin-dun-chauffagiste-a-neuchatel\\\/\"]}]},{\"@type\":\"ImageObject\",\"inLanguage\":\"fr-FR\",\"@id\":\"https:\\\/\\\/www.artisanlocal.ch\\\/c\\\/jai-besoin-dun-chauffagiste-a-neuchatel\\\/#primaryimage\",\"url\":\"https:\\\/\\\/www.artisanlocal.ch\\\/c\\\/wp-content\\\/uploads\\\/2024\\\/10\\\/chauffagiste.jpg\",\"contentUrl\":\"https:\\\/\\\/www.artisanlocal.ch\\\/c\\\/wp-content\\\/uploads\\\/2024\\\/10\\\/chauffagiste.jpg\",\"width\":1920,\"height\":300},{\"@type\":\"BreadcrumbList\",\"@id\":\"https:\\\/\\\/www.artisanlocal.ch\\\/c\\\/jai-besoin-dun-chauffagiste-a-neuchatel\\\/#breadcrumb\",\"itemListElement\":[{\"@type\":\"ListItem\",\"position\":1,\"name\":\"Accueil\",\"item\":\"https:\\\/\\\/www.artisanlocal.ch\\\/c\\\/\"},{\"@type\":\"ListItem\",\"position\":2,\"name\":\"Chauffagiste \u00e0 Neuch\u00e2tel\"}]},{\"@type\":\"WebSite\",\"@id\":\"https:\\\/\\\/www.artisanlocal.ch\\\/c\\\/#website\",\"url\":\"https:\\\/\\\/www.artisanlocal.ch\\\/c\\\/\",\"name\":\"Artisanlocal\",\"description\":\"\",\"publisher\":{\"@id\":\"https:\\\/\\\/www.artisanlocal.ch\\\/c\\\/#organization\"},\"potentialAction\":[{\"@type\":\"SearchAction\",\"target\":{\"@type\":\"EntryPoint\",\"urlTemplate\":\"https:\\\/\\\/www.artisanlocal.ch\\\/c\\\/?s={search_term_string}\"},\"query-input\":{\"@type\":\"PropertyValueSpecification\",\"valueRequired\":true,\"valueName\":\"search_term_string\"}}],\"inLanguage\":\"fr-FR\"},{\"@type\":\"Organization\",\"@id\":\"https:\\\/\\\/www.artisanlocal.ch\\\/c\\\/#organization\",\"name\":\"Artisanlocal\",\"url\":\"https:\\\/\\\/www.artisanlocal.ch\\\/c\\\/\",\"logo\":{\"@type\":\"ImageObject\",\"inLanguage\":\"fr-FR\",\"@id\":\"https:\\\/\\\/www.artisanlocal.ch\\\/c\\\/#\\\/schema\\\/logo\\\/image\\\/\",\"url\":\"https:\\\/\\\/www.artisanlocal.ch\\\/c\\\/wp-content\\\/uploads\\\/2024\\\/02\\\/logo-artisanlocal-h.svg\",\"contentUrl\":\"https:\\\/\\\/www.artisanlocal.ch\\\/c\\\/wp-content\\\/uploads\\\/2024\\\/02\\\/logo-artisanlocal-h.svg\",\"caption\":\"Artisanlocal\"},\"image\":{\"@id\":\"https:\\\/\\\/www.artisanlocal.ch\\\/c\\\/#\\\/schema\\\/logo\\\/image\\\/\"}}]}<\/script>\n<!-- \/ Yoast SEO Premium plugin. -->","yoast_head_json":{"title":"Chauffagiste \u00e0 Neuch\u00e2tel - Artisanlocal","robots":{"index":"index","follow":"follow","max-snippet":"max-snippet:-1","max-image-preview":"max-image-preview:large","max-video-preview":"max-video-preview:-1"},"canonical":"https:\/\/www.artisanlocal.ch\/c\/jai-besoin-dun-chauffagiste-a-neuchatel\/","og_locale":"fr_FR","og_type":"article","og_title":"Chauffagiste \u00e0 Neuch\u00e2tel","og_description":"Vous recherchez un chauffagiste \u00e0 Neuch\u00e2tel ? Artisanlocal s&rsquo;occupe de l&rsquo;installation et de la r\u00e9paration de votre chauffage. En choisissant de travailler avec nous, vous profitez : de tarif transparent, de prestations de haut niveau, d&rsquo;assistance \u00e0 Neuch\u00e2tel et dans ses environs, d&rsquo;un personnel qualifi\u00e9 et avec de l&rsquo;exp\u00e9rience, de devis gratuits, d&rsquo;experts accessibles du [&hellip;]","og_url":"https:\/\/www.artisanlocal.ch\/c\/jai-besoin-dun-chauffagiste-a-neuchatel\/","og_site_name":"Artisanlocal","article_modified_time":"2025-08-26T17:29:50+00:00","og_image":[{"width":1920,"height":300,"url":"https:\/\/www.artisanlocal.ch\/c\/wp-content\/uploads\/2024\/10\/chauffagiste.jpg","type":"image\/jpeg"}],"twitter_card":"summary_large_image","twitter_misc":{"Dur\u00e9e de lecture estim\u00e9e":"6 minutes"},"schema":{"@context":"https:\/\/schema.org","@graph":[{"@type":"WebPage","@id":"https:\/\/www.artisanlocal.ch\/c\/jai-besoin-dun-chauffagiste-a-neuchatel\/","url":"https:\/\/www.artisanlocal.ch\/c\/jai-besoin-dun-chauffagiste-a-neuchatel\/","name":"Chauffagiste \u00e0 Neuch\u00e2tel - Artisanlocal","isPartOf":{"@id":"https:\/\/www.artisanlocal.ch\/c\/#website"},"primaryImageOfPage":{"@id":"https:\/\/www.artisanlocal.ch\/c\/jai-besoin-dun-chauffagiste-a-neuchatel\/#primaryimage"},"image":{"@id":"https:\/\/www.artisanlocal.ch\/c\/jai-besoin-dun-chauffagiste-a-neuchatel\/#primaryimage"},"thumbnailUrl":"https:\/\/www.artisanlocal.ch\/c\/wp-content\/uploads\/2024\/10\/chauffagiste.jpg","datePublished":"2024-04-19T16:22:32+00:00","dateModified":"2025-08-26T17:29:50+00:00","breadcrumb":{"@id":"https:\/\/www.artisanlocal.ch\/c\/jai-besoin-dun-chauffagiste-a-neuchatel\/#breadcrumb"},"inLanguage":"fr-FR","potentialAction":[{"@type":"ReadAction","target":["https:\/\/www.artisanlocal.ch\/c\/jai-besoin-dun-chauffagiste-a-neuchatel\/"]}]},{"@type":"ImageObject","inLanguage":"fr-FR","@id":"https:\/\/www.artisanlocal.ch\/c\/jai-besoin-dun-chauffagiste-a-neuchatel\/#primaryimage","url":"https:\/\/www.artisanlocal.ch\/c\/wp-content\/uploads\/2024\/10\/chauffagiste.jpg","contentUrl":"https:\/\/www.artisanlocal.ch\/c\/wp-content\/uploads\/2024\/10\/chauffagiste.jpg","width":1920,"height":300},{"@type":"BreadcrumbList","@id":"https:\/\/www.artisanlocal.ch\/c\/jai-besoin-dun-chauffagiste-a-neuchatel\/#breadcrumb","itemListElement":[{"@type":"ListItem","position":1,"name":"Accueil","item":"https:\/\/www.artisanlocal.ch\/c\/"},{"@type":"ListItem","position":2,"name":"Chauffagiste \u00e0 Neuch\u00e2tel"}]},{"@type":"WebSite","@id":"https:\/\/www.artisanlocal.ch\/c\/#website","url":"https:\/\/www.artisanlocal.ch\/c\/","name":"Artisanlocal","description":"","publisher":{"@id":"https:\/\/www.artisanlocal.ch\/c\/#organization"},"potentialAction":[{"@type":"SearchAction","target":{"@type":"EntryPoint","urlTemplate":"https:\/\/www.artisanlocal.ch\/c\/?s={search_term_string}"},"query-input":{"@type":"PropertyValueSpecification","valueRequired":true,"valueName":"search_term_string"}}],"inLanguage":"fr-FR"},{"@type":"Organization","@id":"https:\/\/www.artisanlocal.ch\/c\/#organization","name":"Artisanlocal","url":"https:\/\/www.artisanlocal.ch\/c\/","logo":{"@type":"ImageObject","inLanguage":"fr-FR","@id":"https:\/\/www.artisanlocal.ch\/c\/#\/schema\/logo\/image\/","url":"https:\/\/www.artisanlocal.ch\/c\/wp-content\/uploads\/2024\/02\/logo-artisanlocal-h.svg","contentUrl":"https:\/\/www.artisanlocal.ch\/c\/wp-content\/uploads\/2024\/02\/logo-artisanlocal-h.svg","caption":"Artisanlocal"},"image":{"@id":"https:\/\/www.artisanlocal.ch\/c\/#\/schema\/logo\/image\/"}}]}},"_links":{"self":[{"href":"https:\/\/www.artisanlocal.ch\/c\/wp-json\/wp\/v2\/pages\/637","targetHints":{"allow":["GET"]}}],"collection":[{"href":"https:\/\/www.artisanlocal.ch\/c\/wp-json\/wp\/v2\/pages"}],"about":[{"href":"https:\/\/www.artisanlocal.ch\/c\/wp-json\/wp\/v2\/types\/page"}],"author":[{"embeddable":true,"href":"https:\/\/www.artisanlocal.ch\/c\/wp-json\/wp\/v2\/users\/4"}],"replies":[{"embeddable":true,"href":"https:\/\/www.artisanlocal.ch\/c\/wp-json\/wp\/v2\/comments?post=637"}],"version-history":[{"count":0,"href":"https:\/\/www.artisanlocal.ch\/c\/wp-json\/wp\/v2\/pages\/637\/revisions"}],"wp:featuredmedia":[{"embeddable":true,"href":"https:\/\/www.artisanlocal.ch\/c\/wp-json\/wp\/v2\/media\/2757"}],"wp:attachment":[{"href":"https:\/\/www.artisanlocal.ch\/c\/wp-json\/wp\/v2\/media?parent=637"}],"wp:term":[{"taxonomy":"profession","embeddable":true,"href":"https:\/\/www.artisanlocal.ch\/c\/wp-json\/wp\/v2\/profession?post=637"},{"taxonomy":"location","embeddable":true,"href":"https:\/\/www.artisanlocal.ch\/c\/wp-json\/wp\/v2\/location?post=637"},{"taxonomy":"canton","embeddable":true,"href":"https:\/\/www.artisanlocal.ch\/c\/wp-json\/wp\/v2\/canton?post=637"}],"curies":[{"name":"wp","href":"https:\/\/api.w.org\/{rel}","templated":true}]}}