{"id":638,"date":"2024-04-18T14:53:30","date_gmt":"2024-04-18T12:53:30","guid":{"rendered":"https:\/\/www.artisanlocal.ch\/c\/besoin-dun-chauffagiste-a-le-locle\/"},"modified":"2025-10-08T13:21:18","modified_gmt":"2025-10-08T11:21:18","slug":"besoin-dun-chauffagiste-a-le-locle","status":"publish","type":"page","link":"https:\/\/www.artisanlocal.ch\/c\/besoin-dun-chauffagiste-a-le-locle\/","title":{"rendered":"Chauffagiste au Locle"},"content":{"rendered":"<p>Vous recherchez un chauffagiste au Locle ? Artisanlocal assure l&rsquo;installation et la r\u00e9paration de votre chauffage.<\/p>\n\r\n<div class=\"box\">\r\n            <div class=\"company-info\">\r\n            <img decoding=\"async\" class=\"company-info__logo\" src=\"https:\/\/www.artisanlocal.ch\/media\/cache\/thumb\/images\/companies\/697771ffcb44b296563195.png\" alt=\"Logo\">\r\n            <h2 class=\"company-info__name\">RFC Chauffage<\/h2>\r\n            <p class=\"company-info__business\">Chauffage - Sanitaire - Entretien et maintenance - R\u00e9novation et remplacement - Conseils et diagnostics<\/p>\r\n        <\/div>\r\n        <div class=\"company-contact\">\r\n            <p class=\"company-info__address\">Rue de la Gare 10<\/p>\r\n                            <div class=\"links\">\r\n                                            <a class=\"btn has-accent-background-color js-phoneNumber\" href=\"tel:0794350467\" title=\"Appelez\" data-id=\"7891\" data-type=\"11\">079 435 04 67<\/a>\r\n                                                                <a class=\"btn has-accent-background-color\" href=\"http:\/\/www.rfc-chauffage.ch\/\" target=\"_blank\" title=\"Voir le site internet\" data-id=\"7891\" data-type=\"20\">Site internet<\/a>\r\n                                    <\/div>\r\n                    <\/div>\r\n    \r\n            \r\n<form action=\"https:\/\/www.artisanlocal.ch\/c\/wp-admin\/admin-ajax.php\" method=\"post\" class=\"form-contact\" id=\"artisan_form_contact_company_inline\">\r\n    <div><input type=\"hidden\" name=\"action\" value=\"company_contact\"><\/div>\r\n    <div><input type=\"hidden\" name=\"nonce\" value=\"85ec494698\"><\/div>\r\n    <div><input type=\"hidden\" name=\"company_id\" value=\"7891\"><\/div>\r\n    <div><input type=\"hidden\" name=\"form_id\" value=\"artisan_form_contact_company_inline\"><\/div>\r\n    <div class=\"gglcptch gglcptch_v3 gglcptch_custom\"><input type=\"hidden\" id=\"g-recaptcha-response\" name=\"g-recaptcha-response\" \/><br \/><div class=\"gglcptch_error_text\">La p\u00e9riode de v\u00e9rification reCAPTCHA a expir\u00e9. Veuillez recharger la page.<\/div><\/div>    <div class=\"form-content\">\r\n        <div class=\"form-group\">\r\n            <label for=\"contact_firstName\" class=\"required\">Pr\u00e9nom<\/label>\r\n            <input type=\"text\" name=\"firstName\" class=\"form-control\" required>\r\n        <\/div>\r\n        <div class=\"form-group\">\r\n            <label for=\"contact_lastName\" class=\"required\">Nom<\/label>\r\n            <input type=\"text\" name=\"lastName\" class=\"form-control\" required>\r\n        <\/div>\r\n        <div class=\"form-group\">\r\n            <label for=\"contact_email\" class=\"required\">Email<\/label>\r\n            <input type=\"email\" name=\"email\" class=\"form-control\" required>\r\n        <\/div>\r\n        <div class=\"form-group\">\r\n            <label for=\"contact_phone\" class=\"required\">Num\u00e9ro de t\u00e9l\u00e9phone<\/label>\r\n            <input type=\"tel\" name=\"phone\" class=\"form-control\" placeholder=\"0787117165\" pattern=\"^[0-9]{10}$\" required>\r\n        <\/div>\r\n        <div class=\"form-group\">\r\n            <label for=\"contact_postalCode\" class=\"required\">Code postal et localit\u00e9<\/label>\r\n            <input type=\"text\" name=\"postalCode\" class=\"form-control\" required>\r\n        <\/div>\r\n        <div class=\"form-group\">\r\n            <label for=\"contact_address\" class=\"required\">Adresse<\/label>\r\n            <input type=\"text\" name=\"address\" class=\"form-control\" required>\r\n        <\/div>\r\n        <div class=\"full-width topic\">\r\n            <p class=\"required\">Je souhaite \u00eatre contact\u00e9 pour :<\/p>\r\n            <div class=\"form-check\">\r\n                <input type=\"radio\" name=\"topic\" value=\"D\u00e9pannage\" class=\"form-control\" required>\r\n                <label for=\"d\u00e9pannage\">D\u00e9pannage<\/label>\r\n            <\/div>\r\n            <div class=\"form-check\">\r\n                <input type=\"radio\" name=\"topic\" value=\"Entretien\" class=\"form-control\" required>\r\n                <label for=\"entretien\">Entretien<\/label>\r\n            <\/div>\r\n            <div class=\"form-check\">\r\n                <input type=\"radio\" name=\"topic\" value=\"R\u00e9novation\" class=\"form-control\" required>\r\n                <label for=\"r\u00e9novation\">R\u00e9novation<\/label>\r\n            <\/div>\r\n            <div class=\"form-check\">\r\n                <input type=\"radio\" name=\"topic\" value=\"Autre\" class=\"form-control\" required>\r\n                <label for=\"autre\">Autre<\/label>\r\n            <\/div>\r\n        <\/div>\r\n        <div class=\"form-group full-width\">\r\n            <label for=\"contact_message\">Message<\/label>\r\n            <textarea name=\"message\" rows=\"3\" class=\"form-control\"><\/textarea>\r\n        <\/div>\r\n    <\/div>\r\n    <div class=\"form-actions\">\r\n        <button class=\"wp-block-button__link has-accent-background-color\">Contacter<\/button>\r\n    <\/div>\r\n<\/form>\r\n<div class=\"form-feedback\"><\/div>    <\/div>\n<h2>Pourquoi choisir Artisanlocal ?<\/h2>\n<ul>\n<li>Visite \u00e0 votre domicile : notre expert Loclois se d\u00e9place pour estimer le montant de vos travaux et contr\u00f4ler la faisabilit\u00e9 de votre projet.<\/li>\n<li>Estimation rapide de vos travaux : notre chauffagiste au Locle vous contacte rapidement pour estimer vos travaux.<\/li>\n<li>Disponibilit\u00e9 : notre expert au Locle est disponible du lundi au samedi pour r\u00e9pondre \u00e0 vos questions et vous d\u00e9panner.<\/li>\n<li>Assistance technique en urgence : en cas de panne de votre chaudi\u00e8re, chauffe-eau ou syst\u00e8me de chauffage. Notre entreprise intervient au Locle et \u00e9galement dans les villes \u00e0 proximit\u00e9 en urgence.<\/li>\n<\/ul>\n<h2>Pourquoi est-il important d&rsquo;entretenir votre syst\u00e8me de chauffage ?<\/h2>\n<p>Avoir un syst\u00e8me de chauffage qui fonctionne est essentiel, surtout, si vous avez des jeunes enfants. Notre soci\u00e9t\u00e9 vous aide \u00e0 r\u00e9gler la bonne temp\u00e9rature et v\u00e9rifie la concentration de monoxyde de carbone g\u00e9n\u00e9r\u00e9 par votre chauffage. Nos chauffagistes assurent l\u2019entretien de votre syst\u00e8me de chauffage, quel que soit le mod\u00e8le : basse temp\u00e9rature, fioul, condensation, \u00e9lectrique, gaz ou \u00e0 accumulation.<\/p>\n<h2>Votre entreprise propose-t-elle une aide t\u00e9l\u00e9phonique ?<\/h2>\n<p>Oui, nous pouvons vous d\u00e9panner par t\u00e9l\u00e9phone. Il vous suffit de nous d\u00e9tailler votre situation et un de nos experts \u00e9valuent les causes et trouve la meilleure solution. Il faut garder en t\u00eate que dans la plupart des cas, un technicien doit intervenir chez vous pour identifier et corriger le probl\u00e8me.<\/p>\n<h2>Quel est le mode de fonctionnement d&rsquo;Artisanlocal ?<\/h2>\n<ol>\n<li>Premi\u00e8re prise de contact : vous devez nous joindre par t\u00e9l\u00e9phone ou par message.<\/li>\n<li>D\u00e9placement : un de nos techniciens se d\u00e9place \u00e0 votre domicile.<\/li>\n<li>Estimation : le chauffagiste \u00e9valuera l&rsquo;\u00e9tat actuel des choses dans le but de calculer la surface de votre appartement, le volume des pi\u00e8ces et contr\u00f4ler l&rsquo;isolation actuelle.<\/li>\n<li>Indication : une solution vous sera propos\u00e9e en fonction de vos attentes et votre budget.<\/li>\n<li>Devis : nous vous livrons un devis pr\u00e9cis avec les diff\u00e9rents prix.<\/li>\n<li>Pose : apr\u00e8s avoir accept\u00e9 notre estimation et en fonction de vos disponibilit\u00e9s, nous mettons en place votre chauffage, et r\u00e9glons le thermostat.<\/li>\n<\/ol>\n<h2>Quels sont les chauffages les plus performants ?<\/h2>\n<p>Notre expert chauffagiste vous oriente pour s\u00e9lectionner la meilleure solution, il vous donne des conseils sur mesure, comme les chauffages : \u00e0 gaz, \u00e9lectriques, fioul, classiques, condensation ou basses temp\u00e9ratures.<\/p>\n<p>Bien que les chauffages \u00e0 basses temp\u00e9ratures ou \u00e0 condensation co\u00fbtent plus cher, ils contribuent \u00e0 r\u00e9aliser des \u00e9conomies.<\/p>\n<p>Note : pour avoir un chauffage performant, il faut r\u00e9gler correctement votre chauffage.<\/p>\n<h2>Service d&rsquo;assistance pour votre chauffage au Locle<\/h2>\n<p>Veillez \u00e0 faire la maintenance de votre chauffage chaque ann\u00e9e, qu&rsquo;il soit au gaz ou au fioul. La maintenance de votre chauffage permet de contr\u00f4ler le taux de monoxyde de carbone qui se lib\u00e8re. \u00c0 noter, si votre chauffage fabrique trop de monoxyde de carbone, il est possible d&rsquo;intoxiquer les membres de votre foyer (lors de son intervention, l&rsquo;expert r\u00e8gle et v\u00e9rifie les taux de monoxyde de carbone).<\/p>\n<h2>Programme d&rsquo;entretien pour votre chauffage au Locle<\/h2>\n<p>Pour assurer le bon \u00e9tat de marche de votre chauffage, nous vous proposons des contrats d&rsquo;entretien. En faisant un entretien r\u00e9gulier, vous \u00e9conomisez de l&rsquo;argent sur le long terme.<\/p>\n<p>Par ailleurs, si vous avez un sinistre, votre assureur, vous demande le contrat de maintenance afin de v\u00e9rifier l&rsquo;\u00e9tat g\u00e9n\u00e9ral de votre chauffage avant le sinistre. Notre soci\u00e9t\u00e9 propose des contrats d&rsquo;entretien annuels ou pluriannuels.<\/p>\n<h2>Quels sont les b\u00e9n\u00e9fices de souscrire \u00e0 un contrat d\u2019entretien pour votre chauffage ?<\/h2>\n<p>Si vous avez des \u00e9l\u00e9ments d\u00e9fectueux, nous garantissons le remplacement imm\u00e9diat. Par ailleurs, nous prenons l&rsquo;engagement de v\u00e9rifier :<\/p>\n<ul>\n<li>Les niveaux de pression dans vos tuyaux,<\/li>\n<li>l&rsquo;\u00e9tat des conduits et des parties chauffantes.<\/li>\n<\/ul>\n<h2>Quels services proposent Artisanlocal ?<\/h2>\n<ul>\n<li>Le d\u00e9sembouage et le d\u00e9tartrage de vos radiateurs,<\/li>\n<li>la purge de vos radiateurs,<\/li>\n<li>l\u2019entretien des chauffe-eau et des chaudi\u00e8res,<\/li>\n<li>l&rsquo;ajustement des thermostats,<\/li>\n<li>l&rsquo;entretien des chaudi\u00e8res \u00e0 condensation, \u00e0 gaz, basses temp\u00e9ratures, \u00e0 fioul, \u00e0 accumulation et \u00e9lectriques,<\/li>\n<li>la r\u00e9paration de la vanne de vidange,<\/li>\n<li>l&rsquo;intervention et la r\u00e9paration de vos pannes : fuite de tuyauterie, radiateur qui ne chauffe plus, chaudi\u00e8re, etc.<\/li>\n<li>la mise en place de votre : radiateur \u00e9lectrique, plancher chauffant, pompe \u00e0 chaleur, chaudi\u00e8re, chauffage, etc.<\/li>\n<\/ul>\n<h2>FAQ<\/h2>\n<h3>Pourquoi engager un chauffagiste Loclois ?<\/h3>\n<ul>\n<li>Pour votre confort : un chauffage efficace permet de garder une temp\u00e9rature stable dans votre logement.<\/li>\n<li>\u00c9conomiser de l&rsquo;argent : en achetant des \u00e9quipements de qualit\u00e9 sup\u00e9rieure, exemple le chauffage et l&rsquo;isolation, vous r\u00e9duisez vos \u00e9missions de carbone et vous r\u00e9alisez des \u00e9conomies.<\/li>\n<li>Prot\u00e9ger la s\u00fbret\u00e9 de vos installations : un bon syst\u00e8me de chauffage permet de r\u00e9pondre aux normes de s\u00fbret\u00e9 actuelles (exemple, pour r\u00e9duire les \u00e9missions de monoxyde de carbone).<\/li>\n<li>\u00c9viter les difficult\u00e9s : un expert est en mesure d&rsquo;anticiper de potentiels dommages caus\u00e9s par vos \u00e9quipements, juste en observant votre installation.<\/li>\n<\/ul>\n<h3>Quels sont les \u00e9l\u00e9ments \u00e0 prendre en consid\u00e9ration pour choisir le bon technicien chauffagiste au Locle ?<\/h3>\n<ul>\n<li>Les qualifications : elles permettent de valider les comp\u00e9tences de l&rsquo;entreprise.<\/li>\n<li>Les r\u00e9f\u00e9rences : prenez le temps de lire les avis des clients ayant d\u00e9j\u00e0 travaill\u00e9 avec les entreprises.<\/li>\n<li>Les assurances : v\u00e9rifiez que la soci\u00e9t\u00e9 de chauffage b\u00e9n\u00e9ficie d&rsquo;une garantie assurance qui couvre les \u00e9ventuels d\u00e9g\u00e2ts caus\u00e9s lors de ses op\u00e9rations.<\/li>\n<\/ul>\n<h3>Quelle est votre vitesse d&rsquo;intervention au Locle ?<\/h3>\n<p>Si vous avez une demande d&rsquo;intervention qui ne peut attendre, nous pouvons intervenir dans la semaine ou dans la journ\u00e9e en fonction de notre agenda.<\/p>\n<h3>Votre soci\u00e9t\u00e9 est disponible pour intervenir au Locle, mais aussi dans les villes aux alentours ?<\/h3>\n<p>Oui, nous intervenons au Locle et dans les villes aux environs, telles que : Noiraigue, Travers, Couvet, M\u00f4tiers NE, Boveresse, Fleurier, Buttes, Mont-de-Buttes, La C\u00f4te-aux-F\u00e9es, St-Sulpice NE, Les Sagnettes, Les Verri\u00e8res, Les Bayards, Brot-Dessous, Fretereules, Petit-Martel, Les Ponts-de-Martel, Brot-Plamboz, Le Pr\u00e9voux, La Chaux-du-Milieu, La Br\u00e9vine, La Ch\u00e2tagne, Le Brouillet, Les Taill\u00e8res, Le Cerneux-P\u00e9quignot, Les Brenets.<\/p>\n","protected":false},"excerpt":{"rendered":"<p>Vous recherchez un chauffagiste au Locle ? Artisanlocal assure l&rsquo;installation et la r\u00e9paration de votre chauffage. Pourquoi choisir Artisanlocal ? Visite \u00e0 votre domicile : notre expert Loclois se d\u00e9place pour estimer le montant de vos travaux et contr\u00f4ler la faisabilit\u00e9 de votre projet. Estimation rapide de vos travaux : notre chauffagiste au Locle vous [&hellip;]<\/p>\n","protected":false},"author":4,"featured_media":2757,"parent":0,"menu_order":0,"comment_status":"closed","ping_status":"closed","template":"","meta":{"footnotes":""},"profession":[120],"location":[83],"canton":[114],"class_list":["post-638","page","type-page","status-publish","has-post-thumbnail","hentry","profession-chauffagiste","location-le-locle","canton-ne"],"yoast_head":"<!-- This site is optimized with the Yoast SEO Premium plugin v25.7.1 (Yoast SEO v27.3) - https:\/\/yoast.com\/product\/yoast-seo-premium-wordpress\/ -->\n<title>Chauffagiste au Locle - Artisanlocal<\/title>\n<meta name=\"robots\" content=\"index, follow, max-snippet:-1, max-image-preview:large, max-video-preview:-1\" \/>\n<link rel=\"canonical\" href=\"https:\/\/www.artisanlocal.ch\/c\/besoin-dun-chauffagiste-a-le-locle\/\" \/>\n<meta property=\"og:locale\" content=\"fr_FR\" \/>\n<meta property=\"og:type\" content=\"article\" \/>\n<meta property=\"og:title\" content=\"Chauffagiste au Locle\" \/>\n<meta property=\"og:description\" content=\"Vous recherchez un chauffagiste au Locle ? Artisanlocal assure l&rsquo;installation et la r\u00e9paration de votre chauffage. Pourquoi choisir Artisanlocal ? Visite \u00e0 votre domicile : notre expert Loclois se d\u00e9place pour estimer le montant de vos travaux et contr\u00f4ler la faisabilit\u00e9 de votre projet. Estimation rapide de vos travaux : notre chauffagiste au Locle vous [&hellip;]\" \/>\n<meta property=\"og:url\" content=\"https:\/\/www.artisanlocal.ch\/c\/besoin-dun-chauffagiste-a-le-locle\/\" \/>\n<meta property=\"og:site_name\" content=\"Artisanlocal\" \/>\n<meta property=\"article:modified_time\" content=\"2025-10-08T11:21:18+00:00\" \/>\n<meta property=\"og:image\" content=\"https:\/\/www.artisanlocal.ch\/c\/wp-content\/uploads\/2024\/10\/chauffagiste.jpg\" \/>\n\t<meta property=\"og:image:width\" content=\"1920\" \/>\n\t<meta property=\"og:image:height\" content=\"300\" \/>\n\t<meta property=\"og:image:type\" content=\"image\/jpeg\" \/>\n<meta name=\"twitter:card\" content=\"summary_large_image\" \/>\n<meta name=\"twitter:label1\" content=\"Dur\u00e9e de lecture estim\u00e9e\" \/>\n\t<meta name=\"twitter:data1\" content=\"5 minutes\" \/>\n<script type=\"application\/ld+json\" class=\"yoast-schema-graph\">{\"@context\":\"https:\\\/\\\/schema.org\",\"@graph\":[{\"@type\":\"WebPage\",\"@id\":\"https:\\\/\\\/www.artisanlocal.ch\\\/c\\\/besoin-dun-chauffagiste-a-le-locle\\\/\",\"url\":\"https:\\\/\\\/www.artisanlocal.ch\\\/c\\\/besoin-dun-chauffagiste-a-le-locle\\\/\",\"name\":\"Chauffagiste au Locle - Artisanlocal\",\"isPartOf\":{\"@id\":\"https:\\\/\\\/www.artisanlocal.ch\\\/c\\\/#website\"},\"primaryImageOfPage\":{\"@id\":\"https:\\\/\\\/www.artisanlocal.ch\\\/c\\\/besoin-dun-chauffagiste-a-le-locle\\\/#primaryimage\"},\"image\":{\"@id\":\"https:\\\/\\\/www.artisanlocal.ch\\\/c\\\/besoin-dun-chauffagiste-a-le-locle\\\/#primaryimage\"},\"thumbnailUrl\":\"https:\\\/\\\/www.artisanlocal.ch\\\/c\\\/wp-content\\\/uploads\\\/2024\\\/10\\\/chauffagiste.jpg\",\"datePublished\":\"2024-04-18T12:53:30+00:00\",\"dateModified\":\"2025-10-08T11:21:18+00:00\",\"breadcrumb\":{\"@id\":\"https:\\\/\\\/www.artisanlocal.ch\\\/c\\\/besoin-dun-chauffagiste-a-le-locle\\\/#breadcrumb\"},\"inLanguage\":\"fr-FR\",\"potentialAction\":[{\"@type\":\"ReadAction\",\"target\":[\"https:\\\/\\\/www.artisanlocal.ch\\\/c\\\/besoin-dun-chauffagiste-a-le-locle\\\/\"]}]},{\"@type\":\"ImageObject\",\"inLanguage\":\"fr-FR\",\"@id\":\"https:\\\/\\\/www.artisanlocal.ch\\\/c\\\/besoin-dun-chauffagiste-a-le-locle\\\/#primaryimage\",\"url\":\"https:\\\/\\\/www.artisanlocal.ch\\\/c\\\/wp-content\\\/uploads\\\/2024\\\/10\\\/chauffagiste.jpg\",\"contentUrl\":\"https:\\\/\\\/www.artisanlocal.ch\\\/c\\\/wp-content\\\/uploads\\\/2024\\\/10\\\/chauffagiste.jpg\",\"width\":1920,\"height\":300},{\"@type\":\"BreadcrumbList\",\"@id\":\"https:\\\/\\\/www.artisanlocal.ch\\\/c\\\/besoin-dun-chauffagiste-a-le-locle\\\/#breadcrumb\",\"itemListElement\":[{\"@type\":\"ListItem\",\"position\":1,\"name\":\"Accueil\",\"item\":\"https:\\\/\\\/www.artisanlocal.ch\\\/c\\\/\"},{\"@type\":\"ListItem\",\"position\":2,\"name\":\"Chauffagiste au Locle\"}]},{\"@type\":\"WebSite\",\"@id\":\"https:\\\/\\\/www.artisanlocal.ch\\\/c\\\/#website\",\"url\":\"https:\\\/\\\/www.artisanlocal.ch\\\/c\\\/\",\"name\":\"Artisanlocal\",\"description\":\"\",\"publisher\":{\"@id\":\"https:\\\/\\\/www.artisanlocal.ch\\\/c\\\/#organization\"},\"potentialAction\":[{\"@type\":\"SearchAction\",\"target\":{\"@type\":\"EntryPoint\",\"urlTemplate\":\"https:\\\/\\\/www.artisanlocal.ch\\\/c\\\/?s={search_term_string}\"},\"query-input\":{\"@type\":\"PropertyValueSpecification\",\"valueRequired\":true,\"valueName\":\"search_term_string\"}}],\"inLanguage\":\"fr-FR\"},{\"@type\":\"Organization\",\"@id\":\"https:\\\/\\\/www.artisanlocal.ch\\\/c\\\/#organization\",\"name\":\"Artisanlocal\",\"url\":\"https:\\\/\\\/www.artisanlocal.ch\\\/c\\\/\",\"logo\":{\"@type\":\"ImageObject\",\"inLanguage\":\"fr-FR\",\"@id\":\"https:\\\/\\\/www.artisanlocal.ch\\\/c\\\/#\\\/schema\\\/logo\\\/image\\\/\",\"url\":\"https:\\\/\\\/www.artisanlocal.ch\\\/c\\\/wp-content\\\/uploads\\\/2024\\\/02\\\/logo-artisanlocal-h.svg\",\"contentUrl\":\"https:\\\/\\\/www.artisanlocal.ch\\\/c\\\/wp-content\\\/uploads\\\/2024\\\/02\\\/logo-artisanlocal-h.svg\",\"caption\":\"Artisanlocal\"},\"image\":{\"@id\":\"https:\\\/\\\/www.artisanlocal.ch\\\/c\\\/#\\\/schema\\\/logo\\\/image\\\/\"}}]}<\/script>\n<!-- \/ Yoast SEO Premium plugin. -->","yoast_head_json":{"title":"Chauffagiste au Locle - Artisanlocal","robots":{"index":"index","follow":"follow","max-snippet":"max-snippet:-1","max-image-preview":"max-image-preview:large","max-video-preview":"max-video-preview:-1"},"canonical":"https:\/\/www.artisanlocal.ch\/c\/besoin-dun-chauffagiste-a-le-locle\/","og_locale":"fr_FR","og_type":"article","og_title":"Chauffagiste au Locle","og_description":"Vous recherchez un chauffagiste au Locle ? Artisanlocal assure l&rsquo;installation et la r\u00e9paration de votre chauffage. Pourquoi choisir Artisanlocal ? Visite \u00e0 votre domicile : notre expert Loclois se d\u00e9place pour estimer le montant de vos travaux et contr\u00f4ler la faisabilit\u00e9 de votre projet. Estimation rapide de vos travaux : notre chauffagiste au Locle vous [&hellip;]","og_url":"https:\/\/www.artisanlocal.ch\/c\/besoin-dun-chauffagiste-a-le-locle\/","og_site_name":"Artisanlocal","article_modified_time":"2025-10-08T11:21:18+00:00","og_image":[{"width":1920,"height":300,"url":"https:\/\/www.artisanlocal.ch\/c\/wp-content\/uploads\/2024\/10\/chauffagiste.jpg","type":"image\/jpeg"}],"twitter_card":"summary_large_image","twitter_misc":{"Dur\u00e9e de lecture estim\u00e9e":"5 minutes"},"schema":{"@context":"https:\/\/schema.org","@graph":[{"@type":"WebPage","@id":"https:\/\/www.artisanlocal.ch\/c\/besoin-dun-chauffagiste-a-le-locle\/","url":"https:\/\/www.artisanlocal.ch\/c\/besoin-dun-chauffagiste-a-le-locle\/","name":"Chauffagiste au Locle - Artisanlocal","isPartOf":{"@id":"https:\/\/www.artisanlocal.ch\/c\/#website"},"primaryImageOfPage":{"@id":"https:\/\/www.artisanlocal.ch\/c\/besoin-dun-chauffagiste-a-le-locle\/#primaryimage"},"image":{"@id":"https:\/\/www.artisanlocal.ch\/c\/besoin-dun-chauffagiste-a-le-locle\/#primaryimage"},"thumbnailUrl":"https:\/\/www.artisanlocal.ch\/c\/wp-content\/uploads\/2024\/10\/chauffagiste.jpg","datePublished":"2024-04-18T12:53:30+00:00","dateModified":"2025-10-08T11:21:18+00:00","breadcrumb":{"@id":"https:\/\/www.artisanlocal.ch\/c\/besoin-dun-chauffagiste-a-le-locle\/#breadcrumb"},"inLanguage":"fr-FR","potentialAction":[{"@type":"ReadAction","target":["https:\/\/www.artisanlocal.ch\/c\/besoin-dun-chauffagiste-a-le-locle\/"]}]},{"@type":"ImageObject","inLanguage":"fr-FR","@id":"https:\/\/www.artisanlocal.ch\/c\/besoin-dun-chauffagiste-a-le-locle\/#primaryimage","url":"https:\/\/www.artisanlocal.ch\/c\/wp-content\/uploads\/2024\/10\/chauffagiste.jpg","contentUrl":"https:\/\/www.artisanlocal.ch\/c\/wp-content\/uploads\/2024\/10\/chauffagiste.jpg","width":1920,"height":300},{"@type":"BreadcrumbList","@id":"https:\/\/www.artisanlocal.ch\/c\/besoin-dun-chauffagiste-a-le-locle\/#breadcrumb","itemListElement":[{"@type":"ListItem","position":1,"name":"Accueil","item":"https:\/\/www.artisanlocal.ch\/c\/"},{"@type":"ListItem","position":2,"name":"Chauffagiste au Locle"}]},{"@type":"WebSite","@id":"https:\/\/www.artisanlocal.ch\/c\/#website","url":"https:\/\/www.artisanlocal.ch\/c\/","name":"Artisanlocal","description":"","publisher":{"@id":"https:\/\/www.artisanlocal.ch\/c\/#organization"},"potentialAction":[{"@type":"SearchAction","target":{"@type":"EntryPoint","urlTemplate":"https:\/\/www.artisanlocal.ch\/c\/?s={search_term_string}"},"query-input":{"@type":"PropertyValueSpecification","valueRequired":true,"valueName":"search_term_string"}}],"inLanguage":"fr-FR"},{"@type":"Organization","@id":"https:\/\/www.artisanlocal.ch\/c\/#organization","name":"Artisanlocal","url":"https:\/\/www.artisanlocal.ch\/c\/","logo":{"@type":"ImageObject","inLanguage":"fr-FR","@id":"https:\/\/www.artisanlocal.ch\/c\/#\/schema\/logo\/image\/","url":"https:\/\/www.artisanlocal.ch\/c\/wp-content\/uploads\/2024\/02\/logo-artisanlocal-h.svg","contentUrl":"https:\/\/www.artisanlocal.ch\/c\/wp-content\/uploads\/2024\/02\/logo-artisanlocal-h.svg","caption":"Artisanlocal"},"image":{"@id":"https:\/\/www.artisanlocal.ch\/c\/#\/schema\/logo\/image\/"}}]}},"_links":{"self":[{"href":"https:\/\/www.artisanlocal.ch\/c\/wp-json\/wp\/v2\/pages\/638","targetHints":{"allow":["GET"]}}],"collection":[{"href":"https:\/\/www.artisanlocal.ch\/c\/wp-json\/wp\/v2\/pages"}],"about":[{"href":"https:\/\/www.artisanlocal.ch\/c\/wp-json\/wp\/v2\/types\/page"}],"author":[{"embeddable":true,"href":"https:\/\/www.artisanlocal.ch\/c\/wp-json\/wp\/v2\/users\/4"}],"replies":[{"embeddable":true,"href":"https:\/\/www.artisanlocal.ch\/c\/wp-json\/wp\/v2\/comments?post=638"}],"version-history":[{"count":0,"href":"https:\/\/www.artisanlocal.ch\/c\/wp-json\/wp\/v2\/pages\/638\/revisions"}],"wp:featuredmedia":[{"embeddable":true,"href":"https:\/\/www.artisanlocal.ch\/c\/wp-json\/wp\/v2\/media\/2757"}],"wp:attachment":[{"href":"https:\/\/www.artisanlocal.ch\/c\/wp-json\/wp\/v2\/media?parent=638"}],"wp:term":[{"taxonomy":"profession","embeddable":true,"href":"https:\/\/www.artisanlocal.ch\/c\/wp-json\/wp\/v2\/profession?post=638"},{"taxonomy":"location","embeddable":true,"href":"https:\/\/www.artisanlocal.ch\/c\/wp-json\/wp\/v2\/location?post=638"},{"taxonomy":"canton","embeddable":true,"href":"https:\/\/www.artisanlocal.ch\/c\/wp-json\/wp\/v2\/canton?post=638"}],"curies":[{"name":"wp","href":"https:\/\/api.w.org\/{rel}","templated":true}]}}