{"id":639,"date":"2024-04-18T02:00:42","date_gmt":"2024-04-18T00:00:42","guid":{"rendered":"https:\/\/www.artisanlocal.ch\/c\/besoin-dun-depannage-en-urgence-de-votre-chauffage-a-aigle\/"},"modified":"2025-08-27T01:32:47","modified_gmt":"2025-08-26T23:32:47","slug":"besoin-dun-depannage-en-urgence-de-votre-chauffage-a-aigle","status":"publish","type":"page","link":"https:\/\/www.artisanlocal.ch\/c\/besoin-dun-depannage-en-urgence-de-votre-chauffage-a-aigle\/","title":{"rendered":"Chauffagiste \u00e0 Aigle"},"content":{"rendered":"<p>Besoin d&rsquo;un chauffagiste pour r\u00e9parer votre chauffage \u00e0 Aigle ? Artisanlocal s&rsquo;occupe de la r\u00e9paration de votre chaudi\u00e8re et r\u00e9alise vos travaux de chauffage \u00e0 Aigle. En travaillant avec notre entreprise, vous profitez :<\/p>\n<ul>\n<li>D&rsquo;une tarification claire,<\/li>\n<li>de prestations haut de gamme,<\/li>\n<li>d&rsquo;intervention en urgence \u00e0 Aigle et dans les alentours,<\/li>\n<li>d\u2019une \u00e9quipe avec de l&rsquo;exp\u00e9rience,<\/li>\n<li>de devis sans co\u00fbt,<\/li>\n<li>d&rsquo;une \u00e9quipe disponible du lundi au samedi.<\/li>\n<\/ul>\n\r\n<div class=\"box\">\r\n            <div class=\"company-info\">\r\n            <img decoding=\"async\" class=\"company-info__logo\" src=\"https:\/\/www.artisanlocal.ch\/media\/cache\/thumb\/images\/companies\/s-z-sanitaire-chauffage-sarl.png\" alt=\"Logo\">\r\n            <h2 class=\"company-info__name\">S-Z Sanitaire \/ Chauffage S\u00e0rl<\/h2>\r\n            <p class=\"company-info__business\">Sanitaire - Chauffage - \u00c9tudes CVS - D\u00e9pannage<\/p>\r\n        <\/div>\r\n        <div class=\"company-contact\">\r\n            <p class=\"company-info__address\">Avenue de la Gare 55<\/p>\r\n                            <div class=\"links\">\r\n                                            <a class=\"btn has-accent-background-color js-phoneNumber\" href=\"tel:0244633705\" title=\"Appelez\" data-id=\"29070\" data-type=\"11\">024 463 37 05<\/a>\r\n                                                                <a class=\"btn has-accent-background-color\" href=\"http:\/\/www.szsanitaire.ch\/\" target=\"_blank\" title=\"Voir le site internet\" data-id=\"29070\" data-type=\"20\">Site internet<\/a>\r\n                                    <\/div>\r\n                    <\/div>\r\n    \r\n            \r\n<form action=\"https:\/\/www.artisanlocal.ch\/c\/wp-admin\/admin-ajax.php\" method=\"post\" class=\"form-contact\" id=\"artisan_form_contact_company_inline\">\r\n    <div><input type=\"hidden\" name=\"action\" value=\"company_contact\"><\/div>\r\n    <div><input type=\"hidden\" name=\"nonce\" value=\"cd17951345\"><\/div>\r\n    <div><input type=\"hidden\" name=\"company_id\" value=\"29070\"><\/div>\r\n    <div><input type=\"hidden\" name=\"form_id\" value=\"artisan_form_contact_company_inline\"><\/div>\r\n    <div class=\"gglcptch gglcptch_v3 gglcptch_custom\"><input type=\"hidden\" id=\"g-recaptcha-response\" name=\"g-recaptcha-response\" \/><br \/><div class=\"gglcptch_error_text\">La p\u00e9riode de v\u00e9rification reCAPTCHA a expir\u00e9. Veuillez recharger la page.<\/div><\/div>    <div class=\"form-content\">\r\n        <div class=\"form-group\">\r\n            <label for=\"contact_firstName\" class=\"required\">Pr\u00e9nom<\/label>\r\n            <input type=\"text\" name=\"firstName\" class=\"form-control\" required>\r\n        <\/div>\r\n        <div class=\"form-group\">\r\n            <label for=\"contact_lastName\" class=\"required\">Nom<\/label>\r\n            <input type=\"text\" name=\"lastName\" class=\"form-control\" required>\r\n        <\/div>\r\n        <div class=\"form-group\">\r\n            <label for=\"contact_email\" class=\"required\">Email<\/label>\r\n            <input type=\"email\" name=\"email\" class=\"form-control\" required>\r\n        <\/div>\r\n        <div class=\"form-group\">\r\n            <label for=\"contact_phone\" class=\"required\">Num\u00e9ro de t\u00e9l\u00e9phone<\/label>\r\n            <input type=\"tel\" name=\"phone\" class=\"form-control\" placeholder=\"0787117165\" pattern=\"^[0-9]{10}$\" required>\r\n        <\/div>\r\n        <div class=\"form-group\">\r\n            <label for=\"contact_postalCode\" class=\"required\">Code postal et localit\u00e9<\/label>\r\n            <input type=\"text\" name=\"postalCode\" class=\"form-control\" required>\r\n        <\/div>\r\n        <div class=\"form-group\">\r\n            <label for=\"contact_address\" class=\"required\">Adresse<\/label>\r\n            <input type=\"text\" name=\"address\" class=\"form-control\" required>\r\n        <\/div>\r\n        <div class=\"full-width topic\">\r\n            <p class=\"required\">Je souhaite \u00eatre contact\u00e9 pour :<\/p>\r\n            <div class=\"form-check\">\r\n                <input type=\"radio\" name=\"topic\" value=\"D\u00e9pannage\" class=\"form-control\" required>\r\n                <label for=\"d\u00e9pannage\">D\u00e9pannage<\/label>\r\n            <\/div>\r\n            <div class=\"form-check\">\r\n                <input type=\"radio\" name=\"topic\" value=\"Entretien\" class=\"form-control\" required>\r\n                <label for=\"entretien\">Entretien<\/label>\r\n            <\/div>\r\n            <div class=\"form-check\">\r\n                <input type=\"radio\" name=\"topic\" value=\"R\u00e9novation\" class=\"form-control\" required>\r\n                <label for=\"r\u00e9novation\">R\u00e9novation<\/label>\r\n            <\/div>\r\n            <div class=\"form-check\">\r\n                <input type=\"radio\" name=\"topic\" value=\"Autre\" class=\"form-control\" required>\r\n                <label for=\"autre\">Autre<\/label>\r\n            <\/div>\r\n        <\/div>\r\n        <div class=\"form-group full-width\">\r\n            <label for=\"contact_message\">Message<\/label>\r\n            <textarea name=\"message\" rows=\"3\" class=\"form-control\"><\/textarea>\r\n        <\/div>\r\n    <\/div>\r\n    <div class=\"form-actions\">\r\n        <button class=\"wp-block-button__link has-accent-background-color\">Contacter<\/button>\r\n    <\/div>\r\n<\/form>\r\n<div class=\"form-feedback\"><\/div>    <\/div>\n<h2>Pourquoi choisir Artisanlocal ?<\/h2>\n<p>Estimation rapide pour l&rsquo;installation ou le changement de votre chauffage : une fois que vous avez rempli le formulaire, notre expert \u00e0 Aigle vous appelle dans la journ\u00e9e.<\/p>\n<p>Intervention chez vous le jour m\u00eame : le jour de votre demande, le chauffagiste Aiglon peut se rendre dans votre foyer pour estimer le co\u00fbt pour l&rsquo;installation ou le changement de votre chauffage. Par la suite, vous recevez un devis d\u00e9taill\u00e9.<\/p>\n<p>Installation de votre chauffage dans les 24\/48 heures : apr\u00e8s validation de notre offre. Nous fixerons le jour de notre intervention avec vous.<\/p>\n<p>Entretien et d\u00e9pannage : si une panne survient chaudi\u00e8re, chauffe-eau ou syst\u00e8me de chauffage. Notre \u00e9quipe de chauffagistes est joignable pour intervenir \u00e0 Aigle et aussi dans les communes \u00e0 proximit\u00e9.<\/p>\n<h2>Pourquoi la maintenance du chauffage est importante ?<\/h2>\n<p>La maintenance est importante pour garantir le bon fonctionnement de votre chauffage. Notre \u00e9quipe vous assiste \u00e0 d\u00e9finir la bonne temp\u00e9rature et v\u00e9rifie la pr\u00e9sence monoxyde de carbone fabriqu\u00e9 par votre appareil de chauffage. Nos techniciens r\u00e9alisent la maintenance et l&rsquo;entretien de votre syst\u00e8me de chauffage, quel que soit le mod\u00e8le : basse temp\u00e9rature, fioul, gaz, condensation, \u00e9lectrique ou \u00e0 accumulation.<\/p>\n<h2>Pouvez-vous me d\u00e9panner \u00e0 distance ?<\/h2>\n<p>Absolument, nous pouvons vous aider par t\u00e9l\u00e9phone. Il suffit juste de nous expliquer votre probl\u00e8me pour que nous puissions en d\u00e9finir les raisons et trouver la solution. Il faut garder \u00e0 l&rsquo;esprit que dans la majorit\u00e9 des situations, un technicien doit se d\u00e9placer chez vous pour identifier et corriger votre probl\u00e8me de chauffage.<\/p>\n<h2>Quel est le fonctionnement d&rsquo;Artisanlocal ?<\/h2>\n<ol>\n<li>Premi\u00e8re prise de contact : vous devez nous joindre par mail ou par t\u00e9l\u00e9phone.<\/li>\n<li>Intervention : un expert chauffagiste Aiglon vient \u00e0 votre domicile.<\/li>\n<li>Estimation : le technicien estimera votre situation actuelle afin de d\u00e9terminer la superficie, le volume des pi\u00e8ces et contr\u00f4ler l&rsquo;isolation existante.<\/li>\n<li>Indication : une solution vous sera faite en fonction de vos moyens et de vos attentes.<\/li>\n<li>Devis : vous recevez un devis d\u00e9taill\u00e9, vous montrant les diff\u00e9rentes d\u00e9penses.<\/li>\n<li>Mise en place : apr\u00e8s avoir accept\u00e9 notre devis, nous r\u00e9alisons l&rsquo;installation de votre \u00e9quipe de chauffage et ajustons le thermostat en fonction de vos besoins.<\/li>\n<\/ol>\n<h2>Quelle est la meilleure solution de chauffage pour un appartement ?<\/h2>\n<p>Le technicien qui se d\u00e9place dans votre foyer, vous conseille pour choisir le syst\u00e8me de chauffage le plus adapt\u00e9, comme les chauffages : \u00e0 condensation, \u00e9lectriques, \u00e0 gaz, classiques, fioul ou encore basses temp\u00e9ratures.<\/p>\n<p>Les chauffages \u00e0 condensation ou basses temp\u00e9ratures valent plus cher \u00e0 l&rsquo;achat, mais ils contribuent \u00e0 faire des \u00e9conomies sur le long terme.<\/p>\n<p>De plus, avant de poser votre chauffage, il convient de configurer la bonne temp\u00e9rature par rapport \u00e0 votre logement et vos besoins. Ne vous inqui\u00e9tez pas, le chauffagiste qui se rend chez vous a l&rsquo;expertise pour r\u00e9soudre tous vos probl\u00e8mes. Dans le devis, vous retrouvez les d\u00e9tails de l\u2019intervention, tel que le montant des \u00e9quipements et de la main-d&rsquo;\u0153uvre.<\/p>\n<h2>Maintenance de votre chauffage \u00e0 Aigle<\/h2>\n<p>Assurez-vous de r\u00e9aliser l&rsquo;entretien de votre chauffage tous les ans, qu&rsquo;il soit au gaz ou au fioul. Solliciter un technicien pour la maintenance de votre chauffage offre la possibilit\u00e9 de contr\u00f4ler les taux de monoxyde de carbone. Il convient de savoir, si votre chauffage cr\u00e9e excessivement de monoxyde de carbone, il est possible de vous intoxiquer. Le chauffagiste qui se d\u00e9place dans votre domicile r\u00e8gle et contr\u00f4le les \u00e9missions de monoxyde de carbone dans le but de vous \u00e9viter d\u2019avoir des potentiels probl\u00e8mes de sant\u00e9.<\/p>\n<h2>Contrat de r\u00e9vision pour votre syst\u00e8me de chauffage \u00e0 Aigle<\/h2>\n<p>Notre soci\u00e9t\u00e9 propose des forfaits d\u2019entretiens pour votre chauffage dans le but d&rsquo;en garantir le fonctionnement optimal. Avec un entretien r\u00e9gulier, vous r\u00e9alisez des \u00e9conomies en emp\u00eachant les pannes et les interventions en urgence.<\/p>\n<p>D&rsquo;ailleurs, dans le cas o\u00f9 vous auriez un sinistre, votre assureur vous demande le contrat d&rsquo;entretien de fa\u00e7on \u00e0 comparer l&rsquo;\u00e9tat de votre chauffage avant l&rsquo;incident. Vous pouvez signer avec Artisanlocal un contrat d&rsquo;assistance annuel ou pluriannuel.<\/p>\n<h2>Quels sont les avantages de signer un contrat d\u2019entretien pour votre chauffage ?<\/h2>\n<p>Si vous avez une partie qui est endommag\u00e9e, nous la changeons en priorit\u00e9, nous prenons l&rsquo;engagement de contr\u00f4ler l&rsquo;ensemble de votre chauffage, comme :<\/p>\n<ul>\n<li>Les niveaux de pression dans vos conduits,<\/li>\n<li>le nettoyage des conduits de raccordement, et des parties chauffantes.<\/li>\n<\/ul>\n<h2>Quelles sont les diff\u00e9rentes prestations propos\u00e9es par votre soci\u00e9t\u00e9 ?<\/h2>\n<p>Nos techniciens se d\u00e9placent \u00e0 votre domicile, pour effectuer :<\/p>\n<ul>\n<li>le d\u00e9tartrage et le d\u00e9sembouage de radiateur,<\/li>\n<li>la purge d&rsquo;air,<\/li>\n<li>l\u2019entretien des chauffe-eau et des chaudi\u00e8res,<\/li>\n<li>le param\u00e9trage de votre thermostat,<\/li>\n<li>l&rsquo;entretien des chaudi\u00e8res \u00e0 condensation, \u00e0 gaz, basses temp\u00e9ratures, \u00e0 fioul, \u00e0 accumulation et \u00e9lectriques,<\/li>\n<li>la restauration de la vanne de vidange,<\/li>\n<li>l&rsquo;intervention et la r\u00e9paration de vos pannes : fuite de canalisation, radiateur qui ne marche plus, chaudi\u00e8re, etc.<\/li>\n<li>la mise en place de : chauffage, pompe \u00e0 chaleur, chaudi\u00e8re, radiateur \u00e9lectrique, plancher chauffant, etc.<\/li>\n<\/ul>\n<h2>R\u00e9ponses aux questions fr\u00e9quentes<\/h2>\n<h3>Pourquoi faire appel \u00e0 un chauffagiste Aiglon ?<\/h3>\n<p>Accro\u00eetre votre confort thermique : un chauffage performant permet de garder une temp\u00e9rature stable dans votre maison.<\/p>\n<p>Faire des \u00e9conomies : en choisissant des mat\u00e9riaux de qualit\u00e9, tels que l&rsquo;isolation et le chauffage, vous r\u00e9alisez des \u00e9conomies et limiter vos \u00e9missions de CO2.<\/p>\n<p>Renforcer la s\u00e9curit\u00e9 de vos installations : respecter les normes de s\u00fbret\u00e9 permet de maintenir un chauffage s\u00fbr et performant (exemple, pour r\u00e9duire les \u00e9missions de monoxyde de carbone).<\/p>\n<p>Anticiper les incidents : en regardant votre chauffage, un technicien peut pr\u00e9voir les futurs ennuis.<\/p>\n<h3>Quels sont les \u00e9l\u00e9ments \u00e0 prendre en consid\u00e9ration pour s\u00e9lectionner le meilleur chauffagiste \u00e0 Aigle ?<\/h3>\n<p>Les comp\u00e9tences : contr\u00f4lez les certifications d\u00e9montrant que l\u2019entreprise \u00e0 un v\u00e9ritable savoir-faire dans son domaine d&rsquo;expertise.<\/p>\n<p>Les cas clients : prenez le temps de consulter les t\u00e9moignages des clients ayant d\u00e9j\u00e0 collabor\u00e9 avec les soci\u00e9t\u00e9s.<\/p>\n<p>Les garanties : v\u00e9rifiez que la soci\u00e9t\u00e9 de chauffage b\u00e9n\u00e9ficie d&rsquo;une garantie assurance qui couvre les possibles dommages occasionn\u00e9s lors de ses interventions.<\/p>\n<h3>Quels sont vos d\u00e9lais d&rsquo;interventions ?<\/h3>\n<p>Nous intervenons chez vous dans les deux heures (pour les demandes urgentes) autrement, nous pouvons op\u00e9rer dans la journ\u00e9e.<\/p>\n<h3>Pouvez-vous intervenir \u00e0 Aigle et aux environs ?<\/h3>\n<p>Oui, nous intervenons \u00e0 Aigle et dans les communes, comme : La Tine, Rossini\u00e8re, Flendruz, Rougemont, Ch\u00e2teau-d'Oex, L'Etivaz, La L\u00e9cherette, Les Moulins, Villeneuve VD, Noville, Chessel, Rennaz, Roche VD, Yvorne, Leysin, Corbeyrier, La Comballaz, Les Mosses, Le S\u00e9pey, Vers-l'Eglise, Les Diablerets, La Forclaz VD, Ollon VD, Panex, St-Triphon, Bex, Fenalet-sur-Bex, Freni\u00e8res-sur-Bex, Les Plans-sur-Bex, Gryon, Les Posses-sur-Bex, Arveyes, Hu\u00e9moz, Villars-sur-Ollon, Chesi\u00e8res, Lavey-les-Bains, Lavey-Village.<\/p>\n","protected":false},"excerpt":{"rendered":"<p>Besoin d&rsquo;un chauffagiste pour r\u00e9parer votre chauffage \u00e0 Aigle ? Artisanlocal s&rsquo;occupe de la r\u00e9paration de votre chaudi\u00e8re et r\u00e9alise vos travaux de chauffage \u00e0 Aigle. En travaillant avec notre entreprise, vous profitez : D&rsquo;une tarification claire, de prestations haut de gamme, d&rsquo;intervention en urgence \u00e0 Aigle et dans les alentours, d\u2019une \u00e9quipe avec de [&hellip;]<\/p>\n","protected":false},"author":4,"featured_media":2757,"parent":0,"menu_order":0,"comment_status":"closed","ping_status":"closed","template":"","meta":{"footnotes":""},"profession":[120],"location":[61],"canton":[113],"class_list":["post-639","page","type-page","status-publish","has-post-thumbnail","hentry","profession-chauffagiste","location-aigle","canton-vd"],"yoast_head":"<!-- This site is optimized with the Yoast SEO Premium plugin v25.7.1 (Yoast SEO v27.3) - https:\/\/yoast.com\/product\/yoast-seo-premium-wordpress\/ -->\n<title>Chauffagiste \u00e0 Aigle - Artisanlocal<\/title>\n<meta name=\"robots\" content=\"index, follow, max-snippet:-1, max-image-preview:large, max-video-preview:-1\" \/>\n<link rel=\"canonical\" href=\"https:\/\/www.artisanlocal.ch\/c\/besoin-dun-depannage-en-urgence-de-votre-chauffage-a-aigle\/\" \/>\n<meta property=\"og:locale\" content=\"fr_FR\" \/>\n<meta property=\"og:type\" content=\"article\" \/>\n<meta property=\"og:title\" content=\"Chauffagiste \u00e0 Aigle\" \/>\n<meta property=\"og:description\" content=\"Besoin d&rsquo;un chauffagiste pour r\u00e9parer votre chauffage \u00e0 Aigle ? Artisanlocal s&rsquo;occupe de la r\u00e9paration de votre chaudi\u00e8re et r\u00e9alise vos travaux de chauffage \u00e0 Aigle. En travaillant avec notre entreprise, vous profitez : D&rsquo;une tarification claire, de prestations haut de gamme, d&rsquo;intervention en urgence \u00e0 Aigle et dans les alentours, d\u2019une \u00e9quipe avec de [&hellip;]\" \/>\n<meta property=\"og:url\" content=\"https:\/\/www.artisanlocal.ch\/c\/besoin-dun-depannage-en-urgence-de-votre-chauffage-a-aigle\/\" \/>\n<meta property=\"og:site_name\" content=\"Artisanlocal\" \/>\n<meta property=\"article:modified_time\" content=\"2025-08-26T23:32:47+00:00\" \/>\n<meta property=\"og:image\" content=\"https:\/\/www.artisanlocal.ch\/c\/wp-content\/uploads\/2024\/10\/chauffagiste.jpg\" \/>\n\t<meta property=\"og:image:width\" content=\"1920\" \/>\n\t<meta property=\"og:image:height\" content=\"300\" \/>\n\t<meta property=\"og:image:type\" content=\"image\/jpeg\" \/>\n<meta name=\"twitter:card\" content=\"summary_large_image\" \/>\n<meta name=\"twitter:label1\" content=\"Dur\u00e9e de lecture estim\u00e9e\" \/>\n\t<meta name=\"twitter:data1\" content=\"6 minutes\" \/>\n<script type=\"application\/ld+json\" class=\"yoast-schema-graph\">{\"@context\":\"https:\\\/\\\/schema.org\",\"@graph\":[{\"@type\":\"WebPage\",\"@id\":\"https:\\\/\\\/www.artisanlocal.ch\\\/c\\\/besoin-dun-depannage-en-urgence-de-votre-chauffage-a-aigle\\\/\",\"url\":\"https:\\\/\\\/www.artisanlocal.ch\\\/c\\\/besoin-dun-depannage-en-urgence-de-votre-chauffage-a-aigle\\\/\",\"name\":\"Chauffagiste \u00e0 Aigle - Artisanlocal\",\"isPartOf\":{\"@id\":\"https:\\\/\\\/www.artisanlocal.ch\\\/c\\\/#website\"},\"primaryImageOfPage\":{\"@id\":\"https:\\\/\\\/www.artisanlocal.ch\\\/c\\\/besoin-dun-depannage-en-urgence-de-votre-chauffage-a-aigle\\\/#primaryimage\"},\"image\":{\"@id\":\"https:\\\/\\\/www.artisanlocal.ch\\\/c\\\/besoin-dun-depannage-en-urgence-de-votre-chauffage-a-aigle\\\/#primaryimage\"},\"thumbnailUrl\":\"https:\\\/\\\/www.artisanlocal.ch\\\/c\\\/wp-content\\\/uploads\\\/2024\\\/10\\\/chauffagiste.jpg\",\"datePublished\":\"2024-04-18T00:00:42+00:00\",\"dateModified\":\"2025-08-26T23:32:47+00:00\",\"breadcrumb\":{\"@id\":\"https:\\\/\\\/www.artisanlocal.ch\\\/c\\\/besoin-dun-depannage-en-urgence-de-votre-chauffage-a-aigle\\\/#breadcrumb\"},\"inLanguage\":\"fr-FR\",\"potentialAction\":[{\"@type\":\"ReadAction\",\"target\":[\"https:\\\/\\\/www.artisanlocal.ch\\\/c\\\/besoin-dun-depannage-en-urgence-de-votre-chauffage-a-aigle\\\/\"]}]},{\"@type\":\"ImageObject\",\"inLanguage\":\"fr-FR\",\"@id\":\"https:\\\/\\\/www.artisanlocal.ch\\\/c\\\/besoin-dun-depannage-en-urgence-de-votre-chauffage-a-aigle\\\/#primaryimage\",\"url\":\"https:\\\/\\\/www.artisanlocal.ch\\\/c\\\/wp-content\\\/uploads\\\/2024\\\/10\\\/chauffagiste.jpg\",\"contentUrl\":\"https:\\\/\\\/www.artisanlocal.ch\\\/c\\\/wp-content\\\/uploads\\\/2024\\\/10\\\/chauffagiste.jpg\",\"width\":1920,\"height\":300},{\"@type\":\"BreadcrumbList\",\"@id\":\"https:\\\/\\\/www.artisanlocal.ch\\\/c\\\/besoin-dun-depannage-en-urgence-de-votre-chauffage-a-aigle\\\/#breadcrumb\",\"itemListElement\":[{\"@type\":\"ListItem\",\"position\":1,\"name\":\"Accueil\",\"item\":\"https:\\\/\\\/www.artisanlocal.ch\\\/c\\\/\"},{\"@type\":\"ListItem\",\"position\":2,\"name\":\"Chauffagiste \u00e0 Aigle\"}]},{\"@type\":\"WebSite\",\"@id\":\"https:\\\/\\\/www.artisanlocal.ch\\\/c\\\/#website\",\"url\":\"https:\\\/\\\/www.artisanlocal.ch\\\/c\\\/\",\"name\":\"Artisanlocal\",\"description\":\"\",\"publisher\":{\"@id\":\"https:\\\/\\\/www.artisanlocal.ch\\\/c\\\/#organization\"},\"potentialAction\":[{\"@type\":\"SearchAction\",\"target\":{\"@type\":\"EntryPoint\",\"urlTemplate\":\"https:\\\/\\\/www.artisanlocal.ch\\\/c\\\/?s={search_term_string}\"},\"query-input\":{\"@type\":\"PropertyValueSpecification\",\"valueRequired\":true,\"valueName\":\"search_term_string\"}}],\"inLanguage\":\"fr-FR\"},{\"@type\":\"Organization\",\"@id\":\"https:\\\/\\\/www.artisanlocal.ch\\\/c\\\/#organization\",\"name\":\"Artisanlocal\",\"url\":\"https:\\\/\\\/www.artisanlocal.ch\\\/c\\\/\",\"logo\":{\"@type\":\"ImageObject\",\"inLanguage\":\"fr-FR\",\"@id\":\"https:\\\/\\\/www.artisanlocal.ch\\\/c\\\/#\\\/schema\\\/logo\\\/image\\\/\",\"url\":\"https:\\\/\\\/www.artisanlocal.ch\\\/c\\\/wp-content\\\/uploads\\\/2024\\\/02\\\/logo-artisanlocal-h.svg\",\"contentUrl\":\"https:\\\/\\\/www.artisanlocal.ch\\\/c\\\/wp-content\\\/uploads\\\/2024\\\/02\\\/logo-artisanlocal-h.svg\",\"caption\":\"Artisanlocal\"},\"image\":{\"@id\":\"https:\\\/\\\/www.artisanlocal.ch\\\/c\\\/#\\\/schema\\\/logo\\\/image\\\/\"}}]}<\/script>\n<!-- \/ Yoast SEO Premium plugin. -->","yoast_head_json":{"title":"Chauffagiste \u00e0 Aigle - Artisanlocal","robots":{"index":"index","follow":"follow","max-snippet":"max-snippet:-1","max-image-preview":"max-image-preview:large","max-video-preview":"max-video-preview:-1"},"canonical":"https:\/\/www.artisanlocal.ch\/c\/besoin-dun-depannage-en-urgence-de-votre-chauffage-a-aigle\/","og_locale":"fr_FR","og_type":"article","og_title":"Chauffagiste \u00e0 Aigle","og_description":"Besoin d&rsquo;un chauffagiste pour r\u00e9parer votre chauffage \u00e0 Aigle ? Artisanlocal s&rsquo;occupe de la r\u00e9paration de votre chaudi\u00e8re et r\u00e9alise vos travaux de chauffage \u00e0 Aigle. En travaillant avec notre entreprise, vous profitez : D&rsquo;une tarification claire, de prestations haut de gamme, d&rsquo;intervention en urgence \u00e0 Aigle et dans les alentours, d\u2019une \u00e9quipe avec de [&hellip;]","og_url":"https:\/\/www.artisanlocal.ch\/c\/besoin-dun-depannage-en-urgence-de-votre-chauffage-a-aigle\/","og_site_name":"Artisanlocal","article_modified_time":"2025-08-26T23:32:47+00:00","og_image":[{"width":1920,"height":300,"url":"https:\/\/www.artisanlocal.ch\/c\/wp-content\/uploads\/2024\/10\/chauffagiste.jpg","type":"image\/jpeg"}],"twitter_card":"summary_large_image","twitter_misc":{"Dur\u00e9e de lecture estim\u00e9e":"6 minutes"},"schema":{"@context":"https:\/\/schema.org","@graph":[{"@type":"WebPage","@id":"https:\/\/www.artisanlocal.ch\/c\/besoin-dun-depannage-en-urgence-de-votre-chauffage-a-aigle\/","url":"https:\/\/www.artisanlocal.ch\/c\/besoin-dun-depannage-en-urgence-de-votre-chauffage-a-aigle\/","name":"Chauffagiste \u00e0 Aigle - Artisanlocal","isPartOf":{"@id":"https:\/\/www.artisanlocal.ch\/c\/#website"},"primaryImageOfPage":{"@id":"https:\/\/www.artisanlocal.ch\/c\/besoin-dun-depannage-en-urgence-de-votre-chauffage-a-aigle\/#primaryimage"},"image":{"@id":"https:\/\/www.artisanlocal.ch\/c\/besoin-dun-depannage-en-urgence-de-votre-chauffage-a-aigle\/#primaryimage"},"thumbnailUrl":"https:\/\/www.artisanlocal.ch\/c\/wp-content\/uploads\/2024\/10\/chauffagiste.jpg","datePublished":"2024-04-18T00:00:42+00:00","dateModified":"2025-08-26T23:32:47+00:00","breadcrumb":{"@id":"https:\/\/www.artisanlocal.ch\/c\/besoin-dun-depannage-en-urgence-de-votre-chauffage-a-aigle\/#breadcrumb"},"inLanguage":"fr-FR","potentialAction":[{"@type":"ReadAction","target":["https:\/\/www.artisanlocal.ch\/c\/besoin-dun-depannage-en-urgence-de-votre-chauffage-a-aigle\/"]}]},{"@type":"ImageObject","inLanguage":"fr-FR","@id":"https:\/\/www.artisanlocal.ch\/c\/besoin-dun-depannage-en-urgence-de-votre-chauffage-a-aigle\/#primaryimage","url":"https:\/\/www.artisanlocal.ch\/c\/wp-content\/uploads\/2024\/10\/chauffagiste.jpg","contentUrl":"https:\/\/www.artisanlocal.ch\/c\/wp-content\/uploads\/2024\/10\/chauffagiste.jpg","width":1920,"height":300},{"@type":"BreadcrumbList","@id":"https:\/\/www.artisanlocal.ch\/c\/besoin-dun-depannage-en-urgence-de-votre-chauffage-a-aigle\/#breadcrumb","itemListElement":[{"@type":"ListItem","position":1,"name":"Accueil","item":"https:\/\/www.artisanlocal.ch\/c\/"},{"@type":"ListItem","position":2,"name":"Chauffagiste \u00e0 Aigle"}]},{"@type":"WebSite","@id":"https:\/\/www.artisanlocal.ch\/c\/#website","url":"https:\/\/www.artisanlocal.ch\/c\/","name":"Artisanlocal","description":"","publisher":{"@id":"https:\/\/www.artisanlocal.ch\/c\/#organization"},"potentialAction":[{"@type":"SearchAction","target":{"@type":"EntryPoint","urlTemplate":"https:\/\/www.artisanlocal.ch\/c\/?s={search_term_string}"},"query-input":{"@type":"PropertyValueSpecification","valueRequired":true,"valueName":"search_term_string"}}],"inLanguage":"fr-FR"},{"@type":"Organization","@id":"https:\/\/www.artisanlocal.ch\/c\/#organization","name":"Artisanlocal","url":"https:\/\/www.artisanlocal.ch\/c\/","logo":{"@type":"ImageObject","inLanguage":"fr-FR","@id":"https:\/\/www.artisanlocal.ch\/c\/#\/schema\/logo\/image\/","url":"https:\/\/www.artisanlocal.ch\/c\/wp-content\/uploads\/2024\/02\/logo-artisanlocal-h.svg","contentUrl":"https:\/\/www.artisanlocal.ch\/c\/wp-content\/uploads\/2024\/02\/logo-artisanlocal-h.svg","caption":"Artisanlocal"},"image":{"@id":"https:\/\/www.artisanlocal.ch\/c\/#\/schema\/logo\/image\/"}}]}},"_links":{"self":[{"href":"https:\/\/www.artisanlocal.ch\/c\/wp-json\/wp\/v2\/pages\/639","targetHints":{"allow":["GET"]}}],"collection":[{"href":"https:\/\/www.artisanlocal.ch\/c\/wp-json\/wp\/v2\/pages"}],"about":[{"href":"https:\/\/www.artisanlocal.ch\/c\/wp-json\/wp\/v2\/types\/page"}],"author":[{"embeddable":true,"href":"https:\/\/www.artisanlocal.ch\/c\/wp-json\/wp\/v2\/users\/4"}],"replies":[{"embeddable":true,"href":"https:\/\/www.artisanlocal.ch\/c\/wp-json\/wp\/v2\/comments?post=639"}],"version-history":[{"count":0,"href":"https:\/\/www.artisanlocal.ch\/c\/wp-json\/wp\/v2\/pages\/639\/revisions"}],"wp:featuredmedia":[{"embeddable":true,"href":"https:\/\/www.artisanlocal.ch\/c\/wp-json\/wp\/v2\/media\/2757"}],"wp:attachment":[{"href":"https:\/\/www.artisanlocal.ch\/c\/wp-json\/wp\/v2\/media?parent=639"}],"wp:term":[{"taxonomy":"profession","embeddable":true,"href":"https:\/\/www.artisanlocal.ch\/c\/wp-json\/wp\/v2\/profession?post=639"},{"taxonomy":"location","embeddable":true,"href":"https:\/\/www.artisanlocal.ch\/c\/wp-json\/wp\/v2\/location?post=639"},{"taxonomy":"canton","embeddable":true,"href":"https:\/\/www.artisanlocal.ch\/c\/wp-json\/wp\/v2\/canton?post=639"}],"curies":[{"name":"wp","href":"https:\/\/api.w.org\/{rel}","templated":true}]}}