{"id":640,"date":"2024-04-18T14:57:29","date_gmt":"2024-04-18T12:57:29","guid":{"rendered":"https:\/\/www.artisanlocal.ch\/c\/chauffagiste-a-aubonne\/"},"modified":"2025-08-27T01:32:31","modified_gmt":"2025-08-26T23:32:31","slug":"chauffagiste-a-aubonne","status":"publish","type":"page","link":"https:\/\/www.artisanlocal.ch\/c\/chauffagiste-a-aubonne\/","title":{"rendered":"Chauffagiste \u00e0 Aubonne"},"content":{"rendered":"<p>Vous recherchez un chauffagiste \u00e0 Aubonne ? Artisanlocal r\u00e9nove votre chaudi\u00e8re et r\u00e9alise l&rsquo;installation de votre nouveau chauffage \u00e0 Aubonne. En travaillant avec Artisanlocal, vous b\u00e9n\u00e9ficiez :<\/p>\n<ul>\n<li>Des prix clairs,<\/li>\n<li>de prestations de qualit\u00e9 sup\u00e9rieure,<\/li>\n<li>de services \u00e0 Aubonne et dans les localit\u00e9s proches,<\/li>\n<li>d&rsquo;un personnel qualifi\u00e9 et avec de l&rsquo;exp\u00e9rience,<\/li>\n<li>de devis gratuits,<\/li>\n<li>de techniciens accessibles du lundi au samedi.<\/li>\n<\/ul>\n\r\n<div class=\"box\">\r\n            <div class=\"company-info\">\r\n            <img decoding=\"async\" class=\"company-info__logo\" src=\"https:\/\/www.artisanlocal.ch\/media\/cache\/thumb\/images\/companies\/6405ac003b93f146930056.png\" alt=\"Logo\">\r\n            <h2 class=\"company-info__name\">SR Chauffage et sanitaire Sylvain Robert<\/h2>\r\n            <p class=\"company-info__business\">Chauffages - Installations sanitaires - D\u00e9pannage<\/p>\r\n        <\/div>\r\n        <div class=\"company-contact\">\r\n            <p class=\"company-info__address\">Route de Saint-Cergue 8<\/p>\r\n                            <div class=\"links\">\r\n                                            <a class=\"btn has-accent-background-color js-phoneNumber\" href=\"tel:0795233666\" title=\"Appelez\" data-id=\"2465\" data-type=\"11\">079 523 36 66<\/a>\r\n                                                                <a class=\"btn has-accent-background-color\" href=\"http:\/\/srchauffage.ch\/\" target=\"_blank\" title=\"Voir le site internet\" data-id=\"2465\" data-type=\"20\">Site internet<\/a>\r\n                                    <\/div>\r\n                    <\/div>\r\n    \r\n            \r\n<form action=\"https:\/\/www.artisanlocal.ch\/c\/wp-admin\/admin-ajax.php\" method=\"post\" class=\"form-contact\" id=\"artisan_form_contact_company_inline\">\r\n    <div><input type=\"hidden\" name=\"action\" value=\"company_contact\"><\/div>\r\n    <div><input type=\"hidden\" name=\"nonce\" value=\"ee48c0d173\"><\/div>\r\n    <div><input type=\"hidden\" name=\"company_id\" value=\"2465\"><\/div>\r\n    <div><input type=\"hidden\" name=\"form_id\" value=\"artisan_form_contact_company_inline\"><\/div>\r\n    <div class=\"gglcptch gglcptch_v3 gglcptch_custom\"><input type=\"hidden\" id=\"g-recaptcha-response\" name=\"g-recaptcha-response\" \/><br \/><div class=\"gglcptch_error_text\">La p\u00e9riode de v\u00e9rification reCAPTCHA a expir\u00e9. Veuillez recharger la page.<\/div><\/div>    <div class=\"form-content\">\r\n        <div class=\"form-group\">\r\n            <label for=\"contact_firstName\" class=\"required\">Pr\u00e9nom<\/label>\r\n            <input type=\"text\" name=\"firstName\" class=\"form-control\" required>\r\n        <\/div>\r\n        <div class=\"form-group\">\r\n            <label for=\"contact_lastName\" class=\"required\">Nom<\/label>\r\n            <input type=\"text\" name=\"lastName\" class=\"form-control\" required>\r\n        <\/div>\r\n        <div class=\"form-group\">\r\n            <label for=\"contact_email\" class=\"required\">Email<\/label>\r\n            <input type=\"email\" name=\"email\" class=\"form-control\" required>\r\n        <\/div>\r\n        <div class=\"form-group\">\r\n            <label for=\"contact_phone\" class=\"required\">Num\u00e9ro de t\u00e9l\u00e9phone<\/label>\r\n            <input type=\"tel\" name=\"phone\" class=\"form-control\" placeholder=\"0787117165\" pattern=\"^[0-9]{10}$\" required>\r\n        <\/div>\r\n        <div class=\"form-group\">\r\n            <label for=\"contact_postalCode\" class=\"required\">Code postal et localit\u00e9<\/label>\r\n            <input type=\"text\" name=\"postalCode\" class=\"form-control\" required>\r\n        <\/div>\r\n        <div class=\"form-group\">\r\n            <label for=\"contact_address\" class=\"required\">Adresse<\/label>\r\n            <input type=\"text\" name=\"address\" class=\"form-control\" required>\r\n        <\/div>\r\n        <div class=\"full-width topic\">\r\n            <p class=\"required\">Je souhaite \u00eatre contact\u00e9 pour :<\/p>\r\n            <div class=\"form-check\">\r\n                <input type=\"radio\" name=\"topic\" value=\"D\u00e9pannage\" class=\"form-control\" required>\r\n                <label for=\"d\u00e9pannage\">D\u00e9pannage<\/label>\r\n            <\/div>\r\n            <div class=\"form-check\">\r\n                <input type=\"radio\" name=\"topic\" value=\"Entretien\" class=\"form-control\" required>\r\n                <label for=\"entretien\">Entretien<\/label>\r\n            <\/div>\r\n            <div class=\"form-check\">\r\n                <input type=\"radio\" name=\"topic\" value=\"R\u00e9novation\" class=\"form-control\" required>\r\n                <label for=\"r\u00e9novation\">R\u00e9novation<\/label>\r\n            <\/div>\r\n            <div class=\"form-check\">\r\n                <input type=\"radio\" name=\"topic\" value=\"Autre\" class=\"form-control\" required>\r\n                <label for=\"autre\">Autre<\/label>\r\n            <\/div>\r\n        <\/div>\r\n        <div class=\"form-group full-width\">\r\n            <label for=\"contact_message\">Message<\/label>\r\n            <textarea name=\"message\" rows=\"3\" class=\"form-control\"><\/textarea>\r\n        <\/div>\r\n    <\/div>\r\n    <div class=\"form-actions\">\r\n        <button class=\"wp-block-button__link has-accent-background-color\">Contacter<\/button>\r\n    <\/div>\r\n<\/form>\r\n<div class=\"form-feedback\"><\/div>    <\/div>\n<h2>Pourquoi choisir notre soci\u00e9t\u00e9 ?<\/h2>\n<p>\u00c9valuation rapide de votre projet : une fois que nous recevons votre demande de contact, notre sp\u00e9cialiste en chauffage \u00e0 Aubonne prend contact avec vous dans la journ\u00e9e.<\/p>\n<p>D\u00e9placement de notre chauffagiste \u00e0 votre domicile : notre technicien Aubonnois se d\u00e9place \u00e0 votre domicile le jour m\u00eame afin d&rsquo;\u00e9valuer le montant de vos travaux et contr\u00f4ler la viabilit\u00e9 de votre projet. Vous obtiendrez un devis et pourrez poser toutes vos questions.<\/p>\n<p>Mise en place de votre chauffage en 24 \u00e0 48 heures : une fois que vous avez valid\u00e9 le devis avec notre expert \u00e0 Aubonne. Nous planifierons avec vous le jour d&rsquo;installation.<\/p>\n<p>D\u00e9pannage et entretien : si votre chauffage, chaudi\u00e8re ou chauffe-eau pr\u00e9sente un dysfonctionnement. Notre soci\u00e9t\u00e9 est joignable pour intervenir \u00e0 Aubonne et aussi dans les municipalit\u00e9s \u00e0 proximit\u00e9.<\/p>\n<h2>Pourquoi la maintenance du chauffage est importante ?<\/h2>\n<p>Assurer le fonctionnement optimal de votre chauffage est essentiel, si vous avez des jeunes enfants. Nos chauffagistes vous aident \u00e0 ajuster la bonne temp\u00e9rature et le niveau de monoxyde de carbone cr\u00e9\u00e9 par votre syst\u00e8me de chauffage. Quel que soit le type de votre syst\u00e8me de chauffage, nos chauffagistes assurent la maintenance et l&rsquo;entretien, de votre \u00e9quipement de chauffage : \u00e0 accumulation, basse temp\u00e9rature, fioul, condensation, \u00e9lectrique ou \u00e0 gaz.<\/p>\n<h2>\u00cates-vous capable de me d\u00e9panner \u00e0 distance ?<\/h2>\n<p>Oui, Artisanlocal peut vous guider \u00e0 distance. Il suffit juste de nous d\u00e9tailler votre probl\u00e8me pour que nous puissions en \u00e9valuer les raisons et identifier la solution. Cependant, dans plusieurs cas, un technicien doit venir dans votre foyer.<\/p>\n<h2>De quelle mani\u00e8re fonctionne Artisanlocal ?<\/h2>\n<ol>\n<li>Premier contact : vous devez nous joindre par mail ou par t\u00e9l\u00e9phone.<\/li>\n<li>D\u00e9placement : un de nos experts chauffagistes se d\u00e9place \u00e0 votre logement.<\/li>\n<li>Estimation : le chauffagiste \u00e9valuera votre situation actuelle dans le but de d\u00e9terminer la surface de votre appartement, le volume de vos pi\u00e8ces et analyser l&rsquo;isolation de votre logement.<\/li>\n<li>Indication : une solution vous sera pr\u00e9sent\u00e9e en fonction de vos moyens et de vos attentes.<\/li>\n<li>Prix : nous vous livrons un devis d\u00e9taill\u00e9 avec les diff\u00e9rents montants.<\/li>\n<li>Mise en place : une fois que vous avec accept\u00e9 le devis et en fonction de votre agenda, nous posons votre syst\u00e8me de chauffage, et ajustons votre thermostat.<\/li>\n<\/ol>\n<h2>Quelle est la solution de chauffage la plus adapt\u00e9e pour votre maison ?<\/h2>\n<p>Le technicien qui se d\u00e9place dans votre foyer, vous conseille pour choisir le meilleur chauffage possible, parmi les chauffages : \u00e0 condensation, \u00e0 gaz, \u00e9lectriques, fioul, classiques ou encore basses temp\u00e9ratures.<\/p>\n<p>Les \u00e9quipements de chauffages \u00e0 condensation ou \u00e0 basse temp\u00e9rature, malgr\u00e9 un prix plus important, ils permettent de faire des \u00e9conomies sur le long terme.<\/p>\n<p>De plus, avant la mise en place de votre chauffage, il faut configurer votre thermostat par rapport \u00e0 votre habitation et vos d\u00e9sirs. Ne vous inqui\u00e9tez pas, le chauffagiste qui se d\u00e9place chez vous a les connaissances pour r\u00e9gler tous vos probl\u00e8mes de chauffage. Vous trouverez dans notre estimation les d\u00e9tails de notre intervention.<\/p>\n<h2>Service d&rsquo;assistance pour votre chauffage \u00e0 Aubonne<\/h2>\n<p>Veillez \u00e0 r\u00e9aliser la maintenance de votre chauffage chaque ann\u00e9e, qu&rsquo;il soit au gaz ou au fioul. Faire appel \u00e0 un expert pour la maintenance de votre chauffage offre la possibilit\u00e9 de contr\u00f4ler les taux de monoxyde de carbone. \u00c0 noter, dans le cas o\u00f9 votre chauffage cr\u00e9e beaucoup de monoxyde de carbone, cela peut causer une intoxication. Le chauffagiste qui se rend chez vous contr\u00f4le et r\u00e8gle les \u00e9missions de monoxyde de carbone de mani\u00e8re \u00e0 vous emp\u00eacher d&rsquo;avoir des potentiels probl\u00e8mes de sant\u00e9.<\/p>\n<h2>Contrat de maintenance pour votre chauffage \u00e0 Aubonne<\/h2>\n<p>Nous proposons des contrats d\u2019entretiens pour votre chauffage dans le but d&rsquo;en assurer le fonctionnement optimal. Avec une maintenance r\u00e9guli\u00e8re, vous r\u00e9alisez des \u00e9conomies en emp\u00eachant les dysfonctionnements et les interventions en urgence.<\/p>\n<p>Par ailleurs, si vous avez un probl\u00e8me avec votre chauffage, l\u2019assurance demande le contrat de maintenance afin de contr\u00f4ler l&rsquo;\u00e9tat g\u00e9n\u00e9ral de votre chauffage en amont de l&rsquo;incident. Notre soci\u00e9t\u00e9 propose des contrats de maintenance pluriannuels ou annuels.<\/p>\n<h2>Pourquoi signer un forfait d&rsquo;entretien pour votre chauffage ?<\/h2>\n<p>Si vous avez une pi\u00e8ce qui est en panne, nous la changeons en priorit\u00e9, nous prenons l&rsquo;engagement de contr\u00f4ler tout votre chauffage, comme :<\/p>\n<ul>\n<li>Les pressions de vos tuyaux,<\/li>\n<li>et r\u00e9alisons-le lavage de votre br\u00fbleur, des tuyaux de raccordement et des diff\u00e9rents \u00e9l\u00e9ments chauffants.<\/li>\n<\/ul>\n<h2>Quels sont les services que propose votre entreprise ?<\/h2>\n<p>Nos experts interviennent dans votre appartement, pour :<\/p>\n<ul>\n<li>Le d\u00e9tartrage et le d\u00e9sembouage de radiateur,<\/li>\n<li>la purge de vos radiateurs,<\/li>\n<li>la maintenance de votre chauffage, chaudi\u00e8re et chauffe-eau,<\/li>\n<li>le r\u00e9glage de votre thermostat,<\/li>\n<li>la maintenance chaudi\u00e8res \u00e0 condensation, \u00e0 gaz, \u00e0 accumulation, \u00e0 fioul, \u00e9lectriques et basses temp\u00e9ratures,<\/li>\n<li>la restauration de la vanne de vidange,<\/li>\n<li>le d\u00e9pannage et la r\u00e9paration sur tous types de probl\u00e8mes techniques : fuite de canalisation, radiateur qui ne chauffe plus, chaudi\u00e8re, etc,<\/li>\n<li>la pose de : radiateur \u00e9lectrique, plancher chauffant, pompe \u00e0 chaleur, chauffage, chaudi\u00e8re, etc.<\/li>\n<\/ul>\n<h2>Foire aux questions<\/h2>\n<h3>Pourquoi engager un chauffagiste Aubonnois ?<\/h3>\n<p>D\u00e9velopper votre confort thermique : un chauffage performant pr\u00e9serve la temp\u00e9rature de votre logement.<\/p>\n<p>R\u00e9aliser des \u00e9conomies : en achetant des \u00e9quipements de qualit\u00e9 sup\u00e9rieure, exemple le chauffage et l&rsquo;isolation, vous r\u00e9alisez des \u00e9conomies et limiter vos \u00e9missions de CO2.<\/p>\n<p>Prot\u00e9ger la s\u00fbret\u00e9 de vos installations : un syst\u00e8me de chauffage performant permet de r\u00e9pondre aux r\u00e8gles de s\u00fbret\u00e9 actuelles (par exemple, pour diminuer les taux de monoxyde de carbone).<\/p>\n<p>Pr\u00e9venir les probl\u00e8mes : un technicien peut anticiper de potentiels dommages caus\u00e9s par vos \u00e9quipements, juste en observant vos installations.<\/p>\n<h3>Comment choisir le bon chauffagiste \u00e0 Aubonne ?<\/h3>\n<p>Les comp\u00e9tences : contr\u00f4lez les comp\u00e9tences avant de s\u00e9lectionner l&rsquo;entreprise de chauffage.<\/p>\n<p>Les cas clients : prenez le temps de consulter les t\u00e9moignages des anciens clients ayant d\u00e9j\u00e0 travaill\u00e9 avec les entreprises.<\/p>\n<p>Les garanties : assurez-vous que la soci\u00e9t\u00e9 de chauffage b\u00e9n\u00e9ficie d&rsquo;une assurance qui couvrira les possibles dommages occasionn\u00e9s lors de ses interventions.<\/p>\n<h3>Quelle est votre rapidit\u00e9 d&rsquo;action \u00e0 Aubonne ?<\/h3>\n<p>Si vous avez un probl\u00e8me qui demande une intervention en urgence, nous avons la possibilit\u00e9 d\u2019intervenir dans un d\u00e9lai de deux heures, s&rsquo;il n&rsquo;y a pas de priorit\u00e9 concernant votre demande, nous intervenons g\u00e9n\u00e9ralement dans la journ\u00e9e.<\/p>\n<h3>Votre entreprise est disponible pour agir \u00e0 Aubonne, mais aussi dans les villes aux environs ?<\/h3>\n<p>Oui, nous intervenons \u00e0 Aubonne et dans les villes proches, comme : Apples, Ballens, Bi\u00e8re, Mollens VD, Berolle, Etoy, Buchillon, Allaman, Perroy, Villars-sous-Yens, Yens, Bougy-Villars, F\u00e9chy, Pizy, Montherod, Lavigny, St-Livres, Saubraz.<\/p>\n","protected":false},"excerpt":{"rendered":"<p>Vous recherchez un chauffagiste \u00e0 Aubonne ? Artisanlocal r\u00e9nove votre chaudi\u00e8re et r\u00e9alise l&rsquo;installation de votre nouveau chauffage \u00e0 Aubonne. En travaillant avec Artisanlocal, vous b\u00e9n\u00e9ficiez : Des prix clairs, de prestations de qualit\u00e9 sup\u00e9rieure, de services \u00e0 Aubonne et dans les localit\u00e9s proches, d&rsquo;un personnel qualifi\u00e9 et avec de l&rsquo;exp\u00e9rience, de devis gratuits, de [&hellip;]<\/p>\n","protected":false},"author":4,"featured_media":2757,"parent":0,"menu_order":0,"comment_status":"closed","ping_status":"closed","template":"","meta":{"footnotes":""},"profession":[120],"location":[27],"canton":[113],"class_list":["post-640","page","type-page","status-publish","has-post-thumbnail","hentry","profession-chauffagiste","location-aubonne","canton-vd"],"yoast_head":"<!-- This site is optimized with the Yoast SEO Premium plugin v25.7.1 (Yoast SEO v27.3) - https:\/\/yoast.com\/product\/yoast-seo-premium-wordpress\/ -->\n<title>Chauffagiste \u00e0 Aubonne - Artisanlocal<\/title>\n<meta name=\"robots\" content=\"index, follow, max-snippet:-1, max-image-preview:large, max-video-preview:-1\" \/>\n<link rel=\"canonical\" href=\"https:\/\/www.artisanlocal.ch\/c\/chauffagiste-a-aubonne\/\" \/>\n<meta property=\"og:locale\" content=\"fr_FR\" \/>\n<meta property=\"og:type\" content=\"article\" \/>\n<meta property=\"og:title\" content=\"Chauffagiste \u00e0 Aubonne\" \/>\n<meta property=\"og:description\" content=\"Vous recherchez un chauffagiste \u00e0 Aubonne ? Artisanlocal r\u00e9nove votre chaudi\u00e8re et r\u00e9alise l&rsquo;installation de votre nouveau chauffage \u00e0 Aubonne. En travaillant avec Artisanlocal, vous b\u00e9n\u00e9ficiez : Des prix clairs, de prestations de qualit\u00e9 sup\u00e9rieure, de services \u00e0 Aubonne et dans les localit\u00e9s proches, d&rsquo;un personnel qualifi\u00e9 et avec de l&rsquo;exp\u00e9rience, de devis gratuits, de [&hellip;]\" \/>\n<meta property=\"og:url\" content=\"https:\/\/www.artisanlocal.ch\/c\/chauffagiste-a-aubonne\/\" \/>\n<meta property=\"og:site_name\" content=\"Artisanlocal\" \/>\n<meta property=\"article:modified_time\" content=\"2025-08-26T23:32:31+00:00\" \/>\n<meta property=\"og:image\" content=\"https:\/\/www.artisanlocal.ch\/c\/wp-content\/uploads\/2024\/10\/chauffagiste.jpg\" \/>\n\t<meta property=\"og:image:width\" content=\"1920\" \/>\n\t<meta property=\"og:image:height\" content=\"300\" \/>\n\t<meta property=\"og:image:type\" content=\"image\/jpeg\" \/>\n<meta name=\"twitter:card\" content=\"summary_large_image\" \/>\n<meta name=\"twitter:label1\" content=\"Dur\u00e9e de lecture estim\u00e9e\" \/>\n\t<meta name=\"twitter:data1\" content=\"6 minutes\" \/>\n<script type=\"application\/ld+json\" class=\"yoast-schema-graph\">{\"@context\":\"https:\\\/\\\/schema.org\",\"@graph\":[{\"@type\":\"WebPage\",\"@id\":\"https:\\\/\\\/www.artisanlocal.ch\\\/c\\\/chauffagiste-a-aubonne\\\/\",\"url\":\"https:\\\/\\\/www.artisanlocal.ch\\\/c\\\/chauffagiste-a-aubonne\\\/\",\"name\":\"Chauffagiste \u00e0 Aubonne - Artisanlocal\",\"isPartOf\":{\"@id\":\"https:\\\/\\\/www.artisanlocal.ch\\\/c\\\/#website\"},\"primaryImageOfPage\":{\"@id\":\"https:\\\/\\\/www.artisanlocal.ch\\\/c\\\/chauffagiste-a-aubonne\\\/#primaryimage\"},\"image\":{\"@id\":\"https:\\\/\\\/www.artisanlocal.ch\\\/c\\\/chauffagiste-a-aubonne\\\/#primaryimage\"},\"thumbnailUrl\":\"https:\\\/\\\/www.artisanlocal.ch\\\/c\\\/wp-content\\\/uploads\\\/2024\\\/10\\\/chauffagiste.jpg\",\"datePublished\":\"2024-04-18T12:57:29+00:00\",\"dateModified\":\"2025-08-26T23:32:31+00:00\",\"breadcrumb\":{\"@id\":\"https:\\\/\\\/www.artisanlocal.ch\\\/c\\\/chauffagiste-a-aubonne\\\/#breadcrumb\"},\"inLanguage\":\"fr-FR\",\"potentialAction\":[{\"@type\":\"ReadAction\",\"target\":[\"https:\\\/\\\/www.artisanlocal.ch\\\/c\\\/chauffagiste-a-aubonne\\\/\"]}]},{\"@type\":\"ImageObject\",\"inLanguage\":\"fr-FR\",\"@id\":\"https:\\\/\\\/www.artisanlocal.ch\\\/c\\\/chauffagiste-a-aubonne\\\/#primaryimage\",\"url\":\"https:\\\/\\\/www.artisanlocal.ch\\\/c\\\/wp-content\\\/uploads\\\/2024\\\/10\\\/chauffagiste.jpg\",\"contentUrl\":\"https:\\\/\\\/www.artisanlocal.ch\\\/c\\\/wp-content\\\/uploads\\\/2024\\\/10\\\/chauffagiste.jpg\",\"width\":1920,\"height\":300},{\"@type\":\"BreadcrumbList\",\"@id\":\"https:\\\/\\\/www.artisanlocal.ch\\\/c\\\/chauffagiste-a-aubonne\\\/#breadcrumb\",\"itemListElement\":[{\"@type\":\"ListItem\",\"position\":1,\"name\":\"Accueil\",\"item\":\"https:\\\/\\\/www.artisanlocal.ch\\\/c\\\/\"},{\"@type\":\"ListItem\",\"position\":2,\"name\":\"Chauffagiste \u00e0 Aubonne\"}]},{\"@type\":\"WebSite\",\"@id\":\"https:\\\/\\\/www.artisanlocal.ch\\\/c\\\/#website\",\"url\":\"https:\\\/\\\/www.artisanlocal.ch\\\/c\\\/\",\"name\":\"Artisanlocal\",\"description\":\"\",\"publisher\":{\"@id\":\"https:\\\/\\\/www.artisanlocal.ch\\\/c\\\/#organization\"},\"potentialAction\":[{\"@type\":\"SearchAction\",\"target\":{\"@type\":\"EntryPoint\",\"urlTemplate\":\"https:\\\/\\\/www.artisanlocal.ch\\\/c\\\/?s={search_term_string}\"},\"query-input\":{\"@type\":\"PropertyValueSpecification\",\"valueRequired\":true,\"valueName\":\"search_term_string\"}}],\"inLanguage\":\"fr-FR\"},{\"@type\":\"Organization\",\"@id\":\"https:\\\/\\\/www.artisanlocal.ch\\\/c\\\/#organization\",\"name\":\"Artisanlocal\",\"url\":\"https:\\\/\\\/www.artisanlocal.ch\\\/c\\\/\",\"logo\":{\"@type\":\"ImageObject\",\"inLanguage\":\"fr-FR\",\"@id\":\"https:\\\/\\\/www.artisanlocal.ch\\\/c\\\/#\\\/schema\\\/logo\\\/image\\\/\",\"url\":\"https:\\\/\\\/www.artisanlocal.ch\\\/c\\\/wp-content\\\/uploads\\\/2024\\\/02\\\/logo-artisanlocal-h.svg\",\"contentUrl\":\"https:\\\/\\\/www.artisanlocal.ch\\\/c\\\/wp-content\\\/uploads\\\/2024\\\/02\\\/logo-artisanlocal-h.svg\",\"caption\":\"Artisanlocal\"},\"image\":{\"@id\":\"https:\\\/\\\/www.artisanlocal.ch\\\/c\\\/#\\\/schema\\\/logo\\\/image\\\/\"}}]}<\/script>\n<!-- \/ Yoast SEO Premium plugin. -->","yoast_head_json":{"title":"Chauffagiste \u00e0 Aubonne - Artisanlocal","robots":{"index":"index","follow":"follow","max-snippet":"max-snippet:-1","max-image-preview":"max-image-preview:large","max-video-preview":"max-video-preview:-1"},"canonical":"https:\/\/www.artisanlocal.ch\/c\/chauffagiste-a-aubonne\/","og_locale":"fr_FR","og_type":"article","og_title":"Chauffagiste \u00e0 Aubonne","og_description":"Vous recherchez un chauffagiste \u00e0 Aubonne ? Artisanlocal r\u00e9nove votre chaudi\u00e8re et r\u00e9alise l&rsquo;installation de votre nouveau chauffage \u00e0 Aubonne. En travaillant avec Artisanlocal, vous b\u00e9n\u00e9ficiez : Des prix clairs, de prestations de qualit\u00e9 sup\u00e9rieure, de services \u00e0 Aubonne et dans les localit\u00e9s proches, d&rsquo;un personnel qualifi\u00e9 et avec de l&rsquo;exp\u00e9rience, de devis gratuits, de [&hellip;]","og_url":"https:\/\/www.artisanlocal.ch\/c\/chauffagiste-a-aubonne\/","og_site_name":"Artisanlocal","article_modified_time":"2025-08-26T23:32:31+00:00","og_image":[{"width":1920,"height":300,"url":"https:\/\/www.artisanlocal.ch\/c\/wp-content\/uploads\/2024\/10\/chauffagiste.jpg","type":"image\/jpeg"}],"twitter_card":"summary_large_image","twitter_misc":{"Dur\u00e9e de lecture estim\u00e9e":"6 minutes"},"schema":{"@context":"https:\/\/schema.org","@graph":[{"@type":"WebPage","@id":"https:\/\/www.artisanlocal.ch\/c\/chauffagiste-a-aubonne\/","url":"https:\/\/www.artisanlocal.ch\/c\/chauffagiste-a-aubonne\/","name":"Chauffagiste \u00e0 Aubonne - Artisanlocal","isPartOf":{"@id":"https:\/\/www.artisanlocal.ch\/c\/#website"},"primaryImageOfPage":{"@id":"https:\/\/www.artisanlocal.ch\/c\/chauffagiste-a-aubonne\/#primaryimage"},"image":{"@id":"https:\/\/www.artisanlocal.ch\/c\/chauffagiste-a-aubonne\/#primaryimage"},"thumbnailUrl":"https:\/\/www.artisanlocal.ch\/c\/wp-content\/uploads\/2024\/10\/chauffagiste.jpg","datePublished":"2024-04-18T12:57:29+00:00","dateModified":"2025-08-26T23:32:31+00:00","breadcrumb":{"@id":"https:\/\/www.artisanlocal.ch\/c\/chauffagiste-a-aubonne\/#breadcrumb"},"inLanguage":"fr-FR","potentialAction":[{"@type":"ReadAction","target":["https:\/\/www.artisanlocal.ch\/c\/chauffagiste-a-aubonne\/"]}]},{"@type":"ImageObject","inLanguage":"fr-FR","@id":"https:\/\/www.artisanlocal.ch\/c\/chauffagiste-a-aubonne\/#primaryimage","url":"https:\/\/www.artisanlocal.ch\/c\/wp-content\/uploads\/2024\/10\/chauffagiste.jpg","contentUrl":"https:\/\/www.artisanlocal.ch\/c\/wp-content\/uploads\/2024\/10\/chauffagiste.jpg","width":1920,"height":300},{"@type":"BreadcrumbList","@id":"https:\/\/www.artisanlocal.ch\/c\/chauffagiste-a-aubonne\/#breadcrumb","itemListElement":[{"@type":"ListItem","position":1,"name":"Accueil","item":"https:\/\/www.artisanlocal.ch\/c\/"},{"@type":"ListItem","position":2,"name":"Chauffagiste \u00e0 Aubonne"}]},{"@type":"WebSite","@id":"https:\/\/www.artisanlocal.ch\/c\/#website","url":"https:\/\/www.artisanlocal.ch\/c\/","name":"Artisanlocal","description":"","publisher":{"@id":"https:\/\/www.artisanlocal.ch\/c\/#organization"},"potentialAction":[{"@type":"SearchAction","target":{"@type":"EntryPoint","urlTemplate":"https:\/\/www.artisanlocal.ch\/c\/?s={search_term_string}"},"query-input":{"@type":"PropertyValueSpecification","valueRequired":true,"valueName":"search_term_string"}}],"inLanguage":"fr-FR"},{"@type":"Organization","@id":"https:\/\/www.artisanlocal.ch\/c\/#organization","name":"Artisanlocal","url":"https:\/\/www.artisanlocal.ch\/c\/","logo":{"@type":"ImageObject","inLanguage":"fr-FR","@id":"https:\/\/www.artisanlocal.ch\/c\/#\/schema\/logo\/image\/","url":"https:\/\/www.artisanlocal.ch\/c\/wp-content\/uploads\/2024\/02\/logo-artisanlocal-h.svg","contentUrl":"https:\/\/www.artisanlocal.ch\/c\/wp-content\/uploads\/2024\/02\/logo-artisanlocal-h.svg","caption":"Artisanlocal"},"image":{"@id":"https:\/\/www.artisanlocal.ch\/c\/#\/schema\/logo\/image\/"}}]}},"_links":{"self":[{"href":"https:\/\/www.artisanlocal.ch\/c\/wp-json\/wp\/v2\/pages\/640","targetHints":{"allow":["GET"]}}],"collection":[{"href":"https:\/\/www.artisanlocal.ch\/c\/wp-json\/wp\/v2\/pages"}],"about":[{"href":"https:\/\/www.artisanlocal.ch\/c\/wp-json\/wp\/v2\/types\/page"}],"author":[{"embeddable":true,"href":"https:\/\/www.artisanlocal.ch\/c\/wp-json\/wp\/v2\/users\/4"}],"replies":[{"embeddable":true,"href":"https:\/\/www.artisanlocal.ch\/c\/wp-json\/wp\/v2\/comments?post=640"}],"version-history":[{"count":0,"href":"https:\/\/www.artisanlocal.ch\/c\/wp-json\/wp\/v2\/pages\/640\/revisions"}],"wp:featuredmedia":[{"embeddable":true,"href":"https:\/\/www.artisanlocal.ch\/c\/wp-json\/wp\/v2\/media\/2757"}],"wp:attachment":[{"href":"https:\/\/www.artisanlocal.ch\/c\/wp-json\/wp\/v2\/media?parent=640"}],"wp:term":[{"taxonomy":"profession","embeddable":true,"href":"https:\/\/www.artisanlocal.ch\/c\/wp-json\/wp\/v2\/profession?post=640"},{"taxonomy":"location","embeddable":true,"href":"https:\/\/www.artisanlocal.ch\/c\/wp-json\/wp\/v2\/location?post=640"},{"taxonomy":"canton","embeddable":true,"href":"https:\/\/www.artisanlocal.ch\/c\/wp-json\/wp\/v2\/canton?post=640"}],"curies":[{"name":"wp","href":"https:\/\/api.w.org\/{rel}","templated":true}]}}