{"id":641,"date":"2024-04-18T09:43:32","date_gmt":"2024-04-18T07:43:32","guid":{"rendered":"https:\/\/www.artisanlocal.ch\/c\/depannage-urgence-chauffagiste-a-avenches\/"},"modified":"2025-08-27T01:32:39","modified_gmt":"2025-08-26T23:32:39","slug":"depannage-urgence-chauffagiste-a-avenches","status":"publish","type":"page","link":"https:\/\/www.artisanlocal.ch\/c\/depannage-urgence-chauffagiste-a-avenches\/","title":{"rendered":"Chauffagiste \u00e0 Avenches"},"content":{"rendered":"<p>Besoin d&rsquo;un chauffagiste \u00e0 Avenches ? Dans le cas o\u00f9 vous seriez un Avenchois, Artisanlocal s&rsquo;occupe de la r\u00e9paration et de l&rsquo;installation de votre \u00e9quipement de chauffage. En travaillant avec notre entreprise, vous profitez :<\/p>\n<ul>\n<li>d&rsquo;une tarification d\u00e9taill\u00e9e,<\/li>\n<li>de prestations de qualit\u00e9 sup\u00e9rieure,<\/li>\n<li>d&rsquo;intervention \u00e0 Avenches et dans les alentours,<\/li>\n<li>d&rsquo;une \u00e9quipe avec une grande exp\u00e9rience,<\/li>\n<li>d&rsquo;estimations gratuites,<\/li>\n<li>d&rsquo;une \u00e9quipe disponible du lundi au samedi.<\/li>\n<\/ul>\n\r\n<div class=\"box\">\r\n            <div class=\"company-info\">\r\n            <img decoding=\"async\" class=\"company-info__logo\" src=\"https:\/\/www.artisanlocal.ch\/media\/cache\/thumb\/images\/companies\/60c86d29da1df410905456.png\" alt=\"Logo\">\r\n            <h2 class=\"company-info__name\">Hirschi SA M\u00f4tier-Vully<\/h2>\r\n            <p class=\"company-info__business\">Chauffage - Installations sanitaires<\/p>\r\n        <\/div>\r\n        <div class=\"company-contact\">\r\n            <p class=\"company-info__address\">Route du Lac 19<\/p>\r\n                            <div class=\"links\">\r\n                                            <a class=\"btn has-accent-background-color js-phoneNumber\" href=\"tel:0796582961\" title=\"Appelez\" data-id=\"3467\" data-type=\"11\">079 658 29 61<\/a>\r\n                                                                <a class=\"btn has-accent-background-color\" href=\"https:\/\/hirschi-sa.ch\/fr\/accueil\/\" target=\"_blank\" title=\"Voir le site internet\" data-id=\"3467\" data-type=\"20\">Site internet<\/a>\r\n                                    <\/div>\r\n                    <\/div>\r\n    \r\n            \r\n<form action=\"https:\/\/www.artisanlocal.ch\/c\/wp-admin\/admin-ajax.php\" method=\"post\" class=\"form-contact\" id=\"artisan_form_contact_company_inline\">\r\n    <div><input type=\"hidden\" name=\"action\" value=\"company_contact\"><\/div>\r\n    <div><input type=\"hidden\" name=\"nonce\" value=\"ff3b5073af\"><\/div>\r\n    <div><input type=\"hidden\" name=\"company_id\" value=\"3467\"><\/div>\r\n    <div><input type=\"hidden\" name=\"form_id\" value=\"artisan_form_contact_company_inline\"><\/div>\r\n    <div class=\"gglcptch gglcptch_v3 gglcptch_custom\"><input type=\"hidden\" id=\"g-recaptcha-response\" name=\"g-recaptcha-response\" \/><br \/><div class=\"gglcptch_error_text\">La p\u00e9riode de v\u00e9rification reCAPTCHA a expir\u00e9. Veuillez recharger la page.<\/div><\/div>    <div class=\"form-content\">\r\n        <div class=\"form-group\">\r\n            <label for=\"contact_firstName\" class=\"required\">Pr\u00e9nom<\/label>\r\n            <input type=\"text\" name=\"firstName\" class=\"form-control\" required>\r\n        <\/div>\r\n        <div class=\"form-group\">\r\n            <label for=\"contact_lastName\" class=\"required\">Nom<\/label>\r\n            <input type=\"text\" name=\"lastName\" class=\"form-control\" required>\r\n        <\/div>\r\n        <div class=\"form-group\">\r\n            <label for=\"contact_email\" class=\"required\">Email<\/label>\r\n            <input type=\"email\" name=\"email\" class=\"form-control\" required>\r\n        <\/div>\r\n        <div class=\"form-group\">\r\n            <label for=\"contact_phone\" class=\"required\">Num\u00e9ro de t\u00e9l\u00e9phone<\/label>\r\n            <input type=\"tel\" name=\"phone\" class=\"form-control\" placeholder=\"0787117165\" pattern=\"^[0-9]{10}$\" required>\r\n        <\/div>\r\n        <div class=\"form-group\">\r\n            <label for=\"contact_postalCode\" class=\"required\">Code postal et localit\u00e9<\/label>\r\n            <input type=\"text\" name=\"postalCode\" class=\"form-control\" required>\r\n        <\/div>\r\n        <div class=\"form-group\">\r\n            <label for=\"contact_address\" class=\"required\">Adresse<\/label>\r\n            <input type=\"text\" name=\"address\" class=\"form-control\" required>\r\n        <\/div>\r\n        <div class=\"full-width topic\">\r\n            <p class=\"required\">Je souhaite \u00eatre contact\u00e9 pour :<\/p>\r\n            <div class=\"form-check\">\r\n                <input type=\"radio\" name=\"topic\" value=\"D\u00e9pannage\" class=\"form-control\" required>\r\n                <label for=\"d\u00e9pannage\">D\u00e9pannage<\/label>\r\n            <\/div>\r\n            <div class=\"form-check\">\r\n                <input type=\"radio\" name=\"topic\" value=\"Entretien\" class=\"form-control\" required>\r\n                <label for=\"entretien\">Entretien<\/label>\r\n            <\/div>\r\n            <div class=\"form-check\">\r\n                <input type=\"radio\" name=\"topic\" value=\"R\u00e9novation\" class=\"form-control\" required>\r\n                <label for=\"r\u00e9novation\">R\u00e9novation<\/label>\r\n            <\/div>\r\n            <div class=\"form-check\">\r\n                <input type=\"radio\" name=\"topic\" value=\"Autre\" class=\"form-control\" required>\r\n                <label for=\"autre\">Autre<\/label>\r\n            <\/div>\r\n        <\/div>\r\n        <div class=\"form-group full-width\">\r\n            <label for=\"contact_message\">Message<\/label>\r\n            <textarea name=\"message\" rows=\"3\" class=\"form-control\"><\/textarea>\r\n        <\/div>\r\n    <\/div>\r\n    <div class=\"form-actions\">\r\n        <button class=\"wp-block-button__link has-accent-background-color\">Contacter<\/button>\r\n    <\/div>\r\n<\/form>\r\n<div class=\"form-feedback\"><\/div>    <\/div>\n<h2>Pourquoi travailler avec notre entreprise ?<\/h2>\n<p>Estimation instantan\u00e9e de vos travaux : une fois que vous avez compl\u00e9t\u00e9 le formulaire, notre expert \u00e0 Avenches vous contacte dans la journ\u00e9e.<\/p>\n<p>D\u00e9placement de notre technicien chez vous : le jour m\u00eame, le chauffagiste Avenchois peut se d\u00e9placer dans votre foyer pour estimer le montant pour l&rsquo;installation ou le changement de votre chauffage. Par la suite, vous obtenez un devis d\u00e9taill\u00e9 et vous pouvez nous poser vos questions.<\/p>\n<p>Installation de votre syst\u00e8me de chauffage dans les 24\/48 heures : d\u00e8s que le devis est valid\u00e9 avec notre technicien \u00e0 Avenches. Nous planifierons avec vous la date d&rsquo;installation.<\/p>\n<p>Service de d\u00e9pannage et de r\u00e9paration : en cas de panne de votre syst\u00e8me de chauffage, chaudi\u00e8re ou chauffe-eau. Notre soci\u00e9t\u00e9 peut intervenir \u00e0 Avenches et ses environs.<\/p>\n<h2>Pourquoi doit-on entretenir un chauffage ?<\/h2>\n<p>Garantir le fonctionnement optimal de votre \u00e9quipement de chauffage est essentiel, si vous avez des jeunes enfants. Notre \u00e9quipe vous assiste \u00e0 fixer la bonne temp\u00e9rature et v\u00e9rifie la concentration de monoxyde de carbone fabriqu\u00e9 par votre chauffage. Peu importe le type de votre syst\u00e8me de chauffage, nos experts assurent la maintenance et l&rsquo;entretien, de votre chauffage : \u00e0 accumulation, basse temp\u00e9rature, \u00e9lectrique, fioul, condensation ou \u00e0 gaz.<\/p>\n<h2>Votre entreprise propose-t-elle une assistance t\u00e9l\u00e9phonique ?<\/h2>\n<p>Oui, Artisanlocal peut vous d\u00e9panner \u00e0 distance. Il vous suffit de nous expliquer votre probl\u00e8me pour nous soyons capables d&rsquo;en \u00e9valuer les causes et identifier la solution. Cependant, dans plusieurs cas, un chauffagiste doit intervenir dans votre foyer.<\/p>\n<h2>Quel est le mode de fonctionnement de votre entreprise ?<\/h2>\n<ol>\n<li>Prise de contact : il est n\u00e9cessaire de nous joindre par e-mail ou par t\u00e9l\u00e9phone.<\/li>\n<li>Intervention : un expert chauffagiste Avenchois vient \u00e0 votre domicile.<\/li>\n<li>\u00c9valuation : on examinera l&rsquo;\u00e9quipement actuel, la superficie, l&rsquo;isolation et le volume de vos pi\u00e8ces pour estimer et d\u00e9terminer la solution id\u00e9ale.<\/li>\n<li>Avis : nous vous orienterons pour choisir le meilleur chauffage pour vous, en prenant compte de la rentabilit\u00e9 et le rendement que vous voulez avoir.<\/li>\n<li>Estimation : vous obtenez un devis d\u00e9taill\u00e9, vous montrant les diverses d\u00e9penses.<\/li>\n<li>Installation : une fois que vous avec accept\u00e9 le devis et en fonction de votre agenda, nous installons votre chauffage, et r\u00e9glons votre thermostat.<\/li>\n<\/ol>\n<h2>Quels sont les meilleurs types de chauffages pour votre maison ?<\/h2>\n<p>L&rsquo;expert qui se d\u00e9place \u00e0 votre domicile, vous conseille sur le chauffage \u00e0 choisir, il peut vous conseiller sur les chauffages : \u00e0 gaz, \u00e9lectriques, fioul, classiques, condensation ou basses temp\u00e9ratures.<\/p>\n<p>Bien que les chauffages \u00e0 basses temp\u00e9ratures ou \u00e0 condensation co\u00fbtent plus cher \u00e0 l&rsquo;achat, mais ils contribuent \u00e0 faire des \u00e9conomies sur la dur\u00e9e.<\/p>\n<p>De plus, avant la mise en place de votre chauffage, il faut configurer votre thermostat par rapport \u00e0 votre propri\u00e9t\u00e9 et vos besoins. Pas d\u2019inqui\u00e9tude, le technicien qui se d\u00e9place chez vous a l&rsquo;expertise pour r\u00e9soudre toutes vos probl\u00e9matiques. Dans le devis, vous retrouvez les d\u00e9tails de l\u2019intervention, tel que le co\u00fbt de la main-d&rsquo;\u0153uvre et aussi du syst\u00e8me de chauffages.<\/p>\n<h2>Service de maintenance de votre chauffage \u00e0 Avenches<\/h2>\n<p>Veillez \u00e0 faire l&rsquo;entretien de votre chauffage chaque ann\u00e9e, qu&rsquo;il soit au fioul ou au gaz. L&rsquo;entretien de votre chauffage permet au technicien de contr\u00f4ler le taux de monoxyde de carbone qui se d\u00e9gage. \u00c0 noter, dans le cas o\u00f9 votre chauffage produit trop de monoxyde de carbone, \u00e7a peut provoquer une intoxication. Lors de notre intervention, l&rsquo;expert r\u00e8gle et v\u00e9rifie les \u00e9missions de monoxyde de carbone de votre chauffage afin de vous \u00e9viter d&rsquo;avoir de graves probl\u00e8mes de sant\u00e9.<\/p>\n<h2>Contrat de maintenance pour votre syst\u00e8me de chauffage \u00e0 Avenches<\/h2>\n<p>Artisanlocal propose des contrats d\u2019entretiens pour votre chauffage dans le but d&rsquo;en garantir le fonctionnement optimal. Avec un entretien r\u00e9gulier, vous faites des \u00e9conomies en \u00e9vitant les dysfonctionnements et les interventions en urgence.<\/p>\n<p>D&rsquo;ailleurs, si vous avez un sinistre, votre assureur vous r\u00e9clame le contrat d&rsquo;entretien de fa\u00e7on \u00e0 v\u00e9rifier l&rsquo;\u00e9tat de votre chauffage avant l&rsquo;accident. Notre entreprise propose des contrats de maintenance pluriannuels ou annuels.<\/p>\n<h2>Quels sont les avantages de signer un contrat d\u2019entretien pour votre chauffage ?<\/h2>\n<p>Si vous avez des pi\u00e8ces d\u00e9fectueuses, nous garantissons le remplacement imm\u00e9diat. D&rsquo;autre part, nous nous engageons \u00e0 inspecter l&rsquo;ensemble de votre chauffage, comme :<\/p>\n<ul>\n<li>La tension dans vos conduits,<\/li>\n<li>le nettoyage des tuyaux de raccordement, et des \u00e9l\u00e9ments chauffants.<\/li>\n<\/ul>\n<h2>Quels sont les diff\u00e9rents services propos\u00e9s par votre entreprise ?<\/h2>\n<p>Nos techniciens se d\u00e9placent \u00e0 votre domicile, pour accomplir :<\/p>\n<ul>\n<li>Le d\u00e9sembouage et le d\u00e9tartrage de vos radiateurs,<\/li>\n<li>la purge de l&rsquo;air de vos radiateurs,<\/li>\n<li>la maintenance de votre chauffage, chaudi\u00e8re et chauffe-eau,<\/li>\n<li>le r\u00e9glage de votre thermostat,<\/li>\n<li>la maintenance chaudi\u00e8res \u00e0 condensation, \u00e0 accumulation, \u00e0 gaz, \u00e0 fioul, \u00e9lectriques et basses temp\u00e9ratures,<\/li>\n<li>la restauration de la vanne de vidange,<\/li>\n<li>l&rsquo;intervention et la r\u00e9paration de vos pannes : fuite de canalisation, radiateur qui ne chauffe plus, chaudi\u00e8re, etc.<\/li>\n<li>l\u2019installation de : radiateur \u00e9lectrique, pompe \u00e0 chaleur, plancher chauffant, chauffage, chaudi\u00e8re, etc.<\/li>\n<\/ul>\n<h2>Foire aux questions<\/h2>\n<h3>Pourquoi embaucher un chauffagiste Avenchois ?<\/h3>\n<p>Stabiliser la temp\u00e9rature de votre int\u00e9rieur : un chauffage correctement r\u00e9gl\u00e9 permet de maintenir une temp\u00e9rature stable.<\/p>\n<p>Faire des \u00e9conomies : en investissant dans des \u00e9quipements de qualit\u00e9, exemple le chauffage et l&rsquo;isolation, vous r\u00e9alisez des \u00e9conomies et diminuer vos \u00e9missions de CO2.<\/p>\n<p>Assurer la s\u00fbret\u00e9 de vos installations : respecter les normes de s\u00e9curit\u00e9 permet de maintenir un chauffage s\u00fbr et performant (par exemple, pour r\u00e9duire les taux de monoxyde de carbone).<\/p>\n<p>Pr\u00e9venir les difficult\u00e9s : en regardant votre syst\u00e8me de chauffage, un technicien peut pr\u00e9voir les futurs ennuis.<\/p>\n<h3>Comment choisir le bon technicien chauffagiste \u00e0 Avenches ?<\/h3>\n<p>Les comp\u00e9tences : contr\u00f4lez les certifications d\u00e9montrant que l\u2019entreprise \u00e0 une exp\u00e9rience dans son domaine.<\/p>\n<p>Les cas clients : prenez le temps de lire les t\u00e9moignages des anciens clients ayant d\u00e9j\u00e0 collabor\u00e9 avec les soci\u00e9t\u00e9s.<\/p>\n<p>Les assurances : v\u00e9rifiez que l&rsquo;entreprise de chauffage b\u00e9n\u00e9ficie d&rsquo;une garantie assurance qui couvre les possibles dommages caus\u00e9s lors de ses interventions.<\/p>\n<h3>\u00c0 quelle rapidit\u00e9 votre entreprise intervient dans un foyer Avenchois ?<\/h3>\n<p>Nous pouvons intervenir chez vous dans les deux heures (pour les urgences) dans le cas contraire, nous pouvons intervenir dans la semaine.<\/p>\n<h3>Intervenez-vous \u00e0 Avenches et aux environs ?<\/h3>\n<p>En effet, nous r\u00e9alisons nos interventions \u00e0 Avenches et dans les communes et villes proches, comme : Gletterens, Dompierre FR, Domdidier, Vallon, Les Friques, St-Aubin FR, Delley, Portalban, Oleyres, Donatyre, Villarepos, Villars-le-Grand, Bellerive VD, Cotterd, Salavaux, Vallamand, Constantine, Montmagny, Cudrefin, Chabrey, Clavaleyres, Faoug, Corm\u00e9rod, Courtion, Misery, Chandon, L\u00e9chelles, Russy, Sugiez, Mur (Vully) FR, M\u00f4tier (Vully), Mur (Vully) VD, Praz (Vully), Lugnorre.<\/p>\n","protected":false},"excerpt":{"rendered":"<p>Besoin d&rsquo;un chauffagiste \u00e0 Avenches ? Dans le cas o\u00f9 vous seriez un Avenchois, Artisanlocal s&rsquo;occupe de la r\u00e9paration et de l&rsquo;installation de votre \u00e9quipement de chauffage. En travaillant avec notre entreprise, vous profitez : d&rsquo;une tarification d\u00e9taill\u00e9e, de prestations de qualit\u00e9 sup\u00e9rieure, d&rsquo;intervention \u00e0 Avenches et dans les alentours, d&rsquo;une \u00e9quipe avec une grande [&hellip;]<\/p>\n","protected":false},"author":4,"featured_media":2757,"parent":0,"menu_order":0,"comment_status":"closed","ping_status":"closed","template":"","meta":{"footnotes":""},"profession":[120],"location":[37],"canton":[113],"class_list":["post-641","page","type-page","status-publish","has-post-thumbnail","hentry","profession-chauffagiste","location-avenches","canton-vd"],"yoast_head":"<!-- This site is optimized with the Yoast SEO Premium plugin v25.7.1 (Yoast SEO v27.4) - https:\/\/yoast.com\/product\/yoast-seo-premium-wordpress\/ -->\n<title>Chauffagiste \u00e0 Avenches - Artisanlocal<\/title>\n<meta name=\"robots\" content=\"index, follow, max-snippet:-1, max-image-preview:large, max-video-preview:-1\" \/>\n<link rel=\"canonical\" href=\"https:\/\/www.artisanlocal.ch\/c\/depannage-urgence-chauffagiste-a-avenches\/\" \/>\n<meta property=\"og:locale\" content=\"fr_FR\" \/>\n<meta property=\"og:type\" content=\"article\" \/>\n<meta property=\"og:title\" content=\"Chauffagiste \u00e0 Avenches\" \/>\n<meta property=\"og:description\" content=\"Besoin d&rsquo;un chauffagiste \u00e0 Avenches ? Dans le cas o\u00f9 vous seriez un Avenchois, Artisanlocal s&rsquo;occupe de la r\u00e9paration et de l&rsquo;installation de votre \u00e9quipement de chauffage. En travaillant avec notre entreprise, vous profitez : d&rsquo;une tarification d\u00e9taill\u00e9e, de prestations de qualit\u00e9 sup\u00e9rieure, d&rsquo;intervention \u00e0 Avenches et dans les alentours, d&rsquo;une \u00e9quipe avec une grande [&hellip;]\" \/>\n<meta property=\"og:url\" content=\"https:\/\/www.artisanlocal.ch\/c\/depannage-urgence-chauffagiste-a-avenches\/\" \/>\n<meta property=\"og:site_name\" content=\"Artisanlocal\" \/>\n<meta property=\"article:modified_time\" content=\"2025-08-26T23:32:39+00:00\" \/>\n<meta property=\"og:image\" content=\"https:\/\/www.artisanlocal.ch\/c\/wp-content\/uploads\/2024\/10\/chauffagiste.jpg\" \/>\n\t<meta property=\"og:image:width\" content=\"1920\" \/>\n\t<meta property=\"og:image:height\" content=\"300\" \/>\n\t<meta property=\"og:image:type\" content=\"image\/jpeg\" \/>\n<meta name=\"twitter:card\" content=\"summary_large_image\" \/>\n<meta name=\"twitter:label1\" content=\"Dur\u00e9e de lecture estim\u00e9e\" \/>\n\t<meta name=\"twitter:data1\" content=\"6 minutes\" \/>\n<script type=\"application\/ld+json\" class=\"yoast-schema-graph\">{\"@context\":\"https:\\\/\\\/schema.org\",\"@graph\":[{\"@type\":\"WebPage\",\"@id\":\"https:\\\/\\\/www.artisanlocal.ch\\\/c\\\/depannage-urgence-chauffagiste-a-avenches\\\/\",\"url\":\"https:\\\/\\\/www.artisanlocal.ch\\\/c\\\/depannage-urgence-chauffagiste-a-avenches\\\/\",\"name\":\"Chauffagiste \u00e0 Avenches - Artisanlocal\",\"isPartOf\":{\"@id\":\"https:\\\/\\\/www.artisanlocal.ch\\\/c\\\/#website\"},\"primaryImageOfPage\":{\"@id\":\"https:\\\/\\\/www.artisanlocal.ch\\\/c\\\/depannage-urgence-chauffagiste-a-avenches\\\/#primaryimage\"},\"image\":{\"@id\":\"https:\\\/\\\/www.artisanlocal.ch\\\/c\\\/depannage-urgence-chauffagiste-a-avenches\\\/#primaryimage\"},\"thumbnailUrl\":\"https:\\\/\\\/www.artisanlocal.ch\\\/c\\\/wp-content\\\/uploads\\\/2024\\\/10\\\/chauffagiste.jpg\",\"datePublished\":\"2024-04-18T07:43:32+00:00\",\"dateModified\":\"2025-08-26T23:32:39+00:00\",\"breadcrumb\":{\"@id\":\"https:\\\/\\\/www.artisanlocal.ch\\\/c\\\/depannage-urgence-chauffagiste-a-avenches\\\/#breadcrumb\"},\"inLanguage\":\"fr-FR\",\"potentialAction\":[{\"@type\":\"ReadAction\",\"target\":[\"https:\\\/\\\/www.artisanlocal.ch\\\/c\\\/depannage-urgence-chauffagiste-a-avenches\\\/\"]}]},{\"@type\":\"ImageObject\",\"inLanguage\":\"fr-FR\",\"@id\":\"https:\\\/\\\/www.artisanlocal.ch\\\/c\\\/depannage-urgence-chauffagiste-a-avenches\\\/#primaryimage\",\"url\":\"https:\\\/\\\/www.artisanlocal.ch\\\/c\\\/wp-content\\\/uploads\\\/2024\\\/10\\\/chauffagiste.jpg\",\"contentUrl\":\"https:\\\/\\\/www.artisanlocal.ch\\\/c\\\/wp-content\\\/uploads\\\/2024\\\/10\\\/chauffagiste.jpg\",\"width\":1920,\"height\":300},{\"@type\":\"BreadcrumbList\",\"@id\":\"https:\\\/\\\/www.artisanlocal.ch\\\/c\\\/depannage-urgence-chauffagiste-a-avenches\\\/#breadcrumb\",\"itemListElement\":[{\"@type\":\"ListItem\",\"position\":1,\"name\":\"Accueil\",\"item\":\"https:\\\/\\\/www.artisanlocal.ch\\\/c\\\/\"},{\"@type\":\"ListItem\",\"position\":2,\"name\":\"Chauffagiste \u00e0 Avenches\"}]},{\"@type\":\"WebSite\",\"@id\":\"https:\\\/\\\/www.artisanlocal.ch\\\/c\\\/#website\",\"url\":\"https:\\\/\\\/www.artisanlocal.ch\\\/c\\\/\",\"name\":\"Artisanlocal\",\"description\":\"\",\"publisher\":{\"@id\":\"https:\\\/\\\/www.artisanlocal.ch\\\/c\\\/#organization\"},\"potentialAction\":[{\"@type\":\"SearchAction\",\"target\":{\"@type\":\"EntryPoint\",\"urlTemplate\":\"https:\\\/\\\/www.artisanlocal.ch\\\/c\\\/?s={search_term_string}\"},\"query-input\":{\"@type\":\"PropertyValueSpecification\",\"valueRequired\":true,\"valueName\":\"search_term_string\"}}],\"inLanguage\":\"fr-FR\"},{\"@type\":\"Organization\",\"@id\":\"https:\\\/\\\/www.artisanlocal.ch\\\/c\\\/#organization\",\"name\":\"Artisanlocal\",\"url\":\"https:\\\/\\\/www.artisanlocal.ch\\\/c\\\/\",\"logo\":{\"@type\":\"ImageObject\",\"inLanguage\":\"fr-FR\",\"@id\":\"https:\\\/\\\/www.artisanlocal.ch\\\/c\\\/#\\\/schema\\\/logo\\\/image\\\/\",\"url\":\"https:\\\/\\\/www.artisanlocal.ch\\\/c\\\/wp-content\\\/uploads\\\/2024\\\/02\\\/logo-artisanlocal-h.svg\",\"contentUrl\":\"https:\\\/\\\/www.artisanlocal.ch\\\/c\\\/wp-content\\\/uploads\\\/2024\\\/02\\\/logo-artisanlocal-h.svg\",\"caption\":\"Artisanlocal\"},\"image\":{\"@id\":\"https:\\\/\\\/www.artisanlocal.ch\\\/c\\\/#\\\/schema\\\/logo\\\/image\\\/\"}}]}<\/script>\n<!-- \/ Yoast SEO Premium plugin. -->","yoast_head_json":{"title":"Chauffagiste \u00e0 Avenches - Artisanlocal","robots":{"index":"index","follow":"follow","max-snippet":"max-snippet:-1","max-image-preview":"max-image-preview:large","max-video-preview":"max-video-preview:-1"},"canonical":"https:\/\/www.artisanlocal.ch\/c\/depannage-urgence-chauffagiste-a-avenches\/","og_locale":"fr_FR","og_type":"article","og_title":"Chauffagiste \u00e0 Avenches","og_description":"Besoin d&rsquo;un chauffagiste \u00e0 Avenches ? Dans le cas o\u00f9 vous seriez un Avenchois, Artisanlocal s&rsquo;occupe de la r\u00e9paration et de l&rsquo;installation de votre \u00e9quipement de chauffage. En travaillant avec notre entreprise, vous profitez : d&rsquo;une tarification d\u00e9taill\u00e9e, de prestations de qualit\u00e9 sup\u00e9rieure, d&rsquo;intervention \u00e0 Avenches et dans les alentours, d&rsquo;une \u00e9quipe avec une grande [&hellip;]","og_url":"https:\/\/www.artisanlocal.ch\/c\/depannage-urgence-chauffagiste-a-avenches\/","og_site_name":"Artisanlocal","article_modified_time":"2025-08-26T23:32:39+00:00","og_image":[{"width":1920,"height":300,"url":"https:\/\/www.artisanlocal.ch\/c\/wp-content\/uploads\/2024\/10\/chauffagiste.jpg","type":"image\/jpeg"}],"twitter_card":"summary_large_image","twitter_misc":{"Dur\u00e9e de lecture estim\u00e9e":"6 minutes"},"schema":{"@context":"https:\/\/schema.org","@graph":[{"@type":"WebPage","@id":"https:\/\/www.artisanlocal.ch\/c\/depannage-urgence-chauffagiste-a-avenches\/","url":"https:\/\/www.artisanlocal.ch\/c\/depannage-urgence-chauffagiste-a-avenches\/","name":"Chauffagiste \u00e0 Avenches - Artisanlocal","isPartOf":{"@id":"https:\/\/www.artisanlocal.ch\/c\/#website"},"primaryImageOfPage":{"@id":"https:\/\/www.artisanlocal.ch\/c\/depannage-urgence-chauffagiste-a-avenches\/#primaryimage"},"image":{"@id":"https:\/\/www.artisanlocal.ch\/c\/depannage-urgence-chauffagiste-a-avenches\/#primaryimage"},"thumbnailUrl":"https:\/\/www.artisanlocal.ch\/c\/wp-content\/uploads\/2024\/10\/chauffagiste.jpg","datePublished":"2024-04-18T07:43:32+00:00","dateModified":"2025-08-26T23:32:39+00:00","breadcrumb":{"@id":"https:\/\/www.artisanlocal.ch\/c\/depannage-urgence-chauffagiste-a-avenches\/#breadcrumb"},"inLanguage":"fr-FR","potentialAction":[{"@type":"ReadAction","target":["https:\/\/www.artisanlocal.ch\/c\/depannage-urgence-chauffagiste-a-avenches\/"]}]},{"@type":"ImageObject","inLanguage":"fr-FR","@id":"https:\/\/www.artisanlocal.ch\/c\/depannage-urgence-chauffagiste-a-avenches\/#primaryimage","url":"https:\/\/www.artisanlocal.ch\/c\/wp-content\/uploads\/2024\/10\/chauffagiste.jpg","contentUrl":"https:\/\/www.artisanlocal.ch\/c\/wp-content\/uploads\/2024\/10\/chauffagiste.jpg","width":1920,"height":300},{"@type":"BreadcrumbList","@id":"https:\/\/www.artisanlocal.ch\/c\/depannage-urgence-chauffagiste-a-avenches\/#breadcrumb","itemListElement":[{"@type":"ListItem","position":1,"name":"Accueil","item":"https:\/\/www.artisanlocal.ch\/c\/"},{"@type":"ListItem","position":2,"name":"Chauffagiste \u00e0 Avenches"}]},{"@type":"WebSite","@id":"https:\/\/www.artisanlocal.ch\/c\/#website","url":"https:\/\/www.artisanlocal.ch\/c\/","name":"Artisanlocal","description":"","publisher":{"@id":"https:\/\/www.artisanlocal.ch\/c\/#organization"},"potentialAction":[{"@type":"SearchAction","target":{"@type":"EntryPoint","urlTemplate":"https:\/\/www.artisanlocal.ch\/c\/?s={search_term_string}"},"query-input":{"@type":"PropertyValueSpecification","valueRequired":true,"valueName":"search_term_string"}}],"inLanguage":"fr-FR"},{"@type":"Organization","@id":"https:\/\/www.artisanlocal.ch\/c\/#organization","name":"Artisanlocal","url":"https:\/\/www.artisanlocal.ch\/c\/","logo":{"@type":"ImageObject","inLanguage":"fr-FR","@id":"https:\/\/www.artisanlocal.ch\/c\/#\/schema\/logo\/image\/","url":"https:\/\/www.artisanlocal.ch\/c\/wp-content\/uploads\/2024\/02\/logo-artisanlocal-h.svg","contentUrl":"https:\/\/www.artisanlocal.ch\/c\/wp-content\/uploads\/2024\/02\/logo-artisanlocal-h.svg","caption":"Artisanlocal"},"image":{"@id":"https:\/\/www.artisanlocal.ch\/c\/#\/schema\/logo\/image\/"}}]}},"_links":{"self":[{"href":"https:\/\/www.artisanlocal.ch\/c\/wp-json\/wp\/v2\/pages\/641","targetHints":{"allow":["GET"]}}],"collection":[{"href":"https:\/\/www.artisanlocal.ch\/c\/wp-json\/wp\/v2\/pages"}],"about":[{"href":"https:\/\/www.artisanlocal.ch\/c\/wp-json\/wp\/v2\/types\/page"}],"author":[{"embeddable":true,"href":"https:\/\/www.artisanlocal.ch\/c\/wp-json\/wp\/v2\/users\/4"}],"replies":[{"embeddable":true,"href":"https:\/\/www.artisanlocal.ch\/c\/wp-json\/wp\/v2\/comments?post=641"}],"version-history":[{"count":0,"href":"https:\/\/www.artisanlocal.ch\/c\/wp-json\/wp\/v2\/pages\/641\/revisions"}],"wp:featuredmedia":[{"embeddable":true,"href":"https:\/\/www.artisanlocal.ch\/c\/wp-json\/wp\/v2\/media\/2757"}],"wp:attachment":[{"href":"https:\/\/www.artisanlocal.ch\/c\/wp-json\/wp\/v2\/media?parent=641"}],"wp:term":[{"taxonomy":"profession","embeddable":true,"href":"https:\/\/www.artisanlocal.ch\/c\/wp-json\/wp\/v2\/profession?post=641"},{"taxonomy":"location","embeddable":true,"href":"https:\/\/www.artisanlocal.ch\/c\/wp-json\/wp\/v2\/location?post=641"},{"taxonomy":"canton","embeddable":true,"href":"https:\/\/www.artisanlocal.ch\/c\/wp-json\/wp\/v2\/canton?post=641"}],"curies":[{"name":"wp","href":"https:\/\/api.w.org\/{rel}","templated":true}]}}