{"id":645,"date":"2024-04-19T06:44:06","date_gmt":"2024-04-19T04:44:06","guid":{"rendered":"https:\/\/www.artisanlocal.ch\/c\/chauffagiste-a-lausanne\/"},"modified":"2025-08-27T01:32:10","modified_gmt":"2025-08-26T23:32:10","slug":"chauffagiste-a-lausanne","status":"publish","type":"page","link":"https:\/\/www.artisanlocal.ch\/c\/chauffagiste-a-lausanne\/","title":{"rendered":"Chauffagiste \u00e0 Lausanne"},"content":{"rendered":"<p>Vous avez besoin d&rsquo;un chauffagiste \u00e0 Lausanne ? Si vous \u00eates un Lausannois, notre entreprise assure le diagnostic, la mise en place ainsi que la restauration de votre syst\u00e8me de chauffage. En choisissant de travailler avec nous, vous b\u00e9n\u00e9ficiez :<\/p>\n<ul>\n<li>d&rsquo;une tarification claire,<\/li>\n<li>d&rsquo;un service haut de gamme,<\/li>\n<li>d&rsquo;une intervention \u00e0 Lausanne et dans les villes \u00e0 proximit\u00e9,<\/li>\n<li>d&rsquo;une \u00e9quipe avec une grande exp\u00e9rience,<\/li>\n<li>de devis gratuits,<\/li>\n<li>de techniciens joignables du lundi au samedi pour r\u00e9pondre \u00e0 toutes vos questions.<\/li>\n<\/ul>\n\r\n<div class=\"box\">\r\n            <div class=\"company-info\">\r\n            <img decoding=\"async\" class=\"company-info__logo\" src=\"https:\/\/www.artisanlocal.ch\/media\/cache\/thumb\/images\/companies\/611a3184c2550010443282.png\" alt=\"Logo\">\r\n            <h2 class=\"company-info__name\">DEVAUX FRERES CHAUFFAGE & SANITAIRE SARL<\/h2>\r\n            <p class=\"company-info__business\">Installations sanitaires - Chauffages<\/p>\r\n        <\/div>\r\n        <div class=\"company-contact\">\r\n            <p class=\"company-info__address\">Chemin du Raffort 1<\/p>\r\n                            <div class=\"links\">\r\n                                            <a class=\"btn has-accent-background-color js-phoneNumber\" href=\"tel:0795983115\" title=\"Appelez\" data-id=\"1873\" data-type=\"11\">079 598 31 15<\/a>\r\n                                                                <a class=\"btn has-accent-background-color\" href=\"https:\/\/www.devaux-freres.ch\/\" target=\"_blank\" title=\"Voir le site internet\" data-id=\"1873\" data-type=\"20\">Site internet<\/a>\r\n                                    <\/div>\r\n                    <\/div>\r\n    \r\n            \r\n<form action=\"https:\/\/www.artisanlocal.ch\/c\/wp-admin\/admin-ajax.php\" method=\"post\" class=\"form-contact\" id=\"artisan_form_contact_company_inline\">\r\n    <div><input type=\"hidden\" name=\"action\" value=\"company_contact\"><\/div>\r\n    <div><input type=\"hidden\" name=\"nonce\" value=\"85ec494698\"><\/div>\r\n    <div><input type=\"hidden\" name=\"company_id\" value=\"1873\"><\/div>\r\n    <div><input type=\"hidden\" name=\"form_id\" value=\"artisan_form_contact_company_inline\"><\/div>\r\n    <div class=\"gglcptch gglcptch_v3 gglcptch_custom\"><input type=\"hidden\" id=\"g-recaptcha-response\" name=\"g-recaptcha-response\" \/><br \/><div class=\"gglcptch_error_text\">La p\u00e9riode de v\u00e9rification reCAPTCHA a expir\u00e9. Veuillez recharger la page.<\/div><\/div>    <div class=\"form-content\">\r\n        <div class=\"form-group\">\r\n            <label for=\"contact_firstName\" class=\"required\">Pr\u00e9nom<\/label>\r\n            <input type=\"text\" name=\"firstName\" class=\"form-control\" required>\r\n        <\/div>\r\n        <div class=\"form-group\">\r\n            <label for=\"contact_lastName\" class=\"required\">Nom<\/label>\r\n            <input type=\"text\" name=\"lastName\" class=\"form-control\" required>\r\n        <\/div>\r\n        <div class=\"form-group\">\r\n            <label for=\"contact_email\" class=\"required\">Email<\/label>\r\n            <input type=\"email\" name=\"email\" class=\"form-control\" required>\r\n        <\/div>\r\n        <div class=\"form-group\">\r\n            <label for=\"contact_phone\" class=\"required\">Num\u00e9ro de t\u00e9l\u00e9phone<\/label>\r\n            <input type=\"tel\" name=\"phone\" class=\"form-control\" placeholder=\"0787117165\" pattern=\"^[0-9]{10}$\" required>\r\n        <\/div>\r\n        <div class=\"form-group\">\r\n            <label for=\"contact_postalCode\" class=\"required\">Code postal et localit\u00e9<\/label>\r\n            <input type=\"text\" name=\"postalCode\" class=\"form-control\" required>\r\n        <\/div>\r\n        <div class=\"form-group\">\r\n            <label for=\"contact_address\" class=\"required\">Adresse<\/label>\r\n            <input type=\"text\" name=\"address\" class=\"form-control\" required>\r\n        <\/div>\r\n        <div class=\"full-width topic\">\r\n            <p class=\"required\">Je souhaite \u00eatre contact\u00e9 pour :<\/p>\r\n            <div class=\"form-check\">\r\n                <input type=\"radio\" name=\"topic\" value=\"D\u00e9pannage\" class=\"form-control\" required>\r\n                <label for=\"d\u00e9pannage\">D\u00e9pannage<\/label>\r\n            <\/div>\r\n            <div class=\"form-check\">\r\n                <input type=\"radio\" name=\"topic\" value=\"Entretien\" class=\"form-control\" required>\r\n                <label for=\"entretien\">Entretien<\/label>\r\n            <\/div>\r\n            <div class=\"form-check\">\r\n                <input type=\"radio\" name=\"topic\" value=\"R\u00e9novation\" class=\"form-control\" required>\r\n                <label for=\"r\u00e9novation\">R\u00e9novation<\/label>\r\n            <\/div>\r\n            <div class=\"form-check\">\r\n                <input type=\"radio\" name=\"topic\" value=\"Autre\" class=\"form-control\" required>\r\n                <label for=\"autre\">Autre<\/label>\r\n            <\/div>\r\n        <\/div>\r\n        <div class=\"form-group full-width\">\r\n            <label for=\"contact_message\">Message<\/label>\r\n            <textarea name=\"message\" rows=\"3\" class=\"form-control\"><\/textarea>\r\n        <\/div>\r\n    <\/div>\r\n    <div class=\"form-actions\">\r\n        <button class=\"wp-block-button__link has-accent-background-color\">Contacter<\/button>\r\n    <\/div>\r\n<\/form>\r\n<div class=\"form-feedback\"><\/div>    <\/div>\n<h2>Pourquoi choisir Artisanlocal ?<\/h2>\n<p>Estimation rapide de vos travaux : d\u00e8s que vous nous envoyez le formulaire, notre technicien \u00e0 Lausanne vous contacte dans la journ\u00e9e.<\/p>\n<p>Intervention chez vous le jour m\u00eame : notre expert Lausannois vient chez vous le jour m\u00eame afin d&rsquo;\u00e9valuer le montant de vos travaux et contr\u00f4ler la faisabilit\u00e9 de votre projet. Ensuite, vous recevez une \u00e9valuation d\u00e9taill\u00e9e et vous pouvez nous poser vos questions.<\/p>\n<p>Installation de votre syst\u00e8me de chauffage dans un d\u00e9lai de 24 \u00e0 48 heures : une fois que vous avez accept\u00e9 notre offre. Nous planifierons avec vous le jour d&rsquo;installation.<\/p>\n<p>Assistance technique et de maintenance : si votre chauffage, chauffe-eau ou chaudi\u00e8re tombe en panne. Notre soci\u00e9t\u00e9 intervient rapidement \u00e0 Lausanne et dans les villes aux alentours.<\/p>\n<h2>Pourquoi doit-on entretenir un chauffage ?<\/h2>\n<p>Assurer le bon fonctionnement de votre chauffage est important, si vous avez des jeunes enfants. Nos techniciens vous aident \u00e0 r\u00e9gler la bonne temp\u00e9rature et le taux de monoxyde de carbone cr\u00e9e par votre chauffage. Peu importe le type de votre chauffage, nos techniciens garantissent l&rsquo;entretien et la maintenance, de votre chauffage : basse temp\u00e9rature, fioul, gaz, condensation, \u00e9lectrique ou \u00e0 accumulation.<\/p>\n<h2>Votre entreprise propose-t-elle une assistance t\u00e9l\u00e9phonique ?<\/h2>\n<p>Oui, nous sommes en mesure de vous aider par t\u00e9l\u00e9phone. Il vous suffit de nous d\u00e9crire votre situation pour nous soyons capables d&rsquo;en d\u00e9terminer les causes et trouver la solution. Toutefois, dans de nombreux cas, un expert doit intervenir \u00e0 votre domicile.<\/p>\n<h2>Comment fonctionne Artisanlocal ?<\/h2>\n<ol>\n<li>Prise de contact : il est n\u00e9cessaire que vous preniez contact avec nous par e-mail ou par t\u00e9l\u00e9phone.<\/li>\n<li>Intervention : un de nos techniciens intervient \u00e0 votre domicile.<\/li>\n<li>Estimation : on examinera la taille de vos pi\u00e8ces, l&rsquo;isolation et l&rsquo;\u00e9quipement actuel pour \u00e9valuer et d\u00e9finir la meilleure solution.<\/li>\n<li>Indication : une proposition vous sera faite en fonction de vos attentes et votre budget.<\/li>\n<li>Prix : nous vous offrons un devis pr\u00e9cis.<\/li>\n<li>Pose : apr\u00e8s avoir accept\u00e9 notre devis, nous effectuons l&rsquo;installation de votre chauffage et param\u00e9trons le thermostat par rapport \u00e0 vos attentes.<\/li>\n<\/ol>\n<h2>Quels sont les chauffages les plus performants pour votre maison ?<\/h2>\n<p>Notre technicien chauffagiste vous guide pour s\u00e9lectionner la meilleure solution, il vous donne des conseils sur mesure, comme les syst\u00e8mes de chauffages : \u00e0 condensation, \u00e9lectriques, \u00e0 gaz, classiques, fioul ou encore basses temp\u00e9ratures.<\/p>\n<p>Bien que les chauffages \u00e0 condensation ou basses temp\u00e9ratures valent plus cher \u00e0 l&rsquo;achat, ils permettent de faire des \u00e9conomies sur la dur\u00e9e.<\/p>\n<p>Devis d\u00e9taill\u00e9 : vous retrouvez tous les d\u00e9tails de notre intervention, comme le prix des \u00e9quipements et de la main-d&rsquo;\u0153uvre.<\/p>\n<h2>Service d&rsquo;entretien pour votre chauffage \u00e0 Lausanne<\/h2>\n<p>Veillez \u00e0 faire l&rsquo;entretien de votre chauffage chaque ann\u00e9e, qu&rsquo;il soit au fioul ou au gaz. La maintenance de votre chauffage permet de contr\u00f4ler les \u00e9missions de monoxyde de carbone qui se d\u00e9gage, trop de monoxyde de carbone peut provoquer une intoxication. En intervenant chez vous, l&rsquo;expert r\u00e8gle et v\u00e9rifie les \u00e9missions de monoxyde de carbone d\u00e9gag\u00e9 par votre chauffage.<\/p>\n<h2>Contrat de r\u00e9vision pour votre chauffage \u00e0 Lausanne<\/h2>\n<p>Notre entreprise propose des contrats de maintenance. Avec un entretien r\u00e9gulier, vous \u00e9conomisez de l&rsquo;argent et vous \u00e9vitez les interventions co\u00fbteuses.<\/p>\n<p>D&rsquo;ailleurs, dans le cas o\u00f9 vous auriez un dommage ou un sinistre, votre assurance vous demande le contrat d&rsquo;entretien de mani\u00e8re \u00e0 contr\u00f4ler l&rsquo;\u00e9tat de votre chauffage avant l&rsquo;incident. Avec Artisanlocal, vous pouvez signer un contrat d&rsquo;assistance pluriannuel ou annuel.<\/p>\n<h2>Pourquoi signer un forfait d&rsquo;entretien pour votre chauffage ?<\/h2>\n<p>Si vous avez une partie qui est d\u00e9fectueuse, nous la rempla\u00e7ons en urgence, nous nous engageons \u00e0 v\u00e9rifier tout votre chauffage, comme :<\/p>\n<ul>\n<li>Les niveaux de pression dans vos conduits,<\/li>\n<li>l&rsquo;entretien des conduits de raccordement, et des \u00e9l\u00e9ments chauffants.<\/li>\n<\/ul>\n<h2>Quels services proposent Artisanlocal ?<\/h2>\n<ul>\n<li>Le d\u00e9tartrage et le d\u00e9sembouage de radiateur,<\/li>\n<li>la purge d&rsquo;air,<\/li>\n<li>la maintenance de votre chauffage, chaudi\u00e8re et chauffe-eau,<\/li>\n<li>l&rsquo;ajustement des thermostats,<\/li>\n<li>l&rsquo;entretien des chaudi\u00e8res \u00e0 condensation, basses temp\u00e9ratures, \u00e0 gaz, \u00e0 fioul, \u00e0 accumulation et \u00e9lectriques,<\/li>\n<li>la r\u00e9paration de la vanne de vidange,<\/li>\n<li>l&rsquo;intervention et la remise en \u00e9tat : de votre chaudi\u00e8re, radiateur qui ne chauffe plus, fuite de canalisation, etc.<\/li>\n<li>la mise en place de : chauffage, pompe \u00e0 chaleur, chaudi\u00e8re, radiateur \u00e9lectrique, plancher chauffant, etc.<\/li>\n<\/ul>\n<h2>Foire aux questions<\/h2>\n<h3>Pourquoi faire appel \u00e0 un chauffagiste Lausannois ?<\/h3>\n<p>Am\u00e9liorer votre confort : un chauffage performant permet de conserver une bonne temp\u00e9rature ambiante.<\/p>\n<p>Faire des \u00e9conomies : en choisissant des mat\u00e9riaux de qualit\u00e9, pour l&rsquo;isolation et le chauffage, vous r\u00e9duisez vos \u00e9missions de carbone et vous faites des \u00e9conomies.<\/p>\n<p>Renforcer la s\u00e9curit\u00e9 de vos installations : un bon syst\u00e8me de chauffage permet de r\u00e9pondre aux r\u00e8gles de s\u00e9curit\u00e9 actuelles (par exemple, pour r\u00e9duire les \u00e9missions de monoxyde de carbone).<\/p>\n<p>Pr\u00e9voir les probl\u00e8mes : un technicien peut anticiper les d\u00e9g\u00e2ts des eaux, juste en examinant votre installation.<\/p>\n<h3>Comment choisir le meilleur chauffagiste \u00e0 Lausanne ?<\/h3>\n<ul>\n<li>Les comp\u00e9tences : contr\u00f4lez les certifications attestant que l\u2019entreprise \u00e0 un v\u00e9ritable savoir-faire dans son domaine d&rsquo;expertise.<\/li>\n<li>Les avis clients : n&rsquo;h\u00e9sitez pas \u00e0 parcourir les avis des anciens clients ayant d\u00e9j\u00e0 sollicit\u00e9 l&rsquo;entreprise de fa\u00e7on \u00e0 vous faire une id\u00e9e.<\/li>\n<li>Les garanties : v\u00e9rifiez que la soci\u00e9t\u00e9 de chauffage b\u00e9n\u00e9ficie d&rsquo;une assurance qui couvrira les possibles dommages occasionn\u00e9s lors de ses op\u00e9rations.<\/li>\n<\/ul>\n<h3>Quels sont vos d\u00e9lais pour intervenir \u00e0 mon logement ?<\/h3>\n<p>Si vous avez un probl\u00e8me qui demande une intervention en urgence, nous pouvons intervenir dans un d\u00e9lai de deux heures, si votre demande n\u2019est pas urgente, nous intervenons normalement durant la semaine.<\/p>\n<h3>Votre entreprise est disponible pour intervenir \u00e0 Lausanne, mais \u00e9galement dans les localit\u00e9s aux environs ?<\/h3>\n<p>Oui, nous intervenons \u00e0 Lausanne et dans les villes proches, comme : Pully, Les Monts-de-Pully, La Croix (Lutry), Belmont-sur-Lausanne, La Conversion, Paudex, Lutry, Jouxtens-M\u00e9zery, Prilly, Renens VD, Crissier, Romanel-sur-Lausanne, Cheseaux-sur-Lausanne, Le Mont-sur-Lausanne, Bretigny-sur-Morrens, Cugy VD, Morrens VD, Froideville, Epalinges.<\/p>\n","protected":false},"excerpt":{"rendered":"<p>Vous avez besoin d&rsquo;un chauffagiste \u00e0 Lausanne ? Si vous \u00eates un Lausannois, notre entreprise assure le diagnostic, la mise en place ainsi que la restauration de votre syst\u00e8me de chauffage. En choisissant de travailler avec nous, vous b\u00e9n\u00e9ficiez : d&rsquo;une tarification claire, d&rsquo;un service haut de gamme, d&rsquo;une intervention \u00e0 Lausanne et dans les [&hellip;]<\/p>\n","protected":false},"author":4,"featured_media":2757,"parent":0,"menu_order":0,"comment_status":"closed","ping_status":"closed","template":"","meta":{"footnotes":""},"profession":[120],"location":[31],"canton":[113],"class_list":["post-645","page","type-page","status-publish","has-post-thumbnail","hentry","profession-chauffagiste","location-lausanne","canton-vd"],"yoast_head":"<!-- This site is optimized with the Yoast SEO Premium plugin v25.7.1 (Yoast SEO v27.3) - https:\/\/yoast.com\/product\/yoast-seo-premium-wordpress\/ -->\n<title>Chauffagiste \u00e0 Lausanne - Artisanlocal<\/title>\n<meta name=\"robots\" content=\"index, follow, max-snippet:-1, max-image-preview:large, max-video-preview:-1\" \/>\n<link rel=\"canonical\" href=\"https:\/\/www.artisanlocal.ch\/c\/chauffagiste-a-lausanne\/\" \/>\n<meta property=\"og:locale\" content=\"fr_FR\" \/>\n<meta property=\"og:type\" content=\"article\" \/>\n<meta property=\"og:title\" content=\"Chauffagiste \u00e0 Lausanne\" \/>\n<meta property=\"og:description\" content=\"Vous avez besoin d&rsquo;un chauffagiste \u00e0 Lausanne ? Si vous \u00eates un Lausannois, notre entreprise assure le diagnostic, la mise en place ainsi que la restauration de votre syst\u00e8me de chauffage. En choisissant de travailler avec nous, vous b\u00e9n\u00e9ficiez : d&rsquo;une tarification claire, d&rsquo;un service haut de gamme, d&rsquo;une intervention \u00e0 Lausanne et dans les [&hellip;]\" \/>\n<meta property=\"og:url\" content=\"https:\/\/www.artisanlocal.ch\/c\/chauffagiste-a-lausanne\/\" \/>\n<meta property=\"og:site_name\" content=\"Artisanlocal\" \/>\n<meta property=\"article:modified_time\" content=\"2025-08-26T23:32:10+00:00\" \/>\n<meta property=\"og:image\" content=\"https:\/\/www.artisanlocal.ch\/c\/wp-content\/uploads\/2024\/10\/chauffagiste.jpg\" \/>\n\t<meta property=\"og:image:width\" content=\"1920\" \/>\n\t<meta property=\"og:image:height\" content=\"300\" \/>\n\t<meta property=\"og:image:type\" content=\"image\/jpeg\" \/>\n<meta name=\"twitter:card\" content=\"summary_large_image\" \/>\n<meta name=\"twitter:label1\" content=\"Dur\u00e9e de lecture estim\u00e9e\" \/>\n\t<meta name=\"twitter:data1\" content=\"6 minutes\" \/>\n<script type=\"application\/ld+json\" class=\"yoast-schema-graph\">{\"@context\":\"https:\\\/\\\/schema.org\",\"@graph\":[{\"@type\":\"WebPage\",\"@id\":\"https:\\\/\\\/www.artisanlocal.ch\\\/c\\\/chauffagiste-a-lausanne\\\/\",\"url\":\"https:\\\/\\\/www.artisanlocal.ch\\\/c\\\/chauffagiste-a-lausanne\\\/\",\"name\":\"Chauffagiste \u00e0 Lausanne - Artisanlocal\",\"isPartOf\":{\"@id\":\"https:\\\/\\\/www.artisanlocal.ch\\\/c\\\/#website\"},\"primaryImageOfPage\":{\"@id\":\"https:\\\/\\\/www.artisanlocal.ch\\\/c\\\/chauffagiste-a-lausanne\\\/#primaryimage\"},\"image\":{\"@id\":\"https:\\\/\\\/www.artisanlocal.ch\\\/c\\\/chauffagiste-a-lausanne\\\/#primaryimage\"},\"thumbnailUrl\":\"https:\\\/\\\/www.artisanlocal.ch\\\/c\\\/wp-content\\\/uploads\\\/2024\\\/10\\\/chauffagiste.jpg\",\"datePublished\":\"2024-04-19T04:44:06+00:00\",\"dateModified\":\"2025-08-26T23:32:10+00:00\",\"breadcrumb\":{\"@id\":\"https:\\\/\\\/www.artisanlocal.ch\\\/c\\\/chauffagiste-a-lausanne\\\/#breadcrumb\"},\"inLanguage\":\"fr-FR\",\"potentialAction\":[{\"@type\":\"ReadAction\",\"target\":[\"https:\\\/\\\/www.artisanlocal.ch\\\/c\\\/chauffagiste-a-lausanne\\\/\"]}]},{\"@type\":\"ImageObject\",\"inLanguage\":\"fr-FR\",\"@id\":\"https:\\\/\\\/www.artisanlocal.ch\\\/c\\\/chauffagiste-a-lausanne\\\/#primaryimage\",\"url\":\"https:\\\/\\\/www.artisanlocal.ch\\\/c\\\/wp-content\\\/uploads\\\/2024\\\/10\\\/chauffagiste.jpg\",\"contentUrl\":\"https:\\\/\\\/www.artisanlocal.ch\\\/c\\\/wp-content\\\/uploads\\\/2024\\\/10\\\/chauffagiste.jpg\",\"width\":1920,\"height\":300},{\"@type\":\"BreadcrumbList\",\"@id\":\"https:\\\/\\\/www.artisanlocal.ch\\\/c\\\/chauffagiste-a-lausanne\\\/#breadcrumb\",\"itemListElement\":[{\"@type\":\"ListItem\",\"position\":1,\"name\":\"Accueil\",\"item\":\"https:\\\/\\\/www.artisanlocal.ch\\\/c\\\/\"},{\"@type\":\"ListItem\",\"position\":2,\"name\":\"Chauffagiste \u00e0 Lausanne\"}]},{\"@type\":\"WebSite\",\"@id\":\"https:\\\/\\\/www.artisanlocal.ch\\\/c\\\/#website\",\"url\":\"https:\\\/\\\/www.artisanlocal.ch\\\/c\\\/\",\"name\":\"Artisanlocal\",\"description\":\"\",\"publisher\":{\"@id\":\"https:\\\/\\\/www.artisanlocal.ch\\\/c\\\/#organization\"},\"potentialAction\":[{\"@type\":\"SearchAction\",\"target\":{\"@type\":\"EntryPoint\",\"urlTemplate\":\"https:\\\/\\\/www.artisanlocal.ch\\\/c\\\/?s={search_term_string}\"},\"query-input\":{\"@type\":\"PropertyValueSpecification\",\"valueRequired\":true,\"valueName\":\"search_term_string\"}}],\"inLanguage\":\"fr-FR\"},{\"@type\":\"Organization\",\"@id\":\"https:\\\/\\\/www.artisanlocal.ch\\\/c\\\/#organization\",\"name\":\"Artisanlocal\",\"url\":\"https:\\\/\\\/www.artisanlocal.ch\\\/c\\\/\",\"logo\":{\"@type\":\"ImageObject\",\"inLanguage\":\"fr-FR\",\"@id\":\"https:\\\/\\\/www.artisanlocal.ch\\\/c\\\/#\\\/schema\\\/logo\\\/image\\\/\",\"url\":\"https:\\\/\\\/www.artisanlocal.ch\\\/c\\\/wp-content\\\/uploads\\\/2024\\\/02\\\/logo-artisanlocal-h.svg\",\"contentUrl\":\"https:\\\/\\\/www.artisanlocal.ch\\\/c\\\/wp-content\\\/uploads\\\/2024\\\/02\\\/logo-artisanlocal-h.svg\",\"caption\":\"Artisanlocal\"},\"image\":{\"@id\":\"https:\\\/\\\/www.artisanlocal.ch\\\/c\\\/#\\\/schema\\\/logo\\\/image\\\/\"}}]}<\/script>\n<!-- \/ Yoast SEO Premium plugin. -->","yoast_head_json":{"title":"Chauffagiste \u00e0 Lausanne - Artisanlocal","robots":{"index":"index","follow":"follow","max-snippet":"max-snippet:-1","max-image-preview":"max-image-preview:large","max-video-preview":"max-video-preview:-1"},"canonical":"https:\/\/www.artisanlocal.ch\/c\/chauffagiste-a-lausanne\/","og_locale":"fr_FR","og_type":"article","og_title":"Chauffagiste \u00e0 Lausanne","og_description":"Vous avez besoin d&rsquo;un chauffagiste \u00e0 Lausanne ? Si vous \u00eates un Lausannois, notre entreprise assure le diagnostic, la mise en place ainsi que la restauration de votre syst\u00e8me de chauffage. En choisissant de travailler avec nous, vous b\u00e9n\u00e9ficiez : d&rsquo;une tarification claire, d&rsquo;un service haut de gamme, d&rsquo;une intervention \u00e0 Lausanne et dans les [&hellip;]","og_url":"https:\/\/www.artisanlocal.ch\/c\/chauffagiste-a-lausanne\/","og_site_name":"Artisanlocal","article_modified_time":"2025-08-26T23:32:10+00:00","og_image":[{"width":1920,"height":300,"url":"https:\/\/www.artisanlocal.ch\/c\/wp-content\/uploads\/2024\/10\/chauffagiste.jpg","type":"image\/jpeg"}],"twitter_card":"summary_large_image","twitter_misc":{"Dur\u00e9e de lecture estim\u00e9e":"6 minutes"},"schema":{"@context":"https:\/\/schema.org","@graph":[{"@type":"WebPage","@id":"https:\/\/www.artisanlocal.ch\/c\/chauffagiste-a-lausanne\/","url":"https:\/\/www.artisanlocal.ch\/c\/chauffagiste-a-lausanne\/","name":"Chauffagiste \u00e0 Lausanne - Artisanlocal","isPartOf":{"@id":"https:\/\/www.artisanlocal.ch\/c\/#website"},"primaryImageOfPage":{"@id":"https:\/\/www.artisanlocal.ch\/c\/chauffagiste-a-lausanne\/#primaryimage"},"image":{"@id":"https:\/\/www.artisanlocal.ch\/c\/chauffagiste-a-lausanne\/#primaryimage"},"thumbnailUrl":"https:\/\/www.artisanlocal.ch\/c\/wp-content\/uploads\/2024\/10\/chauffagiste.jpg","datePublished":"2024-04-19T04:44:06+00:00","dateModified":"2025-08-26T23:32:10+00:00","breadcrumb":{"@id":"https:\/\/www.artisanlocal.ch\/c\/chauffagiste-a-lausanne\/#breadcrumb"},"inLanguage":"fr-FR","potentialAction":[{"@type":"ReadAction","target":["https:\/\/www.artisanlocal.ch\/c\/chauffagiste-a-lausanne\/"]}]},{"@type":"ImageObject","inLanguage":"fr-FR","@id":"https:\/\/www.artisanlocal.ch\/c\/chauffagiste-a-lausanne\/#primaryimage","url":"https:\/\/www.artisanlocal.ch\/c\/wp-content\/uploads\/2024\/10\/chauffagiste.jpg","contentUrl":"https:\/\/www.artisanlocal.ch\/c\/wp-content\/uploads\/2024\/10\/chauffagiste.jpg","width":1920,"height":300},{"@type":"BreadcrumbList","@id":"https:\/\/www.artisanlocal.ch\/c\/chauffagiste-a-lausanne\/#breadcrumb","itemListElement":[{"@type":"ListItem","position":1,"name":"Accueil","item":"https:\/\/www.artisanlocal.ch\/c\/"},{"@type":"ListItem","position":2,"name":"Chauffagiste \u00e0 Lausanne"}]},{"@type":"WebSite","@id":"https:\/\/www.artisanlocal.ch\/c\/#website","url":"https:\/\/www.artisanlocal.ch\/c\/","name":"Artisanlocal","description":"","publisher":{"@id":"https:\/\/www.artisanlocal.ch\/c\/#organization"},"potentialAction":[{"@type":"SearchAction","target":{"@type":"EntryPoint","urlTemplate":"https:\/\/www.artisanlocal.ch\/c\/?s={search_term_string}"},"query-input":{"@type":"PropertyValueSpecification","valueRequired":true,"valueName":"search_term_string"}}],"inLanguage":"fr-FR"},{"@type":"Organization","@id":"https:\/\/www.artisanlocal.ch\/c\/#organization","name":"Artisanlocal","url":"https:\/\/www.artisanlocal.ch\/c\/","logo":{"@type":"ImageObject","inLanguage":"fr-FR","@id":"https:\/\/www.artisanlocal.ch\/c\/#\/schema\/logo\/image\/","url":"https:\/\/www.artisanlocal.ch\/c\/wp-content\/uploads\/2024\/02\/logo-artisanlocal-h.svg","contentUrl":"https:\/\/www.artisanlocal.ch\/c\/wp-content\/uploads\/2024\/02\/logo-artisanlocal-h.svg","caption":"Artisanlocal"},"image":{"@id":"https:\/\/www.artisanlocal.ch\/c\/#\/schema\/logo\/image\/"}}]}},"_links":{"self":[{"href":"https:\/\/www.artisanlocal.ch\/c\/wp-json\/wp\/v2\/pages\/645","targetHints":{"allow":["GET"]}}],"collection":[{"href":"https:\/\/www.artisanlocal.ch\/c\/wp-json\/wp\/v2\/pages"}],"about":[{"href":"https:\/\/www.artisanlocal.ch\/c\/wp-json\/wp\/v2\/types\/page"}],"author":[{"embeddable":true,"href":"https:\/\/www.artisanlocal.ch\/c\/wp-json\/wp\/v2\/users\/4"}],"replies":[{"embeddable":true,"href":"https:\/\/www.artisanlocal.ch\/c\/wp-json\/wp\/v2\/comments?post=645"}],"version-history":[{"count":0,"href":"https:\/\/www.artisanlocal.ch\/c\/wp-json\/wp\/v2\/pages\/645\/revisions"}],"wp:featuredmedia":[{"embeddable":true,"href":"https:\/\/www.artisanlocal.ch\/c\/wp-json\/wp\/v2\/media\/2757"}],"wp:attachment":[{"href":"https:\/\/www.artisanlocal.ch\/c\/wp-json\/wp\/v2\/media?parent=645"}],"wp:term":[{"taxonomy":"profession","embeddable":true,"href":"https:\/\/www.artisanlocal.ch\/c\/wp-json\/wp\/v2\/profession?post=645"},{"taxonomy":"location","embeddable":true,"href":"https:\/\/www.artisanlocal.ch\/c\/wp-json\/wp\/v2\/location?post=645"},{"taxonomy":"canton","embeddable":true,"href":"https:\/\/www.artisanlocal.ch\/c\/wp-json\/wp\/v2\/canton?post=645"}],"curies":[{"name":"wp","href":"https:\/\/api.w.org\/{rel}","templated":true}]}}