{"id":646,"date":"2024-04-18T22:20:08","date_gmt":"2024-04-18T20:20:08","guid":{"rendered":"https:\/\/www.artisanlocal.ch\/c\/chauffagiste-a-morges\/"},"modified":"2025-10-29T14:17:28","modified_gmt":"2025-10-29T13:17:28","slug":"chauffagiste-a-morges","status":"publish","type":"page","link":"https:\/\/www.artisanlocal.ch\/c\/chauffagiste-a-morges\/","title":{"rendered":"Chauffagiste \u00e0 Morges"},"content":{"rendered":"<p>Besoin d&rsquo;un chauffagiste \u00e0 Morges ? Si vous \u00eates un Morgien, notre entreprise assure l&rsquo;installation de votre chauffage.<\/p>\n<p><span style=\"font-size: revert;\">\r\n<div class=\"box\">\r\n            <div class=\"company-info\">\r\n            <img decoding=\"async\" class=\"company-info__logo\" src=\"https:\/\/www.artisanlocal.ch\/media\/cache\/thumb\/images\/companies\/60803815dc531069046081.png\" alt=\"Logo\">\r\n            <h2 class=\"company-info__name\">Ackermann et fils SA<\/h2>\r\n            <p class=\"company-info__business\">Installations sanitaires - Chauffages<\/p>\r\n        <\/div>\r\n        <div class=\"company-contact\">\r\n            <p class=\"company-info__address\">Route de la P\u00e2le 12<\/p>\r\n                            <div class=\"links\">\r\n                                            <a class=\"btn has-accent-background-color js-phoneNumber\" href=\"tel:0218011862\" title=\"Appelez\" data-id=\"2478\" data-type=\"11\">021 801 18 62<\/a>\r\n                                                                <a class=\"btn has-accent-background-color\" href=\"https:\/\/www.acksa.ch\/\" target=\"_blank\" title=\"Voir le site internet\" data-id=\"2478\" data-type=\"20\">Site internet<\/a>\r\n                                    <\/div>\r\n                    <\/div>\r\n    \r\n            \r\n<form action=\"https:\/\/www.artisanlocal.ch\/c\/wp-admin\/admin-ajax.php\" method=\"post\" class=\"form-contact\" id=\"artisan_form_contact_company_inline\">\r\n    <div><input type=\"hidden\" name=\"action\" value=\"company_contact\"><\/div>\r\n    <div><input type=\"hidden\" name=\"nonce\" value=\"71c831c7eb\"><\/div>\r\n    <div><input type=\"hidden\" name=\"company_id\" value=\"2478\"><\/div>\r\n    <div><input type=\"hidden\" name=\"form_id\" value=\"artisan_form_contact_company_inline\"><\/div>\r\n    <div class=\"gglcptch gglcptch_v3 gglcptch_custom\"><input type=\"hidden\" id=\"g-recaptcha-response\" name=\"g-recaptcha-response\" \/><br \/><div class=\"gglcptch_error_text\">La p\u00e9riode de v\u00e9rification reCAPTCHA a expir\u00e9. Veuillez recharger la page.<\/div><\/div>    <div class=\"form-content\">\r\n        <div class=\"form-group\">\r\n            <label for=\"contact_firstName\" class=\"required\">Pr\u00e9nom<\/label>\r\n            <input type=\"text\" name=\"firstName\" class=\"form-control\" required>\r\n        <\/div>\r\n        <div class=\"form-group\">\r\n            <label for=\"contact_lastName\" class=\"required\">Nom<\/label>\r\n            <input type=\"text\" name=\"lastName\" class=\"form-control\" required>\r\n        <\/div>\r\n        <div class=\"form-group\">\r\n            <label for=\"contact_email\" class=\"required\">Email<\/label>\r\n            <input type=\"email\" name=\"email\" class=\"form-control\" required>\r\n        <\/div>\r\n        <div class=\"form-group\">\r\n            <label for=\"contact_phone\" class=\"required\">Num\u00e9ro de t\u00e9l\u00e9phone<\/label>\r\n            <input type=\"tel\" name=\"phone\" class=\"form-control\" placeholder=\"0787117165\" pattern=\"^[0-9]{10}$\" required>\r\n        <\/div>\r\n        <div class=\"form-group\">\r\n            <label for=\"contact_postalCode\" class=\"required\">Code postal et localit\u00e9<\/label>\r\n            <input type=\"text\" name=\"postalCode\" class=\"form-control\" required>\r\n        <\/div>\r\n        <div class=\"form-group\">\r\n            <label for=\"contact_address\" class=\"required\">Adresse<\/label>\r\n            <input type=\"text\" name=\"address\" class=\"form-control\" required>\r\n        <\/div>\r\n        <div class=\"full-width topic\">\r\n            <p class=\"required\">Je souhaite \u00eatre contact\u00e9 pour :<\/p>\r\n            <div class=\"form-check\">\r\n                <input type=\"radio\" name=\"topic\" value=\"D\u00e9pannage\" class=\"form-control\" required>\r\n                <label for=\"d\u00e9pannage\">D\u00e9pannage<\/label>\r\n            <\/div>\r\n            <div class=\"form-check\">\r\n                <input type=\"radio\" name=\"topic\" value=\"Entretien\" class=\"form-control\" required>\r\n                <label for=\"entretien\">Entretien<\/label>\r\n            <\/div>\r\n            <div class=\"form-check\">\r\n                <input type=\"radio\" name=\"topic\" value=\"R\u00e9novation\" class=\"form-control\" required>\r\n                <label for=\"r\u00e9novation\">R\u00e9novation<\/label>\r\n            <\/div>\r\n            <div class=\"form-check\">\r\n                <input type=\"radio\" name=\"topic\" value=\"Autre\" class=\"form-control\" required>\r\n                <label for=\"autre\">Autre<\/label>\r\n            <\/div>\r\n        <\/div>\r\n        <div class=\"form-group full-width\">\r\n            <label for=\"contact_message\">Message<\/label>\r\n            <textarea name=\"message\" rows=\"3\" class=\"form-control\"><\/textarea>\r\n        <\/div>\r\n    <\/div>\r\n    <div class=\"form-actions\">\r\n        <button class=\"wp-block-button__link has-accent-background-color\">Contacter<\/button>\r\n    <\/div>\r\n<\/form>\r\n<div class=\"form-feedback\"><\/div>    <\/div><\/span><\/p>\n<h2>Pourquoi choisir Artisanlocal ?<\/h2>\n<ul>\n<li>Estimation rapide de vos travaux.<\/li>\n<li>Installation de votre chauffage \u00e0 Morges et dans les villes proches.<\/li>\n<li>Assistance technique.<\/li>\n<li>Devis gratuit.<\/li>\n<li>Tarif comp\u00e9titif.<\/li>\n<\/ul>\n<h2>Pourquoi est-il important d&rsquo;avoir un chauffage qui fonctionne ?<\/h2>\n<p>Garantir le bon fonctionnement de votre chauffage est essentiel, surtout, si vous avez des enfants. Notre \u00e9quipe vous assiste \u00e0 r\u00e9gler la temp\u00e9rature id\u00e9ale et contr\u00f4le le taux de monoxyde de carbone cr\u00e9\u00e9 par votre chauffage. Nos chauffagistes s&rsquo;occupent de l&rsquo;entretien de votre chauffage, quel que soit le mod\u00e8le : basse temp\u00e9rature, fioul, condensation, \u00e9lectrique, gaz ou \u00e0 accumulation.<\/p>\n<h2>Est-il possible que votre entreprise m&rsquo;aide \u00e0 distance ?<\/h2>\n<p>Oui, nous sommes en mesure de vous aider \u00e0 distance. En nous expliquant votre probl\u00e9matique par t\u00e9l\u00e9phone, nous identifierons la bonne solution pour r\u00e9soudre votre probl\u00e8me. Cependant, dans de nombreux cas, un technicien doit intervenir chez vous.<\/p>\n<h2>Comment fonctionne votre entreprise ?<\/h2>\n<ol>\n<li>Premi\u00e8re prise de contact : il est indispensable de nous joindre par t\u00e9l\u00e9phone ou par mail.<\/li>\n<li>Intervention : un de nos techniciens se d\u00e9place \u00e0 votre logement.<\/li>\n<li>\u00c9valuation : on \u00e9tudiera l&rsquo;\u00e9quipement actuel, la superficie, l&rsquo;isolation et le volume de vos pi\u00e8ces pour \u00e9valuer et d\u00e9finir la solution id\u00e9ale.<\/li>\n<li>Recommandation : nous vous orienterons pour choisir le meilleur chauffage pour vous, en prenant compte de l\u2019efficacit\u00e9 et la rentabilit\u00e9 que vous voulez avoir.<\/li>\n<li>Prix : vous obtenez un devis d\u00e9taill\u00e9, avec les diverses d\u00e9penses.<\/li>\n<li>Installation : apr\u00e8s avoir accept\u00e9 notre estimation et en fonction de votre agenda, nous installons votre chauffage, et ajustons le thermostat.<\/li>\n<\/ol>\n<h2>Quelle est la meilleure solution de chauffage pour un logement ?<\/h2>\n<p>Le technicien qui se d\u00e9place dans votre foyer, vous conseille pour choisir le syst\u00e8me de chauffage le plus adapt\u00e9, parmi les chauffages :<\/p>\n<ul>\n<li>\u00e0 gaz,<\/li>\n<li>\u00e9lectriques,<\/li>\n<li>fioul,<\/li>\n<li>classiques,<\/li>\n<li>condensation<\/li>\n<li>ou basses temp\u00e9ratures.<\/li>\n<\/ul>\n<p>Les chauffages \u00e0 condensation ou \u00e0 basse temp\u00e9rature, malgr\u00e9 un prix plus important, permettent de r\u00e9aliser des \u00e9conomies sur le long terme.<\/p>\n<h2>Assistance \u00e0 Morges<\/h2>\n<p>Assurez-vous de faire l&rsquo;entretien de votre chauffage chaque ann\u00e9e, qu&rsquo;il soit au fioul ou au gaz. Avoir recours \u00e0 un expert pour l&rsquo;entretien de votre chauffage offre la possibilit\u00e9 de contr\u00f4ler les \u00e9missions de monoxyde de carbone. \u00c0 noter, si votre chauffage cr\u00e9e beaucoup de monoxyde de carbone, cela peut entra\u00eener une intoxication. En intervenant chez vous, l&rsquo;expert v\u00e9rifie et r\u00e8gle les \u00e9missions de monoxyde de carbone de votre chauffage pour vous \u00e9viter d&rsquo;avoir de graves probl\u00e8mes de sant\u00e9.<\/p>\n<h2>Contrat de maintenance pour votre syst\u00e8me de chauffage \u00e0 Morges<\/h2>\n<p>Nous proposons des contrats de maintenance pour votre chauffage afin d&rsquo;en garantir le bon fonctionnement. Avec un entretien r\u00e9gulier, vous \u00e9conomisez de l&rsquo;argent en \u00e9vitant les dysfonctionnements et les r\u00e9parations en urgence.<\/p>\n<p>De plus, si vous avez un probl\u00e8me avec votre chauffage, votre assurance demande le contrat d&rsquo;entretien pour v\u00e9rifier l&rsquo;\u00e9tat g\u00e9n\u00e9ral de votre chauffage avant le sinistre. Avec Artisanlocal, vos pouvez signer un contrat de maintenance pluriannuel ou annuel.<\/p>\n<h2>Quels sont les avantages de souscrire \u00e0 un contrat de maintenance pour votre chauffage ?<\/h2>\n<p>Avec un contrat de maintenance, et en cas de parties d\u00e9fectueuses, nous garantissons le remplacement rapide. Par ailleurs, nous prenons l&rsquo;engagement d&rsquo;inspecter l&rsquo;ensemble des \u00e9l\u00e9ments de votre chauffage, tels que :<\/p>\n<ul>\n<li>La tension dans vos tuyaux,<\/li>\n<li>les tuyaux de raccordement, et des parties chauffantes.<\/li>\n<\/ul>\n<h2>Quels sont les services d&rsquo;Artisanlocal.ch ?<\/h2>\n<ul>\n<li>Le d\u00e9tartrage et le d\u00e9sembouage de radiateur,<\/li>\n<li>la purge de l&rsquo;air de vos radiateurs,<\/li>\n<li>l\u2019entretien de votre chauffage, chaudi\u00e8re et chauffe-eau,<\/li>\n<li>l&rsquo;ajustement des thermostats,<\/li>\n<li>la maintenance des chaudi\u00e8res \u00e0 condensation, \u00e0 gaz, basses temp\u00e9ratures, \u00e0 fioul, \u00e0 accumulation et \u00e9lectriques,<\/li>\n<li>la restauration de la vanne de purge,<\/li>\n<li>le d\u00e9pannage et la r\u00e9paration sur tous types de probl\u00e8mes techniques : fuite de canalisation, radiateur qui ne chauffe plus, chaudi\u00e8re, etc.<\/li>\n<li>la pose de votre : chauffage, pompe \u00e0 chaleur, chaudi\u00e8re, radiateur \u00e9lectrique, plancher chauffant, etc.<\/li>\n<\/ul>\n<h2>FAQ<\/h2>\n<h3>Pourquoi avoir recours \u00e0 un chauffagiste Morgien ?<\/h3>\n<ul>\n<li>Stabiliser la temp\u00e9rature : un chauffage performant maintient la temp\u00e9rature \u00e0 l&rsquo;int\u00e9rieur de votre logement.<\/li>\n<li>R\u00e9aliser des \u00e9conomies : en choisissant des mat\u00e9riaux de qualit\u00e9, tels que l&rsquo;isolation et le chauffage, vous diminuez vos \u00e9missions de carbone et vous faites des \u00e9conomies.<\/li>\n<li>Am\u00e9liorer la s\u00e9curit\u00e9 : respecter les normes de s\u00e9curit\u00e9 maintient votre chauffage s\u00fbr et performant et limite les \u00e9missions de monoxyde de carbone.<\/li>\n<li>Anticiper les pannes : un chauffagiste pourra anticiper les pannes, juste en observant votre installation.<\/li>\n<\/ul>\n<h3>Quels sont les \u00e9l\u00e9ments \u00e0 prendre en consid\u00e9ration pour choisir le meilleur chauffagiste \u00e0 Morges ?<\/h3>\n<ul>\n<li>La qualification : contr\u00f4lez les certifications d\u00e9montrant que la soci\u00e9t\u00e9 \u00e0 un v\u00e9ritable savoir-faire dans son domaine d&rsquo;expertise.<\/li>\n<li>Les avis clients : n&rsquo;h\u00e9sitez pas \u00e0 regarder les t\u00e9moignages des anciens clients ayant d\u00e9j\u00e0 eu recours \u00e0 la soci\u00e9t\u00e9 afin de vous faire une id\u00e9e.<\/li>\n<li>Les assurances : assurez-vous que la soci\u00e9t\u00e9 de chauffage dispose d&rsquo;une assurance qui couvre les possibles d\u00e9g\u00e2ts caus\u00e9s lors de ses interventions.<\/li>\n<\/ul>\n<h3>Quels sont vos d\u00e9lais pour intervenir \u00e0 mon logement ?<\/h3>\n<p>Nous intervenons \u00e0 votre domicile dans la semaine.<\/p>\n<h3>Votre soci\u00e9t\u00e9 est disponible pour intervenir \u00e0 Morges, mais \u00e9galement dans les communes aux alentours ?<\/h3>\n<p>Oui, nous intervenons \u00e0 Morges et dans les villes aux environs, telles que : Chavannes-pr\u00e8s-Renens, Ecublens VD, St-Sulpice VD, Denges, Echandens, Lonay, Pr\u00e9verenges, Villars-Ste-Croix, Bussigny, Echichens, St-Saphorin-sur-Morges, Colombier VD, Vullierens, Bremblens, Romanel-sur-Morges, Aclens, Monnaz, Vaux-sur-Morges, Clarmont, Reverolle, Tolochenaz, Lully VD, Chigny, Vufflens-le-Ch\u00e2teau, Denens, Bussy-Chardonney, St-Prex, Lussy-sur-Morges.<\/p>\n","protected":false},"excerpt":{"rendered":"<p>Besoin d&rsquo;un chauffagiste \u00e0 Morges ? Si vous \u00eates un Morgien, notre entreprise assure l&rsquo;installation de votre chauffage. Pourquoi choisir Artisanlocal ? Estimation rapide de vos travaux. Installation de votre chauffage \u00e0 Morges et dans les villes proches. Assistance technique. Devis gratuit. Tarif comp\u00e9titif. Pourquoi est-il important d&rsquo;avoir un chauffage qui fonctionne ? Garantir le [&hellip;]<\/p>\n","protected":false},"author":4,"featured_media":2757,"parent":0,"menu_order":0,"comment_status":"closed","ping_status":"closed","template":"","meta":{"footnotes":""},"profession":[120],"location":[56],"canton":[113],"class_list":["post-646","page","type-page","status-publish","has-post-thumbnail","hentry","profession-chauffagiste","location-morges","canton-vd"],"yoast_head":"<!-- This site is optimized with the Yoast SEO Premium plugin v25.7.1 (Yoast SEO v27.4) - https:\/\/yoast.com\/product\/yoast-seo-premium-wordpress\/ -->\n<title>Chauffagiste \u00e0 Morges - Artisanlocal<\/title>\n<meta name=\"robots\" content=\"index, follow, max-snippet:-1, max-image-preview:large, max-video-preview:-1\" \/>\n<link rel=\"canonical\" href=\"https:\/\/www.artisanlocal.ch\/c\/chauffagiste-a-morges\/\" \/>\n<meta property=\"og:locale\" content=\"fr_FR\" \/>\n<meta property=\"og:type\" content=\"article\" \/>\n<meta property=\"og:title\" content=\"Chauffagiste \u00e0 Morges\" \/>\n<meta property=\"og:description\" content=\"Besoin d&rsquo;un chauffagiste \u00e0 Morges ? Si vous \u00eates un Morgien, notre entreprise assure l&rsquo;installation de votre chauffage. Pourquoi choisir Artisanlocal ? Estimation rapide de vos travaux. Installation de votre chauffage \u00e0 Morges et dans les villes proches. Assistance technique. Devis gratuit. Tarif comp\u00e9titif. Pourquoi est-il important d&rsquo;avoir un chauffage qui fonctionne ? Garantir le [&hellip;]\" \/>\n<meta property=\"og:url\" content=\"https:\/\/www.artisanlocal.ch\/c\/chauffagiste-a-morges\/\" \/>\n<meta property=\"og:site_name\" content=\"Artisanlocal\" \/>\n<meta property=\"article:modified_time\" content=\"2025-10-29T13:17:28+00:00\" \/>\n<meta property=\"og:image\" content=\"https:\/\/www.artisanlocal.ch\/c\/wp-content\/uploads\/2024\/10\/chauffagiste.jpg\" \/>\n\t<meta property=\"og:image:width\" content=\"1920\" \/>\n\t<meta property=\"og:image:height\" content=\"300\" \/>\n\t<meta property=\"og:image:type\" content=\"image\/jpeg\" \/>\n<meta name=\"twitter:card\" content=\"summary_large_image\" \/>\n<meta name=\"twitter:label1\" content=\"Dur\u00e9e de lecture estim\u00e9e\" \/>\n\t<meta name=\"twitter:data1\" content=\"5 minutes\" \/>\n<script type=\"application\/ld+json\" class=\"yoast-schema-graph\">{\"@context\":\"https:\\\/\\\/schema.org\",\"@graph\":[{\"@type\":\"WebPage\",\"@id\":\"https:\\\/\\\/www.artisanlocal.ch\\\/c\\\/chauffagiste-a-morges\\\/\",\"url\":\"https:\\\/\\\/www.artisanlocal.ch\\\/c\\\/chauffagiste-a-morges\\\/\",\"name\":\"Chauffagiste \u00e0 Morges - Artisanlocal\",\"isPartOf\":{\"@id\":\"https:\\\/\\\/www.artisanlocal.ch\\\/c\\\/#website\"},\"primaryImageOfPage\":{\"@id\":\"https:\\\/\\\/www.artisanlocal.ch\\\/c\\\/chauffagiste-a-morges\\\/#primaryimage\"},\"image\":{\"@id\":\"https:\\\/\\\/www.artisanlocal.ch\\\/c\\\/chauffagiste-a-morges\\\/#primaryimage\"},\"thumbnailUrl\":\"https:\\\/\\\/www.artisanlocal.ch\\\/c\\\/wp-content\\\/uploads\\\/2024\\\/10\\\/chauffagiste.jpg\",\"datePublished\":\"2024-04-18T20:20:08+00:00\",\"dateModified\":\"2025-10-29T13:17:28+00:00\",\"breadcrumb\":{\"@id\":\"https:\\\/\\\/www.artisanlocal.ch\\\/c\\\/chauffagiste-a-morges\\\/#breadcrumb\"},\"inLanguage\":\"fr-FR\",\"potentialAction\":[{\"@type\":\"ReadAction\",\"target\":[\"https:\\\/\\\/www.artisanlocal.ch\\\/c\\\/chauffagiste-a-morges\\\/\"]}]},{\"@type\":\"ImageObject\",\"inLanguage\":\"fr-FR\",\"@id\":\"https:\\\/\\\/www.artisanlocal.ch\\\/c\\\/chauffagiste-a-morges\\\/#primaryimage\",\"url\":\"https:\\\/\\\/www.artisanlocal.ch\\\/c\\\/wp-content\\\/uploads\\\/2024\\\/10\\\/chauffagiste.jpg\",\"contentUrl\":\"https:\\\/\\\/www.artisanlocal.ch\\\/c\\\/wp-content\\\/uploads\\\/2024\\\/10\\\/chauffagiste.jpg\",\"width\":1920,\"height\":300},{\"@type\":\"BreadcrumbList\",\"@id\":\"https:\\\/\\\/www.artisanlocal.ch\\\/c\\\/chauffagiste-a-morges\\\/#breadcrumb\",\"itemListElement\":[{\"@type\":\"ListItem\",\"position\":1,\"name\":\"Accueil\",\"item\":\"https:\\\/\\\/www.artisanlocal.ch\\\/c\\\/\"},{\"@type\":\"ListItem\",\"position\":2,\"name\":\"Chauffagiste \u00e0 Morges\"}]},{\"@type\":\"WebSite\",\"@id\":\"https:\\\/\\\/www.artisanlocal.ch\\\/c\\\/#website\",\"url\":\"https:\\\/\\\/www.artisanlocal.ch\\\/c\\\/\",\"name\":\"Artisanlocal\",\"description\":\"\",\"publisher\":{\"@id\":\"https:\\\/\\\/www.artisanlocal.ch\\\/c\\\/#organization\"},\"potentialAction\":[{\"@type\":\"SearchAction\",\"target\":{\"@type\":\"EntryPoint\",\"urlTemplate\":\"https:\\\/\\\/www.artisanlocal.ch\\\/c\\\/?s={search_term_string}\"},\"query-input\":{\"@type\":\"PropertyValueSpecification\",\"valueRequired\":true,\"valueName\":\"search_term_string\"}}],\"inLanguage\":\"fr-FR\"},{\"@type\":\"Organization\",\"@id\":\"https:\\\/\\\/www.artisanlocal.ch\\\/c\\\/#organization\",\"name\":\"Artisanlocal\",\"url\":\"https:\\\/\\\/www.artisanlocal.ch\\\/c\\\/\",\"logo\":{\"@type\":\"ImageObject\",\"inLanguage\":\"fr-FR\",\"@id\":\"https:\\\/\\\/www.artisanlocal.ch\\\/c\\\/#\\\/schema\\\/logo\\\/image\\\/\",\"url\":\"https:\\\/\\\/www.artisanlocal.ch\\\/c\\\/wp-content\\\/uploads\\\/2024\\\/02\\\/logo-artisanlocal-h.svg\",\"contentUrl\":\"https:\\\/\\\/www.artisanlocal.ch\\\/c\\\/wp-content\\\/uploads\\\/2024\\\/02\\\/logo-artisanlocal-h.svg\",\"caption\":\"Artisanlocal\"},\"image\":{\"@id\":\"https:\\\/\\\/www.artisanlocal.ch\\\/c\\\/#\\\/schema\\\/logo\\\/image\\\/\"}}]}<\/script>\n<!-- \/ Yoast SEO Premium plugin. -->","yoast_head_json":{"title":"Chauffagiste \u00e0 Morges - Artisanlocal","robots":{"index":"index","follow":"follow","max-snippet":"max-snippet:-1","max-image-preview":"max-image-preview:large","max-video-preview":"max-video-preview:-1"},"canonical":"https:\/\/www.artisanlocal.ch\/c\/chauffagiste-a-morges\/","og_locale":"fr_FR","og_type":"article","og_title":"Chauffagiste \u00e0 Morges","og_description":"Besoin d&rsquo;un chauffagiste \u00e0 Morges ? Si vous \u00eates un Morgien, notre entreprise assure l&rsquo;installation de votre chauffage. Pourquoi choisir Artisanlocal ? Estimation rapide de vos travaux. Installation de votre chauffage \u00e0 Morges et dans les villes proches. Assistance technique. Devis gratuit. Tarif comp\u00e9titif. Pourquoi est-il important d&rsquo;avoir un chauffage qui fonctionne ? Garantir le [&hellip;]","og_url":"https:\/\/www.artisanlocal.ch\/c\/chauffagiste-a-morges\/","og_site_name":"Artisanlocal","article_modified_time":"2025-10-29T13:17:28+00:00","og_image":[{"width":1920,"height":300,"url":"https:\/\/www.artisanlocal.ch\/c\/wp-content\/uploads\/2024\/10\/chauffagiste.jpg","type":"image\/jpeg"}],"twitter_card":"summary_large_image","twitter_misc":{"Dur\u00e9e de lecture estim\u00e9e":"5 minutes"},"schema":{"@context":"https:\/\/schema.org","@graph":[{"@type":"WebPage","@id":"https:\/\/www.artisanlocal.ch\/c\/chauffagiste-a-morges\/","url":"https:\/\/www.artisanlocal.ch\/c\/chauffagiste-a-morges\/","name":"Chauffagiste \u00e0 Morges - Artisanlocal","isPartOf":{"@id":"https:\/\/www.artisanlocal.ch\/c\/#website"},"primaryImageOfPage":{"@id":"https:\/\/www.artisanlocal.ch\/c\/chauffagiste-a-morges\/#primaryimage"},"image":{"@id":"https:\/\/www.artisanlocal.ch\/c\/chauffagiste-a-morges\/#primaryimage"},"thumbnailUrl":"https:\/\/www.artisanlocal.ch\/c\/wp-content\/uploads\/2024\/10\/chauffagiste.jpg","datePublished":"2024-04-18T20:20:08+00:00","dateModified":"2025-10-29T13:17:28+00:00","breadcrumb":{"@id":"https:\/\/www.artisanlocal.ch\/c\/chauffagiste-a-morges\/#breadcrumb"},"inLanguage":"fr-FR","potentialAction":[{"@type":"ReadAction","target":["https:\/\/www.artisanlocal.ch\/c\/chauffagiste-a-morges\/"]}]},{"@type":"ImageObject","inLanguage":"fr-FR","@id":"https:\/\/www.artisanlocal.ch\/c\/chauffagiste-a-morges\/#primaryimage","url":"https:\/\/www.artisanlocal.ch\/c\/wp-content\/uploads\/2024\/10\/chauffagiste.jpg","contentUrl":"https:\/\/www.artisanlocal.ch\/c\/wp-content\/uploads\/2024\/10\/chauffagiste.jpg","width":1920,"height":300},{"@type":"BreadcrumbList","@id":"https:\/\/www.artisanlocal.ch\/c\/chauffagiste-a-morges\/#breadcrumb","itemListElement":[{"@type":"ListItem","position":1,"name":"Accueil","item":"https:\/\/www.artisanlocal.ch\/c\/"},{"@type":"ListItem","position":2,"name":"Chauffagiste \u00e0 Morges"}]},{"@type":"WebSite","@id":"https:\/\/www.artisanlocal.ch\/c\/#website","url":"https:\/\/www.artisanlocal.ch\/c\/","name":"Artisanlocal","description":"","publisher":{"@id":"https:\/\/www.artisanlocal.ch\/c\/#organization"},"potentialAction":[{"@type":"SearchAction","target":{"@type":"EntryPoint","urlTemplate":"https:\/\/www.artisanlocal.ch\/c\/?s={search_term_string}"},"query-input":{"@type":"PropertyValueSpecification","valueRequired":true,"valueName":"search_term_string"}}],"inLanguage":"fr-FR"},{"@type":"Organization","@id":"https:\/\/www.artisanlocal.ch\/c\/#organization","name":"Artisanlocal","url":"https:\/\/www.artisanlocal.ch\/c\/","logo":{"@type":"ImageObject","inLanguage":"fr-FR","@id":"https:\/\/www.artisanlocal.ch\/c\/#\/schema\/logo\/image\/","url":"https:\/\/www.artisanlocal.ch\/c\/wp-content\/uploads\/2024\/02\/logo-artisanlocal-h.svg","contentUrl":"https:\/\/www.artisanlocal.ch\/c\/wp-content\/uploads\/2024\/02\/logo-artisanlocal-h.svg","caption":"Artisanlocal"},"image":{"@id":"https:\/\/www.artisanlocal.ch\/c\/#\/schema\/logo\/image\/"}}]}},"_links":{"self":[{"href":"https:\/\/www.artisanlocal.ch\/c\/wp-json\/wp\/v2\/pages\/646","targetHints":{"allow":["GET"]}}],"collection":[{"href":"https:\/\/www.artisanlocal.ch\/c\/wp-json\/wp\/v2\/pages"}],"about":[{"href":"https:\/\/www.artisanlocal.ch\/c\/wp-json\/wp\/v2\/types\/page"}],"author":[{"embeddable":true,"href":"https:\/\/www.artisanlocal.ch\/c\/wp-json\/wp\/v2\/users\/4"}],"replies":[{"embeddable":true,"href":"https:\/\/www.artisanlocal.ch\/c\/wp-json\/wp\/v2\/comments?post=646"}],"version-history":[{"count":0,"href":"https:\/\/www.artisanlocal.ch\/c\/wp-json\/wp\/v2\/pages\/646\/revisions"}],"wp:featuredmedia":[{"embeddable":true,"href":"https:\/\/www.artisanlocal.ch\/c\/wp-json\/wp\/v2\/media\/2757"}],"wp:attachment":[{"href":"https:\/\/www.artisanlocal.ch\/c\/wp-json\/wp\/v2\/media?parent=646"}],"wp:term":[{"taxonomy":"profession","embeddable":true,"href":"https:\/\/www.artisanlocal.ch\/c\/wp-json\/wp\/v2\/profession?post=646"},{"taxonomy":"location","embeddable":true,"href":"https:\/\/www.artisanlocal.ch\/c\/wp-json\/wp\/v2\/location?post=646"},{"taxonomy":"canton","embeddable":true,"href":"https:\/\/www.artisanlocal.ch\/c\/wp-json\/wp\/v2\/canton?post=646"}],"curies":[{"name":"wp","href":"https:\/\/api.w.org\/{rel}","templated":true}]}}