{"id":649,"date":"2024-04-19T13:03:03","date_gmt":"2024-04-19T11:03:03","guid":{"rendered":"https:\/\/www.artisanlocal.ch\/c\/vous-avez-besoin-dun-chauffagiste-a-orbe\/"},"modified":"2025-08-26T19:29:53","modified_gmt":"2025-08-26T17:29:53","slug":"vous-avez-besoin-dun-chauffagiste-a-orbe","status":"publish","type":"page","link":"https:\/\/www.artisanlocal.ch\/c\/vous-avez-besoin-dun-chauffagiste-a-orbe\/","title":{"rendered":"Vous avez besoin d&rsquo;un chauffagiste \u00e0 Orbe ?"},"content":{"rendered":"<p>Besoin d&rsquo;aide pour votre chauffage ? ? Si vous \u00eates un Urbig\u00e8ne, Artisanlocal s&rsquo;occupe de la r\u00e9paration et de l&rsquo;installation de votre \u00e9quipement de chauffage. Si vous travaillez avec nous, vous b\u00e9n\u00e9ficiez :<\/p>\n<ul>\n<li>de prix clair,<\/li>\n<li>de prestations haut de gamme,<\/li>\n<li>d&rsquo;assistance \u00e0 Orbe et dans les alentours,<\/li>\n<li>d&rsquo;une entreprise avec de l&rsquo;exp\u00e9rience,<\/li>\n<li>de devis sans co\u00fbt,<\/li>\n<li>d&rsquo;une \u00e9quipe accessible du lundi au samedi.<\/li>\n<\/ul>\n\r\n<div class=\"box\">\r\n    <h2 class=\"text-dark\">Nous cherchons un <em class=\"text-primary\">Chauffagiste<\/em> dans la r\u00e9gion de <em class=\"text-primary\">Orbe<\/em>  en exclusivit\u00e9, afin de proposer vos services \u00e0 nos clients propri\u00e9taires.<\/h2>\r\n    <p>Une opportunit\u00e9 unique pour booster votre activit\u00e9 \u00e0 <strong>Orbe<\/strong> et aux alentours dans votre domaine (Chauffagiste).<\/p>\r\n    <p>Nous travaillons en exclusivit\u00e9 avec qu'une soci\u00e9t\u00e9 par m\u00e9tier et par r\u00e9gion. <br>Votre entreprise est pr\u00e9sente sur tous les documents immobiliers. Afin d'\u00eatre mieux vu sur le net, vous \u00eates \u00e9galement visible sur nos deux sites et sur les pages de r\u00e9f\u00e9rencement de votre r\u00e9gion.<\/p>\r\n    <a href=\"\/contact\" class=\"wp-block-button__link has-accent-background-color has-text-align-center wp-element-button\">R\u00e9server<\/a>\r\n<\/div>\n<h2>Pourquoi choisir notre entreprise ?<\/h2>\n<p>\u00c9valuation rapide de vos travaux : une fois que vous avez rempli le formulaire, notre expert \u00e0 Orbe vous contact dans la journ\u00e9e.<\/p>\n<p>D\u00e9placement de notre technicien \u00e0 votre domicile : notre technicien Urbig\u00e8ne vient \u00e0 votre domicile le jour m\u00eame afin d&rsquo;\u00e9valuer le montant de vos travaux et v\u00e9rifier la faisabilit\u00e9 de votre projet. Vous recevrez un devis et vous pouvez nous poser toutes vos demandes.<\/p>\n<p>Mise en place de votre chauffage en 24 \u00e0 48 heures : une fois que vous avez accept\u00e9 notre devis. Nous planifierons avec vous la date d&rsquo;installation.<\/p>\n<p>Entretien et d\u00e9pannage : si votre syst\u00e8me de chauffage, chauffe-eau ou chaudi\u00e8re pr\u00e9sente un dysfonctionnement. Nous sommes pr\u00eats \u00e0 intervenir \u00e0 Orbe ainsi que dans les communes proches.<\/p>\n<h2>Pourquoi doit-on entretenir un chauffage ?<\/h2>\n<p>Avoir un syst\u00e8me de chauffage qui fonctionne est essentiel, surtout dans les foyers avec de jeunes enfants. Nos techniciens vous aident \u00e0 r\u00e9gler la temp\u00e9rature optimale et le taux de monoxyde de carbone cr\u00e9\u00e9 par votre \u00e9quipement de chauffage. Peu importe le type de votre syst\u00e8me de chauffage, nos chauffagistes garantissent la maintenance et l&rsquo;entretien, de votre \u00e9quipement de chauffage : basse temp\u00e9rature, fioul, condensation, \u00e9lectrique, gaz ou \u00e0 accumulation.<\/p>\n<h2>Votre entreprise offre-t-elle une assistance t\u00e9l\u00e9phonique ?<\/h2>\n<p>Oui, nous sommes en mesure de vous aider par t\u00e9l\u00e9phone. Il vous suffit de nous d\u00e9crire votre situation pour nous soyons capables d&rsquo;en d\u00e9terminer les origines et trouver la solution. Il faut garder en t\u00eate que dans la plupart des cas, un chauffagiste doit intervenir chez vous pour trouver et corriger votre probl\u00e8me de chauffage.<\/p>\n<h2>Quel est le mode de fonctionnement d&rsquo;Artisanlocal ?<\/h2>\n<ol>\n<li>Prise de contact : vous devez nous joindre par mail ou par t\u00e9l\u00e9phone.<\/li>\n<li>Intervention : un de nos techniciens intervient \u00e0 votre logement.<\/li>\n<li>Estimation : on analysera le volume de vos pi\u00e8ces, l&rsquo;isolation et l&rsquo;\u00e9quipement actuel pour estimer et d\u00e9finir la solution id\u00e9ale.<\/li>\n<li>Indication : nous vous orienterons pour s\u00e9lectionner le meilleur syst\u00e8me de chauffage, en prenant compte de l\u2019efficacit\u00e9 et la rentabilit\u00e9 que vous souhaitez avoir.<\/li>\n<li>Devis : vous obtenez une estimation d\u00e9taill\u00e9e, vous montrant les diverses d\u00e9penses.<\/li>\n<li>Installation : apr\u00e8s avoir sign\u00e9 notre devis, nous effectuons l&rsquo;installation de votre chauffage et param\u00e9trons le thermostat par rapport \u00e0 vos attentes.<\/li>\n<\/ol>\n<h2>Quelle est la solution de chauffage la plus adapt\u00e9e pour votre r\u00e9sidence ?<\/h2>\n<p>Le technicien qui se d\u00e9place dans votre foyer, vous conseille pour choisir le syst\u00e8me de chauffage le plus adapt\u00e9, parmi les chauffages : \u00e0 condensation, \u00e0 gaz, \u00e9lectriques, fioul, classiques ou encore basses temp\u00e9ratures.<\/p>\n<p>Bien que les chauffages \u00e0 condensation ou basses temp\u00e9ratures co\u00fbtent plus cher \u00e0 l&rsquo;acquisition, mais ils contribuent \u00e0 r\u00e9aliser des \u00e9conomies sur la dur\u00e9e.<\/p>\n<p>Par ailleurs, avant d&rsquo;installer votre chauffage, il faut param\u00e9trer votre thermostat en fonction de votre logement et vos besoins. Le technicien chauffagiste qui vient dans votre foyer est un professionnel avec une solide exp\u00e9rience. Dans le devis, vous retrouvez les d\u00e9tails de l\u2019intervention, comme le co\u00fbt des \u00e9quipements et de la main-d&rsquo;\u0153uvre.<\/p>\n<h2>Maintenance de votre chauffage \u00e0 Orbe<\/h2>\n<p>Vous devez accomplir l&rsquo;entretien annuel de votre chauffage, qu&rsquo;il soit \u00e0 gaz ou au fioul. L&rsquo;entretien de votre syst\u00e8me de chauffage permet de contr\u00f4ler les \u00e9missions de monoxyde de carbone qui se d\u00e9gage. Pour rappel, dans le cas o\u00f9 votre chauffage cr\u00e9e trop de monoxyde de carbone, \u00e7a peut provoquer une intoxication. Le chauffagiste qui se d\u00e9place dans votre foyer r\u00e8gle et contr\u00f4le le taux de monoxyde de carbone de votre chauffage de mani\u00e8re \u00e0 vous \u00e9viter d\u2019avoir des potentiels probl\u00e8mes de sant\u00e9.<\/p>\n<h2>Programme de maintenance pour votre chauffage \u00e0 Orbe<\/h2>\n<p>Nous proposons des forfaits d\u2019entretiens pour votre chauffage dans le but d&rsquo;en garantir le bon \u00e9tat de marche. En effectuant un entretien r\u00e9gulier, vous \u00e9conomisez de l&rsquo;argent sur le long terme.<\/p>\n<p>Aussi, si vous avez un sinistre, votre assureur demande le contrat de maintenance dans le but de v\u00e9rifier l\u2019\u00e9tat de votre chauffage pr\u00e9alablement au sinistre. Notre soci\u00e9t\u00e9 propose des contrats d&rsquo;entretien pluriannuels ou annuels.<\/p>\n<h2>Quels sont les b\u00e9n\u00e9fices de signer un contrat de maintenance pour votre chauffage ?<\/h2>\n<p>Si vous avez des \u00e9l\u00e9ments d\u00e9fectueux, nous assurons le remplacement imm\u00e9diat. Par ailleurs, nous prenons l&rsquo;engagement d&rsquo;inspecter l&rsquo;int\u00e9gralit\u00e9 de votre chauffage, tel que :<\/p>\n<ul>\n<li>Les niveaux de pression dans vos tuyaux,<\/li>\n<li>l&rsquo;entretien des tuyaux de raccordement, et des \u00e9l\u00e9ments chauffants.<\/li>\n<\/ul>\n<h2>Quelles sont les diff\u00e9rentes prestations propos\u00e9es par votre entreprise ?<\/h2>\n<p>Nos experts interviennent dans votre domicile, pour :<\/p>\n<ul>\n<li>le d\u00e9sembouage et le d\u00e9tartrage de vos radiateurs,<\/li>\n<li>la purge de vos radiateurs,<\/li>\n<li>la maintenance des chauffe-eau et des chaudi\u00e8res,<\/li>\n<li>le r\u00e9glage de votre thermostat,<\/li>\n<li>l&rsquo;entretien chaudi\u00e8res \u00e0 condensation, \u00e0 gaz, \u00e0 accumulation, \u00e0 fioul, \u00e9lectriques et basses temp\u00e9ratures,<\/li>\n<li>la restauration de la vanne de purge,<\/li>\n<li>le d\u00e9pannage et la r\u00e9paration sur tous types de probl\u00e8mes techniques : fuite de canalisation, radiateur qui ne marche plus, chaudi\u00e8re, etc.<\/li>\n<li>la mise en place de : chauffage, chaudi\u00e8re, pompe \u00e0 chaleur, radiateur \u00e9lectrique, plancher chauffant, etc.<\/li>\n<\/ul>\n<h2>Foire aux questions<\/h2>\n<h3>Pourquoi embaucher un chauffagiste Urbig\u00e8ne ?<\/h3>\n<p>D\u00e9velopper votre confort : un chauffage performant conserve la temp\u00e9rature int\u00e9rieur de votre foyer.<\/p>\n<p>R\u00e9aliser des \u00e9conomies : en investissant dans des \u00e9quipements de qualit\u00e9 sup\u00e9rieure, exemple l&rsquo;isolation et le chauffage, vous diminuez vos \u00e9missions de carbone et vous faites des \u00e9conomies.<\/p>\n<p>Assurer la s\u00e9curit\u00e9 de vos installations : respecter les r\u00e8gles de s\u00fbret\u00e9 maintient votre chauffage s\u00fbr et performant (par exemple, pour diminuer les taux de monoxyde de carbone).<\/p>\n<p>Anticiper les incidents : en inspectant votre installation, un technicien peut pr\u00e9voir les futurs probl\u00e8mes.<\/p>\n<h3>Comment choisir le bon technicien chauffagiste \u00e0 Orbe ?<\/h3>\n<p>La qualification : v\u00e9rifiez les qualifications avant de s\u00e9lectionner l&rsquo;entreprise de chauffage.<\/p>\n<p>Les avis clients : prenez le temps de consulter les t\u00e9moignages des anciens clients ayant d\u00e9j\u00e0 collabor\u00e9 avec les entreprises.<\/p>\n<p>Les garanties : v\u00e9rifiez que les techniciens sont assur\u00e9s en cas de pr\u00e9judices.<\/p>\n<h3>Quelle est votre rapidit\u00e9 d&rsquo;intervention \u00e0 Orbe ?<\/h3>\n<p>Nous op\u00e9rons \u00e0 votre foyer dans un d\u00e9lai de deux heures (pour les situations d&rsquo;urgence) autrement, nous pouvons agir dans la journ\u00e9e.<\/p>\n<h3>Votre soci\u00e9t\u00e9 est disponible pour agir \u00e0 Orbe, mais \u00e9galement dans les villes aux alentours ?<\/h3>\n<p>Oui, nous op\u00e9rons \u00e0 Orbe et dans les localit\u00e9s, comme : La Praz, Arnex-sur-Orbe, Croy, Romainm\u00f4tier, Premier, Vaulion, Juriens, Bretonni\u00e8res, Vallorbe, Ballaigues, Agiez, Bofflens, Montcherand, L'Abergement, Sergey, La Russille, Les Cl\u00e9es, Lignerolle, Valeyres-sous-Rances, Bavois, Chavornay, Corcelles-sur-Chavornay, Rances, Baulmes.<\/p>\n","protected":false},"excerpt":{"rendered":"<p>Besoin d&rsquo;aide pour votre chauffage ? ? Si vous \u00eates un Urbig\u00e8ne, Artisanlocal s&rsquo;occupe de la r\u00e9paration et de l&rsquo;installation de votre \u00e9quipement de chauffage. Si vous travaillez avec nous, vous b\u00e9n\u00e9ficiez : de prix clair, de prestations haut de gamme, d&rsquo;assistance \u00e0 Orbe et dans les alentours, d&rsquo;une entreprise avec de l&rsquo;exp\u00e9rience, de devis [&hellip;]<\/p>\n","protected":false},"author":4,"featured_media":2757,"parent":0,"menu_order":0,"comment_status":"closed","ping_status":"closed","template":"","meta":{"footnotes":""},"profession":[120],"location":[16],"canton":[113],"class_list":["post-649","page","type-page","status-publish","has-post-thumbnail","hentry","profession-chauffagiste","location-orbe","canton-vd"],"yoast_head":"<!-- This site is optimized with the Yoast SEO Premium plugin v25.7.1 (Yoast SEO v27.3) - https:\/\/yoast.com\/product\/yoast-seo-premium-wordpress\/ -->\n<title>Vous avez besoin d&#039;un chauffagiste \u00e0 Orbe ? - Artisanlocal<\/title>\n<meta name=\"robots\" content=\"index, follow, max-snippet:-1, max-image-preview:large, max-video-preview:-1\" \/>\n<link rel=\"canonical\" href=\"https:\/\/www.artisanlocal.ch\/c\/vous-avez-besoin-dun-chauffagiste-a-orbe\/\" \/>\n<meta property=\"og:locale\" content=\"fr_FR\" \/>\n<meta property=\"og:type\" content=\"article\" \/>\n<meta property=\"og:title\" content=\"Vous avez besoin d&#039;un chauffagiste \u00e0 Orbe ?\" \/>\n<meta property=\"og:description\" content=\"Besoin d&rsquo;aide pour votre chauffage ? ? Si vous \u00eates un Urbig\u00e8ne, Artisanlocal s&rsquo;occupe de la r\u00e9paration et de l&rsquo;installation de votre \u00e9quipement de chauffage. Si vous travaillez avec nous, vous b\u00e9n\u00e9ficiez : de prix clair, de prestations haut de gamme, d&rsquo;assistance \u00e0 Orbe et dans les alentours, d&rsquo;une entreprise avec de l&rsquo;exp\u00e9rience, de devis [&hellip;]\" \/>\n<meta property=\"og:url\" content=\"https:\/\/www.artisanlocal.ch\/c\/vous-avez-besoin-dun-chauffagiste-a-orbe\/\" \/>\n<meta property=\"og:site_name\" content=\"Artisanlocal\" \/>\n<meta property=\"article:modified_time\" content=\"2025-08-26T17:29:53+00:00\" \/>\n<meta property=\"og:image\" content=\"https:\/\/www.artisanlocal.ch\/c\/wp-content\/uploads\/2024\/10\/chauffagiste.jpg\" \/>\n\t<meta property=\"og:image:width\" content=\"1920\" \/>\n\t<meta property=\"og:image:height\" content=\"300\" \/>\n\t<meta property=\"og:image:type\" content=\"image\/jpeg\" \/>\n<meta name=\"twitter:card\" content=\"summary_large_image\" \/>\n<meta name=\"twitter:label1\" content=\"Dur\u00e9e de lecture estim\u00e9e\" \/>\n\t<meta name=\"twitter:data1\" content=\"6 minutes\" \/>\n<script type=\"application\/ld+json\" class=\"yoast-schema-graph\">{\"@context\":\"https:\\\/\\\/schema.org\",\"@graph\":[{\"@type\":\"WebPage\",\"@id\":\"https:\\\/\\\/www.artisanlocal.ch\\\/c\\\/vous-avez-besoin-dun-chauffagiste-a-orbe\\\/\",\"url\":\"https:\\\/\\\/www.artisanlocal.ch\\\/c\\\/vous-avez-besoin-dun-chauffagiste-a-orbe\\\/\",\"name\":\"Vous avez besoin d'un chauffagiste \u00e0 Orbe ? - Artisanlocal\",\"isPartOf\":{\"@id\":\"https:\\\/\\\/www.artisanlocal.ch\\\/c\\\/#website\"},\"primaryImageOfPage\":{\"@id\":\"https:\\\/\\\/www.artisanlocal.ch\\\/c\\\/vous-avez-besoin-dun-chauffagiste-a-orbe\\\/#primaryimage\"},\"image\":{\"@id\":\"https:\\\/\\\/www.artisanlocal.ch\\\/c\\\/vous-avez-besoin-dun-chauffagiste-a-orbe\\\/#primaryimage\"},\"thumbnailUrl\":\"https:\\\/\\\/www.artisanlocal.ch\\\/c\\\/wp-content\\\/uploads\\\/2024\\\/10\\\/chauffagiste.jpg\",\"datePublished\":\"2024-04-19T11:03:03+00:00\",\"dateModified\":\"2025-08-26T17:29:53+00:00\",\"breadcrumb\":{\"@id\":\"https:\\\/\\\/www.artisanlocal.ch\\\/c\\\/vous-avez-besoin-dun-chauffagiste-a-orbe\\\/#breadcrumb\"},\"inLanguage\":\"fr-FR\",\"potentialAction\":[{\"@type\":\"ReadAction\",\"target\":[\"https:\\\/\\\/www.artisanlocal.ch\\\/c\\\/vous-avez-besoin-dun-chauffagiste-a-orbe\\\/\"]}]},{\"@type\":\"ImageObject\",\"inLanguage\":\"fr-FR\",\"@id\":\"https:\\\/\\\/www.artisanlocal.ch\\\/c\\\/vous-avez-besoin-dun-chauffagiste-a-orbe\\\/#primaryimage\",\"url\":\"https:\\\/\\\/www.artisanlocal.ch\\\/c\\\/wp-content\\\/uploads\\\/2024\\\/10\\\/chauffagiste.jpg\",\"contentUrl\":\"https:\\\/\\\/www.artisanlocal.ch\\\/c\\\/wp-content\\\/uploads\\\/2024\\\/10\\\/chauffagiste.jpg\",\"width\":1920,\"height\":300},{\"@type\":\"BreadcrumbList\",\"@id\":\"https:\\\/\\\/www.artisanlocal.ch\\\/c\\\/vous-avez-besoin-dun-chauffagiste-a-orbe\\\/#breadcrumb\",\"itemListElement\":[{\"@type\":\"ListItem\",\"position\":1,\"name\":\"Accueil\",\"item\":\"https:\\\/\\\/www.artisanlocal.ch\\\/c\\\/\"},{\"@type\":\"ListItem\",\"position\":2,\"name\":\"Vous avez besoin d&rsquo;un chauffagiste \u00e0 Orbe ?\"}]},{\"@type\":\"WebSite\",\"@id\":\"https:\\\/\\\/www.artisanlocal.ch\\\/c\\\/#website\",\"url\":\"https:\\\/\\\/www.artisanlocal.ch\\\/c\\\/\",\"name\":\"Artisanlocal\",\"description\":\"\",\"publisher\":{\"@id\":\"https:\\\/\\\/www.artisanlocal.ch\\\/c\\\/#organization\"},\"potentialAction\":[{\"@type\":\"SearchAction\",\"target\":{\"@type\":\"EntryPoint\",\"urlTemplate\":\"https:\\\/\\\/www.artisanlocal.ch\\\/c\\\/?s={search_term_string}\"},\"query-input\":{\"@type\":\"PropertyValueSpecification\",\"valueRequired\":true,\"valueName\":\"search_term_string\"}}],\"inLanguage\":\"fr-FR\"},{\"@type\":\"Organization\",\"@id\":\"https:\\\/\\\/www.artisanlocal.ch\\\/c\\\/#organization\",\"name\":\"Artisanlocal\",\"url\":\"https:\\\/\\\/www.artisanlocal.ch\\\/c\\\/\",\"logo\":{\"@type\":\"ImageObject\",\"inLanguage\":\"fr-FR\",\"@id\":\"https:\\\/\\\/www.artisanlocal.ch\\\/c\\\/#\\\/schema\\\/logo\\\/image\\\/\",\"url\":\"https:\\\/\\\/www.artisanlocal.ch\\\/c\\\/wp-content\\\/uploads\\\/2024\\\/02\\\/logo-artisanlocal-h.svg\",\"contentUrl\":\"https:\\\/\\\/www.artisanlocal.ch\\\/c\\\/wp-content\\\/uploads\\\/2024\\\/02\\\/logo-artisanlocal-h.svg\",\"caption\":\"Artisanlocal\"},\"image\":{\"@id\":\"https:\\\/\\\/www.artisanlocal.ch\\\/c\\\/#\\\/schema\\\/logo\\\/image\\\/\"}}]}<\/script>\n<!-- \/ Yoast SEO Premium plugin. -->","yoast_head_json":{"title":"Vous avez besoin d'un chauffagiste \u00e0 Orbe ? - Artisanlocal","robots":{"index":"index","follow":"follow","max-snippet":"max-snippet:-1","max-image-preview":"max-image-preview:large","max-video-preview":"max-video-preview:-1"},"canonical":"https:\/\/www.artisanlocal.ch\/c\/vous-avez-besoin-dun-chauffagiste-a-orbe\/","og_locale":"fr_FR","og_type":"article","og_title":"Vous avez besoin d'un chauffagiste \u00e0 Orbe ?","og_description":"Besoin d&rsquo;aide pour votre chauffage ? ? Si vous \u00eates un Urbig\u00e8ne, Artisanlocal s&rsquo;occupe de la r\u00e9paration et de l&rsquo;installation de votre \u00e9quipement de chauffage. Si vous travaillez avec nous, vous b\u00e9n\u00e9ficiez : de prix clair, de prestations haut de gamme, d&rsquo;assistance \u00e0 Orbe et dans les alentours, d&rsquo;une entreprise avec de l&rsquo;exp\u00e9rience, de devis [&hellip;]","og_url":"https:\/\/www.artisanlocal.ch\/c\/vous-avez-besoin-dun-chauffagiste-a-orbe\/","og_site_name":"Artisanlocal","article_modified_time":"2025-08-26T17:29:53+00:00","og_image":[{"width":1920,"height":300,"url":"https:\/\/www.artisanlocal.ch\/c\/wp-content\/uploads\/2024\/10\/chauffagiste.jpg","type":"image\/jpeg"}],"twitter_card":"summary_large_image","twitter_misc":{"Dur\u00e9e de lecture estim\u00e9e":"6 minutes"},"schema":{"@context":"https:\/\/schema.org","@graph":[{"@type":"WebPage","@id":"https:\/\/www.artisanlocal.ch\/c\/vous-avez-besoin-dun-chauffagiste-a-orbe\/","url":"https:\/\/www.artisanlocal.ch\/c\/vous-avez-besoin-dun-chauffagiste-a-orbe\/","name":"Vous avez besoin d'un chauffagiste \u00e0 Orbe ? - Artisanlocal","isPartOf":{"@id":"https:\/\/www.artisanlocal.ch\/c\/#website"},"primaryImageOfPage":{"@id":"https:\/\/www.artisanlocal.ch\/c\/vous-avez-besoin-dun-chauffagiste-a-orbe\/#primaryimage"},"image":{"@id":"https:\/\/www.artisanlocal.ch\/c\/vous-avez-besoin-dun-chauffagiste-a-orbe\/#primaryimage"},"thumbnailUrl":"https:\/\/www.artisanlocal.ch\/c\/wp-content\/uploads\/2024\/10\/chauffagiste.jpg","datePublished":"2024-04-19T11:03:03+00:00","dateModified":"2025-08-26T17:29:53+00:00","breadcrumb":{"@id":"https:\/\/www.artisanlocal.ch\/c\/vous-avez-besoin-dun-chauffagiste-a-orbe\/#breadcrumb"},"inLanguage":"fr-FR","potentialAction":[{"@type":"ReadAction","target":["https:\/\/www.artisanlocal.ch\/c\/vous-avez-besoin-dun-chauffagiste-a-orbe\/"]}]},{"@type":"ImageObject","inLanguage":"fr-FR","@id":"https:\/\/www.artisanlocal.ch\/c\/vous-avez-besoin-dun-chauffagiste-a-orbe\/#primaryimage","url":"https:\/\/www.artisanlocal.ch\/c\/wp-content\/uploads\/2024\/10\/chauffagiste.jpg","contentUrl":"https:\/\/www.artisanlocal.ch\/c\/wp-content\/uploads\/2024\/10\/chauffagiste.jpg","width":1920,"height":300},{"@type":"BreadcrumbList","@id":"https:\/\/www.artisanlocal.ch\/c\/vous-avez-besoin-dun-chauffagiste-a-orbe\/#breadcrumb","itemListElement":[{"@type":"ListItem","position":1,"name":"Accueil","item":"https:\/\/www.artisanlocal.ch\/c\/"},{"@type":"ListItem","position":2,"name":"Vous avez besoin d&rsquo;un chauffagiste \u00e0 Orbe ?"}]},{"@type":"WebSite","@id":"https:\/\/www.artisanlocal.ch\/c\/#website","url":"https:\/\/www.artisanlocal.ch\/c\/","name":"Artisanlocal","description":"","publisher":{"@id":"https:\/\/www.artisanlocal.ch\/c\/#organization"},"potentialAction":[{"@type":"SearchAction","target":{"@type":"EntryPoint","urlTemplate":"https:\/\/www.artisanlocal.ch\/c\/?s={search_term_string}"},"query-input":{"@type":"PropertyValueSpecification","valueRequired":true,"valueName":"search_term_string"}}],"inLanguage":"fr-FR"},{"@type":"Organization","@id":"https:\/\/www.artisanlocal.ch\/c\/#organization","name":"Artisanlocal","url":"https:\/\/www.artisanlocal.ch\/c\/","logo":{"@type":"ImageObject","inLanguage":"fr-FR","@id":"https:\/\/www.artisanlocal.ch\/c\/#\/schema\/logo\/image\/","url":"https:\/\/www.artisanlocal.ch\/c\/wp-content\/uploads\/2024\/02\/logo-artisanlocal-h.svg","contentUrl":"https:\/\/www.artisanlocal.ch\/c\/wp-content\/uploads\/2024\/02\/logo-artisanlocal-h.svg","caption":"Artisanlocal"},"image":{"@id":"https:\/\/www.artisanlocal.ch\/c\/#\/schema\/logo\/image\/"}}]}},"_links":{"self":[{"href":"https:\/\/www.artisanlocal.ch\/c\/wp-json\/wp\/v2\/pages\/649","targetHints":{"allow":["GET"]}}],"collection":[{"href":"https:\/\/www.artisanlocal.ch\/c\/wp-json\/wp\/v2\/pages"}],"about":[{"href":"https:\/\/www.artisanlocal.ch\/c\/wp-json\/wp\/v2\/types\/page"}],"author":[{"embeddable":true,"href":"https:\/\/www.artisanlocal.ch\/c\/wp-json\/wp\/v2\/users\/4"}],"replies":[{"embeddable":true,"href":"https:\/\/www.artisanlocal.ch\/c\/wp-json\/wp\/v2\/comments?post=649"}],"version-history":[{"count":0,"href":"https:\/\/www.artisanlocal.ch\/c\/wp-json\/wp\/v2\/pages\/649\/revisions"}],"wp:featuredmedia":[{"embeddable":true,"href":"https:\/\/www.artisanlocal.ch\/c\/wp-json\/wp\/v2\/media\/2757"}],"wp:attachment":[{"href":"https:\/\/www.artisanlocal.ch\/c\/wp-json\/wp\/v2\/media?parent=649"}],"wp:term":[{"taxonomy":"profession","embeddable":true,"href":"https:\/\/www.artisanlocal.ch\/c\/wp-json\/wp\/v2\/profession?post=649"},{"taxonomy":"location","embeddable":true,"href":"https:\/\/www.artisanlocal.ch\/c\/wp-json\/wp\/v2\/location?post=649"},{"taxonomy":"canton","embeddable":true,"href":"https:\/\/www.artisanlocal.ch\/c\/wp-json\/wp\/v2\/canton?post=649"}],"curies":[{"name":"wp","href":"https:\/\/api.w.org\/{rel}","templated":true}]}}