{"id":650,"date":"2024-04-18T10:22:23","date_gmt":"2024-04-18T08:22:23","guid":{"rendered":"https:\/\/www.artisanlocal.ch\/c\/besoin-dun-depannage-en-urgence-de-votre-chauffage-a-oron-la-ville\/"},"modified":"2025-08-27T01:32:38","modified_gmt":"2025-08-26T23:32:38","slug":"besoin-dun-depannage-en-urgence-de-votre-chauffage-a-oron-la-ville","status":"publish","type":"page","link":"https:\/\/www.artisanlocal.ch\/c\/besoin-dun-depannage-en-urgence-de-votre-chauffage-a-oron-la-ville\/","title":{"rendered":"Besoin d&rsquo;un d\u00e9pannage en urgence de votre chauffage \u00e0 Oron-la-Ville ?"},"content":{"rendered":"<p>Besoin d&rsquo;un sp\u00e9cialiste du chauffage \u00e0 Oron-la-Ville ? Artisanlocal r\u00e9pare votre chaudi\u00e8re et effectue vos travaux de chauffage \u00e0 Oron-la-Ville. En optant de travailler avec notre entreprise, vous profitez :<\/p>\n<ul>\n<li>de tarif clair,<\/li>\n<li>de prestations de haut niveau,<\/li>\n<li>d&rsquo;assistance \u00e0 Oron-la-Ville et dans les alentours,<\/li>\n<li>des chauffagistes avec une solide exp\u00e9rience,<\/li>\n<li>de devis gratuits,<\/li>\n<li>de chauffagistes joignables du lundi au samedi afin de r\u00e9pondre \u00e0 toutes vos interrogations.<\/li>\n<\/ul>\n\r\n<div class=\"box\">\r\n            <div class=\"company-info\">\r\n            <img decoding=\"async\" class=\"company-info__logo\" src=\"https:\/\/www.artisanlocal.ch\/media\/cache\/thumb\/images\/companies\/69086663cdef2256770633.png\" alt=\"Logo\">\r\n            <h2 class=\"company-info__name\">AMIAR Services<\/h2>\r\n            <p class=\"company-info__business\">Installations de chauffage - D\u00e9pannage 24H\/24 - Maintenance - R\u00e9paration - Assainissement de chaudi\u00e8res<\/p>\r\n        <\/div>\r\n        <div class=\"company-contact\">\r\n            <p class=\"company-info__address\">Rue du Bourg 38<\/p>\r\n                            <div class=\"links\">\r\n                                            <a class=\"btn has-accent-background-color js-phoneNumber\" href=\"tel:0779272487\" title=\"Appelez\" data-id=\"38828\" data-type=\"11\">077 927 24 87<\/a>\r\n                                                                <a class=\"btn has-accent-background-color\" href=\"https:\/\/www.amiarservices.ch\/\" target=\"_blank\" title=\"Voir le site internet\" data-id=\"38828\" data-type=\"20\">Site internet<\/a>\r\n                                    <\/div>\r\n                    <\/div>\r\n    \r\n            \r\n<form action=\"https:\/\/www.artisanlocal.ch\/c\/wp-admin\/admin-ajax.php\" method=\"post\" class=\"form-contact\" id=\"artisan_form_contact_company_inline\">\r\n    <div><input type=\"hidden\" name=\"action\" value=\"company_contact\"><\/div>\r\n    <div><input type=\"hidden\" name=\"nonce\" value=\"85ec494698\"><\/div>\r\n    <div><input type=\"hidden\" name=\"company_id\" value=\"38828\"><\/div>\r\n    <div><input type=\"hidden\" name=\"form_id\" value=\"artisan_form_contact_company_inline\"><\/div>\r\n    <div class=\"gglcptch gglcptch_v3 gglcptch_custom\"><input type=\"hidden\" id=\"g-recaptcha-response\" name=\"g-recaptcha-response\" \/><br \/><div class=\"gglcptch_error_text\">La p\u00e9riode de v\u00e9rification reCAPTCHA a expir\u00e9. Veuillez recharger la page.<\/div><\/div>    <div class=\"form-content\">\r\n        <div class=\"form-group\">\r\n            <label for=\"contact_firstName\" class=\"required\">Pr\u00e9nom<\/label>\r\n            <input type=\"text\" name=\"firstName\" class=\"form-control\" required>\r\n        <\/div>\r\n        <div class=\"form-group\">\r\n            <label for=\"contact_lastName\" class=\"required\">Nom<\/label>\r\n            <input type=\"text\" name=\"lastName\" class=\"form-control\" required>\r\n        <\/div>\r\n        <div class=\"form-group\">\r\n            <label for=\"contact_email\" class=\"required\">Email<\/label>\r\n            <input type=\"email\" name=\"email\" class=\"form-control\" required>\r\n        <\/div>\r\n        <div class=\"form-group\">\r\n            <label for=\"contact_phone\" class=\"required\">Num\u00e9ro de t\u00e9l\u00e9phone<\/label>\r\n            <input type=\"tel\" name=\"phone\" class=\"form-control\" placeholder=\"0787117165\" pattern=\"^[0-9]{10}$\" required>\r\n        <\/div>\r\n        <div class=\"form-group\">\r\n            <label for=\"contact_postalCode\" class=\"required\">Code postal et localit\u00e9<\/label>\r\n            <input type=\"text\" name=\"postalCode\" class=\"form-control\" required>\r\n        <\/div>\r\n        <div class=\"form-group\">\r\n            <label for=\"contact_address\" class=\"required\">Adresse<\/label>\r\n            <input type=\"text\" name=\"address\" class=\"form-control\" required>\r\n        <\/div>\r\n        <div class=\"full-width topic\">\r\n            <p class=\"required\">Je souhaite \u00eatre contact\u00e9 pour :<\/p>\r\n            <div class=\"form-check\">\r\n                <input type=\"radio\" name=\"topic\" value=\"D\u00e9pannage\" class=\"form-control\" required>\r\n                <label for=\"d\u00e9pannage\">D\u00e9pannage<\/label>\r\n            <\/div>\r\n            <div class=\"form-check\">\r\n                <input type=\"radio\" name=\"topic\" value=\"Entretien\" class=\"form-control\" required>\r\n                <label for=\"entretien\">Entretien<\/label>\r\n            <\/div>\r\n            <div class=\"form-check\">\r\n                <input type=\"radio\" name=\"topic\" value=\"R\u00e9novation\" class=\"form-control\" required>\r\n                <label for=\"r\u00e9novation\">R\u00e9novation<\/label>\r\n            <\/div>\r\n            <div class=\"form-check\">\r\n                <input type=\"radio\" name=\"topic\" value=\"Autre\" class=\"form-control\" required>\r\n                <label for=\"autre\">Autre<\/label>\r\n            <\/div>\r\n        <\/div>\r\n        <div class=\"form-group full-width\">\r\n            <label for=\"contact_message\">Message<\/label>\r\n            <textarea name=\"message\" rows=\"3\" class=\"form-control\"><\/textarea>\r\n        <\/div>\r\n    <\/div>\r\n    <div class=\"form-actions\">\r\n        <button class=\"wp-block-button__link has-accent-background-color\">Contacter<\/button>\r\n    <\/div>\r\n<\/form>\r\n<div class=\"form-feedback\"><\/div>    <\/div>\n<h2>Pourquoi choisir Artisanlocal ?<\/h2>\n<p>\u00c9valuation rapide de vos travaux : d\u00e8s que vous nous envoyez le formulaire, notre chauffagiste \u00e0 Oron-la-Ville prend contact avec vous dans la journ\u00e9e.<\/p>\n<p>Intervention chez vous le jour m\u00eame : notre chauffagiste Oronais se d\u00e9place chez vous le jour m\u00eame afin d&rsquo;estimer le co\u00fbt de vos travaux et v\u00e9rifier la viabilit\u00e9 de votre projet. Par la suite, vous obtenez une \u00e9valuation d\u00e9taill\u00e9e.<\/p>\n<p>Installation de votre chauffage en moins de 48 heures : d\u00e8s que le devis est valid\u00e9 avec notre technicien \u00e0 Oron-la-Ville. Nous fixerons la date de notre intervention avec vous.<\/p>\n<p>Entretien et d\u00e9pannage : si votre syst\u00e8me de chauffage, chauffe-eau ou chaudi\u00e8re pr\u00e9sente un dysfonctionnement. Notre soci\u00e9t\u00e9 est joignable pour intervenir \u00e0 Oron-la-Ville et dans les villes \u00e0 proximit\u00e9.<\/p>\n<h2>Pourquoi est-il important d&rsquo;entretenir votre syst\u00e8me de chauffage ?<\/h2>\n<p>Assurer le fonctionnement optimal de votre chauffage est important, si vous avez des enfants. Nos experts vous aident \u00e0 r\u00e9gler la bonne temp\u00e9rature et la concentration de monoxyde de carbone g\u00e9n\u00e9r\u00e9 par votre chauffage. Nos chauffagistes s&rsquo;occupent de la maintenance et l&rsquo;entretien de votre syst\u00e8me de chauffage, peu importe le type : basse temp\u00e9rature, fioul, condensation, \u00e9lectrique, gaz ou \u00e0 accumulation.<\/p>\n<h2>Pouvez-vous m&rsquo;aider \u00e0 distance ?<\/h2>\n<p>Oui, nous pouvons vous d\u00e9panner par t\u00e9l\u00e9phone. En nous expliquant votre probl\u00e8me par mail ou t\u00e9l\u00e9phone, nous identifierons la meilleure solution pour r\u00e9soudre votre probl\u00e8me de chauffage. Il faut garder \u00e0 l&rsquo;esprit que dans la plupart des cas, un expert doit intervenir chez vous pour d\u00e9celer et corriger votre probl\u00e8me de chauffage.<\/p>\n<h2>De quelle mani\u00e8re fonctionne Artisanlocal ?<\/h2>\n<ol>\n<li>Premier contact : il est n\u00e9cessaire de nous joindre par t\u00e9l\u00e9phone ou par mail.<\/li>\n<li>D\u00e9placement : un de nos chauffagistes intervient \u00e0 votre logement.<\/li>\n<li>\u00c9valuation : le chauffagiste \u00e9valuera l&rsquo;\u00e9tat actuel des choses dans le but de calculer la superficie, le volume de vos pi\u00e8ces et examiner l&rsquo;isolation de votre logement.<\/li>\n<li>Indication : nous vous guiderons pour choisir le meilleur syst\u00e8me de chauffage, en prenant compte de la rentabilit\u00e9 et le rendement que vous d\u00e9sirez avoir.<\/li>\n<li>Estimation : vous obtenez une estimation d\u00e9taill\u00e9e, vous pr\u00e9sentant les diff\u00e9rentes d\u00e9penses.<\/li>\n<li>Installation : apr\u00e8s avoir accept\u00e9 notre estimation et en fonction de votre agenda, nous posons votre syst\u00e8me de chauffage, et ajustons votre thermostat.<\/li>\n<\/ol>\n<h2>Quels sont les meilleurs types de chauffages pour votre propri\u00e9t\u00e9 ?<\/h2>\n<p>Notre expert chauffagiste vous guide pour s\u00e9lectionner la meilleure solution, il vous conseille parmi les chauffages existants, comme les syst\u00e8mes de chauffages : \u00e0 gaz, \u00e9lectriques, fioul, classiques, basses temp\u00e9ratures ou \u00e0 condensation.<\/p>\n<p>Les syst\u00e8mes de chauffages \u00e0 basse temp\u00e9rature ou \u00e0 condensation, malgr\u00e9 un prix d&rsquo;achat plus important, ils permettent de faire des \u00e9conomies \u00e0 long terme.<\/p>\n<p>De plus, avant la mise en place de votre chauffage, il convient de param\u00e9trer la bonne temp\u00e9rature selon votre logement et vos besoins. Ne vous inqui\u00e9tez pas, le chauffagiste qui se d\u00e9place chez vous a l&rsquo;expertise pour r\u00e9gler toutes vos probl\u00e9matiques. Dans le devis, vous retrouvez les d\u00e9tails de notre intervention, comme le prix de la main-d&rsquo;\u0153uvre et aussi des diff\u00e9rents \u00e9quipements.<\/p>\n<h2>Entretien de votre chauffage \u00e0 Oron-la-Ville<\/h2>\n<p>Assurez-vous de r\u00e9aliser l&rsquo;entretien de votre chauffage tous les ans, qu&rsquo;il soit au gaz ou au fioul. L&rsquo;entretien de votre chauffage permet de contr\u00f4ler le taux de monoxyde de carbone qui se lib\u00e8re. Pour rappel, dans le cas o\u00f9 votre chauffage produit beaucoup de monoxyde de carbone, \u00e7a peut entra\u00eener une intoxication. Le chauffagiste qui se rend chez vous r\u00e8gle et contr\u00f4le les \u00e9missions de monoxyde de carbone dans le but de vous \u00e9viter d\u2019avoir des potentiels soucis de sant\u00e9.<\/p>\n<h2>Contrat de maintenance pour votre chauffage \u00e0 Oron-la-Ville<\/h2>\n<p>Pour assurer le bon \u00e9tat de marche de votre chauffage, nous proposons des contrats de maintenance personnalis\u00e9s. Avec un entretien r\u00e9gulier, vous r\u00e9alisez des \u00e9conomies en \u00e9vitant les pannes et les d\u00e9pannages en urgence.<\/p>\n<p>Aussi, si vous avez un probl\u00e8me avec votre chauffage, votre assureur r\u00e9clame le contrat de maintenance dans le but de contr\u00f4ler l\u2019\u00e9tat de votre chauffage pr\u00e9alablement au sinistre. Notre entreprise offre des contrats d&rsquo;entretien annuels ou pluriannuels.<\/p>\n<h2>Pourquoi souscrire \u00e0 un contrat d&rsquo;entretien pour votre chauffage ?<\/h2>\n<p>Si vous avez des \u00e9l\u00e9ments d\u00e9fectueux, nous assurons le remplacement rapide. Par ailleurs, nous prenons l&rsquo;engagement d&rsquo;inspecter l&rsquo;int\u00e9gralit\u00e9 des \u00e9quipements de votre chauffage, tel que :<\/p>\n<ul>\n<li>La tension dans vos tuyaux,<\/li>\n<li>et r\u00e9alisons-le lavage de votre br\u00fbleur, des tuyaux de liaison et des \u00e9l\u00e9ments chauffants.<\/li>\n<\/ul>\n<h2>Quels sont les diff\u00e9rents services propos\u00e9s par votre soci\u00e9t\u00e9 ?<\/h2>\n<p>Nos chauffagistes se d\u00e9placent \u00e0 votre domicile, pour r\u00e9aliser :<\/p>\n<ul>\n<li>le d\u00e9sembouage et le d\u00e9tartrage de vos radiateurs,<\/li>\n<li>la purge d&rsquo;air,<\/li>\n<li>l\u2019entretien de votre chauffage, chaudi\u00e8re et chauffe-eau,<\/li>\n<li>l&rsquo;ajustement des thermostats,<\/li>\n<li>l&rsquo;entretien chaudi\u00e8res \u00e0 condensation, \u00e0 accumulation, \u00e0 gaz, \u00e0 fioul, \u00e9lectriques et basses temp\u00e9ratures,<\/li>\n<li>la r\u00e9paration de la vanne de vidange,<\/li>\n<li> la r\u00e9paration et le d\u00e9pannage sur tous types de probl\u00e8mes techniques : fuite de tuyauterie, radiateur qui ne marche plus, chaudi\u00e8re, etc.<\/li>\n<li>la pose de votre : radiateur \u00e9lectrique, pompe \u00e0 chaleur, plancher chauffant, chauffage, chaudi\u00e8re, etc.<\/li>\n<\/ul>\n<h2>Foire aux questions<\/h2>\n<h3>Pourquoi avoir recours \u00e0 un technicien chauffagiste Oronais ?<\/h3>\n<p>Augmenter la temp\u00e9rature de vos pi\u00e8ces : un chauffage efficace permet de conserver une temp\u00e9rature stable dans votre logement.<\/p>\n<p>Faire des \u00e9conomies : en investissant dans des \u00e9quipements de qualit\u00e9 sup\u00e9rieure, exemple le chauffage et l&rsquo;isolation, vous r\u00e9alisez des \u00e9conomies et limiter vos \u00e9missions carbones.<\/p>\n<p>Prot\u00e9ger la s\u00e9curit\u00e9 de vos installations : respecter les normes de s\u00fbret\u00e9 permet de maintenir un chauffage s\u00fbr et efficace (par exemple, pour diminuer les taux de monoxyde de carbone).<\/p>\n<p>\u00c9viter les difficult\u00e9s : un technicien est en mesure d&rsquo;anticiper les d\u00e9g\u00e2ts des eaux, juste en examinant votre installation.<\/p>\n<h3>Quels sont les \u00e9l\u00e9ments \u00e0 prendre en consid\u00e9ration pour s\u00e9lectionner le bon chauffagiste \u00e0 Oron-la-Ville ?<\/h3>\n<p>La qualification : contr\u00f4lez les comp\u00e9tences avant de choisir la soci\u00e9t\u00e9 de chauffage.<\/p>\n<p>Les cas clients : prenez le temps de consulter les avis des anciens clients ayant d\u00e9j\u00e0 travaill\u00e9 avec les entreprises.<\/p>\n<p>Les assurances : v\u00e9rifiez que l&rsquo;entreprise de chauffage b\u00e9n\u00e9ficie d&rsquo;une assurance qui couvre les possibles dommages caus\u00e9s lors de ses interventions.<\/p>\n<h3>Quelle est votre rapidit\u00e9 d&rsquo;action \u00e0 Oron-la-Ville ?<\/h3>\n<p>Nous op\u00e9rons \u00e0 votre domicile dans un d\u00e9lai de deux heures (pour les situations d&rsquo;urgence) autrement, nous pouvons op\u00e9rer dans la journ\u00e9e.<\/p>\n<h3>Votre entreprise est disponible pour intervenir \u00e0 Oron-la-Ville, mais \u00e9galement dans les localit\u00e9s aux alentours ?<\/h3>\n<p>Oui, nous op\u00e9rons \u00e0 Oron-la-Ville et dans les localit\u00e9s, comme : Peney-le-Jorat, Forel (Lavaux), Mollie-Margot, Savigny, Ferlens VD, Servion, Essertes, Les Cullayes, Montpreveyres, Corcelles-le-Jorat, M\u00e9zi\u00e8res VD, Carrouge VD, Vulliens, Ropraz, Les Tavernes, Les Thioleyres, Pal\u00e9zieux, Pal\u00e9zieux-Village, Oron-le-Ch\u00e2tel, Chapelle (Gl\u00e2ne), Bussigny-sur-Oron, Chesalles-sur-Oron, Ch\u00e2tillens, Vuibroye, Le Cr\u00eat-pr\u00e8s-Semsales, Ecoteaux, Maracon.<\/p>\n","protected":false},"excerpt":{"rendered":"<p>Besoin d&rsquo;un sp\u00e9cialiste du chauffage \u00e0 Oron-la-Ville ? Artisanlocal r\u00e9pare votre chaudi\u00e8re et effectue vos travaux de chauffage \u00e0 Oron-la-Ville. En optant de travailler avec notre entreprise, vous profitez : de tarif clair, de prestations de haut niveau, d&rsquo;assistance \u00e0 Oron-la-Ville et dans les alentours, des chauffagistes avec une solide exp\u00e9rience, de devis gratuits, de [&hellip;]<\/p>\n","protected":false},"author":4,"featured_media":2757,"parent":0,"menu_order":0,"comment_status":"closed","ping_status":"closed","template":"","meta":{"footnotes":""},"profession":[120],"location":[78],"canton":[113],"class_list":["post-650","page","type-page","status-publish","has-post-thumbnail","hentry","profession-chauffagiste","location-oron-la-ville","canton-vd"],"yoast_head":"<!-- This site is optimized with the Yoast SEO Premium plugin v25.7.1 (Yoast SEO v27.3) - https:\/\/yoast.com\/product\/yoast-seo-premium-wordpress\/ -->\n<title>Besoin d&#039;un d\u00e9pannage en urgence de votre chauffage \u00e0 Oron-la-Ville ? - Artisanlocal<\/title>\n<meta name=\"robots\" content=\"index, follow, max-snippet:-1, max-image-preview:large, max-video-preview:-1\" \/>\n<link rel=\"canonical\" href=\"https:\/\/www.artisanlocal.ch\/c\/besoin-dun-depannage-en-urgence-de-votre-chauffage-a-oron-la-ville\/\" \/>\n<meta property=\"og:locale\" content=\"fr_FR\" \/>\n<meta property=\"og:type\" content=\"article\" \/>\n<meta property=\"og:title\" content=\"Besoin d&#039;un d\u00e9pannage en urgence de votre chauffage \u00e0 Oron-la-Ville ?\" \/>\n<meta property=\"og:description\" content=\"Besoin d&rsquo;un sp\u00e9cialiste du chauffage \u00e0 Oron-la-Ville ? Artisanlocal r\u00e9pare votre chaudi\u00e8re et effectue vos travaux de chauffage \u00e0 Oron-la-Ville. En optant de travailler avec notre entreprise, vous profitez : de tarif clair, de prestations de haut niveau, d&rsquo;assistance \u00e0 Oron-la-Ville et dans les alentours, des chauffagistes avec une solide exp\u00e9rience, de devis gratuits, de [&hellip;]\" \/>\n<meta property=\"og:url\" content=\"https:\/\/www.artisanlocal.ch\/c\/besoin-dun-depannage-en-urgence-de-votre-chauffage-a-oron-la-ville\/\" \/>\n<meta property=\"og:site_name\" content=\"Artisanlocal\" \/>\n<meta property=\"article:modified_time\" content=\"2025-08-26T23:32:38+00:00\" \/>\n<meta property=\"og:image\" content=\"https:\/\/www.artisanlocal.ch\/c\/wp-content\/uploads\/2024\/10\/chauffagiste.jpg\" \/>\n\t<meta property=\"og:image:width\" content=\"1920\" \/>\n\t<meta property=\"og:image:height\" content=\"300\" \/>\n\t<meta property=\"og:image:type\" content=\"image\/jpeg\" \/>\n<meta name=\"twitter:card\" content=\"summary_large_image\" \/>\n<meta name=\"twitter:label1\" content=\"Dur\u00e9e de lecture estim\u00e9e\" \/>\n\t<meta name=\"twitter:data1\" content=\"6 minutes\" \/>\n<script type=\"application\/ld+json\" class=\"yoast-schema-graph\">{\"@context\":\"https:\\\/\\\/schema.org\",\"@graph\":[{\"@type\":\"WebPage\",\"@id\":\"https:\\\/\\\/www.artisanlocal.ch\\\/c\\\/besoin-dun-depannage-en-urgence-de-votre-chauffage-a-oron-la-ville\\\/\",\"url\":\"https:\\\/\\\/www.artisanlocal.ch\\\/c\\\/besoin-dun-depannage-en-urgence-de-votre-chauffage-a-oron-la-ville\\\/\",\"name\":\"Besoin d'un d\u00e9pannage en urgence de votre chauffage \u00e0 Oron-la-Ville ? - Artisanlocal\",\"isPartOf\":{\"@id\":\"https:\\\/\\\/www.artisanlocal.ch\\\/c\\\/#website\"},\"primaryImageOfPage\":{\"@id\":\"https:\\\/\\\/www.artisanlocal.ch\\\/c\\\/besoin-dun-depannage-en-urgence-de-votre-chauffage-a-oron-la-ville\\\/#primaryimage\"},\"image\":{\"@id\":\"https:\\\/\\\/www.artisanlocal.ch\\\/c\\\/besoin-dun-depannage-en-urgence-de-votre-chauffage-a-oron-la-ville\\\/#primaryimage\"},\"thumbnailUrl\":\"https:\\\/\\\/www.artisanlocal.ch\\\/c\\\/wp-content\\\/uploads\\\/2024\\\/10\\\/chauffagiste.jpg\",\"datePublished\":\"2024-04-18T08:22:23+00:00\",\"dateModified\":\"2025-08-26T23:32:38+00:00\",\"breadcrumb\":{\"@id\":\"https:\\\/\\\/www.artisanlocal.ch\\\/c\\\/besoin-dun-depannage-en-urgence-de-votre-chauffage-a-oron-la-ville\\\/#breadcrumb\"},\"inLanguage\":\"fr-FR\",\"potentialAction\":[{\"@type\":\"ReadAction\",\"target\":[\"https:\\\/\\\/www.artisanlocal.ch\\\/c\\\/besoin-dun-depannage-en-urgence-de-votre-chauffage-a-oron-la-ville\\\/\"]}]},{\"@type\":\"ImageObject\",\"inLanguage\":\"fr-FR\",\"@id\":\"https:\\\/\\\/www.artisanlocal.ch\\\/c\\\/besoin-dun-depannage-en-urgence-de-votre-chauffage-a-oron-la-ville\\\/#primaryimage\",\"url\":\"https:\\\/\\\/www.artisanlocal.ch\\\/c\\\/wp-content\\\/uploads\\\/2024\\\/10\\\/chauffagiste.jpg\",\"contentUrl\":\"https:\\\/\\\/www.artisanlocal.ch\\\/c\\\/wp-content\\\/uploads\\\/2024\\\/10\\\/chauffagiste.jpg\",\"width\":1920,\"height\":300},{\"@type\":\"BreadcrumbList\",\"@id\":\"https:\\\/\\\/www.artisanlocal.ch\\\/c\\\/besoin-dun-depannage-en-urgence-de-votre-chauffage-a-oron-la-ville\\\/#breadcrumb\",\"itemListElement\":[{\"@type\":\"ListItem\",\"position\":1,\"name\":\"Accueil\",\"item\":\"https:\\\/\\\/www.artisanlocal.ch\\\/c\\\/\"},{\"@type\":\"ListItem\",\"position\":2,\"name\":\"Besoin d&rsquo;un d\u00e9pannage en urgence de votre chauffage \u00e0 Oron-la-Ville ?\"}]},{\"@type\":\"WebSite\",\"@id\":\"https:\\\/\\\/www.artisanlocal.ch\\\/c\\\/#website\",\"url\":\"https:\\\/\\\/www.artisanlocal.ch\\\/c\\\/\",\"name\":\"Artisanlocal\",\"description\":\"\",\"publisher\":{\"@id\":\"https:\\\/\\\/www.artisanlocal.ch\\\/c\\\/#organization\"},\"potentialAction\":[{\"@type\":\"SearchAction\",\"target\":{\"@type\":\"EntryPoint\",\"urlTemplate\":\"https:\\\/\\\/www.artisanlocal.ch\\\/c\\\/?s={search_term_string}\"},\"query-input\":{\"@type\":\"PropertyValueSpecification\",\"valueRequired\":true,\"valueName\":\"search_term_string\"}}],\"inLanguage\":\"fr-FR\"},{\"@type\":\"Organization\",\"@id\":\"https:\\\/\\\/www.artisanlocal.ch\\\/c\\\/#organization\",\"name\":\"Artisanlocal\",\"url\":\"https:\\\/\\\/www.artisanlocal.ch\\\/c\\\/\",\"logo\":{\"@type\":\"ImageObject\",\"inLanguage\":\"fr-FR\",\"@id\":\"https:\\\/\\\/www.artisanlocal.ch\\\/c\\\/#\\\/schema\\\/logo\\\/image\\\/\",\"url\":\"https:\\\/\\\/www.artisanlocal.ch\\\/c\\\/wp-content\\\/uploads\\\/2024\\\/02\\\/logo-artisanlocal-h.svg\",\"contentUrl\":\"https:\\\/\\\/www.artisanlocal.ch\\\/c\\\/wp-content\\\/uploads\\\/2024\\\/02\\\/logo-artisanlocal-h.svg\",\"caption\":\"Artisanlocal\"},\"image\":{\"@id\":\"https:\\\/\\\/www.artisanlocal.ch\\\/c\\\/#\\\/schema\\\/logo\\\/image\\\/\"}}]}<\/script>\n<!-- \/ Yoast SEO Premium plugin. -->","yoast_head_json":{"title":"Besoin d'un d\u00e9pannage en urgence de votre chauffage \u00e0 Oron-la-Ville ? - Artisanlocal","robots":{"index":"index","follow":"follow","max-snippet":"max-snippet:-1","max-image-preview":"max-image-preview:large","max-video-preview":"max-video-preview:-1"},"canonical":"https:\/\/www.artisanlocal.ch\/c\/besoin-dun-depannage-en-urgence-de-votre-chauffage-a-oron-la-ville\/","og_locale":"fr_FR","og_type":"article","og_title":"Besoin d'un d\u00e9pannage en urgence de votre chauffage \u00e0 Oron-la-Ville ?","og_description":"Besoin d&rsquo;un sp\u00e9cialiste du chauffage \u00e0 Oron-la-Ville ? Artisanlocal r\u00e9pare votre chaudi\u00e8re et effectue vos travaux de chauffage \u00e0 Oron-la-Ville. En optant de travailler avec notre entreprise, vous profitez : de tarif clair, de prestations de haut niveau, d&rsquo;assistance \u00e0 Oron-la-Ville et dans les alentours, des chauffagistes avec une solide exp\u00e9rience, de devis gratuits, de [&hellip;]","og_url":"https:\/\/www.artisanlocal.ch\/c\/besoin-dun-depannage-en-urgence-de-votre-chauffage-a-oron-la-ville\/","og_site_name":"Artisanlocal","article_modified_time":"2025-08-26T23:32:38+00:00","og_image":[{"width":1920,"height":300,"url":"https:\/\/www.artisanlocal.ch\/c\/wp-content\/uploads\/2024\/10\/chauffagiste.jpg","type":"image\/jpeg"}],"twitter_card":"summary_large_image","twitter_misc":{"Dur\u00e9e de lecture estim\u00e9e":"6 minutes"},"schema":{"@context":"https:\/\/schema.org","@graph":[{"@type":"WebPage","@id":"https:\/\/www.artisanlocal.ch\/c\/besoin-dun-depannage-en-urgence-de-votre-chauffage-a-oron-la-ville\/","url":"https:\/\/www.artisanlocal.ch\/c\/besoin-dun-depannage-en-urgence-de-votre-chauffage-a-oron-la-ville\/","name":"Besoin d'un d\u00e9pannage en urgence de votre chauffage \u00e0 Oron-la-Ville ? - Artisanlocal","isPartOf":{"@id":"https:\/\/www.artisanlocal.ch\/c\/#website"},"primaryImageOfPage":{"@id":"https:\/\/www.artisanlocal.ch\/c\/besoin-dun-depannage-en-urgence-de-votre-chauffage-a-oron-la-ville\/#primaryimage"},"image":{"@id":"https:\/\/www.artisanlocal.ch\/c\/besoin-dun-depannage-en-urgence-de-votre-chauffage-a-oron-la-ville\/#primaryimage"},"thumbnailUrl":"https:\/\/www.artisanlocal.ch\/c\/wp-content\/uploads\/2024\/10\/chauffagiste.jpg","datePublished":"2024-04-18T08:22:23+00:00","dateModified":"2025-08-26T23:32:38+00:00","breadcrumb":{"@id":"https:\/\/www.artisanlocal.ch\/c\/besoin-dun-depannage-en-urgence-de-votre-chauffage-a-oron-la-ville\/#breadcrumb"},"inLanguage":"fr-FR","potentialAction":[{"@type":"ReadAction","target":["https:\/\/www.artisanlocal.ch\/c\/besoin-dun-depannage-en-urgence-de-votre-chauffage-a-oron-la-ville\/"]}]},{"@type":"ImageObject","inLanguage":"fr-FR","@id":"https:\/\/www.artisanlocal.ch\/c\/besoin-dun-depannage-en-urgence-de-votre-chauffage-a-oron-la-ville\/#primaryimage","url":"https:\/\/www.artisanlocal.ch\/c\/wp-content\/uploads\/2024\/10\/chauffagiste.jpg","contentUrl":"https:\/\/www.artisanlocal.ch\/c\/wp-content\/uploads\/2024\/10\/chauffagiste.jpg","width":1920,"height":300},{"@type":"BreadcrumbList","@id":"https:\/\/www.artisanlocal.ch\/c\/besoin-dun-depannage-en-urgence-de-votre-chauffage-a-oron-la-ville\/#breadcrumb","itemListElement":[{"@type":"ListItem","position":1,"name":"Accueil","item":"https:\/\/www.artisanlocal.ch\/c\/"},{"@type":"ListItem","position":2,"name":"Besoin d&rsquo;un d\u00e9pannage en urgence de votre chauffage \u00e0 Oron-la-Ville ?"}]},{"@type":"WebSite","@id":"https:\/\/www.artisanlocal.ch\/c\/#website","url":"https:\/\/www.artisanlocal.ch\/c\/","name":"Artisanlocal","description":"","publisher":{"@id":"https:\/\/www.artisanlocal.ch\/c\/#organization"},"potentialAction":[{"@type":"SearchAction","target":{"@type":"EntryPoint","urlTemplate":"https:\/\/www.artisanlocal.ch\/c\/?s={search_term_string}"},"query-input":{"@type":"PropertyValueSpecification","valueRequired":true,"valueName":"search_term_string"}}],"inLanguage":"fr-FR"},{"@type":"Organization","@id":"https:\/\/www.artisanlocal.ch\/c\/#organization","name":"Artisanlocal","url":"https:\/\/www.artisanlocal.ch\/c\/","logo":{"@type":"ImageObject","inLanguage":"fr-FR","@id":"https:\/\/www.artisanlocal.ch\/c\/#\/schema\/logo\/image\/","url":"https:\/\/www.artisanlocal.ch\/c\/wp-content\/uploads\/2024\/02\/logo-artisanlocal-h.svg","contentUrl":"https:\/\/www.artisanlocal.ch\/c\/wp-content\/uploads\/2024\/02\/logo-artisanlocal-h.svg","caption":"Artisanlocal"},"image":{"@id":"https:\/\/www.artisanlocal.ch\/c\/#\/schema\/logo\/image\/"}}]}},"_links":{"self":[{"href":"https:\/\/www.artisanlocal.ch\/c\/wp-json\/wp\/v2\/pages\/650","targetHints":{"allow":["GET"]}}],"collection":[{"href":"https:\/\/www.artisanlocal.ch\/c\/wp-json\/wp\/v2\/pages"}],"about":[{"href":"https:\/\/www.artisanlocal.ch\/c\/wp-json\/wp\/v2\/types\/page"}],"author":[{"embeddable":true,"href":"https:\/\/www.artisanlocal.ch\/c\/wp-json\/wp\/v2\/users\/4"}],"replies":[{"embeddable":true,"href":"https:\/\/www.artisanlocal.ch\/c\/wp-json\/wp\/v2\/comments?post=650"}],"version-history":[{"count":0,"href":"https:\/\/www.artisanlocal.ch\/c\/wp-json\/wp\/v2\/pages\/650\/revisions"}],"wp:featuredmedia":[{"embeddable":true,"href":"https:\/\/www.artisanlocal.ch\/c\/wp-json\/wp\/v2\/media\/2757"}],"wp:attachment":[{"href":"https:\/\/www.artisanlocal.ch\/c\/wp-json\/wp\/v2\/media?parent=650"}],"wp:term":[{"taxonomy":"profession","embeddable":true,"href":"https:\/\/www.artisanlocal.ch\/c\/wp-json\/wp\/v2\/profession?post=650"},{"taxonomy":"location","embeddable":true,"href":"https:\/\/www.artisanlocal.ch\/c\/wp-json\/wp\/v2\/location?post=650"},{"taxonomy":"canton","embeddable":true,"href":"https:\/\/www.artisanlocal.ch\/c\/wp-json\/wp\/v2\/canton?post=650"}],"curies":[{"name":"wp","href":"https:\/\/api.w.org\/{rel}","templated":true}]}}