{"id":651,"date":"2024-04-18T11:16:13","date_gmt":"2024-04-18T09:16:13","guid":{"rendered":"https:\/\/www.artisanlocal.ch\/c\/depannage-urgence-chauffagiste-a-rolle\/"},"modified":"2025-11-13T10:03:58","modified_gmt":"2025-11-13T09:03:58","slug":"depannage-urgence-chauffagiste-a-rolle","status":"publish","type":"page","link":"https:\/\/www.artisanlocal.ch\/c\/depannage-urgence-chauffagiste-a-rolle\/","title":{"rendered":"Chauffagiste \u00e0 Rolle"},"content":{"rendered":"<p>Besoin d&rsquo;un chauffagiste \u00e0 Rolle ? Artisanlocal r\u00e9pare et installe votre chauffage \u00e0 Rolle et dans les villes proches. En choisissant de travailler avec nous, vous profitez :<\/p>\n<ul>\n<li>d&rsquo;un tarif comp\u00e9titif,<\/li>\n<li>de services premium,<\/li>\n<li>d&rsquo;une intervention rapide \u00e0 Rolle et dans ses alentours,<\/li>\n<li>d&rsquo;une \u00e9quipe exp\u00e9riment\u00e9e,<\/li>\n<li>d&rsquo;un devis gratuit,<\/li>\n<li>de techniciens accessibles du lundi au samedi.<\/li>\n<\/ul>\n\r\n<div class=\"box\">\r\n            <div class=\"company-info\">\r\n            <img decoding=\"async\" class=\"company-info__logo\" src=\"https:\/\/www.artisanlocal.ch\/media\/cache\/thumb\/images\/companies\/61f01401bba41027123178.png\" alt=\"Logo\">\r\n            <h2 class=\"company-info__name\">Sanimmo Nika SA<\/h2>\r\n            <p class=\"company-info__business\">Sanitaire - Chauffage - Carrelage<\/p>\r\n        <\/div>\r\n        <div class=\"company-contact\">\r\n            <p class=\"company-info__address\">Route du Vignoble 26<\/p>\r\n                            <div class=\"links\">\r\n                                            <a class=\"btn has-accent-background-color js-phoneNumber\" href=\"tel:0218070608\" title=\"Appelez\" data-id=\"879\" data-type=\"11\">021 807 06 08<\/a>\r\n                                                                <a class=\"btn has-accent-background-color\" href=\"http:\/\/www.sanimmonika-sanitaire-chauffage.ch\" target=\"_blank\" title=\"Voir le site internet\" data-id=\"879\" data-type=\"20\">Site internet<\/a>\r\n                                    <\/div>\r\n                    <\/div>\r\n    \r\n            \r\n<form action=\"https:\/\/www.artisanlocal.ch\/c\/wp-admin\/admin-ajax.php\" method=\"post\" class=\"form-contact\" id=\"artisan_form_contact_company_inline\">\r\n    <div><input type=\"hidden\" name=\"action\" value=\"company_contact\"><\/div>\r\n    <div><input type=\"hidden\" name=\"nonce\" value=\"71c831c7eb\"><\/div>\r\n    <div><input type=\"hidden\" name=\"company_id\" value=\"879\"><\/div>\r\n    <div><input type=\"hidden\" name=\"form_id\" value=\"artisan_form_contact_company_inline\"><\/div>\r\n    <div class=\"gglcptch gglcptch_v3 gglcptch_custom\"><input type=\"hidden\" id=\"g-recaptcha-response\" name=\"g-recaptcha-response\" \/><br \/><div class=\"gglcptch_error_text\">La p\u00e9riode de v\u00e9rification reCAPTCHA a expir\u00e9. Veuillez recharger la page.<\/div><\/div>    <div class=\"form-content\">\r\n        <div class=\"form-group\">\r\n            <label for=\"contact_firstName\" class=\"required\">Pr\u00e9nom<\/label>\r\n            <input type=\"text\" name=\"firstName\" class=\"form-control\" required>\r\n        <\/div>\r\n        <div class=\"form-group\">\r\n            <label for=\"contact_lastName\" class=\"required\">Nom<\/label>\r\n            <input type=\"text\" name=\"lastName\" class=\"form-control\" required>\r\n        <\/div>\r\n        <div class=\"form-group\">\r\n            <label for=\"contact_email\" class=\"required\">Email<\/label>\r\n            <input type=\"email\" name=\"email\" class=\"form-control\" required>\r\n        <\/div>\r\n        <div class=\"form-group\">\r\n            <label for=\"contact_phone\" class=\"required\">Num\u00e9ro de t\u00e9l\u00e9phone<\/label>\r\n            <input type=\"tel\" name=\"phone\" class=\"form-control\" placeholder=\"0787117165\" pattern=\"^[0-9]{10}$\" required>\r\n        <\/div>\r\n        <div class=\"form-group\">\r\n            <label for=\"contact_postalCode\" class=\"required\">Code postal et localit\u00e9<\/label>\r\n            <input type=\"text\" name=\"postalCode\" class=\"form-control\" required>\r\n        <\/div>\r\n        <div class=\"form-group\">\r\n            <label for=\"contact_address\" class=\"required\">Adresse<\/label>\r\n            <input type=\"text\" name=\"address\" class=\"form-control\" required>\r\n        <\/div>\r\n        <div class=\"full-width topic\">\r\n            <p class=\"required\">Je souhaite \u00eatre contact\u00e9 pour :<\/p>\r\n            <div class=\"form-check\">\r\n                <input type=\"radio\" name=\"topic\" value=\"D\u00e9pannage\" class=\"form-control\" required>\r\n                <label for=\"d\u00e9pannage\">D\u00e9pannage<\/label>\r\n            <\/div>\r\n            <div class=\"form-check\">\r\n                <input type=\"radio\" name=\"topic\" value=\"Entretien\" class=\"form-control\" required>\r\n                <label for=\"entretien\">Entretien<\/label>\r\n            <\/div>\r\n            <div class=\"form-check\">\r\n                <input type=\"radio\" name=\"topic\" value=\"R\u00e9novation\" class=\"form-control\" required>\r\n                <label for=\"r\u00e9novation\">R\u00e9novation<\/label>\r\n            <\/div>\r\n            <div class=\"form-check\">\r\n                <input type=\"radio\" name=\"topic\" value=\"Autre\" class=\"form-control\" required>\r\n                <label for=\"autre\">Autre<\/label>\r\n            <\/div>\r\n        <\/div>\r\n        <div class=\"form-group full-width\">\r\n            <label for=\"contact_message\">Message<\/label>\r\n            <textarea name=\"message\" rows=\"3\" class=\"form-control\"><\/textarea>\r\n        <\/div>\r\n    <\/div>\r\n    <div class=\"form-actions\">\r\n        <button class=\"wp-block-button__link has-accent-background-color\">Contacter<\/button>\r\n    <\/div>\r\n<\/form>\r\n<div class=\"form-feedback\"><\/div>    <\/div>\n<h2>Pourquoi travailler avec Artisanlocal ?<\/h2>\n<ul>\n<li>Nos devis sont gratuits.<\/li>\n<li>Nos tarifs sont comp\u00e9titifs.<\/li>\n<li>Des techniciens disponibles du lundi au samedi.<\/li>\n<li>D\u00e9pannage et entretien en urgence \u00e0 Rolle et dans les villes proches.<\/li>\n<\/ul>\n<h2>Pourquoi entretenir votre chauffage ?<\/h2>\n<p>Entretenir votre chauffage est essentiel, surtout, si vous avez des enfants. Nos chauffagistes vous aident \u00e0 param\u00e9trer la temp\u00e9rature optimale et la concentration de monoxyde de carbone cr\u00e9e par votre chauffage. Peu importe le type de votre chauffage, nos techniciens garantissent la maintenance et l&rsquo;entretien, des chauffages : basse temp\u00e9rature, fioul, gaz, condensation, \u00e9lectrique ou \u00e0 accumulation.<\/p>\n<h2>Est-il possible qu&rsquo;Artisanlocal m&rsquo;aide \u00e0 distance ?<\/h2>\n<p>Oui, Artisanlocal peut vous assister \u00e0 distance. En nous expliquant votre probl\u00e8me par mail ou t\u00e9l\u00e9phone, nous identifierons la meilleure solution pour r\u00e9gler votre probl\u00e8me. Il faut garder \u00e0 l&rsquo;esprit que dans la majorit\u00e9 des situations, un chauffagiste doit se d\u00e9placer chez vous pour trouver et r\u00e9parer le probl\u00e8me.<\/p>\n<h2>Comment fonctionne Artisanlocal ?<\/h2>\n<ol>\n<li>Premi\u00e8re prise de contact : il est n\u00e9cessaire de prendre contact avec nous par t\u00e9l\u00e9phone ou par message.<\/li>\n<li>D\u00e9placement : un technicien se d\u00e9place chez vous.<\/li>\n<li>\u00c9valuation : le chauffagiste estimera votre projet\/probl\u00e8me en fonction de la superficie, le volume des pi\u00e8ces et l&rsquo;isolation de votre logement.<\/li>\n<li>Conseil : nous vous aiderons pour choisir le meilleur chauffage, nous prenons en compte la rentabilit\u00e9 et le rendement que vous d\u00e9sirez obtenir.<\/li>\n<li>Devis : nous vous proposons ensuite un devis gratuit et d\u00e9taill\u00e9.<\/li>\n<li>Pose\/r\u00e9paration : une fois que vous avec accept\u00e9 le devis et en fonction de votre agenda, nous installons\/r\u00e9parons votre chauffage, et ajustons votre thermostat.<\/li>\n<\/ol>\n<h2>Quel chauffage est le plus adapt\u00e9 pour votre r\u00e9sidence ?<\/h2>\n<p>Le technicien qui se d\u00e9place \u00e0 votre domicile, vous conseille pour choisir le syst\u00e8me de chauffage le plus adapt\u00e9, il peut vous proposer par exemple un chauffage : \u00e0 condensation, \u00e9lectriques, \u00e0 gaz, classiques, fioul ou encore basses temp\u00e9ratures.<\/p>\n<p>Les \u00e9quipements de chauffages \u00e0 basse temp\u00e9rature ou \u00e0 condensation, malgr\u00e9 un co\u00fbt plus important, offrent la capacit\u00e9 de faire des \u00e9conomies \u00e0 long terme.<\/p>\n<h2>Service d&rsquo;assistance pour votre chauffage \u00e0 Rolle<\/h2>\n<p>Veillez \u00e0 faire la maintenance de votre chauffage chaque ann\u00e9e, qu&rsquo;il soit au gaz ou au fioul. Faire appel \u00e0 un chauffagiste permet de contr\u00f4ler facilement et de mani\u00e8re faible les taux de monoxyde de carbone. \u00c0 noter, si votre chauffage produit trop de monoxyde de carbone, il est possible d&rsquo;intoxiquer les membres de votre foyer.<\/p>\n<h2>Contrat de maintenance pour votre chauffage \u00e0 Rolle<\/h2>\n<p>Nous proposons des contrats de maintenance (pluriannuels ou annuels) pour votre chauffage dans le but d&rsquo;en assurer le bon fonctionnement tout au long de l&rsquo;ann\u00e9e. En r\u00e9alisant un entretien r\u00e9gulier, vous \u00e9vitez les d\u00e9pannages en urgence et r\u00e9alisez des \u00e9conomies sur le long terme.<\/p>\n<p>Par ailleurs, si vous avez un sinistre, votre assureur vous demande le contrat d&rsquo;entretien afin de v\u00e9rifier l&rsquo;\u00e9tat de votre chauffage avant l&rsquo;accident.<\/p>\n<h2>Pourquoi signer un forfait d&rsquo;entretien pour votre chauffage ?<\/h2>\n<p>Si vous avez des \u00e9l\u00e9ments d\u00e9fectueux, nous garantissons le remplacement imm\u00e9diat. D&rsquo;autre part, nous prenons l&rsquo;engagement d&rsquo;inspecter l&rsquo;ensemble des \u00e9quipements de votre chauffage, comme :<\/p>\n<ul>\n<li>Les pressions de vos conduits,<\/li>\n<li>l&rsquo;\u00e9tat de votre br\u00fbleur, des conduits de liaison et des diff\u00e9rents \u00e9l\u00e9ments chauffants.<\/li>\n<\/ul>\n<h2>Quels services offre votre entreprise ?<\/h2>\n<ul>\n<li>Le d\u00e9sembouage et le d\u00e9tartrage de vos radiateurs,<\/li>\n<li>la purge de vos radiateurs,<\/li>\n<li>la maintenance de votre chauffe-eau et de votre chaudi\u00e8re,<\/li>\n<li>le param\u00e9trage de votre thermostat,<\/li>\n<li>la maintenance chaudi\u00e8res \u00e0 condensation, \u00e0 accumulation, \u00e0 gaz, \u00e0 fioul, \u00e9lectriques et basses temp\u00e9ratures,<\/li>\n<li>la r\u00e9paration de la vanne de vidange,<\/li>\n<li>la r\u00e9paration de : votre chaudi\u00e8re, radiateur qui ne chauffe plus, fuite de canalisation.<\/li>\n<li>l&rsquo;installation de : chauffage, chaudi\u00e8re, pompe \u00e0 chaleur, radiateur \u00e9lectrique, plancher chauffant, etc.<\/li>\n<\/ul>\n<h2>FAQ<\/h2>\n<h3>Pourquoi engager un chauffagiste Rollois ?<\/h3>\n<ul>\n<li>Maintenir la temp\u00e9rature ambiante de votre int\u00e9rieur.<\/li>\n<li>R\u00e9aliser des \u00e9conomies sur le long terme et limiter vos \u00e9missions de CO2.<\/li>\n<li>Renforcer la s\u00e9curit\u00e9 de vos installations.<\/li>\n<li>Anticiper les futures pannes.<\/li>\n<\/ul>\n<h3>Comment choisir le meilleur technicien chauffagiste \u00e0 Rolle ?<\/h3>\n<ul>\n<li>Les comp\u00e9tences : contr\u00f4lez les certifications d\u00e9montrant que l\u2019entreprise \u00e0 une exp\u00e9rience dans son domaine.<\/li>\n<li>Les r\u00e9f\u00e9rences : prenez le temps de consulter les avis des clients ayant d\u00e9j\u00e0 travaill\u00e9 avec les soci\u00e9t\u00e9s.<\/li>\n<li>Les garanties : contr\u00f4lez que les experts sont assur\u00e9s en cas de dommages.<\/li>\n<\/ul>\n<h3>Quels sont vos d\u00e9lais d&rsquo;interventions ?<\/h3>\n<p>Si vous avez un probl\u00e8me qui demande une intervention en urgence, nous pouvons intervenir sous 48 heures.<\/p>\n<h3>Votre soci\u00e9t\u00e9 intervient \u00e0 Rolle, mais aussi dans les villes aux alentours ?<\/h3>\n<p>Oui, nous intervenons \u00e0 Rolle et dans les villes proches, comme : Tartegnin, Gilly, Bursins, Luins, Vinzel, Mont-sur-Rolle, Essertines-sur-Rolle, St-Oyens, Gimel, St-George, Bursinel, Dully, Longirod, Marchissy, Burtigny.<\/p>\n","protected":false},"excerpt":{"rendered":"<p>Besoin d&rsquo;un chauffagiste \u00e0 Rolle ? Artisanlocal r\u00e9pare et installe votre chauffage \u00e0 Rolle et dans les villes proches. En choisissant de travailler avec nous, vous profitez : d&rsquo;un tarif comp\u00e9titif, de services premium, d&rsquo;une intervention rapide \u00e0 Rolle et dans ses alentours, d&rsquo;une \u00e9quipe exp\u00e9riment\u00e9e, d&rsquo;un devis gratuit, de techniciens accessibles du lundi au [&hellip;]<\/p>\n","protected":false},"author":4,"featured_media":2757,"parent":0,"menu_order":0,"comment_status":"closed","ping_status":"closed","template":"","meta":{"footnotes":""},"profession":[120],"location":[70],"canton":[113],"class_list":["post-651","page","type-page","status-publish","has-post-thumbnail","hentry","profession-chauffagiste","location-rolle","canton-vd"],"yoast_head":"<!-- This site is optimized with the Yoast SEO Premium plugin v25.7.1 (Yoast SEO v27.4) - https:\/\/yoast.com\/product\/yoast-seo-premium-wordpress\/ -->\n<title>Chauffagiste \u00e0 Rolle - Artisanlocal<\/title>\n<meta name=\"robots\" content=\"index, follow, max-snippet:-1, max-image-preview:large, max-video-preview:-1\" \/>\n<link rel=\"canonical\" href=\"https:\/\/www.artisanlocal.ch\/c\/depannage-urgence-chauffagiste-a-rolle\/\" \/>\n<meta property=\"og:locale\" content=\"fr_FR\" \/>\n<meta property=\"og:type\" content=\"article\" \/>\n<meta property=\"og:title\" content=\"Chauffagiste \u00e0 Rolle\" \/>\n<meta property=\"og:description\" content=\"Besoin d&rsquo;un chauffagiste \u00e0 Rolle ? Artisanlocal r\u00e9pare et installe votre chauffage \u00e0 Rolle et dans les villes proches. En choisissant de travailler avec nous, vous profitez : d&rsquo;un tarif comp\u00e9titif, de services premium, d&rsquo;une intervention rapide \u00e0 Rolle et dans ses alentours, d&rsquo;une \u00e9quipe exp\u00e9riment\u00e9e, d&rsquo;un devis gratuit, de techniciens accessibles du lundi au [&hellip;]\" \/>\n<meta property=\"og:url\" content=\"https:\/\/www.artisanlocal.ch\/c\/depannage-urgence-chauffagiste-a-rolle\/\" \/>\n<meta property=\"og:site_name\" content=\"Artisanlocal\" \/>\n<meta property=\"article:modified_time\" content=\"2025-11-13T09:03:58+00:00\" \/>\n<meta property=\"og:image\" content=\"https:\/\/www.artisanlocal.ch\/c\/wp-content\/uploads\/2024\/10\/chauffagiste.jpg\" \/>\n\t<meta property=\"og:image:width\" content=\"1920\" \/>\n\t<meta property=\"og:image:height\" content=\"300\" \/>\n\t<meta property=\"og:image:type\" content=\"image\/jpeg\" \/>\n<meta name=\"twitter:card\" content=\"summary_large_image\" \/>\n<meta name=\"twitter:label1\" content=\"Dur\u00e9e de lecture estim\u00e9e\" \/>\n\t<meta name=\"twitter:data1\" content=\"5 minutes\" \/>\n<script type=\"application\/ld+json\" class=\"yoast-schema-graph\">{\"@context\":\"https:\\\/\\\/schema.org\",\"@graph\":[{\"@type\":\"WebPage\",\"@id\":\"https:\\\/\\\/www.artisanlocal.ch\\\/c\\\/depannage-urgence-chauffagiste-a-rolle\\\/\",\"url\":\"https:\\\/\\\/www.artisanlocal.ch\\\/c\\\/depannage-urgence-chauffagiste-a-rolle\\\/\",\"name\":\"Chauffagiste \u00e0 Rolle - Artisanlocal\",\"isPartOf\":{\"@id\":\"https:\\\/\\\/www.artisanlocal.ch\\\/c\\\/#website\"},\"primaryImageOfPage\":{\"@id\":\"https:\\\/\\\/www.artisanlocal.ch\\\/c\\\/depannage-urgence-chauffagiste-a-rolle\\\/#primaryimage\"},\"image\":{\"@id\":\"https:\\\/\\\/www.artisanlocal.ch\\\/c\\\/depannage-urgence-chauffagiste-a-rolle\\\/#primaryimage\"},\"thumbnailUrl\":\"https:\\\/\\\/www.artisanlocal.ch\\\/c\\\/wp-content\\\/uploads\\\/2024\\\/10\\\/chauffagiste.jpg\",\"datePublished\":\"2024-04-18T09:16:13+00:00\",\"dateModified\":\"2025-11-13T09:03:58+00:00\",\"breadcrumb\":{\"@id\":\"https:\\\/\\\/www.artisanlocal.ch\\\/c\\\/depannage-urgence-chauffagiste-a-rolle\\\/#breadcrumb\"},\"inLanguage\":\"fr-FR\",\"potentialAction\":[{\"@type\":\"ReadAction\",\"target\":[\"https:\\\/\\\/www.artisanlocal.ch\\\/c\\\/depannage-urgence-chauffagiste-a-rolle\\\/\"]}]},{\"@type\":\"ImageObject\",\"inLanguage\":\"fr-FR\",\"@id\":\"https:\\\/\\\/www.artisanlocal.ch\\\/c\\\/depannage-urgence-chauffagiste-a-rolle\\\/#primaryimage\",\"url\":\"https:\\\/\\\/www.artisanlocal.ch\\\/c\\\/wp-content\\\/uploads\\\/2024\\\/10\\\/chauffagiste.jpg\",\"contentUrl\":\"https:\\\/\\\/www.artisanlocal.ch\\\/c\\\/wp-content\\\/uploads\\\/2024\\\/10\\\/chauffagiste.jpg\",\"width\":1920,\"height\":300},{\"@type\":\"BreadcrumbList\",\"@id\":\"https:\\\/\\\/www.artisanlocal.ch\\\/c\\\/depannage-urgence-chauffagiste-a-rolle\\\/#breadcrumb\",\"itemListElement\":[{\"@type\":\"ListItem\",\"position\":1,\"name\":\"Accueil\",\"item\":\"https:\\\/\\\/www.artisanlocal.ch\\\/c\\\/\"},{\"@type\":\"ListItem\",\"position\":2,\"name\":\"Chauffagiste \u00e0 Rolle\"}]},{\"@type\":\"WebSite\",\"@id\":\"https:\\\/\\\/www.artisanlocal.ch\\\/c\\\/#website\",\"url\":\"https:\\\/\\\/www.artisanlocal.ch\\\/c\\\/\",\"name\":\"Artisanlocal\",\"description\":\"\",\"publisher\":{\"@id\":\"https:\\\/\\\/www.artisanlocal.ch\\\/c\\\/#organization\"},\"potentialAction\":[{\"@type\":\"SearchAction\",\"target\":{\"@type\":\"EntryPoint\",\"urlTemplate\":\"https:\\\/\\\/www.artisanlocal.ch\\\/c\\\/?s={search_term_string}\"},\"query-input\":{\"@type\":\"PropertyValueSpecification\",\"valueRequired\":true,\"valueName\":\"search_term_string\"}}],\"inLanguage\":\"fr-FR\"},{\"@type\":\"Organization\",\"@id\":\"https:\\\/\\\/www.artisanlocal.ch\\\/c\\\/#organization\",\"name\":\"Artisanlocal\",\"url\":\"https:\\\/\\\/www.artisanlocal.ch\\\/c\\\/\",\"logo\":{\"@type\":\"ImageObject\",\"inLanguage\":\"fr-FR\",\"@id\":\"https:\\\/\\\/www.artisanlocal.ch\\\/c\\\/#\\\/schema\\\/logo\\\/image\\\/\",\"url\":\"https:\\\/\\\/www.artisanlocal.ch\\\/c\\\/wp-content\\\/uploads\\\/2024\\\/02\\\/logo-artisanlocal-h.svg\",\"contentUrl\":\"https:\\\/\\\/www.artisanlocal.ch\\\/c\\\/wp-content\\\/uploads\\\/2024\\\/02\\\/logo-artisanlocal-h.svg\",\"caption\":\"Artisanlocal\"},\"image\":{\"@id\":\"https:\\\/\\\/www.artisanlocal.ch\\\/c\\\/#\\\/schema\\\/logo\\\/image\\\/\"}}]}<\/script>\n<!-- \/ Yoast SEO Premium plugin. -->","yoast_head_json":{"title":"Chauffagiste \u00e0 Rolle - Artisanlocal","robots":{"index":"index","follow":"follow","max-snippet":"max-snippet:-1","max-image-preview":"max-image-preview:large","max-video-preview":"max-video-preview:-1"},"canonical":"https:\/\/www.artisanlocal.ch\/c\/depannage-urgence-chauffagiste-a-rolle\/","og_locale":"fr_FR","og_type":"article","og_title":"Chauffagiste \u00e0 Rolle","og_description":"Besoin d&rsquo;un chauffagiste \u00e0 Rolle ? Artisanlocal r\u00e9pare et installe votre chauffage \u00e0 Rolle et dans les villes proches. En choisissant de travailler avec nous, vous profitez : d&rsquo;un tarif comp\u00e9titif, de services premium, d&rsquo;une intervention rapide \u00e0 Rolle et dans ses alentours, d&rsquo;une \u00e9quipe exp\u00e9riment\u00e9e, d&rsquo;un devis gratuit, de techniciens accessibles du lundi au [&hellip;]","og_url":"https:\/\/www.artisanlocal.ch\/c\/depannage-urgence-chauffagiste-a-rolle\/","og_site_name":"Artisanlocal","article_modified_time":"2025-11-13T09:03:58+00:00","og_image":[{"width":1920,"height":300,"url":"https:\/\/www.artisanlocal.ch\/c\/wp-content\/uploads\/2024\/10\/chauffagiste.jpg","type":"image\/jpeg"}],"twitter_card":"summary_large_image","twitter_misc":{"Dur\u00e9e de lecture estim\u00e9e":"5 minutes"},"schema":{"@context":"https:\/\/schema.org","@graph":[{"@type":"WebPage","@id":"https:\/\/www.artisanlocal.ch\/c\/depannage-urgence-chauffagiste-a-rolle\/","url":"https:\/\/www.artisanlocal.ch\/c\/depannage-urgence-chauffagiste-a-rolle\/","name":"Chauffagiste \u00e0 Rolle - Artisanlocal","isPartOf":{"@id":"https:\/\/www.artisanlocal.ch\/c\/#website"},"primaryImageOfPage":{"@id":"https:\/\/www.artisanlocal.ch\/c\/depannage-urgence-chauffagiste-a-rolle\/#primaryimage"},"image":{"@id":"https:\/\/www.artisanlocal.ch\/c\/depannage-urgence-chauffagiste-a-rolle\/#primaryimage"},"thumbnailUrl":"https:\/\/www.artisanlocal.ch\/c\/wp-content\/uploads\/2024\/10\/chauffagiste.jpg","datePublished":"2024-04-18T09:16:13+00:00","dateModified":"2025-11-13T09:03:58+00:00","breadcrumb":{"@id":"https:\/\/www.artisanlocal.ch\/c\/depannage-urgence-chauffagiste-a-rolle\/#breadcrumb"},"inLanguage":"fr-FR","potentialAction":[{"@type":"ReadAction","target":["https:\/\/www.artisanlocal.ch\/c\/depannage-urgence-chauffagiste-a-rolle\/"]}]},{"@type":"ImageObject","inLanguage":"fr-FR","@id":"https:\/\/www.artisanlocal.ch\/c\/depannage-urgence-chauffagiste-a-rolle\/#primaryimage","url":"https:\/\/www.artisanlocal.ch\/c\/wp-content\/uploads\/2024\/10\/chauffagiste.jpg","contentUrl":"https:\/\/www.artisanlocal.ch\/c\/wp-content\/uploads\/2024\/10\/chauffagiste.jpg","width":1920,"height":300},{"@type":"BreadcrumbList","@id":"https:\/\/www.artisanlocal.ch\/c\/depannage-urgence-chauffagiste-a-rolle\/#breadcrumb","itemListElement":[{"@type":"ListItem","position":1,"name":"Accueil","item":"https:\/\/www.artisanlocal.ch\/c\/"},{"@type":"ListItem","position":2,"name":"Chauffagiste \u00e0 Rolle"}]},{"@type":"WebSite","@id":"https:\/\/www.artisanlocal.ch\/c\/#website","url":"https:\/\/www.artisanlocal.ch\/c\/","name":"Artisanlocal","description":"","publisher":{"@id":"https:\/\/www.artisanlocal.ch\/c\/#organization"},"potentialAction":[{"@type":"SearchAction","target":{"@type":"EntryPoint","urlTemplate":"https:\/\/www.artisanlocal.ch\/c\/?s={search_term_string}"},"query-input":{"@type":"PropertyValueSpecification","valueRequired":true,"valueName":"search_term_string"}}],"inLanguage":"fr-FR"},{"@type":"Organization","@id":"https:\/\/www.artisanlocal.ch\/c\/#organization","name":"Artisanlocal","url":"https:\/\/www.artisanlocal.ch\/c\/","logo":{"@type":"ImageObject","inLanguage":"fr-FR","@id":"https:\/\/www.artisanlocal.ch\/c\/#\/schema\/logo\/image\/","url":"https:\/\/www.artisanlocal.ch\/c\/wp-content\/uploads\/2024\/02\/logo-artisanlocal-h.svg","contentUrl":"https:\/\/www.artisanlocal.ch\/c\/wp-content\/uploads\/2024\/02\/logo-artisanlocal-h.svg","caption":"Artisanlocal"},"image":{"@id":"https:\/\/www.artisanlocal.ch\/c\/#\/schema\/logo\/image\/"}}]}},"_links":{"self":[{"href":"https:\/\/www.artisanlocal.ch\/c\/wp-json\/wp\/v2\/pages\/651","targetHints":{"allow":["GET"]}}],"collection":[{"href":"https:\/\/www.artisanlocal.ch\/c\/wp-json\/wp\/v2\/pages"}],"about":[{"href":"https:\/\/www.artisanlocal.ch\/c\/wp-json\/wp\/v2\/types\/page"}],"author":[{"embeddable":true,"href":"https:\/\/www.artisanlocal.ch\/c\/wp-json\/wp\/v2\/users\/4"}],"replies":[{"embeddable":true,"href":"https:\/\/www.artisanlocal.ch\/c\/wp-json\/wp\/v2\/comments?post=651"}],"version-history":[{"count":0,"href":"https:\/\/www.artisanlocal.ch\/c\/wp-json\/wp\/v2\/pages\/651\/revisions"}],"wp:featuredmedia":[{"embeddable":true,"href":"https:\/\/www.artisanlocal.ch\/c\/wp-json\/wp\/v2\/media\/2757"}],"wp:attachment":[{"href":"https:\/\/www.artisanlocal.ch\/c\/wp-json\/wp\/v2\/media?parent=651"}],"wp:term":[{"taxonomy":"profession","embeddable":true,"href":"https:\/\/www.artisanlocal.ch\/c\/wp-json\/wp\/v2\/profession?post=651"},{"taxonomy":"location","embeddable":true,"href":"https:\/\/www.artisanlocal.ch\/c\/wp-json\/wp\/v2\/location?post=651"},{"taxonomy":"canton","embeddable":true,"href":"https:\/\/www.artisanlocal.ch\/c\/wp-json\/wp\/v2\/canton?post=651"}],"curies":[{"name":"wp","href":"https:\/\/api.w.org\/{rel}","templated":true}]}}