{"id":652,"date":"2024-04-19T14:08:45","date_gmt":"2024-04-19T12:08:45","guid":{"rendered":"https:\/\/www.artisanlocal.ch\/c\/jai-besoin-dun-chauffagiste-a-vevey\/"},"modified":"2026-04-03T12:58:13","modified_gmt":"2026-04-03T10:58:13","slug":"jai-besoin-dun-chauffagiste-a-vevey","status":"publish","type":"page","link":"https:\/\/www.artisanlocal.ch\/c\/jai-besoin-dun-chauffagiste-a-vevey\/","title":{"rendered":"J&rsquo;ai besoin d&rsquo;un chauffagiste \u00e0 Vevey ?"},"content":{"rendered":"<p>Besoin d&rsquo;aide pour r\u00e9parer votre chauffage ? ? Si vous \u00eates un Veveysan, notre entreprise assure l&rsquo;installation ainsi que la restauration de votre chauffage. En travaillant avec notre entreprise, vous profitez :<\/p>\n<ul>\n<li>d&rsquo;une tarification d\u00e9taill\u00e9e,<\/li>\n<li>de prestations haut de gamme,<\/li>\n<li>d&rsquo;assistance \u00e0 Vevey et dans les alentours,<\/li>\n<li>des chauffagistes avec de l&rsquo;exp\u00e9rience,<\/li>\n<li>de devis gratuits,<\/li>\n<li>d&rsquo;une \u00e9quipe disponible du lundi au samedi.<\/li>\n<\/ul>\n\r\n<div class=\"box\">\r\n            <div class=\"company-info\">\r\n            <img decoding=\"async\" class=\"company-info__logo\" src=\"https:\/\/www.artisanlocal.ch\/media\/cache\/thumb\/images\/companies\/69086663cdef2256770633.png\" alt=\"Logo\">\r\n            <h2 class=\"company-info__name\">AMIAR Services<\/h2>\r\n            <p class=\"company-info__business\">Installations de chauffage - D\u00e9pannage 24H\/24 - Maintenance - R\u00e9paration - Assainissement de chaudi\u00e8res<\/p>\r\n        <\/div>\r\n        <div class=\"company-contact\">\r\n            <p class=\"company-info__address\">Rue du Bourg 38<\/p>\r\n                            <div class=\"links\">\r\n                                            <a class=\"btn has-accent-background-color js-phoneNumber\" href=\"tel:0779272487\" title=\"Appelez\" data-id=\"38828\" data-type=\"11\">077 927 24 87<\/a>\r\n                                                                <a class=\"btn has-accent-background-color\" href=\"https:\/\/www.amiarservices.ch\/\" target=\"_blank\" title=\"Voir le site internet\" data-id=\"38828\" data-type=\"20\">Site internet<\/a>\r\n                                    <\/div>\r\n                    <\/div>\r\n    \r\n            \r\n<form action=\"https:\/\/www.artisanlocal.ch\/c\/wp-admin\/admin-ajax.php\" method=\"post\" class=\"form-contact\" id=\"artisan_form_contact_company_inline\">\r\n    <div><input type=\"hidden\" name=\"action\" value=\"company_contact\"><\/div>\r\n    <div><input type=\"hidden\" name=\"nonce\" value=\"1289a079ae\"><\/div>\r\n    <div><input type=\"hidden\" name=\"company_id\" value=\"38828\"><\/div>\r\n    <div><input type=\"hidden\" name=\"form_id\" value=\"artisan_form_contact_company_inline\"><\/div>\r\n    <div class=\"gglcptch gglcptch_v3 gglcptch_custom\"><input type=\"hidden\" id=\"g-recaptcha-response\" name=\"g-recaptcha-response\" \/><br \/><div class=\"gglcptch_error_text\">La p\u00e9riode de v\u00e9rification reCAPTCHA a expir\u00e9. Veuillez recharger la page.<\/div><\/div>    <div class=\"form-content\">\r\n        <div class=\"form-group\">\r\n            <label for=\"contact_firstName\" class=\"required\">Pr\u00e9nom<\/label>\r\n            <input type=\"text\" name=\"firstName\" class=\"form-control\" required>\r\n        <\/div>\r\n        <div class=\"form-group\">\r\n            <label for=\"contact_lastName\" class=\"required\">Nom<\/label>\r\n            <input type=\"text\" name=\"lastName\" class=\"form-control\" required>\r\n        <\/div>\r\n        <div class=\"form-group\">\r\n            <label for=\"contact_email\" class=\"required\">Email<\/label>\r\n            <input type=\"email\" name=\"email\" class=\"form-control\" required>\r\n        <\/div>\r\n        <div class=\"form-group\">\r\n            <label for=\"contact_phone\" class=\"required\">Num\u00e9ro de t\u00e9l\u00e9phone<\/label>\r\n            <input type=\"tel\" name=\"phone\" class=\"form-control\" placeholder=\"0787117165\" pattern=\"^[0-9]{10}$\" required>\r\n        <\/div>\r\n        <div class=\"form-group\">\r\n            <label for=\"contact_postalCode\" class=\"required\">Code postal et localit\u00e9<\/label>\r\n            <input type=\"text\" name=\"postalCode\" class=\"form-control\" required>\r\n        <\/div>\r\n        <div class=\"form-group\">\r\n            <label for=\"contact_address\" class=\"required\">Adresse<\/label>\r\n            <input type=\"text\" name=\"address\" class=\"form-control\" required>\r\n        <\/div>\r\n        <div class=\"full-width topic\">\r\n            <p class=\"required\">Je souhaite \u00eatre contact\u00e9 pour :<\/p>\r\n            <div class=\"form-check\">\r\n                <input type=\"radio\" name=\"topic\" value=\"D\u00e9pannage\" class=\"form-control\" required>\r\n                <label for=\"d\u00e9pannage\">D\u00e9pannage<\/label>\r\n            <\/div>\r\n            <div class=\"form-check\">\r\n                <input type=\"radio\" name=\"topic\" value=\"Entretien\" class=\"form-control\" required>\r\n                <label for=\"entretien\">Entretien<\/label>\r\n            <\/div>\r\n            <div class=\"form-check\">\r\n                <input type=\"radio\" name=\"topic\" value=\"R\u00e9novation\" class=\"form-control\" required>\r\n                <label for=\"r\u00e9novation\">R\u00e9novation<\/label>\r\n            <\/div>\r\n            <div class=\"form-check\">\r\n                <input type=\"radio\" name=\"topic\" value=\"Autre\" class=\"form-control\" required>\r\n                <label for=\"autre\">Autre<\/label>\r\n            <\/div>\r\n        <\/div>\r\n        <div class=\"form-group full-width\">\r\n            <label for=\"contact_message\">Message<\/label>\r\n            <textarea name=\"message\" rows=\"3\" class=\"form-control\"><\/textarea>\r\n        <\/div>\r\n    <\/div>\r\n    <div class=\"form-actions\">\r\n        <button class=\"wp-block-button__link has-accent-background-color\">Contacter<\/button>\r\n    <\/div>\r\n<\/form>\r\n<div class=\"form-feedback\"><\/div>    <\/div>\n<h2>Pourquoi choisir Artisanlocal ?<\/h2>\n<p>\u00c9valuation rapide pour la mise en place ou le remplacement de votre chauffage : une fois que vous avez rempli le formulaire, notre technicien \u00e0 Vevey vous appelle dans la m\u00eame journ\u00e9e.<\/p>\n<p>Intervention chez vous dans la journ\u00e9e : le jour m\u00eame, le chauffagiste Veveysan peut se rendre \u00e0 votre domicile pour \u00e9valuer le prix de votre projet. Vous recevrez une \u00e9valuation et pourrez poser toutes vos demandes.<\/p>\n<p>Installation de votre syst\u00e8me de chauffage en moins de 48 heures : apr\u00e8s validation de notre offre. Nous planifierons avec vous le jour d&rsquo;installation.<\/p>\n<p>D\u00e9pannage et entretien : si votre syst\u00e8me de chauffage, chauffe-eau ou chaudi\u00e8re pr\u00e9sente un dysfonctionnement. Nous sommes pr\u00eats \u00e0 intervenir \u00e0 Vevey ainsi que dans les localit\u00e9s proches.<\/p>\n<h2>Pourquoi est-il important d&rsquo;entretenir votre chauffage ?<\/h2>\n<p>Garantir le bon fonctionnement de votre \u00e9quipement de chauffage est important, si vous avez des enfants. Notre soci\u00e9t\u00e9 vous assiste \u00e0 r\u00e9gler la bonne temp\u00e9rature et contr\u00f4le la concentration de monoxyde de carbone g\u00e9n\u00e9r\u00e9 par votre syst\u00e8me de chauffage. Peu importe le type de votre syst\u00e8me de chauffage, nos chauffagistes garantissent l&rsquo;entretien et la maintenance, de votre chauffage : \u00e0 accumulation, basse temp\u00e9rature, \u00e9lectrique, fioul, condensation ou \u00e0 gaz.<\/p>\n<h2>\u00cates-vous capable de me d\u00e9panner \u00e0 distance ?<\/h2>\n<p>Absolument, nous sommes en mesure de vous d\u00e9panner par t\u00e9l\u00e9phone. Il vous suffit de nous d\u00e9tailler votre probl\u00e8me pour que nous puissions en d\u00e9terminer les origines et trouver la solution. Il faut garder \u00e0 l&rsquo;esprit que dans la plupart des cas, un chauffagiste doit se d\u00e9placer chez vous pour d\u00e9tecter et corriger votre probl\u00e8me de chauffage.<\/p>\n<h2>Quel est le mode de fonctionnement de votre entreprise ?<\/h2>\n<ol>\n<li>Prise de contact : il est indispensable de nous joindre par t\u00e9l\u00e9phone ou par mail.<\/li>\n<li>Intervention : un chauffagiste Veveysan intervient \u00e0 votre domicile.<\/li>\n<li>Estimation : le technicien \u00e9valuera l&rsquo;\u00e9tat actuel des choses dans le but de calculer le volume de vos pi\u00e8ces, et prendre en compte l&rsquo;isolation existante et la superficie totale.<\/li>\n<li>Avis : nous vous guiderons pour s\u00e9lectionner le meilleur syst\u00e8me de chauffage, nous prenons en compte l&rsquo;efficacit\u00e9 et la rentabilit\u00e9 que vous voulez avoir.<\/li>\n<li>Devis : nous vous livrons un devis d\u00e9taill\u00e9 avec les divers co\u00fbts.<\/li>\n<li>Mise en place : apr\u00e8s avoir accept\u00e9 notre devis, nous r\u00e9alisons l&rsquo;installation de votre chauffage et param\u00e9trons le thermostat par rapport \u00e0 vos demandes.<\/li>\n<\/ol>\n<h2>Quels sont les meilleurs types de chauffages pour votre propri\u00e9t\u00e9 ?<\/h2>\n<p>Notre technicien chauffagiste vous guide pour choisir la meilleure option, il vous conseille parmi les chauffages existants, parmi les \u00e9quipements chauffages : \u00e0 gaz, \u00e9lectriques, fioul, classiques, condensation ou basses temp\u00e9ratures.<\/p>\n<p>Les \u00e9quipements de chauffages \u00e0 basse temp\u00e9rature ou \u00e0 condensation, malgr\u00e9 un co\u00fbt d&rsquo;achat plus important, ils offrent la capacit\u00e9 de r\u00e9aliser des \u00e9conomies \u00e0 long terme.<\/p>\n<p>De plus, avant de poser votre chauffage, il faut param\u00e9trer votre thermostat par rapport \u00e0 votre propri\u00e9t\u00e9 et vos d\u00e9sirs. Le technicien chauffagiste qui intervient chez vous est un professionnel avec une grande exp\u00e9rience. Vous retrouverez dans notre estimation les d\u00e9tails de notre intervention.<\/p>\n<h2>Service d&rsquo;assistance pour votre chauffage \u00e0 Vevey<\/h2>\n<p>Vous devez effectuer la r\u00e9vision annuelle de votre chauffage, qu&rsquo;il soit \u00e0 gaz ou au fioul. L&rsquo;entretien de votre syst\u00e8me de chauffage offre la possibilit\u00e9 de contr\u00f4ler le taux de monoxyde de carbone qui se lib\u00e8re. Pour rappel, si votre chauffage fabrique trop de monoxyde de carbone, \u00e7a peut provoquer une intoxication. En intervenant chez vous, l&rsquo;expert v\u00e9rifie et r\u00e8gle les \u00e9missions de monoxyde de carbone de votre syst\u00e8me de chauffage afin de vous emp\u00eacher d&rsquo;avoir de graves probl\u00e8mes de sant\u00e9.<\/p>\n<h2>Contrat de maintenance pour votre syst\u00e8me de chauffage \u00e0 Vevey<\/h2>\n<p>Notre entreprise propose des contrats d\u2019entretiens pour votre chauffage dans le but d&rsquo;en assurer le fonctionnement optimal. Avec un entretien r\u00e9gulier, vous faites des \u00e9conomies en \u00e9vitant les pannes et les r\u00e9parations en urgence.<\/p>\n<p>D&rsquo;ailleurs, si vous avez un sinistre, votre assurance vous r\u00e9clame le contrat de maintenance afin de comparer l&rsquo;\u00e9tat de votre chauffage avant l&rsquo;incident. Notre entreprise offre des contrats de maintenance pluriannuels ou annuels.<\/p>\n<h2>Pourquoi signer un contrat d&rsquo;entretien pour votre chauffage ?<\/h2>\n<p>Si vous avez une pi\u00e8ce qui est d\u00e9fectueuse, nous la changeons en urgence, nous nous engageons \u00e0 contr\u00f4ler tout votre chauffage, comme :<\/p>\n<ul>\n<li>Les pressions de vos tuyaux,<\/li>\n<li>l&rsquo;entretien des tuyaux de raccordement, et des parties chauffantes.<\/li>\n<\/ul>\n<h2>Quels services propose Artisanlocal ?<\/h2>\n<p>Nos techniciens op\u00e8rent dans votre appartement, pour :<\/p>\n<ul>\n<li>le d\u00e9tartrage et le d\u00e9sembouage de radiateur,<\/li>\n<li>la purge d&rsquo;air,<\/li>\n<li>l\u2019entretien de votre chauffage, chaudi\u00e8re et chauffe-eau,<\/li>\n<li>le r\u00e9glage de votre thermostat,<\/li>\n<li>l&rsquo;entretien chaudi\u00e8res \u00e0 condensation, \u00e0 gaz, \u00e0 accumulation, \u00e0 fioul, \u00e9lectriques et basses temp\u00e9ratures,<\/li>\n<li>la remise en \u00e9tat de la vanne de vidange,<\/li>\n<li>l&rsquo;intervention et la r\u00e9paration de vos pannes : fuite de tuyauterie, radiateur qui ne marche plus, chaudi\u00e8re, etc.<\/li>\n<li>la pose de : radiateur \u00e9lectrique, pompe \u00e0 chaleur, plancher chauffant, chauffage, chaudi\u00e8re, etc.<\/li>\n<\/ul>\n<h2>Foire aux questions<\/h2>\n<h3>Pourquoi engager un chauffagiste Veveysan ?<\/h3>\n<p>Optimiser votre confort : un chauffage efficient conserve la temp\u00e9rature int\u00e9rieur de votre domicile.<\/p>\n<p>Faire des \u00e9conomies : en s\u00e9lectionnant des mat\u00e9riaux de qualit\u00e9, pour l&rsquo;isolation et le chauffage, vous r\u00e9duisez vos \u00e9missions de carbone et vous faites des \u00e9conomies.<\/p>\n<p>Prot\u00e9ger la s\u00e9curit\u00e9 de votre syst\u00e8me de chauffage : respecter les r\u00e8gles de s\u00fbret\u00e9 maintient votre chauffage s\u00fbr et performant (par exemple, pour limiter le taux de monoxyde de carbone).<\/p>\n<p>Anticiper les incidents : en inspectant votre syst\u00e8me de chauffage, un de nos experts peut anticiper les futurs probl\u00e8mes.<\/p>\n<h3>Comment choisir le meilleur chauffagiste \u00e0 Vevey ?<\/h3>\n<p>La qualification : v\u00e9rifiez les certifications d\u00e9montrant que la soci\u00e9t\u00e9 \u00e0 une exp\u00e9rience dans son secteur.<\/p>\n<p>Les avis clients : il ne faut pas h\u00e9siter \u00e0 parcourir les avis des clients ayant d\u00e9j\u00e0 eu recours \u00e0 la soci\u00e9t\u00e9 de mani\u00e8re \u00e0 vous faire une opinion.<\/p>\n<p>Les assurances : v\u00e9rifiez que l&rsquo;entreprise de chauffage b\u00e9n\u00e9ficie d&rsquo;une assurance qui couvrira les \u00e9ventuels dommages occasionn\u00e9s lors de ses op\u00e9rations.<\/p>\n<h3>Quelle est votre rapidit\u00e9 d&rsquo;action \u00e0 Vevey ?<\/h3>\n<p>Nous op\u00e9rons \u00e0 votre foyer dans un d\u00e9lai de deux heures (pour les situations d&rsquo;urgence) dans le cas contraire, nous pouvons agir dans la journ\u00e9e.<\/p>\n<h3>Intervenez-vous \u00e0 Vevey et aux alentours ?<\/h3>\n<p>En effet, nous r\u00e9alisons nos interventions \u00e0 Vevey et dans les communes aux environs, comme : Puidoux, Chexbres, Rivaz, St-Saphorin (Lavaux), Aran, Chenaux, Grandvaux, Cully, Villette (Lavaux), Riex, Epesses, Le Mont-P\u00e8lerin, Corseaux, Chardonne, Corsier-sur-Vevey, Jongny, St-L\u00e9gier-La Chi\u00e9saz, Blonay, Les Monts-de-Corsier, Fenil-sur-Corsier, La Tour-de-Peilz, Clarens, Chailly-Montreux, Brent, Montreux, Territet, Veytaux, Chernex, Glion, Caux, Chamby, Villard-sur-Chamby, Les Avants.<\/p>\n","protected":false},"excerpt":{"rendered":"<p>Besoin d&rsquo;aide pour r\u00e9parer votre chauffage ? ? Si vous \u00eates un Veveysan, notre entreprise assure l&rsquo;installation ainsi que la restauration de votre chauffage. En travaillant avec notre entreprise, vous profitez : d&rsquo;une tarification d\u00e9taill\u00e9e, de prestations haut de gamme, d&rsquo;assistance \u00e0 Vevey et dans les alentours, des chauffagistes avec de l&rsquo;exp\u00e9rience, de devis gratuits, [&hellip;]<\/p>\n","protected":false},"author":4,"featured_media":2757,"parent":0,"menu_order":0,"comment_status":"closed","ping_status":"closed","template":"","meta":{"footnotes":""},"profession":[120],"location":[133],"canton":[113],"class_list":["post-652","page","type-page","status-publish","has-post-thumbnail","hentry","profession-chauffagiste","location-vevey","canton-vd"],"yoast_head":"<!-- This site is optimized with the Yoast SEO Premium plugin v25.7.1 (Yoast SEO v27.3) - https:\/\/yoast.com\/product\/yoast-seo-premium-wordpress\/ -->\n<title>J&#039;ai besoin d&#039;un chauffagiste \u00e0 Vevey ? - Artisanlocal<\/title>\n<meta name=\"robots\" content=\"index, follow, max-snippet:-1, max-image-preview:large, max-video-preview:-1\" \/>\n<link rel=\"canonical\" href=\"https:\/\/www.artisanlocal.ch\/c\/jai-besoin-dun-chauffagiste-a-vevey\/\" \/>\n<meta property=\"og:locale\" content=\"fr_FR\" \/>\n<meta property=\"og:type\" content=\"article\" \/>\n<meta property=\"og:title\" content=\"J&#039;ai besoin d&#039;un chauffagiste \u00e0 Vevey ?\" \/>\n<meta property=\"og:description\" content=\"Besoin d&rsquo;aide pour r\u00e9parer votre chauffage ? ? Si vous \u00eates un Veveysan, notre entreprise assure l&rsquo;installation ainsi que la restauration de votre chauffage. En travaillant avec notre entreprise, vous profitez : d&rsquo;une tarification d\u00e9taill\u00e9e, de prestations haut de gamme, d&rsquo;assistance \u00e0 Vevey et dans les alentours, des chauffagistes avec de l&rsquo;exp\u00e9rience, de devis gratuits, [&hellip;]\" \/>\n<meta property=\"og:url\" content=\"https:\/\/www.artisanlocal.ch\/c\/jai-besoin-dun-chauffagiste-a-vevey\/\" \/>\n<meta property=\"og:site_name\" content=\"Artisanlocal\" \/>\n<meta property=\"article:modified_time\" content=\"2026-04-03T10:58:13+00:00\" \/>\n<meta property=\"og:image\" content=\"https:\/\/www.artisanlocal.ch\/c\/wp-content\/uploads\/2024\/10\/chauffagiste.jpg\" \/>\n\t<meta property=\"og:image:width\" content=\"1920\" \/>\n\t<meta property=\"og:image:height\" content=\"300\" \/>\n\t<meta property=\"og:image:type\" content=\"image\/jpeg\" \/>\n<meta name=\"twitter:card\" content=\"summary_large_image\" \/>\n<meta name=\"twitter:label1\" content=\"Dur\u00e9e de lecture estim\u00e9e\" \/>\n\t<meta name=\"twitter:data1\" content=\"6 minutes\" \/>\n<script type=\"application\/ld+json\" class=\"yoast-schema-graph\">{\"@context\":\"https:\\\/\\\/schema.org\",\"@graph\":[{\"@type\":\"WebPage\",\"@id\":\"https:\\\/\\\/www.artisanlocal.ch\\\/c\\\/jai-besoin-dun-chauffagiste-a-vevey\\\/\",\"url\":\"https:\\\/\\\/www.artisanlocal.ch\\\/c\\\/jai-besoin-dun-chauffagiste-a-vevey\\\/\",\"name\":\"J'ai besoin d'un chauffagiste \u00e0 Vevey ? - Artisanlocal\",\"isPartOf\":{\"@id\":\"https:\\\/\\\/www.artisanlocal.ch\\\/c\\\/#website\"},\"primaryImageOfPage\":{\"@id\":\"https:\\\/\\\/www.artisanlocal.ch\\\/c\\\/jai-besoin-dun-chauffagiste-a-vevey\\\/#primaryimage\"},\"image\":{\"@id\":\"https:\\\/\\\/www.artisanlocal.ch\\\/c\\\/jai-besoin-dun-chauffagiste-a-vevey\\\/#primaryimage\"},\"thumbnailUrl\":\"https:\\\/\\\/www.artisanlocal.ch\\\/c\\\/wp-content\\\/uploads\\\/2024\\\/10\\\/chauffagiste.jpg\",\"datePublished\":\"2024-04-19T12:08:45+00:00\",\"dateModified\":\"2026-04-03T10:58:13+00:00\",\"breadcrumb\":{\"@id\":\"https:\\\/\\\/www.artisanlocal.ch\\\/c\\\/jai-besoin-dun-chauffagiste-a-vevey\\\/#breadcrumb\"},\"inLanguage\":\"fr-FR\",\"potentialAction\":[{\"@type\":\"ReadAction\",\"target\":[\"https:\\\/\\\/www.artisanlocal.ch\\\/c\\\/jai-besoin-dun-chauffagiste-a-vevey\\\/\"]}]},{\"@type\":\"ImageObject\",\"inLanguage\":\"fr-FR\",\"@id\":\"https:\\\/\\\/www.artisanlocal.ch\\\/c\\\/jai-besoin-dun-chauffagiste-a-vevey\\\/#primaryimage\",\"url\":\"https:\\\/\\\/www.artisanlocal.ch\\\/c\\\/wp-content\\\/uploads\\\/2024\\\/10\\\/chauffagiste.jpg\",\"contentUrl\":\"https:\\\/\\\/www.artisanlocal.ch\\\/c\\\/wp-content\\\/uploads\\\/2024\\\/10\\\/chauffagiste.jpg\",\"width\":1920,\"height\":300},{\"@type\":\"BreadcrumbList\",\"@id\":\"https:\\\/\\\/www.artisanlocal.ch\\\/c\\\/jai-besoin-dun-chauffagiste-a-vevey\\\/#breadcrumb\",\"itemListElement\":[{\"@type\":\"ListItem\",\"position\":1,\"name\":\"Accueil\",\"item\":\"https:\\\/\\\/www.artisanlocal.ch\\\/c\\\/\"},{\"@type\":\"ListItem\",\"position\":2,\"name\":\"J&rsquo;ai besoin d&rsquo;un chauffagiste \u00e0 Vevey ?\"}]},{\"@type\":\"WebSite\",\"@id\":\"https:\\\/\\\/www.artisanlocal.ch\\\/c\\\/#website\",\"url\":\"https:\\\/\\\/www.artisanlocal.ch\\\/c\\\/\",\"name\":\"Artisanlocal\",\"description\":\"\",\"publisher\":{\"@id\":\"https:\\\/\\\/www.artisanlocal.ch\\\/c\\\/#organization\"},\"potentialAction\":[{\"@type\":\"SearchAction\",\"target\":{\"@type\":\"EntryPoint\",\"urlTemplate\":\"https:\\\/\\\/www.artisanlocal.ch\\\/c\\\/?s={search_term_string}\"},\"query-input\":{\"@type\":\"PropertyValueSpecification\",\"valueRequired\":true,\"valueName\":\"search_term_string\"}}],\"inLanguage\":\"fr-FR\"},{\"@type\":\"Organization\",\"@id\":\"https:\\\/\\\/www.artisanlocal.ch\\\/c\\\/#organization\",\"name\":\"Artisanlocal\",\"url\":\"https:\\\/\\\/www.artisanlocal.ch\\\/c\\\/\",\"logo\":{\"@type\":\"ImageObject\",\"inLanguage\":\"fr-FR\",\"@id\":\"https:\\\/\\\/www.artisanlocal.ch\\\/c\\\/#\\\/schema\\\/logo\\\/image\\\/\",\"url\":\"https:\\\/\\\/www.artisanlocal.ch\\\/c\\\/wp-content\\\/uploads\\\/2024\\\/02\\\/logo-artisanlocal-h.svg\",\"contentUrl\":\"https:\\\/\\\/www.artisanlocal.ch\\\/c\\\/wp-content\\\/uploads\\\/2024\\\/02\\\/logo-artisanlocal-h.svg\",\"caption\":\"Artisanlocal\"},\"image\":{\"@id\":\"https:\\\/\\\/www.artisanlocal.ch\\\/c\\\/#\\\/schema\\\/logo\\\/image\\\/\"}}]}<\/script>\n<!-- \/ Yoast SEO Premium plugin. -->","yoast_head_json":{"title":"J'ai besoin d'un chauffagiste \u00e0 Vevey ? - Artisanlocal","robots":{"index":"index","follow":"follow","max-snippet":"max-snippet:-1","max-image-preview":"max-image-preview:large","max-video-preview":"max-video-preview:-1"},"canonical":"https:\/\/www.artisanlocal.ch\/c\/jai-besoin-dun-chauffagiste-a-vevey\/","og_locale":"fr_FR","og_type":"article","og_title":"J'ai besoin d'un chauffagiste \u00e0 Vevey ?","og_description":"Besoin d&rsquo;aide pour r\u00e9parer votre chauffage ? ? Si vous \u00eates un Veveysan, notre entreprise assure l&rsquo;installation ainsi que la restauration de votre chauffage. En travaillant avec notre entreprise, vous profitez : d&rsquo;une tarification d\u00e9taill\u00e9e, de prestations haut de gamme, d&rsquo;assistance \u00e0 Vevey et dans les alentours, des chauffagistes avec de l&rsquo;exp\u00e9rience, de devis gratuits, [&hellip;]","og_url":"https:\/\/www.artisanlocal.ch\/c\/jai-besoin-dun-chauffagiste-a-vevey\/","og_site_name":"Artisanlocal","article_modified_time":"2026-04-03T10:58:13+00:00","og_image":[{"width":1920,"height":300,"url":"https:\/\/www.artisanlocal.ch\/c\/wp-content\/uploads\/2024\/10\/chauffagiste.jpg","type":"image\/jpeg"}],"twitter_card":"summary_large_image","twitter_misc":{"Dur\u00e9e de lecture estim\u00e9e":"6 minutes"},"schema":{"@context":"https:\/\/schema.org","@graph":[{"@type":"WebPage","@id":"https:\/\/www.artisanlocal.ch\/c\/jai-besoin-dun-chauffagiste-a-vevey\/","url":"https:\/\/www.artisanlocal.ch\/c\/jai-besoin-dun-chauffagiste-a-vevey\/","name":"J'ai besoin d'un chauffagiste \u00e0 Vevey ? - Artisanlocal","isPartOf":{"@id":"https:\/\/www.artisanlocal.ch\/c\/#website"},"primaryImageOfPage":{"@id":"https:\/\/www.artisanlocal.ch\/c\/jai-besoin-dun-chauffagiste-a-vevey\/#primaryimage"},"image":{"@id":"https:\/\/www.artisanlocal.ch\/c\/jai-besoin-dun-chauffagiste-a-vevey\/#primaryimage"},"thumbnailUrl":"https:\/\/www.artisanlocal.ch\/c\/wp-content\/uploads\/2024\/10\/chauffagiste.jpg","datePublished":"2024-04-19T12:08:45+00:00","dateModified":"2026-04-03T10:58:13+00:00","breadcrumb":{"@id":"https:\/\/www.artisanlocal.ch\/c\/jai-besoin-dun-chauffagiste-a-vevey\/#breadcrumb"},"inLanguage":"fr-FR","potentialAction":[{"@type":"ReadAction","target":["https:\/\/www.artisanlocal.ch\/c\/jai-besoin-dun-chauffagiste-a-vevey\/"]}]},{"@type":"ImageObject","inLanguage":"fr-FR","@id":"https:\/\/www.artisanlocal.ch\/c\/jai-besoin-dun-chauffagiste-a-vevey\/#primaryimage","url":"https:\/\/www.artisanlocal.ch\/c\/wp-content\/uploads\/2024\/10\/chauffagiste.jpg","contentUrl":"https:\/\/www.artisanlocal.ch\/c\/wp-content\/uploads\/2024\/10\/chauffagiste.jpg","width":1920,"height":300},{"@type":"BreadcrumbList","@id":"https:\/\/www.artisanlocal.ch\/c\/jai-besoin-dun-chauffagiste-a-vevey\/#breadcrumb","itemListElement":[{"@type":"ListItem","position":1,"name":"Accueil","item":"https:\/\/www.artisanlocal.ch\/c\/"},{"@type":"ListItem","position":2,"name":"J&rsquo;ai besoin d&rsquo;un chauffagiste \u00e0 Vevey ?"}]},{"@type":"WebSite","@id":"https:\/\/www.artisanlocal.ch\/c\/#website","url":"https:\/\/www.artisanlocal.ch\/c\/","name":"Artisanlocal","description":"","publisher":{"@id":"https:\/\/www.artisanlocal.ch\/c\/#organization"},"potentialAction":[{"@type":"SearchAction","target":{"@type":"EntryPoint","urlTemplate":"https:\/\/www.artisanlocal.ch\/c\/?s={search_term_string}"},"query-input":{"@type":"PropertyValueSpecification","valueRequired":true,"valueName":"search_term_string"}}],"inLanguage":"fr-FR"},{"@type":"Organization","@id":"https:\/\/www.artisanlocal.ch\/c\/#organization","name":"Artisanlocal","url":"https:\/\/www.artisanlocal.ch\/c\/","logo":{"@type":"ImageObject","inLanguage":"fr-FR","@id":"https:\/\/www.artisanlocal.ch\/c\/#\/schema\/logo\/image\/","url":"https:\/\/www.artisanlocal.ch\/c\/wp-content\/uploads\/2024\/02\/logo-artisanlocal-h.svg","contentUrl":"https:\/\/www.artisanlocal.ch\/c\/wp-content\/uploads\/2024\/02\/logo-artisanlocal-h.svg","caption":"Artisanlocal"},"image":{"@id":"https:\/\/www.artisanlocal.ch\/c\/#\/schema\/logo\/image\/"}}]}},"_links":{"self":[{"href":"https:\/\/www.artisanlocal.ch\/c\/wp-json\/wp\/v2\/pages\/652","targetHints":{"allow":["GET"]}}],"collection":[{"href":"https:\/\/www.artisanlocal.ch\/c\/wp-json\/wp\/v2\/pages"}],"about":[{"href":"https:\/\/www.artisanlocal.ch\/c\/wp-json\/wp\/v2\/types\/page"}],"author":[{"embeddable":true,"href":"https:\/\/www.artisanlocal.ch\/c\/wp-json\/wp\/v2\/users\/4"}],"replies":[{"embeddable":true,"href":"https:\/\/www.artisanlocal.ch\/c\/wp-json\/wp\/v2\/comments?post=652"}],"version-history":[{"count":1,"href":"https:\/\/www.artisanlocal.ch\/c\/wp-json\/wp\/v2\/pages\/652\/revisions"}],"predecessor-version":[{"id":5350,"href":"https:\/\/www.artisanlocal.ch\/c\/wp-json\/wp\/v2\/pages\/652\/revisions\/5350"}],"wp:featuredmedia":[{"embeddable":true,"href":"https:\/\/www.artisanlocal.ch\/c\/wp-json\/wp\/v2\/media\/2757"}],"wp:attachment":[{"href":"https:\/\/www.artisanlocal.ch\/c\/wp-json\/wp\/v2\/media?parent=652"}],"wp:term":[{"taxonomy":"profession","embeddable":true,"href":"https:\/\/www.artisanlocal.ch\/c\/wp-json\/wp\/v2\/profession?post=652"},{"taxonomy":"location","embeddable":true,"href":"https:\/\/www.artisanlocal.ch\/c\/wp-json\/wp\/v2\/location?post=652"},{"taxonomy":"canton","embeddable":true,"href":"https:\/\/www.artisanlocal.ch\/c\/wp-json\/wp\/v2\/canton?post=652"}],"curies":[{"name":"wp","href":"https:\/\/api.w.org\/{rel}","templated":true}]}}