{"id":653,"date":"2024-04-18T16:18:52","date_gmt":"2024-04-18T14:18:52","guid":{"rendered":"https:\/\/www.artisanlocal.ch\/c\/jai-besoin-dun-chauffagiste-a-yverdon\/"},"modified":"2025-08-27T01:32:29","modified_gmt":"2025-08-26T23:32:29","slug":"jai-besoin-dun-chauffagiste-a-yverdon","status":"publish","type":"page","link":"https:\/\/www.artisanlocal.ch\/c\/jai-besoin-dun-chauffagiste-a-yverdon\/","title":{"rendered":"J&rsquo;ai besoin d&rsquo;un chauffagiste \u00e0 Yverdon-les-Bains ?"},"content":{"rendered":"<p>Vous avez besoin d&rsquo;un chauffagiste \u00e0 Yverdon-les-Bains ? Artisanlocal r\u00e9pare votre chaudi\u00e8re et effectue l&rsquo;installation de votre chauffage \u00e0 Yverdon-les-Bains. En travaillant avec notre entreprise, vous b\u00e9n\u00e9ficiez :<\/p>\n<ul>\n<li>de prix clair,<\/li>\n<li>de prestations de qualit\u00e9 sup\u00e9rieure,<\/li>\n<li>d&rsquo;intervention \u00e0 Yverdon-les-Bains et dans les environs,<\/li>\n<li>d&rsquo;un personnel qualifi\u00e9 et avec une solide exp\u00e9rience,<\/li>\n<li>de devis gratuits,<\/li>\n<li>d&rsquo;experts accessibles du lundi au samedi.<\/li>\n<\/ul>\n\r\n<div class=\"box\">\r\n    <h2 class=\"text-dark\">Nous cherchons un <em class=\"text-primary\">Chauffagiste<\/em> dans la r\u00e9gion de <em class=\"text-primary\">Yverdon-les-Bains<\/em>  en exclusivit\u00e9, afin de proposer vos services \u00e0 nos clients propri\u00e9taires.<\/h2>\r\n    <p>Une opportunit\u00e9 unique pour booster votre activit\u00e9 \u00e0 <strong>Yverdon-les-Bains<\/strong> et aux alentours dans votre domaine (Chauffagiste).<\/p>\r\n    <p>Nous travaillons en exclusivit\u00e9 avec qu'une soci\u00e9t\u00e9 par m\u00e9tier et par r\u00e9gion. <br>Votre entreprise est pr\u00e9sente sur tous les documents immobiliers. Afin d'\u00eatre mieux vu sur le net, vous \u00eates \u00e9galement visible sur nos deux sites et sur les pages de r\u00e9f\u00e9rencement de votre r\u00e9gion.<\/p>\r\n    <a href=\"\/contact\" class=\"wp-block-button__link has-accent-background-color has-text-align-center wp-element-button\">R\u00e9server<\/a>\r\n<\/div>\n<h2>Pourquoi choisir Artisanlocal ?<\/h2>\n<p>Estimation rapide de votre projet : une fois que vous avez rempli le formulaire, notre chauffagiste \u00e0 Yverdon-les-Bains vous appelle dans la journ\u00e9e.<\/p>\n<p>Visite \u00e0 votre domicile le jour m\u00eame : notre expert Yverdon-les-Bainsnois se d\u00e9place \u00e0 votre domicile le jour m\u00eame pour estimer le co\u00fbt de vos travaux et v\u00e9rifier la viabilit\u00e9 de votre projet. Ensuite, vous recevez une \u00e9valuation d\u00e9taill\u00e9e.<\/p>\n<p>Mise en place de votre syst\u00e8me de chauffage dans un d\u00e9lai de 24 \u00e0 48 heures : une fois que vous avez valid\u00e9 le devis avec notre expert \u00e0 Yverdon-les-Bains. Nous d\u00e9terminerons le jour de notre intervention ensemble.<\/p>\n<p>Assistance technique et de maintenance : si une panne survient chaudi\u00e8re, chauffe-eau ou syst\u00e8me de chauffage. Notre entreprise peut intervenir \u00e0 Yverdon-les-Bains et ses environs.<\/p>\n<h2>Pourquoi est-il important d&rsquo;entretenir votre syst\u00e8me de chauffage ?<\/h2>\n<p>Avoir un syst\u00e8me de chauffage qui fonctionne est essentiel, si vous avez de jeunes enfants. Nos techniciens vous aident \u00e0 param\u00e9trer la bonne temp\u00e9rature et la concentration de monoxyde de carbone engendr\u00e9 par votre \u00e9quipement de chauffage. Nos chauffagistes s&rsquo;occupent de l&rsquo;entretien de votre chauffage, peu importe le mod\u00e8le : \u00e0 accumulation, basse temp\u00e9rature, fioul, condensation, \u00e9lectrique ou \u00e0 gaz.<\/p>\n<h2>Votre entreprise propose-t-elle une aide t\u00e9l\u00e9phonique ?<\/h2>\n<p>Oui, l&rsquo;entreprise Artisanlocal peut vous guider \u00e0 distance. En nous d\u00e9crivant votre probl\u00e9matique par mail ou t\u00e9l\u00e9phone, nous trouverons la meilleure solution pour r\u00e9soudre votre probl\u00e8me de chauffage. Il faut garder \u00e0 l&rsquo;esprit que dans la majorit\u00e9 des situations, un chauffagiste doit intervenir chez vous pour d\u00e9celer et corriger votre probl\u00e8me de chauffage.<\/p>\n<h2>De quelle mani\u00e8re fonctionne Artisanlocal ?<\/h2>\n<ol>\n<li>Prise de contact : il est indispensable que vous preniez contact avec nous par e-mail ou par t\u00e9l\u00e9phone.<\/li>\n<li>D\u00e9placement : un de nos chauffagistes se d\u00e9place \u00e0 votre domicile.<\/li>\n<li>\u00c9valuation : on examinera l&rsquo;\u00e9quipement actuel, la superficie, l&rsquo;isolation et le volume de vos pi\u00e8ces pour estimer et d\u00e9terminer la solution id\u00e9ale.<\/li>\n<li>Indication : une proposition vous sera propos\u00e9e en fonction de vos moyens et de vos demandes.<\/li>\n<li>Devis : vous recevez une estimation d\u00e9taill\u00e9e, vous pr\u00e9sentant les diff\u00e9rentes d\u00e9penses.<\/li>\n<li>Mise en place : apr\u00e8s avoir accept\u00e9 notre devis, nous effectuons l&rsquo;installation de votre \u00e9quipe de chauffage et param\u00e9trons le thermostat par rapport \u00e0 vos besoins.<\/li>\n<\/ol>\n<h2>Quels sont les chauffages les plus performants pour votre habitation ?<\/h2>\n<p>Notre technicien chauffagiste vous oriente pour s\u00e9lectionner la meilleure option, il vous donne des conseils sur mesure, parmi les chauffages : \u00e0 gaz, \u00e9lectriques, fioul, classiques, condensation ou basses temp\u00e9ratures.<\/p>\n<p>Les syst\u00e8mes de chauffages \u00e0 condensation ou \u00e0 basse temp\u00e9rature, malgr\u00e9 un prix d&rsquo;achat plus important, ils offrent la capacit\u00e9 de faire des \u00e9conomies \u00e0 long terme.<\/p>\n<p>De plus, avant de poser votre chauffage, il convient de param\u00e9trer la bonne temp\u00e9rature selon votre habitation et vos d\u00e9sirs. Le chauffagiste qui intervient chez vous est un professionnel avec une grande exp\u00e9rience. Vous retrouverez dans notre devis les \u00e9l\u00e9ments de notre intervention.<\/p>\n<h2>Maintenance de votre chauffage \u00e0 Yverdon-les-Bains<\/h2>\n<p>Veillez \u00e0 r\u00e9aliser l&rsquo;entretien de votre chauffage chaque ann\u00e9e, qu&rsquo;il soit au gaz ou au fioul. Avoir recours \u00e0 un chauffagiste pour l&rsquo;entretien de votre chauffage permet de contr\u00f4ler les taux de monoxyde de carbone. \u00c0 noter, si votre chauffage produit trop de monoxyde de carbone, il est probable d&rsquo;intoxiquer les membres de votre foyer. Lors de notre intervention, l&rsquo;expert r\u00e8gle et v\u00e9rifie les taux de monoxyde de carbone de votre syst\u00e8me de chauffage pour vous emp\u00eacher d&rsquo;avoir de graves probl\u00e8mes de sant\u00e9.<\/p>\n<h2>Contrat de r\u00e9vision pour votre chauffage \u00e0 Yverdon-les-Bains<\/h2>\n<p>Pour assurer le fonctionnement optimal de votre chauffage, nous proposons des contrats d&rsquo;entretien. En faisant un entretien r\u00e9gulier, vous r\u00e9alisez des \u00e9conomies sur le long terme.<\/p>\n<p>Par ailleurs, si vous avez un d\u00e9g\u00e2t ou un sinistre, votre assureur vous demande le contrat d&rsquo;entretien afin de v\u00e9rifier l&rsquo;\u00e9tat de votre chauffage en amont l&rsquo;accident. Vous pouvez signer avec notre entreprise un contrat d&rsquo;assistance pluriannuel ou annuel.<\/p>\n<h2>Quels sont les b\u00e9n\u00e9fices de souscrire \u00e0 un contrat d\u2019entretien pour votre chauffage ?<\/h2>\n<p>Si vous avez une pi\u00e8ce qui est en panne, nous la changeons en priorit\u00e9, nous prenons l&rsquo;engagement de contr\u00f4ler tout votre syst\u00e8me de chauffage, comme :<\/p>\n<ul>\n<li>Les niveaux de pression dans vos tuyaux,<\/li>\n<li>et r\u00e9alisons-le lavage de votre br\u00fbleur, des conduits de liaison et des \u00e9l\u00e9ments chauffants.<\/li>\n<\/ul>\n<h2>Quelles sont les diff\u00e9rentes prestations propos\u00e9es par votre soci\u00e9t\u00e9 ?<\/h2>\n<p>Nos techniciens op\u00e8rent dans votre domicile, pour :<\/p>\n<ul>\n<li>le d\u00e9tartrage et le d\u00e9sembouage de radiateur,<\/li>\n<li>la purge d&rsquo;air,<\/li>\n<li>la maintenance des chauffe-eau et des chaudi\u00e8res,<\/li>\n<li>l&rsquo;ajustement des thermostats,<\/li>\n<li>la maintenance des chaudi\u00e8res \u00e0 condensation, \u00e0 gaz, basses temp\u00e9ratures, \u00e0 fioul, \u00e0 accumulation et \u00e9lectriques,<\/li>\n<li>la remise en \u00e9tat de la vanne de vidange,<\/li>\n<li> la r\u00e9paration et le d\u00e9pannage sur tous types de probl\u00e8mes techniques : fuite de canalisation, radiateur qui ne marche plus, chaudi\u00e8re, etc.<\/li>\n<li>la mise en place de votre : chauffage, chaudi\u00e8re, pompe \u00e0 chaleur, radiateur \u00e9lectrique, plancher chauffant, etc.<\/li>\n<\/ul>\n<h2>Foire aux questions<\/h2>\n<h3>Pourquoi embaucher un chauffagiste Yverdon-les-Bainsnois ?<\/h3>\n<p>Augmenter la temp\u00e9rature de votre int\u00e9rieur : un syst\u00e8me de chauffage efficient pr\u00e9serve la temp\u00e9rature int\u00e9rieur de votre foyer.<\/p>\n<p>R\u00e9aliser des \u00e9conomies : en investissant dans des \u00e9quipements de qualit\u00e9 sup\u00e9rieure, exemple le chauffage et l&rsquo;isolation, vous r\u00e9duisez vos \u00e9missions de CO2 et vous r\u00e9alisez des \u00e9conomies.<\/p>\n<p>Garantir la s\u00fbret\u00e9 de votre chauffage : respecter les normes de s\u00e9curit\u00e9 maintient votre chauffage s\u00fbr et efficace (exemple, pour r\u00e9duire les \u00e9missions de monoxyde de carbone).<\/p>\n<p>\u00c9viter les probl\u00e8mes : en inspectant votre chauffage, un de nos techniciens peut anticiper les futurs ennuis.<\/p>\n<h3>Comment choisir le meilleur technicien chauffagiste \u00e0 Yverdon-les-Bains ?<\/h3>\n<p>Les comp\u00e9tences : v\u00e9rifiez les certifications d\u00e9montrant que l\u2019entreprise \u00e0 une exp\u00e9rience dans son domaine.<\/p>\n<p>Les cas clients : il ne faut pas h\u00e9siter \u00e0 regarder les t\u00e9moignages des anciens clients ayant d\u00e9j\u00e0 sollicit\u00e9 la soci\u00e9t\u00e9 de fa\u00e7on \u00e0 vous faire une opinion.<\/p>\n<p>Les assurances : contr\u00f4lez que les techniciens sont assur\u00e9s en cas de d\u00e9g\u00e2ts.<\/p>\n<h3>Quelle est votre vitesse d&rsquo;intervention \u00e0 Yverdon-les-Bains ?<\/h3>\n<p>Nous op\u00e9rons chez vous dans les deux heures (pour les demandes urgentes) autrement, nous pouvons intervenir dans la journ\u00e9e.<\/p>\n<h3>Votre soci\u00e9t\u00e9 est disponible pour op\u00e9rer \u00e0 Yverdon-les-Bains, mais aussi dans les localit\u00e9s aux alentours ?<\/h3>\n<p>Effectivement, nous effectuons nos interventions \u00e0 Yverdon-les-Bains et dans les villes aux alentours, comme : Oppens, Cheseaux-Nor\u00e9az, Cuarny, Villars-Epeney, Pomy, Cronay, Bioley-Magnoux, Donneloye, Gossens, M\u00e9zery-pr\u00e8s-Donneloye, Prahins, Ursins, Valeyres-sous-Ursins, Orzens, D\u00e9moret, Molondin, Epautheyres, Essertines-sur-Yverdon, Belmont-sur-Yverdon, Gressy, Suchy, Ependes VD, Essert-Pittet, Chamblon, Treycovagnes, Susc\u00e9vaz, Mathod, Valeyres-sous-Montagny, Montagny-pr\u00e8s-Yverdon, Champvent, Essert-sous-Champvent, Villars-sous-Champvent, Yvonand, Rovray, Chavannes-le-Ch\u00eane, Ch\u00eane-P\u00e2quier.<\/p>\n","protected":false},"excerpt":{"rendered":"<p>Vous avez besoin d&rsquo;un chauffagiste \u00e0 Yverdon-les-Bains ? Artisanlocal r\u00e9pare votre chaudi\u00e8re et effectue l&rsquo;installation de votre chauffage \u00e0 Yverdon-les-Bains. En travaillant avec notre entreprise, vous b\u00e9n\u00e9ficiez : de prix clair, de prestations de qualit\u00e9 sup\u00e9rieure, d&rsquo;intervention \u00e0 Yverdon-les-Bains et dans les environs, d&rsquo;un personnel qualifi\u00e9 et avec une solide exp\u00e9rience, de devis gratuits, d&rsquo;experts [&hellip;]<\/p>\n","protected":false},"author":4,"featured_media":2757,"parent":0,"menu_order":0,"comment_status":"closed","ping_status":"closed","template":"","meta":{"footnotes":""},"profession":[120],"location":[33],"canton":[113],"class_list":["post-653","page","type-page","status-publish","has-post-thumbnail","hentry","profession-chauffagiste","location-yverdon-les-bains","canton-vd"],"yoast_head":"<!-- This site is optimized with the Yoast SEO Premium plugin v25.7.1 (Yoast SEO v27.4) - https:\/\/yoast.com\/product\/yoast-seo-premium-wordpress\/ -->\n<title>J&#039;ai besoin d&#039;un chauffagiste \u00e0 Yverdon-les-Bains ? - Artisanlocal<\/title>\n<meta name=\"robots\" content=\"index, follow, max-snippet:-1, max-image-preview:large, max-video-preview:-1\" \/>\n<link rel=\"canonical\" href=\"https:\/\/www.artisanlocal.ch\/c\/jai-besoin-dun-chauffagiste-a-yverdon\/\" \/>\n<meta property=\"og:locale\" content=\"fr_FR\" \/>\n<meta property=\"og:type\" content=\"article\" \/>\n<meta property=\"og:title\" content=\"J&#039;ai besoin d&#039;un chauffagiste \u00e0 Yverdon-les-Bains ?\" \/>\n<meta property=\"og:description\" content=\"Vous avez besoin d&rsquo;un chauffagiste \u00e0 Yverdon-les-Bains ? Artisanlocal r\u00e9pare votre chaudi\u00e8re et effectue l&rsquo;installation de votre chauffage \u00e0 Yverdon-les-Bains. En travaillant avec notre entreprise, vous b\u00e9n\u00e9ficiez : de prix clair, de prestations de qualit\u00e9 sup\u00e9rieure, d&rsquo;intervention \u00e0 Yverdon-les-Bains et dans les environs, d&rsquo;un personnel qualifi\u00e9 et avec une solide exp\u00e9rience, de devis gratuits, d&rsquo;experts [&hellip;]\" \/>\n<meta property=\"og:url\" content=\"https:\/\/www.artisanlocal.ch\/c\/jai-besoin-dun-chauffagiste-a-yverdon\/\" \/>\n<meta property=\"og:site_name\" content=\"Artisanlocal\" \/>\n<meta property=\"article:modified_time\" content=\"2025-08-26T23:32:29+00:00\" \/>\n<meta property=\"og:image\" content=\"https:\/\/www.artisanlocal.ch\/c\/wp-content\/uploads\/2024\/10\/chauffagiste.jpg\" \/>\n\t<meta property=\"og:image:width\" content=\"1920\" \/>\n\t<meta property=\"og:image:height\" content=\"300\" \/>\n\t<meta property=\"og:image:type\" content=\"image\/jpeg\" \/>\n<meta name=\"twitter:card\" content=\"summary_large_image\" \/>\n<meta name=\"twitter:label1\" content=\"Dur\u00e9e de lecture estim\u00e9e\" \/>\n\t<meta name=\"twitter:data1\" content=\"6 minutes\" \/>\n<script type=\"application\/ld+json\" class=\"yoast-schema-graph\">{\"@context\":\"https:\\\/\\\/schema.org\",\"@graph\":[{\"@type\":\"WebPage\",\"@id\":\"https:\\\/\\\/www.artisanlocal.ch\\\/c\\\/jai-besoin-dun-chauffagiste-a-yverdon\\\/\",\"url\":\"https:\\\/\\\/www.artisanlocal.ch\\\/c\\\/jai-besoin-dun-chauffagiste-a-yverdon\\\/\",\"name\":\"J'ai besoin d'un chauffagiste \u00e0 Yverdon-les-Bains ? - Artisanlocal\",\"isPartOf\":{\"@id\":\"https:\\\/\\\/www.artisanlocal.ch\\\/c\\\/#website\"},\"primaryImageOfPage\":{\"@id\":\"https:\\\/\\\/www.artisanlocal.ch\\\/c\\\/jai-besoin-dun-chauffagiste-a-yverdon\\\/#primaryimage\"},\"image\":{\"@id\":\"https:\\\/\\\/www.artisanlocal.ch\\\/c\\\/jai-besoin-dun-chauffagiste-a-yverdon\\\/#primaryimage\"},\"thumbnailUrl\":\"https:\\\/\\\/www.artisanlocal.ch\\\/c\\\/wp-content\\\/uploads\\\/2024\\\/10\\\/chauffagiste.jpg\",\"datePublished\":\"2024-04-18T14:18:52+00:00\",\"dateModified\":\"2025-08-26T23:32:29+00:00\",\"breadcrumb\":{\"@id\":\"https:\\\/\\\/www.artisanlocal.ch\\\/c\\\/jai-besoin-dun-chauffagiste-a-yverdon\\\/#breadcrumb\"},\"inLanguage\":\"fr-FR\",\"potentialAction\":[{\"@type\":\"ReadAction\",\"target\":[\"https:\\\/\\\/www.artisanlocal.ch\\\/c\\\/jai-besoin-dun-chauffagiste-a-yverdon\\\/\"]}]},{\"@type\":\"ImageObject\",\"inLanguage\":\"fr-FR\",\"@id\":\"https:\\\/\\\/www.artisanlocal.ch\\\/c\\\/jai-besoin-dun-chauffagiste-a-yverdon\\\/#primaryimage\",\"url\":\"https:\\\/\\\/www.artisanlocal.ch\\\/c\\\/wp-content\\\/uploads\\\/2024\\\/10\\\/chauffagiste.jpg\",\"contentUrl\":\"https:\\\/\\\/www.artisanlocal.ch\\\/c\\\/wp-content\\\/uploads\\\/2024\\\/10\\\/chauffagiste.jpg\",\"width\":1920,\"height\":300},{\"@type\":\"BreadcrumbList\",\"@id\":\"https:\\\/\\\/www.artisanlocal.ch\\\/c\\\/jai-besoin-dun-chauffagiste-a-yverdon\\\/#breadcrumb\",\"itemListElement\":[{\"@type\":\"ListItem\",\"position\":1,\"name\":\"Accueil\",\"item\":\"https:\\\/\\\/www.artisanlocal.ch\\\/c\\\/\"},{\"@type\":\"ListItem\",\"position\":2,\"name\":\"J&rsquo;ai besoin d&rsquo;un chauffagiste \u00e0 Yverdon ?\"}]},{\"@type\":\"WebSite\",\"@id\":\"https:\\\/\\\/www.artisanlocal.ch\\\/c\\\/#website\",\"url\":\"https:\\\/\\\/www.artisanlocal.ch\\\/c\\\/\",\"name\":\"Artisanlocal\",\"description\":\"\",\"publisher\":{\"@id\":\"https:\\\/\\\/www.artisanlocal.ch\\\/c\\\/#organization\"},\"potentialAction\":[{\"@type\":\"SearchAction\",\"target\":{\"@type\":\"EntryPoint\",\"urlTemplate\":\"https:\\\/\\\/www.artisanlocal.ch\\\/c\\\/?s={search_term_string}\"},\"query-input\":{\"@type\":\"PropertyValueSpecification\",\"valueRequired\":true,\"valueName\":\"search_term_string\"}}],\"inLanguage\":\"fr-FR\"},{\"@type\":\"Organization\",\"@id\":\"https:\\\/\\\/www.artisanlocal.ch\\\/c\\\/#organization\",\"name\":\"Artisanlocal\",\"url\":\"https:\\\/\\\/www.artisanlocal.ch\\\/c\\\/\",\"logo\":{\"@type\":\"ImageObject\",\"inLanguage\":\"fr-FR\",\"@id\":\"https:\\\/\\\/www.artisanlocal.ch\\\/c\\\/#\\\/schema\\\/logo\\\/image\\\/\",\"url\":\"https:\\\/\\\/www.artisanlocal.ch\\\/c\\\/wp-content\\\/uploads\\\/2024\\\/02\\\/logo-artisanlocal-h.svg\",\"contentUrl\":\"https:\\\/\\\/www.artisanlocal.ch\\\/c\\\/wp-content\\\/uploads\\\/2024\\\/02\\\/logo-artisanlocal-h.svg\",\"caption\":\"Artisanlocal\"},\"image\":{\"@id\":\"https:\\\/\\\/www.artisanlocal.ch\\\/c\\\/#\\\/schema\\\/logo\\\/image\\\/\"}}]}<\/script>\n<!-- \/ Yoast SEO Premium plugin. -->","yoast_head_json":{"title":"J'ai besoin d'un chauffagiste \u00e0 Yverdon-les-Bains ? - Artisanlocal","robots":{"index":"index","follow":"follow","max-snippet":"max-snippet:-1","max-image-preview":"max-image-preview:large","max-video-preview":"max-video-preview:-1"},"canonical":"https:\/\/www.artisanlocal.ch\/c\/jai-besoin-dun-chauffagiste-a-yverdon\/","og_locale":"fr_FR","og_type":"article","og_title":"J'ai besoin d'un chauffagiste \u00e0 Yverdon-les-Bains ?","og_description":"Vous avez besoin d&rsquo;un chauffagiste \u00e0 Yverdon-les-Bains ? Artisanlocal r\u00e9pare votre chaudi\u00e8re et effectue l&rsquo;installation de votre chauffage \u00e0 Yverdon-les-Bains. En travaillant avec notre entreprise, vous b\u00e9n\u00e9ficiez : de prix clair, de prestations de qualit\u00e9 sup\u00e9rieure, d&rsquo;intervention \u00e0 Yverdon-les-Bains et dans les environs, d&rsquo;un personnel qualifi\u00e9 et avec une solide exp\u00e9rience, de devis gratuits, d&rsquo;experts [&hellip;]","og_url":"https:\/\/www.artisanlocal.ch\/c\/jai-besoin-dun-chauffagiste-a-yverdon\/","og_site_name":"Artisanlocal","article_modified_time":"2025-08-26T23:32:29+00:00","og_image":[{"width":1920,"height":300,"url":"https:\/\/www.artisanlocal.ch\/c\/wp-content\/uploads\/2024\/10\/chauffagiste.jpg","type":"image\/jpeg"}],"twitter_card":"summary_large_image","twitter_misc":{"Dur\u00e9e de lecture estim\u00e9e":"6 minutes"},"schema":{"@context":"https:\/\/schema.org","@graph":[{"@type":"WebPage","@id":"https:\/\/www.artisanlocal.ch\/c\/jai-besoin-dun-chauffagiste-a-yverdon\/","url":"https:\/\/www.artisanlocal.ch\/c\/jai-besoin-dun-chauffagiste-a-yverdon\/","name":"J'ai besoin d'un chauffagiste \u00e0 Yverdon-les-Bains ? - Artisanlocal","isPartOf":{"@id":"https:\/\/www.artisanlocal.ch\/c\/#website"},"primaryImageOfPage":{"@id":"https:\/\/www.artisanlocal.ch\/c\/jai-besoin-dun-chauffagiste-a-yverdon\/#primaryimage"},"image":{"@id":"https:\/\/www.artisanlocal.ch\/c\/jai-besoin-dun-chauffagiste-a-yverdon\/#primaryimage"},"thumbnailUrl":"https:\/\/www.artisanlocal.ch\/c\/wp-content\/uploads\/2024\/10\/chauffagiste.jpg","datePublished":"2024-04-18T14:18:52+00:00","dateModified":"2025-08-26T23:32:29+00:00","breadcrumb":{"@id":"https:\/\/www.artisanlocal.ch\/c\/jai-besoin-dun-chauffagiste-a-yverdon\/#breadcrumb"},"inLanguage":"fr-FR","potentialAction":[{"@type":"ReadAction","target":["https:\/\/www.artisanlocal.ch\/c\/jai-besoin-dun-chauffagiste-a-yverdon\/"]}]},{"@type":"ImageObject","inLanguage":"fr-FR","@id":"https:\/\/www.artisanlocal.ch\/c\/jai-besoin-dun-chauffagiste-a-yverdon\/#primaryimage","url":"https:\/\/www.artisanlocal.ch\/c\/wp-content\/uploads\/2024\/10\/chauffagiste.jpg","contentUrl":"https:\/\/www.artisanlocal.ch\/c\/wp-content\/uploads\/2024\/10\/chauffagiste.jpg","width":1920,"height":300},{"@type":"BreadcrumbList","@id":"https:\/\/www.artisanlocal.ch\/c\/jai-besoin-dun-chauffagiste-a-yverdon\/#breadcrumb","itemListElement":[{"@type":"ListItem","position":1,"name":"Accueil","item":"https:\/\/www.artisanlocal.ch\/c\/"},{"@type":"ListItem","position":2,"name":"J&rsquo;ai besoin d&rsquo;un chauffagiste \u00e0 Yverdon ?"}]},{"@type":"WebSite","@id":"https:\/\/www.artisanlocal.ch\/c\/#website","url":"https:\/\/www.artisanlocal.ch\/c\/","name":"Artisanlocal","description":"","publisher":{"@id":"https:\/\/www.artisanlocal.ch\/c\/#organization"},"potentialAction":[{"@type":"SearchAction","target":{"@type":"EntryPoint","urlTemplate":"https:\/\/www.artisanlocal.ch\/c\/?s={search_term_string}"},"query-input":{"@type":"PropertyValueSpecification","valueRequired":true,"valueName":"search_term_string"}}],"inLanguage":"fr-FR"},{"@type":"Organization","@id":"https:\/\/www.artisanlocal.ch\/c\/#organization","name":"Artisanlocal","url":"https:\/\/www.artisanlocal.ch\/c\/","logo":{"@type":"ImageObject","inLanguage":"fr-FR","@id":"https:\/\/www.artisanlocal.ch\/c\/#\/schema\/logo\/image\/","url":"https:\/\/www.artisanlocal.ch\/c\/wp-content\/uploads\/2024\/02\/logo-artisanlocal-h.svg","contentUrl":"https:\/\/www.artisanlocal.ch\/c\/wp-content\/uploads\/2024\/02\/logo-artisanlocal-h.svg","caption":"Artisanlocal"},"image":{"@id":"https:\/\/www.artisanlocal.ch\/c\/#\/schema\/logo\/image\/"}}]}},"_links":{"self":[{"href":"https:\/\/www.artisanlocal.ch\/c\/wp-json\/wp\/v2\/pages\/653","targetHints":{"allow":["GET"]}}],"collection":[{"href":"https:\/\/www.artisanlocal.ch\/c\/wp-json\/wp\/v2\/pages"}],"about":[{"href":"https:\/\/www.artisanlocal.ch\/c\/wp-json\/wp\/v2\/types\/page"}],"author":[{"embeddable":true,"href":"https:\/\/www.artisanlocal.ch\/c\/wp-json\/wp\/v2\/users\/4"}],"replies":[{"embeddable":true,"href":"https:\/\/www.artisanlocal.ch\/c\/wp-json\/wp\/v2\/comments?post=653"}],"version-history":[{"count":0,"href":"https:\/\/www.artisanlocal.ch\/c\/wp-json\/wp\/v2\/pages\/653\/revisions"}],"wp:featuredmedia":[{"embeddable":true,"href":"https:\/\/www.artisanlocal.ch\/c\/wp-json\/wp\/v2\/media\/2757"}],"wp:attachment":[{"href":"https:\/\/www.artisanlocal.ch\/c\/wp-json\/wp\/v2\/media?parent=653"}],"wp:term":[{"taxonomy":"profession","embeddable":true,"href":"https:\/\/www.artisanlocal.ch\/c\/wp-json\/wp\/v2\/profession?post=653"},{"taxonomy":"location","embeddable":true,"href":"https:\/\/www.artisanlocal.ch\/c\/wp-json\/wp\/v2\/location?post=653"},{"taxonomy":"canton","embeddable":true,"href":"https:\/\/www.artisanlocal.ch\/c\/wp-json\/wp\/v2\/canton?post=653"}],"curies":[{"name":"wp","href":"https:\/\/api.w.org\/{rel}","templated":true}]}}